{"id":996753,"date":"2025-03-18T12:40:09","date_gmt":"2025-03-18T10:40:09","guid":{"rendered":"https:\/\/dolores.ee\/?post_type=product&#038;p=996753"},"modified":"2025-07-01T10:58:42","modified_gmt":"2025-07-01T07:58:42","slug":"anna-lotan-clear-capparis-gel-deep-pore-cleanser-15-ml","status":"publish","type":"product","link":"https:\/\/dolores.ee\/en\/product\/anna-lotan-clear-capparis-gel-deep-pore-cleanser-15-ml\/","title":{"rendered":"Anna Lotan Clear Capparis Gel Deep Pore Cleanser 15 ml"},"content":{"rendered":"<div class=\"vgblk-rw-wrapper limit-wrapper\">Ideal for unclogging clogged pores of oily skin, this formula effectively dissolves sebum residues.<\/p>\n<p>Oil-soluble CO\u2082 extracts of caper buds, hops, myrrh and frankincense, known for their excellent cleansing properties, enhance the antimicrobial effect.<\/p>\n<p>Use: A small amount of the product is sufficient when massaged locally in circular motions on each unclean area. The circular massage is performed without lifting your finger from the skin. The product dissolves dried sebum residues in the pores. Finally, rinse with lukewarm water and gently dry.<\/p>\n<p>Ingredients: Caprylic\/Capric Triglyceride, Vinifera Seed Oil, Glycerin, Polyglycery-5 Oleate, Tapioca Starch,<br \/>\nAqua (Water), Simmondsia Chinensis (Jojoba) Seed Oil, Maris Aqua (Sea Water), Cera Alba (Beeswax). Capparis Spinosa Fruit Extract, Glyceryl Dibehenate, Honey, Tribehenin, Glyceryl Behenate, Propolis Extr\u00e1ct, Boswellia Serrata Extract, Silica, Commiphora, Myrrha (Myrrh) Resin Extract, H\u00e9lianthus Annuus (Sunflower), Seed Oil, Tocopherol, Phenethy<br \/>\nAlcohol, Beta-S\u00edtosterol, Humulus Lupulus (Hops) Extract, Squalene, Caramel, Oct\u00fdldodecyl Myristate, Quercus Infectoria G\u00e1ll Extract.<\/p><\/div>\n<p><!-- .vgblk-rw-wrapper --><\/p>\n","protected":false},"excerpt":{"rendered":"<p>Anna Lotan Clear Capparis Gel Deep Pore Cleanser 15 ml<\/p>\n","protected":false},"featured_media":996755,"comment_status":"closed","ping_status":"closed","template":"","meta":[],"product_brand":[],"product_cat":[29,36,323,40,68,60],"product_tag":[],"giftcard-category":[],"class_list":{"0":"post-996753","1":"product","2":"type-product","3":"status-publish","4":"has-post-thumbnail","6":"product_cat-anna-lotan","7":"product_cat-cleansing","8":"product_cat-clear","9":"product_cat-exfoliators-peeling","10":"product_cat-face-care","11":"product_cat-new-arrival","13":"first","14":"instock","15":"taxable","16":"shipping-taxable","17":"purchasable","18":"product-type-simple"},"yoast_head":"<!-- This site is optimized with the Yoast SEO Premium plugin v25.1 (Yoast SEO v25.7) - https:\/\/yoast.com\/wordpress\/plugins\/seo\/ -->\n<title>Anna Lotan Clear Capparis Gel Deep Pore Cleanser 15 ml ~ Dolores<\/title>\n<meta name=\"robots\" content=\"index, follow, max-snippet:-1, max-image-preview:large, max-video-preview:-1\" \/>\n<link rel=\"canonical\" href=\"https:\/\/dolores.ee\/en\/product\/anna-lotan-clear-capparis-gel-deep-pore-cleanser-15-ml\/\" \/>\n<meta property=\"og:locale\" content=\"en_US\" \/>\n<meta property=\"og:type\" content=\"article\" \/>\n<meta property=\"og:title\" content=\"Anna Lotan Clear Capparis Gel Deep Pore Cleanser 15 ml\" \/>\n<meta property=\"og:description\" content=\"Anna Lotan Clear Capparis Gel Deep Pore Cleanser 15 ml\" \/>\n<meta property=\"og:url\" content=\"https:\/\/dolores.ee\/en\/product\/anna-lotan-clear-capparis-gel-deep-pore-cleanser-15-ml\/\" \/>\n<meta property=\"og:site_name\" content=\"Dolores\" \/>\n<meta property=\"article:publisher\" content=\"https:\/\/www.facebook.com\/doloresepood\/\" \/>\n<meta property=\"article:modified_time\" content=\"2025-07-01T07:58:42+00:00\" \/>\n<meta property=\"og:image\" content=\"https:\/\/dolores.ee\/wp-content\/uploads\/2025\/03\/al10501-15.jpg\" \/>\n\t<meta property=\"og:image:width\" content=\"600\" \/>\n\t<meta property=\"og:image:height\" content=\"600\" \/>\n\t<meta property=\"og:image:type\" content=\"image\/jpeg\" \/>\n<meta name=\"twitter:card\" content=\"summary_large_image\" \/>\n<meta name=\"twitter:label1\" content=\"Est. reading time\" \/>\n\t<meta name=\"twitter:data1\" content=\"1 minute\" \/>\n<script type=\"application\/ld+json\" class=\"yoast-schema-graph\">{\"@context\":\"https:\/\/schema.org\",\"@graph\":[{\"@type\":\"WebPage\",\"@id\":\"https:\/\/dolores.ee\/en\/product\/anna-lotan-clear-capparis-gel-deep-pore-cleanser-15-ml\/\",\"url\":\"https:\/\/dolores.ee\/en\/product\/anna-lotan-clear-capparis-gel-deep-pore-cleanser-15-ml\/\",\"name\":\"Anna Lotan Clear Capparis Gel Deep Pore Cleanser 15 ml ~ Dolores\",\"isPartOf\":{\"@id\":\"https:\/\/dolores.ee\/en\/#website\"},\"primaryImageOfPage\":{\"@id\":\"https:\/\/dolores.ee\/en\/product\/anna-lotan-clear-capparis-gel-deep-pore-cleanser-15-ml\/#primaryimage\"},\"image\":{\"@id\":\"https:\/\/dolores.ee\/en\/product\/anna-lotan-clear-capparis-gel-deep-pore-cleanser-15-ml\/#primaryimage\"},\"thumbnailUrl\":\"https:\/\/dolores.ee\/wp-content\/uploads\/2025\/03\/al10501-15.jpg\",\"datePublished\":\"2025-03-18T10:40:09+00:00\",\"dateModified\":\"2025-07-01T07:58:42+00:00\",\"breadcrumb\":{\"@id\":\"https:\/\/dolores.ee\/en\/product\/anna-lotan-clear-capparis-gel-deep-pore-cleanser-15-ml\/#breadcrumb\"},\"inLanguage\":\"en-US\",\"potentialAction\":[{\"@type\":\"ReadAction\",\"target\":[\"https:\/\/dolores.ee\/en\/product\/anna-lotan-clear-capparis-gel-deep-pore-cleanser-15-ml\/\"]}]},{\"@type\":\"ImageObject\",\"inLanguage\":\"en-US\",\"@id\":\"https:\/\/dolores.ee\/en\/product\/anna-lotan-clear-capparis-gel-deep-pore-cleanser-15-ml\/#primaryimage\",\"url\":\"https:\/\/dolores.ee\/wp-content\/uploads\/2025\/03\/al10501-15.jpg\",\"contentUrl\":\"https:\/\/dolores.ee\/wp-content\/uploads\/2025\/03\/al10501-15.jpg\",\"width\":600,\"height\":600},{\"@type\":\"BreadcrumbList\",\"@id\":\"https:\/\/dolores.ee\/en\/product\/anna-lotan-clear-capparis-gel-deep-pore-cleanser-15-ml\/#breadcrumb\",\"itemListElement\":[{\"@type\":\"ListItem\",\"position\":1,\"name\":\"Home\",\"item\":\"https:\/\/dolores.ee\/en\/\"},{\"@type\":\"ListItem\",\"position\":2,\"name\":\"Shop\",\"item\":\"https:\/\/dolores.ee\/en\/shop\/\"},{\"@type\":\"ListItem\",\"position\":3,\"name\":\"Anna Lotan Clear Capparis Gel Deep Pore Cleanser 15 ml\"}]},{\"@type\":\"WebSite\",\"@id\":\"https:\/\/dolores.ee\/en\/#website\",\"url\":\"https:\/\/dolores.ee\/en\/\",\"name\":\"Dolores e-pood\",\"description\":\"Beauty Shop\",\"publisher\":{\"@id\":\"https:\/\/dolores.ee\/en\/#organization\"},\"alternateName\":\"Dolores\",\"potentialAction\":[{\"@type\":\"SearchAction\",\"target\":{\"@type\":\"EntryPoint\",\"urlTemplate\":\"https:\/\/dolores.ee\/en\/?s={search_term_string}\"},\"query-input\":{\"@type\":\"PropertyValueSpecification\",\"valueRequired\":true,\"valueName\":\"search_term_string\"}}],\"inLanguage\":\"en-US\"},{\"@type\":\"Organization\",\"@id\":\"https:\/\/dolores.ee\/en\/#organization\",\"name\":\"Dolores O\u00dc\",\"alternateName\":\"Dolores e-pood\",\"url\":\"https:\/\/dolores.ee\/en\/\",\"logo\":{\"@type\":\"ImageObject\",\"inLanguage\":\"en-US\",\"@id\":\"https:\/\/dolores.ee\/en\/#\/schema\/logo\/image\/\",\"url\":\"https:\/\/dolores.ee\/wp-content\/uploads\/2025\/04\/logo-1.jpg\",\"contentUrl\":\"https:\/\/dolores.ee\/wp-content\/uploads\/2025\/04\/logo-1.jpg\",\"width\":1951,\"height\":660,\"caption\":\"Dolores O\u00dc\"},\"image\":{\"@id\":\"https:\/\/dolores.ee\/en\/#\/schema\/logo\/image\/\"},\"sameAs\":[\"https:\/\/www.facebook.com\/doloresepood\/\"],\"description\":\"Dolores.ee on kaasaegne veebipood, kust leiad tuntud kaubam\u00e4rkide \u2013 GIGI, Anna Lotan, Hikari, Hlavin \u2013 originaalkosmeetikat. Pakume kvaliteetseid hooldustooteid taskukohaste hindadega ja kiire kohaletoimetamisega \u00fcle Eesti. Nahahooldus pole kunagi olnud nii lihtne ja soodne!\",\"email\":\"dolores@dolores.ee\",\"telephone\":\"372 644 2440\",\"legalName\":\"Dolores O\u00dc\",\"foundingDate\":\"1998-02-09\",\"vatID\":\"EE100050280\",\"numberOfEmployees\":{\"@type\":\"QuantitativeValue\",\"minValue\":\"11\",\"maxValue\":\"50\"}}]}<\/script>\n<!-- \/ Yoast SEO Premium plugin. -->","yoast_head_json":{"title":"Anna Lotan Clear Capparis Gel Deep Pore Cleanser 15 ml ~ Dolores","robots":{"index":"index","follow":"follow","max-snippet":"max-snippet:-1","max-image-preview":"max-image-preview:large","max-video-preview":"max-video-preview:-1"},"canonical":"https:\/\/dolores.ee\/en\/product\/anna-lotan-clear-capparis-gel-deep-pore-cleanser-15-ml\/","og_locale":"en_US","og_type":"article","og_title":"Anna Lotan Clear Capparis Gel Deep Pore Cleanser 15 ml","og_description":"Anna Lotan Clear Capparis Gel Deep Pore Cleanser 15 ml","og_url":"https:\/\/dolores.ee\/en\/product\/anna-lotan-clear-capparis-gel-deep-pore-cleanser-15-ml\/","og_site_name":"Dolores","article_publisher":"https:\/\/www.facebook.com\/doloresepood\/","article_modified_time":"2025-07-01T07:58:42+00:00","og_image":[{"width":600,"height":600,"url":"https:\/\/dolores.ee\/wp-content\/uploads\/2025\/03\/al10501-15.jpg","type":"image\/jpeg"}],"twitter_card":"summary_large_image","twitter_misc":{"Est. reading time":"1 minute"},"schema":{"@context":"https:\/\/schema.org","@graph":[{"@type":"WebPage","@id":"https:\/\/dolores.ee\/en\/product\/anna-lotan-clear-capparis-gel-deep-pore-cleanser-15-ml\/","url":"https:\/\/dolores.ee\/en\/product\/anna-lotan-clear-capparis-gel-deep-pore-cleanser-15-ml\/","name":"Anna Lotan Clear Capparis Gel Deep Pore Cleanser 15 ml ~ Dolores","isPartOf":{"@id":"https:\/\/dolores.ee\/en\/#website"},"primaryImageOfPage":{"@id":"https:\/\/dolores.ee\/en\/product\/anna-lotan-clear-capparis-gel-deep-pore-cleanser-15-ml\/#primaryimage"},"image":{"@id":"https:\/\/dolores.ee\/en\/product\/anna-lotan-clear-capparis-gel-deep-pore-cleanser-15-ml\/#primaryimage"},"thumbnailUrl":"https:\/\/dolores.ee\/wp-content\/uploads\/2025\/03\/al10501-15.jpg","datePublished":"2025-03-18T10:40:09+00:00","dateModified":"2025-07-01T07:58:42+00:00","breadcrumb":{"@id":"https:\/\/dolores.ee\/en\/product\/anna-lotan-clear-capparis-gel-deep-pore-cleanser-15-ml\/#breadcrumb"},"inLanguage":"en-US","potentialAction":[{"@type":"ReadAction","target":["https:\/\/dolores.ee\/en\/product\/anna-lotan-clear-capparis-gel-deep-pore-cleanser-15-ml\/"]}]},{"@type":"ImageObject","inLanguage":"en-US","@id":"https:\/\/dolores.ee\/en\/product\/anna-lotan-clear-capparis-gel-deep-pore-cleanser-15-ml\/#primaryimage","url":"https:\/\/dolores.ee\/wp-content\/uploads\/2025\/03\/al10501-15.jpg","contentUrl":"https:\/\/dolores.ee\/wp-content\/uploads\/2025\/03\/al10501-15.jpg","width":600,"height":600},{"@type":"BreadcrumbList","@id":"https:\/\/dolores.ee\/en\/product\/anna-lotan-clear-capparis-gel-deep-pore-cleanser-15-ml\/#breadcrumb","itemListElement":[{"@type":"ListItem","position":1,"name":"Home","item":"https:\/\/dolores.ee\/en\/"},{"@type":"ListItem","position":2,"name":"Shop","item":"https:\/\/dolores.ee\/en\/shop\/"},{"@type":"ListItem","position":3,"name":"Anna Lotan Clear Capparis Gel Deep Pore Cleanser 15 ml"}]},{"@type":"WebSite","@id":"https:\/\/dolores.ee\/en\/#website","url":"https:\/\/dolores.ee\/en\/","name":"Dolores e-pood","description":"Beauty Shop","publisher":{"@id":"https:\/\/dolores.ee\/en\/#organization"},"alternateName":"Dolores","potentialAction":[{"@type":"SearchAction","target":{"@type":"EntryPoint","urlTemplate":"https:\/\/dolores.ee\/en\/?s={search_term_string}"},"query-input":{"@type":"PropertyValueSpecification","valueRequired":true,"valueName":"search_term_string"}}],"inLanguage":"en-US"},{"@type":"Organization","@id":"https:\/\/dolores.ee\/en\/#organization","name":"Dolores O\u00dc","alternateName":"Dolores e-pood","url":"https:\/\/dolores.ee\/en\/","logo":{"@type":"ImageObject","inLanguage":"en-US","@id":"https:\/\/dolores.ee\/en\/#\/schema\/logo\/image\/","url":"https:\/\/dolores.ee\/wp-content\/uploads\/2025\/04\/logo-1.jpg","contentUrl":"https:\/\/dolores.ee\/wp-content\/uploads\/2025\/04\/logo-1.jpg","width":1951,"height":660,"caption":"Dolores O\u00dc"},"image":{"@id":"https:\/\/dolores.ee\/en\/#\/schema\/logo\/image\/"},"sameAs":["https:\/\/www.facebook.com\/doloresepood\/"],"description":"Dolores.ee on kaasaegne veebipood, kust leiad tuntud kaubam\u00e4rkide \u2013 GIGI, Anna Lotan, Hikari, Hlavin \u2013 originaalkosmeetikat. Pakume kvaliteetseid hooldustooteid taskukohaste hindadega ja kiire kohaletoimetamisega \u00fcle Eesti. Nahahooldus pole kunagi olnud nii lihtne ja soodne!","email":"dolores@dolores.ee","telephone":"372 644 2440","legalName":"Dolores O\u00dc","foundingDate":"1998-02-09","vatID":"EE100050280","numberOfEmployees":{"@type":"QuantitativeValue","minValue":"11","maxValue":"50"}}]}},"_links":{"self":[{"href":"https:\/\/dolores.ee\/en\/wp-json\/wp\/v2\/product\/996753","targetHints":{"allow":["GET"]}}],"collection":[{"href":"https:\/\/dolores.ee\/en\/wp-json\/wp\/v2\/product"}],"about":[{"href":"https:\/\/dolores.ee\/en\/wp-json\/wp\/v2\/types\/product"}],"replies":[{"embeddable":true,"href":"https:\/\/dolores.ee\/en\/wp-json\/wp\/v2\/comments?post=996753"}],"version-history":[{"count":1,"href":"https:\/\/dolores.ee\/en\/wp-json\/wp\/v2\/product\/996753\/revisions"}],"predecessor-version":[{"id":996758,"href":"https:\/\/dolores.ee\/en\/wp-json\/wp\/v2\/product\/996753\/revisions\/996758"}],"wp:featuredmedia":[{"embeddable":true,"href":"https:\/\/dolores.ee\/en\/wp-json\/wp\/v2\/media\/996755"}],"wp:attachment":[{"href":"https:\/\/dolores.ee\/en\/wp-json\/wp\/v2\/media?parent=996753"}],"wp:term":[{"taxonomy":"product_brand","embeddable":true,"href":"https:\/\/dolores.ee\/en\/wp-json\/wp\/v2\/product_brand?post=996753"},{"taxonomy":"product_cat","embeddable":true,"href":"https:\/\/dolores.ee\/en\/wp-json\/wp\/v2\/product_cat?post=996753"},{"taxonomy":"product_tag","embeddable":true,"href":"https:\/\/dolores.ee\/en\/wp-json\/wp\/v2\/product_tag?post=996753"},{"taxonomy":"giftcard-category","embeddable":true,"href":"https:\/\/dolores.ee\/en\/wp-json\/wp\/v2\/giftcard-category?post=996753"}],"curies":[{"name":"wp","href":"https:\/\/api.w.org\/{rel}","templated":true}]}}