{"id":988958,"date":"2025-03-03T14:33:29","date_gmt":"2025-03-03T12:33:29","guid":{"rendered":"https:\/\/dolores.ee\/?page_id=988958"},"modified":"2025-03-03T14:34:33","modified_gmt":"2025-03-03T12:34:33","slug":"kupsiste-eeskiri","status":"publish","type":"page","link":"https:\/\/dolores.ee\/lv\/kupsiste-eeskiri\/","title":{"rendered":"K\u00fcpsiste eeskiri"},"content":{"rendered":"\t\t<div data-elementor-type=\"wp-page\" data-elementor-id=\"988958\" class=\"elementor elementor-988958\" data-elementor-post-type=\"page\">\n\t\t\t\t\t\t<section class=\"elementor-section elementor-top-section elementor-element elementor-element-9dcbe2d elementor-section-boxed elementor-section-height-default elementor-section-height-default\" data-id=\"9dcbe2d\" data-element_type=\"section\">\n\t\t\t\t\t\t<div class=\"elementor-container elementor-column-gap-no\">\n\t\t\t\t\t<div class=\"elementor-column elementor-col-100 elementor-top-column elementor-element elementor-element-4000ed37\" data-id=\"4000ed37\" data-element_type=\"column\" data-settings=\"{&quot;motion_fx_motion_fx_scrolling&quot;:&quot;yes&quot;,&quot;motion_fx_translateY_effect&quot;:&quot;yes&quot;,&quot;motion_fx_translateY_speed&quot;:{&quot;unit&quot;:&quot;px&quot;,&quot;size&quot;:2,&quot;sizes&quot;:[]},&quot;motion_fx_devices&quot;:[&quot;desktop&quot;],&quot;motion_fx_translateY_affectedRange&quot;:{&quot;unit&quot;:&quot;%&quot;,&quot;size&quot;:&quot;&quot;,&quot;sizes&quot;:{&quot;start&quot;:0,&quot;end&quot;:100}}}\">\n\t\t\t<div class=\"elementor-widget-wrap elementor-element-populated\">\n\t\t\t\t\t\t<div class=\"elementor-element elementor-element-12317c27 elementor-invisible elementor-widget elementor-widget-text-editor\" data-id=\"12317c27\" data-element_type=\"widget\" data-settings=\"{&quot;_animation&quot;:&quot;fadeInDown&quot;,&quot;_animation_tablet&quot;:&quot;none&quot;,&quot;_animation_delay&quot;:300}\" data-widget_type=\"text-editor.default\">\n\t\t\t\t<div class=\"elementor-widget-container\">\n\t\t\t\t\t\t\t\t\t<h1>K\u00fcpsiste eeskiri <span style=\"color: #ff6a00;\">~<\/span><\/h1>\t\t\t\t\t\t\t\t<\/div>\n\t\t\t\t<\/div>\n\t\t\t\t<div class=\"elementor-element elementor-element-6c515b12 elementor-widget elementor-widget-text-editor\" data-id=\"6c515b12\" data-element_type=\"widget\" data-widget_type=\"text-editor.default\">\n\t\t\t\t<div class=\"elementor-widget-container\">\n\t\t\t\t\t\t\t\t\t<p><strong><br \/>Mis on k\u00fcpsis?<\/strong><\/p><p>Sarnaselt paljudele teistele kasutab ka Dolores \u2019\u2019k\u00fcpsisteks\u2019\u2019 kutsutavaid tekstifaile, mille eesm\u00e4rk on aidata meil lehte arendada ja tagada parim kasutajakogemus. K\u00fcpsis (cookie) on v\u00e4iksemahuline tekstifail, mille veebiserver saadab kasutaja veebilehitsejale, mis seej\u00e4rel salvestatakse kasutaja arvuti k\u00f5vakettale. K\u00fcpsised ise kasutaja seadmest informatsiooni ei loe ega levita seda ka internetiavarustes.<\/p><p><strong>Millised k\u00fcpsiseid\u00a0<\/strong><strong>meie<\/strong>\u00a0<strong>kasuta<\/strong><strong>me<\/strong><strong>?<\/strong><\/p><p>Veebilehed kasutavad k\u00fcpsiseid, et pakkuda kasutajale isikup\u00e4rast kasutuskogemust ja mugavamat lehel navigeerimist. Selle veebilehe k\u00fclastamise tulemusel v\u00f5ib teie veebilehitseja salvestada k\u00fcpsiseid j\u00e4rgmistest kategooriates:<\/p><p><strong>Veebisaidi p\u00f5hieesm\u00e4rkide t\u00e4itmiseks vajalikud k\u00fcpsised<\/strong><\/p><p>Need k\u00fcpsised on h\u00e4davajalikud selleks, et tagada kasutajale ligip\u00e4\u00e4s sellel veebisaidil pakutavatele kliendile suunatud teenustele ja m\u00f5ningate omaduste kasutamiseks, n\u00e4iteks ligip\u00e4\u00e4s turvalistele aladele. Ilma nende k\u00fcpsisteta ei oleks v\u00f5imalikud sellised soovitud teenused nagu makseviisid, turvaline sisselogimine kontole ja teised boonused, mis kaasnevad kliendikonto omamisega. Need k\u00fcpsised on olulised ka selle jaoks, et kliendini j\u00f5uaks asukohap\u00f5hine informatsioon toodetest, tarneinfost jms.<\/p><p><strong>Funktsionaalsuse ja toimivuse k\u00fcpsised<\/strong><\/p><p>Need k\u00fcpsised toetavad meie veebilehe toimivust ja funktsionaalsust, kuid ei ole ilmtingimata lehe toimimiseks h\u00e4davajalikud. Nende k\u00fcpsiste abil tuvastab veebileht kasutaja ning peab (soovi korral) meeles kliendi sisselogimise andmed, v\u00f5imaldab teatud ajaperioodiks talletada ostukorvi lisatud tooted jne.<\/p><p><strong>Anal\u00fc\u00fctika<\/strong><\/p><p>Dolores O\u00dc kasutab laialt levinud Google anal\u00fc\u00fctikatarkvara ja m\u00f5\u00f5dab selle abil veebilehe k\u00fclastatavust ja kaardistab k\u00e4itumismustreid. Saadud andmed aitavad meil paremini m\u00f5ista k\u00fclastajate k\u00e4itumist veebipoes ning annab meile v\u00f5imaluse pakkuda kasutajale parimaid tehnilisi lahendusi. Neid k\u00fcpsiseid kasutatakse vaid statistika kogumise eesm\u00e4rgil ja \u00fcksikk\u00fclastajaid nende abil ei tuvastata.<\/p><p><strong>Kolmandad osapooled \/ reklaam ja sotsiaalmeedia<\/strong><\/p><p>Dolores O\u00dc veebilehel kasutatakse mitmeid usaldusv\u00e4\u00e4rseid kolmandate osapoolte k\u00fcpsiseid. See v\u00f5imaldab kasutajal jagada lehti sotsiaalv\u00f5rgustikes ning kuvada personaliseeritud ja asjakohast reklaami. N\u00f5nda v\u00f5imaldavad need k\u00fcpsiseid kuvada reklaame n\u00e4iteks erinevatel Google\u2019i ja Google\u2019i partnerettev\u00f5tete platvormidel. Nende k\u00fcpsiste kasutamine ei h\u00f5lma isikuandmete k\u00e4sitlemist.\u00a0<\/p><p><strong>Kuidas k\u00fcpsiste kasutamist piirata v\u00f5i kustutada?<\/strong><\/p><p>Enamasti on v\u00f5imalik veebilehtisejat seadistada n\u00f5nda, et k\u00fcpsiste kasutamine piiratakse v\u00f5i l\u00f5petatakse. K\u00f5ik t\u00e4nap\u00e4evased veebilehistejad v\u00f5imaldavad k\u00fcpsistega seonduvate seadete optimeerimist. K\u00fcll aga tasub meeles pidada, et veebisaidi p\u00f5hieesm\u00e4rkide t\u00e4itmiseks vajalike k\u00fcpsiste kasutamise piiramine v\u00f5ib m\u00f5jutada kasutajakogemust ja\/v\u00f5i teenusevalikuid, mida veebipoes pakume. Rohkem informatsiooni k\u00fcpsiste ja nende kasutamise piiramise kohta leiab veebileht\u00a0<a href=\"http:\/\/www.youronlinechoices.com\/\" target=\"_blank\" rel=\"noopener\">www.youronlinechoices.com<\/a>.<\/p>\t\t\t\t\t\t\t\t<\/div>\n\t\t\t\t<\/div>\n\t\t\t\t\t<\/div>\n\t\t<\/div>\n\t\t\t\t\t<\/div>\n\t\t<\/section>\n\t\t\t\t<\/div>\n\t\t","protected":false},"excerpt":{"rendered":"<p>K\u00fcpsiste eeskiri ~ Mis on k\u00fcpsis? Sarnaselt paljudele teistele kasutab ka Dolores \u2019\u2019k\u00fcpsisteks\u2019\u2019 kutsutavaid tekstifaile, mille eesm\u00e4rk on aidata meil lehte arendada ja tagada parim kasutajakogemus. K\u00fcpsis (cookie) on v\u00e4iksemahuline tekstifail, mille veebiserver saadab kasutaja veebilehitsejale, mis seej\u00e4rel salvestatakse kasutaja arvuti k\u00f5vakettale. K\u00fcpsised ise kasutaja seadmest informatsiooni ei loe ega levita seda ka internetiavarustes. Millised&#8230;<\/p>\n","protected":false},"author":3305,"featured_media":0,"parent":0,"menu_order":0,"comment_status":"closed","ping_status":"closed","template":"","meta":{"footnotes":""},"class_list":["post-988958","page","type-page","status-publish","hentry"],"yoast_head":"<!-- This site is optimized with the Yoast SEO Premium plugin v25.1 (Yoast SEO v25.7) - https:\/\/yoast.com\/wordpress\/plugins\/seo\/ -->\n<title>K\u00fcpsiste eeskiri ~ Dolores<\/title>\n<meta name=\"description\" content=\"Populaarsed kosmeetikabr\u00e4ndid GIGI, Anna Lotan, Hikari, Hlavin Eestis. Kiire tarne, soodsad hinnad, ainult originaaltooted. Osta kohe!\" \/>\n<meta name=\"robots\" content=\"index, follow, max-snippet:-1, max-image-preview:large, max-video-preview:-1\" \/>\n<link rel=\"canonical\" href=\"https:\/\/dolores.ee\/lv\/kupsiste-eeskiri\/\" \/>\n<meta property=\"og:locale\" content=\"lv_LV\" \/>\n<meta property=\"og:type\" content=\"article\" \/>\n<meta property=\"og:title\" content=\"K\u00fcpsiste eeskiri - Kosmeetika parimate hindadega Eestis\" \/>\n<meta property=\"og:description\" content=\"Populaarsed kosmeetikabr\u00e4ndid GIGI, Anna Lotan, Hikari, Hlavin Eestis. Kiire tarne, soodsad hinnad, ainult originaaltooted. Osta kohe!\" \/>\n<meta property=\"og:url\" content=\"https:\/\/dolores.ee\/lv\/kupsiste-eeskiri\/\" \/>\n<meta property=\"og:site_name\" content=\"Dolores\" \/>\n<meta property=\"article:publisher\" content=\"https:\/\/www.facebook.com\/doloresepood\/\" \/>\n<meta property=\"article:modified_time\" content=\"2025-03-03T12:34:33+00:00\" \/>\n<meta property=\"og:image\" content=\"https:\/\/dolores.ee\/wp-content\/uploads\/2025\/05\/seo.jpg\" \/>\n\t<meta property=\"og:image:width\" content=\"1200\" \/>\n\t<meta property=\"og:image:height\" content=\"675\" \/>\n\t<meta property=\"og:image:type\" content=\"image\/jpeg\" \/>\n<meta name=\"twitter:card\" content=\"summary_large_image\" \/>\n<meta name=\"twitter:label1\" content=\"Est. reading time\" \/>\n\t<meta name=\"twitter:data1\" content=\"2 minutes\" \/>\n<script type=\"application\/ld+json\" class=\"yoast-schema-graph\">{\"@context\":\"https:\/\/schema.org\",\"@graph\":[{\"@type\":\"WebPage\",\"@id\":\"https:\/\/dolores.ee\/lv\/kupsiste-eeskiri\/\",\"url\":\"https:\/\/dolores.ee\/lv\/kupsiste-eeskiri\/\",\"name\":\"K\u00fcpsiste eeskiri ~ Dolores\",\"isPartOf\":{\"@id\":\"https:\/\/dolores.ee\/lv\/#website\"},\"datePublished\":\"2025-03-03T12:33:29+00:00\",\"dateModified\":\"2025-03-03T12:34:33+00:00\",\"description\":\"Populaarsed kosmeetikabr\u00e4ndid GIGI, Anna Lotan, Hikari, Hlavin Eestis. Kiire tarne, soodsad hinnad, ainult originaaltooted. Osta kohe!\",\"breadcrumb\":{\"@id\":\"https:\/\/dolores.ee\/lv\/kupsiste-eeskiri\/#breadcrumb\"},\"inLanguage\":\"lv-LV\",\"potentialAction\":[{\"@type\":\"ReadAction\",\"target\":[\"https:\/\/dolores.ee\/lv\/kupsiste-eeskiri\/\"]}]},{\"@type\":\"BreadcrumbList\",\"@id\":\"https:\/\/dolores.ee\/lv\/kupsiste-eeskiri\/#breadcrumb\",\"itemListElement\":[{\"@type\":\"ListItem\",\"position\":1,\"name\":\"Home\",\"item\":\"https:\/\/dolores.ee\/lv\/\"},{\"@type\":\"ListItem\",\"position\":2,\"name\":\"K\u00fcpsiste eeskiri\"}]},{\"@type\":\"WebSite\",\"@id\":\"https:\/\/dolores.ee\/lv\/#website\",\"url\":\"https:\/\/dolores.ee\/lv\/\",\"name\":\"Dolores e-pood\",\"description\":\"Beauty Shop\",\"publisher\":{\"@id\":\"https:\/\/dolores.ee\/lv\/#organization\"},\"alternateName\":\"Dolores\",\"potentialAction\":[{\"@type\":\"SearchAction\",\"target\":{\"@type\":\"EntryPoint\",\"urlTemplate\":\"https:\/\/dolores.ee\/lv\/?s={search_term_string}\"},\"query-input\":{\"@type\":\"PropertyValueSpecification\",\"valueRequired\":true,\"valueName\":\"search_term_string\"}}],\"inLanguage\":\"lv-LV\"},{\"@type\":\"Organization\",\"@id\":\"https:\/\/dolores.ee\/lv\/#organization\",\"name\":\"Dolores O\u00dc\",\"alternateName\":\"Dolores e-pood\",\"url\":\"https:\/\/dolores.ee\/lv\/\",\"logo\":{\"@type\":\"ImageObject\",\"inLanguage\":\"lv-LV\",\"@id\":\"https:\/\/dolores.ee\/lv\/#\/schema\/logo\/image\/\",\"url\":\"https:\/\/dolores.ee\/wp-content\/uploads\/2025\/04\/logo-1.jpg\",\"contentUrl\":\"https:\/\/dolores.ee\/wp-content\/uploads\/2025\/04\/logo-1.jpg\",\"width\":1951,\"height\":660,\"caption\":\"Dolores O\u00dc\"},\"image\":{\"@id\":\"https:\/\/dolores.ee\/lv\/#\/schema\/logo\/image\/\"},\"sameAs\":[\"https:\/\/www.facebook.com\/doloresepood\/\"],\"description\":\"Dolores.ee on kaasaegne veebipood, kust leiad tuntud kaubam\u00e4rkide \u2013 GIGI, Anna Lotan, Hikari, Hlavin \u2013 originaalkosmeetikat. Pakume kvaliteetseid hooldustooteid taskukohaste hindadega ja kiire kohaletoimetamisega \u00fcle Eesti. Nahahooldus pole kunagi olnud nii lihtne ja soodne!\",\"email\":\"dolores@dolores.ee\",\"telephone\":\"372 644 2440\",\"legalName\":\"Dolores O\u00dc\",\"foundingDate\":\"1998-02-09\",\"vatID\":\"EE100050280\",\"numberOfEmployees\":{\"@type\":\"QuantitativeValue\",\"minValue\":\"11\",\"maxValue\":\"50\"}}]}<\/script>\n<!-- \/ Yoast SEO Premium plugin. -->","yoast_head_json":{"title":"K\u00fcpsiste eeskiri ~ Dolores","description":"Populaarsed kosmeetikabr\u00e4ndid GIGI, Anna Lotan, Hikari, Hlavin Eestis. Kiire tarne, soodsad hinnad, ainult originaaltooted. Osta kohe!","robots":{"index":"index","follow":"follow","max-snippet":"max-snippet:-1","max-image-preview":"max-image-preview:large","max-video-preview":"max-video-preview:-1"},"canonical":"https:\/\/dolores.ee\/lv\/kupsiste-eeskiri\/","og_locale":"lv_LV","og_type":"article","og_title":"K\u00fcpsiste eeskiri - Kosmeetika parimate hindadega Eestis","og_description":"Populaarsed kosmeetikabr\u00e4ndid GIGI, Anna Lotan, Hikari, Hlavin Eestis. Kiire tarne, soodsad hinnad, ainult originaaltooted. Osta kohe!","og_url":"https:\/\/dolores.ee\/lv\/kupsiste-eeskiri\/","og_site_name":"Dolores","article_publisher":"https:\/\/www.facebook.com\/doloresepood\/","article_modified_time":"2025-03-03T12:34:33+00:00","og_image":[{"width":1200,"height":675,"url":"https:\/\/dolores.ee\/wp-content\/uploads\/2025\/05\/seo.jpg","type":"image\/jpeg"}],"twitter_card":"summary_large_image","twitter_misc":{"Est. reading time":"2 minutes"},"schema":{"@context":"https:\/\/schema.org","@graph":[{"@type":"WebPage","@id":"https:\/\/dolores.ee\/lv\/kupsiste-eeskiri\/","url":"https:\/\/dolores.ee\/lv\/kupsiste-eeskiri\/","name":"K\u00fcpsiste eeskiri ~ Dolores","isPartOf":{"@id":"https:\/\/dolores.ee\/lv\/#website"},"datePublished":"2025-03-03T12:33:29+00:00","dateModified":"2025-03-03T12:34:33+00:00","description":"Populaarsed kosmeetikabr\u00e4ndid GIGI, Anna Lotan, Hikari, Hlavin Eestis. Kiire tarne, soodsad hinnad, ainult originaaltooted. Osta kohe!","breadcrumb":{"@id":"https:\/\/dolores.ee\/lv\/kupsiste-eeskiri\/#breadcrumb"},"inLanguage":"lv-LV","potentialAction":[{"@type":"ReadAction","target":["https:\/\/dolores.ee\/lv\/kupsiste-eeskiri\/"]}]},{"@type":"BreadcrumbList","@id":"https:\/\/dolores.ee\/lv\/kupsiste-eeskiri\/#breadcrumb","itemListElement":[{"@type":"ListItem","position":1,"name":"Home","item":"https:\/\/dolores.ee\/lv\/"},{"@type":"ListItem","position":2,"name":"K\u00fcpsiste eeskiri"}]},{"@type":"WebSite","@id":"https:\/\/dolores.ee\/lv\/#website","url":"https:\/\/dolores.ee\/lv\/","name":"Dolores e-pood","description":"Beauty Shop","publisher":{"@id":"https:\/\/dolores.ee\/lv\/#organization"},"alternateName":"Dolores","potentialAction":[{"@type":"SearchAction","target":{"@type":"EntryPoint","urlTemplate":"https:\/\/dolores.ee\/lv\/?s={search_term_string}"},"query-input":{"@type":"PropertyValueSpecification","valueRequired":true,"valueName":"search_term_string"}}],"inLanguage":"lv-LV"},{"@type":"Organization","@id":"https:\/\/dolores.ee\/lv\/#organization","name":"Dolores O\u00dc","alternateName":"Dolores e-pood","url":"https:\/\/dolores.ee\/lv\/","logo":{"@type":"ImageObject","inLanguage":"lv-LV","@id":"https:\/\/dolores.ee\/lv\/#\/schema\/logo\/image\/","url":"https:\/\/dolores.ee\/wp-content\/uploads\/2025\/04\/logo-1.jpg","contentUrl":"https:\/\/dolores.ee\/wp-content\/uploads\/2025\/04\/logo-1.jpg","width":1951,"height":660,"caption":"Dolores O\u00dc"},"image":{"@id":"https:\/\/dolores.ee\/lv\/#\/schema\/logo\/image\/"},"sameAs":["https:\/\/www.facebook.com\/doloresepood\/"],"description":"Dolores.ee on kaasaegne veebipood, kust leiad tuntud kaubam\u00e4rkide \u2013 GIGI, Anna Lotan, Hikari, Hlavin \u2013 originaalkosmeetikat. Pakume kvaliteetseid hooldustooteid taskukohaste hindadega ja kiire kohaletoimetamisega \u00fcle Eesti. Nahahooldus pole kunagi olnud nii lihtne ja soodne!","email":"dolores@dolores.ee","telephone":"372 644 2440","legalName":"Dolores O\u00dc","foundingDate":"1998-02-09","vatID":"EE100050280","numberOfEmployees":{"@type":"QuantitativeValue","minValue":"11","maxValue":"50"}}]}},"_links":{"self":[{"href":"https:\/\/dolores.ee\/lv\/wp-json\/wp\/v2\/pages\/988958","targetHints":{"allow":["GET"]}}],"collection":[{"href":"https:\/\/dolores.ee\/lv\/wp-json\/wp\/v2\/pages"}],"about":[{"href":"https:\/\/dolores.ee\/lv\/wp-json\/wp\/v2\/types\/page"}],"author":[{"embeddable":true,"href":"https:\/\/dolores.ee\/lv\/wp-json\/wp\/v2\/users\/3305"}],"replies":[{"embeddable":true,"href":"https:\/\/dolores.ee\/lv\/wp-json\/wp\/v2\/comments?post=988958"}],"version-history":[{"count":4,"href":"https:\/\/dolores.ee\/lv\/wp-json\/wp\/v2\/pages\/988958\/revisions"}],"predecessor-version":[{"id":988963,"href":"https:\/\/dolores.ee\/lv\/wp-json\/wp\/v2\/pages\/988958\/revisions\/988963"}],"wp:attachment":[{"href":"https:\/\/dolores.ee\/lv\/wp-json\/wp\/v2\/media?parent=988958"}],"curies":[{"name":"wp","href":"https:\/\/api.w.org\/{rel}","templated":true}]}}