{"id":1001176,"date":"2025-11-14T14:08:03","date_gmt":"2025-11-14T12:36:46","guid":{"rendered":"https:\/\/dolores.ee\/?post_type=product&#038;p=1001176"},"modified":"2026-04-14T11:00:07","modified_gmt":"2026-04-14T08:00:07","slug":"anna-lotan-antiperspirant-fluid-100-ml","status":"publish","type":"product","link":"https:\/\/dolores.ee\/lv\/toode\/anna-lotan-antiperspirant-fluid-100-ml\/","title":{"rendered":"Anna Lotan Body Care Antiperspirant Fluid 100 ml"},"content":{"rendered":"<div class=\"vgblk-rw-wrapper limit-wrapper\">\n<p data-start=\"32\" data-end=\"346\">\u00d5rn, kergesti imenduv antiperspirant-losjoon igap\u00e4evaseks kasutamiseks meestele ja naistele. Minimeerib soovimatud kehal\u00f5hnad ning tagab p\u00e4eva jooksul mugavuse ja v\u00e4rskuse tunde.<br data-start=\"210\" data-end=\"213\" \/>Kasutamine: kanda puhtale nahale \u00fcks kord p\u00e4evas. V\u00e4ltida kasutamist kohe p\u00e4rast karvade eemaldamist (depilatsiooni v\u00f5i raseerimist).<\/p>\n<p data-start=\"348\" data-end=\"600\" data-is-last-node=\"\" data-is-only-node=\"\">\u2022 Ainult v\u00e4lispidiseks kasutamiseks \u2022 Mitte kasutada, kui oled m\u00f5ne koostisosa suhtes tundlik \u2022 Mitte kasutada \u00e4rritunud v\u00f5i kahjustatud nahal. Katkesta kasutamine, kui ilmnevad \u00e4rrituse tunnused \u2022 Hoida p\u00e4ikesevalguse eest ja temperatuuril alla 25 \u00b0C.<\/p>\n<p>Ingredients: Aqua (Water), Aluminium Zirconium Octachlorohydrex GLY, Maris Aqua (Sea Water), Trisiloxane, Dimethicone, PPG-15 Stearyl Ether, Steareth-2, Steareth-21, Phenoxyethanol, Potassium Hydroxide, Ethylhexylglycerin, Parfum (Fragrance), Citrus Aurantium Bergamia Peel Oil, Limonene, Linalyl Acetate, Hexamethylindanopyran, Citrus Limon Peel Oil, Pinene, Linalool, Acetyl Cedrene, Tetramethyl acetyloctahydronaphthalenes, Alpha-Isomethyl Ionone.<\/p><\/div>\n<p><!-- .vgblk-rw-wrapper --><\/p>\n","protected":false},"excerpt":{"rendered":"<p>Anna Lotan Antiperspirant Fluid<\/p>\n","protected":false},"featured_media":1001170,"comment_status":"open","ping_status":"closed","template":"","meta":[],"product_brand":[],"product_cat":[73,309,77,91,149,354,366,368,123],"product_tag":[],"giftcard-category":[],"class_list":{"0":"post-1001176","1":"product","2":"type-product","3":"status-publish","4":"has-post-thumbnail","6":"product_cat-anna-lotan-et","7":"product_cat-body-care-et","8":"product_cat-1-kehahooldus","9":"product_cat-deodorandid","10":"product_cat-meestele","11":"product_cat-deodorandid-meestele","12":"product_cat-deodorandid-naistele","13":"product_cat-deodorandid-sport","14":"product_cat-uued-tooted","16":"first","17":"instock","18":"taxable","19":"shipping-taxable","20":"purchasable","21":"product-type-simple"},"yoast_head":"<!-- This site is optimized with the Yoast SEO Premium plugin v25.1 (Yoast SEO v25.7) - https:\/\/yoast.com\/wordpress\/plugins\/seo\/ -->\n<title>Anna Lotan Body Care Antiperspirant Fluid 100 ml ~ Dolores<\/title>\n<meta name=\"robots\" content=\"index, follow, max-snippet:-1, max-image-preview:large, max-video-preview:-1\" \/>\n<link rel=\"canonical\" href=\"https:\/\/dolores.ee\/lv\/toode\/anna-lotan-antiperspirant-fluid-100-ml\/\" \/>\n<meta property=\"og:locale\" content=\"lv_LV\" \/>\n<meta property=\"og:type\" content=\"article\" \/>\n<meta property=\"og:title\" content=\"Anna Lotan Body Care Antiperspirant Fluid 100 ml\" \/>\n<meta property=\"og:description\" content=\"Anna Lotan Antiperspirant Fluid\" \/>\n<meta property=\"og:url\" content=\"https:\/\/dolores.ee\/lv\/toode\/anna-lotan-antiperspirant-fluid-100-ml\/\" \/>\n<meta property=\"og:site_name\" content=\"Dolores\" \/>\n<meta property=\"article:publisher\" content=\"https:\/\/www.facebook.com\/doloresepood\/\" \/>\n<meta property=\"article:modified_time\" content=\"2026-04-14T08:00:07+00:00\" \/>\n<meta property=\"og:image\" content=\"https:\/\/dolores.ee\/wp-content\/uploads\/2025\/11\/anna-lotan-dezodorantas-fluidas-100ml-2.webp\" \/>\n\t<meta property=\"og:image:width\" content=\"1080\" \/>\n\t<meta property=\"og:image:height\" content=\"1080\" \/>\n\t<meta property=\"og:image:type\" content=\"image\/webp\" \/>\n<meta name=\"twitter:card\" content=\"summary_large_image\" \/>\n<meta name=\"twitter:label1\" content=\"Est. reading time\" \/>\n\t<meta name=\"twitter:data1\" content=\"1 minute\" \/>\n<script type=\"application\/ld+json\" class=\"yoast-schema-graph\">{\"@context\":\"https:\/\/schema.org\",\"@graph\":[{\"@type\":\"WebPage\",\"@id\":\"https:\/\/dolores.ee\/lv\/toode\/anna-lotan-antiperspirant-fluid-100-ml\/\",\"url\":\"https:\/\/dolores.ee\/lv\/toode\/anna-lotan-antiperspirant-fluid-100-ml\/\",\"name\":\"Anna Lotan Body Care Antiperspirant Fluid 100 ml ~ Dolores\",\"isPartOf\":{\"@id\":\"https:\/\/dolores.ee\/lv\/#website\"},\"primaryImageOfPage\":{\"@id\":\"https:\/\/dolores.ee\/lv\/toode\/anna-lotan-antiperspirant-fluid-100-ml\/#primaryimage\"},\"image\":{\"@id\":\"https:\/\/dolores.ee\/lv\/toode\/anna-lotan-antiperspirant-fluid-100-ml\/#primaryimage\"},\"thumbnailUrl\":\"https:\/\/dolores.ee\/wp-content\/uploads\/2025\/11\/anna-lotan-dezodorantas-fluidas-100ml-2.webp\",\"datePublished\":\"2025-11-14T12:36:46+00:00\",\"dateModified\":\"2026-04-14T08:00:07+00:00\",\"breadcrumb\":{\"@id\":\"https:\/\/dolores.ee\/lv\/toode\/anna-lotan-antiperspirant-fluid-100-ml\/#breadcrumb\"},\"inLanguage\":\"lv-LV\",\"potentialAction\":[{\"@type\":\"ReadAction\",\"target\":[\"https:\/\/dolores.ee\/lv\/toode\/anna-lotan-antiperspirant-fluid-100-ml\/\"]}]},{\"@type\":\"ImageObject\",\"inLanguage\":\"lv-LV\",\"@id\":\"https:\/\/dolores.ee\/lv\/toode\/anna-lotan-antiperspirant-fluid-100-ml\/#primaryimage\",\"url\":\"https:\/\/dolores.ee\/wp-content\/uploads\/2025\/11\/anna-lotan-dezodorantas-fluidas-100ml-2.webp\",\"contentUrl\":\"https:\/\/dolores.ee\/wp-content\/uploads\/2025\/11\/anna-lotan-dezodorantas-fluidas-100ml-2.webp\",\"width\":1080,\"height\":1080},{\"@type\":\"BreadcrumbList\",\"@id\":\"https:\/\/dolores.ee\/lv\/toode\/anna-lotan-antiperspirant-fluid-100-ml\/#breadcrumb\",\"itemListElement\":[{\"@type\":\"ListItem\",\"position\":1,\"name\":\"Home\",\"item\":\"https:\/\/dolores.ee\/lv\/\"},{\"@type\":\"ListItem\",\"position\":2,\"name\":\"E-veikals\",\"item\":\"https:\/\/dolores.ee\/lv\/e-veikals\/\"},{\"@type\":\"ListItem\",\"position\":3,\"name\":\"Anna Lotan Body Care Antiperspirant Fluid 100 ml\"}]},{\"@type\":\"WebSite\",\"@id\":\"https:\/\/dolores.ee\/lv\/#website\",\"url\":\"https:\/\/dolores.ee\/lv\/\",\"name\":\"Dolores e-pood\",\"description\":\"Beauty Shop\",\"publisher\":{\"@id\":\"https:\/\/dolores.ee\/lv\/#organization\"},\"alternateName\":\"Dolores\",\"potentialAction\":[{\"@type\":\"SearchAction\",\"target\":{\"@type\":\"EntryPoint\",\"urlTemplate\":\"https:\/\/dolores.ee\/lv\/?s={search_term_string}\"},\"query-input\":{\"@type\":\"PropertyValueSpecification\",\"valueRequired\":true,\"valueName\":\"search_term_string\"}}],\"inLanguage\":\"lv-LV\"},{\"@type\":\"Organization\",\"@id\":\"https:\/\/dolores.ee\/lv\/#organization\",\"name\":\"Dolores O\u00dc\",\"alternateName\":\"Dolores e-pood\",\"url\":\"https:\/\/dolores.ee\/lv\/\",\"logo\":{\"@type\":\"ImageObject\",\"inLanguage\":\"lv-LV\",\"@id\":\"https:\/\/dolores.ee\/lv\/#\/schema\/logo\/image\/\",\"url\":\"https:\/\/dolores.ee\/wp-content\/uploads\/2025\/04\/logo-1.jpg\",\"contentUrl\":\"https:\/\/dolores.ee\/wp-content\/uploads\/2025\/04\/logo-1.jpg\",\"width\":1951,\"height\":660,\"caption\":\"Dolores O\u00dc\"},\"image\":{\"@id\":\"https:\/\/dolores.ee\/lv\/#\/schema\/logo\/image\/\"},\"sameAs\":[\"https:\/\/www.facebook.com\/doloresepood\/\"],\"description\":\"Dolores.ee on kaasaegne veebipood, kust leiad tuntud kaubam\u00e4rkide \u2013 GIGI, Anna Lotan, Hikari, Hlavin \u2013 originaalkosmeetikat. Pakume kvaliteetseid hooldustooteid taskukohaste hindadega ja kiire kohaletoimetamisega \u00fcle Eesti. Nahahooldus pole kunagi olnud nii lihtne ja soodne!\",\"email\":\"dolores@dolores.ee\",\"telephone\":\"372 644 2440\",\"legalName\":\"Dolores O\u00dc\",\"foundingDate\":\"1998-02-09\",\"vatID\":\"EE100050280\",\"numberOfEmployees\":{\"@type\":\"QuantitativeValue\",\"minValue\":\"11\",\"maxValue\":\"50\"}}]}<\/script>\n<!-- \/ Yoast SEO Premium plugin. -->","yoast_head_json":{"title":"Anna Lotan Body Care Antiperspirant Fluid 100 ml ~ Dolores","robots":{"index":"index","follow":"follow","max-snippet":"max-snippet:-1","max-image-preview":"max-image-preview:large","max-video-preview":"max-video-preview:-1"},"canonical":"https:\/\/dolores.ee\/lv\/toode\/anna-lotan-antiperspirant-fluid-100-ml\/","og_locale":"lv_LV","og_type":"article","og_title":"Anna Lotan Body Care Antiperspirant Fluid 100 ml","og_description":"Anna Lotan Antiperspirant Fluid","og_url":"https:\/\/dolores.ee\/lv\/toode\/anna-lotan-antiperspirant-fluid-100-ml\/","og_site_name":"Dolores","article_publisher":"https:\/\/www.facebook.com\/doloresepood\/","article_modified_time":"2026-04-14T08:00:07+00:00","og_image":[{"width":1080,"height":1080,"url":"https:\/\/dolores.ee\/wp-content\/uploads\/2025\/11\/anna-lotan-dezodorantas-fluidas-100ml-2.webp","type":"image\/webp"}],"twitter_card":"summary_large_image","twitter_misc":{"Est. reading time":"1 minute"},"schema":{"@context":"https:\/\/schema.org","@graph":[{"@type":"WebPage","@id":"https:\/\/dolores.ee\/lv\/toode\/anna-lotan-antiperspirant-fluid-100-ml\/","url":"https:\/\/dolores.ee\/lv\/toode\/anna-lotan-antiperspirant-fluid-100-ml\/","name":"Anna Lotan Body Care Antiperspirant Fluid 100 ml ~ Dolores","isPartOf":{"@id":"https:\/\/dolores.ee\/lv\/#website"},"primaryImageOfPage":{"@id":"https:\/\/dolores.ee\/lv\/toode\/anna-lotan-antiperspirant-fluid-100-ml\/#primaryimage"},"image":{"@id":"https:\/\/dolores.ee\/lv\/toode\/anna-lotan-antiperspirant-fluid-100-ml\/#primaryimage"},"thumbnailUrl":"https:\/\/dolores.ee\/wp-content\/uploads\/2025\/11\/anna-lotan-dezodorantas-fluidas-100ml-2.webp","datePublished":"2025-11-14T12:36:46+00:00","dateModified":"2026-04-14T08:00:07+00:00","breadcrumb":{"@id":"https:\/\/dolores.ee\/lv\/toode\/anna-lotan-antiperspirant-fluid-100-ml\/#breadcrumb"},"inLanguage":"lv-LV","potentialAction":[{"@type":"ReadAction","target":["https:\/\/dolores.ee\/lv\/toode\/anna-lotan-antiperspirant-fluid-100-ml\/"]}]},{"@type":"ImageObject","inLanguage":"lv-LV","@id":"https:\/\/dolores.ee\/lv\/toode\/anna-lotan-antiperspirant-fluid-100-ml\/#primaryimage","url":"https:\/\/dolores.ee\/wp-content\/uploads\/2025\/11\/anna-lotan-dezodorantas-fluidas-100ml-2.webp","contentUrl":"https:\/\/dolores.ee\/wp-content\/uploads\/2025\/11\/anna-lotan-dezodorantas-fluidas-100ml-2.webp","width":1080,"height":1080},{"@type":"BreadcrumbList","@id":"https:\/\/dolores.ee\/lv\/toode\/anna-lotan-antiperspirant-fluid-100-ml\/#breadcrumb","itemListElement":[{"@type":"ListItem","position":1,"name":"Home","item":"https:\/\/dolores.ee\/lv\/"},{"@type":"ListItem","position":2,"name":"E-veikals","item":"https:\/\/dolores.ee\/lv\/e-veikals\/"},{"@type":"ListItem","position":3,"name":"Anna Lotan Body Care Antiperspirant Fluid 100 ml"}]},{"@type":"WebSite","@id":"https:\/\/dolores.ee\/lv\/#website","url":"https:\/\/dolores.ee\/lv\/","name":"Dolores e-pood","description":"Beauty Shop","publisher":{"@id":"https:\/\/dolores.ee\/lv\/#organization"},"alternateName":"Dolores","potentialAction":[{"@type":"SearchAction","target":{"@type":"EntryPoint","urlTemplate":"https:\/\/dolores.ee\/lv\/?s={search_term_string}"},"query-input":{"@type":"PropertyValueSpecification","valueRequired":true,"valueName":"search_term_string"}}],"inLanguage":"lv-LV"},{"@type":"Organization","@id":"https:\/\/dolores.ee\/lv\/#organization","name":"Dolores O\u00dc","alternateName":"Dolores e-pood","url":"https:\/\/dolores.ee\/lv\/","logo":{"@type":"ImageObject","inLanguage":"lv-LV","@id":"https:\/\/dolores.ee\/lv\/#\/schema\/logo\/image\/","url":"https:\/\/dolores.ee\/wp-content\/uploads\/2025\/04\/logo-1.jpg","contentUrl":"https:\/\/dolores.ee\/wp-content\/uploads\/2025\/04\/logo-1.jpg","width":1951,"height":660,"caption":"Dolores O\u00dc"},"image":{"@id":"https:\/\/dolores.ee\/lv\/#\/schema\/logo\/image\/"},"sameAs":["https:\/\/www.facebook.com\/doloresepood\/"],"description":"Dolores.ee on kaasaegne veebipood, kust leiad tuntud kaubam\u00e4rkide \u2013 GIGI, Anna Lotan, Hikari, Hlavin \u2013 originaalkosmeetikat. Pakume kvaliteetseid hooldustooteid taskukohaste hindadega ja kiire kohaletoimetamisega \u00fcle Eesti. Nahahooldus pole kunagi olnud nii lihtne ja soodne!","email":"dolores@dolores.ee","telephone":"372 644 2440","legalName":"Dolores O\u00dc","foundingDate":"1998-02-09","vatID":"EE100050280","numberOfEmployees":{"@type":"QuantitativeValue","minValue":"11","maxValue":"50"}}]}},"_links":{"self":[{"href":"https:\/\/dolores.ee\/lv\/wp-json\/wp\/v2\/product\/1001176","targetHints":{"allow":["GET"]}}],"collection":[{"href":"https:\/\/dolores.ee\/lv\/wp-json\/wp\/v2\/product"}],"about":[{"href":"https:\/\/dolores.ee\/lv\/wp-json\/wp\/v2\/types\/product"}],"replies":[{"embeddable":true,"href":"https:\/\/dolores.ee\/lv\/wp-json\/wp\/v2\/comments?post=1001176"}],"version-history":[{"count":2,"href":"https:\/\/dolores.ee\/lv\/wp-json\/wp\/v2\/product\/1001176\/revisions"}],"predecessor-version":[{"id":1001710,"href":"https:\/\/dolores.ee\/lv\/wp-json\/wp\/v2\/product\/1001176\/revisions\/1001710"}],"wp:featuredmedia":[{"embeddable":true,"href":"https:\/\/dolores.ee\/lv\/wp-json\/wp\/v2\/media\/1001170"}],"wp:attachment":[{"href":"https:\/\/dolores.ee\/lv\/wp-json\/wp\/v2\/media?parent=1001176"}],"wp:term":[{"taxonomy":"product_brand","embeddable":true,"href":"https:\/\/dolores.ee\/lv\/wp-json\/wp\/v2\/product_brand?post=1001176"},{"taxonomy":"product_cat","embeddable":true,"href":"https:\/\/dolores.ee\/lv\/wp-json\/wp\/v2\/product_cat?post=1001176"},{"taxonomy":"product_tag","embeddable":true,"href":"https:\/\/dolores.ee\/lv\/wp-json\/wp\/v2\/product_tag?post=1001176"},{"taxonomy":"giftcard-category","embeddable":true,"href":"https:\/\/dolores.ee\/lv\/wp-json\/wp\/v2\/giftcard-category?post=1001176"}],"curies":[{"name":"wp","href":"https:\/\/api.w.org\/{rel}","templated":true}]}}