{"id":1001367,"date":"2025-12-02T15:58:38","date_gmt":"2025-12-02T14:31:59","guid":{"rendered":"https:\/\/dolores.ee\/?post_type=product&#038;p=1001367"},"modified":"2026-03-29T15:42:18","modified_gmt":"2026-03-29T12:42:18","slug":"the-perfect-pair","status":"publish","type":"product","link":"https:\/\/dolores.ee\/lv\/toode\/the-perfect-pair\/","title":{"rendered":"GIGI THE PERFECT PAIR 50ml+50ml"},"content":{"rendered":"<div class=\"vgblk-rw-wrapper limit-wrapper\"><strong>GIGI Texture Relief Night Care Cream 50 ml 46,20 eur<\/strong><\/p>\n<p>Sametise tekstuuriga kreem, mis sisaldab rohkelt looduslikku p\u00e4ritolu niisutavaid ja biotehnoloogilisi koostisosi. Juba esimese kasutuskorra j\u00e4rel toidab n\u00e4o- ja kaelanahka t\u00e4htsate toitainetega, mis aitavad s\u00e4ilitada naha niiskussisaldust, mugavustunnet ning kaitsekihti. Sobib kasutamiseks p\u00e4evakreemina normaalsele ja kuivale nahale.<\/p>\n<p>Kasutamine: kandke puhtale nahale ja masseerige \u00f5rnalt naha sisse kuni t\u00e4ielikult imendumiseni. Veelgi parema tulemuse saamiseks soovitame esimese hooldusetapina kasutada kontsentreeritud seerumit.<\/p>\n<p>Ingredients: Water\/Aqua, Cetearyl Alcohol, Glycerin, C12-15 Alkyl Benzoate, Glyceryl Stearate, Cyclopentasiloxane, Propanediol, Dimethylaminoethanol Tartrate, Shea Butter (Butyrospermum Parkii), Cetearyl Ethylhexanoate, Dimethicone, Phenoxyethanol, Phenyl Trimethicone, Cetearyl Glucoside, Alpha-Glucan Oligosaccharide, Sodium Stearate, Polyglutamic Acid, Chlorphenesin, Fragrance\/Parfum, Triethanolamine, Isopropyl Myristate, Cyclohexasiloxane, Caprylyl Glycol, Polymnia Sonchifolia Root Juice, Maltodextrin, Disodium EDTA, Glucose, Lactobacillus, Sodium Hyaluronate, 1,2-Hexanediol, Caprylyl Glycol, Bacillus Ferment, Lactic Acid\/Glycolic Acid Copolymer, Chlorella Vulgaris (Algae) Extract, Polyvinyl Alcohol, Heptapeptide-15 Palmitate.<\/p>\n<p>&nbsp;<\/p>\n<p><strong>GIGI Texture Surface Hydration Cream 50 ml 46,20 eur<\/strong><\/p>\n<p>Sametise tekstuuriga kreem, mis sisaldab rohkelt looduslikku p\u00e4ritolu niisutavaid ja biotehnoloogilisi koostisosi. Juba esimese kasutuskorra j\u00e4rel toidab n\u00e4o- ja kaelanahka t\u00e4htsate toitainetega, mis aitavad s\u00e4ilitada naha niiskussisaldust, mugavustunnet ning kaitsekihti. Sobib kasutamiseks p\u00e4evakreemina normaalsele ja kuivale nahale.<\/p>\n<p>Kasutamine: kandke puhtale nahale ja masseerige \u00f5rnalt naha sisse kuni t\u00e4ielikult imendumiseni. Veelgi parema tulemuse saamiseks soovitame esimese hooldusetapina kasutada kontsentreeritud seerumit.<\/p>\n<p>Ingredients: Water\/Aqua, Cetearyl Alcohol, Dimethicone, Glyceryl Stearate, Propanediol, C12-15 Alkyl Benzoate, Glycerin, Dimethylaminoethanol Tartrate, Cetearyl Ethylhexanoate, Hydroxyethyl Urea, Butyrospermum Parkii Butter, Cetearyl Glucoside, Phenoxyethanol, Triethanolamine, Phenyl Trimethicone, Alpha-Glucan Oligosaccharide, Fragrance\/Parfum, Polyglutamic Acid, Chlorphenesin, Sodium Stearate, Isopropyl Myristate, Caprylyl Glycol, Polymnia Sonchifolia Root Juice, Ammonium Lactate, Disodium EDTA, Maltodextrin, Glucose, Lactobacillus, 1,2-Hexanediol, Sodium Hyaluronate, Bacillus Ferment, Lactic Acid\/Glycolic Acid Copolymer, Chlorella Vulgaris Extract, Polyvinyl Alcohol, Heptapeptide-15 Palmitate.<\/p>\n<p><strong>GIGI Makeup Bag 15 eur<\/strong><\/p>\n<p>&nbsp;<\/p><\/div>\n<p><!-- .vgblk-rw-wrapper --><\/p>\n","protected":false},"excerpt":{"rendered":"<p>GIGI THE PERFECT PAIR<\/p>\n","protected":false},"featured_media":1001369,"comment_status":"open","ping_status":"closed","template":"","meta":[],"product_brand":[],"product_cat":[776,99,486,399,113,464,123],"product_tag":[],"giftcard-category":[],"class_list":{"0":"post-1001367","1":"product","2":"type-product","3":"status-publish","4":"has-post-thumbnail","6":"product_cat-kingituse-komplektid","7":"product_cat-gigi-et","8":"product_cat-texture-2","9":"product_cat-ale","10":"product_cat-komplektid","11":"product_cat-niisutavad-tooted","12":"product_cat-uued-tooted","14":"first","15":"instock","16":"sale","17":"taxable","18":"shipping-taxable","19":"purchasable","20":"product-type-simple"},"yoast_head":"<!-- This site is optimized with the Yoast SEO Premium plugin v25.1 (Yoast SEO v25.7) - https:\/\/yoast.com\/wordpress\/plugins\/seo\/ -->\n<title>GIGI THE PERFECT PAIR 50ml+50ml ~ Dolores<\/title>\n<meta name=\"robots\" content=\"index, follow, max-snippet:-1, max-image-preview:large, max-video-preview:-1\" \/>\n<link rel=\"canonical\" href=\"https:\/\/dolores.ee\/lv\/toode\/the-perfect-pair\/\" \/>\n<meta property=\"og:locale\" content=\"lv_LV\" \/>\n<meta property=\"og:type\" content=\"article\" \/>\n<meta property=\"og:title\" content=\"GIGI THE PERFECT PAIR 50ml+50ml\" \/>\n<meta property=\"og:description\" content=\"GIGI THE PERFECT PAIR\" \/>\n<meta property=\"og:url\" content=\"https:\/\/dolores.ee\/lv\/toode\/the-perfect-pair\/\" \/>\n<meta property=\"og:site_name\" content=\"Dolores\" \/>\n<meta property=\"article:publisher\" content=\"https:\/\/www.facebook.com\/doloresepood\/\" \/>\n<meta property=\"article:modified_time\" content=\"2026-03-29T12:42:18+00:00\" \/>\n<meta property=\"og:image\" content=\"https:\/\/dolores.ee\/wp-content\/uploads\/2025\/12\/bez-nazvaniya-850-x-850-piks.-7.png\" \/>\n\t<meta property=\"og:image:width\" content=\"850\" \/>\n\t<meta property=\"og:image:height\" content=\"850\" \/>\n\t<meta property=\"og:image:type\" content=\"image\/png\" \/>\n<meta name=\"twitter:card\" content=\"summary_large_image\" \/>\n<meta name=\"twitter:label1\" content=\"Est. reading time\" \/>\n\t<meta name=\"twitter:data1\" content=\"2 minutes\" \/>\n<script type=\"application\/ld+json\" class=\"yoast-schema-graph\">{\"@context\":\"https:\/\/schema.org\",\"@graph\":[{\"@type\":\"WebPage\",\"@id\":\"https:\/\/dolores.ee\/lv\/toode\/the-perfect-pair\/\",\"url\":\"https:\/\/dolores.ee\/lv\/toode\/the-perfect-pair\/\",\"name\":\"GIGI THE PERFECT PAIR 50ml+50ml ~ Dolores\",\"isPartOf\":{\"@id\":\"https:\/\/dolores.ee\/lv\/#website\"},\"primaryImageOfPage\":{\"@id\":\"https:\/\/dolores.ee\/lv\/toode\/the-perfect-pair\/#primaryimage\"},\"image\":{\"@id\":\"https:\/\/dolores.ee\/lv\/toode\/the-perfect-pair\/#primaryimage\"},\"thumbnailUrl\":\"https:\/\/dolores.ee\/wp-content\/uploads\/2025\/12\/bez-nazvaniya-850-x-850-piks.-7.png\",\"datePublished\":\"2025-12-02T14:31:59+00:00\",\"dateModified\":\"2026-03-29T12:42:18+00:00\",\"breadcrumb\":{\"@id\":\"https:\/\/dolores.ee\/lv\/toode\/the-perfect-pair\/#breadcrumb\"},\"inLanguage\":\"lv-LV\",\"potentialAction\":[{\"@type\":\"ReadAction\",\"target\":[\"https:\/\/dolores.ee\/lv\/toode\/the-perfect-pair\/\"]}]},{\"@type\":\"ImageObject\",\"inLanguage\":\"lv-LV\",\"@id\":\"https:\/\/dolores.ee\/lv\/toode\/the-perfect-pair\/#primaryimage\",\"url\":\"https:\/\/dolores.ee\/wp-content\/uploads\/2025\/12\/bez-nazvaniya-850-x-850-piks.-7.png\",\"contentUrl\":\"https:\/\/dolores.ee\/wp-content\/uploads\/2025\/12\/bez-nazvaniya-850-x-850-piks.-7.png\",\"width\":850,\"height\":850},{\"@type\":\"BreadcrumbList\",\"@id\":\"https:\/\/dolores.ee\/lv\/toode\/the-perfect-pair\/#breadcrumb\",\"itemListElement\":[{\"@type\":\"ListItem\",\"position\":1,\"name\":\"Home\",\"item\":\"https:\/\/dolores.ee\/lv\/\"},{\"@type\":\"ListItem\",\"position\":2,\"name\":\"E-veikals\",\"item\":\"https:\/\/dolores.ee\/lv\/e-veikals\/\"},{\"@type\":\"ListItem\",\"position\":3,\"name\":\"GIGI THE PERFECT PAIR 50ml+50ml\"}]},{\"@type\":\"WebSite\",\"@id\":\"https:\/\/dolores.ee\/lv\/#website\",\"url\":\"https:\/\/dolores.ee\/lv\/\",\"name\":\"Dolores e-pood\",\"description\":\"Beauty Shop\",\"publisher\":{\"@id\":\"https:\/\/dolores.ee\/lv\/#organization\"},\"alternateName\":\"Dolores\",\"potentialAction\":[{\"@type\":\"SearchAction\",\"target\":{\"@type\":\"EntryPoint\",\"urlTemplate\":\"https:\/\/dolores.ee\/lv\/?s={search_term_string}\"},\"query-input\":{\"@type\":\"PropertyValueSpecification\",\"valueRequired\":true,\"valueName\":\"search_term_string\"}}],\"inLanguage\":\"lv-LV\"},{\"@type\":\"Organization\",\"@id\":\"https:\/\/dolores.ee\/lv\/#organization\",\"name\":\"Dolores O\u00dc\",\"alternateName\":\"Dolores e-pood\",\"url\":\"https:\/\/dolores.ee\/lv\/\",\"logo\":{\"@type\":\"ImageObject\",\"inLanguage\":\"lv-LV\",\"@id\":\"https:\/\/dolores.ee\/lv\/#\/schema\/logo\/image\/\",\"url\":\"https:\/\/dolores.ee\/wp-content\/uploads\/2025\/04\/logo-1.jpg\",\"contentUrl\":\"https:\/\/dolores.ee\/wp-content\/uploads\/2025\/04\/logo-1.jpg\",\"width\":1951,\"height\":660,\"caption\":\"Dolores O\u00dc\"},\"image\":{\"@id\":\"https:\/\/dolores.ee\/lv\/#\/schema\/logo\/image\/\"},\"sameAs\":[\"https:\/\/www.facebook.com\/doloresepood\/\"],\"description\":\"Dolores.ee on kaasaegne veebipood, kust leiad tuntud kaubam\u00e4rkide \u2013 GIGI, Anna Lotan, Hikari, Hlavin \u2013 originaalkosmeetikat. Pakume kvaliteetseid hooldustooteid taskukohaste hindadega ja kiire kohaletoimetamisega \u00fcle Eesti. Nahahooldus pole kunagi olnud nii lihtne ja soodne!\",\"email\":\"dolores@dolores.ee\",\"telephone\":\"372 644 2440\",\"legalName\":\"Dolores O\u00dc\",\"foundingDate\":\"1998-02-09\",\"vatID\":\"EE100050280\",\"numberOfEmployees\":{\"@type\":\"QuantitativeValue\",\"minValue\":\"11\",\"maxValue\":\"50\"}}]}<\/script>\n<!-- \/ Yoast SEO Premium plugin. -->","yoast_head_json":{"title":"GIGI THE PERFECT PAIR 50ml+50ml ~ Dolores","robots":{"index":"index","follow":"follow","max-snippet":"max-snippet:-1","max-image-preview":"max-image-preview:large","max-video-preview":"max-video-preview:-1"},"canonical":"https:\/\/dolores.ee\/lv\/toode\/the-perfect-pair\/","og_locale":"lv_LV","og_type":"article","og_title":"GIGI THE PERFECT PAIR 50ml+50ml","og_description":"GIGI THE PERFECT PAIR","og_url":"https:\/\/dolores.ee\/lv\/toode\/the-perfect-pair\/","og_site_name":"Dolores","article_publisher":"https:\/\/www.facebook.com\/doloresepood\/","article_modified_time":"2026-03-29T12:42:18+00:00","og_image":[{"width":850,"height":850,"url":"https:\/\/dolores.ee\/wp-content\/uploads\/2025\/12\/bez-nazvaniya-850-x-850-piks.-7.png","type":"image\/png"}],"twitter_card":"summary_large_image","twitter_misc":{"Est. reading time":"2 minutes"},"schema":{"@context":"https:\/\/schema.org","@graph":[{"@type":"WebPage","@id":"https:\/\/dolores.ee\/lv\/toode\/the-perfect-pair\/","url":"https:\/\/dolores.ee\/lv\/toode\/the-perfect-pair\/","name":"GIGI THE PERFECT PAIR 50ml+50ml ~ Dolores","isPartOf":{"@id":"https:\/\/dolores.ee\/lv\/#website"},"primaryImageOfPage":{"@id":"https:\/\/dolores.ee\/lv\/toode\/the-perfect-pair\/#primaryimage"},"image":{"@id":"https:\/\/dolores.ee\/lv\/toode\/the-perfect-pair\/#primaryimage"},"thumbnailUrl":"https:\/\/dolores.ee\/wp-content\/uploads\/2025\/12\/bez-nazvaniya-850-x-850-piks.-7.png","datePublished":"2025-12-02T14:31:59+00:00","dateModified":"2026-03-29T12:42:18+00:00","breadcrumb":{"@id":"https:\/\/dolores.ee\/lv\/toode\/the-perfect-pair\/#breadcrumb"},"inLanguage":"lv-LV","potentialAction":[{"@type":"ReadAction","target":["https:\/\/dolores.ee\/lv\/toode\/the-perfect-pair\/"]}]},{"@type":"ImageObject","inLanguage":"lv-LV","@id":"https:\/\/dolores.ee\/lv\/toode\/the-perfect-pair\/#primaryimage","url":"https:\/\/dolores.ee\/wp-content\/uploads\/2025\/12\/bez-nazvaniya-850-x-850-piks.-7.png","contentUrl":"https:\/\/dolores.ee\/wp-content\/uploads\/2025\/12\/bez-nazvaniya-850-x-850-piks.-7.png","width":850,"height":850},{"@type":"BreadcrumbList","@id":"https:\/\/dolores.ee\/lv\/toode\/the-perfect-pair\/#breadcrumb","itemListElement":[{"@type":"ListItem","position":1,"name":"Home","item":"https:\/\/dolores.ee\/lv\/"},{"@type":"ListItem","position":2,"name":"E-veikals","item":"https:\/\/dolores.ee\/lv\/e-veikals\/"},{"@type":"ListItem","position":3,"name":"GIGI THE PERFECT PAIR 50ml+50ml"}]},{"@type":"WebSite","@id":"https:\/\/dolores.ee\/lv\/#website","url":"https:\/\/dolores.ee\/lv\/","name":"Dolores e-pood","description":"Beauty Shop","publisher":{"@id":"https:\/\/dolores.ee\/lv\/#organization"},"alternateName":"Dolores","potentialAction":[{"@type":"SearchAction","target":{"@type":"EntryPoint","urlTemplate":"https:\/\/dolores.ee\/lv\/?s={search_term_string}"},"query-input":{"@type":"PropertyValueSpecification","valueRequired":true,"valueName":"search_term_string"}}],"inLanguage":"lv-LV"},{"@type":"Organization","@id":"https:\/\/dolores.ee\/lv\/#organization","name":"Dolores O\u00dc","alternateName":"Dolores e-pood","url":"https:\/\/dolores.ee\/lv\/","logo":{"@type":"ImageObject","inLanguage":"lv-LV","@id":"https:\/\/dolores.ee\/lv\/#\/schema\/logo\/image\/","url":"https:\/\/dolores.ee\/wp-content\/uploads\/2025\/04\/logo-1.jpg","contentUrl":"https:\/\/dolores.ee\/wp-content\/uploads\/2025\/04\/logo-1.jpg","width":1951,"height":660,"caption":"Dolores O\u00dc"},"image":{"@id":"https:\/\/dolores.ee\/lv\/#\/schema\/logo\/image\/"},"sameAs":["https:\/\/www.facebook.com\/doloresepood\/"],"description":"Dolores.ee on kaasaegne veebipood, kust leiad tuntud kaubam\u00e4rkide \u2013 GIGI, Anna Lotan, Hikari, Hlavin \u2013 originaalkosmeetikat. Pakume kvaliteetseid hooldustooteid taskukohaste hindadega ja kiire kohaletoimetamisega \u00fcle Eesti. Nahahooldus pole kunagi olnud nii lihtne ja soodne!","email":"dolores@dolores.ee","telephone":"372 644 2440","legalName":"Dolores O\u00dc","foundingDate":"1998-02-09","vatID":"EE100050280","numberOfEmployees":{"@type":"QuantitativeValue","minValue":"11","maxValue":"50"}}]}},"_links":{"self":[{"href":"https:\/\/dolores.ee\/lv\/wp-json\/wp\/v2\/product\/1001367","targetHints":{"allow":["GET"]}}],"collection":[{"href":"https:\/\/dolores.ee\/lv\/wp-json\/wp\/v2\/product"}],"about":[{"href":"https:\/\/dolores.ee\/lv\/wp-json\/wp\/v2\/types\/product"}],"replies":[{"embeddable":true,"href":"https:\/\/dolores.ee\/lv\/wp-json\/wp\/v2\/comments?post=1001367"}],"version-history":[{"count":4,"href":"https:\/\/dolores.ee\/lv\/wp-json\/wp\/v2\/product\/1001367\/revisions"}],"predecessor-version":[{"id":1001516,"href":"https:\/\/dolores.ee\/lv\/wp-json\/wp\/v2\/product\/1001367\/revisions\/1001516"}],"wp:featuredmedia":[{"embeddable":true,"href":"https:\/\/dolores.ee\/lv\/wp-json\/wp\/v2\/media\/1001369"}],"wp:attachment":[{"href":"https:\/\/dolores.ee\/lv\/wp-json\/wp\/v2\/media?parent=1001367"}],"wp:term":[{"taxonomy":"product_brand","embeddable":true,"href":"https:\/\/dolores.ee\/lv\/wp-json\/wp\/v2\/product_brand?post=1001367"},{"taxonomy":"product_cat","embeddable":true,"href":"https:\/\/dolores.ee\/lv\/wp-json\/wp\/v2\/product_cat?post=1001367"},{"taxonomy":"product_tag","embeddable":true,"href":"https:\/\/dolores.ee\/lv\/wp-json\/wp\/v2\/product_tag?post=1001367"},{"taxonomy":"giftcard-category","embeddable":true,"href":"https:\/\/dolores.ee\/lv\/wp-json\/wp\/v2\/giftcard-category?post=1001367"}],"curies":[{"name":"wp","href":"https:\/\/api.w.org\/{rel}","templated":true}]}}