{"id":1001390,"date":"2025-12-02T16:47:27","date_gmt":"2025-12-02T14:50:48","guid":{"rendered":"https:\/\/dolores.ee\/?post_type=product&#038;p=1001390"},"modified":"2025-12-12T10:16:41","modified_gmt":"2025-12-12T08:16:41","slug":"silky-smooth-duo","status":"publish","type":"product","link":"https:\/\/dolores.ee\/lv\/toode\/silky-smooth-duo\/","title":{"rendered":"GIGI SILKY SMOOTH DUO 30ml+50ml"},"content":{"rendered":"<div class=\"vgblk-rw-wrapper limit-wrapper\"><strong>GIGI Texture Resilience Serum 30 ml 61,60 eur<\/strong><\/p>\n<p>Mitmetoimeline seerum nahatekstuuri tugevdamiseks ja tootesarja muude hooldusvahendite toime parandamiseks. Seerum sisaldab rohkelt niisutavaid koostisosi, kofeiini ja taimset p\u00e4ritolu biotehnoloogiliste komponentide kompleksi. Juba esimese kasutuskorra j\u00e4rel toidab seerum n\u00e4o- ja kaelanahka t\u00e4htsate toitainetega ning suurendab kohe ja pikemaks ajaks naha loomulikku niiskussisaldust.<\/p>\n<p>Aitab s\u00e4ilitada naha elastsust, rahustab nahka ning leevendab p\u00f5letikku ja tundlikkust. Seerum aitab tugevdada naha loomulikku kaitsekihti, avaldab pikaajalist toimet ning sobib k\u00f5ikidele nahat\u00fc\u00fcpidele kasutamiseks nii hommikuti kui ka \u00f5htuti.<\/p>\n<p>Kasutamine: kandke puhtale nahale ja masseerige kergelt kuni t\u00e4ielikult imendumiseni. Soovitatav on kasutada sama sarja niisutava p\u00e4eva- v\u00f5i \u00f6\u00f6kreemi all.<\/p>\n<p>Ingredients: Water\/Aqua, Isononyl Isononanoate, Caprylic\/Capric Triglyceride, Cetearyl Alcohol, Dimethicone, Glycerin, Dimethylaminoethanol Tartrate, Pentylene Glycol, Arachidyl Alcohol, Behenyl Alcohol, Phenoxyethanol, Hydroxyethyl Acrylate\/Sodium Acryloyldimethyl Taurate Copolymer, Arachidyl Glucoside, Isohexadecane, Tocopheryl Acetate, Propanediol, Alpha-Glucan Oligosaccharide, Cellulose Gum, Chlorphenesin, Fragrance\/Parfum, Polyglutamic Acid, Sorbitan Tristearate, Triethanolamine, Xanthan Gum, Polysorbate 60, Caprylyl Glycol, Polymnia Sonchifolia Root Juice, Sorbitan Isostearate, Disodium EDTA, Maltodextrin, Lactobacillus, Bacillus Ferment, Lactic Acid\/Glycolic Acid Copolymer, Chlorella Vulgaris Extract, Polyvinyl Alcohol, Heptapeptide-15 Palmitate.<\/p>\n<p>&nbsp;<\/p>\n<p><strong>GIGI Texture Dynamic Day Make-Up SPF30 Light 01 50 ml 42,90 eur<\/strong><\/p>\n<p>Tooniv niisutuskreem p\u00e4ikesekaitsefaktoriga SPF 30 annab nahale loomuliku jume ja s\u00e4ra. Mitmeotstarbeline kreem niisutab, peidab ja kaitseb nahka p\u00e4ikesekiirguse eest.<\/p>\n<p>Kombineeritud koostis aitab nahal v\u00f5idelda viie vananemisilmingu vastu: eba\u00fchtlane jume, laigud, kortsud, kuivus ja karedus. Rikastatud naha tekstuuri parandava toimeainekompleksiga. Kaitseb t\u00f5husalt UV-kiirguse tekitatud kahju ja vabade radikaalide eest. Sisaldab ka puhtaid pigmente, mis tagavad \u00fchtlase jume ja peidavad naha iluvead. Nahk on p\u00e4rast kasutamist sile ja s\u00e4rav. Sobib igap\u00e4evaseks kasutuseks.<\/p>\n<p><strong>Kasutamine:<\/strong> katke kogu n\u00e4gu ja kaelapiirkond igal hommikul piisava koguse kreemiga jume \u00fchtlustamiseks ning naha kaitsmiseks.<\/p>\n<p>Ingredients: Water, Aqual, Ethylhexyl Methoxycinnamate, Octocrylene, Titanium Dioxide, C12-15 Alkyl Benzoate, Caprylic\/Capric Triglyceride, Diethylamino Hydroxybenzoyl Hexyl Benzoate, Talc, Glyceryl Myristate, Isononyl Isononanoate, Cyclopentasiloxane, Butylene Glycol, Paraffin, Propylene Glycol, Glycerin, Butyl Methoxydibenzoylmethane, Cetearyl Alcohol, Nylon-12, Potassium Cetyl Phosphate, Sorbitan Tristearate, Phenoxyethanol, Microcrystalline Cellulose, Fragrance (Parfum), Ammonium Acryloyldimethyltaurate\/VP Copolymer, CI 77492, Sodium Hydroxide, PEG-40 Stearate, CI 77491, Allantoin, Sodium Cetearyl Sulfate, Caffeine, Cellulose Gum, CI 77499, Disodium EDTA, Ethylhexylglycerin, Tocopheryl Acetate, Cyclohexasiloxane, Coffea Arabica Seed Extract, BHT, Lecithin, Triethoxycaprylylsilane, Disodium Phosphate, Dimethylaminoethanolamine Tartrate, Polyglutamic Acid, Propanediol, Alpha-Glucan Oligosaccharide, Polymnia Sonchifolia Root Juice, Maltodextrin, 1.2-Hexanediol, Caprylyl Glycol, Sodium Hyaluronate, Lactobacillus, Bacillus Ferment, Citral, Geraniol, Linalool.<\/p>\n<p>&nbsp;<\/p>\n<p><strong>GIGI Makeup Bag 15 eur<\/strong><\/div>\n<p><!-- .vgblk-rw-wrapper --><\/p>\n","protected":false},"excerpt":{"rendered":"<p>GIGI SILKY SMOOTH DUO<\/p>\n","protected":false},"featured_media":1001386,"comment_status":"open","ping_status":"closed","template":"","meta":[],"product_brand":[],"product_cat":[776,99,486,399,113,464,123],"product_tag":[],"giftcard-category":[],"class_list":{"0":"post-1001390","1":"product","2":"type-product","3":"status-publish","4":"has-post-thumbnail","6":"product_cat-kingituse-komplektid","7":"product_cat-gigi-et","8":"product_cat-texture-2","9":"product_cat-ale","10":"product_cat-komplektid","11":"product_cat-niisutavad-tooted","12":"product_cat-uued-tooted","14":"first","15":"instock","16":"sale","17":"taxable","18":"shipping-taxable","19":"purchasable","20":"product-type-simple"},"yoast_head":"<!-- This site is optimized with the Yoast SEO Premium plugin v25.1 (Yoast SEO v25.7) - https:\/\/yoast.com\/wordpress\/plugins\/seo\/ -->\n<title>GIGI SILKY SMOOTH DUO 30ml+50ml ~ Dolores<\/title>\n<meta name=\"robots\" content=\"index, follow, max-snippet:-1, max-image-preview:large, max-video-preview:-1\" \/>\n<link rel=\"canonical\" href=\"https:\/\/dolores.ee\/lv\/toode\/silky-smooth-duo\/\" \/>\n<meta property=\"og:locale\" content=\"lv_LV\" \/>\n<meta property=\"og:type\" content=\"article\" \/>\n<meta property=\"og:title\" content=\"GIGI SILKY SMOOTH DUO 30ml+50ml\" \/>\n<meta property=\"og:description\" content=\"GIGI SILKY SMOOTH DUO\" \/>\n<meta property=\"og:url\" content=\"https:\/\/dolores.ee\/lv\/toode\/silky-smooth-duo\/\" \/>\n<meta property=\"og:site_name\" content=\"Dolores\" \/>\n<meta property=\"article:publisher\" content=\"https:\/\/www.facebook.com\/doloresepood\/\" \/>\n<meta property=\"article:modified_time\" content=\"2025-12-12T08:16:41+00:00\" \/>\n<meta property=\"og:image\" content=\"https:\/\/dolores.ee\/wp-content\/uploads\/2025\/12\/589641129_1455921389743130_5433914173444205503_n.jpg\" \/>\n\t<meta property=\"og:image:width\" content=\"940\" \/>\n\t<meta property=\"og:image:height\" content=\"788\" \/>\n\t<meta property=\"og:image:type\" content=\"image\/jpeg\" \/>\n<meta name=\"twitter:card\" content=\"summary_large_image\" \/>\n<meta name=\"twitter:label1\" content=\"Est. reading time\" \/>\n\t<meta name=\"twitter:data1\" content=\"2 minutes\" \/>\n<script type=\"application\/ld+json\" class=\"yoast-schema-graph\">{\"@context\":\"https:\/\/schema.org\",\"@graph\":[{\"@type\":\"WebPage\",\"@id\":\"https:\/\/dolores.ee\/lv\/toode\/silky-smooth-duo\/\",\"url\":\"https:\/\/dolores.ee\/lv\/toode\/silky-smooth-duo\/\",\"name\":\"GIGI SILKY SMOOTH DUO 30ml+50ml ~ Dolores\",\"isPartOf\":{\"@id\":\"https:\/\/dolores.ee\/lv\/#website\"},\"primaryImageOfPage\":{\"@id\":\"https:\/\/dolores.ee\/lv\/toode\/silky-smooth-duo\/#primaryimage\"},\"image\":{\"@id\":\"https:\/\/dolores.ee\/lv\/toode\/silky-smooth-duo\/#primaryimage\"},\"thumbnailUrl\":\"https:\/\/dolores.ee\/wp-content\/uploads\/2025\/12\/589641129_1455921389743130_5433914173444205503_n.jpg\",\"datePublished\":\"2025-12-02T14:50:48+00:00\",\"dateModified\":\"2025-12-12T08:16:41+00:00\",\"breadcrumb\":{\"@id\":\"https:\/\/dolores.ee\/lv\/toode\/silky-smooth-duo\/#breadcrumb\"},\"inLanguage\":\"lv-LV\",\"potentialAction\":[{\"@type\":\"ReadAction\",\"target\":[\"https:\/\/dolores.ee\/lv\/toode\/silky-smooth-duo\/\"]}]},{\"@type\":\"ImageObject\",\"inLanguage\":\"lv-LV\",\"@id\":\"https:\/\/dolores.ee\/lv\/toode\/silky-smooth-duo\/#primaryimage\",\"url\":\"https:\/\/dolores.ee\/wp-content\/uploads\/2025\/12\/589641129_1455921389743130_5433914173444205503_n.jpg\",\"contentUrl\":\"https:\/\/dolores.ee\/wp-content\/uploads\/2025\/12\/589641129_1455921389743130_5433914173444205503_n.jpg\",\"width\":940,\"height\":788},{\"@type\":\"BreadcrumbList\",\"@id\":\"https:\/\/dolores.ee\/lv\/toode\/silky-smooth-duo\/#breadcrumb\",\"itemListElement\":[{\"@type\":\"ListItem\",\"position\":1,\"name\":\"Home\",\"item\":\"https:\/\/dolores.ee\/lv\/\"},{\"@type\":\"ListItem\",\"position\":2,\"name\":\"E-veikals\",\"item\":\"https:\/\/dolores.ee\/lv\/e-veikals\/\"},{\"@type\":\"ListItem\",\"position\":3,\"name\":\"GIGI SILKY SMOOTH DUO 30ml+50ml\"}]},{\"@type\":\"WebSite\",\"@id\":\"https:\/\/dolores.ee\/lv\/#website\",\"url\":\"https:\/\/dolores.ee\/lv\/\",\"name\":\"Dolores e-pood\",\"description\":\"Beauty Shop\",\"publisher\":{\"@id\":\"https:\/\/dolores.ee\/lv\/#organization\"},\"alternateName\":\"Dolores\",\"potentialAction\":[{\"@type\":\"SearchAction\",\"target\":{\"@type\":\"EntryPoint\",\"urlTemplate\":\"https:\/\/dolores.ee\/lv\/?s={search_term_string}\"},\"query-input\":{\"@type\":\"PropertyValueSpecification\",\"valueRequired\":true,\"valueName\":\"search_term_string\"}}],\"inLanguage\":\"lv-LV\"},{\"@type\":\"Organization\",\"@id\":\"https:\/\/dolores.ee\/lv\/#organization\",\"name\":\"Dolores O\u00dc\",\"alternateName\":\"Dolores e-pood\",\"url\":\"https:\/\/dolores.ee\/lv\/\",\"logo\":{\"@type\":\"ImageObject\",\"inLanguage\":\"lv-LV\",\"@id\":\"https:\/\/dolores.ee\/lv\/#\/schema\/logo\/image\/\",\"url\":\"https:\/\/dolores.ee\/wp-content\/uploads\/2025\/04\/logo-1.jpg\",\"contentUrl\":\"https:\/\/dolores.ee\/wp-content\/uploads\/2025\/04\/logo-1.jpg\",\"width\":1951,\"height\":660,\"caption\":\"Dolores O\u00dc\"},\"image\":{\"@id\":\"https:\/\/dolores.ee\/lv\/#\/schema\/logo\/image\/\"},\"sameAs\":[\"https:\/\/www.facebook.com\/doloresepood\/\"],\"description\":\"Dolores.ee on kaasaegne veebipood, kust leiad tuntud kaubam\u00e4rkide \u2013 GIGI, Anna Lotan, Hikari, Hlavin \u2013 originaalkosmeetikat. Pakume kvaliteetseid hooldustooteid taskukohaste hindadega ja kiire kohaletoimetamisega \u00fcle Eesti. Nahahooldus pole kunagi olnud nii lihtne ja soodne!\",\"email\":\"dolores@dolores.ee\",\"telephone\":\"372 644 2440\",\"legalName\":\"Dolores O\u00dc\",\"foundingDate\":\"1998-02-09\",\"vatID\":\"EE100050280\",\"numberOfEmployees\":{\"@type\":\"QuantitativeValue\",\"minValue\":\"11\",\"maxValue\":\"50\"}}]}<\/script>\n<!-- \/ Yoast SEO Premium plugin. -->","yoast_head_json":{"title":"GIGI SILKY SMOOTH DUO 30ml+50ml ~ Dolores","robots":{"index":"index","follow":"follow","max-snippet":"max-snippet:-1","max-image-preview":"max-image-preview:large","max-video-preview":"max-video-preview:-1"},"canonical":"https:\/\/dolores.ee\/lv\/toode\/silky-smooth-duo\/","og_locale":"lv_LV","og_type":"article","og_title":"GIGI SILKY SMOOTH DUO 30ml+50ml","og_description":"GIGI SILKY SMOOTH DUO","og_url":"https:\/\/dolores.ee\/lv\/toode\/silky-smooth-duo\/","og_site_name":"Dolores","article_publisher":"https:\/\/www.facebook.com\/doloresepood\/","article_modified_time":"2025-12-12T08:16:41+00:00","og_image":[{"width":940,"height":788,"url":"https:\/\/dolores.ee\/wp-content\/uploads\/2025\/12\/589641129_1455921389743130_5433914173444205503_n.jpg","type":"image\/jpeg"}],"twitter_card":"summary_large_image","twitter_misc":{"Est. reading time":"2 minutes"},"schema":{"@context":"https:\/\/schema.org","@graph":[{"@type":"WebPage","@id":"https:\/\/dolores.ee\/lv\/toode\/silky-smooth-duo\/","url":"https:\/\/dolores.ee\/lv\/toode\/silky-smooth-duo\/","name":"GIGI SILKY SMOOTH DUO 30ml+50ml ~ Dolores","isPartOf":{"@id":"https:\/\/dolores.ee\/lv\/#website"},"primaryImageOfPage":{"@id":"https:\/\/dolores.ee\/lv\/toode\/silky-smooth-duo\/#primaryimage"},"image":{"@id":"https:\/\/dolores.ee\/lv\/toode\/silky-smooth-duo\/#primaryimage"},"thumbnailUrl":"https:\/\/dolores.ee\/wp-content\/uploads\/2025\/12\/589641129_1455921389743130_5433914173444205503_n.jpg","datePublished":"2025-12-02T14:50:48+00:00","dateModified":"2025-12-12T08:16:41+00:00","breadcrumb":{"@id":"https:\/\/dolores.ee\/lv\/toode\/silky-smooth-duo\/#breadcrumb"},"inLanguage":"lv-LV","potentialAction":[{"@type":"ReadAction","target":["https:\/\/dolores.ee\/lv\/toode\/silky-smooth-duo\/"]}]},{"@type":"ImageObject","inLanguage":"lv-LV","@id":"https:\/\/dolores.ee\/lv\/toode\/silky-smooth-duo\/#primaryimage","url":"https:\/\/dolores.ee\/wp-content\/uploads\/2025\/12\/589641129_1455921389743130_5433914173444205503_n.jpg","contentUrl":"https:\/\/dolores.ee\/wp-content\/uploads\/2025\/12\/589641129_1455921389743130_5433914173444205503_n.jpg","width":940,"height":788},{"@type":"BreadcrumbList","@id":"https:\/\/dolores.ee\/lv\/toode\/silky-smooth-duo\/#breadcrumb","itemListElement":[{"@type":"ListItem","position":1,"name":"Home","item":"https:\/\/dolores.ee\/lv\/"},{"@type":"ListItem","position":2,"name":"E-veikals","item":"https:\/\/dolores.ee\/lv\/e-veikals\/"},{"@type":"ListItem","position":3,"name":"GIGI SILKY SMOOTH DUO 30ml+50ml"}]},{"@type":"WebSite","@id":"https:\/\/dolores.ee\/lv\/#website","url":"https:\/\/dolores.ee\/lv\/","name":"Dolores e-pood","description":"Beauty Shop","publisher":{"@id":"https:\/\/dolores.ee\/lv\/#organization"},"alternateName":"Dolores","potentialAction":[{"@type":"SearchAction","target":{"@type":"EntryPoint","urlTemplate":"https:\/\/dolores.ee\/lv\/?s={search_term_string}"},"query-input":{"@type":"PropertyValueSpecification","valueRequired":true,"valueName":"search_term_string"}}],"inLanguage":"lv-LV"},{"@type":"Organization","@id":"https:\/\/dolores.ee\/lv\/#organization","name":"Dolores O\u00dc","alternateName":"Dolores e-pood","url":"https:\/\/dolores.ee\/lv\/","logo":{"@type":"ImageObject","inLanguage":"lv-LV","@id":"https:\/\/dolores.ee\/lv\/#\/schema\/logo\/image\/","url":"https:\/\/dolores.ee\/wp-content\/uploads\/2025\/04\/logo-1.jpg","contentUrl":"https:\/\/dolores.ee\/wp-content\/uploads\/2025\/04\/logo-1.jpg","width":1951,"height":660,"caption":"Dolores O\u00dc"},"image":{"@id":"https:\/\/dolores.ee\/lv\/#\/schema\/logo\/image\/"},"sameAs":["https:\/\/www.facebook.com\/doloresepood\/"],"description":"Dolores.ee on kaasaegne veebipood, kust leiad tuntud kaubam\u00e4rkide \u2013 GIGI, Anna Lotan, Hikari, Hlavin \u2013 originaalkosmeetikat. Pakume kvaliteetseid hooldustooteid taskukohaste hindadega ja kiire kohaletoimetamisega \u00fcle Eesti. Nahahooldus pole kunagi olnud nii lihtne ja soodne!","email":"dolores@dolores.ee","telephone":"372 644 2440","legalName":"Dolores O\u00dc","foundingDate":"1998-02-09","vatID":"EE100050280","numberOfEmployees":{"@type":"QuantitativeValue","minValue":"11","maxValue":"50"}}]}},"_links":{"self":[{"href":"https:\/\/dolores.ee\/lv\/wp-json\/wp\/v2\/product\/1001390","targetHints":{"allow":["GET"]}}],"collection":[{"href":"https:\/\/dolores.ee\/lv\/wp-json\/wp\/v2\/product"}],"about":[{"href":"https:\/\/dolores.ee\/lv\/wp-json\/wp\/v2\/types\/product"}],"replies":[{"embeddable":true,"href":"https:\/\/dolores.ee\/lv\/wp-json\/wp\/v2\/comments?post=1001390"}],"version-history":[{"count":5,"href":"https:\/\/dolores.ee\/lv\/wp-json\/wp\/v2\/product\/1001390\/revisions"}],"predecessor-version":[{"id":1001515,"href":"https:\/\/dolores.ee\/lv\/wp-json\/wp\/v2\/product\/1001390\/revisions\/1001515"}],"wp:featuredmedia":[{"embeddable":true,"href":"https:\/\/dolores.ee\/lv\/wp-json\/wp\/v2\/media\/1001386"}],"wp:attachment":[{"href":"https:\/\/dolores.ee\/lv\/wp-json\/wp\/v2\/media?parent=1001390"}],"wp:term":[{"taxonomy":"product_brand","embeddable":true,"href":"https:\/\/dolores.ee\/lv\/wp-json\/wp\/v2\/product_brand?post=1001390"},{"taxonomy":"product_cat","embeddable":true,"href":"https:\/\/dolores.ee\/lv\/wp-json\/wp\/v2\/product_cat?post=1001390"},{"taxonomy":"product_tag","embeddable":true,"href":"https:\/\/dolores.ee\/lv\/wp-json\/wp\/v2\/product_tag?post=1001390"},{"taxonomy":"giftcard-category","embeddable":true,"href":"https:\/\/dolores.ee\/lv\/wp-json\/wp\/v2\/giftcard-category?post=1001390"}],"curies":[{"name":"wp","href":"https:\/\/api.w.org\/{rel}","templated":true}]}}