{"id":1001400,"date":"2025-12-03T10:52:25","date_gmt":"2025-12-03T08:56:46","guid":{"rendered":"https:\/\/dolores.ee\/?post_type=product&#038;p=1001400"},"modified":"2026-04-09T09:42:44","modified_gmt":"2026-04-09T06:42:44","slug":"the-texture-trio","status":"publish","type":"product","link":"https:\/\/dolores.ee\/lv\/toode\/the-texture-trio\/","title":{"rendered":"GIGI THE TEXTURE TRIO 50ml+120ml+20ml"},"content":{"rendered":"<div class=\"vgblk-rw-wrapper limit-wrapper\"><strong>GIGI Texture QBS Peeling 50 ml 46,20 eur<\/strong><\/p>\n<p>Ens\u00fc\u00fcmpiiling eemaldab pehmelt naha pindmise, elututest rakkudest koosneva kihi, ergutades seega naha elutegevust ja uuenemist. T\u00f5husa toime tagavad aktiivsed puhastava toimega ens\u00fc\u00fcmid ja uuenduslik TPC5\u00ae kompleks. Spirulina kaitseb uusi naharakke ja stimuleerib nende kasvu. Tulemuseks on veatult sile, heas toonuses nahk ning optimaalne mikrobioom. Unikaalse koostisega piiling sobib suurep\u00e4raselt n\u00e4omassaa\u017eiks, soodustades l\u00fcmfidrenaa\u017ei ja tursete v\u00e4henemist.<\/p>\n<p>Ei p\u00f5hjusta naha\u00e4rritust, sobib tundlikule nahale.<\/p>\n<p><strong>Kasutamine<\/strong>: Kandke ens\u00fc\u00fcmpiilingut n\u00e4ole, kaelale ja dekolteepiirkonda ning kasutage toimimisaega massaa\u017eiks. Umbes 10 minuti m\u00f6\u00f6dudes loputage toode hoolikalt maha.<\/p>\n<p>Ingredients: Ethylhexyl Palmitate, Water\/Aqua, Oleth-20, Methyl Gluceth-20, Dimethicone, Glycerin, Sorbitol, Polyacrylamide, Phenoxyethanol, Dimethicone Crosspolymer, C13-14 Isoparaffin, Limonene, Caffeine, Butylene Glycol, Bromelain, Laureth-7, Chlorphenesin, Lavandula Hybrida Oil, Coffea Arabica Seed Extract, Sodium Benzoate, Linalool, Ethylhexylglycerin, Ubiquinone, Lecithin, Citrus Aurantium Dulcis Oil, Polyglutamic Acid, Spirulina Platensis Extract, Propanediol, Dimethylaminoethanol Tartrate, Malic Acid, Alpha-Glucan Oligosaccharide, Polymnia Sonchifolia Root Juice, Maltodextrin, Bacillus Ferment, Lactic Acid\/Glycolic Acid Copolymer, Chlorella Vulgaris Extract, Polyvinyl Alcohol, Heptapeptide- 15 Palmitate, Lactobacillus.<\/p>\n<p>&nbsp;<\/p>\n<p><strong>GIGI Texture LBA Toner 120 ml 31,90 eur<\/strong><\/p>\n<ul>\n<li>Ainulaadne laktobioonhapet sisaldav kooriv n\u00e4ovesi, mis puhastab ja tasakaalustab k\u00f5iki nahat\u00fc\u00fcpe ning taastab naha niiskussisalduse.<\/li>\n<li>N\u00e4ovesi aitab eemaldada pindmise mustuse, liigse rasu ja surnud naharakud, taastab naha happesuse ning suurendab naha suutlikkust niiskust talletada.<\/li>\n<li>N\u00e4ovesi sisaldab ka h\u00fcaluroonhapet ja h\u00f5beremmelga koorest saadud taimseid ekstrakte, mis aitavad poore nii puhastada kui ka v\u00e4hendada.<\/li>\n<li>Valge tr\u00fchvli ekstrakt sisaldab rikkalikult keramiide, mis aitavad tugevdada naha kaitsekihti. Sobib kasutamiseks hommikuti ja \u00f5htuti olenevalt naha vajadustest.<\/li>\n<\/ul>\n<p>Kasutamine: kandke n\u00e4ovesi vatipadjale ja puhastage sellega p\u00f5hjalikult nahka. Igat t\u00fc\u00fcpi naha hooldustoimingud on soovitatav l\u00f5petada n\u00e4oveega, mis reguleerib naha happesust ja hoiab \u00e4ra kuivamise.<\/p>\n<p>Ingredients: Water\/Aqua, propanediol, Betaine, Polysorbate20, Phjenoxyethanol, lactobionic Acid, Hydrogenated Castor Oil, leuconostoc, Glycerin, Fragrance\/parfum, Potassium Sorbate, Sodium Benzonate, Salix nigra Bark extract, Caprylic Glycol, Tiber Aestivum extract, Polyglutamic Acid, Alpha-Glycan Oligosahharide, Polumnia Sonhifolia Root Juice, Maltodextrin, Citric Acid, Lactobacillus, Baccilus Ferment<\/p>\n<p>&nbsp;<\/p>\n<p><strong>GIGI Texture Magic Eye Rescue Cream 20 ml 44,00 eur<\/strong><\/p>\n<p>Kerge ja v\u00e4rskendava tekstuuriga silma\u00fcmbruskreem aitab ennetada miimikakortsude teket ning muudab tumedad r\u00f5ngad heledamaks. Kreem sisaldab niisutavaid komponente, vitamiine, kofeiini ja loodusliku p\u00e4ritoluga biotehnoloogiliste koostisosade kompleksi, mis tugevdavad naha kaitses\u00fcsteemi, takistavad v\u00e4simuskortsude teket ja s\u00e4ilitavad naha loomuliku niiskuse. Leevendab keskkonnategurite kahjulikku m\u00f5ju, toidab t\u00f5husalt, suurendab naha niiskussisaldust, v\u00e4hendab stressi, kiirendab kapillaaride mikrovereringet ning v\u00e4hendab naha tundlikkust ja p\u00f5letikulisust.<\/p>\n<p>Kasutage hommikuti ja \u00f5htuti esimese hooldusetapina enne seerumi ning niisutava kreemi pealekandmist.<\/p>\n<p>Ingredients: Water\/Aqua, Aloe Barbadensis Leaf Juice, Glycerin, Alcohol Denat., Dimethicone, Cetyl Alcohol, Propanediol, Dimethylaminoethanol Tartrate, Pentylene Glycol, Squalane, PEG-8 Beeswax, Cetearyl Alcohol, Triethanolamine, Phenoxyethanol, Hydroxyethyl Acrylate\/Sodium Acryloyldimethyl Taurate Copolymer, Dimethicone Crosspolymer, Isohexadecane, CI 77891, Octyldodecanol, PVP, Silica, Talc, Cetearyl Glucoside, Alpha-Glucan Oligosaccharide, Allantoin, Carbomer, Ethylhexylglycerin, Albizia Julibrissin Bark Extract, Chlorphenesin, Parfum, Polyglutamic Acid, Polysorbate 60, Caffeine, Polymnia Sonchifolia Root Juice, Coffea Arabica Seed Extract, Disodium EDTA, Maltodextrin, Sorbitan Isostearate, Glyceryl Acrylate\/Acrylic Acid Copolymer, PVM\/MA Copolymer, Lecithin, Lactobacillus, Glucose, Bacillus Ferment, Sodium Benzoate, Darutoside, Lactic Acid\/Glycolic Acid Copolymer, Chlorella Vulgaris Extract, Polyvinyl Alcohol, Heptapeptide-15 Palmitate.<\/p>\n<p>&nbsp;<\/p>\n<p><strong>GIGI Makeup Bag 10 eur<\/strong><\/div>\n<p><!-- .vgblk-rw-wrapper --><\/p>\n","protected":false},"excerpt":{"rendered":"<p>GIGI THE TEXTURE TRIO<\/p>\n","protected":false},"featured_media":1001382,"comment_status":"open","ping_status":"closed","template":"","meta":[],"product_brand":[],"product_cat":[776,99,486,399,243,113,464,123],"product_tag":[],"giftcard-category":[],"class_list":{"0":"post-1001400","1":"product","2":"type-product","3":"status-publish","4":"has-post-thumbnail","6":"product_cat-kingituse-komplektid","7":"product_cat-gigi-et","8":"product_cat-texture-2","9":"product_cat-ale","10":"product_cat-avaleht-naohooldus","11":"product_cat-komplektid","12":"product_cat-niisutavad-tooted","13":"product_cat-uued-tooted","15":"first","16":"instock","17":"sale","18":"taxable","19":"shipping-taxable","20":"purchasable","21":"product-type-simple"},"yoast_head":"<!-- This site is optimized with the Yoast SEO Premium plugin v25.1 (Yoast SEO v25.7) - https:\/\/yoast.com\/wordpress\/plugins\/seo\/ -->\n<title>GIGI THE TEXTURE TRIO 50ml+120ml+20ml ~ Dolores<\/title>\n<meta name=\"robots\" content=\"index, follow, max-snippet:-1, max-image-preview:large, max-video-preview:-1\" \/>\n<link rel=\"canonical\" href=\"https:\/\/dolores.ee\/lv\/toode\/the-texture-trio\/\" \/>\n<meta property=\"og:locale\" content=\"lv_LV\" \/>\n<meta property=\"og:type\" content=\"article\" \/>\n<meta property=\"og:title\" content=\"GIGI THE TEXTURE TRIO 50ml+120ml+20ml\" \/>\n<meta property=\"og:description\" content=\"GIGI THE TEXTURE TRIO\" \/>\n<meta property=\"og:url\" content=\"https:\/\/dolores.ee\/lv\/toode\/the-texture-trio\/\" \/>\n<meta property=\"og:site_name\" content=\"Dolores\" \/>\n<meta property=\"article:publisher\" content=\"https:\/\/www.facebook.com\/doloresepood\/\" \/>\n<meta property=\"article:modified_time\" content=\"2026-04-09T06:42:44+00:00\" \/>\n<meta property=\"og:image\" content=\"https:\/\/dolores.ee\/wp-content\/uploads\/2025\/12\/589175771_1455020296499906_212271683666929627_n.jpg\" \/>\n\t<meta property=\"og:image:width\" content=\"940\" \/>\n\t<meta property=\"og:image:height\" content=\"788\" \/>\n\t<meta property=\"og:image:type\" content=\"image\/jpeg\" \/>\n<meta name=\"twitter:card\" content=\"summary_large_image\" \/>\n<meta name=\"twitter:label1\" content=\"Est. reading time\" \/>\n\t<meta name=\"twitter:data1\" content=\"3 minutes\" \/>\n<script type=\"application\/ld+json\" class=\"yoast-schema-graph\">{\"@context\":\"https:\/\/schema.org\",\"@graph\":[{\"@type\":\"WebPage\",\"@id\":\"https:\/\/dolores.ee\/lv\/toode\/the-texture-trio\/\",\"url\":\"https:\/\/dolores.ee\/lv\/toode\/the-texture-trio\/\",\"name\":\"GIGI THE TEXTURE TRIO 50ml+120ml+20ml ~ Dolores\",\"isPartOf\":{\"@id\":\"https:\/\/dolores.ee\/lv\/#website\"},\"primaryImageOfPage\":{\"@id\":\"https:\/\/dolores.ee\/lv\/toode\/the-texture-trio\/#primaryimage\"},\"image\":{\"@id\":\"https:\/\/dolores.ee\/lv\/toode\/the-texture-trio\/#primaryimage\"},\"thumbnailUrl\":\"https:\/\/dolores.ee\/wp-content\/uploads\/2025\/12\/589175771_1455020296499906_212271683666929627_n.jpg\",\"datePublished\":\"2025-12-03T08:56:46+00:00\",\"dateModified\":\"2026-04-09T06:42:44+00:00\",\"breadcrumb\":{\"@id\":\"https:\/\/dolores.ee\/lv\/toode\/the-texture-trio\/#breadcrumb\"},\"inLanguage\":\"lv-LV\",\"potentialAction\":[{\"@type\":\"ReadAction\",\"target\":[\"https:\/\/dolores.ee\/lv\/toode\/the-texture-trio\/\"]}]},{\"@type\":\"ImageObject\",\"inLanguage\":\"lv-LV\",\"@id\":\"https:\/\/dolores.ee\/lv\/toode\/the-texture-trio\/#primaryimage\",\"url\":\"https:\/\/dolores.ee\/wp-content\/uploads\/2025\/12\/589175771_1455020296499906_212271683666929627_n.jpg\",\"contentUrl\":\"https:\/\/dolores.ee\/wp-content\/uploads\/2025\/12\/589175771_1455020296499906_212271683666929627_n.jpg\",\"width\":940,\"height\":788},{\"@type\":\"BreadcrumbList\",\"@id\":\"https:\/\/dolores.ee\/lv\/toode\/the-texture-trio\/#breadcrumb\",\"itemListElement\":[{\"@type\":\"ListItem\",\"position\":1,\"name\":\"Home\",\"item\":\"https:\/\/dolores.ee\/lv\/\"},{\"@type\":\"ListItem\",\"position\":2,\"name\":\"E-veikals\",\"item\":\"https:\/\/dolores.ee\/lv\/e-veikals\/\"},{\"@type\":\"ListItem\",\"position\":3,\"name\":\"GIGI THE TEXTURE TRIO 50ml+120ml+20ml\"}]},{\"@type\":\"WebSite\",\"@id\":\"https:\/\/dolores.ee\/lv\/#website\",\"url\":\"https:\/\/dolores.ee\/lv\/\",\"name\":\"Dolores e-pood\",\"description\":\"Beauty Shop\",\"publisher\":{\"@id\":\"https:\/\/dolores.ee\/lv\/#organization\"},\"alternateName\":\"Dolores\",\"potentialAction\":[{\"@type\":\"SearchAction\",\"target\":{\"@type\":\"EntryPoint\",\"urlTemplate\":\"https:\/\/dolores.ee\/lv\/?s={search_term_string}\"},\"query-input\":{\"@type\":\"PropertyValueSpecification\",\"valueRequired\":true,\"valueName\":\"search_term_string\"}}],\"inLanguage\":\"lv-LV\"},{\"@type\":\"Organization\",\"@id\":\"https:\/\/dolores.ee\/lv\/#organization\",\"name\":\"Dolores O\u00dc\",\"alternateName\":\"Dolores e-pood\",\"url\":\"https:\/\/dolores.ee\/lv\/\",\"logo\":{\"@type\":\"ImageObject\",\"inLanguage\":\"lv-LV\",\"@id\":\"https:\/\/dolores.ee\/lv\/#\/schema\/logo\/image\/\",\"url\":\"https:\/\/dolores.ee\/wp-content\/uploads\/2025\/04\/logo-1.jpg\",\"contentUrl\":\"https:\/\/dolores.ee\/wp-content\/uploads\/2025\/04\/logo-1.jpg\",\"width\":1951,\"height\":660,\"caption\":\"Dolores O\u00dc\"},\"image\":{\"@id\":\"https:\/\/dolores.ee\/lv\/#\/schema\/logo\/image\/\"},\"sameAs\":[\"https:\/\/www.facebook.com\/doloresepood\/\"],\"description\":\"Dolores.ee on kaasaegne veebipood, kust leiad tuntud kaubam\u00e4rkide \u2013 GIGI, Anna Lotan, Hikari, Hlavin \u2013 originaalkosmeetikat. Pakume kvaliteetseid hooldustooteid taskukohaste hindadega ja kiire kohaletoimetamisega \u00fcle Eesti. Nahahooldus pole kunagi olnud nii lihtne ja soodne!\",\"email\":\"dolores@dolores.ee\",\"telephone\":\"372 644 2440\",\"legalName\":\"Dolores O\u00dc\",\"foundingDate\":\"1998-02-09\",\"vatID\":\"EE100050280\",\"numberOfEmployees\":{\"@type\":\"QuantitativeValue\",\"minValue\":\"11\",\"maxValue\":\"50\"}}]}<\/script>\n<!-- \/ Yoast SEO Premium plugin. -->","yoast_head_json":{"title":"GIGI THE TEXTURE TRIO 50ml+120ml+20ml ~ Dolores","robots":{"index":"index","follow":"follow","max-snippet":"max-snippet:-1","max-image-preview":"max-image-preview:large","max-video-preview":"max-video-preview:-1"},"canonical":"https:\/\/dolores.ee\/lv\/toode\/the-texture-trio\/","og_locale":"lv_LV","og_type":"article","og_title":"GIGI THE TEXTURE TRIO 50ml+120ml+20ml","og_description":"GIGI THE TEXTURE TRIO","og_url":"https:\/\/dolores.ee\/lv\/toode\/the-texture-trio\/","og_site_name":"Dolores","article_publisher":"https:\/\/www.facebook.com\/doloresepood\/","article_modified_time":"2026-04-09T06:42:44+00:00","og_image":[{"width":940,"height":788,"url":"https:\/\/dolores.ee\/wp-content\/uploads\/2025\/12\/589175771_1455020296499906_212271683666929627_n.jpg","type":"image\/jpeg"}],"twitter_card":"summary_large_image","twitter_misc":{"Est. reading time":"3 minutes"},"schema":{"@context":"https:\/\/schema.org","@graph":[{"@type":"WebPage","@id":"https:\/\/dolores.ee\/lv\/toode\/the-texture-trio\/","url":"https:\/\/dolores.ee\/lv\/toode\/the-texture-trio\/","name":"GIGI THE TEXTURE TRIO 50ml+120ml+20ml ~ Dolores","isPartOf":{"@id":"https:\/\/dolores.ee\/lv\/#website"},"primaryImageOfPage":{"@id":"https:\/\/dolores.ee\/lv\/toode\/the-texture-trio\/#primaryimage"},"image":{"@id":"https:\/\/dolores.ee\/lv\/toode\/the-texture-trio\/#primaryimage"},"thumbnailUrl":"https:\/\/dolores.ee\/wp-content\/uploads\/2025\/12\/589175771_1455020296499906_212271683666929627_n.jpg","datePublished":"2025-12-03T08:56:46+00:00","dateModified":"2026-04-09T06:42:44+00:00","breadcrumb":{"@id":"https:\/\/dolores.ee\/lv\/toode\/the-texture-trio\/#breadcrumb"},"inLanguage":"lv-LV","potentialAction":[{"@type":"ReadAction","target":["https:\/\/dolores.ee\/lv\/toode\/the-texture-trio\/"]}]},{"@type":"ImageObject","inLanguage":"lv-LV","@id":"https:\/\/dolores.ee\/lv\/toode\/the-texture-trio\/#primaryimage","url":"https:\/\/dolores.ee\/wp-content\/uploads\/2025\/12\/589175771_1455020296499906_212271683666929627_n.jpg","contentUrl":"https:\/\/dolores.ee\/wp-content\/uploads\/2025\/12\/589175771_1455020296499906_212271683666929627_n.jpg","width":940,"height":788},{"@type":"BreadcrumbList","@id":"https:\/\/dolores.ee\/lv\/toode\/the-texture-trio\/#breadcrumb","itemListElement":[{"@type":"ListItem","position":1,"name":"Home","item":"https:\/\/dolores.ee\/lv\/"},{"@type":"ListItem","position":2,"name":"E-veikals","item":"https:\/\/dolores.ee\/lv\/e-veikals\/"},{"@type":"ListItem","position":3,"name":"GIGI THE TEXTURE TRIO 50ml+120ml+20ml"}]},{"@type":"WebSite","@id":"https:\/\/dolores.ee\/lv\/#website","url":"https:\/\/dolores.ee\/lv\/","name":"Dolores e-pood","description":"Beauty Shop","publisher":{"@id":"https:\/\/dolores.ee\/lv\/#organization"},"alternateName":"Dolores","potentialAction":[{"@type":"SearchAction","target":{"@type":"EntryPoint","urlTemplate":"https:\/\/dolores.ee\/lv\/?s={search_term_string}"},"query-input":{"@type":"PropertyValueSpecification","valueRequired":true,"valueName":"search_term_string"}}],"inLanguage":"lv-LV"},{"@type":"Organization","@id":"https:\/\/dolores.ee\/lv\/#organization","name":"Dolores O\u00dc","alternateName":"Dolores e-pood","url":"https:\/\/dolores.ee\/lv\/","logo":{"@type":"ImageObject","inLanguage":"lv-LV","@id":"https:\/\/dolores.ee\/lv\/#\/schema\/logo\/image\/","url":"https:\/\/dolores.ee\/wp-content\/uploads\/2025\/04\/logo-1.jpg","contentUrl":"https:\/\/dolores.ee\/wp-content\/uploads\/2025\/04\/logo-1.jpg","width":1951,"height":660,"caption":"Dolores O\u00dc"},"image":{"@id":"https:\/\/dolores.ee\/lv\/#\/schema\/logo\/image\/"},"sameAs":["https:\/\/www.facebook.com\/doloresepood\/"],"description":"Dolores.ee on kaasaegne veebipood, kust leiad tuntud kaubam\u00e4rkide \u2013 GIGI, Anna Lotan, Hikari, Hlavin \u2013 originaalkosmeetikat. Pakume kvaliteetseid hooldustooteid taskukohaste hindadega ja kiire kohaletoimetamisega \u00fcle Eesti. Nahahooldus pole kunagi olnud nii lihtne ja soodne!","email":"dolores@dolores.ee","telephone":"372 644 2440","legalName":"Dolores O\u00dc","foundingDate":"1998-02-09","vatID":"EE100050280","numberOfEmployees":{"@type":"QuantitativeValue","minValue":"11","maxValue":"50"}}]}},"_links":{"self":[{"href":"https:\/\/dolores.ee\/lv\/wp-json\/wp\/v2\/product\/1001400","targetHints":{"allow":["GET"]}}],"collection":[{"href":"https:\/\/dolores.ee\/lv\/wp-json\/wp\/v2\/product"}],"about":[{"href":"https:\/\/dolores.ee\/lv\/wp-json\/wp\/v2\/types\/product"}],"replies":[{"embeddable":true,"href":"https:\/\/dolores.ee\/lv\/wp-json\/wp\/v2\/comments?post=1001400"}],"version-history":[{"count":3,"href":"https:\/\/dolores.ee\/lv\/wp-json\/wp\/v2\/product\/1001400\/revisions"}],"predecessor-version":[{"id":1001445,"href":"https:\/\/dolores.ee\/lv\/wp-json\/wp\/v2\/product\/1001400\/revisions\/1001445"}],"wp:featuredmedia":[{"embeddable":true,"href":"https:\/\/dolores.ee\/lv\/wp-json\/wp\/v2\/media\/1001382"}],"wp:attachment":[{"href":"https:\/\/dolores.ee\/lv\/wp-json\/wp\/v2\/media?parent=1001400"}],"wp:term":[{"taxonomy":"product_brand","embeddable":true,"href":"https:\/\/dolores.ee\/lv\/wp-json\/wp\/v2\/product_brand?post=1001400"},{"taxonomy":"product_cat","embeddable":true,"href":"https:\/\/dolores.ee\/lv\/wp-json\/wp\/v2\/product_cat?post=1001400"},{"taxonomy":"product_tag","embeddable":true,"href":"https:\/\/dolores.ee\/lv\/wp-json\/wp\/v2\/product_tag?post=1001400"},{"taxonomy":"giftcard-category","embeddable":true,"href":"https:\/\/dolores.ee\/lv\/wp-json\/wp\/v2\/giftcard-category?post=1001400"}],"curies":[{"name":"wp","href":"https:\/\/api.w.org\/{rel}","templated":true}]}}