{"id":1001739,"date":"2026-01-02T12:27:44","date_gmt":"2026-01-02T10:49:56","guid":{"rendered":"https:\/\/dolores.ee\/?post_type=product&#038;p=1001739"},"modified":"2026-03-01T13:06:34","modified_gmt":"2026-03-01T11:06:34","slug":"anna-lotan-body-care-bio-mineral-scrub-200-ml","status":"publish","type":"product","link":"https:\/\/dolores.ee\/lv\/toode\/anna-lotan-body-care-bio-mineral-scrub-200-ml\/","title":{"rendered":"Anna Lotan Body Care Bio Mineral Scrub 200 ml"},"content":{"rendered":"<div class=\"vgblk-rw-wrapper limit-wrapper\">\n<p data-start=\"0\" data-end=\"666\">V\u00e4rskendav, nahka siluv, s\u00fcgavpuhastav ja kooriv n\u00e4o- ja kehascrub. Surnumere mineraalide ning Vahemere \u00fcrtide toniseerivate ekstraktide kombinatsioon aitab t\u00f5husalt kaasa koorimisele, h\u00f5lbustades surnud naharakkude eemaldamist naha pinnalt. Looduslikud Surnumere mineraalid sulavad kasutamise ajal koheselt, ennetavad naha kahjustamist \u201e\u00fclekoorimise\u201c t\u00f5ttu ning j\u00e4tavad naha sametiselt pehmeks. \u00d6konoomne ja lihtne kasutada \u2013 juba v\u00e4ikesest kogusest piisab maksimaalse tulemuse saavutamiseks v\u00e4hem kui minutiga. Sobib ideaalselt nii n\u00e4okoorijaks kui ka du\u0161i all kasutamiseks kehascrubina. Sobib k\u00f5ikidele nahat\u00fc\u00fcpidele, eriti t\u00f5hus rasusele ja kombineeritud nahale.<\/p>\n<p data-start=\"668\" data-end=\"893\" data-is-last-node=\"\" data-is-only-node=\"\"><strong data-start=\"668\" data-end=\"683\">Kasutamine:<\/strong><br data-start=\"683\" data-end=\"686\" \/>Kandke v\u00e4ike kogus toodet nahale. Jaotage koorija niiskete s\u00f5rmeotstega kogu nahale, lisades j\u00e4rk-j\u00e4rgult vett, kuni toode on t\u00e4ielikult maha loputatud. Kasutage 1\u20133 korda n\u00e4dalas vastavalt naha vajadustele.<\/p>\n<p>Ingredients: Maris Sal (Sea Salt), Aqua (Water), Glyceryl Stearate, PEG-100 Stearate, Cetearyl Alcohol, Lauryl Glucoside, Coco-Betaine, Magnesium Aluminum Silicate, Lactic Acid, Cetyl Phosphate, Glycerin, Butylene Glycol, Sodium Lactate, Sodium Hydroxide, Chamomilla Recutita (Matricaria) Flower Extract, Phenoxyethanol, Equisetum Arvense Extract, Humulus Lupulus (Hops) Extract, Melissa Officinalis Leaf Extract, Rosmarinus Officinalis (Rosemary) Leaf Extract, Salvia Officinalis (Sage) Leaf Extract, Urtica Dioica (Nettle) Extract, Hamamelis Virginiana (Witch Hazel) Leaf Extract, Tocopherol, Aloe Barbadensis Leaf Juice Powder, Disodium EDTA, Ethylhexylglycerin, Beta-Sitosterol, Parfum (Fragrance), Squalene.<\/p><\/div>\n<p><!-- .vgblk-rw-wrapper --><\/p>\n","protected":false},"excerpt":{"rendered":"<p>Anna Lotan Body Care Bio Mineral Scrub<\/p>\n","protected":false},"featured_media":1001735,"comment_status":"open","ping_status":"closed","template":"","meta":[],"product_brand":[],"product_cat":[73,309,77,194,123],"product_tag":[],"giftcard-category":[],"class_list":{"0":"post-1001739","1":"product","2":"type-product","3":"status-publish","4":"has-post-thumbnail","6":"product_cat-anna-lotan-et","7":"product_cat-body-care-et","8":"product_cat-1-kehahooldus","9":"product_cat-vanni-ja-dusi-jaoks-et","10":"product_cat-uued-tooted","12":"first","13":"instock","14":"taxable","15":"shipping-taxable","16":"purchasable","17":"product-type-simple"},"yoast_head":"<!-- This site is optimized with the Yoast SEO Premium plugin v25.1 (Yoast SEO v25.7) - https:\/\/yoast.com\/wordpress\/plugins\/seo\/ -->\n<title>Anna Lotan Body Care Bio Mineral Scrub 200 ml ~ Dolores<\/title>\n<meta name=\"robots\" content=\"index, follow, max-snippet:-1, max-image-preview:large, max-video-preview:-1\" \/>\n<link rel=\"canonical\" href=\"https:\/\/dolores.ee\/lv\/toode\/anna-lotan-body-care-bio-mineral-scrub-200-ml\/\" \/>\n<meta property=\"og:locale\" content=\"lv_LV\" \/>\n<meta property=\"og:type\" content=\"article\" \/>\n<meta property=\"og:title\" content=\"Anna Lotan Body Care Bio Mineral Scrub 200 ml\" \/>\n<meta property=\"og:description\" content=\"Anna Lotan Body Care Bio Mineral Scrub\" \/>\n<meta property=\"og:url\" content=\"https:\/\/dolores.ee\/lv\/toode\/anna-lotan-body-care-bio-mineral-scrub-200-ml\/\" \/>\n<meta property=\"og:site_name\" content=\"Dolores\" \/>\n<meta property=\"article:publisher\" content=\"https:\/\/www.facebook.com\/doloresepood\/\" \/>\n<meta property=\"article:modified_time\" content=\"2026-03-01T11:06:34+00:00\" \/>\n<meta property=\"og:image\" content=\"https:\/\/dolores.ee\/wp-content\/uploads\/2026\/01\/bio-mineral-scrub-anna-lotan_1.webp\" \/>\n\t<meta property=\"og:image:width\" content=\"500\" \/>\n\t<meta property=\"og:image:height\" content=\"500\" \/>\n\t<meta property=\"og:image:type\" content=\"image\/webp\" \/>\n<meta name=\"twitter:card\" content=\"summary_large_image\" \/>\n<meta name=\"twitter:label1\" content=\"Est. reading time\" \/>\n\t<meta name=\"twitter:data1\" content=\"2 minutes\" \/>\n<script type=\"application\/ld+json\" class=\"yoast-schema-graph\">{\"@context\":\"https:\/\/schema.org\",\"@graph\":[{\"@type\":\"WebPage\",\"@id\":\"https:\/\/dolores.ee\/lv\/toode\/anna-lotan-body-care-bio-mineral-scrub-200-ml\/\",\"url\":\"https:\/\/dolores.ee\/lv\/toode\/anna-lotan-body-care-bio-mineral-scrub-200-ml\/\",\"name\":\"Anna Lotan Body Care Bio Mineral Scrub 200 ml ~ Dolores\",\"isPartOf\":{\"@id\":\"https:\/\/dolores.ee\/lv\/#website\"},\"primaryImageOfPage\":{\"@id\":\"https:\/\/dolores.ee\/lv\/toode\/anna-lotan-body-care-bio-mineral-scrub-200-ml\/#primaryimage\"},\"image\":{\"@id\":\"https:\/\/dolores.ee\/lv\/toode\/anna-lotan-body-care-bio-mineral-scrub-200-ml\/#primaryimage\"},\"thumbnailUrl\":\"https:\/\/dolores.ee\/wp-content\/uploads\/2026\/01\/bio-mineral-scrub-anna-lotan_1.webp\",\"datePublished\":\"2026-01-02T10:49:56+00:00\",\"dateModified\":\"2026-03-01T11:06:34+00:00\",\"breadcrumb\":{\"@id\":\"https:\/\/dolores.ee\/lv\/toode\/anna-lotan-body-care-bio-mineral-scrub-200-ml\/#breadcrumb\"},\"inLanguage\":\"lv-LV\",\"potentialAction\":[{\"@type\":\"ReadAction\",\"target\":[\"https:\/\/dolores.ee\/lv\/toode\/anna-lotan-body-care-bio-mineral-scrub-200-ml\/\"]}]},{\"@type\":\"ImageObject\",\"inLanguage\":\"lv-LV\",\"@id\":\"https:\/\/dolores.ee\/lv\/toode\/anna-lotan-body-care-bio-mineral-scrub-200-ml\/#primaryimage\",\"url\":\"https:\/\/dolores.ee\/wp-content\/uploads\/2026\/01\/bio-mineral-scrub-anna-lotan_1.webp\",\"contentUrl\":\"https:\/\/dolores.ee\/wp-content\/uploads\/2026\/01\/bio-mineral-scrub-anna-lotan_1.webp\",\"width\":500,\"height\":500},{\"@type\":\"BreadcrumbList\",\"@id\":\"https:\/\/dolores.ee\/lv\/toode\/anna-lotan-body-care-bio-mineral-scrub-200-ml\/#breadcrumb\",\"itemListElement\":[{\"@type\":\"ListItem\",\"position\":1,\"name\":\"Home\",\"item\":\"https:\/\/dolores.ee\/lv\/\"},{\"@type\":\"ListItem\",\"position\":2,\"name\":\"E-veikals\",\"item\":\"https:\/\/dolores.ee\/lv\/e-veikals\/\"},{\"@type\":\"ListItem\",\"position\":3,\"name\":\"Anna Lotan Body Care Bio Mineral Scrub 200 ml\"}]},{\"@type\":\"WebSite\",\"@id\":\"https:\/\/dolores.ee\/lv\/#website\",\"url\":\"https:\/\/dolores.ee\/lv\/\",\"name\":\"Dolores e-pood\",\"description\":\"Beauty Shop\",\"publisher\":{\"@id\":\"https:\/\/dolores.ee\/lv\/#organization\"},\"alternateName\":\"Dolores\",\"potentialAction\":[{\"@type\":\"SearchAction\",\"target\":{\"@type\":\"EntryPoint\",\"urlTemplate\":\"https:\/\/dolores.ee\/lv\/?s={search_term_string}\"},\"query-input\":{\"@type\":\"PropertyValueSpecification\",\"valueRequired\":true,\"valueName\":\"search_term_string\"}}],\"inLanguage\":\"lv-LV\"},{\"@type\":\"Organization\",\"@id\":\"https:\/\/dolores.ee\/lv\/#organization\",\"name\":\"Dolores O\u00dc\",\"alternateName\":\"Dolores e-pood\",\"url\":\"https:\/\/dolores.ee\/lv\/\",\"logo\":{\"@type\":\"ImageObject\",\"inLanguage\":\"lv-LV\",\"@id\":\"https:\/\/dolores.ee\/lv\/#\/schema\/logo\/image\/\",\"url\":\"https:\/\/dolores.ee\/wp-content\/uploads\/2025\/04\/logo-1.jpg\",\"contentUrl\":\"https:\/\/dolores.ee\/wp-content\/uploads\/2025\/04\/logo-1.jpg\",\"width\":1951,\"height\":660,\"caption\":\"Dolores O\u00dc\"},\"image\":{\"@id\":\"https:\/\/dolores.ee\/lv\/#\/schema\/logo\/image\/\"},\"sameAs\":[\"https:\/\/www.facebook.com\/doloresepood\/\"],\"description\":\"Dolores.ee on kaasaegne veebipood, kust leiad tuntud kaubam\u00e4rkide \u2013 GIGI, Anna Lotan, Hikari, Hlavin \u2013 originaalkosmeetikat. Pakume kvaliteetseid hooldustooteid taskukohaste hindadega ja kiire kohaletoimetamisega \u00fcle Eesti. Nahahooldus pole kunagi olnud nii lihtne ja soodne!\",\"email\":\"dolores@dolores.ee\",\"telephone\":\"372 644 2440\",\"legalName\":\"Dolores O\u00dc\",\"foundingDate\":\"1998-02-09\",\"vatID\":\"EE100050280\",\"numberOfEmployees\":{\"@type\":\"QuantitativeValue\",\"minValue\":\"11\",\"maxValue\":\"50\"}}]}<\/script>\n<!-- \/ Yoast SEO Premium plugin. -->","yoast_head_json":{"title":"Anna Lotan Body Care Bio Mineral Scrub 200 ml ~ Dolores","robots":{"index":"index","follow":"follow","max-snippet":"max-snippet:-1","max-image-preview":"max-image-preview:large","max-video-preview":"max-video-preview:-1"},"canonical":"https:\/\/dolores.ee\/lv\/toode\/anna-lotan-body-care-bio-mineral-scrub-200-ml\/","og_locale":"lv_LV","og_type":"article","og_title":"Anna Lotan Body Care Bio Mineral Scrub 200 ml","og_description":"Anna Lotan Body Care Bio Mineral Scrub","og_url":"https:\/\/dolores.ee\/lv\/toode\/anna-lotan-body-care-bio-mineral-scrub-200-ml\/","og_site_name":"Dolores","article_publisher":"https:\/\/www.facebook.com\/doloresepood\/","article_modified_time":"2026-03-01T11:06:34+00:00","og_image":[{"width":500,"height":500,"url":"https:\/\/dolores.ee\/wp-content\/uploads\/2026\/01\/bio-mineral-scrub-anna-lotan_1.webp","type":"image\/webp"}],"twitter_card":"summary_large_image","twitter_misc":{"Est. reading time":"2 minutes"},"schema":{"@context":"https:\/\/schema.org","@graph":[{"@type":"WebPage","@id":"https:\/\/dolores.ee\/lv\/toode\/anna-lotan-body-care-bio-mineral-scrub-200-ml\/","url":"https:\/\/dolores.ee\/lv\/toode\/anna-lotan-body-care-bio-mineral-scrub-200-ml\/","name":"Anna Lotan Body Care Bio Mineral Scrub 200 ml ~ Dolores","isPartOf":{"@id":"https:\/\/dolores.ee\/lv\/#website"},"primaryImageOfPage":{"@id":"https:\/\/dolores.ee\/lv\/toode\/anna-lotan-body-care-bio-mineral-scrub-200-ml\/#primaryimage"},"image":{"@id":"https:\/\/dolores.ee\/lv\/toode\/anna-lotan-body-care-bio-mineral-scrub-200-ml\/#primaryimage"},"thumbnailUrl":"https:\/\/dolores.ee\/wp-content\/uploads\/2026\/01\/bio-mineral-scrub-anna-lotan_1.webp","datePublished":"2026-01-02T10:49:56+00:00","dateModified":"2026-03-01T11:06:34+00:00","breadcrumb":{"@id":"https:\/\/dolores.ee\/lv\/toode\/anna-lotan-body-care-bio-mineral-scrub-200-ml\/#breadcrumb"},"inLanguage":"lv-LV","potentialAction":[{"@type":"ReadAction","target":["https:\/\/dolores.ee\/lv\/toode\/anna-lotan-body-care-bio-mineral-scrub-200-ml\/"]}]},{"@type":"ImageObject","inLanguage":"lv-LV","@id":"https:\/\/dolores.ee\/lv\/toode\/anna-lotan-body-care-bio-mineral-scrub-200-ml\/#primaryimage","url":"https:\/\/dolores.ee\/wp-content\/uploads\/2026\/01\/bio-mineral-scrub-anna-lotan_1.webp","contentUrl":"https:\/\/dolores.ee\/wp-content\/uploads\/2026\/01\/bio-mineral-scrub-anna-lotan_1.webp","width":500,"height":500},{"@type":"BreadcrumbList","@id":"https:\/\/dolores.ee\/lv\/toode\/anna-lotan-body-care-bio-mineral-scrub-200-ml\/#breadcrumb","itemListElement":[{"@type":"ListItem","position":1,"name":"Home","item":"https:\/\/dolores.ee\/lv\/"},{"@type":"ListItem","position":2,"name":"E-veikals","item":"https:\/\/dolores.ee\/lv\/e-veikals\/"},{"@type":"ListItem","position":3,"name":"Anna Lotan Body Care Bio Mineral Scrub 200 ml"}]},{"@type":"WebSite","@id":"https:\/\/dolores.ee\/lv\/#website","url":"https:\/\/dolores.ee\/lv\/","name":"Dolores e-pood","description":"Beauty Shop","publisher":{"@id":"https:\/\/dolores.ee\/lv\/#organization"},"alternateName":"Dolores","potentialAction":[{"@type":"SearchAction","target":{"@type":"EntryPoint","urlTemplate":"https:\/\/dolores.ee\/lv\/?s={search_term_string}"},"query-input":{"@type":"PropertyValueSpecification","valueRequired":true,"valueName":"search_term_string"}}],"inLanguage":"lv-LV"},{"@type":"Organization","@id":"https:\/\/dolores.ee\/lv\/#organization","name":"Dolores O\u00dc","alternateName":"Dolores e-pood","url":"https:\/\/dolores.ee\/lv\/","logo":{"@type":"ImageObject","inLanguage":"lv-LV","@id":"https:\/\/dolores.ee\/lv\/#\/schema\/logo\/image\/","url":"https:\/\/dolores.ee\/wp-content\/uploads\/2025\/04\/logo-1.jpg","contentUrl":"https:\/\/dolores.ee\/wp-content\/uploads\/2025\/04\/logo-1.jpg","width":1951,"height":660,"caption":"Dolores O\u00dc"},"image":{"@id":"https:\/\/dolores.ee\/lv\/#\/schema\/logo\/image\/"},"sameAs":["https:\/\/www.facebook.com\/doloresepood\/"],"description":"Dolores.ee on kaasaegne veebipood, kust leiad tuntud kaubam\u00e4rkide \u2013 GIGI, Anna Lotan, Hikari, Hlavin \u2013 originaalkosmeetikat. Pakume kvaliteetseid hooldustooteid taskukohaste hindadega ja kiire kohaletoimetamisega \u00fcle Eesti. Nahahooldus pole kunagi olnud nii lihtne ja soodne!","email":"dolores@dolores.ee","telephone":"372 644 2440","legalName":"Dolores O\u00dc","foundingDate":"1998-02-09","vatID":"EE100050280","numberOfEmployees":{"@type":"QuantitativeValue","minValue":"11","maxValue":"50"}}]}},"_links":{"self":[{"href":"https:\/\/dolores.ee\/lv\/wp-json\/wp\/v2\/product\/1001739","targetHints":{"allow":["GET"]}}],"collection":[{"href":"https:\/\/dolores.ee\/lv\/wp-json\/wp\/v2\/product"}],"about":[{"href":"https:\/\/dolores.ee\/lv\/wp-json\/wp\/v2\/types\/product"}],"replies":[{"embeddable":true,"href":"https:\/\/dolores.ee\/lv\/wp-json\/wp\/v2\/comments?post=1001739"}],"version-history":[{"count":3,"href":"https:\/\/dolores.ee\/lv\/wp-json\/wp\/v2\/product\/1001739\/revisions"}],"predecessor-version":[{"id":1001742,"href":"https:\/\/dolores.ee\/lv\/wp-json\/wp\/v2\/product\/1001739\/revisions\/1001742"}],"wp:featuredmedia":[{"embeddable":true,"href":"https:\/\/dolores.ee\/lv\/wp-json\/wp\/v2\/media\/1001735"}],"wp:attachment":[{"href":"https:\/\/dolores.ee\/lv\/wp-json\/wp\/v2\/media?parent=1001739"}],"wp:term":[{"taxonomy":"product_brand","embeddable":true,"href":"https:\/\/dolores.ee\/lv\/wp-json\/wp\/v2\/product_brand?post=1001739"},{"taxonomy":"product_cat","embeddable":true,"href":"https:\/\/dolores.ee\/lv\/wp-json\/wp\/v2\/product_cat?post=1001739"},{"taxonomy":"product_tag","embeddable":true,"href":"https:\/\/dolores.ee\/lv\/wp-json\/wp\/v2\/product_tag?post=1001739"},{"taxonomy":"giftcard-category","embeddable":true,"href":"https:\/\/dolores.ee\/lv\/wp-json\/wp\/v2\/giftcard-category?post=1001739"}],"curies":[{"name":"wp","href":"https:\/\/api.w.org\/{rel}","templated":true}]}}