{"id":1001967,"date":"2026-01-20T16:27:11","date_gmt":"2026-01-20T14:33:16","guid":{"rendered":"https:\/\/dolores.ee\/?post_type=product&#038;p=1001967"},"modified":"2026-02-26T10:13:16","modified_gmt":"2026-02-26T08:13:16","slug":"anna-lotan-sunanna-sheer-mineral-protection-uva-avb-spf50-50-ml","status":"publish","type":"product","link":"https:\/\/dolores.ee\/lv\/toode\/anna-lotan-sunanna-sheer-mineral-protection-uva-avb-spf50-50-ml\/","title":{"rendered":"Anna Lotan SunAnna Sheer Mineral Protection UVA\/AVB SPF50 50 ml"},"content":{"rendered":"<div class=\"vgblk-rw-wrapper limit-wrapper\">\n<p data-start=\"0\" data-end=\"242\">\u00dcli\u00f5rn, laia spektriga p\u00e4ikesekaitselosjoon, mis p\u00f5hineb t\u00e4ielikult mineraalse tsinkoksiidi osakeste \u00fchtlasel dispersioonil. Pehme, kreemjas ja kergesti pealekantav tekstuur ei j\u00e4ta nahale paksu valget kihti. Ei sisalda keemilisi UV-filtreid.<\/p>\n<p data-start=\"244\" data-end=\"260\">L\u00f5hnaainetevaba!<\/p>\n<p data-start=\"262\" data-end=\"312\">Dermatoloogiliselt testitud, mittesensibiliseeriv!<\/p>\n<p data-start=\"314\" data-end=\"542\">Rikastatud rahustavate koostisosadega (bisabolool, allantoiin) ning vees ja \u00f5lis lahustuvate antioks\u00fcdantidega (tokoferool ja h\u00fcdroks\u00fcatsetofenoon), et v\u00e4hendada vabade radikaalide tekitatud kahjustusi UV-kiirgusega kokkupuutel.<\/p>\n<p data-start=\"544\" data-end=\"894\">Valemit toetab rikkalik taimsete pehmendavate \u00f5lide ja f\u00fctosteroolide kompleks, mis aitab kaitsta naha lipiidbarj\u00e4\u00e4ri funktsiooni, samas kui Surnumere mineraalsoolad parandavad naha niiskuse s\u00e4ilitamise v\u00f5imet. Koostatud \u201emittepestava\u201d vesi-\u00f5lis (W\/O) emulsioonina, mis lukustab niiskuse nahka ning toetab naha pehmust ja elastsust kogu p\u00e4eva v\u00e4ltel.<\/p>\n<p data-start=\"896\" data-end=\"977\">Ideaalne kaitsev losjoon kogu perele! K\u00f5rge mineraalne kaitse SPF 50, keemiavaba!<\/p>\n<p data-start=\"979\" data-end=\"1025\">P\u00f6\u00f6rdemulsioon W\/O ei uhu kergesti veega maha!<\/p>\n<p data-start=\"1027\" data-end=\"1050\">P\u00fcsib nahal kogu p\u00e4eva!<\/p>\n<p data-start=\"1052\" data-end=\"1325\" data-is-last-node=\"\" data-is-only-node=\"\">Kasutamine: Kanna enne p\u00e4ikese k\u00e4tte minekut n\u00e4ole ja kaelale ning hajuta kergete masseerivate liigutustega. Valgakas toon imendub ja kaob m\u00f5ne sekundi jooksul, j\u00e4ttes nahale vajaliku kaitsekihi. Korda pealekandmist vastavalt isiklikule tundlikkusele p\u00e4ikesevalguse suhtes.<\/p>\n<div class=\"x_gmail-html-div x_gmail-xdj266r x_gmail-x14z9mp x_gmail-x1lziwak x_gmail-xexx8yu x_gmail-xyri2b x_gmail-x18d9i69 x_gmail-x1c1uobl x_gmail-x1e56ztr\"><span class=\"x_gmail-x193iq5w x_gmail-xeuugli x_gmail-x13faqbe x_gmail-x1vvkbs x_gmail-x1xmvt09 x_gmail-x6prxxf x_gmail-xvq8zen x_gmail-xo1l8bm x_gmail-xzsf02u\" data-olk-copy-source=\"MessageBody\">Ingredients: Aqua (Water), Zinc Oxide, C12-15 Alkyl Benzoate, Dibutyl Adipate, Butyloctyl Salicylate, Caprylic\/Capric Triglyceride, Polyglyceryl-2 Dipolyhydroxystearate, Propanediol, Polyglyceryl-3 Diisostearate, Triethoxycaprylylsilane, 1,2-Hexanediol, C15-19 Alkane, Glycerin, Polyhydroxystearic Acid, Maris Sal (Sea Salt), Hydroxyacetophenone, Bisabolol, Stearalkonium Hectorite, Magnesium Sulfate, Allantoin, Hydrogenated Palm Oil, Tocopherol, Hydrogenated Rapeseed Oil, Glycine Soja (Soybean) Oil, BetaSitosterol, Ethylhexylglycerin, Propylene Carbonate, Squalene.<\/span><\/div>\n<\/div>\n<p><!-- .vgblk-rw-wrapper --><\/p>\n","protected":false},"excerpt":{"rendered":"<p>Anna Lotan SunAnna Sheer Mineral Protection UVA\/AVB SPF50<\/p>\n","protected":false},"featured_media":1001962,"comment_status":"open","ping_status":"closed","template":"","meta":[],"product_brand":[],"product_cat":[73,135,89,123],"product_tag":[],"giftcard-category":[],"class_list":{"0":"post-1001967","1":"product","2":"type-product","3":"status-publish","4":"has-post-thumbnail","6":"product_cat-anna-lotan-et","7":"product_cat-2-naohooldus","8":"product_cat-paevakreemid","9":"product_cat-uued-tooted","11":"first","12":"instock","13":"taxable","14":"shipping-taxable","15":"purchasable","16":"product-type-simple"},"yoast_head":"<!-- This site is optimized with the Yoast SEO Premium plugin v25.1 (Yoast SEO v25.7) - https:\/\/yoast.com\/wordpress\/plugins\/seo\/ -->\n<title>Anna Lotan SunAnna Sheer Mineral Protection UVA\/AVB SPF50 50 ml ~ Dolores<\/title>\n<meta name=\"robots\" content=\"index, follow, max-snippet:-1, max-image-preview:large, max-video-preview:-1\" \/>\n<link rel=\"canonical\" href=\"https:\/\/dolores.ee\/lv\/toode\/anna-lotan-sunanna-sheer-mineral-protection-uva-avb-spf50-50-ml\/\" \/>\n<meta property=\"og:locale\" content=\"lv_LV\" \/>\n<meta property=\"og:type\" content=\"article\" \/>\n<meta property=\"og:title\" content=\"Anna Lotan SunAnna Sheer Mineral Protection UVA\/AVB SPF50 50 ml\" \/>\n<meta property=\"og:description\" content=\"Anna Lotan SunAnna Sheer Mineral Protection UVA\/AVB SPF50\" \/>\n<meta property=\"og:url\" content=\"https:\/\/dolores.ee\/lv\/toode\/anna-lotan-sunanna-sheer-mineral-protection-uva-avb-spf50-50-ml\/\" \/>\n<meta property=\"og:site_name\" content=\"Dolores\" \/>\n<meta property=\"article:publisher\" content=\"https:\/\/www.facebook.com\/doloresepood\/\" \/>\n<meta property=\"article:modified_time\" content=\"2026-02-26T08:13:16+00:00\" \/>\n<meta property=\"og:image\" content=\"https:\/\/dolores.ee\/wp-content\/uploads\/2026\/01\/eng_pm_sunanna-anna-lotan-delicate-mineral-sun-protection-uva-uvb-spf50-50ml-42377_2.webp\" \/>\n\t<meta property=\"og:image:width\" content=\"600\" \/>\n\t<meta property=\"og:image:height\" content=\"750\" \/>\n\t<meta property=\"og:image:type\" content=\"image\/webp\" \/>\n<meta name=\"twitter:card\" content=\"summary_large_image\" \/>\n<meta name=\"twitter:label1\" content=\"Est. reading time\" \/>\n\t<meta name=\"twitter:data1\" content=\"2 minutes\" \/>\n<script type=\"application\/ld+json\" class=\"yoast-schema-graph\">{\"@context\":\"https:\/\/schema.org\",\"@graph\":[{\"@type\":\"WebPage\",\"@id\":\"https:\/\/dolores.ee\/lv\/toode\/anna-lotan-sunanna-sheer-mineral-protection-uva-avb-spf50-50-ml\/\",\"url\":\"https:\/\/dolores.ee\/lv\/toode\/anna-lotan-sunanna-sheer-mineral-protection-uva-avb-spf50-50-ml\/\",\"name\":\"Anna Lotan SunAnna Sheer Mineral Protection UVA\/AVB SPF50 50 ml ~ Dolores\",\"isPartOf\":{\"@id\":\"https:\/\/dolores.ee\/lv\/#website\"},\"primaryImageOfPage\":{\"@id\":\"https:\/\/dolores.ee\/lv\/toode\/anna-lotan-sunanna-sheer-mineral-protection-uva-avb-spf50-50-ml\/#primaryimage\"},\"image\":{\"@id\":\"https:\/\/dolores.ee\/lv\/toode\/anna-lotan-sunanna-sheer-mineral-protection-uva-avb-spf50-50-ml\/#primaryimage\"},\"thumbnailUrl\":\"https:\/\/dolores.ee\/wp-content\/uploads\/2026\/01\/eng_pm_sunanna-anna-lotan-delicate-mineral-sun-protection-uva-uvb-spf50-50ml-42377_2.webp\",\"datePublished\":\"2026-01-20T14:33:16+00:00\",\"dateModified\":\"2026-02-26T08:13:16+00:00\",\"breadcrumb\":{\"@id\":\"https:\/\/dolores.ee\/lv\/toode\/anna-lotan-sunanna-sheer-mineral-protection-uva-avb-spf50-50-ml\/#breadcrumb\"},\"inLanguage\":\"lv-LV\",\"potentialAction\":[{\"@type\":\"ReadAction\",\"target\":[\"https:\/\/dolores.ee\/lv\/toode\/anna-lotan-sunanna-sheer-mineral-protection-uva-avb-spf50-50-ml\/\"]}]},{\"@type\":\"ImageObject\",\"inLanguage\":\"lv-LV\",\"@id\":\"https:\/\/dolores.ee\/lv\/toode\/anna-lotan-sunanna-sheer-mineral-protection-uva-avb-spf50-50-ml\/#primaryimage\",\"url\":\"https:\/\/dolores.ee\/wp-content\/uploads\/2026\/01\/eng_pm_sunanna-anna-lotan-delicate-mineral-sun-protection-uva-uvb-spf50-50ml-42377_2.webp\",\"contentUrl\":\"https:\/\/dolores.ee\/wp-content\/uploads\/2026\/01\/eng_pm_sunanna-anna-lotan-delicate-mineral-sun-protection-uva-uvb-spf50-50ml-42377_2.webp\",\"width\":600,\"height\":750},{\"@type\":\"BreadcrumbList\",\"@id\":\"https:\/\/dolores.ee\/lv\/toode\/anna-lotan-sunanna-sheer-mineral-protection-uva-avb-spf50-50-ml\/#breadcrumb\",\"itemListElement\":[{\"@type\":\"ListItem\",\"position\":1,\"name\":\"Home\",\"item\":\"https:\/\/dolores.ee\/lv\/\"},{\"@type\":\"ListItem\",\"position\":2,\"name\":\"E-veikals\",\"item\":\"https:\/\/dolores.ee\/lv\/e-veikals\/\"},{\"@type\":\"ListItem\",\"position\":3,\"name\":\"Anna Lotan SunAnna Sheer Mineral Protection UVA\/AVB SPF50 50 ml\"}]},{\"@type\":\"WebSite\",\"@id\":\"https:\/\/dolores.ee\/lv\/#website\",\"url\":\"https:\/\/dolores.ee\/lv\/\",\"name\":\"Dolores e-pood\",\"description\":\"Beauty Shop\",\"publisher\":{\"@id\":\"https:\/\/dolores.ee\/lv\/#organization\"},\"alternateName\":\"Dolores\",\"potentialAction\":[{\"@type\":\"SearchAction\",\"target\":{\"@type\":\"EntryPoint\",\"urlTemplate\":\"https:\/\/dolores.ee\/lv\/?s={search_term_string}\"},\"query-input\":{\"@type\":\"PropertyValueSpecification\",\"valueRequired\":true,\"valueName\":\"search_term_string\"}}],\"inLanguage\":\"lv-LV\"},{\"@type\":\"Organization\",\"@id\":\"https:\/\/dolores.ee\/lv\/#organization\",\"name\":\"Dolores O\u00dc\",\"alternateName\":\"Dolores e-pood\",\"url\":\"https:\/\/dolores.ee\/lv\/\",\"logo\":{\"@type\":\"ImageObject\",\"inLanguage\":\"lv-LV\",\"@id\":\"https:\/\/dolores.ee\/lv\/#\/schema\/logo\/image\/\",\"url\":\"https:\/\/dolores.ee\/wp-content\/uploads\/2025\/04\/logo-1.jpg\",\"contentUrl\":\"https:\/\/dolores.ee\/wp-content\/uploads\/2025\/04\/logo-1.jpg\",\"width\":1951,\"height\":660,\"caption\":\"Dolores O\u00dc\"},\"image\":{\"@id\":\"https:\/\/dolores.ee\/lv\/#\/schema\/logo\/image\/\"},\"sameAs\":[\"https:\/\/www.facebook.com\/doloresepood\/\"],\"description\":\"Dolores.ee on kaasaegne veebipood, kust leiad tuntud kaubam\u00e4rkide \u2013 GIGI, Anna Lotan, Hikari, Hlavin \u2013 originaalkosmeetikat. Pakume kvaliteetseid hooldustooteid taskukohaste hindadega ja kiire kohaletoimetamisega \u00fcle Eesti. Nahahooldus pole kunagi olnud nii lihtne ja soodne!\",\"email\":\"dolores@dolores.ee\",\"telephone\":\"372 644 2440\",\"legalName\":\"Dolores O\u00dc\",\"foundingDate\":\"1998-02-09\",\"vatID\":\"EE100050280\",\"numberOfEmployees\":{\"@type\":\"QuantitativeValue\",\"minValue\":\"11\",\"maxValue\":\"50\"}}]}<\/script>\n<!-- \/ Yoast SEO Premium plugin. -->","yoast_head_json":{"title":"Anna Lotan SunAnna Sheer Mineral Protection UVA\/AVB SPF50 50 ml ~ Dolores","robots":{"index":"index","follow":"follow","max-snippet":"max-snippet:-1","max-image-preview":"max-image-preview:large","max-video-preview":"max-video-preview:-1"},"canonical":"https:\/\/dolores.ee\/lv\/toode\/anna-lotan-sunanna-sheer-mineral-protection-uva-avb-spf50-50-ml\/","og_locale":"lv_LV","og_type":"article","og_title":"Anna Lotan SunAnna Sheer Mineral Protection UVA\/AVB SPF50 50 ml","og_description":"Anna Lotan SunAnna Sheer Mineral Protection UVA\/AVB SPF50","og_url":"https:\/\/dolores.ee\/lv\/toode\/anna-lotan-sunanna-sheer-mineral-protection-uva-avb-spf50-50-ml\/","og_site_name":"Dolores","article_publisher":"https:\/\/www.facebook.com\/doloresepood\/","article_modified_time":"2026-02-26T08:13:16+00:00","og_image":[{"width":600,"height":750,"url":"https:\/\/dolores.ee\/wp-content\/uploads\/2026\/01\/eng_pm_sunanna-anna-lotan-delicate-mineral-sun-protection-uva-uvb-spf50-50ml-42377_2.webp","type":"image\/webp"}],"twitter_card":"summary_large_image","twitter_misc":{"Est. reading time":"2 minutes"},"schema":{"@context":"https:\/\/schema.org","@graph":[{"@type":"WebPage","@id":"https:\/\/dolores.ee\/lv\/toode\/anna-lotan-sunanna-sheer-mineral-protection-uva-avb-spf50-50-ml\/","url":"https:\/\/dolores.ee\/lv\/toode\/anna-lotan-sunanna-sheer-mineral-protection-uva-avb-spf50-50-ml\/","name":"Anna Lotan SunAnna Sheer Mineral Protection UVA\/AVB SPF50 50 ml ~ Dolores","isPartOf":{"@id":"https:\/\/dolores.ee\/lv\/#website"},"primaryImageOfPage":{"@id":"https:\/\/dolores.ee\/lv\/toode\/anna-lotan-sunanna-sheer-mineral-protection-uva-avb-spf50-50-ml\/#primaryimage"},"image":{"@id":"https:\/\/dolores.ee\/lv\/toode\/anna-lotan-sunanna-sheer-mineral-protection-uva-avb-spf50-50-ml\/#primaryimage"},"thumbnailUrl":"https:\/\/dolores.ee\/wp-content\/uploads\/2026\/01\/eng_pm_sunanna-anna-lotan-delicate-mineral-sun-protection-uva-uvb-spf50-50ml-42377_2.webp","datePublished":"2026-01-20T14:33:16+00:00","dateModified":"2026-02-26T08:13:16+00:00","breadcrumb":{"@id":"https:\/\/dolores.ee\/lv\/toode\/anna-lotan-sunanna-sheer-mineral-protection-uva-avb-spf50-50-ml\/#breadcrumb"},"inLanguage":"lv-LV","potentialAction":[{"@type":"ReadAction","target":["https:\/\/dolores.ee\/lv\/toode\/anna-lotan-sunanna-sheer-mineral-protection-uva-avb-spf50-50-ml\/"]}]},{"@type":"ImageObject","inLanguage":"lv-LV","@id":"https:\/\/dolores.ee\/lv\/toode\/anna-lotan-sunanna-sheer-mineral-protection-uva-avb-spf50-50-ml\/#primaryimage","url":"https:\/\/dolores.ee\/wp-content\/uploads\/2026\/01\/eng_pm_sunanna-anna-lotan-delicate-mineral-sun-protection-uva-uvb-spf50-50ml-42377_2.webp","contentUrl":"https:\/\/dolores.ee\/wp-content\/uploads\/2026\/01\/eng_pm_sunanna-anna-lotan-delicate-mineral-sun-protection-uva-uvb-spf50-50ml-42377_2.webp","width":600,"height":750},{"@type":"BreadcrumbList","@id":"https:\/\/dolores.ee\/lv\/toode\/anna-lotan-sunanna-sheer-mineral-protection-uva-avb-spf50-50-ml\/#breadcrumb","itemListElement":[{"@type":"ListItem","position":1,"name":"Home","item":"https:\/\/dolores.ee\/lv\/"},{"@type":"ListItem","position":2,"name":"E-veikals","item":"https:\/\/dolores.ee\/lv\/e-veikals\/"},{"@type":"ListItem","position":3,"name":"Anna Lotan SunAnna Sheer Mineral Protection UVA\/AVB SPF50 50 ml"}]},{"@type":"WebSite","@id":"https:\/\/dolores.ee\/lv\/#website","url":"https:\/\/dolores.ee\/lv\/","name":"Dolores e-pood","description":"Beauty Shop","publisher":{"@id":"https:\/\/dolores.ee\/lv\/#organization"},"alternateName":"Dolores","potentialAction":[{"@type":"SearchAction","target":{"@type":"EntryPoint","urlTemplate":"https:\/\/dolores.ee\/lv\/?s={search_term_string}"},"query-input":{"@type":"PropertyValueSpecification","valueRequired":true,"valueName":"search_term_string"}}],"inLanguage":"lv-LV"},{"@type":"Organization","@id":"https:\/\/dolores.ee\/lv\/#organization","name":"Dolores O\u00dc","alternateName":"Dolores e-pood","url":"https:\/\/dolores.ee\/lv\/","logo":{"@type":"ImageObject","inLanguage":"lv-LV","@id":"https:\/\/dolores.ee\/lv\/#\/schema\/logo\/image\/","url":"https:\/\/dolores.ee\/wp-content\/uploads\/2025\/04\/logo-1.jpg","contentUrl":"https:\/\/dolores.ee\/wp-content\/uploads\/2025\/04\/logo-1.jpg","width":1951,"height":660,"caption":"Dolores O\u00dc"},"image":{"@id":"https:\/\/dolores.ee\/lv\/#\/schema\/logo\/image\/"},"sameAs":["https:\/\/www.facebook.com\/doloresepood\/"],"description":"Dolores.ee on kaasaegne veebipood, kust leiad tuntud kaubam\u00e4rkide \u2013 GIGI, Anna Lotan, Hikari, Hlavin \u2013 originaalkosmeetikat. Pakume kvaliteetseid hooldustooteid taskukohaste hindadega ja kiire kohaletoimetamisega \u00fcle Eesti. Nahahooldus pole kunagi olnud nii lihtne ja soodne!","email":"dolores@dolores.ee","telephone":"372 644 2440","legalName":"Dolores O\u00dc","foundingDate":"1998-02-09","vatID":"EE100050280","numberOfEmployees":{"@type":"QuantitativeValue","minValue":"11","maxValue":"50"}}]}},"_links":{"self":[{"href":"https:\/\/dolores.ee\/lv\/wp-json\/wp\/v2\/product\/1001967","targetHints":{"allow":["GET"]}}],"collection":[{"href":"https:\/\/dolores.ee\/lv\/wp-json\/wp\/v2\/product"}],"about":[{"href":"https:\/\/dolores.ee\/lv\/wp-json\/wp\/v2\/types\/product"}],"replies":[{"embeddable":true,"href":"https:\/\/dolores.ee\/lv\/wp-json\/wp\/v2\/comments?post=1001967"}],"version-history":[{"count":1,"href":"https:\/\/dolores.ee\/lv\/wp-json\/wp\/v2\/product\/1001967\/revisions"}],"predecessor-version":[{"id":1001969,"href":"https:\/\/dolores.ee\/lv\/wp-json\/wp\/v2\/product\/1001967\/revisions\/1001969"}],"wp:featuredmedia":[{"embeddable":true,"href":"https:\/\/dolores.ee\/lv\/wp-json\/wp\/v2\/media\/1001962"}],"wp:attachment":[{"href":"https:\/\/dolores.ee\/lv\/wp-json\/wp\/v2\/media?parent=1001967"}],"wp:term":[{"taxonomy":"product_brand","embeddable":true,"href":"https:\/\/dolores.ee\/lv\/wp-json\/wp\/v2\/product_brand?post=1001967"},{"taxonomy":"product_cat","embeddable":true,"href":"https:\/\/dolores.ee\/lv\/wp-json\/wp\/v2\/product_cat?post=1001967"},{"taxonomy":"product_tag","embeddable":true,"href":"https:\/\/dolores.ee\/lv\/wp-json\/wp\/v2\/product_tag?post=1001967"},{"taxonomy":"giftcard-category","embeddable":true,"href":"https:\/\/dolores.ee\/lv\/wp-json\/wp\/v2\/giftcard-category?post=1001967"}],"curies":[{"name":"wp","href":"https:\/\/api.w.org\/{rel}","templated":true}]}}