{"id":1002876,"date":"2026-03-04T04:27:56","date_gmt":"2026-03-11T13:19:32","guid":{"rendered":"https:\/\/dolores.ee\/?post_type=product&#038;p=1002876"},"modified":"2026-03-11T15:30:54","modified_gmt":"2026-03-11T13:30:54","slug":"gigi-acnon-facial-cleanser-for-sensitive-skin-100-ml-2","status":"publish","type":"product","link":"https:\/\/dolores.ee\/lv\/toode\/gigi-acnon-facial-cleanser-for-sensitive-skin-100-ml-2\/","title":{"rendered":"GIGI Acnon Purifying Mask + Sensitive Cleanser"},"content":{"rendered":"","protected":false},"excerpt":{"rendered":"<p>GIGI ACNON Facial Cleanser For Sensitive Skin 100 ml<\/p>\n<p>\u00d5rnatoimeline looduslike hapetega n\u00e4oseep puhastab ja v\u00e4rskendab nahka. Looduslikud toimeained on valitud spetsiaalselt \u00fclirasuse tundliku naha pesemiseks. Pajuekstrakt neutraliseerib aknet p\u00f5hjustavat baktereid ja rahustavad \u00e4rritunud nahka. Kestva toimega A-vitamiin ennetab p\u00f5letikuj\u00e4rgsete punetavate laikude teket nahka \u00e4rritamata. Ei kuivata nahka. Dermatoloogiliselt testitud.<\/p>\n<p>Kasutamine. Masseerige seebivahuga hommikuti ja \u00f5htuti minuti v\u00e4ltel niisket nahka, loputage rohke veega maha ja kuivatage. Seej\u00e4rel kasutage v\u00e4rskendava toimega toonikut. Sobib ka Roaccutane\u2019i kasutamise korral.<\/p>\n<p>GIGI ACNON Pore Purifying Mask 50ml<\/p>\n<p>Liigset rasu imav aktiivmask aitab s\u00e4ilitada poore puhtana. Ennetab akne teket, rahustab naha\u00e4rritust, leevendab punetust ja karedust. Toimeaine neutraliseerib aknet p\u00f5hjustavat bakterit ja rahustab kuiva nahka, biomimeetiline peptiid stimuleerib rakutaastumist ning stabiilne A-vitamiini derivaat aitab ennetada vistrike teket nahka \u00e4rritamata. Sisaldab elut\u00e4htsaid rasvhappeid koos E-vitamiiniga, kaitstes nahka p\u00f5letiku tekkimise eest. Annab nahale puhtama, \u00fchtlasema ja h\u00e4stiniisutatud ilme ning meeldiva heaolutunde.<br \/>\nKasutamine:\u00a0Katke kogu n\u00e4gu paksu maskikihiga ja laske 10 minutit toimida. Seej\u00e4rel eemaldage j\u00e4\u00e4gid niiske salvr\u00e4tiga ja loputage nahka jaheda veega.<br \/>\nNB! Retinoide sisaldavad kosmeetilised preparaadid aitavad v\u00e4hendada akneilminguid, kuid ravi algfaasis v\u00f5ivad ilmneda naha ketendus, \u00e4rritus ja punetus. K\u00f5rvaln\u00e4htude kestus v\u00f5ib ulatuda kuni \u00fche kuuni alates ravi algusest, kui nahk kohaneb retinoidide kasutamisega. Aknevastases sarjas AKNON on k\u00fcll kasutatud uue p\u00f5lvkonna granaktiivset retinooli, kuid see ei v\u00e4lista t\u00e4ielikult\u00a0 k\u00f5rvaln\u00e4htude tekkimise v\u00f5imalust, eriti f\u00fc\u00fcsilise koormuse koormuse korral, mis aktiveerib retinoidide toimet nahas. K\u00f5ige t\u00f5en\u00e4olisem on k\u00f5rvaln\u00e4htude ilmnemise v\u00f5imalus nendel klientidel, kelle elustiiliga kaasneb igap\u00e4evane f\u00fc\u00fcsiline koormus v\u00f5i kellele on omane liighigistamine. Eeldada v\u00f5ib seda aga ka liiga kuiva sarvkihi korral. Esmaj\u00e4rjekorras v\u00f5ib siis pakkuda NMFs\u00fc gavniisutavatkarboks\u00fcteraapiat karboks\u00fcteraapiat.<br \/>\nKoostis:\u00a0Water, Kaolin, PEG-6, Capric Glycerides, Zinc Oxide, Sulfur, \u00a0Propylene Glycol, Cetearyl Alcohol, Titanium Dioxide, Oleic Acid, Linoleic Acid, Tripeptide-1.<\/p>\n","protected":false},"featured_media":1002672,"comment_status":"open","ping_status":"closed","template":"","meta":[],"product_brand":[],"product_cat":[776,271],"product_tag":[],"giftcard-category":[],"class_list":{"0":"post-1002876","1":"product","2":"type-product","3":"status-publish","4":"has-post-thumbnail","6":"product_cat-kingituse-komplektid","7":"product_cat-acnon-et","9":"first","10":"instock","11":"sale","12":"taxable","13":"shipping-taxable","14":"purchasable","15":"product-type-simple"},"yoast_head":"<!-- This site is optimized with the Yoast SEO Premium plugin v25.1 (Yoast SEO v25.7) - https:\/\/yoast.com\/wordpress\/plugins\/seo\/ -->\n<title>GIGI Acnon Purifying Mask + Sensitive Cleanser ~ Dolores<\/title>\n<meta name=\"robots\" content=\"index, follow, max-snippet:-1, max-image-preview:large, max-video-preview:-1\" \/>\n<link rel=\"canonical\" href=\"https:\/\/dolores.ee\/lv\/toode\/gigi-acnon-facial-cleanser-for-sensitive-skin-100-ml-2\/\" \/>\n<meta property=\"og:locale\" content=\"lv_LV\" \/>\n<meta property=\"og:type\" content=\"article\" \/>\n<meta property=\"og:title\" content=\"GIGI Acnon Purifying Mask + Sensitive Cleanser\" \/>\n<meta property=\"og:description\" content=\"GIGI ACNON Facial Cleanser For Sensitive Skin 100 ml  \u00d5rnatoimeline looduslike hapetega n\u00e4oseep puhastab ja v\u00e4rskendab nahka. Looduslikud toimeained on valitud spetsiaalselt \u00fclirasuse tundliku naha pesemiseks. Pajuekstrakt neutraliseerib aknet p\u00f5hjustavat baktereid ja rahustavad \u00e4rritunud nahka. Kestva toimega A-vitamiin ennetab p\u00f5letikuj\u00e4rgsete punetavate laikude teket nahka \u00e4rritamata. Ei kuivata nahka. Dermatoloogiliselt testitud.  Kasutamine. Masseerige seebivahuga hommikuti ja \u00f5htuti minuti v\u00e4ltel niisket nahka, loputage rohke veega maha ja kuivatage. Seej\u00e4rel kasutage v\u00e4rskendava toimega toonikut. Sobib ka Roaccutane\u2019i kasutamise korral.  GIGI ACNON Pore Purifying Mask 50ml  Liigset rasu imav aktiivmask aitab s\u00e4ilitada poore puhtana. Ennetab akne teket, rahustab naha\u00e4rritust, leevendab punetust ja karedust. Toimeaine neutraliseerib aknet p\u00f5hjustavat bakterit ja rahustab kuiva nahka, biomimeetiline peptiid stimuleerib rakutaastumist ning stabiilne A-vitamiini derivaat aitab ennetada vistrike teket nahka \u00e4rritamata. Sisaldab elut\u00e4htsaid rasvhappeid koos E-vitamiiniga, kaitstes nahka p\u00f5letiku tekkimise eest. Annab nahale puhtama, \u00fchtlasema ja h\u00e4stiniisutatud ilme ning meeldiva heaolutunde. Kasutamine:\u00a0Katke kogu n\u00e4gu paksu maskikihiga ja laske 10 minutit toimida. Seej\u00e4rel eemaldage j\u00e4\u00e4gid niiske salvr\u00e4tiga ja loputage nahka jaheda veega. NB! Retinoide sisaldavad kosmeetilised preparaadid aitavad v\u00e4hendada akneilminguid, kuid ravi algfaasis v\u00f5ivad ilmneda naha ketendus, \u00e4rritus ja punetus. K\u00f5rvaln\u00e4htude kestus v\u00f5ib ulatuda kuni \u00fche kuuni alates ravi algusest, kui nahk kohaneb retinoidide kasutamisega. Aknevastases sarjas AKNON on k\u00fcll kasutatud uue p\u00f5lvkonna granaktiivset retinooli, kuid see ei v\u00e4lista t\u00e4ielikult\u00a0 k\u00f5rvaln\u00e4htude tekkimise v\u00f5imalust, eriti f\u00fc\u00fcsilise koormuse koormuse korral, mis aktiveerib retinoidide toimet nahas. K\u00f5ige t\u00f5en\u00e4olisem on k\u00f5rvaln\u00e4htude ilmnemise v\u00f5imalus nendel klientidel, kelle elustiiliga kaasneb igap\u00e4evane f\u00fc\u00fcsiline koormus v\u00f5i kellele on omane liighigistamine. Eeldada v\u00f5ib seda aga ka liiga kuiva sarvkihi korral. Esmaj\u00e4rjekorras v\u00f5ib siis pakkuda NMFs\u00fc gavniisutavatkarboks\u00fcteraapiat karboks\u00fcteraapiat. Koostis:\u00a0Water, Kaolin, PEG-6, Capric Glycerides, Zinc Oxide, Sulfur, \u00a0Propylene Glycol, Cetearyl Alcohol, Titanium Dioxide, Oleic Acid, Linoleic Acid, Tripeptide-1.\" \/>\n<meta property=\"og:url\" content=\"https:\/\/dolores.ee\/lv\/toode\/gigi-acnon-facial-cleanser-for-sensitive-skin-100-ml-2\/\" \/>\n<meta property=\"og:site_name\" content=\"Dolores\" \/>\n<meta property=\"article:publisher\" content=\"https:\/\/www.facebook.com\/doloresepood\/\" \/>\n<meta property=\"article:modified_time\" content=\"2026-03-11T13:30:54+00:00\" \/>\n<meta property=\"og:image\" content=\"https:\/\/dolores.ee\/wp-content\/uploads\/2026\/03\/anconn.webp\" \/>\n\t<meta property=\"og:image:width\" content=\"1024\" \/>\n\t<meta property=\"og:image:height\" content=\"1024\" \/>\n\t<meta property=\"og:image:type\" content=\"image\/webp\" \/>\n<meta name=\"twitter:card\" content=\"summary_large_image\" \/>\n<meta name=\"twitter:label1\" content=\"Est. reading time\" \/>\n\t<meta name=\"twitter:data1\" content=\"1 minute\" \/>\n<script type=\"application\/ld+json\" class=\"yoast-schema-graph\">{\"@context\":\"https:\/\/schema.org\",\"@graph\":[{\"@type\":\"WebPage\",\"@id\":\"https:\/\/dolores.ee\/lv\/toode\/gigi-acnon-facial-cleanser-for-sensitive-skin-100-ml-2\/\",\"url\":\"https:\/\/dolores.ee\/lv\/toode\/gigi-acnon-facial-cleanser-for-sensitive-skin-100-ml-2\/\",\"name\":\"GIGI Acnon Purifying Mask + Sensitive Cleanser ~ Dolores\",\"isPartOf\":{\"@id\":\"https:\/\/dolores.ee\/lv\/#website\"},\"primaryImageOfPage\":{\"@id\":\"https:\/\/dolores.ee\/lv\/toode\/gigi-acnon-facial-cleanser-for-sensitive-skin-100-ml-2\/#primaryimage\"},\"image\":{\"@id\":\"https:\/\/dolores.ee\/lv\/toode\/gigi-acnon-facial-cleanser-for-sensitive-skin-100-ml-2\/#primaryimage\"},\"thumbnailUrl\":\"https:\/\/dolores.ee\/wp-content\/uploads\/2026\/03\/anconn.webp\",\"datePublished\":\"2026-03-11T13:19:32+00:00\",\"dateModified\":\"2026-03-11T13:30:54+00:00\",\"breadcrumb\":{\"@id\":\"https:\/\/dolores.ee\/lv\/toode\/gigi-acnon-facial-cleanser-for-sensitive-skin-100-ml-2\/#breadcrumb\"},\"inLanguage\":\"lv-LV\",\"potentialAction\":[{\"@type\":\"ReadAction\",\"target\":[\"https:\/\/dolores.ee\/lv\/toode\/gigi-acnon-facial-cleanser-for-sensitive-skin-100-ml-2\/\"]}]},{\"@type\":\"ImageObject\",\"inLanguage\":\"lv-LV\",\"@id\":\"https:\/\/dolores.ee\/lv\/toode\/gigi-acnon-facial-cleanser-for-sensitive-skin-100-ml-2\/#primaryimage\",\"url\":\"https:\/\/dolores.ee\/wp-content\/uploads\/2026\/03\/anconn.webp\",\"contentUrl\":\"https:\/\/dolores.ee\/wp-content\/uploads\/2026\/03\/anconn.webp\",\"width\":1024,\"height\":1024},{\"@type\":\"BreadcrumbList\",\"@id\":\"https:\/\/dolores.ee\/lv\/toode\/gigi-acnon-facial-cleanser-for-sensitive-skin-100-ml-2\/#breadcrumb\",\"itemListElement\":[{\"@type\":\"ListItem\",\"position\":1,\"name\":\"Home\",\"item\":\"https:\/\/dolores.ee\/lv\/\"},{\"@type\":\"ListItem\",\"position\":2,\"name\":\"E-veikals\",\"item\":\"https:\/\/dolores.ee\/lv\/e-veikals\/\"},{\"@type\":\"ListItem\",\"position\":3,\"name\":\"GIGI Acnon Purifying Mask + Sensitive Cleanser\"}]},{\"@type\":\"WebSite\",\"@id\":\"https:\/\/dolores.ee\/lv\/#website\",\"url\":\"https:\/\/dolores.ee\/lv\/\",\"name\":\"Dolores e-pood\",\"description\":\"Beauty Shop\",\"publisher\":{\"@id\":\"https:\/\/dolores.ee\/lv\/#organization\"},\"alternateName\":\"Dolores\",\"potentialAction\":[{\"@type\":\"SearchAction\",\"target\":{\"@type\":\"EntryPoint\",\"urlTemplate\":\"https:\/\/dolores.ee\/lv\/?s={search_term_string}\"},\"query-input\":{\"@type\":\"PropertyValueSpecification\",\"valueRequired\":true,\"valueName\":\"search_term_string\"}}],\"inLanguage\":\"lv-LV\"},{\"@type\":\"Organization\",\"@id\":\"https:\/\/dolores.ee\/lv\/#organization\",\"name\":\"Dolores O\u00dc\",\"alternateName\":\"Dolores e-pood\",\"url\":\"https:\/\/dolores.ee\/lv\/\",\"logo\":{\"@type\":\"ImageObject\",\"inLanguage\":\"lv-LV\",\"@id\":\"https:\/\/dolores.ee\/lv\/#\/schema\/logo\/image\/\",\"url\":\"https:\/\/dolores.ee\/wp-content\/uploads\/2025\/04\/logo-1.jpg\",\"contentUrl\":\"https:\/\/dolores.ee\/wp-content\/uploads\/2025\/04\/logo-1.jpg\",\"width\":1951,\"height\":660,\"caption\":\"Dolores O\u00dc\"},\"image\":{\"@id\":\"https:\/\/dolores.ee\/lv\/#\/schema\/logo\/image\/\"},\"sameAs\":[\"https:\/\/www.facebook.com\/doloresepood\/\"],\"description\":\"Dolores.ee on kaasaegne veebipood, kust leiad tuntud kaubam\u00e4rkide \u2013 GIGI, Anna Lotan, Hikari, Hlavin \u2013 originaalkosmeetikat. Pakume kvaliteetseid hooldustooteid taskukohaste hindadega ja kiire kohaletoimetamisega \u00fcle Eesti. Nahahooldus pole kunagi olnud nii lihtne ja soodne!\",\"email\":\"dolores@dolores.ee\",\"telephone\":\"372 644 2440\",\"legalName\":\"Dolores O\u00dc\",\"foundingDate\":\"1998-02-09\",\"vatID\":\"EE100050280\",\"numberOfEmployees\":{\"@type\":\"QuantitativeValue\",\"minValue\":\"11\",\"maxValue\":\"50\"}}]}<\/script>\n<!-- \/ Yoast SEO Premium plugin. -->","yoast_head_json":{"title":"GIGI Acnon Purifying Mask + Sensitive Cleanser ~ Dolores","robots":{"index":"index","follow":"follow","max-snippet":"max-snippet:-1","max-image-preview":"max-image-preview:large","max-video-preview":"max-video-preview:-1"},"canonical":"https:\/\/dolores.ee\/lv\/toode\/gigi-acnon-facial-cleanser-for-sensitive-skin-100-ml-2\/","og_locale":"lv_LV","og_type":"article","og_title":"GIGI Acnon Purifying Mask + Sensitive Cleanser","og_description":"GIGI ACNON Facial Cleanser For Sensitive Skin 100 ml  \u00d5rnatoimeline looduslike hapetega n\u00e4oseep puhastab ja v\u00e4rskendab nahka. Looduslikud toimeained on valitud spetsiaalselt \u00fclirasuse tundliku naha pesemiseks. Pajuekstrakt neutraliseerib aknet p\u00f5hjustavat baktereid ja rahustavad \u00e4rritunud nahka. Kestva toimega A-vitamiin ennetab p\u00f5letikuj\u00e4rgsete punetavate laikude teket nahka \u00e4rritamata. Ei kuivata nahka. Dermatoloogiliselt testitud.  Kasutamine. Masseerige seebivahuga hommikuti ja \u00f5htuti minuti v\u00e4ltel niisket nahka, loputage rohke veega maha ja kuivatage. Seej\u00e4rel kasutage v\u00e4rskendava toimega toonikut. Sobib ka Roaccutane\u2019i kasutamise korral.  GIGI ACNON Pore Purifying Mask 50ml  Liigset rasu imav aktiivmask aitab s\u00e4ilitada poore puhtana. Ennetab akne teket, rahustab naha\u00e4rritust, leevendab punetust ja karedust. Toimeaine neutraliseerib aknet p\u00f5hjustavat bakterit ja rahustab kuiva nahka, biomimeetiline peptiid stimuleerib rakutaastumist ning stabiilne A-vitamiini derivaat aitab ennetada vistrike teket nahka \u00e4rritamata. Sisaldab elut\u00e4htsaid rasvhappeid koos E-vitamiiniga, kaitstes nahka p\u00f5letiku tekkimise eest. Annab nahale puhtama, \u00fchtlasema ja h\u00e4stiniisutatud ilme ning meeldiva heaolutunde. Kasutamine:\u00a0Katke kogu n\u00e4gu paksu maskikihiga ja laske 10 minutit toimida. Seej\u00e4rel eemaldage j\u00e4\u00e4gid niiske salvr\u00e4tiga ja loputage nahka jaheda veega. NB! Retinoide sisaldavad kosmeetilised preparaadid aitavad v\u00e4hendada akneilminguid, kuid ravi algfaasis v\u00f5ivad ilmneda naha ketendus, \u00e4rritus ja punetus. K\u00f5rvaln\u00e4htude kestus v\u00f5ib ulatuda kuni \u00fche kuuni alates ravi algusest, kui nahk kohaneb retinoidide kasutamisega. Aknevastases sarjas AKNON on k\u00fcll kasutatud uue p\u00f5lvkonna granaktiivset retinooli, kuid see ei v\u00e4lista t\u00e4ielikult\u00a0 k\u00f5rvaln\u00e4htude tekkimise v\u00f5imalust, eriti f\u00fc\u00fcsilise koormuse koormuse korral, mis aktiveerib retinoidide toimet nahas. K\u00f5ige t\u00f5en\u00e4olisem on k\u00f5rvaln\u00e4htude ilmnemise v\u00f5imalus nendel klientidel, kelle elustiiliga kaasneb igap\u00e4evane f\u00fc\u00fcsiline koormus v\u00f5i kellele on omane liighigistamine. Eeldada v\u00f5ib seda aga ka liiga kuiva sarvkihi korral. Esmaj\u00e4rjekorras v\u00f5ib siis pakkuda NMFs\u00fc gavniisutavatkarboks\u00fcteraapiat karboks\u00fcteraapiat. Koostis:\u00a0Water, Kaolin, PEG-6, Capric Glycerides, Zinc Oxide, Sulfur, \u00a0Propylene Glycol, Cetearyl Alcohol, Titanium Dioxide, Oleic Acid, Linoleic Acid, Tripeptide-1.","og_url":"https:\/\/dolores.ee\/lv\/toode\/gigi-acnon-facial-cleanser-for-sensitive-skin-100-ml-2\/","og_site_name":"Dolores","article_publisher":"https:\/\/www.facebook.com\/doloresepood\/","article_modified_time":"2026-03-11T13:30:54+00:00","og_image":[{"width":1024,"height":1024,"url":"https:\/\/dolores.ee\/wp-content\/uploads\/2026\/03\/anconn.webp","type":"image\/webp"}],"twitter_card":"summary_large_image","twitter_misc":{"Est. reading time":"1 minute"},"schema":{"@context":"https:\/\/schema.org","@graph":[{"@type":"WebPage","@id":"https:\/\/dolores.ee\/lv\/toode\/gigi-acnon-facial-cleanser-for-sensitive-skin-100-ml-2\/","url":"https:\/\/dolores.ee\/lv\/toode\/gigi-acnon-facial-cleanser-for-sensitive-skin-100-ml-2\/","name":"GIGI Acnon Purifying Mask + Sensitive Cleanser ~ Dolores","isPartOf":{"@id":"https:\/\/dolores.ee\/lv\/#website"},"primaryImageOfPage":{"@id":"https:\/\/dolores.ee\/lv\/toode\/gigi-acnon-facial-cleanser-for-sensitive-skin-100-ml-2\/#primaryimage"},"image":{"@id":"https:\/\/dolores.ee\/lv\/toode\/gigi-acnon-facial-cleanser-for-sensitive-skin-100-ml-2\/#primaryimage"},"thumbnailUrl":"https:\/\/dolores.ee\/wp-content\/uploads\/2026\/03\/anconn.webp","datePublished":"2026-03-11T13:19:32+00:00","dateModified":"2026-03-11T13:30:54+00:00","breadcrumb":{"@id":"https:\/\/dolores.ee\/lv\/toode\/gigi-acnon-facial-cleanser-for-sensitive-skin-100-ml-2\/#breadcrumb"},"inLanguage":"lv-LV","potentialAction":[{"@type":"ReadAction","target":["https:\/\/dolores.ee\/lv\/toode\/gigi-acnon-facial-cleanser-for-sensitive-skin-100-ml-2\/"]}]},{"@type":"ImageObject","inLanguage":"lv-LV","@id":"https:\/\/dolores.ee\/lv\/toode\/gigi-acnon-facial-cleanser-for-sensitive-skin-100-ml-2\/#primaryimage","url":"https:\/\/dolores.ee\/wp-content\/uploads\/2026\/03\/anconn.webp","contentUrl":"https:\/\/dolores.ee\/wp-content\/uploads\/2026\/03\/anconn.webp","width":1024,"height":1024},{"@type":"BreadcrumbList","@id":"https:\/\/dolores.ee\/lv\/toode\/gigi-acnon-facial-cleanser-for-sensitive-skin-100-ml-2\/#breadcrumb","itemListElement":[{"@type":"ListItem","position":1,"name":"Home","item":"https:\/\/dolores.ee\/lv\/"},{"@type":"ListItem","position":2,"name":"E-veikals","item":"https:\/\/dolores.ee\/lv\/e-veikals\/"},{"@type":"ListItem","position":3,"name":"GIGI Acnon Purifying Mask + Sensitive Cleanser"}]},{"@type":"WebSite","@id":"https:\/\/dolores.ee\/lv\/#website","url":"https:\/\/dolores.ee\/lv\/","name":"Dolores e-pood","description":"Beauty Shop","publisher":{"@id":"https:\/\/dolores.ee\/lv\/#organization"},"alternateName":"Dolores","potentialAction":[{"@type":"SearchAction","target":{"@type":"EntryPoint","urlTemplate":"https:\/\/dolores.ee\/lv\/?s={search_term_string}"},"query-input":{"@type":"PropertyValueSpecification","valueRequired":true,"valueName":"search_term_string"}}],"inLanguage":"lv-LV"},{"@type":"Organization","@id":"https:\/\/dolores.ee\/lv\/#organization","name":"Dolores O\u00dc","alternateName":"Dolores e-pood","url":"https:\/\/dolores.ee\/lv\/","logo":{"@type":"ImageObject","inLanguage":"lv-LV","@id":"https:\/\/dolores.ee\/lv\/#\/schema\/logo\/image\/","url":"https:\/\/dolores.ee\/wp-content\/uploads\/2025\/04\/logo-1.jpg","contentUrl":"https:\/\/dolores.ee\/wp-content\/uploads\/2025\/04\/logo-1.jpg","width":1951,"height":660,"caption":"Dolores O\u00dc"},"image":{"@id":"https:\/\/dolores.ee\/lv\/#\/schema\/logo\/image\/"},"sameAs":["https:\/\/www.facebook.com\/doloresepood\/"],"description":"Dolores.ee on kaasaegne veebipood, kust leiad tuntud kaubam\u00e4rkide \u2013 GIGI, Anna Lotan, Hikari, Hlavin \u2013 originaalkosmeetikat. Pakume kvaliteetseid hooldustooteid taskukohaste hindadega ja kiire kohaletoimetamisega \u00fcle Eesti. Nahahooldus pole kunagi olnud nii lihtne ja soodne!","email":"dolores@dolores.ee","telephone":"372 644 2440","legalName":"Dolores O\u00dc","foundingDate":"1998-02-09","vatID":"EE100050280","numberOfEmployees":{"@type":"QuantitativeValue","minValue":"11","maxValue":"50"}}]}},"_links":{"self":[{"href":"https:\/\/dolores.ee\/lv\/wp-json\/wp\/v2\/product\/1002876","targetHints":{"allow":["GET"]}}],"collection":[{"href":"https:\/\/dolores.ee\/lv\/wp-json\/wp\/v2\/product"}],"about":[{"href":"https:\/\/dolores.ee\/lv\/wp-json\/wp\/v2\/types\/product"}],"replies":[{"embeddable":true,"href":"https:\/\/dolores.ee\/lv\/wp-json\/wp\/v2\/comments?post=1002876"}],"version-history":[{"count":3,"href":"https:\/\/dolores.ee\/lv\/wp-json\/wp\/v2\/product\/1002876\/revisions"}],"predecessor-version":[{"id":1002896,"href":"https:\/\/dolores.ee\/lv\/wp-json\/wp\/v2\/product\/1002876\/revisions\/1002896"}],"wp:featuredmedia":[{"embeddable":true,"href":"https:\/\/dolores.ee\/lv\/wp-json\/wp\/v2\/media\/1002672"}],"wp:attachment":[{"href":"https:\/\/dolores.ee\/lv\/wp-json\/wp\/v2\/media?parent=1002876"}],"wp:term":[{"taxonomy":"product_brand","embeddable":true,"href":"https:\/\/dolores.ee\/lv\/wp-json\/wp\/v2\/product_brand?post=1002876"},{"taxonomy":"product_cat","embeddable":true,"href":"https:\/\/dolores.ee\/lv\/wp-json\/wp\/v2\/product_cat?post=1002876"},{"taxonomy":"product_tag","embeddable":true,"href":"https:\/\/dolores.ee\/lv\/wp-json\/wp\/v2\/product_tag?post=1002876"},{"taxonomy":"giftcard-category","embeddable":true,"href":"https:\/\/dolores.ee\/lv\/wp-json\/wp\/v2\/giftcard-category?post=1002876"}],"curies":[{"name":"wp","href":"https:\/\/api.w.org\/{rel}","templated":true}]}}