{"id":1002880,"date":"2026-03-04T04:24:13","date_gmt":"2026-03-11T13:26:58","guid":{"rendered":"https:\/\/dolores.ee\/?post_type=product&#038;p=1002880"},"modified":"2026-03-27T21:01:38","modified_gmt":"2026-03-27T19:01:38","slug":"gigi-acnon-day-night","status":"publish","type":"product","link":"https:\/\/dolores.ee\/lv\/toode\/gigi-acnon-day-night\/","title":{"rendered":"GIGI Acnon Day+Night"},"content":{"rendered":"<div class=\"vgblk-rw-wrapper limit-wrapper\">GIGI ACNON Day Control Moisturizer 50ml<\/p>\n<p>Toitev ja niisutav losjoon rasusele nahale igap\u00e4evaseks kasutuseks. Leevendab pindkuiva naha kiskuvat tunnet, tasakaalustab rasueritust ja hoiab kontrolli all ebatervet l\u00e4iget. Sisaldab looduslike toimeainete kompleksi, mis neutraliseerib vistrikke p\u00f5hjustavaid baktereid ja rahustab tundlikku nahka, ning A-vitamiini derivaati, mis aitab ennetada vinnide teket. Naha t\u00e4iusliku tasakaalu ning sileda tekstuuri saavutamiseks on soovitatav korrap\u00e4rane kasutamine.<\/p>\n<p>Kasutamine: toodet tuleks kanda hommikuti puhtale nahale ja masseerida kuni t\u00e4ieliku imendumiseni. Kuivustunde tekkimise korral v\u00f5ib toodet p\u00e4eva jooksul kasutada korduvalt. Optimaalse tulemuse saavutamiseks kasutada koos Acnon Overnight Tretmentiga.<\/p>\n<p>NB!\u00a0Retinoide sisaldavad kosmeetilised preparaadid aitavad v\u00e4hendada akneilminguid, kuid ravi algfaasis v\u00f5ivad ilmneda naha ketendus, \u00e4rritus ja punetus. K\u00f5rvaln\u00e4htude kestus v\u00f5ib ulatuda kuni \u00fche kuuni alates ravi algusest, kui nahk kohaneb retinoidide kasutamisega. Aknevastases sarjas AKNON on k\u00fcll kasutatud uue p\u00f5lvkonna granaktiivset retinooli, kuid see ei v\u00e4lista t\u00e4ielikult\u00a0 k\u00f5rvaln\u00e4htude tekkimise v\u00f5imalust, eriti f\u00fc\u00fcsilise koormuse koormuse korral, mis aktiveerib retinoidide toimet nahas.\u00a0K\u00f5ige t\u00f5en\u00e4olisem on k\u00f5rvaln\u00e4htude ilmnemise v\u00f5imalus nendel klientidel, kelle elustiiliga kaasneb igap\u00e4evane f\u00fc\u00fcsiline koormus v\u00f5i kellele on omane liighigistamine. Eeldada v\u00f5ib seda aga ka liiga kuiva sarvkihi korral. Esmaj\u00e4rjekorras v\u00f5ib siis pakkuda NMFs\u00fc gavniisutavatkarboks\u00fcteraapiat\u00a0karboks\u00fcteraapiat.<\/p>\n<div><b>Ingredients:\u00a0<\/b>Water (Aqua), Butylene Glycol, Dimethicone, Cetearyl Alcohol Hydroxyethyl Acrylate\/.Sodium Acryldimethyl Taurate Copolymer, Isohexadecane, Polysorbate 60, Isononyl Isononanoate, Phenyl Trimethicone, Aluminium Starch Octenylsuccinate, Phenoxyethanol, Caprylyl Glycol, Capryloyl Glycine, Sarcosine, Cinnamomum Zeylanicum Bark Extract, Salicylic Acid, Fragrance (parfum) Allantoin, Chlorphenesin, Disodium EDTA, Bisabolol, Dimethyl isosorbide, Hydroxypinacolone Retinoate, Chamomile Vulgaris Extract, Butylene Glycol, Dextran,<\/div>\n<div>\u00a0Tripeptide-1, Epilobium Angustifolium Flower\/Stem\/Leaf Extract<span style=\"color: #873d92;\">.<\/span><\/div>\n<p>&nbsp;<\/p>\n<p>GIGI ACNON Overnight Treatment 50ml<\/p>\n<p>Kreem pakub \u00f6ist hooldust, taastab rasun\u00e4\u00e4rmete normaalse toimimise, ennetab pooride ummistumist, v\u00e4hendab p\u00f5letikku ja niisutab deh\u00fcdreeritud nahka. Koostis sisaldab vitamiini B5 ja Kanada p\u00f5drakanepi ekstrakti, millel on p\u00f5letikuvastane, antibakteriaalne ja rahustav toime. Aktiivne kompleks sisaldab A-vitamiini uut stabiilset vormi, mis v\u00e4hendab rasun\u00e4\u00e4rmete aktiivsust ja k\u00e4ivitab rakkude uuenemise protsessid ilma liigset \u00e4rritust p\u00f5hjustamata. Biomimeetiline peptiid Tripeptiid-1 aktiveerib kudede regeneratsiooni, ennetades armide ja pigmendilaikude teket.<\/p>\n<p>I<strong>ngredients:<\/strong>\u00a0Water (Aqua), Ethoxydiglycol, Cyclopentasiloxane, Propylene Glycol, Cetearyl Alcohol, Steareth-2, Benzoyl Peroxide, Dimethicone, Steareth-21, Phenoxyethanol &amp; Caprylyl Glycol, Fragrance (Parfum), Water &amp; Dextran &amp; Tripeptide-1, Dimethyl Isosorbide &amp; Hydroxypinacolone Retinoate, Panthenol, Xanthan Gum, Allantoin, Caprylyl Glycol, Chlorphenesin, Triethanolamine, Carbomer, Tetrasodium EDTA &amp; Sodium Hydroxide, Epilobium Angustifolium Flower\/Leaf\/Stem Extract.<\/p>\n<p>&nbsp;<\/p><\/div>\n<p><!-- .vgblk-rw-wrapper --><\/p>\n","protected":false},"excerpt":{"rendered":"<h3 class=\"product_title entry-title elementor-heading-title elementor-size-default\">GIGI Acnon Day+Night<\/h3>\n","protected":false},"featured_media":1002632,"comment_status":"open","ping_status":"closed","template":"","meta":[],"product_brand":[],"product_cat":[776,271],"product_tag":[],"giftcard-category":[],"class_list":{"0":"post-1002880","1":"product","2":"type-product","3":"status-publish","4":"has-post-thumbnail","6":"product_cat-kingituse-komplektid","7":"product_cat-acnon-et","9":"first","10":"instock","11":"sale","12":"taxable","13":"shipping-taxable","14":"purchasable","15":"product-type-simple"},"yoast_head":"<!-- This site is optimized with the Yoast SEO Premium plugin v25.1 (Yoast SEO v25.7) - https:\/\/yoast.com\/wordpress\/plugins\/seo\/ -->\n<title>GIGI Acnon Day+Night ~ Dolores<\/title>\n<meta name=\"robots\" content=\"index, follow, max-snippet:-1, max-image-preview:large, max-video-preview:-1\" \/>\n<link rel=\"canonical\" href=\"https:\/\/dolores.ee\/lv\/toode\/gigi-acnon-day-night\/\" \/>\n<meta property=\"og:locale\" content=\"lv_LV\" \/>\n<meta property=\"og:type\" content=\"article\" \/>\n<meta property=\"og:title\" content=\"GIGI Acnon Day+Night\" \/>\n<meta property=\"og:description\" content=\"GIGI Acnon Day+Night\" \/>\n<meta property=\"og:url\" content=\"https:\/\/dolores.ee\/lv\/toode\/gigi-acnon-day-night\/\" \/>\n<meta property=\"og:site_name\" content=\"Dolores\" \/>\n<meta property=\"article:publisher\" content=\"https:\/\/www.facebook.com\/doloresepood\/\" \/>\n<meta property=\"article:modified_time\" content=\"2026-03-27T19:01:38+00:00\" \/>\n<meta property=\"og:image\" content=\"https:\/\/dolores.ee\/wp-content\/uploads\/2026\/03\/ancon.png\" \/>\n\t<meta property=\"og:image:width\" content=\"1024\" \/>\n\t<meta property=\"og:image:height\" content=\"1024\" \/>\n\t<meta property=\"og:image:type\" content=\"image\/png\" \/>\n<meta name=\"twitter:card\" content=\"summary_large_image\" \/>\n<meta name=\"twitter:label1\" content=\"Est. reading time\" \/>\n\t<meta name=\"twitter:data1\" content=\"2 minutes\" \/>\n<script type=\"application\/ld+json\" class=\"yoast-schema-graph\">{\"@context\":\"https:\/\/schema.org\",\"@graph\":[{\"@type\":\"WebPage\",\"@id\":\"https:\/\/dolores.ee\/lv\/toode\/gigi-acnon-day-night\/\",\"url\":\"https:\/\/dolores.ee\/lv\/toode\/gigi-acnon-day-night\/\",\"name\":\"GIGI Acnon Day+Night ~ Dolores\",\"isPartOf\":{\"@id\":\"https:\/\/dolores.ee\/lv\/#website\"},\"primaryImageOfPage\":{\"@id\":\"https:\/\/dolores.ee\/lv\/toode\/gigi-acnon-day-night\/#primaryimage\"},\"image\":{\"@id\":\"https:\/\/dolores.ee\/lv\/toode\/gigi-acnon-day-night\/#primaryimage\"},\"thumbnailUrl\":\"https:\/\/dolores.ee\/wp-content\/uploads\/2026\/03\/ancon.png\",\"datePublished\":\"2026-03-11T13:26:58+00:00\",\"dateModified\":\"2026-03-27T19:01:38+00:00\",\"breadcrumb\":{\"@id\":\"https:\/\/dolores.ee\/lv\/toode\/gigi-acnon-day-night\/#breadcrumb\"},\"inLanguage\":\"lv-LV\",\"potentialAction\":[{\"@type\":\"ReadAction\",\"target\":[\"https:\/\/dolores.ee\/lv\/toode\/gigi-acnon-day-night\/\"]}]},{\"@type\":\"ImageObject\",\"inLanguage\":\"lv-LV\",\"@id\":\"https:\/\/dolores.ee\/lv\/toode\/gigi-acnon-day-night\/#primaryimage\",\"url\":\"https:\/\/dolores.ee\/wp-content\/uploads\/2026\/03\/ancon.png\",\"contentUrl\":\"https:\/\/dolores.ee\/wp-content\/uploads\/2026\/03\/ancon.png\",\"width\":1024,\"height\":1024},{\"@type\":\"BreadcrumbList\",\"@id\":\"https:\/\/dolores.ee\/lv\/toode\/gigi-acnon-day-night\/#breadcrumb\",\"itemListElement\":[{\"@type\":\"ListItem\",\"position\":1,\"name\":\"Home\",\"item\":\"https:\/\/dolores.ee\/lv\/\"},{\"@type\":\"ListItem\",\"position\":2,\"name\":\"E-veikals\",\"item\":\"https:\/\/dolores.ee\/lv\/e-veikals\/\"},{\"@type\":\"ListItem\",\"position\":3,\"name\":\"GIGI Acnon Day+Night\"}]},{\"@type\":\"WebSite\",\"@id\":\"https:\/\/dolores.ee\/lv\/#website\",\"url\":\"https:\/\/dolores.ee\/lv\/\",\"name\":\"Dolores e-pood\",\"description\":\"Beauty Shop\",\"publisher\":{\"@id\":\"https:\/\/dolores.ee\/lv\/#organization\"},\"alternateName\":\"Dolores\",\"potentialAction\":[{\"@type\":\"SearchAction\",\"target\":{\"@type\":\"EntryPoint\",\"urlTemplate\":\"https:\/\/dolores.ee\/lv\/?s={search_term_string}\"},\"query-input\":{\"@type\":\"PropertyValueSpecification\",\"valueRequired\":true,\"valueName\":\"search_term_string\"}}],\"inLanguage\":\"lv-LV\"},{\"@type\":\"Organization\",\"@id\":\"https:\/\/dolores.ee\/lv\/#organization\",\"name\":\"Dolores O\u00dc\",\"alternateName\":\"Dolores e-pood\",\"url\":\"https:\/\/dolores.ee\/lv\/\",\"logo\":{\"@type\":\"ImageObject\",\"inLanguage\":\"lv-LV\",\"@id\":\"https:\/\/dolores.ee\/lv\/#\/schema\/logo\/image\/\",\"url\":\"https:\/\/dolores.ee\/wp-content\/uploads\/2025\/04\/logo-1.jpg\",\"contentUrl\":\"https:\/\/dolores.ee\/wp-content\/uploads\/2025\/04\/logo-1.jpg\",\"width\":1951,\"height\":660,\"caption\":\"Dolores O\u00dc\"},\"image\":{\"@id\":\"https:\/\/dolores.ee\/lv\/#\/schema\/logo\/image\/\"},\"sameAs\":[\"https:\/\/www.facebook.com\/doloresepood\/\"],\"description\":\"Dolores.ee on kaasaegne veebipood, kust leiad tuntud kaubam\u00e4rkide \u2013 GIGI, Anna Lotan, Hikari, Hlavin \u2013 originaalkosmeetikat. Pakume kvaliteetseid hooldustooteid taskukohaste hindadega ja kiire kohaletoimetamisega \u00fcle Eesti. Nahahooldus pole kunagi olnud nii lihtne ja soodne!\",\"email\":\"dolores@dolores.ee\",\"telephone\":\"372 644 2440\",\"legalName\":\"Dolores O\u00dc\",\"foundingDate\":\"1998-02-09\",\"vatID\":\"EE100050280\",\"numberOfEmployees\":{\"@type\":\"QuantitativeValue\",\"minValue\":\"11\",\"maxValue\":\"50\"}}]}<\/script>\n<!-- \/ Yoast SEO Premium plugin. -->","yoast_head_json":{"title":"GIGI Acnon Day+Night ~ Dolores","robots":{"index":"index","follow":"follow","max-snippet":"max-snippet:-1","max-image-preview":"max-image-preview:large","max-video-preview":"max-video-preview:-1"},"canonical":"https:\/\/dolores.ee\/lv\/toode\/gigi-acnon-day-night\/","og_locale":"lv_LV","og_type":"article","og_title":"GIGI Acnon Day+Night","og_description":"GIGI Acnon Day+Night","og_url":"https:\/\/dolores.ee\/lv\/toode\/gigi-acnon-day-night\/","og_site_name":"Dolores","article_publisher":"https:\/\/www.facebook.com\/doloresepood\/","article_modified_time":"2026-03-27T19:01:38+00:00","og_image":[{"width":1024,"height":1024,"url":"https:\/\/dolores.ee\/wp-content\/uploads\/2026\/03\/ancon.png","type":"image\/png"}],"twitter_card":"summary_large_image","twitter_misc":{"Est. reading time":"2 minutes"},"schema":{"@context":"https:\/\/schema.org","@graph":[{"@type":"WebPage","@id":"https:\/\/dolores.ee\/lv\/toode\/gigi-acnon-day-night\/","url":"https:\/\/dolores.ee\/lv\/toode\/gigi-acnon-day-night\/","name":"GIGI Acnon Day+Night ~ Dolores","isPartOf":{"@id":"https:\/\/dolores.ee\/lv\/#website"},"primaryImageOfPage":{"@id":"https:\/\/dolores.ee\/lv\/toode\/gigi-acnon-day-night\/#primaryimage"},"image":{"@id":"https:\/\/dolores.ee\/lv\/toode\/gigi-acnon-day-night\/#primaryimage"},"thumbnailUrl":"https:\/\/dolores.ee\/wp-content\/uploads\/2026\/03\/ancon.png","datePublished":"2026-03-11T13:26:58+00:00","dateModified":"2026-03-27T19:01:38+00:00","breadcrumb":{"@id":"https:\/\/dolores.ee\/lv\/toode\/gigi-acnon-day-night\/#breadcrumb"},"inLanguage":"lv-LV","potentialAction":[{"@type":"ReadAction","target":["https:\/\/dolores.ee\/lv\/toode\/gigi-acnon-day-night\/"]}]},{"@type":"ImageObject","inLanguage":"lv-LV","@id":"https:\/\/dolores.ee\/lv\/toode\/gigi-acnon-day-night\/#primaryimage","url":"https:\/\/dolores.ee\/wp-content\/uploads\/2026\/03\/ancon.png","contentUrl":"https:\/\/dolores.ee\/wp-content\/uploads\/2026\/03\/ancon.png","width":1024,"height":1024},{"@type":"BreadcrumbList","@id":"https:\/\/dolores.ee\/lv\/toode\/gigi-acnon-day-night\/#breadcrumb","itemListElement":[{"@type":"ListItem","position":1,"name":"Home","item":"https:\/\/dolores.ee\/lv\/"},{"@type":"ListItem","position":2,"name":"E-veikals","item":"https:\/\/dolores.ee\/lv\/e-veikals\/"},{"@type":"ListItem","position":3,"name":"GIGI Acnon Day+Night"}]},{"@type":"WebSite","@id":"https:\/\/dolores.ee\/lv\/#website","url":"https:\/\/dolores.ee\/lv\/","name":"Dolores e-pood","description":"Beauty Shop","publisher":{"@id":"https:\/\/dolores.ee\/lv\/#organization"},"alternateName":"Dolores","potentialAction":[{"@type":"SearchAction","target":{"@type":"EntryPoint","urlTemplate":"https:\/\/dolores.ee\/lv\/?s={search_term_string}"},"query-input":{"@type":"PropertyValueSpecification","valueRequired":true,"valueName":"search_term_string"}}],"inLanguage":"lv-LV"},{"@type":"Organization","@id":"https:\/\/dolores.ee\/lv\/#organization","name":"Dolores O\u00dc","alternateName":"Dolores e-pood","url":"https:\/\/dolores.ee\/lv\/","logo":{"@type":"ImageObject","inLanguage":"lv-LV","@id":"https:\/\/dolores.ee\/lv\/#\/schema\/logo\/image\/","url":"https:\/\/dolores.ee\/wp-content\/uploads\/2025\/04\/logo-1.jpg","contentUrl":"https:\/\/dolores.ee\/wp-content\/uploads\/2025\/04\/logo-1.jpg","width":1951,"height":660,"caption":"Dolores O\u00dc"},"image":{"@id":"https:\/\/dolores.ee\/lv\/#\/schema\/logo\/image\/"},"sameAs":["https:\/\/www.facebook.com\/doloresepood\/"],"description":"Dolores.ee on kaasaegne veebipood, kust leiad tuntud kaubam\u00e4rkide \u2013 GIGI, Anna Lotan, Hikari, Hlavin \u2013 originaalkosmeetikat. Pakume kvaliteetseid hooldustooteid taskukohaste hindadega ja kiire kohaletoimetamisega \u00fcle Eesti. Nahahooldus pole kunagi olnud nii lihtne ja soodne!","email":"dolores@dolores.ee","telephone":"372 644 2440","legalName":"Dolores O\u00dc","foundingDate":"1998-02-09","vatID":"EE100050280","numberOfEmployees":{"@type":"QuantitativeValue","minValue":"11","maxValue":"50"}}]}},"_links":{"self":[{"href":"https:\/\/dolores.ee\/lv\/wp-json\/wp\/v2\/product\/1002880","targetHints":{"allow":["GET"]}}],"collection":[{"href":"https:\/\/dolores.ee\/lv\/wp-json\/wp\/v2\/product"}],"about":[{"href":"https:\/\/dolores.ee\/lv\/wp-json\/wp\/v2\/types\/product"}],"replies":[{"embeddable":true,"href":"https:\/\/dolores.ee\/lv\/wp-json\/wp\/v2\/comments?post=1002880"}],"version-history":[{"count":1,"href":"https:\/\/dolores.ee\/lv\/wp-json\/wp\/v2\/product\/1002880\/revisions"}],"predecessor-version":[{"id":1002888,"href":"https:\/\/dolores.ee\/lv\/wp-json\/wp\/v2\/product\/1002880\/revisions\/1002888"}],"wp:featuredmedia":[{"embeddable":true,"href":"https:\/\/dolores.ee\/lv\/wp-json\/wp\/v2\/media\/1002632"}],"wp:attachment":[{"href":"https:\/\/dolores.ee\/lv\/wp-json\/wp\/v2\/media?parent=1002880"}],"wp:term":[{"taxonomy":"product_brand","embeddable":true,"href":"https:\/\/dolores.ee\/lv\/wp-json\/wp\/v2\/product_brand?post=1002880"},{"taxonomy":"product_cat","embeddable":true,"href":"https:\/\/dolores.ee\/lv\/wp-json\/wp\/v2\/product_cat?post=1002880"},{"taxonomy":"product_tag","embeddable":true,"href":"https:\/\/dolores.ee\/lv\/wp-json\/wp\/v2\/product_tag?post=1002880"},{"taxonomy":"giftcard-category","embeddable":true,"href":"https:\/\/dolores.ee\/lv\/wp-json\/wp\/v2\/giftcard-category?post=1002880"}],"curies":[{"name":"wp","href":"https:\/\/api.w.org\/{rel}","templated":true}]}}