{"id":1002881,"date":"2026-03-04T04:28:48","date_gmt":"2026-03-11T13:24:09","guid":{"rendered":"https:\/\/dolores.ee\/?post_type=product&#038;p=1002881"},"modified":"2026-03-11T15:24:10","modified_gmt":"2026-03-11T13:24:10","slug":"gigi-city-nap-soap-beauty-sleep-mask","status":"publish","type":"product","link":"https:\/\/dolores.ee\/lv\/toode\/gigi-city-nap-soap-beauty-sleep-mask\/","title":{"rendered":"GIGI City Nap Soap + Beauty Sleep Mask"},"content":{"rendered":"<div class=\"vgblk-rw-wrapper limit-wrapper\">GIGI City NAP Urban Sleeping Mask 50 ml<\/p>\n<p>Maksimaalne aktiivainete kontsentratsioon. V\u00e4ljutab nahast toksiine, pehmendab ja niisutab nahka s\u00fcgavalt. Neutraliseerib p\u00e4evase stressi tagaj\u00e4rgi. K\u00e4ivitab naha uuenemis- ja taastumisprotsessi. N\u00c4HTAV TULEMUS JUBA P\u00c4RAST ESIMEST \u00d6\u00d6D! Toimeained: BUTTERFLY BUS kompleks, erinevate vetikate ekstraktid, E-vitamiin, Aloe vera, sidrunhape, uurea, ehhinakosiid, verbaskosiid, Spirulina, fruktoos.<\/p>\n<p>Kasutamine: kandke mask eelnevalt puhastatud n\u00e4onahale, j\u00e4tke \u00f6\u00f6seks peale. Mitte loputada.<\/p>\n<p>Ingredients:Water(Aqua), Dimethicone, Propanediol Glycerin, Magnesium Sulfate, Dimethicone Crosspolymer, Xanthan Gum, Phenoxyethanol, Fragrance (Supplement), Caprylyl Glycol, Behenyl Alcohol, Hydroxyethyl Acrylate \/ Sodium Acryloyldimethyl Taurate Copolymer Isohexadecane, Butylene Glycol, Sodium Acrylate \/ Sodium Acryloyldimethyl Taurate Copolymer Benzoic Acid, Cucumber Fruit Extract Polysorbate 60 Sea Water Polysorbate 80 Algae Extract Cyclotetrasiloxane Sorbitan isostearate Grapefruit (Citrus Grandis) Fruit Extract, Panax Ginseng Root Extract Zingiber Officinale (Ginger) Root Extract, Buddleja Officinalis Leaf Extract Spirulina Platensis Extract, Cl 42090 Sodium Benzoate Citric Acid Hydrolyzed Rhodophyceae extract.<\/p>\n<p>GIGI City NAP Charcoal Kooriv Seep 200 ml<\/p>\n<p>S\u00f6eosakesi sisaldava n\u00e4oseebi aluseks on looduslikest toimeainetest koosnevat NAP kompleks, mis aitab nahalt eemaldada linnakeskkonna kahjulike m\u00f5jude tagaj\u00e4rgi: sudu, raskemetallide ja p\u00e4ikesekiirguse ning kuvaritest, mobiilidest ja tahvelarvutitest eralduva kiirguse j\u00e4\u00e4ke. NAP kompleks on unikaalne vetikate\u00a0 ja Jaapani iirise \u00f5ieekstrakti kooslus, mis pakub nahale looduslikku kaitset. Aktiivs\u00f6e osakesi sisaldav n\u00e4oseep puhastab t\u00f5husalt nahka, eemaldab kogunenud rasu, sudu ja elutud naharakud. Valmistab nahka ette niisutavate toimeainete maksimaalseks imendumiseks.<br \/>\nKasutamine:\u00a0masseerida \u00f5htuti umbes minuti v\u00e4ltel niiskele nahale. J\u00e4\u00e4gid hoolikalt maha loputada ja l\u00f5petuseks kanda nahale CITY NAP niisutav kreem.<\/p><\/div>\n<p><!-- .vgblk-rw-wrapper --><\/p>\n","protected":false},"excerpt":{"rendered":"<h3 class=\"product_title entry-title elementor-heading-title elementor-size-default\">GIGI City Nap Soap + Beauty Sleep Mask<\/h3>\n","protected":false},"featured_media":1002676,"comment_status":"open","ping_status":"closed","template":"","meta":[],"product_brand":[],"product_cat":[776],"product_tag":[],"giftcard-category":[],"class_list":{"0":"post-1002881","1":"product","2":"type-product","3":"status-publish","4":"has-post-thumbnail","6":"product_cat-kingituse-komplektid","8":"first","9":"instock","10":"sale","11":"taxable","12":"shipping-taxable","13":"purchasable","14":"product-type-simple"},"yoast_head":"<!-- This site is optimized with the Yoast SEO Premium plugin v25.1 (Yoast SEO v25.7) - https:\/\/yoast.com\/wordpress\/plugins\/seo\/ -->\n<title>GIGI City Nap Soap + Beauty Sleep Mask ~ Dolores<\/title>\n<meta name=\"robots\" content=\"index, follow, max-snippet:-1, max-image-preview:large, max-video-preview:-1\" \/>\n<link rel=\"canonical\" href=\"https:\/\/dolores.ee\/lv\/toode\/gigi-city-nap-soap-beauty-sleep-mask\/\" \/>\n<meta property=\"og:locale\" content=\"lv_LV\" \/>\n<meta property=\"og:type\" content=\"article\" \/>\n<meta property=\"og:title\" content=\"GIGI City Nap Soap + Beauty Sleep Mask\" \/>\n<meta property=\"og:description\" content=\"GIGI City Nap Soap + Beauty Sleep Mask\" \/>\n<meta property=\"og:url\" content=\"https:\/\/dolores.ee\/lv\/toode\/gigi-city-nap-soap-beauty-sleep-mask\/\" \/>\n<meta property=\"og:site_name\" content=\"Dolores\" \/>\n<meta property=\"article:publisher\" content=\"https:\/\/www.facebook.com\/doloresepood\/\" \/>\n<meta property=\"article:modified_time\" content=\"2026-03-11T13:24:10+00:00\" \/>\n<meta property=\"og:image\" content=\"https:\/\/dolores.ee\/wp-content\/uploads\/2026\/03\/citynap.webp\" \/>\n\t<meta property=\"og:image:width\" content=\"1024\" \/>\n\t<meta property=\"og:image:height\" content=\"1024\" \/>\n\t<meta property=\"og:image:type\" content=\"image\/webp\" \/>\n<meta name=\"twitter:card\" content=\"summary_large_image\" \/>\n<meta name=\"twitter:label1\" content=\"Est. reading time\" \/>\n\t<meta name=\"twitter:data1\" content=\"2 minutes\" \/>\n<script type=\"application\/ld+json\" class=\"yoast-schema-graph\">{\"@context\":\"https:\/\/schema.org\",\"@graph\":[{\"@type\":\"WebPage\",\"@id\":\"https:\/\/dolores.ee\/lv\/toode\/gigi-city-nap-soap-beauty-sleep-mask\/\",\"url\":\"https:\/\/dolores.ee\/lv\/toode\/gigi-city-nap-soap-beauty-sleep-mask\/\",\"name\":\"GIGI City Nap Soap + Beauty Sleep Mask ~ Dolores\",\"isPartOf\":{\"@id\":\"https:\/\/dolores.ee\/lv\/#website\"},\"primaryImageOfPage\":{\"@id\":\"https:\/\/dolores.ee\/lv\/toode\/gigi-city-nap-soap-beauty-sleep-mask\/#primaryimage\"},\"image\":{\"@id\":\"https:\/\/dolores.ee\/lv\/toode\/gigi-city-nap-soap-beauty-sleep-mask\/#primaryimage\"},\"thumbnailUrl\":\"https:\/\/dolores.ee\/wp-content\/uploads\/2026\/03\/citynap.webp\",\"datePublished\":\"2026-03-11T13:24:09+00:00\",\"dateModified\":\"2026-03-11T13:24:10+00:00\",\"breadcrumb\":{\"@id\":\"https:\/\/dolores.ee\/lv\/toode\/gigi-city-nap-soap-beauty-sleep-mask\/#breadcrumb\"},\"inLanguage\":\"lv-LV\",\"potentialAction\":[{\"@type\":\"ReadAction\",\"target\":[\"https:\/\/dolores.ee\/lv\/toode\/gigi-city-nap-soap-beauty-sleep-mask\/\"]}]},{\"@type\":\"ImageObject\",\"inLanguage\":\"lv-LV\",\"@id\":\"https:\/\/dolores.ee\/lv\/toode\/gigi-city-nap-soap-beauty-sleep-mask\/#primaryimage\",\"url\":\"https:\/\/dolores.ee\/wp-content\/uploads\/2026\/03\/citynap.webp\",\"contentUrl\":\"https:\/\/dolores.ee\/wp-content\/uploads\/2026\/03\/citynap.webp\",\"width\":1024,\"height\":1024},{\"@type\":\"BreadcrumbList\",\"@id\":\"https:\/\/dolores.ee\/lv\/toode\/gigi-city-nap-soap-beauty-sleep-mask\/#breadcrumb\",\"itemListElement\":[{\"@type\":\"ListItem\",\"position\":1,\"name\":\"Home\",\"item\":\"https:\/\/dolores.ee\/lv\/\"},{\"@type\":\"ListItem\",\"position\":2,\"name\":\"E-veikals\",\"item\":\"https:\/\/dolores.ee\/lv\/e-veikals\/\"},{\"@type\":\"ListItem\",\"position\":3,\"name\":\"GIGI City Nap Soap + Beauty Sleep Mask\"}]},{\"@type\":\"WebSite\",\"@id\":\"https:\/\/dolores.ee\/lv\/#website\",\"url\":\"https:\/\/dolores.ee\/lv\/\",\"name\":\"Dolores e-pood\",\"description\":\"Beauty Shop\",\"publisher\":{\"@id\":\"https:\/\/dolores.ee\/lv\/#organization\"},\"alternateName\":\"Dolores\",\"potentialAction\":[{\"@type\":\"SearchAction\",\"target\":{\"@type\":\"EntryPoint\",\"urlTemplate\":\"https:\/\/dolores.ee\/lv\/?s={search_term_string}\"},\"query-input\":{\"@type\":\"PropertyValueSpecification\",\"valueRequired\":true,\"valueName\":\"search_term_string\"}}],\"inLanguage\":\"lv-LV\"},{\"@type\":\"Organization\",\"@id\":\"https:\/\/dolores.ee\/lv\/#organization\",\"name\":\"Dolores O\u00dc\",\"alternateName\":\"Dolores e-pood\",\"url\":\"https:\/\/dolores.ee\/lv\/\",\"logo\":{\"@type\":\"ImageObject\",\"inLanguage\":\"lv-LV\",\"@id\":\"https:\/\/dolores.ee\/lv\/#\/schema\/logo\/image\/\",\"url\":\"https:\/\/dolores.ee\/wp-content\/uploads\/2025\/04\/logo-1.jpg\",\"contentUrl\":\"https:\/\/dolores.ee\/wp-content\/uploads\/2025\/04\/logo-1.jpg\",\"width\":1951,\"height\":660,\"caption\":\"Dolores O\u00dc\"},\"image\":{\"@id\":\"https:\/\/dolores.ee\/lv\/#\/schema\/logo\/image\/\"},\"sameAs\":[\"https:\/\/www.facebook.com\/doloresepood\/\"],\"description\":\"Dolores.ee on kaasaegne veebipood, kust leiad tuntud kaubam\u00e4rkide \u2013 GIGI, Anna Lotan, Hikari, Hlavin \u2013 originaalkosmeetikat. Pakume kvaliteetseid hooldustooteid taskukohaste hindadega ja kiire kohaletoimetamisega \u00fcle Eesti. Nahahooldus pole kunagi olnud nii lihtne ja soodne!\",\"email\":\"dolores@dolores.ee\",\"telephone\":\"372 644 2440\",\"legalName\":\"Dolores O\u00dc\",\"foundingDate\":\"1998-02-09\",\"vatID\":\"EE100050280\",\"numberOfEmployees\":{\"@type\":\"QuantitativeValue\",\"minValue\":\"11\",\"maxValue\":\"50\"}}]}<\/script>\n<!-- \/ Yoast SEO Premium plugin. -->","yoast_head_json":{"title":"GIGI City Nap Soap + Beauty Sleep Mask ~ Dolores","robots":{"index":"index","follow":"follow","max-snippet":"max-snippet:-1","max-image-preview":"max-image-preview:large","max-video-preview":"max-video-preview:-1"},"canonical":"https:\/\/dolores.ee\/lv\/toode\/gigi-city-nap-soap-beauty-sleep-mask\/","og_locale":"lv_LV","og_type":"article","og_title":"GIGI City Nap Soap + Beauty Sleep Mask","og_description":"GIGI City Nap Soap + Beauty Sleep Mask","og_url":"https:\/\/dolores.ee\/lv\/toode\/gigi-city-nap-soap-beauty-sleep-mask\/","og_site_name":"Dolores","article_publisher":"https:\/\/www.facebook.com\/doloresepood\/","article_modified_time":"2026-03-11T13:24:10+00:00","og_image":[{"width":1024,"height":1024,"url":"https:\/\/dolores.ee\/wp-content\/uploads\/2026\/03\/citynap.webp","type":"image\/webp"}],"twitter_card":"summary_large_image","twitter_misc":{"Est. reading time":"2 minutes"},"schema":{"@context":"https:\/\/schema.org","@graph":[{"@type":"WebPage","@id":"https:\/\/dolores.ee\/lv\/toode\/gigi-city-nap-soap-beauty-sleep-mask\/","url":"https:\/\/dolores.ee\/lv\/toode\/gigi-city-nap-soap-beauty-sleep-mask\/","name":"GIGI City Nap Soap + Beauty Sleep Mask ~ Dolores","isPartOf":{"@id":"https:\/\/dolores.ee\/lv\/#website"},"primaryImageOfPage":{"@id":"https:\/\/dolores.ee\/lv\/toode\/gigi-city-nap-soap-beauty-sleep-mask\/#primaryimage"},"image":{"@id":"https:\/\/dolores.ee\/lv\/toode\/gigi-city-nap-soap-beauty-sleep-mask\/#primaryimage"},"thumbnailUrl":"https:\/\/dolores.ee\/wp-content\/uploads\/2026\/03\/citynap.webp","datePublished":"2026-03-11T13:24:09+00:00","dateModified":"2026-03-11T13:24:10+00:00","breadcrumb":{"@id":"https:\/\/dolores.ee\/lv\/toode\/gigi-city-nap-soap-beauty-sleep-mask\/#breadcrumb"},"inLanguage":"lv-LV","potentialAction":[{"@type":"ReadAction","target":["https:\/\/dolores.ee\/lv\/toode\/gigi-city-nap-soap-beauty-sleep-mask\/"]}]},{"@type":"ImageObject","inLanguage":"lv-LV","@id":"https:\/\/dolores.ee\/lv\/toode\/gigi-city-nap-soap-beauty-sleep-mask\/#primaryimage","url":"https:\/\/dolores.ee\/wp-content\/uploads\/2026\/03\/citynap.webp","contentUrl":"https:\/\/dolores.ee\/wp-content\/uploads\/2026\/03\/citynap.webp","width":1024,"height":1024},{"@type":"BreadcrumbList","@id":"https:\/\/dolores.ee\/lv\/toode\/gigi-city-nap-soap-beauty-sleep-mask\/#breadcrumb","itemListElement":[{"@type":"ListItem","position":1,"name":"Home","item":"https:\/\/dolores.ee\/lv\/"},{"@type":"ListItem","position":2,"name":"E-veikals","item":"https:\/\/dolores.ee\/lv\/e-veikals\/"},{"@type":"ListItem","position":3,"name":"GIGI City Nap Soap + Beauty Sleep Mask"}]},{"@type":"WebSite","@id":"https:\/\/dolores.ee\/lv\/#website","url":"https:\/\/dolores.ee\/lv\/","name":"Dolores e-pood","description":"Beauty Shop","publisher":{"@id":"https:\/\/dolores.ee\/lv\/#organization"},"alternateName":"Dolores","potentialAction":[{"@type":"SearchAction","target":{"@type":"EntryPoint","urlTemplate":"https:\/\/dolores.ee\/lv\/?s={search_term_string}"},"query-input":{"@type":"PropertyValueSpecification","valueRequired":true,"valueName":"search_term_string"}}],"inLanguage":"lv-LV"},{"@type":"Organization","@id":"https:\/\/dolores.ee\/lv\/#organization","name":"Dolores O\u00dc","alternateName":"Dolores e-pood","url":"https:\/\/dolores.ee\/lv\/","logo":{"@type":"ImageObject","inLanguage":"lv-LV","@id":"https:\/\/dolores.ee\/lv\/#\/schema\/logo\/image\/","url":"https:\/\/dolores.ee\/wp-content\/uploads\/2025\/04\/logo-1.jpg","contentUrl":"https:\/\/dolores.ee\/wp-content\/uploads\/2025\/04\/logo-1.jpg","width":1951,"height":660,"caption":"Dolores O\u00dc"},"image":{"@id":"https:\/\/dolores.ee\/lv\/#\/schema\/logo\/image\/"},"sameAs":["https:\/\/www.facebook.com\/doloresepood\/"],"description":"Dolores.ee on kaasaegne veebipood, kust leiad tuntud kaubam\u00e4rkide \u2013 GIGI, Anna Lotan, Hikari, Hlavin \u2013 originaalkosmeetikat. Pakume kvaliteetseid hooldustooteid taskukohaste hindadega ja kiire kohaletoimetamisega \u00fcle Eesti. Nahahooldus pole kunagi olnud nii lihtne ja soodne!","email":"dolores@dolores.ee","telephone":"372 644 2440","legalName":"Dolores O\u00dc","foundingDate":"1998-02-09","vatID":"EE100050280","numberOfEmployees":{"@type":"QuantitativeValue","minValue":"11","maxValue":"50"}}]}},"_links":{"self":[{"href":"https:\/\/dolores.ee\/lv\/wp-json\/wp\/v2\/product\/1002881","targetHints":{"allow":["GET"]}}],"collection":[{"href":"https:\/\/dolores.ee\/lv\/wp-json\/wp\/v2\/product"}],"about":[{"href":"https:\/\/dolores.ee\/lv\/wp-json\/wp\/v2\/types\/product"}],"replies":[{"embeddable":true,"href":"https:\/\/dolores.ee\/lv\/wp-json\/wp\/v2\/comments?post=1002881"}],"version-history":[{"count":1,"href":"https:\/\/dolores.ee\/lv\/wp-json\/wp\/v2\/product\/1002881\/revisions"}],"predecessor-version":[{"id":1002884,"href":"https:\/\/dolores.ee\/lv\/wp-json\/wp\/v2\/product\/1002881\/revisions\/1002884"}],"wp:featuredmedia":[{"embeddable":true,"href":"https:\/\/dolores.ee\/lv\/wp-json\/wp\/v2\/media\/1002676"}],"wp:attachment":[{"href":"https:\/\/dolores.ee\/lv\/wp-json\/wp\/v2\/media?parent=1002881"}],"wp:term":[{"taxonomy":"product_brand","embeddable":true,"href":"https:\/\/dolores.ee\/lv\/wp-json\/wp\/v2\/product_brand?post=1002881"},{"taxonomy":"product_cat","embeddable":true,"href":"https:\/\/dolores.ee\/lv\/wp-json\/wp\/v2\/product_cat?post=1002881"},{"taxonomy":"product_tag","embeddable":true,"href":"https:\/\/dolores.ee\/lv\/wp-json\/wp\/v2\/product_tag?post=1002881"},{"taxonomy":"giftcard-category","embeddable":true,"href":"https:\/\/dolores.ee\/lv\/wp-json\/wp\/v2\/giftcard-category?post=1002881"}],"curies":[{"name":"wp","href":"https:\/\/api.w.org\/{rel}","templated":true}]}}