{"id":1003149,"date":"2026-04-14T12:48:09","date_gmt":"2026-04-14T10:00:34","guid":{"rendered":"https:\/\/dolores.ee\/?post_type=product&#038;p=1003149"},"modified":"2026-04-14T13:00:35","modified_gmt":"2026-04-14T10:00:35","slug":"gigi-pdrn-pure-serum-lumine-30-ml","status":"publish","type":"product","link":"https:\/\/dolores.ee\/lv\/toode\/gigi-pdrn-pure-serum-lumine-30-ml\/","title":{"rendered":"GIGI PDRN PURE SERUM LUMINE 30 ml"},"content":{"rendered":"<div class=\"vgblk-rw-wrapper limit-wrapper\">\n<p data-start=\"0\" data-end=\"387\">Igap\u00e4evane seerum vananemisprotsessi aeglustamiseks, mis sisaldab looduslikku p\u00e4ritolu PDRN-i \u2013 uut aktiivset koostisosa dermokosmeetilise nahahoolduse maailmas. PDRN toimib biomimeetilise ainena, matkides rakkudest vabanevate nukleiinhapete (DNA) loomulikku aktiivsust, aidates taastada noori naharakke, parandada vananemisest tingitud kahjustusi ning soodustada naha kudede paranemist.<\/p>\n<p data-start=\"389\" data-end=\"781\">Seerum sisaldab ka h\u00fcaluroonhapet ja peptiide, mis tugevdavad PDRN-i toimet, aidates kaasa uute ja tervete naharakkude tekkele, kiirendades rakkude jagunemist ning aktiveerides kollageeni ja elastiini tootmise mehhanisme, et nahk oleks pringim ja elastsem. Parandab hapniku, DNA fragmentide ja toitainete j\u00f5udmist kudedesse, taastades naha parandamis- ja taastumisv\u00f5ime noorema naha tasemele.<\/p>\n<p data-start=\"783\" data-end=\"1058\">Toetab naha uuenemisprotsesse, aidates ennetada p\u00f5letikke, mis p\u00f5hjustavad naha ebapuhtusi, v\u00e4hendab vananemise m\u00e4rke ning silub kortse alates naha s\u00fcgavamatest kihtidest v\u00e4ljapoole. Aitab s\u00e4ilitada niiskust, tugevdades naha kaitsebarj\u00e4\u00e4ri ning ennetades kuivust ja \u00e4rritust.<\/p>\n<p data-start=\"1060\" data-end=\"1136\" data-is-last-node=\"\" data-is-only-node=\"\">Seerumi kerge tekstuur sobib k\u00f5ikidele nahat\u00fc\u00fcpidele, vanustele ja sugudele.<\/p>\n<p data-start=\"1060\" data-end=\"1136\" data-is-last-node=\"\" data-is-only-node=\"\">Kasutamine: Kasuta seerumit oma nahahooldusrutiini esimese etapina. Kanna paar tilka puhastatud n\u00e4ole hommikul ja \u00f5htul. Masseeri kuni t\u00e4ieliku imendumiseni.<\/p>\n<p>Ingredients: Water\/Aqua, Propylene Glycol Dicaprylate\/Dicaprate, Dipropylene Glycol, Cetearyl Ethylhexanoate, Propylene Glycol, Cetearyl Alcohol, Arachidyl Alcohol, Dimethicone, Phenyl Trimethicone, Coco-Glucoside, Caprylyl Glycol, Hydroxyethyl Acrylate\/Sodium Acryloyldimethyl Taurate Copolymer, Phenoxyethanol, Behenyl Alcohol, Isohexadecane, Arachidyl Glucoside, Fragrance\/Parfum, Chlorphenesin, Xanthan Gum, Polysorbate 60, Copper Tripeptide-1, Polydeoxyribonucleotide, Chlorhexidine Digluconate, Lecithin, Sodium Acetylated Hyaluronate, Sorbitan Isostearate, 1,2-Hexanediol, Glucose, Acetyl Glutamine, Bacillus\/Folic Acid Ferment Filtrate Extract, Butylene Glycol, sh-Oligopeptide-1, sh-Oligopeptide-2, sh-Polypeptide-1, sh-Polypeptide-10, sh-Polypeptide-11, Sodium Hyaluronate, Centella Asiatica Leaf Vesicles, Daucus Carota Sativa (Carrot) Vesicles.<\/p><\/div>\n<p><!-- .vgblk-rw-wrapper --><\/p>\n","protected":false},"excerpt":{"rendered":"<p>GIGI PDRN PURE SERUM LUMINE<\/p>\n","protected":false},"featured_media":1003145,"comment_status":"open","ping_status":"closed","template":"","meta":[],"product_brand":[],"product_cat":[99,276,135,137,123],"product_tag":[],"giftcard-category":[],"class_list":{"0":"post-1003149","1":"product","2":"type-product","3":"status-publish","4":"has-post-thumbnail","6":"product_cat-gigi-et","7":"product_cat-3d-hyalu-fill-h-a-et","8":"product_cat-2-naohooldus","9":"product_cat-seerumid-olid","10":"product_cat-uued-tooted","12":"first","13":"instock","14":"taxable","15":"shipping-taxable","16":"purchasable","17":"product-type-simple"},"yoast_head":"<!-- This site is optimized with the Yoast SEO Premium plugin v25.1 (Yoast SEO v25.7) - https:\/\/yoast.com\/wordpress\/plugins\/seo\/ -->\n<title>GIGI PDRN PURE SERUM LUMINE 30 ml ~ Dolores<\/title>\n<meta name=\"robots\" content=\"index, follow, max-snippet:-1, max-image-preview:large, max-video-preview:-1\" \/>\n<link rel=\"canonical\" href=\"https:\/\/dolores.ee\/lv\/toode\/gigi-pdrn-pure-serum-lumine-30-ml\/\" \/>\n<meta property=\"og:locale\" content=\"lv_LV\" \/>\n<meta property=\"og:type\" content=\"article\" \/>\n<meta property=\"og:title\" content=\"GIGI PDRN PURE SERUM LUMINE 30 ml\" \/>\n<meta property=\"og:description\" content=\"GIGI PDRN PURE SERUM LUMINE\" \/>\n<meta property=\"og:url\" content=\"https:\/\/dolores.ee\/lv\/toode\/gigi-pdrn-pure-serum-lumine-30-ml\/\" \/>\n<meta property=\"og:site_name\" content=\"Dolores\" \/>\n<meta property=\"article:publisher\" content=\"https:\/\/www.facebook.com\/doloresepood\/\" \/>\n<meta property=\"article:modified_time\" content=\"2026-04-14T10:00:35+00:00\" \/>\n<meta property=\"og:image\" content=\"https:\/\/dolores.ee\/wp-content\/uploads\/2026\/04\/serum-lumine-pdrn-pure-gigi.webp\" \/>\n\t<meta property=\"og:image:width\" content=\"500\" \/>\n\t<meta property=\"og:image:height\" content=\"500\" \/>\n\t<meta property=\"og:image:type\" content=\"image\/webp\" \/>\n<meta name=\"twitter:card\" content=\"summary_large_image\" \/>\n<meta name=\"twitter:label1\" content=\"Est. reading time\" \/>\n\t<meta name=\"twitter:data1\" content=\"2 minutes\" \/>\n<script type=\"application\/ld+json\" class=\"yoast-schema-graph\">{\"@context\":\"https:\/\/schema.org\",\"@graph\":[{\"@type\":\"WebPage\",\"@id\":\"https:\/\/dolores.ee\/lv\/toode\/gigi-pdrn-pure-serum-lumine-30-ml\/\",\"url\":\"https:\/\/dolores.ee\/lv\/toode\/gigi-pdrn-pure-serum-lumine-30-ml\/\",\"name\":\"GIGI PDRN PURE SERUM LUMINE 30 ml ~ Dolores\",\"isPartOf\":{\"@id\":\"https:\/\/dolores.ee\/lv\/#website\"},\"primaryImageOfPage\":{\"@id\":\"https:\/\/dolores.ee\/lv\/toode\/gigi-pdrn-pure-serum-lumine-30-ml\/#primaryimage\"},\"image\":{\"@id\":\"https:\/\/dolores.ee\/lv\/toode\/gigi-pdrn-pure-serum-lumine-30-ml\/#primaryimage\"},\"thumbnailUrl\":\"https:\/\/dolores.ee\/wp-content\/uploads\/2026\/04\/serum-lumine-pdrn-pure-gigi.webp\",\"datePublished\":\"2026-04-14T10:00:34+00:00\",\"dateModified\":\"2026-04-14T10:00:35+00:00\",\"breadcrumb\":{\"@id\":\"https:\/\/dolores.ee\/lv\/toode\/gigi-pdrn-pure-serum-lumine-30-ml\/#breadcrumb\"},\"inLanguage\":\"lv-LV\",\"potentialAction\":[{\"@type\":\"ReadAction\",\"target\":[\"https:\/\/dolores.ee\/lv\/toode\/gigi-pdrn-pure-serum-lumine-30-ml\/\"]}]},{\"@type\":\"ImageObject\",\"inLanguage\":\"lv-LV\",\"@id\":\"https:\/\/dolores.ee\/lv\/toode\/gigi-pdrn-pure-serum-lumine-30-ml\/#primaryimage\",\"url\":\"https:\/\/dolores.ee\/wp-content\/uploads\/2026\/04\/serum-lumine-pdrn-pure-gigi.webp\",\"contentUrl\":\"https:\/\/dolores.ee\/wp-content\/uploads\/2026\/04\/serum-lumine-pdrn-pure-gigi.webp\",\"width\":500,\"height\":500},{\"@type\":\"BreadcrumbList\",\"@id\":\"https:\/\/dolores.ee\/lv\/toode\/gigi-pdrn-pure-serum-lumine-30-ml\/#breadcrumb\",\"itemListElement\":[{\"@type\":\"ListItem\",\"position\":1,\"name\":\"Home\",\"item\":\"https:\/\/dolores.ee\/lv\/\"},{\"@type\":\"ListItem\",\"position\":2,\"name\":\"E-veikals\",\"item\":\"https:\/\/dolores.ee\/lv\/e-veikals\/\"},{\"@type\":\"ListItem\",\"position\":3,\"name\":\"GIGI PDRN PURE SERUM LUMINE 30 ml\"}]},{\"@type\":\"WebSite\",\"@id\":\"https:\/\/dolores.ee\/lv\/#website\",\"url\":\"https:\/\/dolores.ee\/lv\/\",\"name\":\"Dolores e-pood\",\"description\":\"Beauty Shop\",\"publisher\":{\"@id\":\"https:\/\/dolores.ee\/lv\/#organization\"},\"alternateName\":\"Dolores\",\"potentialAction\":[{\"@type\":\"SearchAction\",\"target\":{\"@type\":\"EntryPoint\",\"urlTemplate\":\"https:\/\/dolores.ee\/lv\/?s={search_term_string}\"},\"query-input\":{\"@type\":\"PropertyValueSpecification\",\"valueRequired\":true,\"valueName\":\"search_term_string\"}}],\"inLanguage\":\"lv-LV\"},{\"@type\":\"Organization\",\"@id\":\"https:\/\/dolores.ee\/lv\/#organization\",\"name\":\"Dolores O\u00dc\",\"alternateName\":\"Dolores e-pood\",\"url\":\"https:\/\/dolores.ee\/lv\/\",\"logo\":{\"@type\":\"ImageObject\",\"inLanguage\":\"lv-LV\",\"@id\":\"https:\/\/dolores.ee\/lv\/#\/schema\/logo\/image\/\",\"url\":\"https:\/\/dolores.ee\/wp-content\/uploads\/2025\/04\/logo-1.jpg\",\"contentUrl\":\"https:\/\/dolores.ee\/wp-content\/uploads\/2025\/04\/logo-1.jpg\",\"width\":1951,\"height\":660,\"caption\":\"Dolores O\u00dc\"},\"image\":{\"@id\":\"https:\/\/dolores.ee\/lv\/#\/schema\/logo\/image\/\"},\"sameAs\":[\"https:\/\/www.facebook.com\/doloresepood\/\"],\"description\":\"Dolores.ee on kaasaegne veebipood, kust leiad tuntud kaubam\u00e4rkide \u2013 GIGI, Anna Lotan, Hikari, Hlavin \u2013 originaalkosmeetikat. Pakume kvaliteetseid hooldustooteid taskukohaste hindadega ja kiire kohaletoimetamisega \u00fcle Eesti. Nahahooldus pole kunagi olnud nii lihtne ja soodne!\",\"email\":\"dolores@dolores.ee\",\"telephone\":\"372 644 2440\",\"legalName\":\"Dolores O\u00dc\",\"foundingDate\":\"1998-02-09\",\"vatID\":\"EE100050280\",\"numberOfEmployees\":{\"@type\":\"QuantitativeValue\",\"minValue\":\"11\",\"maxValue\":\"50\"}}]}<\/script>\n<!-- \/ Yoast SEO Premium plugin. -->","yoast_head_json":{"title":"GIGI PDRN PURE SERUM LUMINE 30 ml ~ Dolores","robots":{"index":"index","follow":"follow","max-snippet":"max-snippet:-1","max-image-preview":"max-image-preview:large","max-video-preview":"max-video-preview:-1"},"canonical":"https:\/\/dolores.ee\/lv\/toode\/gigi-pdrn-pure-serum-lumine-30-ml\/","og_locale":"lv_LV","og_type":"article","og_title":"GIGI PDRN PURE SERUM LUMINE 30 ml","og_description":"GIGI PDRN PURE SERUM LUMINE","og_url":"https:\/\/dolores.ee\/lv\/toode\/gigi-pdrn-pure-serum-lumine-30-ml\/","og_site_name":"Dolores","article_publisher":"https:\/\/www.facebook.com\/doloresepood\/","article_modified_time":"2026-04-14T10:00:35+00:00","og_image":[{"width":500,"height":500,"url":"https:\/\/dolores.ee\/wp-content\/uploads\/2026\/04\/serum-lumine-pdrn-pure-gigi.webp","type":"image\/webp"}],"twitter_card":"summary_large_image","twitter_misc":{"Est. reading time":"2 minutes"},"schema":{"@context":"https:\/\/schema.org","@graph":[{"@type":"WebPage","@id":"https:\/\/dolores.ee\/lv\/toode\/gigi-pdrn-pure-serum-lumine-30-ml\/","url":"https:\/\/dolores.ee\/lv\/toode\/gigi-pdrn-pure-serum-lumine-30-ml\/","name":"GIGI PDRN PURE SERUM LUMINE 30 ml ~ Dolores","isPartOf":{"@id":"https:\/\/dolores.ee\/lv\/#website"},"primaryImageOfPage":{"@id":"https:\/\/dolores.ee\/lv\/toode\/gigi-pdrn-pure-serum-lumine-30-ml\/#primaryimage"},"image":{"@id":"https:\/\/dolores.ee\/lv\/toode\/gigi-pdrn-pure-serum-lumine-30-ml\/#primaryimage"},"thumbnailUrl":"https:\/\/dolores.ee\/wp-content\/uploads\/2026\/04\/serum-lumine-pdrn-pure-gigi.webp","datePublished":"2026-04-14T10:00:34+00:00","dateModified":"2026-04-14T10:00:35+00:00","breadcrumb":{"@id":"https:\/\/dolores.ee\/lv\/toode\/gigi-pdrn-pure-serum-lumine-30-ml\/#breadcrumb"},"inLanguage":"lv-LV","potentialAction":[{"@type":"ReadAction","target":["https:\/\/dolores.ee\/lv\/toode\/gigi-pdrn-pure-serum-lumine-30-ml\/"]}]},{"@type":"ImageObject","inLanguage":"lv-LV","@id":"https:\/\/dolores.ee\/lv\/toode\/gigi-pdrn-pure-serum-lumine-30-ml\/#primaryimage","url":"https:\/\/dolores.ee\/wp-content\/uploads\/2026\/04\/serum-lumine-pdrn-pure-gigi.webp","contentUrl":"https:\/\/dolores.ee\/wp-content\/uploads\/2026\/04\/serum-lumine-pdrn-pure-gigi.webp","width":500,"height":500},{"@type":"BreadcrumbList","@id":"https:\/\/dolores.ee\/lv\/toode\/gigi-pdrn-pure-serum-lumine-30-ml\/#breadcrumb","itemListElement":[{"@type":"ListItem","position":1,"name":"Home","item":"https:\/\/dolores.ee\/lv\/"},{"@type":"ListItem","position":2,"name":"E-veikals","item":"https:\/\/dolores.ee\/lv\/e-veikals\/"},{"@type":"ListItem","position":3,"name":"GIGI PDRN PURE SERUM LUMINE 30 ml"}]},{"@type":"WebSite","@id":"https:\/\/dolores.ee\/lv\/#website","url":"https:\/\/dolores.ee\/lv\/","name":"Dolores e-pood","description":"Beauty Shop","publisher":{"@id":"https:\/\/dolores.ee\/lv\/#organization"},"alternateName":"Dolores","potentialAction":[{"@type":"SearchAction","target":{"@type":"EntryPoint","urlTemplate":"https:\/\/dolores.ee\/lv\/?s={search_term_string}"},"query-input":{"@type":"PropertyValueSpecification","valueRequired":true,"valueName":"search_term_string"}}],"inLanguage":"lv-LV"},{"@type":"Organization","@id":"https:\/\/dolores.ee\/lv\/#organization","name":"Dolores O\u00dc","alternateName":"Dolores e-pood","url":"https:\/\/dolores.ee\/lv\/","logo":{"@type":"ImageObject","inLanguage":"lv-LV","@id":"https:\/\/dolores.ee\/lv\/#\/schema\/logo\/image\/","url":"https:\/\/dolores.ee\/wp-content\/uploads\/2025\/04\/logo-1.jpg","contentUrl":"https:\/\/dolores.ee\/wp-content\/uploads\/2025\/04\/logo-1.jpg","width":1951,"height":660,"caption":"Dolores O\u00dc"},"image":{"@id":"https:\/\/dolores.ee\/lv\/#\/schema\/logo\/image\/"},"sameAs":["https:\/\/www.facebook.com\/doloresepood\/"],"description":"Dolores.ee on kaasaegne veebipood, kust leiad tuntud kaubam\u00e4rkide \u2013 GIGI, Anna Lotan, Hikari, Hlavin \u2013 originaalkosmeetikat. Pakume kvaliteetseid hooldustooteid taskukohaste hindadega ja kiire kohaletoimetamisega \u00fcle Eesti. Nahahooldus pole kunagi olnud nii lihtne ja soodne!","email":"dolores@dolores.ee","telephone":"372 644 2440","legalName":"Dolores O\u00dc","foundingDate":"1998-02-09","vatID":"EE100050280","numberOfEmployees":{"@type":"QuantitativeValue","minValue":"11","maxValue":"50"}}]}},"_links":{"self":[{"href":"https:\/\/dolores.ee\/lv\/wp-json\/wp\/v2\/product\/1003149","targetHints":{"allow":["GET"]}}],"collection":[{"href":"https:\/\/dolores.ee\/lv\/wp-json\/wp\/v2\/product"}],"about":[{"href":"https:\/\/dolores.ee\/lv\/wp-json\/wp\/v2\/types\/product"}],"replies":[{"embeddable":true,"href":"https:\/\/dolores.ee\/lv\/wp-json\/wp\/v2\/comments?post=1003149"}],"version-history":[{"count":1,"href":"https:\/\/dolores.ee\/lv\/wp-json\/wp\/v2\/product\/1003149\/revisions"}],"predecessor-version":[{"id":1003150,"href":"https:\/\/dolores.ee\/lv\/wp-json\/wp\/v2\/product\/1003149\/revisions\/1003150"}],"wp:featuredmedia":[{"embeddable":true,"href":"https:\/\/dolores.ee\/lv\/wp-json\/wp\/v2\/media\/1003145"}],"wp:attachment":[{"href":"https:\/\/dolores.ee\/lv\/wp-json\/wp\/v2\/media?parent=1003149"}],"wp:term":[{"taxonomy":"product_brand","embeddable":true,"href":"https:\/\/dolores.ee\/lv\/wp-json\/wp\/v2\/product_brand?post=1003149"},{"taxonomy":"product_cat","embeddable":true,"href":"https:\/\/dolores.ee\/lv\/wp-json\/wp\/v2\/product_cat?post=1003149"},{"taxonomy":"product_tag","embeddable":true,"href":"https:\/\/dolores.ee\/lv\/wp-json\/wp\/v2\/product_tag?post=1003149"},{"taxonomy":"giftcard-category","embeddable":true,"href":"https:\/\/dolores.ee\/lv\/wp-json\/wp\/v2\/giftcard-category?post=1003149"}],"curies":[{"name":"wp","href":"https:\/\/api.w.org\/{rel}","templated":true}]}}