{"id":1026,"date":"2020-08-13T12:57:37","date_gmt":"2020-08-11T07:37:29","guid":{"rendered":"https:\/\/dolores.ee\/product\/hlavin-lavilin-spray-deodorant-naistele-75-ml\/"},"modified":"2025-12-10T13:49:07","modified_gmt":"2025-12-10T11:49:07","slug":"hlavin-lavilin-spray-deodorant-naistele-75-ml","status":"publish","type":"product","link":"https:\/\/dolores.ee\/lv\/toode\/hlavin-lavilin-spray-deodorant-naistele-75-ml\/","title":{"rendered":"Hlavin Lavilin Spray Deodorant Naistele 75 ml"},"content":{"rendered":"<div class=\"vgblk-rw-wrapper limit-wrapper\">Kontsentreeritud koostisega deodorant tagab t\u00e4ieliku, kohese ja kestva kaitse kogu \u00f6\u00f6p\u00e4evaks. T\u00e4iendatud koostis r\u00fcndab l\u00f5hna p\u00f5hjustavaid baktereid, tehes koost\u00f6\u00f6d keha \u00f6kos\u00fcsteemiga ning aidates neutraliseerida higil\u00f5hna. Kaitsev toime s\u00e4ilib ka p\u00e4rast trenni, ujumist v\u00f5i du\u0161i alla k\u00e4imist, piisab vaid \u00fchekordsest nahalekandmisest.<br \/>\nKasutamine:\u00a0Enne kasutamist loksutada! Toodet kantakse puhastele ja kuivadele kaenlaalustele. Parima tulemuse saamiseks kasutada enne magamaminekut. Toode ei sobi kasutamiseks \u00e4rritunud v\u00f5i vigastatud nahal v\u00f5i p\u00e4rast raseerimist. Laske deodorandil enne riietumist kuivada. Uus doos on vajalik alles p\u00e4rast higil\u00f5hna ilmumist. Optimaalne tulemus saavutatakse p\u00e4rast 5\u20127 kasutuskorda.<br \/>\nHoiatus! Kasutada ainult etten\u00e4htud eesm\u00e4rgil ja kasutusjuhendit j\u00e4rgides. Ainult v\u00e4lispidiseks kasutamiseks. Mitte alla neelata. V\u00e4ltige silmasattumist. Hoidke v\u00e4ljaspool laste k\u00e4eulatust. Ei sobi kasutamiseks teadaoleva \u00fclitundlikkuse korral toote koostisainete suhtes.<br \/>\nIngredients:\u00a0Aqua (Water), Chamomilla Recutita Flower Water, Cocoyl Proline, Ethylhexylglycerin, Hexylene Glycol, Ethyl Lauroyl Arginate Laurate, Maltodextrin, Parfum (Fragrance), Allantoin, Hyssopus Officinalis Extract, Methylpropanediol, Aloe Barbadensis Leaf Juice, Eugenia Caryophyllus Flower Extract, Glycerin, Fructose, Glucose, Caprylyl Glycol, Chelidonium Majus Extract, Pentylene Glycol, Polyquaternium-80, Glyceryl Laurate, Sucrose, Urea, Dextrin, Lactose, Milk Protein, Bifida Ferment Lysate, Didecyldimonium Chloride, Sodium Benzoate, Citric Acid, Potassium Sorbate, Alanine, Glutamic Acid, Aspartic Acid, Hexyl Nicotinate.<\/div>\n<p><!-- .vgblk-rw-wrapper --><\/p>\n","protected":false},"excerpt":{"rendered":"<p>Hlavin Lavilin Spray Deodorant Naistele 75 ml<\/p>\n","protected":false},"featured_media":106,"comment_status":"open","ping_status":"closed","template":"","meta":[],"product_brand":[],"product_cat":[202,77,91,399,245,366],"product_tag":[460],"giftcard-category":[],"class_list":{"0":"post-1026","1":"product","2":"type-product","3":"status-publish","4":"has-post-thumbnail","6":"product_cat-hlavin-et","7":"product_cat-1-kehahooldus","8":"product_cat-deodorandid","9":"product_cat-ale","10":"product_cat-avaleht-kehahooldus","11":"product_cat-deodorandid-naistele","12":"product_tag-kosmeetika","14":"first","15":"outofstock","16":"taxable","17":"shipping-taxable","18":"purchasable","19":"product-type-simple"},"yoast_head":"<!-- This site is optimized with the Yoast SEO Premium plugin v25.1 (Yoast SEO v25.7) - https:\/\/yoast.com\/wordpress\/plugins\/seo\/ -->\n<title>Hlavin Lavilin Spray Deodorant Naistele 75 ml ~ Dolores<\/title>\n<meta name=\"robots\" content=\"index, follow, max-snippet:-1, max-image-preview:large, max-video-preview:-1\" \/>\n<link rel=\"canonical\" href=\"https:\/\/dolores.ee\/lv\/toode\/hlavin-lavilin-spray-deodorant-naistele-75-ml\/\" \/>\n<meta property=\"og:locale\" content=\"lv_LV\" \/>\n<meta property=\"og:type\" content=\"article\" \/>\n<meta property=\"og:title\" content=\"Hlavin Lavilin Spray Deodorant Naistele 75 ml\" \/>\n<meta property=\"og:description\" content=\"Hlavin Lavilin Spray Deodorant Naistele 75 ml\" \/>\n<meta property=\"og:url\" content=\"https:\/\/dolores.ee\/lv\/toode\/hlavin-lavilin-spray-deodorant-naistele-75-ml\/\" \/>\n<meta property=\"og:site_name\" content=\"Dolores\" \/>\n<meta property=\"article:publisher\" content=\"https:\/\/www.facebook.com\/doloresepood\/\" \/>\n<meta property=\"article:modified_time\" content=\"2025-12-10T11:49:07+00:00\" \/>\n<meta property=\"og:image\" content=\"https:\/\/dolores.ee\/wp-content\/uploads\/2020\/08\/thumbnail_deo-spray-box-update-women_N.jpg\" \/>\n\t<meta property=\"og:image:width\" content=\"882\" \/>\n\t<meta property=\"og:image:height\" content=\"1280\" \/>\n\t<meta property=\"og:image:type\" content=\"image\/jpeg\" \/>\n<meta name=\"twitter:card\" content=\"summary_large_image\" \/>\n<meta name=\"twitter:label1\" content=\"Est. reading time\" \/>\n\t<meta name=\"twitter:data1\" content=\"2 minutes\" \/>\n<script type=\"application\/ld+json\" class=\"yoast-schema-graph\">{\"@context\":\"https:\/\/schema.org\",\"@graph\":[{\"@type\":\"WebPage\",\"@id\":\"https:\/\/dolores.ee\/lv\/toode\/hlavin-lavilin-spray-deodorant-naistele-75-ml\/\",\"url\":\"https:\/\/dolores.ee\/lv\/toode\/hlavin-lavilin-spray-deodorant-naistele-75-ml\/\",\"name\":\"Hlavin Lavilin Spray Deodorant Naistele 75 ml ~ Dolores\",\"isPartOf\":{\"@id\":\"https:\/\/dolores.ee\/lv\/#website\"},\"primaryImageOfPage\":{\"@id\":\"https:\/\/dolores.ee\/lv\/toode\/hlavin-lavilin-spray-deodorant-naistele-75-ml\/#primaryimage\"},\"image\":{\"@id\":\"https:\/\/dolores.ee\/lv\/toode\/hlavin-lavilin-spray-deodorant-naistele-75-ml\/#primaryimage\"},\"thumbnailUrl\":\"https:\/\/dolores.ee\/wp-content\/uploads\/2020\/08\/thumbnail_deo-spray-box-update-women_N.jpg\",\"datePublished\":\"2020-08-11T07:37:29+00:00\",\"dateModified\":\"2025-12-10T11:49:07+00:00\",\"breadcrumb\":{\"@id\":\"https:\/\/dolores.ee\/lv\/toode\/hlavin-lavilin-spray-deodorant-naistele-75-ml\/#breadcrumb\"},\"inLanguage\":\"lv-LV\",\"potentialAction\":[{\"@type\":\"ReadAction\",\"target\":[\"https:\/\/dolores.ee\/lv\/toode\/hlavin-lavilin-spray-deodorant-naistele-75-ml\/\"]}]},{\"@type\":\"ImageObject\",\"inLanguage\":\"lv-LV\",\"@id\":\"https:\/\/dolores.ee\/lv\/toode\/hlavin-lavilin-spray-deodorant-naistele-75-ml\/#primaryimage\",\"url\":\"https:\/\/dolores.ee\/wp-content\/uploads\/2020\/08\/thumbnail_deo-spray-box-update-women_N.jpg\",\"contentUrl\":\"https:\/\/dolores.ee\/wp-content\/uploads\/2020\/08\/thumbnail_deo-spray-box-update-women_N.jpg\",\"width\":882,\"height\":1280},{\"@type\":\"BreadcrumbList\",\"@id\":\"https:\/\/dolores.ee\/lv\/toode\/hlavin-lavilin-spray-deodorant-naistele-75-ml\/#breadcrumb\",\"itemListElement\":[{\"@type\":\"ListItem\",\"position\":1,\"name\":\"Home\",\"item\":\"https:\/\/dolores.ee\/lv\/\"},{\"@type\":\"ListItem\",\"position\":2,\"name\":\"E-veikals\",\"item\":\"https:\/\/dolores.ee\/lv\/e-veikals\/\"},{\"@type\":\"ListItem\",\"position\":3,\"name\":\"Hlavin Lavilin Spray Deodorant Naistele 75 ml\"}]},{\"@type\":\"WebSite\",\"@id\":\"https:\/\/dolores.ee\/lv\/#website\",\"url\":\"https:\/\/dolores.ee\/lv\/\",\"name\":\"Dolores e-pood\",\"description\":\"Beauty Shop\",\"publisher\":{\"@id\":\"https:\/\/dolores.ee\/lv\/#organization\"},\"alternateName\":\"Dolores\",\"potentialAction\":[{\"@type\":\"SearchAction\",\"target\":{\"@type\":\"EntryPoint\",\"urlTemplate\":\"https:\/\/dolores.ee\/lv\/?s={search_term_string}\"},\"query-input\":{\"@type\":\"PropertyValueSpecification\",\"valueRequired\":true,\"valueName\":\"search_term_string\"}}],\"inLanguage\":\"lv-LV\"},{\"@type\":\"Organization\",\"@id\":\"https:\/\/dolores.ee\/lv\/#organization\",\"name\":\"Dolores O\u00dc\",\"alternateName\":\"Dolores e-pood\",\"url\":\"https:\/\/dolores.ee\/lv\/\",\"logo\":{\"@type\":\"ImageObject\",\"inLanguage\":\"lv-LV\",\"@id\":\"https:\/\/dolores.ee\/lv\/#\/schema\/logo\/image\/\",\"url\":\"https:\/\/dolores.ee\/wp-content\/uploads\/2025\/04\/logo-1.jpg\",\"contentUrl\":\"https:\/\/dolores.ee\/wp-content\/uploads\/2025\/04\/logo-1.jpg\",\"width\":1951,\"height\":660,\"caption\":\"Dolores O\u00dc\"},\"image\":{\"@id\":\"https:\/\/dolores.ee\/lv\/#\/schema\/logo\/image\/\"},\"sameAs\":[\"https:\/\/www.facebook.com\/doloresepood\/\"],\"description\":\"Dolores.ee on kaasaegne veebipood, kust leiad tuntud kaubam\u00e4rkide \u2013 GIGI, Anna Lotan, Hikari, Hlavin \u2013 originaalkosmeetikat. Pakume kvaliteetseid hooldustooteid taskukohaste hindadega ja kiire kohaletoimetamisega \u00fcle Eesti. Nahahooldus pole kunagi olnud nii lihtne ja soodne!\",\"email\":\"dolores@dolores.ee\",\"telephone\":\"372 644 2440\",\"legalName\":\"Dolores O\u00dc\",\"foundingDate\":\"1998-02-09\",\"vatID\":\"EE100050280\",\"numberOfEmployees\":{\"@type\":\"QuantitativeValue\",\"minValue\":\"11\",\"maxValue\":\"50\"}}]}<\/script>\n<!-- \/ Yoast SEO Premium plugin. -->","yoast_head_json":{"title":"Hlavin Lavilin Spray Deodorant Naistele 75 ml ~ Dolores","robots":{"index":"index","follow":"follow","max-snippet":"max-snippet:-1","max-image-preview":"max-image-preview:large","max-video-preview":"max-video-preview:-1"},"canonical":"https:\/\/dolores.ee\/lv\/toode\/hlavin-lavilin-spray-deodorant-naistele-75-ml\/","og_locale":"lv_LV","og_type":"article","og_title":"Hlavin Lavilin Spray Deodorant Naistele 75 ml","og_description":"Hlavin Lavilin Spray Deodorant Naistele 75 ml","og_url":"https:\/\/dolores.ee\/lv\/toode\/hlavin-lavilin-spray-deodorant-naistele-75-ml\/","og_site_name":"Dolores","article_publisher":"https:\/\/www.facebook.com\/doloresepood\/","article_modified_time":"2025-12-10T11:49:07+00:00","og_image":[{"width":882,"height":1280,"url":"https:\/\/dolores.ee\/wp-content\/uploads\/2020\/08\/thumbnail_deo-spray-box-update-women_N.jpg","type":"image\/jpeg"}],"twitter_card":"summary_large_image","twitter_misc":{"Est. reading time":"2 minutes"},"schema":{"@context":"https:\/\/schema.org","@graph":[{"@type":"WebPage","@id":"https:\/\/dolores.ee\/lv\/toode\/hlavin-lavilin-spray-deodorant-naistele-75-ml\/","url":"https:\/\/dolores.ee\/lv\/toode\/hlavin-lavilin-spray-deodorant-naistele-75-ml\/","name":"Hlavin Lavilin Spray Deodorant Naistele 75 ml ~ Dolores","isPartOf":{"@id":"https:\/\/dolores.ee\/lv\/#website"},"primaryImageOfPage":{"@id":"https:\/\/dolores.ee\/lv\/toode\/hlavin-lavilin-spray-deodorant-naistele-75-ml\/#primaryimage"},"image":{"@id":"https:\/\/dolores.ee\/lv\/toode\/hlavin-lavilin-spray-deodorant-naistele-75-ml\/#primaryimage"},"thumbnailUrl":"https:\/\/dolores.ee\/wp-content\/uploads\/2020\/08\/thumbnail_deo-spray-box-update-women_N.jpg","datePublished":"2020-08-11T07:37:29+00:00","dateModified":"2025-12-10T11:49:07+00:00","breadcrumb":{"@id":"https:\/\/dolores.ee\/lv\/toode\/hlavin-lavilin-spray-deodorant-naistele-75-ml\/#breadcrumb"},"inLanguage":"lv-LV","potentialAction":[{"@type":"ReadAction","target":["https:\/\/dolores.ee\/lv\/toode\/hlavin-lavilin-spray-deodorant-naistele-75-ml\/"]}]},{"@type":"ImageObject","inLanguage":"lv-LV","@id":"https:\/\/dolores.ee\/lv\/toode\/hlavin-lavilin-spray-deodorant-naistele-75-ml\/#primaryimage","url":"https:\/\/dolores.ee\/wp-content\/uploads\/2020\/08\/thumbnail_deo-spray-box-update-women_N.jpg","contentUrl":"https:\/\/dolores.ee\/wp-content\/uploads\/2020\/08\/thumbnail_deo-spray-box-update-women_N.jpg","width":882,"height":1280},{"@type":"BreadcrumbList","@id":"https:\/\/dolores.ee\/lv\/toode\/hlavin-lavilin-spray-deodorant-naistele-75-ml\/#breadcrumb","itemListElement":[{"@type":"ListItem","position":1,"name":"Home","item":"https:\/\/dolores.ee\/lv\/"},{"@type":"ListItem","position":2,"name":"E-veikals","item":"https:\/\/dolores.ee\/lv\/e-veikals\/"},{"@type":"ListItem","position":3,"name":"Hlavin Lavilin Spray Deodorant Naistele 75 ml"}]},{"@type":"WebSite","@id":"https:\/\/dolores.ee\/lv\/#website","url":"https:\/\/dolores.ee\/lv\/","name":"Dolores e-pood","description":"Beauty Shop","publisher":{"@id":"https:\/\/dolores.ee\/lv\/#organization"},"alternateName":"Dolores","potentialAction":[{"@type":"SearchAction","target":{"@type":"EntryPoint","urlTemplate":"https:\/\/dolores.ee\/lv\/?s={search_term_string}"},"query-input":{"@type":"PropertyValueSpecification","valueRequired":true,"valueName":"search_term_string"}}],"inLanguage":"lv-LV"},{"@type":"Organization","@id":"https:\/\/dolores.ee\/lv\/#organization","name":"Dolores O\u00dc","alternateName":"Dolores e-pood","url":"https:\/\/dolores.ee\/lv\/","logo":{"@type":"ImageObject","inLanguage":"lv-LV","@id":"https:\/\/dolores.ee\/lv\/#\/schema\/logo\/image\/","url":"https:\/\/dolores.ee\/wp-content\/uploads\/2025\/04\/logo-1.jpg","contentUrl":"https:\/\/dolores.ee\/wp-content\/uploads\/2025\/04\/logo-1.jpg","width":1951,"height":660,"caption":"Dolores O\u00dc"},"image":{"@id":"https:\/\/dolores.ee\/lv\/#\/schema\/logo\/image\/"},"sameAs":["https:\/\/www.facebook.com\/doloresepood\/"],"description":"Dolores.ee on kaasaegne veebipood, kust leiad tuntud kaubam\u00e4rkide \u2013 GIGI, Anna Lotan, Hikari, Hlavin \u2013 originaalkosmeetikat. Pakume kvaliteetseid hooldustooteid taskukohaste hindadega ja kiire kohaletoimetamisega \u00fcle Eesti. Nahahooldus pole kunagi olnud nii lihtne ja soodne!","email":"dolores@dolores.ee","telephone":"372 644 2440","legalName":"Dolores O\u00dc","foundingDate":"1998-02-09","vatID":"EE100050280","numberOfEmployees":{"@type":"QuantitativeValue","minValue":"11","maxValue":"50"}}]}},"_links":{"self":[{"href":"https:\/\/dolores.ee\/lv\/wp-json\/wp\/v2\/product\/1026","targetHints":{"allow":["GET"]}}],"collection":[{"href":"https:\/\/dolores.ee\/lv\/wp-json\/wp\/v2\/product"}],"about":[{"href":"https:\/\/dolores.ee\/lv\/wp-json\/wp\/v2\/types\/product"}],"replies":[{"embeddable":true,"href":"https:\/\/dolores.ee\/lv\/wp-json\/wp\/v2\/comments?post=1026"}],"version-history":[{"count":2,"href":"https:\/\/dolores.ee\/lv\/wp-json\/wp\/v2\/product\/1026\/revisions"}],"predecessor-version":[{"id":997511,"href":"https:\/\/dolores.ee\/lv\/wp-json\/wp\/v2\/product\/1026\/revisions\/997511"}],"wp:featuredmedia":[{"embeddable":true,"href":"https:\/\/dolores.ee\/lv\/wp-json\/wp\/v2\/media\/106"}],"wp:attachment":[{"href":"https:\/\/dolores.ee\/lv\/wp-json\/wp\/v2\/media?parent=1026"}],"wp:term":[{"taxonomy":"product_brand","embeddable":true,"href":"https:\/\/dolores.ee\/lv\/wp-json\/wp\/v2\/product_brand?post=1026"},{"taxonomy":"product_cat","embeddable":true,"href":"https:\/\/dolores.ee\/lv\/wp-json\/wp\/v2\/product_cat?post=1026"},{"taxonomy":"product_tag","embeddable":true,"href":"https:\/\/dolores.ee\/lv\/wp-json\/wp\/v2\/product_tag?post=1026"},{"taxonomy":"giftcard-category","embeddable":true,"href":"https:\/\/dolores.ee\/lv\/wp-json\/wp\/v2\/giftcard-category?post=1026"}],"curies":[{"name":"wp","href":"https:\/\/api.w.org\/{rel}","templated":true}]}}