{"id":1045,"date":"2020-08-13T12:57:51","date_gmt":"2020-08-11T07:37:42","guid":{"rendered":"https:\/\/dolores.ee\/product\/gigi-vitamin-e-seerum-koikidele-nahatuupidele-30-ml\/"},"modified":"2025-10-16T19:37:43","modified_gmt":"2025-10-16T16:37:43","slug":"gigi-vitamin-e-seerum-koikidele-nahatuupidele-30-ml","status":"publish","type":"product","link":"https:\/\/dolores.ee\/lv\/toode\/gigi-vitamin-e-seerum-koikidele-nahatuupidele-30-ml\/","title":{"rendered":"GIGI Vitamin E Seerum K\u00f5ikidele nahat\u00fc\u00fcpidele 30 ml"},"content":{"rendered":"<div class=\"vgblk-rw-wrapper limit-wrapper\">Uuenduslik koostis, kuhu kuulub E-vitamiin ja taime\u00f5lide kompleks, parandab silmapilkselt nahka, aeglustades vananemisprotsessi ja kaitstes nahka keskkonna kahjuliku m\u00f5ju eest, tugev\u00a0antioks\u00fcdant. Sobib k\u00f5ikidele nahat\u00fc\u00fcpidele.<br \/>\nKontsentreeritud seerum niisutab nahka terve p\u00e4eva kestel.<br \/>\nKasutus: V\u00f5ib kasutada niisutava kreemi alla hommikul ja soovi korral ka \u00f5htuti.<br \/>\nKoostis:\u00a0Purified Water (Aqua), Butylene Glycol, PEG -4, Glycerin, Glyceryl Polymethacrylate,\u00a0Propylene Glycol, PVM\/MA Copolymer, Tocopheryl Acetate, Sodium Lactate,\u00a0Lactic Acid, Glycerin, Serine, Sorbitol, TEA Lactate, Triethanolamine, Urea,\u00a0Sodium Chloride, Lauryl Diethylenediaminoglycine, Allantoin, Lauryl Aminopropylglycine,\u00a0Alcohol, C12-15 Alkyl Benzoate, Glycerin, Urea, Saccharide Hydrolysate,\u00a0Magnesium Aspartate, Glycine, Alanine, Creatine, Cetyl Alcohol, Phenyl Trimethicone,\u00a0Hydroxyethylcellulose , Phenoxyethanol, Methylparaben, Ethylparaben, Butyl Paraben,\u00a0Propyl Paraben, Isobutyl Paraben, Aloe Vera Gel, Glyceryl Stearate, PEG 100 Stearate,\u00a0Panthenol (Pro Vit. B5), Tocopheryl Acetate, Alcohol, Lecithin, Fragrance, Carbomer,\u00a0Allantoin, Triethanolamine, BHT, Yellow 6, Yellow 10 Sol., 2-bromo-2-nitropropane-1, 3-diol.<\/div>\n<p><!-- .vgblk-rw-wrapper --><\/p>\n","protected":false},"excerpt":{"rendered":"<p>GIGI Vitamin E Seerum K\u00f5ikidele nahat\u00fc\u00fcpidele 30 ml<\/p>\n","protected":false},"featured_media":167,"comment_status":"open","ping_status":"closed","template":"","meta":[],"product_brand":[],"product_cat":[99,286,135,137,399,464],"product_tag":[460],"giftcard-category":[],"class_list":{"0":"post-1045","1":"product","2":"type-product","3":"status-publish","4":"has-post-thumbnail","6":"product_cat-gigi-et","7":"product_cat-vitamin-e-et","8":"product_cat-2-naohooldus","9":"product_cat-seerumid-olid","10":"product_cat-ale","11":"product_cat-niisutavad-tooted","12":"product_tag-kosmeetika","14":"first","15":"instock","16":"taxable","17":"shipping-taxable","18":"purchasable","19":"product-type-simple"},"yoast_head":"<!-- This site is optimized with the Yoast SEO Premium plugin v25.1 (Yoast SEO v25.7) - https:\/\/yoast.com\/wordpress\/plugins\/seo\/ -->\n<title>GIGI Vitamin E Seerum K\u00f5ikidele nahat\u00fc\u00fcpidele 30 ml ~ Dolores<\/title>\n<meta name=\"robots\" content=\"index, follow, max-snippet:-1, max-image-preview:large, max-video-preview:-1\" \/>\n<link rel=\"canonical\" href=\"https:\/\/dolores.ee\/lv\/toode\/gigi-vitamin-e-seerum-koikidele-nahatuupidele-30-ml\/\" \/>\n<meta property=\"og:locale\" content=\"lv_LV\" \/>\n<meta property=\"og:type\" content=\"article\" \/>\n<meta property=\"og:title\" content=\"GIGI Vitamin E Seerum K\u00f5ikidele nahat\u00fc\u00fcpidele 30 ml\" \/>\n<meta property=\"og:description\" content=\"GIGI Vitamin E Seerum K\u00f5ikidele nahat\u00fc\u00fcpidele 30 ml\" \/>\n<meta property=\"og:url\" content=\"https:\/\/dolores.ee\/lv\/toode\/gigi-vitamin-e-seerum-koikidele-nahatuupidele-30-ml\/\" \/>\n<meta property=\"og:site_name\" content=\"Dolores\" \/>\n<meta property=\"article:publisher\" content=\"https:\/\/www.facebook.com\/doloresepood\/\" \/>\n<meta property=\"article:modified_time\" content=\"2025-10-16T16:37:43+00:00\" \/>\n<meta property=\"og:image\" content=\"https:\/\/dolores.ee\/wp-content\/uploads\/2020\/08\/Serum.-Ref-47509.-30-ml.jpg\" \/>\n\t<meta property=\"og:image:width\" content=\"864\" \/>\n\t<meta property=\"og:image:height\" content=\"1920\" \/>\n\t<meta property=\"og:image:type\" content=\"image\/jpeg\" \/>\n<meta name=\"twitter:card\" content=\"summary_large_image\" \/>\n<meta name=\"twitter:label1\" content=\"Est. reading time\" \/>\n\t<meta name=\"twitter:data1\" content=\"1 minute\" \/>\n<script type=\"application\/ld+json\" class=\"yoast-schema-graph\">{\"@context\":\"https:\/\/schema.org\",\"@graph\":[{\"@type\":\"WebPage\",\"@id\":\"https:\/\/dolores.ee\/lv\/toode\/gigi-vitamin-e-seerum-koikidele-nahatuupidele-30-ml\/\",\"url\":\"https:\/\/dolores.ee\/lv\/toode\/gigi-vitamin-e-seerum-koikidele-nahatuupidele-30-ml\/\",\"name\":\"GIGI Vitamin E Seerum K\u00f5ikidele nahat\u00fc\u00fcpidele 30 ml ~ Dolores\",\"isPartOf\":{\"@id\":\"https:\/\/dolores.ee\/lv\/#website\"},\"primaryImageOfPage\":{\"@id\":\"https:\/\/dolores.ee\/lv\/toode\/gigi-vitamin-e-seerum-koikidele-nahatuupidele-30-ml\/#primaryimage\"},\"image\":{\"@id\":\"https:\/\/dolores.ee\/lv\/toode\/gigi-vitamin-e-seerum-koikidele-nahatuupidele-30-ml\/#primaryimage\"},\"thumbnailUrl\":\"https:\/\/dolores.ee\/wp-content\/uploads\/2020\/08\/Serum.-Ref-47509.-30-ml.jpg\",\"datePublished\":\"2020-08-11T07:37:42+00:00\",\"dateModified\":\"2025-10-16T16:37:43+00:00\",\"breadcrumb\":{\"@id\":\"https:\/\/dolores.ee\/lv\/toode\/gigi-vitamin-e-seerum-koikidele-nahatuupidele-30-ml\/#breadcrumb\"},\"inLanguage\":\"lv-LV\",\"potentialAction\":[{\"@type\":\"ReadAction\",\"target\":[\"https:\/\/dolores.ee\/lv\/toode\/gigi-vitamin-e-seerum-koikidele-nahatuupidele-30-ml\/\"]}]},{\"@type\":\"ImageObject\",\"inLanguage\":\"lv-LV\",\"@id\":\"https:\/\/dolores.ee\/lv\/toode\/gigi-vitamin-e-seerum-koikidele-nahatuupidele-30-ml\/#primaryimage\",\"url\":\"https:\/\/dolores.ee\/wp-content\/uploads\/2020\/08\/Serum.-Ref-47509.-30-ml.jpg\",\"contentUrl\":\"https:\/\/dolores.ee\/wp-content\/uploads\/2020\/08\/Serum.-Ref-47509.-30-ml.jpg\",\"width\":864,\"height\":1920},{\"@type\":\"BreadcrumbList\",\"@id\":\"https:\/\/dolores.ee\/lv\/toode\/gigi-vitamin-e-seerum-koikidele-nahatuupidele-30-ml\/#breadcrumb\",\"itemListElement\":[{\"@type\":\"ListItem\",\"position\":1,\"name\":\"Home\",\"item\":\"https:\/\/dolores.ee\/lv\/\"},{\"@type\":\"ListItem\",\"position\":2,\"name\":\"E-veikals\",\"item\":\"https:\/\/dolores.ee\/lv\/e-veikals\/\"},{\"@type\":\"ListItem\",\"position\":3,\"name\":\"GIGI Vitamin E Seerum K\u00f5ikidele nahat\u00fc\u00fcpidele 30 ml\"}]},{\"@type\":\"WebSite\",\"@id\":\"https:\/\/dolores.ee\/lv\/#website\",\"url\":\"https:\/\/dolores.ee\/lv\/\",\"name\":\"Dolores e-pood\",\"description\":\"Beauty Shop\",\"publisher\":{\"@id\":\"https:\/\/dolores.ee\/lv\/#organization\"},\"alternateName\":\"Dolores\",\"potentialAction\":[{\"@type\":\"SearchAction\",\"target\":{\"@type\":\"EntryPoint\",\"urlTemplate\":\"https:\/\/dolores.ee\/lv\/?s={search_term_string}\"},\"query-input\":{\"@type\":\"PropertyValueSpecification\",\"valueRequired\":true,\"valueName\":\"search_term_string\"}}],\"inLanguage\":\"lv-LV\"},{\"@type\":\"Organization\",\"@id\":\"https:\/\/dolores.ee\/lv\/#organization\",\"name\":\"Dolores O\u00dc\",\"alternateName\":\"Dolores e-pood\",\"url\":\"https:\/\/dolores.ee\/lv\/\",\"logo\":{\"@type\":\"ImageObject\",\"inLanguage\":\"lv-LV\",\"@id\":\"https:\/\/dolores.ee\/lv\/#\/schema\/logo\/image\/\",\"url\":\"https:\/\/dolores.ee\/wp-content\/uploads\/2025\/04\/logo-1.jpg\",\"contentUrl\":\"https:\/\/dolores.ee\/wp-content\/uploads\/2025\/04\/logo-1.jpg\",\"width\":1951,\"height\":660,\"caption\":\"Dolores O\u00dc\"},\"image\":{\"@id\":\"https:\/\/dolores.ee\/lv\/#\/schema\/logo\/image\/\"},\"sameAs\":[\"https:\/\/www.facebook.com\/doloresepood\/\"],\"description\":\"Dolores.ee on kaasaegne veebipood, kust leiad tuntud kaubam\u00e4rkide \u2013 GIGI, Anna Lotan, Hikari, Hlavin \u2013 originaalkosmeetikat. Pakume kvaliteetseid hooldustooteid taskukohaste hindadega ja kiire kohaletoimetamisega \u00fcle Eesti. Nahahooldus pole kunagi olnud nii lihtne ja soodne!\",\"email\":\"dolores@dolores.ee\",\"telephone\":\"372 644 2440\",\"legalName\":\"Dolores O\u00dc\",\"foundingDate\":\"1998-02-09\",\"vatID\":\"EE100050280\",\"numberOfEmployees\":{\"@type\":\"QuantitativeValue\",\"minValue\":\"11\",\"maxValue\":\"50\"}}]}<\/script>\n<!-- \/ Yoast SEO Premium plugin. -->","yoast_head_json":{"title":"GIGI Vitamin E Seerum K\u00f5ikidele nahat\u00fc\u00fcpidele 30 ml ~ Dolores","robots":{"index":"index","follow":"follow","max-snippet":"max-snippet:-1","max-image-preview":"max-image-preview:large","max-video-preview":"max-video-preview:-1"},"canonical":"https:\/\/dolores.ee\/lv\/toode\/gigi-vitamin-e-seerum-koikidele-nahatuupidele-30-ml\/","og_locale":"lv_LV","og_type":"article","og_title":"GIGI Vitamin E Seerum K\u00f5ikidele nahat\u00fc\u00fcpidele 30 ml","og_description":"GIGI Vitamin E Seerum K\u00f5ikidele nahat\u00fc\u00fcpidele 30 ml","og_url":"https:\/\/dolores.ee\/lv\/toode\/gigi-vitamin-e-seerum-koikidele-nahatuupidele-30-ml\/","og_site_name":"Dolores","article_publisher":"https:\/\/www.facebook.com\/doloresepood\/","article_modified_time":"2025-10-16T16:37:43+00:00","og_image":[{"width":864,"height":1920,"url":"https:\/\/dolores.ee\/wp-content\/uploads\/2020\/08\/Serum.-Ref-47509.-30-ml.jpg","type":"image\/jpeg"}],"twitter_card":"summary_large_image","twitter_misc":{"Est. reading time":"1 minute"},"schema":{"@context":"https:\/\/schema.org","@graph":[{"@type":"WebPage","@id":"https:\/\/dolores.ee\/lv\/toode\/gigi-vitamin-e-seerum-koikidele-nahatuupidele-30-ml\/","url":"https:\/\/dolores.ee\/lv\/toode\/gigi-vitamin-e-seerum-koikidele-nahatuupidele-30-ml\/","name":"GIGI Vitamin E Seerum K\u00f5ikidele nahat\u00fc\u00fcpidele 30 ml ~ Dolores","isPartOf":{"@id":"https:\/\/dolores.ee\/lv\/#website"},"primaryImageOfPage":{"@id":"https:\/\/dolores.ee\/lv\/toode\/gigi-vitamin-e-seerum-koikidele-nahatuupidele-30-ml\/#primaryimage"},"image":{"@id":"https:\/\/dolores.ee\/lv\/toode\/gigi-vitamin-e-seerum-koikidele-nahatuupidele-30-ml\/#primaryimage"},"thumbnailUrl":"https:\/\/dolores.ee\/wp-content\/uploads\/2020\/08\/Serum.-Ref-47509.-30-ml.jpg","datePublished":"2020-08-11T07:37:42+00:00","dateModified":"2025-10-16T16:37:43+00:00","breadcrumb":{"@id":"https:\/\/dolores.ee\/lv\/toode\/gigi-vitamin-e-seerum-koikidele-nahatuupidele-30-ml\/#breadcrumb"},"inLanguage":"lv-LV","potentialAction":[{"@type":"ReadAction","target":["https:\/\/dolores.ee\/lv\/toode\/gigi-vitamin-e-seerum-koikidele-nahatuupidele-30-ml\/"]}]},{"@type":"ImageObject","inLanguage":"lv-LV","@id":"https:\/\/dolores.ee\/lv\/toode\/gigi-vitamin-e-seerum-koikidele-nahatuupidele-30-ml\/#primaryimage","url":"https:\/\/dolores.ee\/wp-content\/uploads\/2020\/08\/Serum.-Ref-47509.-30-ml.jpg","contentUrl":"https:\/\/dolores.ee\/wp-content\/uploads\/2020\/08\/Serum.-Ref-47509.-30-ml.jpg","width":864,"height":1920},{"@type":"BreadcrumbList","@id":"https:\/\/dolores.ee\/lv\/toode\/gigi-vitamin-e-seerum-koikidele-nahatuupidele-30-ml\/#breadcrumb","itemListElement":[{"@type":"ListItem","position":1,"name":"Home","item":"https:\/\/dolores.ee\/lv\/"},{"@type":"ListItem","position":2,"name":"E-veikals","item":"https:\/\/dolores.ee\/lv\/e-veikals\/"},{"@type":"ListItem","position":3,"name":"GIGI Vitamin E Seerum K\u00f5ikidele nahat\u00fc\u00fcpidele 30 ml"}]},{"@type":"WebSite","@id":"https:\/\/dolores.ee\/lv\/#website","url":"https:\/\/dolores.ee\/lv\/","name":"Dolores e-pood","description":"Beauty Shop","publisher":{"@id":"https:\/\/dolores.ee\/lv\/#organization"},"alternateName":"Dolores","potentialAction":[{"@type":"SearchAction","target":{"@type":"EntryPoint","urlTemplate":"https:\/\/dolores.ee\/lv\/?s={search_term_string}"},"query-input":{"@type":"PropertyValueSpecification","valueRequired":true,"valueName":"search_term_string"}}],"inLanguage":"lv-LV"},{"@type":"Organization","@id":"https:\/\/dolores.ee\/lv\/#organization","name":"Dolores O\u00dc","alternateName":"Dolores e-pood","url":"https:\/\/dolores.ee\/lv\/","logo":{"@type":"ImageObject","inLanguage":"lv-LV","@id":"https:\/\/dolores.ee\/lv\/#\/schema\/logo\/image\/","url":"https:\/\/dolores.ee\/wp-content\/uploads\/2025\/04\/logo-1.jpg","contentUrl":"https:\/\/dolores.ee\/wp-content\/uploads\/2025\/04\/logo-1.jpg","width":1951,"height":660,"caption":"Dolores O\u00dc"},"image":{"@id":"https:\/\/dolores.ee\/lv\/#\/schema\/logo\/image\/"},"sameAs":["https:\/\/www.facebook.com\/doloresepood\/"],"description":"Dolores.ee on kaasaegne veebipood, kust leiad tuntud kaubam\u00e4rkide \u2013 GIGI, Anna Lotan, Hikari, Hlavin \u2013 originaalkosmeetikat. Pakume kvaliteetseid hooldustooteid taskukohaste hindadega ja kiire kohaletoimetamisega \u00fcle Eesti. Nahahooldus pole kunagi olnud nii lihtne ja soodne!","email":"dolores@dolores.ee","telephone":"372 644 2440","legalName":"Dolores O\u00dc","foundingDate":"1998-02-09","vatID":"EE100050280","numberOfEmployees":{"@type":"QuantitativeValue","minValue":"11","maxValue":"50"}}]}},"_links":{"self":[{"href":"https:\/\/dolores.ee\/lv\/wp-json\/wp\/v2\/product\/1045","targetHints":{"allow":["GET"]}}],"collection":[{"href":"https:\/\/dolores.ee\/lv\/wp-json\/wp\/v2\/product"}],"about":[{"href":"https:\/\/dolores.ee\/lv\/wp-json\/wp\/v2\/types\/product"}],"replies":[{"embeddable":true,"href":"https:\/\/dolores.ee\/lv\/wp-json\/wp\/v2\/comments?post=1045"}],"version-history":[{"count":0,"href":"https:\/\/dolores.ee\/lv\/wp-json\/wp\/v2\/product\/1045\/revisions"}],"wp:featuredmedia":[{"embeddable":true,"href":"https:\/\/dolores.ee\/lv\/wp-json\/wp\/v2\/media\/167"}],"wp:attachment":[{"href":"https:\/\/dolores.ee\/lv\/wp-json\/wp\/v2\/media?parent=1045"}],"wp:term":[{"taxonomy":"product_brand","embeddable":true,"href":"https:\/\/dolores.ee\/lv\/wp-json\/wp\/v2\/product_brand?post=1045"},{"taxonomy":"product_cat","embeddable":true,"href":"https:\/\/dolores.ee\/lv\/wp-json\/wp\/v2\/product_cat?post=1045"},{"taxonomy":"product_tag","embeddable":true,"href":"https:\/\/dolores.ee\/lv\/wp-json\/wp\/v2\/product_tag?post=1045"},{"taxonomy":"giftcard-category","embeddable":true,"href":"https:\/\/dolores.ee\/lv\/wp-json\/wp\/v2\/giftcard-category?post=1045"}],"curies":[{"name":"wp","href":"https:\/\/api.w.org\/{rel}","templated":true}]}}