{"id":1049,"date":"2020-08-13T12:57:54","date_gmt":"2020-08-11T07:37:45","guid":{"rendered":"https:\/\/dolores.ee\/product\/gigi-vitamin-e-silmakreem-50-ml\/"},"modified":"2026-03-07T22:27:32","modified_gmt":"2026-03-07T20:27:32","slug":"gigi-vitamin-e-silmakreem-50-ml","status":"publish","type":"product","link":"https:\/\/dolores.ee\/lv\/toode\/gigi-vitamin-e-silmakreem-50-ml\/","title":{"rendered":"GIGI Vitamin E Silmakreem 50 ml"},"content":{"rendered":"<div class=\"vgblk-rw-wrapper limit-wrapper\">E-vitamiini silmakreem\u00a0on spetsiaalselt loodud \u00f5rnale silma\u00fcmbruse piirkonnale. T\u00f5husad aktiivsed koostisained ja E-vitamiini k\u00f5rge kontsentratsioon aitavad v\u00e4hendada tumedaid ringe ja silendada kortsukesi.<br \/>\nKreem\u00a0kaitseb t\u00f5husalt nahka keskkonna kahjulike m\u00f5jude eest. Kreemi regulaarne kasutus ennetab kortsukeste\u00a0ja kuivuse teket,\u00a0tugev niisutaja ja antioks\u00fcdant.<br \/>\nKoostis: Purified Water (Aqua), Isopropyl Palmitate, Glycerin, Stearic Acid, Dimethicone, Cetyl Alcohol, Hydrogenated Polyisobutene, PPG-2-Myristyl Ether Propionate,\u00a0Triethanolamine, Acrylates\/C10-30 Alkyl Acrylate Crosspolymer, (2% Solution),\u00a0Soy Protein, Glycerin, Sodium Lactate, TEA Lactate, Serine, Lactic Acid, Urea, Sorbitol,\u00a0Sodium Chloride, Allantoin, Butylene Glycol, Phenoxyethanol, Methylparaben,\u00a0Ethylparaben, Butylparaben, Propylparaben, Isobutylparaben, Octyl Palmitate,\u00a0Rose Hips Oil, Borage Seed Oil, Panthenol (Pro Vitamin B5), Tocopheryl Acetate (Vitamin E),\u00a0DMDM Hydantoin, Allantoin, Glycerin, Urea, Saccharide Hydrolysate, Magnesium Aspartate,\u00a0Glycine, Alanine, Creatine, Fragrance, Lauroyl Lysine, Glyceryl Polymethacrylate,\u00a0Propylene Glycol, PVM\/MA Copolymer, Potassium Cetyl Phosphate, Disodium EDTA,\u00a0BHT, Hyaluronic Acid.<\/div>\n<p><!-- .vgblk-rw-wrapper --><\/p>\n","protected":false},"excerpt":{"rendered":"<p>GIGI Vitamin E Silmakreem 50 ml<\/p>\n","protected":false},"featured_media":183,"comment_status":"open","ping_status":"closed","template":"","meta":[],"product_brand":[],"product_cat":[99,286,95,399,464],"product_tag":[460],"giftcard-category":[],"class_list":{"0":"post-1049","1":"product","2":"type-product","3":"status-publish","4":"has-post-thumbnail","6":"product_cat-gigi-et","7":"product_cat-vitamin-e-et","8":"product_cat-silmakreemid","9":"product_cat-ale","10":"product_cat-niisutavad-tooted","11":"product_tag-kosmeetika","13":"first","14":"instock","15":"taxable","16":"shipping-taxable","17":"purchasable","18":"product-type-simple"},"yoast_head":"<!-- This site is optimized with the Yoast SEO Premium plugin v25.1 (Yoast SEO v25.7) - https:\/\/yoast.com\/wordpress\/plugins\/seo\/ -->\n<title>GIGI Vitamin E Silmakreem 50 ml ~ Dolores<\/title>\n<meta name=\"robots\" content=\"index, follow, max-snippet:-1, max-image-preview:large, max-video-preview:-1\" \/>\n<link rel=\"canonical\" href=\"https:\/\/dolores.ee\/lv\/toode\/gigi-vitamin-e-silmakreem-50-ml\/\" \/>\n<meta property=\"og:locale\" content=\"lv_LV\" \/>\n<meta property=\"og:type\" content=\"article\" \/>\n<meta property=\"og:title\" content=\"GIGI Vitamin E Silmakreem 50 ml\" \/>\n<meta property=\"og:description\" content=\"GIGI Vitamin E Silmakreem 50 ml\" \/>\n<meta property=\"og:url\" content=\"https:\/\/dolores.ee\/lv\/toode\/gigi-vitamin-e-silmakreem-50-ml\/\" \/>\n<meta property=\"og:site_name\" content=\"Dolores\" \/>\n<meta property=\"article:publisher\" content=\"https:\/\/www.facebook.com\/doloresepood\/\" \/>\n<meta property=\"article:modified_time\" content=\"2026-03-07T20:27:32+00:00\" \/>\n<meta property=\"og:image\" content=\"https:\/\/dolores.ee\/wp-content\/uploads\/2020\/08\/52df85cc694e3.jpg\" \/>\n\t<meta property=\"og:image:width\" content=\"421\" \/>\n\t<meta property=\"og:image:height\" content=\"800\" \/>\n\t<meta property=\"og:image:type\" content=\"image\/jpeg\" \/>\n<meta name=\"twitter:card\" content=\"summary_large_image\" \/>\n<meta name=\"twitter:label1\" content=\"Est. reading time\" \/>\n\t<meta name=\"twitter:data1\" content=\"1 minute\" \/>\n<script type=\"application\/ld+json\" class=\"yoast-schema-graph\">{\"@context\":\"https:\/\/schema.org\",\"@graph\":[{\"@type\":\"WebPage\",\"@id\":\"https:\/\/dolores.ee\/lv\/toode\/gigi-vitamin-e-silmakreem-50-ml\/\",\"url\":\"https:\/\/dolores.ee\/lv\/toode\/gigi-vitamin-e-silmakreem-50-ml\/\",\"name\":\"GIGI Vitamin E Silmakreem 50 ml ~ Dolores\",\"isPartOf\":{\"@id\":\"https:\/\/dolores.ee\/lv\/#website\"},\"primaryImageOfPage\":{\"@id\":\"https:\/\/dolores.ee\/lv\/toode\/gigi-vitamin-e-silmakreem-50-ml\/#primaryimage\"},\"image\":{\"@id\":\"https:\/\/dolores.ee\/lv\/toode\/gigi-vitamin-e-silmakreem-50-ml\/#primaryimage\"},\"thumbnailUrl\":\"https:\/\/dolores.ee\/wp-content\/uploads\/2020\/08\/52df85cc694e3.jpg\",\"datePublished\":\"2020-08-11T07:37:45+00:00\",\"dateModified\":\"2026-03-07T20:27:32+00:00\",\"breadcrumb\":{\"@id\":\"https:\/\/dolores.ee\/lv\/toode\/gigi-vitamin-e-silmakreem-50-ml\/#breadcrumb\"},\"inLanguage\":\"lv-LV\",\"potentialAction\":[{\"@type\":\"ReadAction\",\"target\":[\"https:\/\/dolores.ee\/lv\/toode\/gigi-vitamin-e-silmakreem-50-ml\/\"]}]},{\"@type\":\"ImageObject\",\"inLanguage\":\"lv-LV\",\"@id\":\"https:\/\/dolores.ee\/lv\/toode\/gigi-vitamin-e-silmakreem-50-ml\/#primaryimage\",\"url\":\"https:\/\/dolores.ee\/wp-content\/uploads\/2020\/08\/52df85cc694e3.jpg\",\"contentUrl\":\"https:\/\/dolores.ee\/wp-content\/uploads\/2020\/08\/52df85cc694e3.jpg\",\"width\":421,\"height\":800},{\"@type\":\"BreadcrumbList\",\"@id\":\"https:\/\/dolores.ee\/lv\/toode\/gigi-vitamin-e-silmakreem-50-ml\/#breadcrumb\",\"itemListElement\":[{\"@type\":\"ListItem\",\"position\":1,\"name\":\"Home\",\"item\":\"https:\/\/dolores.ee\/lv\/\"},{\"@type\":\"ListItem\",\"position\":2,\"name\":\"E-veikals\",\"item\":\"https:\/\/dolores.ee\/lv\/e-veikals\/\"},{\"@type\":\"ListItem\",\"position\":3,\"name\":\"GIGI Vitamin E Silmakreem 50 ml\"}]},{\"@type\":\"WebSite\",\"@id\":\"https:\/\/dolores.ee\/lv\/#website\",\"url\":\"https:\/\/dolores.ee\/lv\/\",\"name\":\"Dolores e-pood\",\"description\":\"Beauty Shop\",\"publisher\":{\"@id\":\"https:\/\/dolores.ee\/lv\/#organization\"},\"alternateName\":\"Dolores\",\"potentialAction\":[{\"@type\":\"SearchAction\",\"target\":{\"@type\":\"EntryPoint\",\"urlTemplate\":\"https:\/\/dolores.ee\/lv\/?s={search_term_string}\"},\"query-input\":{\"@type\":\"PropertyValueSpecification\",\"valueRequired\":true,\"valueName\":\"search_term_string\"}}],\"inLanguage\":\"lv-LV\"},{\"@type\":\"Organization\",\"@id\":\"https:\/\/dolores.ee\/lv\/#organization\",\"name\":\"Dolores O\u00dc\",\"alternateName\":\"Dolores e-pood\",\"url\":\"https:\/\/dolores.ee\/lv\/\",\"logo\":{\"@type\":\"ImageObject\",\"inLanguage\":\"lv-LV\",\"@id\":\"https:\/\/dolores.ee\/lv\/#\/schema\/logo\/image\/\",\"url\":\"https:\/\/dolores.ee\/wp-content\/uploads\/2025\/04\/logo-1.jpg\",\"contentUrl\":\"https:\/\/dolores.ee\/wp-content\/uploads\/2025\/04\/logo-1.jpg\",\"width\":1951,\"height\":660,\"caption\":\"Dolores O\u00dc\"},\"image\":{\"@id\":\"https:\/\/dolores.ee\/lv\/#\/schema\/logo\/image\/\"},\"sameAs\":[\"https:\/\/www.facebook.com\/doloresepood\/\"],\"description\":\"Dolores.ee on kaasaegne veebipood, kust leiad tuntud kaubam\u00e4rkide \u2013 GIGI, Anna Lotan, Hikari, Hlavin \u2013 originaalkosmeetikat. Pakume kvaliteetseid hooldustooteid taskukohaste hindadega ja kiire kohaletoimetamisega \u00fcle Eesti. Nahahooldus pole kunagi olnud nii lihtne ja soodne!\",\"email\":\"dolores@dolores.ee\",\"telephone\":\"372 644 2440\",\"legalName\":\"Dolores O\u00dc\",\"foundingDate\":\"1998-02-09\",\"vatID\":\"EE100050280\",\"numberOfEmployees\":{\"@type\":\"QuantitativeValue\",\"minValue\":\"11\",\"maxValue\":\"50\"}}]}<\/script>\n<!-- \/ Yoast SEO Premium plugin. -->","yoast_head_json":{"title":"GIGI Vitamin E Silmakreem 50 ml ~ Dolores","robots":{"index":"index","follow":"follow","max-snippet":"max-snippet:-1","max-image-preview":"max-image-preview:large","max-video-preview":"max-video-preview:-1"},"canonical":"https:\/\/dolores.ee\/lv\/toode\/gigi-vitamin-e-silmakreem-50-ml\/","og_locale":"lv_LV","og_type":"article","og_title":"GIGI Vitamin E Silmakreem 50 ml","og_description":"GIGI Vitamin E Silmakreem 50 ml","og_url":"https:\/\/dolores.ee\/lv\/toode\/gigi-vitamin-e-silmakreem-50-ml\/","og_site_name":"Dolores","article_publisher":"https:\/\/www.facebook.com\/doloresepood\/","article_modified_time":"2026-03-07T20:27:32+00:00","og_image":[{"width":421,"height":800,"url":"https:\/\/dolores.ee\/wp-content\/uploads\/2020\/08\/52df85cc694e3.jpg","type":"image\/jpeg"}],"twitter_card":"summary_large_image","twitter_misc":{"Est. reading time":"1 minute"},"schema":{"@context":"https:\/\/schema.org","@graph":[{"@type":"WebPage","@id":"https:\/\/dolores.ee\/lv\/toode\/gigi-vitamin-e-silmakreem-50-ml\/","url":"https:\/\/dolores.ee\/lv\/toode\/gigi-vitamin-e-silmakreem-50-ml\/","name":"GIGI Vitamin E Silmakreem 50 ml ~ Dolores","isPartOf":{"@id":"https:\/\/dolores.ee\/lv\/#website"},"primaryImageOfPage":{"@id":"https:\/\/dolores.ee\/lv\/toode\/gigi-vitamin-e-silmakreem-50-ml\/#primaryimage"},"image":{"@id":"https:\/\/dolores.ee\/lv\/toode\/gigi-vitamin-e-silmakreem-50-ml\/#primaryimage"},"thumbnailUrl":"https:\/\/dolores.ee\/wp-content\/uploads\/2020\/08\/52df85cc694e3.jpg","datePublished":"2020-08-11T07:37:45+00:00","dateModified":"2026-03-07T20:27:32+00:00","breadcrumb":{"@id":"https:\/\/dolores.ee\/lv\/toode\/gigi-vitamin-e-silmakreem-50-ml\/#breadcrumb"},"inLanguage":"lv-LV","potentialAction":[{"@type":"ReadAction","target":["https:\/\/dolores.ee\/lv\/toode\/gigi-vitamin-e-silmakreem-50-ml\/"]}]},{"@type":"ImageObject","inLanguage":"lv-LV","@id":"https:\/\/dolores.ee\/lv\/toode\/gigi-vitamin-e-silmakreem-50-ml\/#primaryimage","url":"https:\/\/dolores.ee\/wp-content\/uploads\/2020\/08\/52df85cc694e3.jpg","contentUrl":"https:\/\/dolores.ee\/wp-content\/uploads\/2020\/08\/52df85cc694e3.jpg","width":421,"height":800},{"@type":"BreadcrumbList","@id":"https:\/\/dolores.ee\/lv\/toode\/gigi-vitamin-e-silmakreem-50-ml\/#breadcrumb","itemListElement":[{"@type":"ListItem","position":1,"name":"Home","item":"https:\/\/dolores.ee\/lv\/"},{"@type":"ListItem","position":2,"name":"E-veikals","item":"https:\/\/dolores.ee\/lv\/e-veikals\/"},{"@type":"ListItem","position":3,"name":"GIGI Vitamin E Silmakreem 50 ml"}]},{"@type":"WebSite","@id":"https:\/\/dolores.ee\/lv\/#website","url":"https:\/\/dolores.ee\/lv\/","name":"Dolores e-pood","description":"Beauty Shop","publisher":{"@id":"https:\/\/dolores.ee\/lv\/#organization"},"alternateName":"Dolores","potentialAction":[{"@type":"SearchAction","target":{"@type":"EntryPoint","urlTemplate":"https:\/\/dolores.ee\/lv\/?s={search_term_string}"},"query-input":{"@type":"PropertyValueSpecification","valueRequired":true,"valueName":"search_term_string"}}],"inLanguage":"lv-LV"},{"@type":"Organization","@id":"https:\/\/dolores.ee\/lv\/#organization","name":"Dolores O\u00dc","alternateName":"Dolores e-pood","url":"https:\/\/dolores.ee\/lv\/","logo":{"@type":"ImageObject","inLanguage":"lv-LV","@id":"https:\/\/dolores.ee\/lv\/#\/schema\/logo\/image\/","url":"https:\/\/dolores.ee\/wp-content\/uploads\/2025\/04\/logo-1.jpg","contentUrl":"https:\/\/dolores.ee\/wp-content\/uploads\/2025\/04\/logo-1.jpg","width":1951,"height":660,"caption":"Dolores O\u00dc"},"image":{"@id":"https:\/\/dolores.ee\/lv\/#\/schema\/logo\/image\/"},"sameAs":["https:\/\/www.facebook.com\/doloresepood\/"],"description":"Dolores.ee on kaasaegne veebipood, kust leiad tuntud kaubam\u00e4rkide \u2013 GIGI, Anna Lotan, Hikari, Hlavin \u2013 originaalkosmeetikat. Pakume kvaliteetseid hooldustooteid taskukohaste hindadega ja kiire kohaletoimetamisega \u00fcle Eesti. Nahahooldus pole kunagi olnud nii lihtne ja soodne!","email":"dolores@dolores.ee","telephone":"372 644 2440","legalName":"Dolores O\u00dc","foundingDate":"1998-02-09","vatID":"EE100050280","numberOfEmployees":{"@type":"QuantitativeValue","minValue":"11","maxValue":"50"}}]}},"_links":{"self":[{"href":"https:\/\/dolores.ee\/lv\/wp-json\/wp\/v2\/product\/1049","targetHints":{"allow":["GET"]}}],"collection":[{"href":"https:\/\/dolores.ee\/lv\/wp-json\/wp\/v2\/product"}],"about":[{"href":"https:\/\/dolores.ee\/lv\/wp-json\/wp\/v2\/types\/product"}],"replies":[{"embeddable":true,"href":"https:\/\/dolores.ee\/lv\/wp-json\/wp\/v2\/comments?post=1049"}],"version-history":[{"count":0,"href":"https:\/\/dolores.ee\/lv\/wp-json\/wp\/v2\/product\/1049\/revisions"}],"wp:featuredmedia":[{"embeddable":true,"href":"https:\/\/dolores.ee\/lv\/wp-json\/wp\/v2\/media\/183"}],"wp:attachment":[{"href":"https:\/\/dolores.ee\/lv\/wp-json\/wp\/v2\/media?parent=1049"}],"wp:term":[{"taxonomy":"product_brand","embeddable":true,"href":"https:\/\/dolores.ee\/lv\/wp-json\/wp\/v2\/product_brand?post=1049"},{"taxonomy":"product_cat","embeddable":true,"href":"https:\/\/dolores.ee\/lv\/wp-json\/wp\/v2\/product_cat?post=1049"},{"taxonomy":"product_tag","embeddable":true,"href":"https:\/\/dolores.ee\/lv\/wp-json\/wp\/v2\/product_tag?post=1049"},{"taxonomy":"giftcard-category","embeddable":true,"href":"https:\/\/dolores.ee\/lv\/wp-json\/wp\/v2\/giftcard-category?post=1049"}],"curies":[{"name":"wp","href":"https:\/\/api.w.org\/{rel}","templated":true}]}}