{"id":1051,"date":"2020-08-13T12:57:56","date_gmt":"2020-08-11T07:37:47","guid":{"rendered":"https:\/\/dolores.ee\/product\/gigi-lipacid-niisutav-kreem-rasusele-nahale-100-ml\/"},"modified":"2026-04-10T09:47:43","modified_gmt":"2026-04-10T06:47:43","slug":"gigi-lipacid-niisutav-kreem-rasusele-nahale-100-ml","status":"publish","type":"product","link":"https:\/\/dolores.ee\/lv\/toode\/gigi-lipacid-niisutav-kreem-rasusele-nahale-100-ml\/","title":{"rendered":"GIGI Lipacid Niisutav kreem rasusele nahale 100 ml"},"content":{"rendered":"<div class=\"vgblk-rw-wrapper limit-wrapper\">Lipacid niisutav kreem rasusele nahale.\u00a0Kerge, pehme ja mitte \u00f5line koostis. P\u00f5letikuvastase ja antibakteriaalse toimega, taastab naha kaitsebarj\u00e4\u00e4ri, eemaldab liigse rasu ja hoiab naha niisutatuna.<br \/>\nKoostis:\u00a0Water (Aqua),\u00a0Butylene Glycol, Carbomer,\u00a0Cetyl Alcohol,\u00a0Propylene Glycol,\u00a0Isopropyl Myristate, C12-15 Alkyl Benzoate, Glycerin, Glyceryl Stearate, Sodium Lactate &#038; Lactic Acid &#038; Glycerin &#038; Serine &#038; Sorbitol &#038; TEA-Lactate &#038; Urea &#038; Sodium Chloride &#038; Lauryl Diethylenediaminoglycine &#038; Allantoin &#038; Lauryl Aminopropylglycine &#038; Alcohol, PEG-40 Stearate, Potassium Cetyl Phosphate, Hydrogenated Polyisobutene, Lauroyl Lysine, Dimethicone, Alpha &#8211; Glucan Oligosaccharide, Capryloyl Glucine &#038; Sarcosine &#038; Cinnamomum Zeylanicum \u00a0Bark Extract, Phenoyethanol &#038; Methylparaben &#038; Ethylparaben &#038; Butylparaben &#038; Propylparaben &#038; Isobutylparaben, Sorbitan Tristearate, Octyl Methoxycinnamate, Stearic Acid, Allantoin, Squalene, Glyceryl Polymethacrylate &#038; Propylene Glycol &#038; PVM\/MA Copolymer, Triethanolamine, DMDM Hydantoin, Witch Hazel Distillate,\u00a0Fragrance (Parfum),\u00a0Disodium EDTA,\u00a0BHT, Chamomile Extract.<\/div>\n<p><!-- .vgblk-rw-wrapper --><\/p>\n","protected":false},"excerpt":{"rendered":"<p>GIGI Lipacid Niisutav kreem rasusele nahale 100 ml<\/p>\n","protected":false},"featured_media":191,"comment_status":"open","ping_status":"closed","template":"","meta":[],"product_brand":[],"product_cat":[782,99,277,127,89,399,408,464,445],"product_tag":[460],"giftcard-category":[],"class_list":{"0":"post-1051","1":"product","2":"type-product","3":"status-publish","4":"has-post-thumbnail","6":"product_cat-kevadine-nahahooldus","7":"product_cat-gigi-et","8":"product_cat-lipacid-et","9":"product_cat-ookreemid","10":"product_cat-paevakreemid","11":"product_cat-ale","12":"product_cat-kliendi-lemmikud","13":"product_cat-niisutavad-tooted","14":"product_cat-unisex-et","15":"product_tag-kosmeetika","17":"first","18":"instock","19":"taxable","20":"shipping-taxable","21":"purchasable","22":"product-type-simple"},"yoast_head":"<!-- This site is optimized with the Yoast SEO Premium plugin v25.1 (Yoast SEO v25.7) - https:\/\/yoast.com\/wordpress\/plugins\/seo\/ -->\n<title>GIGI Lipacid Niisutav kreem rasusele nahale 100 ml ~ Dolores<\/title>\n<meta name=\"robots\" content=\"index, follow, max-snippet:-1, max-image-preview:large, max-video-preview:-1\" \/>\n<link rel=\"canonical\" href=\"https:\/\/dolores.ee\/lv\/toode\/gigi-lipacid-niisutav-kreem-rasusele-nahale-100-ml\/\" \/>\n<meta property=\"og:locale\" content=\"lv_LV\" \/>\n<meta property=\"og:type\" content=\"article\" \/>\n<meta property=\"og:title\" content=\"GIGI Lipacid Niisutav kreem rasusele nahale 100 ml\" \/>\n<meta property=\"og:description\" content=\"GIGI Lipacid Niisutav kreem rasusele nahale 100 ml\" \/>\n<meta property=\"og:url\" content=\"https:\/\/dolores.ee\/lv\/toode\/gigi-lipacid-niisutav-kreem-rasusele-nahale-100-ml\/\" \/>\n<meta property=\"og:site_name\" content=\"Dolores\" \/>\n<meta property=\"article:publisher\" content=\"https:\/\/www.facebook.com\/doloresepood\/\" \/>\n<meta property=\"article:modified_time\" content=\"2026-04-10T06:47:43+00:00\" \/>\n<meta property=\"og:image\" content=\"https:\/\/dolores.ee\/wp-content\/uploads\/2020\/08\/moisturizer.-Ref-47028.110ml.jpg\" \/>\n\t<meta property=\"og:image:width\" content=\"840\" \/>\n\t<meta property=\"og:image:height\" content=\"1920\" \/>\n\t<meta property=\"og:image:type\" content=\"image\/jpeg\" \/>\n<meta name=\"twitter:card\" content=\"summary_large_image\" \/>\n<meta name=\"twitter:label1\" content=\"Est. reading time\" \/>\n\t<meta name=\"twitter:data1\" content=\"1 minute\" \/>\n<script type=\"application\/ld+json\" class=\"yoast-schema-graph\">{\"@context\":\"https:\/\/schema.org\",\"@graph\":[{\"@type\":\"WebPage\",\"@id\":\"https:\/\/dolores.ee\/lv\/toode\/gigi-lipacid-niisutav-kreem-rasusele-nahale-100-ml\/\",\"url\":\"https:\/\/dolores.ee\/lv\/toode\/gigi-lipacid-niisutav-kreem-rasusele-nahale-100-ml\/\",\"name\":\"GIGI Lipacid Niisutav kreem rasusele nahale 100 ml ~ Dolores\",\"isPartOf\":{\"@id\":\"https:\/\/dolores.ee\/lv\/#website\"},\"primaryImageOfPage\":{\"@id\":\"https:\/\/dolores.ee\/lv\/toode\/gigi-lipacid-niisutav-kreem-rasusele-nahale-100-ml\/#primaryimage\"},\"image\":{\"@id\":\"https:\/\/dolores.ee\/lv\/toode\/gigi-lipacid-niisutav-kreem-rasusele-nahale-100-ml\/#primaryimage\"},\"thumbnailUrl\":\"https:\/\/dolores.ee\/wp-content\/uploads\/2020\/08\/moisturizer.-Ref-47028.110ml.jpg\",\"datePublished\":\"2020-08-11T07:37:47+00:00\",\"dateModified\":\"2026-04-10T06:47:43+00:00\",\"breadcrumb\":{\"@id\":\"https:\/\/dolores.ee\/lv\/toode\/gigi-lipacid-niisutav-kreem-rasusele-nahale-100-ml\/#breadcrumb\"},\"inLanguage\":\"lv-LV\",\"potentialAction\":[{\"@type\":\"ReadAction\",\"target\":[\"https:\/\/dolores.ee\/lv\/toode\/gigi-lipacid-niisutav-kreem-rasusele-nahale-100-ml\/\"]}]},{\"@type\":\"ImageObject\",\"inLanguage\":\"lv-LV\",\"@id\":\"https:\/\/dolores.ee\/lv\/toode\/gigi-lipacid-niisutav-kreem-rasusele-nahale-100-ml\/#primaryimage\",\"url\":\"https:\/\/dolores.ee\/wp-content\/uploads\/2020\/08\/moisturizer.-Ref-47028.110ml.jpg\",\"contentUrl\":\"https:\/\/dolores.ee\/wp-content\/uploads\/2020\/08\/moisturizer.-Ref-47028.110ml.jpg\",\"width\":840,\"height\":1920},{\"@type\":\"BreadcrumbList\",\"@id\":\"https:\/\/dolores.ee\/lv\/toode\/gigi-lipacid-niisutav-kreem-rasusele-nahale-100-ml\/#breadcrumb\",\"itemListElement\":[{\"@type\":\"ListItem\",\"position\":1,\"name\":\"Home\",\"item\":\"https:\/\/dolores.ee\/lv\/\"},{\"@type\":\"ListItem\",\"position\":2,\"name\":\"E-veikals\",\"item\":\"https:\/\/dolores.ee\/lv\/e-veikals\/\"},{\"@type\":\"ListItem\",\"position\":3,\"name\":\"GIGI Lipacid Niisutav kreem rasusele nahale 100 ml\"}]},{\"@type\":\"WebSite\",\"@id\":\"https:\/\/dolores.ee\/lv\/#website\",\"url\":\"https:\/\/dolores.ee\/lv\/\",\"name\":\"Dolores e-pood\",\"description\":\"Beauty Shop\",\"publisher\":{\"@id\":\"https:\/\/dolores.ee\/lv\/#organization\"},\"alternateName\":\"Dolores\",\"potentialAction\":[{\"@type\":\"SearchAction\",\"target\":{\"@type\":\"EntryPoint\",\"urlTemplate\":\"https:\/\/dolores.ee\/lv\/?s={search_term_string}\"},\"query-input\":{\"@type\":\"PropertyValueSpecification\",\"valueRequired\":true,\"valueName\":\"search_term_string\"}}],\"inLanguage\":\"lv-LV\"},{\"@type\":\"Organization\",\"@id\":\"https:\/\/dolores.ee\/lv\/#organization\",\"name\":\"Dolores O\u00dc\",\"alternateName\":\"Dolores e-pood\",\"url\":\"https:\/\/dolores.ee\/lv\/\",\"logo\":{\"@type\":\"ImageObject\",\"inLanguage\":\"lv-LV\",\"@id\":\"https:\/\/dolores.ee\/lv\/#\/schema\/logo\/image\/\",\"url\":\"https:\/\/dolores.ee\/wp-content\/uploads\/2025\/04\/logo-1.jpg\",\"contentUrl\":\"https:\/\/dolores.ee\/wp-content\/uploads\/2025\/04\/logo-1.jpg\",\"width\":1951,\"height\":660,\"caption\":\"Dolores O\u00dc\"},\"image\":{\"@id\":\"https:\/\/dolores.ee\/lv\/#\/schema\/logo\/image\/\"},\"sameAs\":[\"https:\/\/www.facebook.com\/doloresepood\/\"],\"description\":\"Dolores.ee on kaasaegne veebipood, kust leiad tuntud kaubam\u00e4rkide \u2013 GIGI, Anna Lotan, Hikari, Hlavin \u2013 originaalkosmeetikat. Pakume kvaliteetseid hooldustooteid taskukohaste hindadega ja kiire kohaletoimetamisega \u00fcle Eesti. Nahahooldus pole kunagi olnud nii lihtne ja soodne!\",\"email\":\"dolores@dolores.ee\",\"telephone\":\"372 644 2440\",\"legalName\":\"Dolores O\u00dc\",\"foundingDate\":\"1998-02-09\",\"vatID\":\"EE100050280\",\"numberOfEmployees\":{\"@type\":\"QuantitativeValue\",\"minValue\":\"11\",\"maxValue\":\"50\"}}]}<\/script>\n<!-- \/ Yoast SEO Premium plugin. -->","yoast_head_json":{"title":"GIGI Lipacid Niisutav kreem rasusele nahale 100 ml ~ Dolores","robots":{"index":"index","follow":"follow","max-snippet":"max-snippet:-1","max-image-preview":"max-image-preview:large","max-video-preview":"max-video-preview:-1"},"canonical":"https:\/\/dolores.ee\/lv\/toode\/gigi-lipacid-niisutav-kreem-rasusele-nahale-100-ml\/","og_locale":"lv_LV","og_type":"article","og_title":"GIGI Lipacid Niisutav kreem rasusele nahale 100 ml","og_description":"GIGI Lipacid Niisutav kreem rasusele nahale 100 ml","og_url":"https:\/\/dolores.ee\/lv\/toode\/gigi-lipacid-niisutav-kreem-rasusele-nahale-100-ml\/","og_site_name":"Dolores","article_publisher":"https:\/\/www.facebook.com\/doloresepood\/","article_modified_time":"2026-04-10T06:47:43+00:00","og_image":[{"width":840,"height":1920,"url":"https:\/\/dolores.ee\/wp-content\/uploads\/2020\/08\/moisturizer.-Ref-47028.110ml.jpg","type":"image\/jpeg"}],"twitter_card":"summary_large_image","twitter_misc":{"Est. reading time":"1 minute"},"schema":{"@context":"https:\/\/schema.org","@graph":[{"@type":"WebPage","@id":"https:\/\/dolores.ee\/lv\/toode\/gigi-lipacid-niisutav-kreem-rasusele-nahale-100-ml\/","url":"https:\/\/dolores.ee\/lv\/toode\/gigi-lipacid-niisutav-kreem-rasusele-nahale-100-ml\/","name":"GIGI Lipacid Niisutav kreem rasusele nahale 100 ml ~ Dolores","isPartOf":{"@id":"https:\/\/dolores.ee\/lv\/#website"},"primaryImageOfPage":{"@id":"https:\/\/dolores.ee\/lv\/toode\/gigi-lipacid-niisutav-kreem-rasusele-nahale-100-ml\/#primaryimage"},"image":{"@id":"https:\/\/dolores.ee\/lv\/toode\/gigi-lipacid-niisutav-kreem-rasusele-nahale-100-ml\/#primaryimage"},"thumbnailUrl":"https:\/\/dolores.ee\/wp-content\/uploads\/2020\/08\/moisturizer.-Ref-47028.110ml.jpg","datePublished":"2020-08-11T07:37:47+00:00","dateModified":"2026-04-10T06:47:43+00:00","breadcrumb":{"@id":"https:\/\/dolores.ee\/lv\/toode\/gigi-lipacid-niisutav-kreem-rasusele-nahale-100-ml\/#breadcrumb"},"inLanguage":"lv-LV","potentialAction":[{"@type":"ReadAction","target":["https:\/\/dolores.ee\/lv\/toode\/gigi-lipacid-niisutav-kreem-rasusele-nahale-100-ml\/"]}]},{"@type":"ImageObject","inLanguage":"lv-LV","@id":"https:\/\/dolores.ee\/lv\/toode\/gigi-lipacid-niisutav-kreem-rasusele-nahale-100-ml\/#primaryimage","url":"https:\/\/dolores.ee\/wp-content\/uploads\/2020\/08\/moisturizer.-Ref-47028.110ml.jpg","contentUrl":"https:\/\/dolores.ee\/wp-content\/uploads\/2020\/08\/moisturizer.-Ref-47028.110ml.jpg","width":840,"height":1920},{"@type":"BreadcrumbList","@id":"https:\/\/dolores.ee\/lv\/toode\/gigi-lipacid-niisutav-kreem-rasusele-nahale-100-ml\/#breadcrumb","itemListElement":[{"@type":"ListItem","position":1,"name":"Home","item":"https:\/\/dolores.ee\/lv\/"},{"@type":"ListItem","position":2,"name":"E-veikals","item":"https:\/\/dolores.ee\/lv\/e-veikals\/"},{"@type":"ListItem","position":3,"name":"GIGI Lipacid Niisutav kreem rasusele nahale 100 ml"}]},{"@type":"WebSite","@id":"https:\/\/dolores.ee\/lv\/#website","url":"https:\/\/dolores.ee\/lv\/","name":"Dolores e-pood","description":"Beauty Shop","publisher":{"@id":"https:\/\/dolores.ee\/lv\/#organization"},"alternateName":"Dolores","potentialAction":[{"@type":"SearchAction","target":{"@type":"EntryPoint","urlTemplate":"https:\/\/dolores.ee\/lv\/?s={search_term_string}"},"query-input":{"@type":"PropertyValueSpecification","valueRequired":true,"valueName":"search_term_string"}}],"inLanguage":"lv-LV"},{"@type":"Organization","@id":"https:\/\/dolores.ee\/lv\/#organization","name":"Dolores O\u00dc","alternateName":"Dolores e-pood","url":"https:\/\/dolores.ee\/lv\/","logo":{"@type":"ImageObject","inLanguage":"lv-LV","@id":"https:\/\/dolores.ee\/lv\/#\/schema\/logo\/image\/","url":"https:\/\/dolores.ee\/wp-content\/uploads\/2025\/04\/logo-1.jpg","contentUrl":"https:\/\/dolores.ee\/wp-content\/uploads\/2025\/04\/logo-1.jpg","width":1951,"height":660,"caption":"Dolores O\u00dc"},"image":{"@id":"https:\/\/dolores.ee\/lv\/#\/schema\/logo\/image\/"},"sameAs":["https:\/\/www.facebook.com\/doloresepood\/"],"description":"Dolores.ee on kaasaegne veebipood, kust leiad tuntud kaubam\u00e4rkide \u2013 GIGI, Anna Lotan, Hikari, Hlavin \u2013 originaalkosmeetikat. Pakume kvaliteetseid hooldustooteid taskukohaste hindadega ja kiire kohaletoimetamisega \u00fcle Eesti. Nahahooldus pole kunagi olnud nii lihtne ja soodne!","email":"dolores@dolores.ee","telephone":"372 644 2440","legalName":"Dolores O\u00dc","foundingDate":"1998-02-09","vatID":"EE100050280","numberOfEmployees":{"@type":"QuantitativeValue","minValue":"11","maxValue":"50"}}]}},"_links":{"self":[{"href":"https:\/\/dolores.ee\/lv\/wp-json\/wp\/v2\/product\/1051","targetHints":{"allow":["GET"]}}],"collection":[{"href":"https:\/\/dolores.ee\/lv\/wp-json\/wp\/v2\/product"}],"about":[{"href":"https:\/\/dolores.ee\/lv\/wp-json\/wp\/v2\/types\/product"}],"replies":[{"embeddable":true,"href":"https:\/\/dolores.ee\/lv\/wp-json\/wp\/v2\/comments?post=1051"}],"version-history":[{"count":0,"href":"https:\/\/dolores.ee\/lv\/wp-json\/wp\/v2\/product\/1051\/revisions"}],"wp:featuredmedia":[{"embeddable":true,"href":"https:\/\/dolores.ee\/lv\/wp-json\/wp\/v2\/media\/191"}],"wp:attachment":[{"href":"https:\/\/dolores.ee\/lv\/wp-json\/wp\/v2\/media?parent=1051"}],"wp:term":[{"taxonomy":"product_brand","embeddable":true,"href":"https:\/\/dolores.ee\/lv\/wp-json\/wp\/v2\/product_brand?post=1051"},{"taxonomy":"product_cat","embeddable":true,"href":"https:\/\/dolores.ee\/lv\/wp-json\/wp\/v2\/product_cat?post=1051"},{"taxonomy":"product_tag","embeddable":true,"href":"https:\/\/dolores.ee\/lv\/wp-json\/wp\/v2\/product_tag?post=1051"},{"taxonomy":"giftcard-category","embeddable":true,"href":"https:\/\/dolores.ee\/lv\/wp-json\/wp\/v2\/giftcard-category?post=1051"}],"curies":[{"name":"wp","href":"https:\/\/api.w.org\/{rel}","templated":true}]}}