{"id":1057,"date":"2020-08-13T12:58:01","date_gmt":"2020-08-11T07:37:51","guid":{"rendered":"https:\/\/dolores.ee\/product\/gigi-bioplasma-niisutav-kreem-supreme-spf-20-normaalsele-ja-kuivale-nahale-50-ml\/"},"modified":"2026-01-16T14:41:41","modified_gmt":"2026-01-16T12:41:41","slug":"gigi-bioplasma-niisutav-kreem-supreme-spf-20-normaalsele-ja-kuivale-nahale-50-ml","status":"publish","type":"product","link":"https:\/\/dolores.ee\/lv\/toode\/gigi-bioplasma-niisutav-kreem-supreme-spf-20-normaalsele-ja-kuivale-nahale-50-ml\/","title":{"rendered":"GIGI Bioplasma Niisutav Kreem Supreme SPF-20 normaalsele ja kuivale nahale 50 ml"},"content":{"rendered":"<div class=\"vgblk-rw-wrapper limit-wrapper\">GIGI Bioplasma niisutav kreem SPF 20- sobib normaalsele ja\u00a0kuivale nahale. Kaitseb UVA ja UVB kiirte eest. Tugevdab nahka, taastab naha loomuliku\u00a0niiskustaseme. Nahk on j\u00e4lle sile, s\u00e4rav ja n\u00f5tke.<br \/>\nKasutamine: Kanda hommikuti eelnevalt puhastatud nahale, n\u00e4o ja kaela piirkonda. Kui viibite otsese p\u00e4ikese k\u00e4es,\u00a0siis kanda kreemi n\u00e4ole iga kahe tunni tagant.<br \/>\nSoovitatavalt kasutada koos seerumiga, et t\u00f5hustada tulemusi. Parabeenivaba. Dermaloogiliselt testitud.<br \/>\nKoostis: Water (Aqua), Cettyl Alcohol, Glycerin, Ethylhexyl Salicylate, Butylene Glycol &amp; Water &amp; Codium Tomentosum Extract, Cetearyl Alcohol &amp;\u00a0Cetearyl Glucoside,\u00a0Cetearyl Ethylhexanoate, Propylene Glycol Dicaprylate\/Dicaprate, Isononyl Isononanoate, Sodium Hyaluronate, Arachidyl Alcohol &amp; Behenyl &amp; Alcohol &amp; Arachidyl Glucoside, Butyl Methoxydibenzoylmethane, Phenyl Trimethicone, Phenylbenzimidazole Sulfonic Acid, Aqua &amp; Chondrus Crispus (Carrageenen) Extract, Caprylic\/Capric Triglyceride &amp; Alaria Esculenta Extract, Hydroxyethyl Acrylate\/Sodium Acryloyldimethyl Taurate Copolymer &amp; Isohexadecane &amp; Polysorbate 60, Glyceryl Caprylate, Hydroxyethyl Urea? Fragrance (Parfum), Aqua &amp; Butylene Glycol &amp; Plankton Extract &amp; Arginine EDTA,\u00a0Xanthan Gum, Tocopheryl Acetate, Bisabolol, 4-Methylbenzylidene Camphor.<\/div>\n<p><!-- .vgblk-rw-wrapper --><\/p>\n","protected":false},"excerpt":{"rendered":"<p>GIGI Bioplasma Niisutav Kreem Supreme SPF-20 normaalsele ja kuivale nahale 50 ml<\/p>\n","protected":false},"featured_media":1058,"comment_status":"open","ping_status":"closed","template":"","meta":[],"product_brand":[],"product_cat":[99,273,89,212,399,464],"product_tag":[460],"giftcard-category":[],"class_list":{"0":"post-1057","1":"product","2":"type-product","3":"status-publish","4":"has-post-thumbnail","6":"product_cat-gigi-et","7":"product_cat-bioplasma-et","8":"product_cat-paevakreemid","9":"product_cat-paikesekaitse","10":"product_cat-ale","11":"product_cat-niisutavad-tooted","12":"product_tag-kosmeetika","14":"first","15":"outofstock","16":"taxable","17":"shipping-taxable","18":"purchasable","19":"product-type-simple"},"yoast_head":"<!-- This site is optimized with the Yoast SEO Premium plugin v25.1 (Yoast SEO v25.7) - https:\/\/yoast.com\/wordpress\/plugins\/seo\/ -->\n<title>GIGI Bioplasma Niisutav Kreem Supreme SPF-20 normaalsele ja kuivale nahale 50 ml ~ Dolores<\/title>\n<meta name=\"robots\" content=\"index, follow, max-snippet:-1, max-image-preview:large, max-video-preview:-1\" \/>\n<link rel=\"canonical\" href=\"https:\/\/dolores.ee\/lv\/toode\/gigi-bioplasma-niisutav-kreem-supreme-spf-20-normaalsele-ja-kuivale-nahale-50-ml\/\" \/>\n<meta property=\"og:locale\" content=\"lv_LV\" \/>\n<meta property=\"og:type\" content=\"article\" \/>\n<meta property=\"og:title\" content=\"GIGI Bioplasma Niisutav Kreem Supreme SPF-20 normaalsele ja kuivale nahale 50 ml\" \/>\n<meta property=\"og:description\" content=\"GIGI Bioplasma Niisutav Kreem Supreme SPF-20 normaalsele ja kuivale nahale 50 ml\" \/>\n<meta property=\"og:url\" content=\"https:\/\/dolores.ee\/lv\/toode\/gigi-bioplasma-niisutav-kreem-supreme-spf-20-normaalsele-ja-kuivale-nahale-50-ml\/\" \/>\n<meta property=\"og:site_name\" content=\"Dolores\" \/>\n<meta property=\"article:publisher\" content=\"https:\/\/www.facebook.com\/doloresepood\/\" \/>\n<meta property=\"article:modified_time\" content=\"2026-01-16T12:41:41+00:00\" \/>\n<meta property=\"og:image\" content=\"https:\/\/dolores.ee\/wp-content\/uploads\/2020\/08\/gigi-bioplasma-moisturizer-supreme-spf20-50ml-500x500-2.jpg\" \/>\n\t<meta property=\"og:image:width\" content=\"500\" \/>\n\t<meta property=\"og:image:height\" content=\"500\" \/>\n\t<meta property=\"og:image:type\" content=\"image\/jpeg\" \/>\n<meta name=\"twitter:card\" content=\"summary_large_image\" \/>\n<meta name=\"twitter:label1\" content=\"Est. reading time\" \/>\n\t<meta name=\"twitter:data1\" content=\"1 minute\" \/>\n<script type=\"application\/ld+json\" class=\"yoast-schema-graph\">{\"@context\":\"https:\/\/schema.org\",\"@graph\":[{\"@type\":\"WebPage\",\"@id\":\"https:\/\/dolores.ee\/lv\/toode\/gigi-bioplasma-niisutav-kreem-supreme-spf-20-normaalsele-ja-kuivale-nahale-50-ml\/\",\"url\":\"https:\/\/dolores.ee\/lv\/toode\/gigi-bioplasma-niisutav-kreem-supreme-spf-20-normaalsele-ja-kuivale-nahale-50-ml\/\",\"name\":\"GIGI Bioplasma Niisutav Kreem Supreme SPF-20 normaalsele ja kuivale nahale 50 ml ~ Dolores\",\"isPartOf\":{\"@id\":\"https:\/\/dolores.ee\/lv\/#website\"},\"primaryImageOfPage\":{\"@id\":\"https:\/\/dolores.ee\/lv\/toode\/gigi-bioplasma-niisutav-kreem-supreme-spf-20-normaalsele-ja-kuivale-nahale-50-ml\/#primaryimage\"},\"image\":{\"@id\":\"https:\/\/dolores.ee\/lv\/toode\/gigi-bioplasma-niisutav-kreem-supreme-spf-20-normaalsele-ja-kuivale-nahale-50-ml\/#primaryimage\"},\"thumbnailUrl\":\"https:\/\/dolores.ee\/wp-content\/uploads\/2020\/08\/gigi-bioplasma-moisturizer-supreme-spf20-50ml-500x500-2.jpg\",\"datePublished\":\"2020-08-11T07:37:51+00:00\",\"dateModified\":\"2026-01-16T12:41:41+00:00\",\"breadcrumb\":{\"@id\":\"https:\/\/dolores.ee\/lv\/toode\/gigi-bioplasma-niisutav-kreem-supreme-spf-20-normaalsele-ja-kuivale-nahale-50-ml\/#breadcrumb\"},\"inLanguage\":\"lv-LV\",\"potentialAction\":[{\"@type\":\"ReadAction\",\"target\":[\"https:\/\/dolores.ee\/lv\/toode\/gigi-bioplasma-niisutav-kreem-supreme-spf-20-normaalsele-ja-kuivale-nahale-50-ml\/\"]}]},{\"@type\":\"ImageObject\",\"inLanguage\":\"lv-LV\",\"@id\":\"https:\/\/dolores.ee\/lv\/toode\/gigi-bioplasma-niisutav-kreem-supreme-spf-20-normaalsele-ja-kuivale-nahale-50-ml\/#primaryimage\",\"url\":\"https:\/\/dolores.ee\/wp-content\/uploads\/2020\/08\/gigi-bioplasma-moisturizer-supreme-spf20-50ml-500x500-2.jpg\",\"contentUrl\":\"https:\/\/dolores.ee\/wp-content\/uploads\/2020\/08\/gigi-bioplasma-moisturizer-supreme-spf20-50ml-500x500-2.jpg\",\"width\":500,\"height\":500},{\"@type\":\"BreadcrumbList\",\"@id\":\"https:\/\/dolores.ee\/lv\/toode\/gigi-bioplasma-niisutav-kreem-supreme-spf-20-normaalsele-ja-kuivale-nahale-50-ml\/#breadcrumb\",\"itemListElement\":[{\"@type\":\"ListItem\",\"position\":1,\"name\":\"Home\",\"item\":\"https:\/\/dolores.ee\/lv\/\"},{\"@type\":\"ListItem\",\"position\":2,\"name\":\"E-veikals\",\"item\":\"https:\/\/dolores.ee\/lv\/e-veikals\/\"},{\"@type\":\"ListItem\",\"position\":3,\"name\":\"GIGI Bioplasma Niisutav Kreem Supreme SPF-20 normaalsele ja kuivale nahale 50 ml\"}]},{\"@type\":\"WebSite\",\"@id\":\"https:\/\/dolores.ee\/lv\/#website\",\"url\":\"https:\/\/dolores.ee\/lv\/\",\"name\":\"Dolores e-pood\",\"description\":\"Beauty Shop\",\"publisher\":{\"@id\":\"https:\/\/dolores.ee\/lv\/#organization\"},\"alternateName\":\"Dolores\",\"potentialAction\":[{\"@type\":\"SearchAction\",\"target\":{\"@type\":\"EntryPoint\",\"urlTemplate\":\"https:\/\/dolores.ee\/lv\/?s={search_term_string}\"},\"query-input\":{\"@type\":\"PropertyValueSpecification\",\"valueRequired\":true,\"valueName\":\"search_term_string\"}}],\"inLanguage\":\"lv-LV\"},{\"@type\":\"Organization\",\"@id\":\"https:\/\/dolores.ee\/lv\/#organization\",\"name\":\"Dolores O\u00dc\",\"alternateName\":\"Dolores e-pood\",\"url\":\"https:\/\/dolores.ee\/lv\/\",\"logo\":{\"@type\":\"ImageObject\",\"inLanguage\":\"lv-LV\",\"@id\":\"https:\/\/dolores.ee\/lv\/#\/schema\/logo\/image\/\",\"url\":\"https:\/\/dolores.ee\/wp-content\/uploads\/2025\/04\/logo-1.jpg\",\"contentUrl\":\"https:\/\/dolores.ee\/wp-content\/uploads\/2025\/04\/logo-1.jpg\",\"width\":1951,\"height\":660,\"caption\":\"Dolores O\u00dc\"},\"image\":{\"@id\":\"https:\/\/dolores.ee\/lv\/#\/schema\/logo\/image\/\"},\"sameAs\":[\"https:\/\/www.facebook.com\/doloresepood\/\"],\"description\":\"Dolores.ee on kaasaegne veebipood, kust leiad tuntud kaubam\u00e4rkide \u2013 GIGI, Anna Lotan, Hikari, Hlavin \u2013 originaalkosmeetikat. Pakume kvaliteetseid hooldustooteid taskukohaste hindadega ja kiire kohaletoimetamisega \u00fcle Eesti. Nahahooldus pole kunagi olnud nii lihtne ja soodne!\",\"email\":\"dolores@dolores.ee\",\"telephone\":\"372 644 2440\",\"legalName\":\"Dolores O\u00dc\",\"foundingDate\":\"1998-02-09\",\"vatID\":\"EE100050280\",\"numberOfEmployees\":{\"@type\":\"QuantitativeValue\",\"minValue\":\"11\",\"maxValue\":\"50\"}}]}<\/script>\n<!-- \/ Yoast SEO Premium plugin. -->","yoast_head_json":{"title":"GIGI Bioplasma Niisutav Kreem Supreme SPF-20 normaalsele ja kuivale nahale 50 ml ~ Dolores","robots":{"index":"index","follow":"follow","max-snippet":"max-snippet:-1","max-image-preview":"max-image-preview:large","max-video-preview":"max-video-preview:-1"},"canonical":"https:\/\/dolores.ee\/lv\/toode\/gigi-bioplasma-niisutav-kreem-supreme-spf-20-normaalsele-ja-kuivale-nahale-50-ml\/","og_locale":"lv_LV","og_type":"article","og_title":"GIGI Bioplasma Niisutav Kreem Supreme SPF-20 normaalsele ja kuivale nahale 50 ml","og_description":"GIGI Bioplasma Niisutav Kreem Supreme SPF-20 normaalsele ja kuivale nahale 50 ml","og_url":"https:\/\/dolores.ee\/lv\/toode\/gigi-bioplasma-niisutav-kreem-supreme-spf-20-normaalsele-ja-kuivale-nahale-50-ml\/","og_site_name":"Dolores","article_publisher":"https:\/\/www.facebook.com\/doloresepood\/","article_modified_time":"2026-01-16T12:41:41+00:00","og_image":[{"width":500,"height":500,"url":"https:\/\/dolores.ee\/wp-content\/uploads\/2020\/08\/gigi-bioplasma-moisturizer-supreme-spf20-50ml-500x500-2.jpg","type":"image\/jpeg"}],"twitter_card":"summary_large_image","twitter_misc":{"Est. reading time":"1 minute"},"schema":{"@context":"https:\/\/schema.org","@graph":[{"@type":"WebPage","@id":"https:\/\/dolores.ee\/lv\/toode\/gigi-bioplasma-niisutav-kreem-supreme-spf-20-normaalsele-ja-kuivale-nahale-50-ml\/","url":"https:\/\/dolores.ee\/lv\/toode\/gigi-bioplasma-niisutav-kreem-supreme-spf-20-normaalsele-ja-kuivale-nahale-50-ml\/","name":"GIGI Bioplasma Niisutav Kreem Supreme SPF-20 normaalsele ja kuivale nahale 50 ml ~ Dolores","isPartOf":{"@id":"https:\/\/dolores.ee\/lv\/#website"},"primaryImageOfPage":{"@id":"https:\/\/dolores.ee\/lv\/toode\/gigi-bioplasma-niisutav-kreem-supreme-spf-20-normaalsele-ja-kuivale-nahale-50-ml\/#primaryimage"},"image":{"@id":"https:\/\/dolores.ee\/lv\/toode\/gigi-bioplasma-niisutav-kreem-supreme-spf-20-normaalsele-ja-kuivale-nahale-50-ml\/#primaryimage"},"thumbnailUrl":"https:\/\/dolores.ee\/wp-content\/uploads\/2020\/08\/gigi-bioplasma-moisturizer-supreme-spf20-50ml-500x500-2.jpg","datePublished":"2020-08-11T07:37:51+00:00","dateModified":"2026-01-16T12:41:41+00:00","breadcrumb":{"@id":"https:\/\/dolores.ee\/lv\/toode\/gigi-bioplasma-niisutav-kreem-supreme-spf-20-normaalsele-ja-kuivale-nahale-50-ml\/#breadcrumb"},"inLanguage":"lv-LV","potentialAction":[{"@type":"ReadAction","target":["https:\/\/dolores.ee\/lv\/toode\/gigi-bioplasma-niisutav-kreem-supreme-spf-20-normaalsele-ja-kuivale-nahale-50-ml\/"]}]},{"@type":"ImageObject","inLanguage":"lv-LV","@id":"https:\/\/dolores.ee\/lv\/toode\/gigi-bioplasma-niisutav-kreem-supreme-spf-20-normaalsele-ja-kuivale-nahale-50-ml\/#primaryimage","url":"https:\/\/dolores.ee\/wp-content\/uploads\/2020\/08\/gigi-bioplasma-moisturizer-supreme-spf20-50ml-500x500-2.jpg","contentUrl":"https:\/\/dolores.ee\/wp-content\/uploads\/2020\/08\/gigi-bioplasma-moisturizer-supreme-spf20-50ml-500x500-2.jpg","width":500,"height":500},{"@type":"BreadcrumbList","@id":"https:\/\/dolores.ee\/lv\/toode\/gigi-bioplasma-niisutav-kreem-supreme-spf-20-normaalsele-ja-kuivale-nahale-50-ml\/#breadcrumb","itemListElement":[{"@type":"ListItem","position":1,"name":"Home","item":"https:\/\/dolores.ee\/lv\/"},{"@type":"ListItem","position":2,"name":"E-veikals","item":"https:\/\/dolores.ee\/lv\/e-veikals\/"},{"@type":"ListItem","position":3,"name":"GIGI Bioplasma Niisutav Kreem Supreme SPF-20 normaalsele ja kuivale nahale 50 ml"}]},{"@type":"WebSite","@id":"https:\/\/dolores.ee\/lv\/#website","url":"https:\/\/dolores.ee\/lv\/","name":"Dolores e-pood","description":"Beauty Shop","publisher":{"@id":"https:\/\/dolores.ee\/lv\/#organization"},"alternateName":"Dolores","potentialAction":[{"@type":"SearchAction","target":{"@type":"EntryPoint","urlTemplate":"https:\/\/dolores.ee\/lv\/?s={search_term_string}"},"query-input":{"@type":"PropertyValueSpecification","valueRequired":true,"valueName":"search_term_string"}}],"inLanguage":"lv-LV"},{"@type":"Organization","@id":"https:\/\/dolores.ee\/lv\/#organization","name":"Dolores O\u00dc","alternateName":"Dolores e-pood","url":"https:\/\/dolores.ee\/lv\/","logo":{"@type":"ImageObject","inLanguage":"lv-LV","@id":"https:\/\/dolores.ee\/lv\/#\/schema\/logo\/image\/","url":"https:\/\/dolores.ee\/wp-content\/uploads\/2025\/04\/logo-1.jpg","contentUrl":"https:\/\/dolores.ee\/wp-content\/uploads\/2025\/04\/logo-1.jpg","width":1951,"height":660,"caption":"Dolores O\u00dc"},"image":{"@id":"https:\/\/dolores.ee\/lv\/#\/schema\/logo\/image\/"},"sameAs":["https:\/\/www.facebook.com\/doloresepood\/"],"description":"Dolores.ee on kaasaegne veebipood, kust leiad tuntud kaubam\u00e4rkide \u2013 GIGI, Anna Lotan, Hikari, Hlavin \u2013 originaalkosmeetikat. Pakume kvaliteetseid hooldustooteid taskukohaste hindadega ja kiire kohaletoimetamisega \u00fcle Eesti. Nahahooldus pole kunagi olnud nii lihtne ja soodne!","email":"dolores@dolores.ee","telephone":"372 644 2440","legalName":"Dolores O\u00dc","foundingDate":"1998-02-09","vatID":"EE100050280","numberOfEmployees":{"@type":"QuantitativeValue","minValue":"11","maxValue":"50"}}]}},"_links":{"self":[{"href":"https:\/\/dolores.ee\/lv\/wp-json\/wp\/v2\/product\/1057","targetHints":{"allow":["GET"]}}],"collection":[{"href":"https:\/\/dolores.ee\/lv\/wp-json\/wp\/v2\/product"}],"about":[{"href":"https:\/\/dolores.ee\/lv\/wp-json\/wp\/v2\/types\/product"}],"replies":[{"embeddable":true,"href":"https:\/\/dolores.ee\/lv\/wp-json\/wp\/v2\/comments?post=1057"}],"version-history":[{"count":0,"href":"https:\/\/dolores.ee\/lv\/wp-json\/wp\/v2\/product\/1057\/revisions"}],"wp:featuredmedia":[{"embeddable":true,"href":"https:\/\/dolores.ee\/lv\/wp-json\/wp\/v2\/media\/1058"}],"wp:attachment":[{"href":"https:\/\/dolores.ee\/lv\/wp-json\/wp\/v2\/media?parent=1057"}],"wp:term":[{"taxonomy":"product_brand","embeddable":true,"href":"https:\/\/dolores.ee\/lv\/wp-json\/wp\/v2\/product_brand?post=1057"},{"taxonomy":"product_cat","embeddable":true,"href":"https:\/\/dolores.ee\/lv\/wp-json\/wp\/v2\/product_cat?post=1057"},{"taxonomy":"product_tag","embeddable":true,"href":"https:\/\/dolores.ee\/lv\/wp-json\/wp\/v2\/product_tag?post=1057"},{"taxonomy":"giftcard-category","embeddable":true,"href":"https:\/\/dolores.ee\/lv\/wp-json\/wp\/v2\/giftcard-category?post=1057"}],"curies":[{"name":"wp","href":"https:\/\/api.w.org\/{rel}","templated":true}]}}