{"id":1065,"date":"2020-08-13T12:58:04","date_gmt":"2020-08-11T07:37:53","guid":{"rendered":"https:\/\/dolores.ee\/product\/gigi-bioplasma-ookreem-supreme-50-ml\/"},"modified":"2026-02-24T23:23:20","modified_gmt":"2026-02-24T21:23:20","slug":"gigi-bioplasma-ookreem-supreme-50-ml","status":"publish","type":"product","link":"https:\/\/dolores.ee\/lv\/toode\/gigi-bioplasma-ookreem-supreme-50-ml\/","title":{"rendered":"GIGI Bioplasma \u00d6\u00f6kreem Supreme 50 ml"},"content":{"rendered":"<div class=\"vgblk-rw-wrapper limit-wrapper\">Gigi Bioplasma \u00f6\u00f6kreem-sobib k\u00f5ikidele nahat\u00fc\u00fcpidele. Rikastastatud koostisega luksuslik \u00f6\u00f6kreem v\u00e4hendab efektiivselt vananemise m\u00e4rke ja leevendab p\u00e4evasel ajal tekkinud stressi ilminguid. Parandab naha niiskuse tasakaalu ja s\u00e4ilitab selle 24 tunniks.<br \/>\nHommikul on nahk s\u00e4rav ja n\u00f5tke ning vastupidav keskkonna m\u00f5jutusetele. Regulaarne kasutamine silub peeneid kortsukesi. Parabeenivaba. Dermatoloogiliselt testitud.<\/p>\n<p>Koostis:\u00a0Water (Aqua), Cetyl Alcohol, Glycerin, Isopropyl Myristate, Cetearyl Alcohol &amp; Cetearyl Glucoside,\u00a0Butylene Glycol &amp; Water &amp; Codium Tomentosum Extract, Cetearyl Ethylhexanoate, Propylene Glycol Dicaprylate\/Dicaprate, Butyrospermum Parkii (Shea) Butter, Castor Isostearate Succinate, Hydroxyethyl Urea, Arachidyl Alcohol &amp; Behenyl Alcohol &amp; Arachidyl Glucoside, Aqua &amp; Chondrus Cripus (Carrageenen) Extract, Caprylic\/Capric Triglyceride &amp; Alarbia Esculenta Extract, Phenyl Trimethicone, Theobroma Cacao (Cocoa) Seed Butter, Hydroxyethyl Acrylate\/Sodium Acryloyldimethyl Taurate Coplymer &amp; Isohexadecane &amp; Plankton Extract &amp; Arginine Ferulate, Fragrance (Parfum), Phenylpropanol, Allantoin, Triethanolamine, Disodium EDTA, Xanthan Gum, Tocopheryl Acetate, Bisabolol.<\/p><\/div>\n<p><!-- .vgblk-rw-wrapper --><\/p>\n","protected":false},"excerpt":{"rendered":"<p>GIGI Bioplasma \u00d6\u00f6kreem Supreme 50 ml<\/p>\n","protected":false},"featured_media":223,"comment_status":"open","ping_status":"closed","template":"","meta":[],"product_brand":[],"product_cat":[99,273,127,399],"product_tag":[460],"giftcard-category":[],"class_list":{"0":"post-1065","1":"product","2":"type-product","3":"status-publish","4":"has-post-thumbnail","6":"product_cat-gigi-et","7":"product_cat-bioplasma-et","8":"product_cat-ookreemid","9":"product_cat-ale","10":"product_tag-kosmeetika","12":"first","13":"instock","14":"taxable","15":"shipping-taxable","16":"purchasable","17":"product-type-simple"},"yoast_head":"<!-- This site is optimized with the Yoast SEO Premium plugin v25.1 (Yoast SEO v25.7) - https:\/\/yoast.com\/wordpress\/plugins\/seo\/ -->\n<title>GIGI Bioplasma \u00d6\u00f6kreem Supreme 50 ml ~ Dolores<\/title>\n<meta name=\"robots\" content=\"index, follow, max-snippet:-1, max-image-preview:large, max-video-preview:-1\" \/>\n<link rel=\"canonical\" href=\"https:\/\/dolores.ee\/lv\/toode\/gigi-bioplasma-ookreem-supreme-50-ml\/\" \/>\n<meta property=\"og:locale\" content=\"lv_LV\" \/>\n<meta property=\"og:type\" content=\"article\" \/>\n<meta property=\"og:title\" content=\"GIGI Bioplasma \u00d6\u00f6kreem Supreme 50 ml\" \/>\n<meta property=\"og:description\" content=\"GIGI Bioplasma \u00d6\u00f6kreem Supreme 50 ml\" \/>\n<meta property=\"og:url\" content=\"https:\/\/dolores.ee\/lv\/toode\/gigi-bioplasma-ookreem-supreme-50-ml\/\" \/>\n<meta property=\"og:site_name\" content=\"Dolores\" \/>\n<meta property=\"article:publisher\" content=\"https:\/\/www.facebook.com\/doloresepood\/\" \/>\n<meta property=\"article:modified_time\" content=\"2026-02-24T21:23:20+00:00\" \/>\n<meta property=\"og:image\" content=\"https:\/\/dolores.ee\/wp-content\/uploads\/2020\/08\/24036-Bioplasma-Night-Cream.jpg\" \/>\n\t<meta property=\"og:image:width\" content=\"450\" \/>\n\t<meta property=\"og:image:height\" content=\"600\" \/>\n\t<meta property=\"og:image:type\" content=\"image\/jpeg\" \/>\n<meta name=\"twitter:card\" content=\"summary_large_image\" \/>\n<meta name=\"twitter:label1\" content=\"Est. reading time\" \/>\n\t<meta name=\"twitter:data1\" content=\"1 minute\" \/>\n<script type=\"application\/ld+json\" class=\"yoast-schema-graph\">{\"@context\":\"https:\/\/schema.org\",\"@graph\":[{\"@type\":\"WebPage\",\"@id\":\"https:\/\/dolores.ee\/lv\/toode\/gigi-bioplasma-ookreem-supreme-50-ml\/\",\"url\":\"https:\/\/dolores.ee\/lv\/toode\/gigi-bioplasma-ookreem-supreme-50-ml\/\",\"name\":\"GIGI Bioplasma \u00d6\u00f6kreem Supreme 50 ml ~ Dolores\",\"isPartOf\":{\"@id\":\"https:\/\/dolores.ee\/lv\/#website\"},\"primaryImageOfPage\":{\"@id\":\"https:\/\/dolores.ee\/lv\/toode\/gigi-bioplasma-ookreem-supreme-50-ml\/#primaryimage\"},\"image\":{\"@id\":\"https:\/\/dolores.ee\/lv\/toode\/gigi-bioplasma-ookreem-supreme-50-ml\/#primaryimage\"},\"thumbnailUrl\":\"https:\/\/dolores.ee\/wp-content\/uploads\/2020\/08\/24036-Bioplasma-Night-Cream.jpg\",\"datePublished\":\"2020-08-11T07:37:53+00:00\",\"dateModified\":\"2026-02-24T21:23:20+00:00\",\"breadcrumb\":{\"@id\":\"https:\/\/dolores.ee\/lv\/toode\/gigi-bioplasma-ookreem-supreme-50-ml\/#breadcrumb\"},\"inLanguage\":\"lv-LV\",\"potentialAction\":[{\"@type\":\"ReadAction\",\"target\":[\"https:\/\/dolores.ee\/lv\/toode\/gigi-bioplasma-ookreem-supreme-50-ml\/\"]}]},{\"@type\":\"ImageObject\",\"inLanguage\":\"lv-LV\",\"@id\":\"https:\/\/dolores.ee\/lv\/toode\/gigi-bioplasma-ookreem-supreme-50-ml\/#primaryimage\",\"url\":\"https:\/\/dolores.ee\/wp-content\/uploads\/2020\/08\/24036-Bioplasma-Night-Cream.jpg\",\"contentUrl\":\"https:\/\/dolores.ee\/wp-content\/uploads\/2020\/08\/24036-Bioplasma-Night-Cream.jpg\",\"width\":450,\"height\":600},{\"@type\":\"BreadcrumbList\",\"@id\":\"https:\/\/dolores.ee\/lv\/toode\/gigi-bioplasma-ookreem-supreme-50-ml\/#breadcrumb\",\"itemListElement\":[{\"@type\":\"ListItem\",\"position\":1,\"name\":\"Home\",\"item\":\"https:\/\/dolores.ee\/lv\/\"},{\"@type\":\"ListItem\",\"position\":2,\"name\":\"E-veikals\",\"item\":\"https:\/\/dolores.ee\/lv\/e-veikals\/\"},{\"@type\":\"ListItem\",\"position\":3,\"name\":\"GIGI Bioplasma \u00d6\u00f6kreem Supreme 50 ml\"}]},{\"@type\":\"WebSite\",\"@id\":\"https:\/\/dolores.ee\/lv\/#website\",\"url\":\"https:\/\/dolores.ee\/lv\/\",\"name\":\"Dolores e-pood\",\"description\":\"Beauty Shop\",\"publisher\":{\"@id\":\"https:\/\/dolores.ee\/lv\/#organization\"},\"alternateName\":\"Dolores\",\"potentialAction\":[{\"@type\":\"SearchAction\",\"target\":{\"@type\":\"EntryPoint\",\"urlTemplate\":\"https:\/\/dolores.ee\/lv\/?s={search_term_string}\"},\"query-input\":{\"@type\":\"PropertyValueSpecification\",\"valueRequired\":true,\"valueName\":\"search_term_string\"}}],\"inLanguage\":\"lv-LV\"},{\"@type\":\"Organization\",\"@id\":\"https:\/\/dolores.ee\/lv\/#organization\",\"name\":\"Dolores O\u00dc\",\"alternateName\":\"Dolores e-pood\",\"url\":\"https:\/\/dolores.ee\/lv\/\",\"logo\":{\"@type\":\"ImageObject\",\"inLanguage\":\"lv-LV\",\"@id\":\"https:\/\/dolores.ee\/lv\/#\/schema\/logo\/image\/\",\"url\":\"https:\/\/dolores.ee\/wp-content\/uploads\/2025\/04\/logo-1.jpg\",\"contentUrl\":\"https:\/\/dolores.ee\/wp-content\/uploads\/2025\/04\/logo-1.jpg\",\"width\":1951,\"height\":660,\"caption\":\"Dolores O\u00dc\"},\"image\":{\"@id\":\"https:\/\/dolores.ee\/lv\/#\/schema\/logo\/image\/\"},\"sameAs\":[\"https:\/\/www.facebook.com\/doloresepood\/\"],\"description\":\"Dolores.ee on kaasaegne veebipood, kust leiad tuntud kaubam\u00e4rkide \u2013 GIGI, Anna Lotan, Hikari, Hlavin \u2013 originaalkosmeetikat. Pakume kvaliteetseid hooldustooteid taskukohaste hindadega ja kiire kohaletoimetamisega \u00fcle Eesti. Nahahooldus pole kunagi olnud nii lihtne ja soodne!\",\"email\":\"dolores@dolores.ee\",\"telephone\":\"372 644 2440\",\"legalName\":\"Dolores O\u00dc\",\"foundingDate\":\"1998-02-09\",\"vatID\":\"EE100050280\",\"numberOfEmployees\":{\"@type\":\"QuantitativeValue\",\"minValue\":\"11\",\"maxValue\":\"50\"}}]}<\/script>\n<!-- \/ Yoast SEO Premium plugin. -->","yoast_head_json":{"title":"GIGI Bioplasma \u00d6\u00f6kreem Supreme 50 ml ~ Dolores","robots":{"index":"index","follow":"follow","max-snippet":"max-snippet:-1","max-image-preview":"max-image-preview:large","max-video-preview":"max-video-preview:-1"},"canonical":"https:\/\/dolores.ee\/lv\/toode\/gigi-bioplasma-ookreem-supreme-50-ml\/","og_locale":"lv_LV","og_type":"article","og_title":"GIGI Bioplasma \u00d6\u00f6kreem Supreme 50 ml","og_description":"GIGI Bioplasma \u00d6\u00f6kreem Supreme 50 ml","og_url":"https:\/\/dolores.ee\/lv\/toode\/gigi-bioplasma-ookreem-supreme-50-ml\/","og_site_name":"Dolores","article_publisher":"https:\/\/www.facebook.com\/doloresepood\/","article_modified_time":"2026-02-24T21:23:20+00:00","og_image":[{"width":450,"height":600,"url":"https:\/\/dolores.ee\/wp-content\/uploads\/2020\/08\/24036-Bioplasma-Night-Cream.jpg","type":"image\/jpeg"}],"twitter_card":"summary_large_image","twitter_misc":{"Est. reading time":"1 minute"},"schema":{"@context":"https:\/\/schema.org","@graph":[{"@type":"WebPage","@id":"https:\/\/dolores.ee\/lv\/toode\/gigi-bioplasma-ookreem-supreme-50-ml\/","url":"https:\/\/dolores.ee\/lv\/toode\/gigi-bioplasma-ookreem-supreme-50-ml\/","name":"GIGI Bioplasma \u00d6\u00f6kreem Supreme 50 ml ~ Dolores","isPartOf":{"@id":"https:\/\/dolores.ee\/lv\/#website"},"primaryImageOfPage":{"@id":"https:\/\/dolores.ee\/lv\/toode\/gigi-bioplasma-ookreem-supreme-50-ml\/#primaryimage"},"image":{"@id":"https:\/\/dolores.ee\/lv\/toode\/gigi-bioplasma-ookreem-supreme-50-ml\/#primaryimage"},"thumbnailUrl":"https:\/\/dolores.ee\/wp-content\/uploads\/2020\/08\/24036-Bioplasma-Night-Cream.jpg","datePublished":"2020-08-11T07:37:53+00:00","dateModified":"2026-02-24T21:23:20+00:00","breadcrumb":{"@id":"https:\/\/dolores.ee\/lv\/toode\/gigi-bioplasma-ookreem-supreme-50-ml\/#breadcrumb"},"inLanguage":"lv-LV","potentialAction":[{"@type":"ReadAction","target":["https:\/\/dolores.ee\/lv\/toode\/gigi-bioplasma-ookreem-supreme-50-ml\/"]}]},{"@type":"ImageObject","inLanguage":"lv-LV","@id":"https:\/\/dolores.ee\/lv\/toode\/gigi-bioplasma-ookreem-supreme-50-ml\/#primaryimage","url":"https:\/\/dolores.ee\/wp-content\/uploads\/2020\/08\/24036-Bioplasma-Night-Cream.jpg","contentUrl":"https:\/\/dolores.ee\/wp-content\/uploads\/2020\/08\/24036-Bioplasma-Night-Cream.jpg","width":450,"height":600},{"@type":"BreadcrumbList","@id":"https:\/\/dolores.ee\/lv\/toode\/gigi-bioplasma-ookreem-supreme-50-ml\/#breadcrumb","itemListElement":[{"@type":"ListItem","position":1,"name":"Home","item":"https:\/\/dolores.ee\/lv\/"},{"@type":"ListItem","position":2,"name":"E-veikals","item":"https:\/\/dolores.ee\/lv\/e-veikals\/"},{"@type":"ListItem","position":3,"name":"GIGI Bioplasma \u00d6\u00f6kreem Supreme 50 ml"}]},{"@type":"WebSite","@id":"https:\/\/dolores.ee\/lv\/#website","url":"https:\/\/dolores.ee\/lv\/","name":"Dolores e-pood","description":"Beauty Shop","publisher":{"@id":"https:\/\/dolores.ee\/lv\/#organization"},"alternateName":"Dolores","potentialAction":[{"@type":"SearchAction","target":{"@type":"EntryPoint","urlTemplate":"https:\/\/dolores.ee\/lv\/?s={search_term_string}"},"query-input":{"@type":"PropertyValueSpecification","valueRequired":true,"valueName":"search_term_string"}}],"inLanguage":"lv-LV"},{"@type":"Organization","@id":"https:\/\/dolores.ee\/lv\/#organization","name":"Dolores O\u00dc","alternateName":"Dolores e-pood","url":"https:\/\/dolores.ee\/lv\/","logo":{"@type":"ImageObject","inLanguage":"lv-LV","@id":"https:\/\/dolores.ee\/lv\/#\/schema\/logo\/image\/","url":"https:\/\/dolores.ee\/wp-content\/uploads\/2025\/04\/logo-1.jpg","contentUrl":"https:\/\/dolores.ee\/wp-content\/uploads\/2025\/04\/logo-1.jpg","width":1951,"height":660,"caption":"Dolores O\u00dc"},"image":{"@id":"https:\/\/dolores.ee\/lv\/#\/schema\/logo\/image\/"},"sameAs":["https:\/\/www.facebook.com\/doloresepood\/"],"description":"Dolores.ee on kaasaegne veebipood, kust leiad tuntud kaubam\u00e4rkide \u2013 GIGI, Anna Lotan, Hikari, Hlavin \u2013 originaalkosmeetikat. Pakume kvaliteetseid hooldustooteid taskukohaste hindadega ja kiire kohaletoimetamisega \u00fcle Eesti. Nahahooldus pole kunagi olnud nii lihtne ja soodne!","email":"dolores@dolores.ee","telephone":"372 644 2440","legalName":"Dolores O\u00dc","foundingDate":"1998-02-09","vatID":"EE100050280","numberOfEmployees":{"@type":"QuantitativeValue","minValue":"11","maxValue":"50"}}]}},"_links":{"self":[{"href":"https:\/\/dolores.ee\/lv\/wp-json\/wp\/v2\/product\/1065","targetHints":{"allow":["GET"]}}],"collection":[{"href":"https:\/\/dolores.ee\/lv\/wp-json\/wp\/v2\/product"}],"about":[{"href":"https:\/\/dolores.ee\/lv\/wp-json\/wp\/v2\/types\/product"}],"replies":[{"embeddable":true,"href":"https:\/\/dolores.ee\/lv\/wp-json\/wp\/v2\/comments?post=1065"}],"version-history":[{"count":0,"href":"https:\/\/dolores.ee\/lv\/wp-json\/wp\/v2\/product\/1065\/revisions"}],"wp:featuredmedia":[{"embeddable":true,"href":"https:\/\/dolores.ee\/lv\/wp-json\/wp\/v2\/media\/223"}],"wp:attachment":[{"href":"https:\/\/dolores.ee\/lv\/wp-json\/wp\/v2\/media?parent=1065"}],"wp:term":[{"taxonomy":"product_brand","embeddable":true,"href":"https:\/\/dolores.ee\/lv\/wp-json\/wp\/v2\/product_brand?post=1065"},{"taxonomy":"product_cat","embeddable":true,"href":"https:\/\/dolores.ee\/lv\/wp-json\/wp\/v2\/product_cat?post=1065"},{"taxonomy":"product_tag","embeddable":true,"href":"https:\/\/dolores.ee\/lv\/wp-json\/wp\/v2\/product_tag?post=1065"},{"taxonomy":"giftcard-category","embeddable":true,"href":"https:\/\/dolores.ee\/lv\/wp-json\/wp\/v2\/giftcard-category?post=1065"}],"curies":[{"name":"wp","href":"https:\/\/api.w.org\/{rel}","templated":true}]}}