{"id":1073,"date":"2020-08-13T12:58:09","date_gmt":"2020-08-11T07:37:57","guid":{"rendered":"https:\/\/dolores.ee\/product\/gigi-recovery-prepost-paevakreem-spf-30-50-ml\/"},"modified":"2026-04-07T11:17:44","modified_gmt":"2026-04-07T08:17:44","slug":"gigi-recovery-prepost-paevakreem-spf-30-50-ml","status":"publish","type":"product","link":"https:\/\/dolores.ee\/lv\/toode\/gigi-recovery-prepost-paevakreem-spf-30-50-ml\/","title":{"rendered":"GIGI Recovery P\u00e4evakreem  SPF 30 50 ml"},"content":{"rendered":"<div class=\"vgblk-rw-wrapper limit-wrapper\">Niisutav ja rahustav p\u00e4evakreem p\u00e4ikesekaitsefaktoriga SPF 30\u00a0aitab t\u00e4ielikult neutraliseerida \u00a0UVA\/UVB kiirte kahjuliku m\u00f5ju. Rahustab tundlikku nahka ja suurendab naha kaitsev\u00f5imet keskkonna kahjulike tegurite eest. T\u00e4ielikult allergivaba koostis.\u00a0Recovery liin on spetsiaalselt v\u00e4lja t\u00f6\u00f6deldud, et valmistada nahka ette \u00a0iluoperatsioonideks, laserprotseduurideks, ilus\u00fcstideks ja keemiliste peelinguteks ja ka protseduuride j\u00e4rgseks naha taastamiseks.<br \/>\nKoostis: Water (Aqua), Ethylhexyl Methoxycinnamate, Octocrylene, Benzophenone 3, Methylsilanol, Hydroxyproline Aspartate, Ethylhexyl Salicylate, C12-15 Alkyl Benzoate, Glycerin ,Butyl Methoxydibenzoylmethane, Malus Domestica Fruit Cell Culture Extract, Petasites Japonicus, Root Extract, Glyceryl Stearate, Potassium Cetyl Phosphate, Hydrogenated Polydecene, Saccharomyces Lysate Extract, Titanium Dioxide, Sodium Acrylate\/Sodium Acryloyldimethyl, Taurate Copolymer, PEG 100 Stearate, Phenoxyethanol, Sorbitan Laurate, Fragrance, Parfum)Dipotassium Glycyrrhizate), Bisabolol, Butyrospermum Parkii (Shea Butter(, Caprylyl Glycol, Chlorphenesin, Lecithin, Disodium EDTA, Trideceth-6, Tocopherol, Ascorbyl Palmitate, Xanthan Gum.<\/div>\n<p><!-- .vgblk-rw-wrapper --><\/p>\n","protected":false},"excerpt":{"rendered":"<p>GIGI Recovery Pre&amp;Post P\u00e4evakreem SPF 30 50 ml<\/p>\n","protected":false},"featured_media":242,"comment_status":"open","ping_status":"closed","template":"","meta":[],"product_brand":[],"product_cat":[782,99,283,135,89,212,399,464],"product_tag":[460],"giftcard-category":[],"class_list":{"0":"post-1073","1":"product","2":"type-product","3":"status-publish","4":"has-post-thumbnail","6":"product_cat-kevadine-nahahooldus","7":"product_cat-gigi-et","8":"product_cat-recovery-et","9":"product_cat-2-naohooldus","10":"product_cat-paevakreemid","11":"product_cat-paikesekaitse","12":"product_cat-ale","13":"product_cat-niisutavad-tooted","14":"product_tag-kosmeetika","16":"first","17":"instock","18":"taxable","19":"shipping-taxable","20":"purchasable","21":"product-type-simple"},"yoast_head":"<!-- This site is optimized with the Yoast SEO Premium plugin v25.1 (Yoast SEO v25.7) - https:\/\/yoast.com\/wordpress\/plugins\/seo\/ -->\n<title>GIGI Recovery P\u00e4evakreem SPF 30 50 ml ~ Dolores<\/title>\n<meta name=\"robots\" content=\"index, follow, max-snippet:-1, max-image-preview:large, max-video-preview:-1\" \/>\n<link rel=\"canonical\" href=\"https:\/\/dolores.ee\/lv\/toode\/gigi-recovery-prepost-paevakreem-spf-30-50-ml\/\" \/>\n<meta property=\"og:locale\" content=\"lv_LV\" \/>\n<meta property=\"og:type\" content=\"article\" \/>\n<meta property=\"og:title\" content=\"GIGI Recovery P\u00e4evakreem SPF 30 50 ml\" \/>\n<meta property=\"og:description\" content=\"GIGI Recovery Pre&amp;Post P\u00e4evakreem SPF 30 50 ml\" \/>\n<meta property=\"og:url\" content=\"https:\/\/dolores.ee\/lv\/toode\/gigi-recovery-prepost-paevakreem-spf-30-50-ml\/\" \/>\n<meta property=\"og:site_name\" content=\"Dolores\" \/>\n<meta property=\"article:publisher\" content=\"https:\/\/www.facebook.com\/doloresepood\/\" \/>\n<meta property=\"article:modified_time\" content=\"2026-04-07T08:17:44+00:00\" \/>\n<meta property=\"og:image\" content=\"https:\/\/dolores.ee\/wp-content\/uploads\/2025\/05\/seo.jpg\" \/>\n\t<meta property=\"og:image:width\" content=\"1200\" \/>\n\t<meta property=\"og:image:height\" content=\"675\" \/>\n\t<meta property=\"og:image:type\" content=\"image\/jpeg\" \/>\n<meta name=\"twitter:card\" content=\"summary_large_image\" \/>\n<meta name=\"twitter:label1\" content=\"Est. reading time\" \/>\n\t<meta name=\"twitter:data1\" content=\"1 minute\" \/>\n<script type=\"application\/ld+json\" class=\"yoast-schema-graph\">{\"@context\":\"https:\/\/schema.org\",\"@graph\":[{\"@type\":\"WebPage\",\"@id\":\"https:\/\/dolores.ee\/lv\/toode\/gigi-recovery-prepost-paevakreem-spf-30-50-ml\/\",\"url\":\"https:\/\/dolores.ee\/lv\/toode\/gigi-recovery-prepost-paevakreem-spf-30-50-ml\/\",\"name\":\"GIGI Recovery P\u00e4evakreem SPF 30 50 ml ~ Dolores\",\"isPartOf\":{\"@id\":\"https:\/\/dolores.ee\/lv\/#website\"},\"primaryImageOfPage\":{\"@id\":\"https:\/\/dolores.ee\/lv\/toode\/gigi-recovery-prepost-paevakreem-spf-30-50-ml\/#primaryimage\"},\"image\":{\"@id\":\"https:\/\/dolores.ee\/lv\/toode\/gigi-recovery-prepost-paevakreem-spf-30-50-ml\/#primaryimage\"},\"thumbnailUrl\":\"https:\/\/dolores.ee\/wp-content\/uploads\/2020\/08\/T2eC16FygE9s7HHhD0BRwKV-ImUg60_35.jpg\",\"datePublished\":\"2020-08-11T07:37:57+00:00\",\"dateModified\":\"2026-04-07T08:17:44+00:00\",\"breadcrumb\":{\"@id\":\"https:\/\/dolores.ee\/lv\/toode\/gigi-recovery-prepost-paevakreem-spf-30-50-ml\/#breadcrumb\"},\"inLanguage\":\"lv-LV\",\"potentialAction\":[{\"@type\":\"ReadAction\",\"target\":[\"https:\/\/dolores.ee\/lv\/toode\/gigi-recovery-prepost-paevakreem-spf-30-50-ml\/\"]}]},{\"@type\":\"ImageObject\",\"inLanguage\":\"lv-LV\",\"@id\":\"https:\/\/dolores.ee\/lv\/toode\/gigi-recovery-prepost-paevakreem-spf-30-50-ml\/#primaryimage\",\"url\":\"https:\/\/dolores.ee\/wp-content\/uploads\/2020\/08\/T2eC16FygE9s7HHhD0BRwKV-ImUg60_35.jpg\",\"contentUrl\":\"https:\/\/dolores.ee\/wp-content\/uploads\/2020\/08\/T2eC16FygE9s7HHhD0BRwKV-ImUg60_35.jpg\",\"width\":300,\"height\":300},{\"@type\":\"BreadcrumbList\",\"@id\":\"https:\/\/dolores.ee\/lv\/toode\/gigi-recovery-prepost-paevakreem-spf-30-50-ml\/#breadcrumb\",\"itemListElement\":[{\"@type\":\"ListItem\",\"position\":1,\"name\":\"Home\",\"item\":\"https:\/\/dolores.ee\/lv\/\"},{\"@type\":\"ListItem\",\"position\":2,\"name\":\"E-veikals\",\"item\":\"https:\/\/dolores.ee\/lv\/e-veikals\/\"},{\"@type\":\"ListItem\",\"position\":3,\"name\":\"GIGI Recovery P\u00e4evakreem SPF 30 50 ml\"}]},{\"@type\":\"WebSite\",\"@id\":\"https:\/\/dolores.ee\/lv\/#website\",\"url\":\"https:\/\/dolores.ee\/lv\/\",\"name\":\"Dolores e-pood\",\"description\":\"Beauty Shop\",\"publisher\":{\"@id\":\"https:\/\/dolores.ee\/lv\/#organization\"},\"alternateName\":\"Dolores\",\"potentialAction\":[{\"@type\":\"SearchAction\",\"target\":{\"@type\":\"EntryPoint\",\"urlTemplate\":\"https:\/\/dolores.ee\/lv\/?s={search_term_string}\"},\"query-input\":{\"@type\":\"PropertyValueSpecification\",\"valueRequired\":true,\"valueName\":\"search_term_string\"}}],\"inLanguage\":\"lv-LV\"},{\"@type\":\"Organization\",\"@id\":\"https:\/\/dolores.ee\/lv\/#organization\",\"name\":\"Dolores O\u00dc\",\"alternateName\":\"Dolores e-pood\",\"url\":\"https:\/\/dolores.ee\/lv\/\",\"logo\":{\"@type\":\"ImageObject\",\"inLanguage\":\"lv-LV\",\"@id\":\"https:\/\/dolores.ee\/lv\/#\/schema\/logo\/image\/\",\"url\":\"https:\/\/dolores.ee\/wp-content\/uploads\/2025\/04\/logo-1.jpg\",\"contentUrl\":\"https:\/\/dolores.ee\/wp-content\/uploads\/2025\/04\/logo-1.jpg\",\"width\":1951,\"height\":660,\"caption\":\"Dolores O\u00dc\"},\"image\":{\"@id\":\"https:\/\/dolores.ee\/lv\/#\/schema\/logo\/image\/\"},\"sameAs\":[\"https:\/\/www.facebook.com\/doloresepood\/\"],\"description\":\"Dolores.ee on kaasaegne veebipood, kust leiad tuntud kaubam\u00e4rkide \u2013 GIGI, Anna Lotan, Hikari, Hlavin \u2013 originaalkosmeetikat. Pakume kvaliteetseid hooldustooteid taskukohaste hindadega ja kiire kohaletoimetamisega \u00fcle Eesti. Nahahooldus pole kunagi olnud nii lihtne ja soodne!\",\"email\":\"dolores@dolores.ee\",\"telephone\":\"372 644 2440\",\"legalName\":\"Dolores O\u00dc\",\"foundingDate\":\"1998-02-09\",\"vatID\":\"EE100050280\",\"numberOfEmployees\":{\"@type\":\"QuantitativeValue\",\"minValue\":\"11\",\"maxValue\":\"50\"}}]}<\/script>\n<!-- \/ Yoast SEO Premium plugin. -->","yoast_head_json":{"title":"GIGI Recovery P\u00e4evakreem SPF 30 50 ml ~ Dolores","robots":{"index":"index","follow":"follow","max-snippet":"max-snippet:-1","max-image-preview":"max-image-preview:large","max-video-preview":"max-video-preview:-1"},"canonical":"https:\/\/dolores.ee\/lv\/toode\/gigi-recovery-prepost-paevakreem-spf-30-50-ml\/","og_locale":"lv_LV","og_type":"article","og_title":"GIGI Recovery P\u00e4evakreem SPF 30 50 ml","og_description":"GIGI Recovery Pre&amp;Post P\u00e4evakreem SPF 30 50 ml","og_url":"https:\/\/dolores.ee\/lv\/toode\/gigi-recovery-prepost-paevakreem-spf-30-50-ml\/","og_site_name":"Dolores","article_publisher":"https:\/\/www.facebook.com\/doloresepood\/","article_modified_time":"2026-04-07T08:17:44+00:00","og_image":[{"width":1200,"height":675,"url":"https:\/\/dolores.ee\/wp-content\/uploads\/2025\/05\/seo.jpg","type":"image\/jpeg"}],"twitter_card":"summary_large_image","twitter_misc":{"Est. reading time":"1 minute"},"schema":{"@context":"https:\/\/schema.org","@graph":[{"@type":"WebPage","@id":"https:\/\/dolores.ee\/lv\/toode\/gigi-recovery-prepost-paevakreem-spf-30-50-ml\/","url":"https:\/\/dolores.ee\/lv\/toode\/gigi-recovery-prepost-paevakreem-spf-30-50-ml\/","name":"GIGI Recovery P\u00e4evakreem SPF 30 50 ml ~ Dolores","isPartOf":{"@id":"https:\/\/dolores.ee\/lv\/#website"},"primaryImageOfPage":{"@id":"https:\/\/dolores.ee\/lv\/toode\/gigi-recovery-prepost-paevakreem-spf-30-50-ml\/#primaryimage"},"image":{"@id":"https:\/\/dolores.ee\/lv\/toode\/gigi-recovery-prepost-paevakreem-spf-30-50-ml\/#primaryimage"},"thumbnailUrl":"https:\/\/dolores.ee\/wp-content\/uploads\/2020\/08\/T2eC16FygE9s7HHhD0BRwKV-ImUg60_35.jpg","datePublished":"2020-08-11T07:37:57+00:00","dateModified":"2026-04-07T08:17:44+00:00","breadcrumb":{"@id":"https:\/\/dolores.ee\/lv\/toode\/gigi-recovery-prepost-paevakreem-spf-30-50-ml\/#breadcrumb"},"inLanguage":"lv-LV","potentialAction":[{"@type":"ReadAction","target":["https:\/\/dolores.ee\/lv\/toode\/gigi-recovery-prepost-paevakreem-spf-30-50-ml\/"]}]},{"@type":"ImageObject","inLanguage":"lv-LV","@id":"https:\/\/dolores.ee\/lv\/toode\/gigi-recovery-prepost-paevakreem-spf-30-50-ml\/#primaryimage","url":"https:\/\/dolores.ee\/wp-content\/uploads\/2020\/08\/T2eC16FygE9s7HHhD0BRwKV-ImUg60_35.jpg","contentUrl":"https:\/\/dolores.ee\/wp-content\/uploads\/2020\/08\/T2eC16FygE9s7HHhD0BRwKV-ImUg60_35.jpg","width":300,"height":300},{"@type":"BreadcrumbList","@id":"https:\/\/dolores.ee\/lv\/toode\/gigi-recovery-prepost-paevakreem-spf-30-50-ml\/#breadcrumb","itemListElement":[{"@type":"ListItem","position":1,"name":"Home","item":"https:\/\/dolores.ee\/lv\/"},{"@type":"ListItem","position":2,"name":"E-veikals","item":"https:\/\/dolores.ee\/lv\/e-veikals\/"},{"@type":"ListItem","position":3,"name":"GIGI Recovery P\u00e4evakreem SPF 30 50 ml"}]},{"@type":"WebSite","@id":"https:\/\/dolores.ee\/lv\/#website","url":"https:\/\/dolores.ee\/lv\/","name":"Dolores e-pood","description":"Beauty Shop","publisher":{"@id":"https:\/\/dolores.ee\/lv\/#organization"},"alternateName":"Dolores","potentialAction":[{"@type":"SearchAction","target":{"@type":"EntryPoint","urlTemplate":"https:\/\/dolores.ee\/lv\/?s={search_term_string}"},"query-input":{"@type":"PropertyValueSpecification","valueRequired":true,"valueName":"search_term_string"}}],"inLanguage":"lv-LV"},{"@type":"Organization","@id":"https:\/\/dolores.ee\/lv\/#organization","name":"Dolores O\u00dc","alternateName":"Dolores e-pood","url":"https:\/\/dolores.ee\/lv\/","logo":{"@type":"ImageObject","inLanguage":"lv-LV","@id":"https:\/\/dolores.ee\/lv\/#\/schema\/logo\/image\/","url":"https:\/\/dolores.ee\/wp-content\/uploads\/2025\/04\/logo-1.jpg","contentUrl":"https:\/\/dolores.ee\/wp-content\/uploads\/2025\/04\/logo-1.jpg","width":1951,"height":660,"caption":"Dolores O\u00dc"},"image":{"@id":"https:\/\/dolores.ee\/lv\/#\/schema\/logo\/image\/"},"sameAs":["https:\/\/www.facebook.com\/doloresepood\/"],"description":"Dolores.ee on kaasaegne veebipood, kust leiad tuntud kaubam\u00e4rkide \u2013 GIGI, Anna Lotan, Hikari, Hlavin \u2013 originaalkosmeetikat. Pakume kvaliteetseid hooldustooteid taskukohaste hindadega ja kiire kohaletoimetamisega \u00fcle Eesti. Nahahooldus pole kunagi olnud nii lihtne ja soodne!","email":"dolores@dolores.ee","telephone":"372 644 2440","legalName":"Dolores O\u00dc","foundingDate":"1998-02-09","vatID":"EE100050280","numberOfEmployees":{"@type":"QuantitativeValue","minValue":"11","maxValue":"50"}}]}},"_links":{"self":[{"href":"https:\/\/dolores.ee\/lv\/wp-json\/wp\/v2\/product\/1073","targetHints":{"allow":["GET"]}}],"collection":[{"href":"https:\/\/dolores.ee\/lv\/wp-json\/wp\/v2\/product"}],"about":[{"href":"https:\/\/dolores.ee\/lv\/wp-json\/wp\/v2\/types\/product"}],"replies":[{"embeddable":true,"href":"https:\/\/dolores.ee\/lv\/wp-json\/wp\/v2\/comments?post=1073"}],"version-history":[{"count":0,"href":"https:\/\/dolores.ee\/lv\/wp-json\/wp\/v2\/product\/1073\/revisions"}],"wp:featuredmedia":[{"embeddable":true,"href":"https:\/\/dolores.ee\/lv\/wp-json\/wp\/v2\/media\/242"}],"wp:attachment":[{"href":"https:\/\/dolores.ee\/lv\/wp-json\/wp\/v2\/media?parent=1073"}],"wp:term":[{"taxonomy":"product_brand","embeddable":true,"href":"https:\/\/dolores.ee\/lv\/wp-json\/wp\/v2\/product_brand?post=1073"},{"taxonomy":"product_cat","embeddable":true,"href":"https:\/\/dolores.ee\/lv\/wp-json\/wp\/v2\/product_cat?post=1073"},{"taxonomy":"product_tag","embeddable":true,"href":"https:\/\/dolores.ee\/lv\/wp-json\/wp\/v2\/product_tag?post=1073"},{"taxonomy":"giftcard-category","embeddable":true,"href":"https:\/\/dolores.ee\/lv\/wp-json\/wp\/v2\/giftcard-category?post=1073"}],"curies":[{"name":"wp","href":"https:\/\/api.w.org\/{rel}","templated":true}]}}