{"id":1075,"date":"2020-08-13T12:58:11","date_gmt":"2020-08-11T07:37:59","guid":{"rendered":"https:\/\/dolores.ee\/product\/gigi-acnon-smoothing-facial-cleanser-100-ml\/"},"modified":"2026-04-06T12:11:04","modified_gmt":"2026-04-06T09:11:04","slug":"gigi-acnon-smoothing-facial-cleanser-100-ml","status":"publish","type":"product","link":"https:\/\/dolores.ee\/lv\/toode\/gigi-acnon-smoothing-facial-cleanser-100-ml\/","title":{"rendered":"GIGI ACNON Smoothing Facial Cleanser 100 ml"},"content":{"rendered":"<div class=\"vgblk-rw-wrapper limit-wrapper\">V\u00e4rskendav ja nahka puhastav n\u00e4oseep. Aktiivained neutraliseerivad aknet tekitavaid baktereid ja rahustavad kuiva nahka. Biomimeetiline peptiid ergutab raku taastumisprotsessi ning stabiilne A-vitamiini derivaat aitab ennetada vistrike teket. Puhastab t\u00f5husalt ja p\u00f5hjalikult nahka ilma seda kuivatamata. Aitab tundideks s\u00e4ilitada v\u00e4rsket v\u00e4limust ja ennetab liigsest rasueritusest tingitud nahal\u00e4ikimist.<br \/>\nKasutamine:\u00a0Masseerige hommikuti ja \u00f5htuti niiskele n\u00e4onahale, loputage hoolikalt ja kuivatage. Seej\u00e4rel kasutage v\u00e4rskendavat toonikut ja kandke nahale Acnon Treatment Emulsioni.<br \/>\nEI TEKITA KOMEDOONE\/\u00a0DERMATOLOOGILISELT TESTITUD\/KAITSTUD PATENDIGA<br \/>\nNB!\u00a0Retinoide sisaldavad kosmeetilised preparaadid aitavad v\u00e4hendada akneilminguid, kuid ravi algfaasis v\u00f5ivad ilmneda naha ketendus, \u00e4rritus ja punetus. K\u00f5rvaln\u00e4htude kestus v\u00f5ib ulatuda kuni \u00fche kuuni alates ravi algusest, kui nahk kohaneb retinoidide kasutamisega. Aknevastases sarjas AKNON on k\u00fcll kasutatud uue p\u00f5lvkonna granaktiivset retinooli, kuid see ei v\u00e4lista t\u00e4ielikult\u00a0 k\u00f5rvaln\u00e4htude tekkimise v\u00f5imalust, eriti f\u00fc\u00fcsilise koormuse koormuse korral, mis aktiveerib retinoidide toimet nahas.\u00a0K\u00f5ige t\u00f5en\u00e4olisem on k\u00f5rvaln\u00e4htude ilmnemise v\u00f5imalus nendel klientidel, kelle elustiiliga kaasneb igap\u00e4evane f\u00fc\u00fcsiline koormus v\u00f5i kellele on omane liighigistamine. Eeldada v\u00f5ib seda aga ka liiga kuiva sarvkihi korral. Esmaj\u00e4rjekorras v\u00f5ib siis pakkuda NMFs\u00fc gavniisutavatkarboks\u00fcteraapiat\u00a0karboks\u00fcteraapiat.\u00a0<br \/>\nKoostis:\u00a0Water, Disodium PEG-12 Dimethicone Sulfosuccinate, Tridecyl Stearate&#038;Neopentyl Glycol Dicaprate, Propylene Glycol, Magnesium Aluminum Silicate, Sorbitol, Sodium Hyaluronate.<br \/>\n\u00a0<\/div>\n<p><!-- .vgblk-rw-wrapper --><\/p>\n","protected":false},"excerpt":{"rendered":"<p>GIGI ACNON Smoothing Facial Cleanser 100 ml<\/p>\n","protected":false},"featured_media":251,"comment_status":"open","ping_status":"closed","template":"","meta":[],"product_brand":[],"product_cat":[99,271,135,85,399],"product_tag":[460],"giftcard-category":[],"class_list":{"0":"post-1075","1":"product","2":"type-product","3":"status-publish","4":"has-post-thumbnail","6":"product_cat-gigi-et","7":"product_cat-acnon-et","8":"product_cat-2-naohooldus","9":"product_cat-puhastus","10":"product_cat-ale","11":"product_tag-kosmeetika","13":"first","14":"instock","15":"taxable","16":"shipping-taxable","17":"purchasable","18":"product-type-simple"},"yoast_head":"<!-- This site is optimized with the Yoast SEO Premium plugin v25.1 (Yoast SEO v25.7) - https:\/\/yoast.com\/wordpress\/plugins\/seo\/ -->\n<title>GIGI ACNON Smoothing Facial Cleanser 100 ml ~ Dolores<\/title>\n<meta name=\"robots\" content=\"index, follow, max-snippet:-1, max-image-preview:large, max-video-preview:-1\" \/>\n<link rel=\"canonical\" href=\"https:\/\/dolores.ee\/lv\/toode\/gigi-acnon-smoothing-facial-cleanser-100-ml\/\" \/>\n<meta property=\"og:locale\" content=\"lv_LV\" \/>\n<meta property=\"og:type\" content=\"article\" \/>\n<meta property=\"og:title\" content=\"GIGI ACNON Smoothing Facial Cleanser 100 ml\" \/>\n<meta property=\"og:description\" content=\"GIGI ACNON Smoothing Facial Cleanser 100 ml\" \/>\n<meta property=\"og:url\" content=\"https:\/\/dolores.ee\/lv\/toode\/gigi-acnon-smoothing-facial-cleanser-100-ml\/\" \/>\n<meta property=\"og:site_name\" content=\"Dolores\" \/>\n<meta property=\"article:publisher\" content=\"https:\/\/www.facebook.com\/doloresepood\/\" \/>\n<meta property=\"article:modified_time\" content=\"2026-04-06T09:11:04+00:00\" \/>\n<meta property=\"og:image\" content=\"https:\/\/dolores.ee\/wp-content\/uploads\/2020\/08\/gigi_acnon_smoothing_facial_cleanser_mylo_dlya_glubokogo_ochiweniya_100ml.jpg\" \/>\n\t<meta property=\"og:image:width\" content=\"450\" \/>\n\t<meta property=\"og:image:height\" content=\"600\" \/>\n\t<meta property=\"og:image:type\" content=\"image\/jpeg\" \/>\n<meta name=\"twitter:card\" content=\"summary_large_image\" \/>\n<meta name=\"twitter:label1\" content=\"Est. reading time\" \/>\n\t<meta name=\"twitter:data1\" content=\"1 minute\" \/>\n<script type=\"application\/ld+json\" class=\"yoast-schema-graph\">{\"@context\":\"https:\/\/schema.org\",\"@graph\":[{\"@type\":\"WebPage\",\"@id\":\"https:\/\/dolores.ee\/lv\/toode\/gigi-acnon-smoothing-facial-cleanser-100-ml\/\",\"url\":\"https:\/\/dolores.ee\/lv\/toode\/gigi-acnon-smoothing-facial-cleanser-100-ml\/\",\"name\":\"GIGI ACNON Smoothing Facial Cleanser 100 ml ~ Dolores\",\"isPartOf\":{\"@id\":\"https:\/\/dolores.ee\/lv\/#website\"},\"primaryImageOfPage\":{\"@id\":\"https:\/\/dolores.ee\/lv\/toode\/gigi-acnon-smoothing-facial-cleanser-100-ml\/#primaryimage\"},\"image\":{\"@id\":\"https:\/\/dolores.ee\/lv\/toode\/gigi-acnon-smoothing-facial-cleanser-100-ml\/#primaryimage\"},\"thumbnailUrl\":\"https:\/\/dolores.ee\/wp-content\/uploads\/2020\/08\/gigi_acnon_smoothing_facial_cleanser_mylo_dlya_glubokogo_ochiweniya_100ml.jpg\",\"datePublished\":\"2020-08-11T07:37:59+00:00\",\"dateModified\":\"2026-04-06T09:11:04+00:00\",\"breadcrumb\":{\"@id\":\"https:\/\/dolores.ee\/lv\/toode\/gigi-acnon-smoothing-facial-cleanser-100-ml\/#breadcrumb\"},\"inLanguage\":\"lv-LV\",\"potentialAction\":[{\"@type\":\"ReadAction\",\"target\":[\"https:\/\/dolores.ee\/lv\/toode\/gigi-acnon-smoothing-facial-cleanser-100-ml\/\"]}]},{\"@type\":\"ImageObject\",\"inLanguage\":\"lv-LV\",\"@id\":\"https:\/\/dolores.ee\/lv\/toode\/gigi-acnon-smoothing-facial-cleanser-100-ml\/#primaryimage\",\"url\":\"https:\/\/dolores.ee\/wp-content\/uploads\/2020\/08\/gigi_acnon_smoothing_facial_cleanser_mylo_dlya_glubokogo_ochiweniya_100ml.jpg\",\"contentUrl\":\"https:\/\/dolores.ee\/wp-content\/uploads\/2020\/08\/gigi_acnon_smoothing_facial_cleanser_mylo_dlya_glubokogo_ochiweniya_100ml.jpg\",\"width\":450,\"height\":600},{\"@type\":\"BreadcrumbList\",\"@id\":\"https:\/\/dolores.ee\/lv\/toode\/gigi-acnon-smoothing-facial-cleanser-100-ml\/#breadcrumb\",\"itemListElement\":[{\"@type\":\"ListItem\",\"position\":1,\"name\":\"Home\",\"item\":\"https:\/\/dolores.ee\/lv\/\"},{\"@type\":\"ListItem\",\"position\":2,\"name\":\"E-veikals\",\"item\":\"https:\/\/dolores.ee\/lv\/e-veikals\/\"},{\"@type\":\"ListItem\",\"position\":3,\"name\":\"GIGI ACNON Smoothing Facial Cleanser 100 ml\"}]},{\"@type\":\"WebSite\",\"@id\":\"https:\/\/dolores.ee\/lv\/#website\",\"url\":\"https:\/\/dolores.ee\/lv\/\",\"name\":\"Dolores e-pood\",\"description\":\"Beauty Shop\",\"publisher\":{\"@id\":\"https:\/\/dolores.ee\/lv\/#organization\"},\"alternateName\":\"Dolores\",\"potentialAction\":[{\"@type\":\"SearchAction\",\"target\":{\"@type\":\"EntryPoint\",\"urlTemplate\":\"https:\/\/dolores.ee\/lv\/?s={search_term_string}\"},\"query-input\":{\"@type\":\"PropertyValueSpecification\",\"valueRequired\":true,\"valueName\":\"search_term_string\"}}],\"inLanguage\":\"lv-LV\"},{\"@type\":\"Organization\",\"@id\":\"https:\/\/dolores.ee\/lv\/#organization\",\"name\":\"Dolores O\u00dc\",\"alternateName\":\"Dolores e-pood\",\"url\":\"https:\/\/dolores.ee\/lv\/\",\"logo\":{\"@type\":\"ImageObject\",\"inLanguage\":\"lv-LV\",\"@id\":\"https:\/\/dolores.ee\/lv\/#\/schema\/logo\/image\/\",\"url\":\"https:\/\/dolores.ee\/wp-content\/uploads\/2025\/04\/logo-1.jpg\",\"contentUrl\":\"https:\/\/dolores.ee\/wp-content\/uploads\/2025\/04\/logo-1.jpg\",\"width\":1951,\"height\":660,\"caption\":\"Dolores O\u00dc\"},\"image\":{\"@id\":\"https:\/\/dolores.ee\/lv\/#\/schema\/logo\/image\/\"},\"sameAs\":[\"https:\/\/www.facebook.com\/doloresepood\/\"],\"description\":\"Dolores.ee on kaasaegne veebipood, kust leiad tuntud kaubam\u00e4rkide \u2013 GIGI, Anna Lotan, Hikari, Hlavin \u2013 originaalkosmeetikat. Pakume kvaliteetseid hooldustooteid taskukohaste hindadega ja kiire kohaletoimetamisega \u00fcle Eesti. Nahahooldus pole kunagi olnud nii lihtne ja soodne!\",\"email\":\"dolores@dolores.ee\",\"telephone\":\"372 644 2440\",\"legalName\":\"Dolores O\u00dc\",\"foundingDate\":\"1998-02-09\",\"vatID\":\"EE100050280\",\"numberOfEmployees\":{\"@type\":\"QuantitativeValue\",\"minValue\":\"11\",\"maxValue\":\"50\"}}]}<\/script>\n<!-- \/ Yoast SEO Premium plugin. -->","yoast_head_json":{"title":"GIGI ACNON Smoothing Facial Cleanser 100 ml ~ Dolores","robots":{"index":"index","follow":"follow","max-snippet":"max-snippet:-1","max-image-preview":"max-image-preview:large","max-video-preview":"max-video-preview:-1"},"canonical":"https:\/\/dolores.ee\/lv\/toode\/gigi-acnon-smoothing-facial-cleanser-100-ml\/","og_locale":"lv_LV","og_type":"article","og_title":"GIGI ACNON Smoothing Facial Cleanser 100 ml","og_description":"GIGI ACNON Smoothing Facial Cleanser 100 ml","og_url":"https:\/\/dolores.ee\/lv\/toode\/gigi-acnon-smoothing-facial-cleanser-100-ml\/","og_site_name":"Dolores","article_publisher":"https:\/\/www.facebook.com\/doloresepood\/","article_modified_time":"2026-04-06T09:11:04+00:00","og_image":[{"width":450,"height":600,"url":"https:\/\/dolores.ee\/wp-content\/uploads\/2020\/08\/gigi_acnon_smoothing_facial_cleanser_mylo_dlya_glubokogo_ochiweniya_100ml.jpg","type":"image\/jpeg"}],"twitter_card":"summary_large_image","twitter_misc":{"Est. reading time":"1 minute"},"schema":{"@context":"https:\/\/schema.org","@graph":[{"@type":"WebPage","@id":"https:\/\/dolores.ee\/lv\/toode\/gigi-acnon-smoothing-facial-cleanser-100-ml\/","url":"https:\/\/dolores.ee\/lv\/toode\/gigi-acnon-smoothing-facial-cleanser-100-ml\/","name":"GIGI ACNON Smoothing Facial Cleanser 100 ml ~ Dolores","isPartOf":{"@id":"https:\/\/dolores.ee\/lv\/#website"},"primaryImageOfPage":{"@id":"https:\/\/dolores.ee\/lv\/toode\/gigi-acnon-smoothing-facial-cleanser-100-ml\/#primaryimage"},"image":{"@id":"https:\/\/dolores.ee\/lv\/toode\/gigi-acnon-smoothing-facial-cleanser-100-ml\/#primaryimage"},"thumbnailUrl":"https:\/\/dolores.ee\/wp-content\/uploads\/2020\/08\/gigi_acnon_smoothing_facial_cleanser_mylo_dlya_glubokogo_ochiweniya_100ml.jpg","datePublished":"2020-08-11T07:37:59+00:00","dateModified":"2026-04-06T09:11:04+00:00","breadcrumb":{"@id":"https:\/\/dolores.ee\/lv\/toode\/gigi-acnon-smoothing-facial-cleanser-100-ml\/#breadcrumb"},"inLanguage":"lv-LV","potentialAction":[{"@type":"ReadAction","target":["https:\/\/dolores.ee\/lv\/toode\/gigi-acnon-smoothing-facial-cleanser-100-ml\/"]}]},{"@type":"ImageObject","inLanguage":"lv-LV","@id":"https:\/\/dolores.ee\/lv\/toode\/gigi-acnon-smoothing-facial-cleanser-100-ml\/#primaryimage","url":"https:\/\/dolores.ee\/wp-content\/uploads\/2020\/08\/gigi_acnon_smoothing_facial_cleanser_mylo_dlya_glubokogo_ochiweniya_100ml.jpg","contentUrl":"https:\/\/dolores.ee\/wp-content\/uploads\/2020\/08\/gigi_acnon_smoothing_facial_cleanser_mylo_dlya_glubokogo_ochiweniya_100ml.jpg","width":450,"height":600},{"@type":"BreadcrumbList","@id":"https:\/\/dolores.ee\/lv\/toode\/gigi-acnon-smoothing-facial-cleanser-100-ml\/#breadcrumb","itemListElement":[{"@type":"ListItem","position":1,"name":"Home","item":"https:\/\/dolores.ee\/lv\/"},{"@type":"ListItem","position":2,"name":"E-veikals","item":"https:\/\/dolores.ee\/lv\/e-veikals\/"},{"@type":"ListItem","position":3,"name":"GIGI ACNON Smoothing Facial Cleanser 100 ml"}]},{"@type":"WebSite","@id":"https:\/\/dolores.ee\/lv\/#website","url":"https:\/\/dolores.ee\/lv\/","name":"Dolores e-pood","description":"Beauty Shop","publisher":{"@id":"https:\/\/dolores.ee\/lv\/#organization"},"alternateName":"Dolores","potentialAction":[{"@type":"SearchAction","target":{"@type":"EntryPoint","urlTemplate":"https:\/\/dolores.ee\/lv\/?s={search_term_string}"},"query-input":{"@type":"PropertyValueSpecification","valueRequired":true,"valueName":"search_term_string"}}],"inLanguage":"lv-LV"},{"@type":"Organization","@id":"https:\/\/dolores.ee\/lv\/#organization","name":"Dolores O\u00dc","alternateName":"Dolores e-pood","url":"https:\/\/dolores.ee\/lv\/","logo":{"@type":"ImageObject","inLanguage":"lv-LV","@id":"https:\/\/dolores.ee\/lv\/#\/schema\/logo\/image\/","url":"https:\/\/dolores.ee\/wp-content\/uploads\/2025\/04\/logo-1.jpg","contentUrl":"https:\/\/dolores.ee\/wp-content\/uploads\/2025\/04\/logo-1.jpg","width":1951,"height":660,"caption":"Dolores O\u00dc"},"image":{"@id":"https:\/\/dolores.ee\/lv\/#\/schema\/logo\/image\/"},"sameAs":["https:\/\/www.facebook.com\/doloresepood\/"],"description":"Dolores.ee on kaasaegne veebipood, kust leiad tuntud kaubam\u00e4rkide \u2013 GIGI, Anna Lotan, Hikari, Hlavin \u2013 originaalkosmeetikat. Pakume kvaliteetseid hooldustooteid taskukohaste hindadega ja kiire kohaletoimetamisega \u00fcle Eesti. Nahahooldus pole kunagi olnud nii lihtne ja soodne!","email":"dolores@dolores.ee","telephone":"372 644 2440","legalName":"Dolores O\u00dc","foundingDate":"1998-02-09","vatID":"EE100050280","numberOfEmployees":{"@type":"QuantitativeValue","minValue":"11","maxValue":"50"}}]}},"_links":{"self":[{"href":"https:\/\/dolores.ee\/lv\/wp-json\/wp\/v2\/product\/1075","targetHints":{"allow":["GET"]}}],"collection":[{"href":"https:\/\/dolores.ee\/lv\/wp-json\/wp\/v2\/product"}],"about":[{"href":"https:\/\/dolores.ee\/lv\/wp-json\/wp\/v2\/types\/product"}],"replies":[{"embeddable":true,"href":"https:\/\/dolores.ee\/lv\/wp-json\/wp\/v2\/comments?post=1075"}],"version-history":[{"count":0,"href":"https:\/\/dolores.ee\/lv\/wp-json\/wp\/v2\/product\/1075\/revisions"}],"wp:featuredmedia":[{"embeddable":true,"href":"https:\/\/dolores.ee\/lv\/wp-json\/wp\/v2\/media\/251"}],"wp:attachment":[{"href":"https:\/\/dolores.ee\/lv\/wp-json\/wp\/v2\/media?parent=1075"}],"wp:term":[{"taxonomy":"product_brand","embeddable":true,"href":"https:\/\/dolores.ee\/lv\/wp-json\/wp\/v2\/product_brand?post=1075"},{"taxonomy":"product_cat","embeddable":true,"href":"https:\/\/dolores.ee\/lv\/wp-json\/wp\/v2\/product_cat?post=1075"},{"taxonomy":"product_tag","embeddable":true,"href":"https:\/\/dolores.ee\/lv\/wp-json\/wp\/v2\/product_tag?post=1075"},{"taxonomy":"giftcard-category","embeddable":true,"href":"https:\/\/dolores.ee\/lv\/wp-json\/wp\/v2\/giftcard-category?post=1075"}],"curies":[{"name":"wp","href":"https:\/\/api.w.org\/{rel}","templated":true}]}}