{"id":1165,"date":"2020-08-13T12:59:24","date_gmt":"2020-08-11T07:39:07","guid":{"rendered":"https:\/\/dolores.ee\/product\/gigi-sun-care-niisutav-paikesekaitse-kreem-spf-50-kaitse-uva-uvb-kiirte-eest-koikidele-nahatuupidele-75-ml\/"},"modified":"2026-04-28T08:51:30","modified_gmt":"2026-04-28T05:51:30","slug":"gigi-sun-care-niisutav-paikesekaitse-kreem-spf-50-kaitse-uva-uvb-kiirte-eest-koikidele-nahatuupidele-75-ml","status":"publish","type":"product","link":"https:\/\/dolores.ee\/lv\/toode\/gigi-sun-care-niisutav-paikesekaitse-kreem-spf-50-kaitse-uva-uvb-kiirte-eest-koikidele-nahatuupidele-75-ml\/","title":{"rendered":"GIGI Sun Care Daily Moisture SPF 50 UVA\/UVB For all skin types 75 ml"},"content":{"rendered":"<div class=\"vgblk-rw-wrapper limit-wrapper\">H\u00fcpoallergeenne p\u00e4ikesekaitse kreem, SPF 50 UVA \/ UVB k\u00f5rge kaitsefaktoriga. Niisutav p\u00e4ikesekaitse kreem, mis on toodetud k\u00f5rgete Euroopa standardite j\u00e4rgi. Kreem annab t\u00f5husa kaitse UVA kiirguse eest, mis p\u00f5hjustab enneaegset vananemist. Uus GIGI Sun Care niisutav p\u00e4ikesekaitse kreem \u00fchendab endas kolme tegevust: t\u00f5hus ja integreeritud kaitse UVA ja UVB kiirguse takistamine enneaegse vananemise vastu, suurema niiskuse s\u00e4ilitamine nahas ja niisutav kompleks annab nahale niisutuse. Unikaalsed komponendid aitavad s\u00e4ilitada naha kollageeni ja elastiini taseme nahas ning takistab p\u00e4ikese kahjuliku m\u00f5ju eest. Asendamatu toode heledale, tundlikule nahale. Samuti lastele ning p\u00e4ikesealleriga probleemide puhul. Toodet v\u00f5ib kohaldada ka peale s\u00fcgavaid koorimisprotseduure ja plastilise kirurgia j\u00e4rgselt.<br \/>\nKasutamine: Kanna Sun Care p\u00e4ikesekaitse kreem kodus v\u00e4hemalt pool tundi enne p\u00e4ikese k\u00e4tte minekut nahale ja lase kreemil t\u00e4ielikult imenduda. Kanna kreemi piisavalt, et k\u00f5ik naha piirkonnad oleks kaitstud. Kanna toodet n\u00e4ole, kaelale, \u00f5lgadele ja dekolteele.<br \/>\nKoostis:\u00a0Purified Water, Isopropyl Myristate, Glyceryl Stearate, Octyl Methoxycinnamate, Squalane, Propylene Glycol, Glycerin, 4-Methylbenzylidene Camphor, 2-Phenylbenzimidazole-5-Sulfonic Acid, Caprylic\/ Capric Triglyceride, Potassium Cetyl Phosphate, Cetyl Alcohol, Triethanolamine, Sorbitan Tristearate, Fragrance, Disodium EDTA, Phenoxyethanol, Methylparaben, Ethylparaben, Butylparaben, Propylparaben, Isobutylparaben, PEG-40-Stearate, Hyaluronic Acid, DMDM Hydantoin.<\/div>\n<p><!-- .vgblk-rw-wrapper --><\/p>\n","protected":false},"excerpt":{"rendered":"<p>GIGI Sun Care Niisutav p\u00e4ikesekaitse kreem SPF 50. Kaitse UVA\/UVB kiirte eest k\u00f5ikidele nahat\u00fc\u00fcpidele 75 ml<\/p>\n","protected":false},"featured_media":329587,"comment_status":"open","ping_status":"closed","template":"","meta":[],"product_brand":[],"product_cat":[99,285,135,89,212,399,464],"product_tag":[460],"giftcard-category":[],"class_list":{"0":"post-1165","1":"product","2":"type-product","3":"status-publish","4":"has-post-thumbnail","6":"product_cat-gigi-et","7":"product_cat-sun-care-uva-uvb-et","8":"product_cat-2-naohooldus","9":"product_cat-paevakreemid","10":"product_cat-paikesekaitse","11":"product_cat-ale","12":"product_cat-niisutavad-tooted","13":"product_tag-kosmeetika","15":"first","16":"instock","17":"taxable","18":"shipping-taxable","19":"purchasable","20":"product-type-simple"},"yoast_head":"<!-- This site is optimized with the Yoast SEO Premium plugin v25.1 (Yoast SEO v25.7) - https:\/\/yoast.com\/wordpress\/plugins\/seo\/ -->\n<title>GIGI Sun Care Daily Moisture SPF 50 UVA\/UVB For all skin types 75 ml ~ Dolores<\/title>\n<meta name=\"robots\" content=\"index, follow, max-snippet:-1, max-image-preview:large, max-video-preview:-1\" \/>\n<link rel=\"canonical\" href=\"https:\/\/dolores.ee\/lv\/toode\/gigi-sun-care-niisutav-paikesekaitse-kreem-spf-50-kaitse-uva-uvb-kiirte-eest-koikidele-nahatuupidele-75-ml\/\" \/>\n<meta property=\"og:locale\" content=\"lv_LV\" \/>\n<meta property=\"og:type\" content=\"article\" \/>\n<meta property=\"og:title\" content=\"GIGI Sun Care Daily Moisture SPF 50 UVA\/UVB For all skin types 75 ml\" \/>\n<meta property=\"og:description\" content=\"GIGI Sun Care Niisutav p\u00e4ikesekaitse kreem SPF 50. Kaitse UVA\/UVB kiirte eest k\u00f5ikidele nahat\u00fc\u00fcpidele 75 ml\" \/>\n<meta property=\"og:url\" content=\"https:\/\/dolores.ee\/lv\/toode\/gigi-sun-care-niisutav-paikesekaitse-kreem-spf-50-kaitse-uva-uvb-kiirte-eest-koikidele-nahatuupidele-75-ml\/\" \/>\n<meta property=\"og:site_name\" content=\"Dolores\" \/>\n<meta property=\"article:publisher\" content=\"https:\/\/www.facebook.com\/doloresepood\/\" \/>\n<meta property=\"article:modified_time\" content=\"2026-04-28T05:51:30+00:00\" \/>\n<meta property=\"og:image\" content=\"https:\/\/dolores.ee\/wp-content\/uploads\/2020\/08\/sun-care-50-spf-ref-36037-scaled.jpg\" \/>\n\t<meta property=\"og:image:width\" content=\"1920\" \/>\n\t<meta property=\"og:image:height\" content=\"1920\" \/>\n\t<meta property=\"og:image:type\" content=\"image\/jpeg\" \/>\n<meta name=\"twitter:card\" content=\"summary_large_image\" \/>\n<meta name=\"twitter:label1\" content=\"Est. reading time\" \/>\n\t<meta name=\"twitter:data1\" content=\"1 minute\" \/>\n<script type=\"application\/ld+json\" class=\"yoast-schema-graph\">{\"@context\":\"https:\/\/schema.org\",\"@graph\":[{\"@type\":\"WebPage\",\"@id\":\"https:\/\/dolores.ee\/lv\/toode\/gigi-sun-care-niisutav-paikesekaitse-kreem-spf-50-kaitse-uva-uvb-kiirte-eest-koikidele-nahatuupidele-75-ml\/\",\"url\":\"https:\/\/dolores.ee\/lv\/toode\/gigi-sun-care-niisutav-paikesekaitse-kreem-spf-50-kaitse-uva-uvb-kiirte-eest-koikidele-nahatuupidele-75-ml\/\",\"name\":\"GIGI Sun Care Daily Moisture SPF 50 UVA\/UVB For all skin types 75 ml ~ Dolores\",\"isPartOf\":{\"@id\":\"https:\/\/dolores.ee\/lv\/#website\"},\"primaryImageOfPage\":{\"@id\":\"https:\/\/dolores.ee\/lv\/toode\/gigi-sun-care-niisutav-paikesekaitse-kreem-spf-50-kaitse-uva-uvb-kiirte-eest-koikidele-nahatuupidele-75-ml\/#primaryimage\"},\"image\":{\"@id\":\"https:\/\/dolores.ee\/lv\/toode\/gigi-sun-care-niisutav-paikesekaitse-kreem-spf-50-kaitse-uva-uvb-kiirte-eest-koikidele-nahatuupidele-75-ml\/#primaryimage\"},\"thumbnailUrl\":\"https:\/\/dolores.ee\/wp-content\/uploads\/2020\/08\/sun-care-50-spf-ref-36037-scaled.jpg\",\"datePublished\":\"2020-08-11T07:39:07+00:00\",\"dateModified\":\"2026-04-28T05:51:30+00:00\",\"breadcrumb\":{\"@id\":\"https:\/\/dolores.ee\/lv\/toode\/gigi-sun-care-niisutav-paikesekaitse-kreem-spf-50-kaitse-uva-uvb-kiirte-eest-koikidele-nahatuupidele-75-ml\/#breadcrumb\"},\"inLanguage\":\"lv-LV\",\"potentialAction\":[{\"@type\":\"ReadAction\",\"target\":[\"https:\/\/dolores.ee\/lv\/toode\/gigi-sun-care-niisutav-paikesekaitse-kreem-spf-50-kaitse-uva-uvb-kiirte-eest-koikidele-nahatuupidele-75-ml\/\"]}]},{\"@type\":\"ImageObject\",\"inLanguage\":\"lv-LV\",\"@id\":\"https:\/\/dolores.ee\/lv\/toode\/gigi-sun-care-niisutav-paikesekaitse-kreem-spf-50-kaitse-uva-uvb-kiirte-eest-koikidele-nahatuupidele-75-ml\/#primaryimage\",\"url\":\"https:\/\/dolores.ee\/wp-content\/uploads\/2020\/08\/sun-care-50-spf-ref-36037-scaled.jpg\",\"contentUrl\":\"https:\/\/dolores.ee\/wp-content\/uploads\/2020\/08\/sun-care-50-spf-ref-36037-scaled.jpg\",\"width\":1920,\"height\":1920},{\"@type\":\"BreadcrumbList\",\"@id\":\"https:\/\/dolores.ee\/lv\/toode\/gigi-sun-care-niisutav-paikesekaitse-kreem-spf-50-kaitse-uva-uvb-kiirte-eest-koikidele-nahatuupidele-75-ml\/#breadcrumb\",\"itemListElement\":[{\"@type\":\"ListItem\",\"position\":1,\"name\":\"Home\",\"item\":\"https:\/\/dolores.ee\/lv\/\"},{\"@type\":\"ListItem\",\"position\":2,\"name\":\"E-veikals\",\"item\":\"https:\/\/dolores.ee\/lv\/e-veikals\/\"},{\"@type\":\"ListItem\",\"position\":3,\"name\":\"GIGI Sun Care Daily Moisture SPF 50 UVA\/UVB For all skin types 75 ml\"}]},{\"@type\":\"WebSite\",\"@id\":\"https:\/\/dolores.ee\/lv\/#website\",\"url\":\"https:\/\/dolores.ee\/lv\/\",\"name\":\"Dolores e-pood\",\"description\":\"Beauty Shop\",\"publisher\":{\"@id\":\"https:\/\/dolores.ee\/lv\/#organization\"},\"alternateName\":\"Dolores\",\"potentialAction\":[{\"@type\":\"SearchAction\",\"target\":{\"@type\":\"EntryPoint\",\"urlTemplate\":\"https:\/\/dolores.ee\/lv\/?s={search_term_string}\"},\"query-input\":{\"@type\":\"PropertyValueSpecification\",\"valueRequired\":true,\"valueName\":\"search_term_string\"}}],\"inLanguage\":\"lv-LV\"},{\"@type\":\"Organization\",\"@id\":\"https:\/\/dolores.ee\/lv\/#organization\",\"name\":\"Dolores O\u00dc\",\"alternateName\":\"Dolores e-pood\",\"url\":\"https:\/\/dolores.ee\/lv\/\",\"logo\":{\"@type\":\"ImageObject\",\"inLanguage\":\"lv-LV\",\"@id\":\"https:\/\/dolores.ee\/lv\/#\/schema\/logo\/image\/\",\"url\":\"https:\/\/dolores.ee\/wp-content\/uploads\/2025\/04\/logo-1.jpg\",\"contentUrl\":\"https:\/\/dolores.ee\/wp-content\/uploads\/2025\/04\/logo-1.jpg\",\"width\":1951,\"height\":660,\"caption\":\"Dolores O\u00dc\"},\"image\":{\"@id\":\"https:\/\/dolores.ee\/lv\/#\/schema\/logo\/image\/\"},\"sameAs\":[\"https:\/\/www.facebook.com\/doloresepood\/\"],\"description\":\"Dolores.ee on kaasaegne veebipood, kust leiad tuntud kaubam\u00e4rkide \u2013 GIGI, Anna Lotan, Hikari, Hlavin \u2013 originaalkosmeetikat. Pakume kvaliteetseid hooldustooteid taskukohaste hindadega ja kiire kohaletoimetamisega \u00fcle Eesti. Nahahooldus pole kunagi olnud nii lihtne ja soodne!\",\"email\":\"dolores@dolores.ee\",\"telephone\":\"372 644 2440\",\"legalName\":\"Dolores O\u00dc\",\"foundingDate\":\"1998-02-09\",\"vatID\":\"EE100050280\",\"numberOfEmployees\":{\"@type\":\"QuantitativeValue\",\"minValue\":\"11\",\"maxValue\":\"50\"}}]}<\/script>\n<!-- \/ Yoast SEO Premium plugin. -->","yoast_head_json":{"title":"GIGI Sun Care Daily Moisture SPF 50 UVA\/UVB For all skin types 75 ml ~ Dolores","robots":{"index":"index","follow":"follow","max-snippet":"max-snippet:-1","max-image-preview":"max-image-preview:large","max-video-preview":"max-video-preview:-1"},"canonical":"https:\/\/dolores.ee\/lv\/toode\/gigi-sun-care-niisutav-paikesekaitse-kreem-spf-50-kaitse-uva-uvb-kiirte-eest-koikidele-nahatuupidele-75-ml\/","og_locale":"lv_LV","og_type":"article","og_title":"GIGI Sun Care Daily Moisture SPF 50 UVA\/UVB For all skin types 75 ml","og_description":"GIGI Sun Care Niisutav p\u00e4ikesekaitse kreem SPF 50. Kaitse UVA\/UVB kiirte eest k\u00f5ikidele nahat\u00fc\u00fcpidele 75 ml","og_url":"https:\/\/dolores.ee\/lv\/toode\/gigi-sun-care-niisutav-paikesekaitse-kreem-spf-50-kaitse-uva-uvb-kiirte-eest-koikidele-nahatuupidele-75-ml\/","og_site_name":"Dolores","article_publisher":"https:\/\/www.facebook.com\/doloresepood\/","article_modified_time":"2026-04-28T05:51:30+00:00","og_image":[{"width":1920,"height":1920,"url":"https:\/\/dolores.ee\/wp-content\/uploads\/2020\/08\/sun-care-50-spf-ref-36037-scaled.jpg","type":"image\/jpeg"}],"twitter_card":"summary_large_image","twitter_misc":{"Est. reading time":"1 minute"},"schema":{"@context":"https:\/\/schema.org","@graph":[{"@type":"WebPage","@id":"https:\/\/dolores.ee\/lv\/toode\/gigi-sun-care-niisutav-paikesekaitse-kreem-spf-50-kaitse-uva-uvb-kiirte-eest-koikidele-nahatuupidele-75-ml\/","url":"https:\/\/dolores.ee\/lv\/toode\/gigi-sun-care-niisutav-paikesekaitse-kreem-spf-50-kaitse-uva-uvb-kiirte-eest-koikidele-nahatuupidele-75-ml\/","name":"GIGI Sun Care Daily Moisture SPF 50 UVA\/UVB For all skin types 75 ml ~ Dolores","isPartOf":{"@id":"https:\/\/dolores.ee\/lv\/#website"},"primaryImageOfPage":{"@id":"https:\/\/dolores.ee\/lv\/toode\/gigi-sun-care-niisutav-paikesekaitse-kreem-spf-50-kaitse-uva-uvb-kiirte-eest-koikidele-nahatuupidele-75-ml\/#primaryimage"},"image":{"@id":"https:\/\/dolores.ee\/lv\/toode\/gigi-sun-care-niisutav-paikesekaitse-kreem-spf-50-kaitse-uva-uvb-kiirte-eest-koikidele-nahatuupidele-75-ml\/#primaryimage"},"thumbnailUrl":"https:\/\/dolores.ee\/wp-content\/uploads\/2020\/08\/sun-care-50-spf-ref-36037-scaled.jpg","datePublished":"2020-08-11T07:39:07+00:00","dateModified":"2026-04-28T05:51:30+00:00","breadcrumb":{"@id":"https:\/\/dolores.ee\/lv\/toode\/gigi-sun-care-niisutav-paikesekaitse-kreem-spf-50-kaitse-uva-uvb-kiirte-eest-koikidele-nahatuupidele-75-ml\/#breadcrumb"},"inLanguage":"lv-LV","potentialAction":[{"@type":"ReadAction","target":["https:\/\/dolores.ee\/lv\/toode\/gigi-sun-care-niisutav-paikesekaitse-kreem-spf-50-kaitse-uva-uvb-kiirte-eest-koikidele-nahatuupidele-75-ml\/"]}]},{"@type":"ImageObject","inLanguage":"lv-LV","@id":"https:\/\/dolores.ee\/lv\/toode\/gigi-sun-care-niisutav-paikesekaitse-kreem-spf-50-kaitse-uva-uvb-kiirte-eest-koikidele-nahatuupidele-75-ml\/#primaryimage","url":"https:\/\/dolores.ee\/wp-content\/uploads\/2020\/08\/sun-care-50-spf-ref-36037-scaled.jpg","contentUrl":"https:\/\/dolores.ee\/wp-content\/uploads\/2020\/08\/sun-care-50-spf-ref-36037-scaled.jpg","width":1920,"height":1920},{"@type":"BreadcrumbList","@id":"https:\/\/dolores.ee\/lv\/toode\/gigi-sun-care-niisutav-paikesekaitse-kreem-spf-50-kaitse-uva-uvb-kiirte-eest-koikidele-nahatuupidele-75-ml\/#breadcrumb","itemListElement":[{"@type":"ListItem","position":1,"name":"Home","item":"https:\/\/dolores.ee\/lv\/"},{"@type":"ListItem","position":2,"name":"E-veikals","item":"https:\/\/dolores.ee\/lv\/e-veikals\/"},{"@type":"ListItem","position":3,"name":"GIGI Sun Care Daily Moisture SPF 50 UVA\/UVB For all skin types 75 ml"}]},{"@type":"WebSite","@id":"https:\/\/dolores.ee\/lv\/#website","url":"https:\/\/dolores.ee\/lv\/","name":"Dolores e-pood","description":"Beauty Shop","publisher":{"@id":"https:\/\/dolores.ee\/lv\/#organization"},"alternateName":"Dolores","potentialAction":[{"@type":"SearchAction","target":{"@type":"EntryPoint","urlTemplate":"https:\/\/dolores.ee\/lv\/?s={search_term_string}"},"query-input":{"@type":"PropertyValueSpecification","valueRequired":true,"valueName":"search_term_string"}}],"inLanguage":"lv-LV"},{"@type":"Organization","@id":"https:\/\/dolores.ee\/lv\/#organization","name":"Dolores O\u00dc","alternateName":"Dolores e-pood","url":"https:\/\/dolores.ee\/lv\/","logo":{"@type":"ImageObject","inLanguage":"lv-LV","@id":"https:\/\/dolores.ee\/lv\/#\/schema\/logo\/image\/","url":"https:\/\/dolores.ee\/wp-content\/uploads\/2025\/04\/logo-1.jpg","contentUrl":"https:\/\/dolores.ee\/wp-content\/uploads\/2025\/04\/logo-1.jpg","width":1951,"height":660,"caption":"Dolores O\u00dc"},"image":{"@id":"https:\/\/dolores.ee\/lv\/#\/schema\/logo\/image\/"},"sameAs":["https:\/\/www.facebook.com\/doloresepood\/"],"description":"Dolores.ee on kaasaegne veebipood, kust leiad tuntud kaubam\u00e4rkide \u2013 GIGI, Anna Lotan, Hikari, Hlavin \u2013 originaalkosmeetikat. Pakume kvaliteetseid hooldustooteid taskukohaste hindadega ja kiire kohaletoimetamisega \u00fcle Eesti. Nahahooldus pole kunagi olnud nii lihtne ja soodne!","email":"dolores@dolores.ee","telephone":"372 644 2440","legalName":"Dolores O\u00dc","foundingDate":"1998-02-09","vatID":"EE100050280","numberOfEmployees":{"@type":"QuantitativeValue","minValue":"11","maxValue":"50"}}]}},"_links":{"self":[{"href":"https:\/\/dolores.ee\/lv\/wp-json\/wp\/v2\/product\/1165","targetHints":{"allow":["GET"]}}],"collection":[{"href":"https:\/\/dolores.ee\/lv\/wp-json\/wp\/v2\/product"}],"about":[{"href":"https:\/\/dolores.ee\/lv\/wp-json\/wp\/v2\/types\/product"}],"replies":[{"embeddable":true,"href":"https:\/\/dolores.ee\/lv\/wp-json\/wp\/v2\/comments?post=1165"}],"version-history":[{"count":0,"href":"https:\/\/dolores.ee\/lv\/wp-json\/wp\/v2\/product\/1165\/revisions"}],"wp:featuredmedia":[{"embeddable":true,"href":"https:\/\/dolores.ee\/lv\/wp-json\/wp\/v2\/media\/329587"}],"wp:attachment":[{"href":"https:\/\/dolores.ee\/lv\/wp-json\/wp\/v2\/media?parent=1165"}],"wp:term":[{"taxonomy":"product_brand","embeddable":true,"href":"https:\/\/dolores.ee\/lv\/wp-json\/wp\/v2\/product_brand?post=1165"},{"taxonomy":"product_cat","embeddable":true,"href":"https:\/\/dolores.ee\/lv\/wp-json\/wp\/v2\/product_cat?post=1165"},{"taxonomy":"product_tag","embeddable":true,"href":"https:\/\/dolores.ee\/lv\/wp-json\/wp\/v2\/product_tag?post=1165"},{"taxonomy":"giftcard-category","embeddable":true,"href":"https:\/\/dolores.ee\/lv\/wp-json\/wp\/v2\/giftcard-category?post=1165"}],"curies":[{"name":"wp","href":"https:\/\/api.w.org\/{rel}","templated":true}]}}