{"id":1178,"date":"2020-08-13T12:59:36","date_gmt":"2020-08-11T07:39:17","guid":{"rendered":"https:\/\/dolores.ee\/product\/gigi-nutri-peptide-10-lactic-cream-50ml\/"},"modified":"2026-03-08T05:01:35","modified_gmt":"2026-03-08T03:01:35","slug":"gigi-nutri-peptide-10-lactic-cream-50ml","status":"publish","type":"product","link":"https:\/\/dolores.ee\/lv\/toode\/gigi-nutri-peptide-10-lactic-cream-50ml\/","title":{"rendered":"GIGI Nutri-Peptide 10% Lactic Cream 50ml"},"content":{"rendered":"<div class=\"vgblk-rw-wrapper limit-wrapper\">GIGI Nutri Peptide 10% Lactic Cream niisutav \u00f6\u00f6kreem k\u00f5ikidele nahat\u00fc\u00fcpidele 50 ml<br \/>\nPiimhape ja muud koostisosad tagavad s\u00e4rava jume, \u00fchtlase ja sileda tekstuuriga naha. Tugevneb naha loomulik vabade radikaalide vastane kaitsev\u00f5ime. Kreem sisaldab unikaalset Heptapeptide 15 kapseldatud kompleksi, mis koos piimhappe ja looduslike pol\u00fcsahhariididega parandavad naha talitlust, suurendavad koheselt selle niiskusesisaldust ja hoiavad \u00e4ra vee loomuliku aurustumise nahast. Kreem on kerge tekstuuriga ja meeldiv, muudab naha elastsemaks, parandab ja silub selle tekstuuri.<br \/>\nToime: soodustab elutute pindmiste rakkude koorumist, \u00fchtlustab jumet ja tekstuuri.<br \/>\nKasutamine: kreemi masseeritakse puhtale nahale kuni t\u00e4ieliku imendumiseni. N\u00e4htavate tulemuste saamiseks soovitatakse kasutada kolm kuud j\u00e4rjest, kaitstes samal ajal nahka t\u00f5husa p\u00e4ikesefiltreid sisaldava tootega.<br \/>\nKoostis: \u00a0Water (Aqua), Cetearyl Alcohol, Glycerin, Glyceryl Stearate SE, C12-15 Alkyl Benzoate, Cyclopentasiloxane, \u00a0Propanediol, Galactoarabinan, Cetearyl Ethylhexanoate, Theobroma Cacao (Cocoa) Seed Butter, Dimethicone, Cetearyl Glucoside, Phenoxyethanol, Phenyl Trimethicone, Fragrance (Parfum), Chlorphenesin, glyceryl Polycrylate, Disodium EDTA, Caprylyl Glycol, Glucose, Xanthan Gum, Sodium Hydroxide, Glyceryl Caprylate, Phenylpropanol, Lactic Acid\/Glycolic Acid Copolymer, Chlorella Vulgaris Extract, Polyvinyl Alcohol, Heptapeptide-15 Palmitate, Geraniol, Linalool.<br \/>\n\u00a0<\/div>\n<p><!-- .vgblk-rw-wrapper --><\/p>\n","protected":false},"excerpt":{"rendered":"<p>GIGI Nutri-Peptide 10% Lactic Cream 50ml<\/p>\n","protected":false},"featured_media":609,"comment_status":"open","ping_status":"closed","template":"","meta":[],"product_brand":[],"product_cat":[99,280,127,399],"product_tag":[460],"giftcard-category":[],"class_list":{"0":"post-1178","1":"product","2":"type-product","3":"status-publish","4":"has-post-thumbnail","6":"product_cat-gigi-et","7":"product_cat-nutri-peptide-et","8":"product_cat-ookreemid","9":"product_cat-ale","10":"product_tag-kosmeetika","12":"first","13":"instock","14":"taxable","15":"shipping-taxable","16":"purchasable","17":"product-type-simple"},"yoast_head":"<!-- This site is optimized with the Yoast SEO Premium plugin v25.1 (Yoast SEO v25.7) - https:\/\/yoast.com\/wordpress\/plugins\/seo\/ -->\n<title>GIGI Nutri-Peptide 10% Lactic Cream 50ml ~ Dolores<\/title>\n<meta name=\"robots\" content=\"index, follow, max-snippet:-1, max-image-preview:large, max-video-preview:-1\" \/>\n<link rel=\"canonical\" href=\"https:\/\/dolores.ee\/lv\/toode\/gigi-nutri-peptide-10-lactic-cream-50ml\/\" \/>\n<meta property=\"og:locale\" content=\"lv_LV\" \/>\n<meta property=\"og:type\" content=\"article\" \/>\n<meta property=\"og:title\" content=\"GIGI Nutri-Peptide 10% Lactic Cream 50ml\" \/>\n<meta property=\"og:description\" content=\"GIGI Nutri-Peptide 10% Lactic Cream 50ml\" \/>\n<meta property=\"og:url\" content=\"https:\/\/dolores.ee\/lv\/toode\/gigi-nutri-peptide-10-lactic-cream-50ml\/\" \/>\n<meta property=\"og:site_name\" content=\"Dolores\" \/>\n<meta property=\"article:publisher\" content=\"https:\/\/www.facebook.com\/doloresepood\/\" \/>\n<meta property=\"article:modified_time\" content=\"2026-03-08T03:01:35+00:00\" \/>\n<meta property=\"og:image\" content=\"https:\/\/dolores.ee\/wp-content\/uploads\/2020\/08\/25157931_1747641258591725_5032560236648433313_n.png\" \/>\n\t<meta property=\"og:image:width\" content=\"435\" \/>\n\t<meta property=\"og:image:height\" content=\"683\" \/>\n\t<meta property=\"og:image:type\" content=\"image\/png\" \/>\n<meta name=\"twitter:card\" content=\"summary_large_image\" \/>\n<meta name=\"twitter:label1\" content=\"Est. reading time\" \/>\n\t<meta name=\"twitter:data1\" content=\"1 minute\" \/>\n<script type=\"application\/ld+json\" class=\"yoast-schema-graph\">{\"@context\":\"https:\/\/schema.org\",\"@graph\":[{\"@type\":\"WebPage\",\"@id\":\"https:\/\/dolores.ee\/lv\/toode\/gigi-nutri-peptide-10-lactic-cream-50ml\/\",\"url\":\"https:\/\/dolores.ee\/lv\/toode\/gigi-nutri-peptide-10-lactic-cream-50ml\/\",\"name\":\"GIGI Nutri-Peptide 10% Lactic Cream 50ml ~ Dolores\",\"isPartOf\":{\"@id\":\"https:\/\/dolores.ee\/lv\/#website\"},\"primaryImageOfPage\":{\"@id\":\"https:\/\/dolores.ee\/lv\/toode\/gigi-nutri-peptide-10-lactic-cream-50ml\/#primaryimage\"},\"image\":{\"@id\":\"https:\/\/dolores.ee\/lv\/toode\/gigi-nutri-peptide-10-lactic-cream-50ml\/#primaryimage\"},\"thumbnailUrl\":\"https:\/\/dolores.ee\/wp-content\/uploads\/2020\/08\/25157931_1747641258591725_5032560236648433313_n.png\",\"datePublished\":\"2020-08-11T07:39:17+00:00\",\"dateModified\":\"2026-03-08T03:01:35+00:00\",\"breadcrumb\":{\"@id\":\"https:\/\/dolores.ee\/lv\/toode\/gigi-nutri-peptide-10-lactic-cream-50ml\/#breadcrumb\"},\"inLanguage\":\"lv-LV\",\"potentialAction\":[{\"@type\":\"ReadAction\",\"target\":[\"https:\/\/dolores.ee\/lv\/toode\/gigi-nutri-peptide-10-lactic-cream-50ml\/\"]}]},{\"@type\":\"ImageObject\",\"inLanguage\":\"lv-LV\",\"@id\":\"https:\/\/dolores.ee\/lv\/toode\/gigi-nutri-peptide-10-lactic-cream-50ml\/#primaryimage\",\"url\":\"https:\/\/dolores.ee\/wp-content\/uploads\/2020\/08\/25157931_1747641258591725_5032560236648433313_n.png\",\"contentUrl\":\"https:\/\/dolores.ee\/wp-content\/uploads\/2020\/08\/25157931_1747641258591725_5032560236648433313_n.png\",\"width\":435,\"height\":683},{\"@type\":\"BreadcrumbList\",\"@id\":\"https:\/\/dolores.ee\/lv\/toode\/gigi-nutri-peptide-10-lactic-cream-50ml\/#breadcrumb\",\"itemListElement\":[{\"@type\":\"ListItem\",\"position\":1,\"name\":\"Home\",\"item\":\"https:\/\/dolores.ee\/lv\/\"},{\"@type\":\"ListItem\",\"position\":2,\"name\":\"E-veikals\",\"item\":\"https:\/\/dolores.ee\/lv\/e-veikals\/\"},{\"@type\":\"ListItem\",\"position\":3,\"name\":\"GIGI Nutri-Peptide 10% Lactic Cream 50ml\"}]},{\"@type\":\"WebSite\",\"@id\":\"https:\/\/dolores.ee\/lv\/#website\",\"url\":\"https:\/\/dolores.ee\/lv\/\",\"name\":\"Dolores e-pood\",\"description\":\"Beauty Shop\",\"publisher\":{\"@id\":\"https:\/\/dolores.ee\/lv\/#organization\"},\"alternateName\":\"Dolores\",\"potentialAction\":[{\"@type\":\"SearchAction\",\"target\":{\"@type\":\"EntryPoint\",\"urlTemplate\":\"https:\/\/dolores.ee\/lv\/?s={search_term_string}\"},\"query-input\":{\"@type\":\"PropertyValueSpecification\",\"valueRequired\":true,\"valueName\":\"search_term_string\"}}],\"inLanguage\":\"lv-LV\"},{\"@type\":\"Organization\",\"@id\":\"https:\/\/dolores.ee\/lv\/#organization\",\"name\":\"Dolores O\u00dc\",\"alternateName\":\"Dolores e-pood\",\"url\":\"https:\/\/dolores.ee\/lv\/\",\"logo\":{\"@type\":\"ImageObject\",\"inLanguage\":\"lv-LV\",\"@id\":\"https:\/\/dolores.ee\/lv\/#\/schema\/logo\/image\/\",\"url\":\"https:\/\/dolores.ee\/wp-content\/uploads\/2025\/04\/logo-1.jpg\",\"contentUrl\":\"https:\/\/dolores.ee\/wp-content\/uploads\/2025\/04\/logo-1.jpg\",\"width\":1951,\"height\":660,\"caption\":\"Dolores O\u00dc\"},\"image\":{\"@id\":\"https:\/\/dolores.ee\/lv\/#\/schema\/logo\/image\/\"},\"sameAs\":[\"https:\/\/www.facebook.com\/doloresepood\/\"],\"description\":\"Dolores.ee on kaasaegne veebipood, kust leiad tuntud kaubam\u00e4rkide \u2013 GIGI, Anna Lotan, Hikari, Hlavin \u2013 originaalkosmeetikat. Pakume kvaliteetseid hooldustooteid taskukohaste hindadega ja kiire kohaletoimetamisega \u00fcle Eesti. Nahahooldus pole kunagi olnud nii lihtne ja soodne!\",\"email\":\"dolores@dolores.ee\",\"telephone\":\"372 644 2440\",\"legalName\":\"Dolores O\u00dc\",\"foundingDate\":\"1998-02-09\",\"vatID\":\"EE100050280\",\"numberOfEmployees\":{\"@type\":\"QuantitativeValue\",\"minValue\":\"11\",\"maxValue\":\"50\"}}]}<\/script>\n<!-- \/ Yoast SEO Premium plugin. -->","yoast_head_json":{"title":"GIGI Nutri-Peptide 10% Lactic Cream 50ml ~ Dolores","robots":{"index":"index","follow":"follow","max-snippet":"max-snippet:-1","max-image-preview":"max-image-preview:large","max-video-preview":"max-video-preview:-1"},"canonical":"https:\/\/dolores.ee\/lv\/toode\/gigi-nutri-peptide-10-lactic-cream-50ml\/","og_locale":"lv_LV","og_type":"article","og_title":"GIGI Nutri-Peptide 10% Lactic Cream 50ml","og_description":"GIGI Nutri-Peptide 10% Lactic Cream 50ml","og_url":"https:\/\/dolores.ee\/lv\/toode\/gigi-nutri-peptide-10-lactic-cream-50ml\/","og_site_name":"Dolores","article_publisher":"https:\/\/www.facebook.com\/doloresepood\/","article_modified_time":"2026-03-08T03:01:35+00:00","og_image":[{"width":435,"height":683,"url":"https:\/\/dolores.ee\/wp-content\/uploads\/2020\/08\/25157931_1747641258591725_5032560236648433313_n.png","type":"image\/png"}],"twitter_card":"summary_large_image","twitter_misc":{"Est. reading time":"1 minute"},"schema":{"@context":"https:\/\/schema.org","@graph":[{"@type":"WebPage","@id":"https:\/\/dolores.ee\/lv\/toode\/gigi-nutri-peptide-10-lactic-cream-50ml\/","url":"https:\/\/dolores.ee\/lv\/toode\/gigi-nutri-peptide-10-lactic-cream-50ml\/","name":"GIGI Nutri-Peptide 10% Lactic Cream 50ml ~ Dolores","isPartOf":{"@id":"https:\/\/dolores.ee\/lv\/#website"},"primaryImageOfPage":{"@id":"https:\/\/dolores.ee\/lv\/toode\/gigi-nutri-peptide-10-lactic-cream-50ml\/#primaryimage"},"image":{"@id":"https:\/\/dolores.ee\/lv\/toode\/gigi-nutri-peptide-10-lactic-cream-50ml\/#primaryimage"},"thumbnailUrl":"https:\/\/dolores.ee\/wp-content\/uploads\/2020\/08\/25157931_1747641258591725_5032560236648433313_n.png","datePublished":"2020-08-11T07:39:17+00:00","dateModified":"2026-03-08T03:01:35+00:00","breadcrumb":{"@id":"https:\/\/dolores.ee\/lv\/toode\/gigi-nutri-peptide-10-lactic-cream-50ml\/#breadcrumb"},"inLanguage":"lv-LV","potentialAction":[{"@type":"ReadAction","target":["https:\/\/dolores.ee\/lv\/toode\/gigi-nutri-peptide-10-lactic-cream-50ml\/"]}]},{"@type":"ImageObject","inLanguage":"lv-LV","@id":"https:\/\/dolores.ee\/lv\/toode\/gigi-nutri-peptide-10-lactic-cream-50ml\/#primaryimage","url":"https:\/\/dolores.ee\/wp-content\/uploads\/2020\/08\/25157931_1747641258591725_5032560236648433313_n.png","contentUrl":"https:\/\/dolores.ee\/wp-content\/uploads\/2020\/08\/25157931_1747641258591725_5032560236648433313_n.png","width":435,"height":683},{"@type":"BreadcrumbList","@id":"https:\/\/dolores.ee\/lv\/toode\/gigi-nutri-peptide-10-lactic-cream-50ml\/#breadcrumb","itemListElement":[{"@type":"ListItem","position":1,"name":"Home","item":"https:\/\/dolores.ee\/lv\/"},{"@type":"ListItem","position":2,"name":"E-veikals","item":"https:\/\/dolores.ee\/lv\/e-veikals\/"},{"@type":"ListItem","position":3,"name":"GIGI Nutri-Peptide 10% Lactic Cream 50ml"}]},{"@type":"WebSite","@id":"https:\/\/dolores.ee\/lv\/#website","url":"https:\/\/dolores.ee\/lv\/","name":"Dolores e-pood","description":"Beauty Shop","publisher":{"@id":"https:\/\/dolores.ee\/lv\/#organization"},"alternateName":"Dolores","potentialAction":[{"@type":"SearchAction","target":{"@type":"EntryPoint","urlTemplate":"https:\/\/dolores.ee\/lv\/?s={search_term_string}"},"query-input":{"@type":"PropertyValueSpecification","valueRequired":true,"valueName":"search_term_string"}}],"inLanguage":"lv-LV"},{"@type":"Organization","@id":"https:\/\/dolores.ee\/lv\/#organization","name":"Dolores O\u00dc","alternateName":"Dolores e-pood","url":"https:\/\/dolores.ee\/lv\/","logo":{"@type":"ImageObject","inLanguage":"lv-LV","@id":"https:\/\/dolores.ee\/lv\/#\/schema\/logo\/image\/","url":"https:\/\/dolores.ee\/wp-content\/uploads\/2025\/04\/logo-1.jpg","contentUrl":"https:\/\/dolores.ee\/wp-content\/uploads\/2025\/04\/logo-1.jpg","width":1951,"height":660,"caption":"Dolores O\u00dc"},"image":{"@id":"https:\/\/dolores.ee\/lv\/#\/schema\/logo\/image\/"},"sameAs":["https:\/\/www.facebook.com\/doloresepood\/"],"description":"Dolores.ee on kaasaegne veebipood, kust leiad tuntud kaubam\u00e4rkide \u2013 GIGI, Anna Lotan, Hikari, Hlavin \u2013 originaalkosmeetikat. Pakume kvaliteetseid hooldustooteid taskukohaste hindadega ja kiire kohaletoimetamisega \u00fcle Eesti. Nahahooldus pole kunagi olnud nii lihtne ja soodne!","email":"dolores@dolores.ee","telephone":"372 644 2440","legalName":"Dolores O\u00dc","foundingDate":"1998-02-09","vatID":"EE100050280","numberOfEmployees":{"@type":"QuantitativeValue","minValue":"11","maxValue":"50"}}]}},"_links":{"self":[{"href":"https:\/\/dolores.ee\/lv\/wp-json\/wp\/v2\/product\/1178","targetHints":{"allow":["GET"]}}],"collection":[{"href":"https:\/\/dolores.ee\/lv\/wp-json\/wp\/v2\/product"}],"about":[{"href":"https:\/\/dolores.ee\/lv\/wp-json\/wp\/v2\/types\/product"}],"replies":[{"embeddable":true,"href":"https:\/\/dolores.ee\/lv\/wp-json\/wp\/v2\/comments?post=1178"}],"version-history":[{"count":1,"href":"https:\/\/dolores.ee\/lv\/wp-json\/wp\/v2\/product\/1178\/revisions"}],"predecessor-version":[{"id":1000607,"href":"https:\/\/dolores.ee\/lv\/wp-json\/wp\/v2\/product\/1178\/revisions\/1000607"}],"wp:featuredmedia":[{"embeddable":true,"href":"https:\/\/dolores.ee\/lv\/wp-json\/wp\/v2\/media\/609"}],"wp:attachment":[{"href":"https:\/\/dolores.ee\/lv\/wp-json\/wp\/v2\/media?parent=1178"}],"wp:term":[{"taxonomy":"product_brand","embeddable":true,"href":"https:\/\/dolores.ee\/lv\/wp-json\/wp\/v2\/product_brand?post=1178"},{"taxonomy":"product_cat","embeddable":true,"href":"https:\/\/dolores.ee\/lv\/wp-json\/wp\/v2\/product_cat?post=1178"},{"taxonomy":"product_tag","embeddable":true,"href":"https:\/\/dolores.ee\/lv\/wp-json\/wp\/v2\/product_tag?post=1178"},{"taxonomy":"giftcard-category","embeddable":true,"href":"https:\/\/dolores.ee\/lv\/wp-json\/wp\/v2\/giftcard-category?post=1178"}],"curies":[{"name":"wp","href":"https:\/\/api.w.org\/{rel}","templated":true}]}}