{"id":1188,"date":"2020-08-13T12:59:44","date_gmt":"2020-08-11T07:39:25","guid":{"rendered":"https:\/\/dolores.ee\/product\/gigi-nutri-peptide-hydra-vitality-mask-50ml\/"},"modified":"2026-01-30T08:45:26","modified_gmt":"2026-01-30T06:45:26","slug":"gigi-nutri-peptide-hydra-vitality-mask-50ml","status":"publish","type":"product","link":"https:\/\/dolores.ee\/lv\/toode\/gigi-nutri-peptide-hydra-vitality-mask-50ml\/","title":{"rendered":"GIGI Nutri-Peptide Hydra Vitality Mask 50ml"},"content":{"rendered":"<div class=\"vgblk-rw-wrapper limit-wrapper\">Niisutav mask on rikastatud koostisainetega, mis soodustavad kahjustatud naha taastumist ja naha normaalseks talitluseks vajalike varude loomist. Mask sisaldab unikaalset kompleksi, mis muundab valguse energiaks. Vetikaekstrakti kapslid peptiidiga stimuleerivad eluliselt vajaliku energia tootmist, mis kulub kollageenkiudude taastumiseks. Lisaks sellele sisaldab mask madala molekulaarkaaluga looduslikku pol\u00fcsahhariidi, mis parandab naha erinevaid funktsioone. Mask v\u00f5itleb aktiivselt kortsude vastu ja aktiveerib naha siseressursse.<br \/>\nEelised:<\/p>\n<p>niisutab silmapilkselt nahka;<br \/>\nkiirendab taastumisprotsesse;<br \/>\ntugevdab kaitsebarj\u00e4\u00e4ri ja ennetab kuivamist;<br \/>\nstimuleerib kollageeni tootmist ja tugevdab n\u00e4okontuure;<br \/>\nteeb naha pehmemaks ja elastsemaks;<br \/>\nennetab kortsude teket ja eemaldab nahakuivusest tingitud kortse;<br \/>\nsobib k\u00f5ikidele nahat\u00fc\u00fcpidele.<\/p>\n<p>Kasutamine:\u00a0masseerida kreem puhtasse nahka kuni t\u00e4ieliku imendumiseni. Pinge- v\u00f5i kuivustunde tekkimise korral soovitatakse masseerimist korrata.<br \/>\nKoostis: \u00a0Water (Aqua), Glycerin, Glyceryl Stearate SE, Caprylic\/Capric Triglyceride, Palmitic Acid, Propanediol, C12-15 Alkyl Benzoate, Galactoarabinan, Stearic Acid,\u00a0Cetearyl Ethylhexanoate, Dimethicone, Sodium Cetyl Sufate, Phenoxyethanol, Fragrance (Parfum), Triethanolamine, Chlorphenesin, Disodium EDTA, Caprylyl Glycol, Xanthan Gum, Sodium Hydroxide, Glyceryl Caprylate, Phenylpropanol, Lactic Acid\/ Glycolic Acid Copolymer, Chlorella Vulgaris Extract, Polyvinyl Alcohol, Heptapeptide-15 Palmitate, Geraniol, Linalool.<br \/>\n\u00a0<\/p><\/div>\n<p><!-- .vgblk-rw-wrapper --><\/p>\n","protected":false},"excerpt":{"rendered":"<p>GIGI Nutri-Peptide Hydra Vitality Mask 50ml<\/p>\n","protected":false},"featured_media":649,"comment_status":"open","ping_status":"closed","template":"","meta":[],"product_brand":[],"product_cat":[768,99,280,119,399,464],"product_tag":[460],"giftcard-category":[],"class_list":{"0":"post-1188","1":"product","2":"type-product","3":"status-publish","4":"has-post-thumbnail","6":"product_cat-nahahooldus-kulmal-ajal","7":"product_cat-gigi-et","8":"product_cat-nutri-peptide-et","9":"product_cat-maskid","10":"product_cat-ale","11":"product_cat-niisutavad-tooted","12":"product_tag-kosmeetika","14":"first","15":"instock","16":"taxable","17":"shipping-taxable","18":"purchasable","19":"product-type-simple"},"yoast_head":"<!-- This site is optimized with the Yoast SEO Premium plugin v25.1 (Yoast SEO v25.7) - https:\/\/yoast.com\/wordpress\/plugins\/seo\/ -->\n<title>GIGI Nutri-Peptide Hydra Vitality Mask 50ml ~ Dolores<\/title>\n<meta name=\"robots\" content=\"index, follow, max-snippet:-1, max-image-preview:large, max-video-preview:-1\" \/>\n<link rel=\"canonical\" href=\"https:\/\/dolores.ee\/lv\/toode\/gigi-nutri-peptide-hydra-vitality-mask-50ml\/\" \/>\n<meta property=\"og:locale\" content=\"lv_LV\" \/>\n<meta property=\"og:type\" content=\"article\" \/>\n<meta property=\"og:title\" content=\"GIGI Nutri-Peptide Hydra Vitality Mask 50ml\" \/>\n<meta property=\"og:description\" content=\"GIGI Nutri-Peptide Hydra Vitality Mask 50ml\" \/>\n<meta property=\"og:url\" content=\"https:\/\/dolores.ee\/lv\/toode\/gigi-nutri-peptide-hydra-vitality-mask-50ml\/\" \/>\n<meta property=\"og:site_name\" content=\"Dolores\" \/>\n<meta property=\"article:publisher\" content=\"https:\/\/www.facebook.com\/doloresepood\/\" \/>\n<meta property=\"article:modified_time\" content=\"2026-01-30T06:45:26+00:00\" \/>\n<meta property=\"og:image\" content=\"https:\/\/dolores.ee\/wp-content\/uploads\/2020\/08\/HYDRA-VITALITY-MASK-11508a-scaled.jpg\" \/>\n\t<meta property=\"og:image:width\" content=\"748\" \/>\n\t<meta property=\"og:image:height\" content=\"1920\" \/>\n\t<meta property=\"og:image:type\" content=\"image\/jpeg\" \/>\n<meta name=\"twitter:card\" content=\"summary_large_image\" \/>\n<meta name=\"twitter:label1\" content=\"Est. reading time\" \/>\n\t<meta name=\"twitter:data1\" content=\"1 minute\" \/>\n<script type=\"application\/ld+json\" class=\"yoast-schema-graph\">{\"@context\":\"https:\/\/schema.org\",\"@graph\":[{\"@type\":\"WebPage\",\"@id\":\"https:\/\/dolores.ee\/lv\/toode\/gigi-nutri-peptide-hydra-vitality-mask-50ml\/\",\"url\":\"https:\/\/dolores.ee\/lv\/toode\/gigi-nutri-peptide-hydra-vitality-mask-50ml\/\",\"name\":\"GIGI Nutri-Peptide Hydra Vitality Mask 50ml ~ Dolores\",\"isPartOf\":{\"@id\":\"https:\/\/dolores.ee\/lv\/#website\"},\"primaryImageOfPage\":{\"@id\":\"https:\/\/dolores.ee\/lv\/toode\/gigi-nutri-peptide-hydra-vitality-mask-50ml\/#primaryimage\"},\"image\":{\"@id\":\"https:\/\/dolores.ee\/lv\/toode\/gigi-nutri-peptide-hydra-vitality-mask-50ml\/#primaryimage\"},\"thumbnailUrl\":\"https:\/\/dolores.ee\/wp-content\/uploads\/2020\/08\/HYDRA-VITALITY-MASK-11508a-scaled.jpg\",\"datePublished\":\"2020-08-11T07:39:25+00:00\",\"dateModified\":\"2026-01-30T06:45:26+00:00\",\"breadcrumb\":{\"@id\":\"https:\/\/dolores.ee\/lv\/toode\/gigi-nutri-peptide-hydra-vitality-mask-50ml\/#breadcrumb\"},\"inLanguage\":\"lv-LV\",\"potentialAction\":[{\"@type\":\"ReadAction\",\"target\":[\"https:\/\/dolores.ee\/lv\/toode\/gigi-nutri-peptide-hydra-vitality-mask-50ml\/\"]}]},{\"@type\":\"ImageObject\",\"inLanguage\":\"lv-LV\",\"@id\":\"https:\/\/dolores.ee\/lv\/toode\/gigi-nutri-peptide-hydra-vitality-mask-50ml\/#primaryimage\",\"url\":\"https:\/\/dolores.ee\/wp-content\/uploads\/2020\/08\/HYDRA-VITALITY-MASK-11508a-scaled.jpg\",\"contentUrl\":\"https:\/\/dolores.ee\/wp-content\/uploads\/2020\/08\/HYDRA-VITALITY-MASK-11508a-scaled.jpg\",\"width\":748,\"height\":1920,\"caption\":\"N\u00e4omaskid\"},{\"@type\":\"BreadcrumbList\",\"@id\":\"https:\/\/dolores.ee\/lv\/toode\/gigi-nutri-peptide-hydra-vitality-mask-50ml\/#breadcrumb\",\"itemListElement\":[{\"@type\":\"ListItem\",\"position\":1,\"name\":\"Home\",\"item\":\"https:\/\/dolores.ee\/lv\/\"},{\"@type\":\"ListItem\",\"position\":2,\"name\":\"E-veikals\",\"item\":\"https:\/\/dolores.ee\/lv\/e-veikals\/\"},{\"@type\":\"ListItem\",\"position\":3,\"name\":\"GIGI Nutri-Peptide Hydra Vitality Mask 50ml\"}]},{\"@type\":\"WebSite\",\"@id\":\"https:\/\/dolores.ee\/lv\/#website\",\"url\":\"https:\/\/dolores.ee\/lv\/\",\"name\":\"Dolores e-pood\",\"description\":\"Beauty Shop\",\"publisher\":{\"@id\":\"https:\/\/dolores.ee\/lv\/#organization\"},\"alternateName\":\"Dolores\",\"potentialAction\":[{\"@type\":\"SearchAction\",\"target\":{\"@type\":\"EntryPoint\",\"urlTemplate\":\"https:\/\/dolores.ee\/lv\/?s={search_term_string}\"},\"query-input\":{\"@type\":\"PropertyValueSpecification\",\"valueRequired\":true,\"valueName\":\"search_term_string\"}}],\"inLanguage\":\"lv-LV\"},{\"@type\":\"Organization\",\"@id\":\"https:\/\/dolores.ee\/lv\/#organization\",\"name\":\"Dolores O\u00dc\",\"alternateName\":\"Dolores e-pood\",\"url\":\"https:\/\/dolores.ee\/lv\/\",\"logo\":{\"@type\":\"ImageObject\",\"inLanguage\":\"lv-LV\",\"@id\":\"https:\/\/dolores.ee\/lv\/#\/schema\/logo\/image\/\",\"url\":\"https:\/\/dolores.ee\/wp-content\/uploads\/2025\/04\/logo-1.jpg\",\"contentUrl\":\"https:\/\/dolores.ee\/wp-content\/uploads\/2025\/04\/logo-1.jpg\",\"width\":1951,\"height\":660,\"caption\":\"Dolores O\u00dc\"},\"image\":{\"@id\":\"https:\/\/dolores.ee\/lv\/#\/schema\/logo\/image\/\"},\"sameAs\":[\"https:\/\/www.facebook.com\/doloresepood\/\"],\"description\":\"Dolores.ee on kaasaegne veebipood, kust leiad tuntud kaubam\u00e4rkide \u2013 GIGI, Anna Lotan, Hikari, Hlavin \u2013 originaalkosmeetikat. Pakume kvaliteetseid hooldustooteid taskukohaste hindadega ja kiire kohaletoimetamisega \u00fcle Eesti. Nahahooldus pole kunagi olnud nii lihtne ja soodne!\",\"email\":\"dolores@dolores.ee\",\"telephone\":\"372 644 2440\",\"legalName\":\"Dolores O\u00dc\",\"foundingDate\":\"1998-02-09\",\"vatID\":\"EE100050280\",\"numberOfEmployees\":{\"@type\":\"QuantitativeValue\",\"minValue\":\"11\",\"maxValue\":\"50\"}}]}<\/script>\n<!-- \/ Yoast SEO Premium plugin. -->","yoast_head_json":{"title":"GIGI Nutri-Peptide Hydra Vitality Mask 50ml ~ Dolores","robots":{"index":"index","follow":"follow","max-snippet":"max-snippet:-1","max-image-preview":"max-image-preview:large","max-video-preview":"max-video-preview:-1"},"canonical":"https:\/\/dolores.ee\/lv\/toode\/gigi-nutri-peptide-hydra-vitality-mask-50ml\/","og_locale":"lv_LV","og_type":"article","og_title":"GIGI Nutri-Peptide Hydra Vitality Mask 50ml","og_description":"GIGI Nutri-Peptide Hydra Vitality Mask 50ml","og_url":"https:\/\/dolores.ee\/lv\/toode\/gigi-nutri-peptide-hydra-vitality-mask-50ml\/","og_site_name":"Dolores","article_publisher":"https:\/\/www.facebook.com\/doloresepood\/","article_modified_time":"2026-01-30T06:45:26+00:00","og_image":[{"width":748,"height":1920,"url":"https:\/\/dolores.ee\/wp-content\/uploads\/2020\/08\/HYDRA-VITALITY-MASK-11508a-scaled.jpg","type":"image\/jpeg"}],"twitter_card":"summary_large_image","twitter_misc":{"Est. reading time":"1 minute"},"schema":{"@context":"https:\/\/schema.org","@graph":[{"@type":"WebPage","@id":"https:\/\/dolores.ee\/lv\/toode\/gigi-nutri-peptide-hydra-vitality-mask-50ml\/","url":"https:\/\/dolores.ee\/lv\/toode\/gigi-nutri-peptide-hydra-vitality-mask-50ml\/","name":"GIGI Nutri-Peptide Hydra Vitality Mask 50ml ~ Dolores","isPartOf":{"@id":"https:\/\/dolores.ee\/lv\/#website"},"primaryImageOfPage":{"@id":"https:\/\/dolores.ee\/lv\/toode\/gigi-nutri-peptide-hydra-vitality-mask-50ml\/#primaryimage"},"image":{"@id":"https:\/\/dolores.ee\/lv\/toode\/gigi-nutri-peptide-hydra-vitality-mask-50ml\/#primaryimage"},"thumbnailUrl":"https:\/\/dolores.ee\/wp-content\/uploads\/2020\/08\/HYDRA-VITALITY-MASK-11508a-scaled.jpg","datePublished":"2020-08-11T07:39:25+00:00","dateModified":"2026-01-30T06:45:26+00:00","breadcrumb":{"@id":"https:\/\/dolores.ee\/lv\/toode\/gigi-nutri-peptide-hydra-vitality-mask-50ml\/#breadcrumb"},"inLanguage":"lv-LV","potentialAction":[{"@type":"ReadAction","target":["https:\/\/dolores.ee\/lv\/toode\/gigi-nutri-peptide-hydra-vitality-mask-50ml\/"]}]},{"@type":"ImageObject","inLanguage":"lv-LV","@id":"https:\/\/dolores.ee\/lv\/toode\/gigi-nutri-peptide-hydra-vitality-mask-50ml\/#primaryimage","url":"https:\/\/dolores.ee\/wp-content\/uploads\/2020\/08\/HYDRA-VITALITY-MASK-11508a-scaled.jpg","contentUrl":"https:\/\/dolores.ee\/wp-content\/uploads\/2020\/08\/HYDRA-VITALITY-MASK-11508a-scaled.jpg","width":748,"height":1920,"caption":"N\u00e4omaskid"},{"@type":"BreadcrumbList","@id":"https:\/\/dolores.ee\/lv\/toode\/gigi-nutri-peptide-hydra-vitality-mask-50ml\/#breadcrumb","itemListElement":[{"@type":"ListItem","position":1,"name":"Home","item":"https:\/\/dolores.ee\/lv\/"},{"@type":"ListItem","position":2,"name":"E-veikals","item":"https:\/\/dolores.ee\/lv\/e-veikals\/"},{"@type":"ListItem","position":3,"name":"GIGI Nutri-Peptide Hydra Vitality Mask 50ml"}]},{"@type":"WebSite","@id":"https:\/\/dolores.ee\/lv\/#website","url":"https:\/\/dolores.ee\/lv\/","name":"Dolores e-pood","description":"Beauty Shop","publisher":{"@id":"https:\/\/dolores.ee\/lv\/#organization"},"alternateName":"Dolores","potentialAction":[{"@type":"SearchAction","target":{"@type":"EntryPoint","urlTemplate":"https:\/\/dolores.ee\/lv\/?s={search_term_string}"},"query-input":{"@type":"PropertyValueSpecification","valueRequired":true,"valueName":"search_term_string"}}],"inLanguage":"lv-LV"},{"@type":"Organization","@id":"https:\/\/dolores.ee\/lv\/#organization","name":"Dolores O\u00dc","alternateName":"Dolores e-pood","url":"https:\/\/dolores.ee\/lv\/","logo":{"@type":"ImageObject","inLanguage":"lv-LV","@id":"https:\/\/dolores.ee\/lv\/#\/schema\/logo\/image\/","url":"https:\/\/dolores.ee\/wp-content\/uploads\/2025\/04\/logo-1.jpg","contentUrl":"https:\/\/dolores.ee\/wp-content\/uploads\/2025\/04\/logo-1.jpg","width":1951,"height":660,"caption":"Dolores O\u00dc"},"image":{"@id":"https:\/\/dolores.ee\/lv\/#\/schema\/logo\/image\/"},"sameAs":["https:\/\/www.facebook.com\/doloresepood\/"],"description":"Dolores.ee on kaasaegne veebipood, kust leiad tuntud kaubam\u00e4rkide \u2013 GIGI, Anna Lotan, Hikari, Hlavin \u2013 originaalkosmeetikat. Pakume kvaliteetseid hooldustooteid taskukohaste hindadega ja kiire kohaletoimetamisega \u00fcle Eesti. Nahahooldus pole kunagi olnud nii lihtne ja soodne!","email":"dolores@dolores.ee","telephone":"372 644 2440","legalName":"Dolores O\u00dc","foundingDate":"1998-02-09","vatID":"EE100050280","numberOfEmployees":{"@type":"QuantitativeValue","minValue":"11","maxValue":"50"}}]}},"_links":{"self":[{"href":"https:\/\/dolores.ee\/lv\/wp-json\/wp\/v2\/product\/1188","targetHints":{"allow":["GET"]}}],"collection":[{"href":"https:\/\/dolores.ee\/lv\/wp-json\/wp\/v2\/product"}],"about":[{"href":"https:\/\/dolores.ee\/lv\/wp-json\/wp\/v2\/types\/product"}],"replies":[{"embeddable":true,"href":"https:\/\/dolores.ee\/lv\/wp-json\/wp\/v2\/comments?post=1188"}],"version-history":[{"count":1,"href":"https:\/\/dolores.ee\/lv\/wp-json\/wp\/v2\/product\/1188\/revisions"}],"predecessor-version":[{"id":1000274,"href":"https:\/\/dolores.ee\/lv\/wp-json\/wp\/v2\/product\/1188\/revisions\/1000274"}],"wp:featuredmedia":[{"embeddable":true,"href":"https:\/\/dolores.ee\/lv\/wp-json\/wp\/v2\/media\/649"}],"wp:attachment":[{"href":"https:\/\/dolores.ee\/lv\/wp-json\/wp\/v2\/media?parent=1188"}],"wp:term":[{"taxonomy":"product_brand","embeddable":true,"href":"https:\/\/dolores.ee\/lv\/wp-json\/wp\/v2\/product_brand?post=1188"},{"taxonomy":"product_cat","embeddable":true,"href":"https:\/\/dolores.ee\/lv\/wp-json\/wp\/v2\/product_cat?post=1188"},{"taxonomy":"product_tag","embeddable":true,"href":"https:\/\/dolores.ee\/lv\/wp-json\/wp\/v2\/product_tag?post=1188"},{"taxonomy":"giftcard-category","embeddable":true,"href":"https:\/\/dolores.ee\/lv\/wp-json\/wp\/v2\/giftcard-category?post=1188"}],"curies":[{"name":"wp","href":"https:\/\/api.w.org\/{rel}","templated":true}]}}