{"id":1194,"date":"2020-08-13T12:59:49","date_gmt":"2020-08-11T07:39:30","guid":{"rendered":"https:\/\/dolores.ee\/product\/gigi-nutri-peptide-vitality-serum-30ml\/"},"modified":"2026-04-16T10:42:06","modified_gmt":"2026-04-16T07:42:06","slug":"gigi-nutri-peptide-vitality-serum-30ml","status":"publish","type":"product","link":"https:\/\/dolores.ee\/lv\/toode\/gigi-nutri-peptide-vitality-serum-30ml\/","title":{"rendered":"GIGI Nutri-Peptide Vitality Serum 30ml"},"content":{"rendered":"<div class=\"vgblk-rw-wrapper limit-wrapper\">Vitality seerum<br \/>\nRikkalik sametja tekstuuriga seerum sisaldab unikaalset peptiidide ja toitainete kompleksi, mis v\u00e4hendab olulisel m\u00e4\u00e4ral vananemism\u00e4rke. J\u00e4tab naha sileda, niisutatud ja tugevana.<br \/>\nKasutamine: masseerida m\u00f5ned tilgad puhtasse nahka. Soovitatav kasutada alusena niisutava kreemi v\u00f5i Hydra Vitality maski alla.<br \/>\nKoostis: \u00a0Water (Aqua), \u00a0Isononyl Isononanoate, Caprylic\/Capric Triglyceride, Glycerin, Dimethicone, Pentylene Glycol, Arachidyl Alcohol, Phenoxyethanol, Behenyl Alcohol, Hydroxyethanol, Behenyl Alcohol, Hydroxyethyl Acrylate\/ \u00a0Sodium Acryloyldimethyl Taurate Copolymer, Isohexadecane, Tocopheryl Acetate, Arachidyl Glucoside, Fragrance (Parfum), Xanthan Gum, Chlorphenesin, Sorbitan Tristearate, Carboxymethyl \u00a0Cellulose, Polysorbate 60, Caprylyl Glycol, Sorbitan Isostearate, Disodium EDTA, Sodium Hydroxide, Glyceryl Caprylate, Lactic Acid\/ Glycolic Acid Copolymer, Phenylpropanol, Chlorella Vulgaris Extract, Polyvinyl Alcohol, Heptapeptide-15 Palmitate, Geraniol, Linalol.<br \/>\n\u00a0<\/div>\n<p><!-- .vgblk-rw-wrapper --><\/p>\n","protected":false},"excerpt":{"rendered":"<p>GIGI Nutri-Peptide Vitality Serum 30ml<\/p>\n","protected":false},"featured_media":673,"comment_status":"open","ping_status":"closed","template":"","meta":[],"product_brand":[],"product_cat":[99,280,137,399,464],"product_tag":[460],"giftcard-category":[],"class_list":{"0":"post-1194","1":"product","2":"type-product","3":"status-publish","4":"has-post-thumbnail","6":"product_cat-gigi-et","7":"product_cat-nutri-peptide-et","8":"product_cat-seerumid-olid","9":"product_cat-ale","10":"product_cat-niisutavad-tooted","11":"product_tag-kosmeetika","13":"first","14":"outofstock","15":"taxable","16":"shipping-taxable","17":"purchasable","18":"product-type-simple"},"yoast_head":"<!-- This site is optimized with the Yoast SEO Premium plugin v25.1 (Yoast SEO v25.7) - https:\/\/yoast.com\/wordpress\/plugins\/seo\/ -->\n<title>GIGI Nutri-Peptide Vitality Serum 30ml ~ Dolores<\/title>\n<meta name=\"robots\" content=\"index, follow, max-snippet:-1, max-image-preview:large, max-video-preview:-1\" \/>\n<link rel=\"canonical\" href=\"https:\/\/dolores.ee\/lv\/toode\/gigi-nutri-peptide-vitality-serum-30ml\/\" \/>\n<meta property=\"og:locale\" content=\"lv_LV\" \/>\n<meta property=\"og:type\" content=\"article\" \/>\n<meta property=\"og:title\" content=\"GIGI Nutri-Peptide Vitality Serum 30ml\" \/>\n<meta property=\"og:description\" content=\"GIGI Nutri-Peptide Vitality Serum 30ml\" \/>\n<meta property=\"og:url\" content=\"https:\/\/dolores.ee\/lv\/toode\/gigi-nutri-peptide-vitality-serum-30ml\/\" \/>\n<meta property=\"og:site_name\" content=\"Dolores\" \/>\n<meta property=\"article:publisher\" content=\"https:\/\/www.facebook.com\/doloresepood\/\" \/>\n<meta property=\"article:modified_time\" content=\"2026-04-16T07:42:06+00:00\" \/>\n<meta property=\"og:image\" content=\"https:\/\/dolores.ee\/wp-content\/uploads\/2020\/08\/VITALITY-SERUMa-scaled.jpg\" \/>\n\t<meta property=\"og:image:width\" content=\"1328\" \/>\n\t<meta property=\"og:image:height\" content=\"1920\" \/>\n\t<meta property=\"og:image:type\" content=\"image\/jpeg\" \/>\n<meta name=\"twitter:card\" content=\"summary_large_image\" \/>\n<meta name=\"twitter:label1\" content=\"Est. reading time\" \/>\n\t<meta name=\"twitter:data1\" content=\"1 minute\" \/>\n<script type=\"application\/ld+json\" class=\"yoast-schema-graph\">{\"@context\":\"https:\/\/schema.org\",\"@graph\":[{\"@type\":\"WebPage\",\"@id\":\"https:\/\/dolores.ee\/lv\/toode\/gigi-nutri-peptide-vitality-serum-30ml\/\",\"url\":\"https:\/\/dolores.ee\/lv\/toode\/gigi-nutri-peptide-vitality-serum-30ml\/\",\"name\":\"GIGI Nutri-Peptide Vitality Serum 30ml ~ Dolores\",\"isPartOf\":{\"@id\":\"https:\/\/dolores.ee\/lv\/#website\"},\"primaryImageOfPage\":{\"@id\":\"https:\/\/dolores.ee\/lv\/toode\/gigi-nutri-peptide-vitality-serum-30ml\/#primaryimage\"},\"image\":{\"@id\":\"https:\/\/dolores.ee\/lv\/toode\/gigi-nutri-peptide-vitality-serum-30ml\/#primaryimage\"},\"thumbnailUrl\":\"https:\/\/dolores.ee\/wp-content\/uploads\/2020\/08\/VITALITY-SERUMa-scaled.jpg\",\"datePublished\":\"2020-08-11T07:39:30+00:00\",\"dateModified\":\"2026-04-16T07:42:06+00:00\",\"breadcrumb\":{\"@id\":\"https:\/\/dolores.ee\/lv\/toode\/gigi-nutri-peptide-vitality-serum-30ml\/#breadcrumb\"},\"inLanguage\":\"lv-LV\",\"potentialAction\":[{\"@type\":\"ReadAction\",\"target\":[\"https:\/\/dolores.ee\/lv\/toode\/gigi-nutri-peptide-vitality-serum-30ml\/\"]}]},{\"@type\":\"ImageObject\",\"inLanguage\":\"lv-LV\",\"@id\":\"https:\/\/dolores.ee\/lv\/toode\/gigi-nutri-peptide-vitality-serum-30ml\/#primaryimage\",\"url\":\"https:\/\/dolores.ee\/wp-content\/uploads\/2020\/08\/VITALITY-SERUMa-scaled.jpg\",\"contentUrl\":\"https:\/\/dolores.ee\/wp-content\/uploads\/2020\/08\/VITALITY-SERUMa-scaled.jpg\",\"width\":1328,\"height\":1920},{\"@type\":\"BreadcrumbList\",\"@id\":\"https:\/\/dolores.ee\/lv\/toode\/gigi-nutri-peptide-vitality-serum-30ml\/#breadcrumb\",\"itemListElement\":[{\"@type\":\"ListItem\",\"position\":1,\"name\":\"Home\",\"item\":\"https:\/\/dolores.ee\/lv\/\"},{\"@type\":\"ListItem\",\"position\":2,\"name\":\"E-veikals\",\"item\":\"https:\/\/dolores.ee\/lv\/e-veikals\/\"},{\"@type\":\"ListItem\",\"position\":3,\"name\":\"GIGI Nutri-Peptide Vitality Serum 30ml\"}]},{\"@type\":\"WebSite\",\"@id\":\"https:\/\/dolores.ee\/lv\/#website\",\"url\":\"https:\/\/dolores.ee\/lv\/\",\"name\":\"Dolores e-pood\",\"description\":\"Beauty Shop\",\"publisher\":{\"@id\":\"https:\/\/dolores.ee\/lv\/#organization\"},\"alternateName\":\"Dolores\",\"potentialAction\":[{\"@type\":\"SearchAction\",\"target\":{\"@type\":\"EntryPoint\",\"urlTemplate\":\"https:\/\/dolores.ee\/lv\/?s={search_term_string}\"},\"query-input\":{\"@type\":\"PropertyValueSpecification\",\"valueRequired\":true,\"valueName\":\"search_term_string\"}}],\"inLanguage\":\"lv-LV\"},{\"@type\":\"Organization\",\"@id\":\"https:\/\/dolores.ee\/lv\/#organization\",\"name\":\"Dolores O\u00dc\",\"alternateName\":\"Dolores e-pood\",\"url\":\"https:\/\/dolores.ee\/lv\/\",\"logo\":{\"@type\":\"ImageObject\",\"inLanguage\":\"lv-LV\",\"@id\":\"https:\/\/dolores.ee\/lv\/#\/schema\/logo\/image\/\",\"url\":\"https:\/\/dolores.ee\/wp-content\/uploads\/2025\/04\/logo-1.jpg\",\"contentUrl\":\"https:\/\/dolores.ee\/wp-content\/uploads\/2025\/04\/logo-1.jpg\",\"width\":1951,\"height\":660,\"caption\":\"Dolores O\u00dc\"},\"image\":{\"@id\":\"https:\/\/dolores.ee\/lv\/#\/schema\/logo\/image\/\"},\"sameAs\":[\"https:\/\/www.facebook.com\/doloresepood\/\"],\"description\":\"Dolores.ee on kaasaegne veebipood, kust leiad tuntud kaubam\u00e4rkide \u2013 GIGI, Anna Lotan, Hikari, Hlavin \u2013 originaalkosmeetikat. Pakume kvaliteetseid hooldustooteid taskukohaste hindadega ja kiire kohaletoimetamisega \u00fcle Eesti. Nahahooldus pole kunagi olnud nii lihtne ja soodne!\",\"email\":\"dolores@dolores.ee\",\"telephone\":\"372 644 2440\",\"legalName\":\"Dolores O\u00dc\",\"foundingDate\":\"1998-02-09\",\"vatID\":\"EE100050280\",\"numberOfEmployees\":{\"@type\":\"QuantitativeValue\",\"minValue\":\"11\",\"maxValue\":\"50\"}}]}<\/script>\n<!-- \/ Yoast SEO Premium plugin. -->","yoast_head_json":{"title":"GIGI Nutri-Peptide Vitality Serum 30ml ~ Dolores","robots":{"index":"index","follow":"follow","max-snippet":"max-snippet:-1","max-image-preview":"max-image-preview:large","max-video-preview":"max-video-preview:-1"},"canonical":"https:\/\/dolores.ee\/lv\/toode\/gigi-nutri-peptide-vitality-serum-30ml\/","og_locale":"lv_LV","og_type":"article","og_title":"GIGI Nutri-Peptide Vitality Serum 30ml","og_description":"GIGI Nutri-Peptide Vitality Serum 30ml","og_url":"https:\/\/dolores.ee\/lv\/toode\/gigi-nutri-peptide-vitality-serum-30ml\/","og_site_name":"Dolores","article_publisher":"https:\/\/www.facebook.com\/doloresepood\/","article_modified_time":"2026-04-16T07:42:06+00:00","og_image":[{"width":1328,"height":1920,"url":"https:\/\/dolores.ee\/wp-content\/uploads\/2020\/08\/VITALITY-SERUMa-scaled.jpg","type":"image\/jpeg"}],"twitter_card":"summary_large_image","twitter_misc":{"Est. reading time":"1 minute"},"schema":{"@context":"https:\/\/schema.org","@graph":[{"@type":"WebPage","@id":"https:\/\/dolores.ee\/lv\/toode\/gigi-nutri-peptide-vitality-serum-30ml\/","url":"https:\/\/dolores.ee\/lv\/toode\/gigi-nutri-peptide-vitality-serum-30ml\/","name":"GIGI Nutri-Peptide Vitality Serum 30ml ~ Dolores","isPartOf":{"@id":"https:\/\/dolores.ee\/lv\/#website"},"primaryImageOfPage":{"@id":"https:\/\/dolores.ee\/lv\/toode\/gigi-nutri-peptide-vitality-serum-30ml\/#primaryimage"},"image":{"@id":"https:\/\/dolores.ee\/lv\/toode\/gigi-nutri-peptide-vitality-serum-30ml\/#primaryimage"},"thumbnailUrl":"https:\/\/dolores.ee\/wp-content\/uploads\/2020\/08\/VITALITY-SERUMa-scaled.jpg","datePublished":"2020-08-11T07:39:30+00:00","dateModified":"2026-04-16T07:42:06+00:00","breadcrumb":{"@id":"https:\/\/dolores.ee\/lv\/toode\/gigi-nutri-peptide-vitality-serum-30ml\/#breadcrumb"},"inLanguage":"lv-LV","potentialAction":[{"@type":"ReadAction","target":["https:\/\/dolores.ee\/lv\/toode\/gigi-nutri-peptide-vitality-serum-30ml\/"]}]},{"@type":"ImageObject","inLanguage":"lv-LV","@id":"https:\/\/dolores.ee\/lv\/toode\/gigi-nutri-peptide-vitality-serum-30ml\/#primaryimage","url":"https:\/\/dolores.ee\/wp-content\/uploads\/2020\/08\/VITALITY-SERUMa-scaled.jpg","contentUrl":"https:\/\/dolores.ee\/wp-content\/uploads\/2020\/08\/VITALITY-SERUMa-scaled.jpg","width":1328,"height":1920},{"@type":"BreadcrumbList","@id":"https:\/\/dolores.ee\/lv\/toode\/gigi-nutri-peptide-vitality-serum-30ml\/#breadcrumb","itemListElement":[{"@type":"ListItem","position":1,"name":"Home","item":"https:\/\/dolores.ee\/lv\/"},{"@type":"ListItem","position":2,"name":"E-veikals","item":"https:\/\/dolores.ee\/lv\/e-veikals\/"},{"@type":"ListItem","position":3,"name":"GIGI Nutri-Peptide Vitality Serum 30ml"}]},{"@type":"WebSite","@id":"https:\/\/dolores.ee\/lv\/#website","url":"https:\/\/dolores.ee\/lv\/","name":"Dolores e-pood","description":"Beauty Shop","publisher":{"@id":"https:\/\/dolores.ee\/lv\/#organization"},"alternateName":"Dolores","potentialAction":[{"@type":"SearchAction","target":{"@type":"EntryPoint","urlTemplate":"https:\/\/dolores.ee\/lv\/?s={search_term_string}"},"query-input":{"@type":"PropertyValueSpecification","valueRequired":true,"valueName":"search_term_string"}}],"inLanguage":"lv-LV"},{"@type":"Organization","@id":"https:\/\/dolores.ee\/lv\/#organization","name":"Dolores O\u00dc","alternateName":"Dolores e-pood","url":"https:\/\/dolores.ee\/lv\/","logo":{"@type":"ImageObject","inLanguage":"lv-LV","@id":"https:\/\/dolores.ee\/lv\/#\/schema\/logo\/image\/","url":"https:\/\/dolores.ee\/wp-content\/uploads\/2025\/04\/logo-1.jpg","contentUrl":"https:\/\/dolores.ee\/wp-content\/uploads\/2025\/04\/logo-1.jpg","width":1951,"height":660,"caption":"Dolores O\u00dc"},"image":{"@id":"https:\/\/dolores.ee\/lv\/#\/schema\/logo\/image\/"},"sameAs":["https:\/\/www.facebook.com\/doloresepood\/"],"description":"Dolores.ee on kaasaegne veebipood, kust leiad tuntud kaubam\u00e4rkide \u2013 GIGI, Anna Lotan, Hikari, Hlavin \u2013 originaalkosmeetikat. Pakume kvaliteetseid hooldustooteid taskukohaste hindadega ja kiire kohaletoimetamisega \u00fcle Eesti. Nahahooldus pole kunagi olnud nii lihtne ja soodne!","email":"dolores@dolores.ee","telephone":"372 644 2440","legalName":"Dolores O\u00dc","foundingDate":"1998-02-09","vatID":"EE100050280","numberOfEmployees":{"@type":"QuantitativeValue","minValue":"11","maxValue":"50"}}]}},"_links":{"self":[{"href":"https:\/\/dolores.ee\/lv\/wp-json\/wp\/v2\/product\/1194","targetHints":{"allow":["GET"]}}],"collection":[{"href":"https:\/\/dolores.ee\/lv\/wp-json\/wp\/v2\/product"}],"about":[{"href":"https:\/\/dolores.ee\/lv\/wp-json\/wp\/v2\/types\/product"}],"replies":[{"embeddable":true,"href":"https:\/\/dolores.ee\/lv\/wp-json\/wp\/v2\/comments?post=1194"}],"version-history":[{"count":0,"href":"https:\/\/dolores.ee\/lv\/wp-json\/wp\/v2\/product\/1194\/revisions"}],"wp:featuredmedia":[{"embeddable":true,"href":"https:\/\/dolores.ee\/lv\/wp-json\/wp\/v2\/media\/673"}],"wp:attachment":[{"href":"https:\/\/dolores.ee\/lv\/wp-json\/wp\/v2\/media?parent=1194"}],"wp:term":[{"taxonomy":"product_brand","embeddable":true,"href":"https:\/\/dolores.ee\/lv\/wp-json\/wp\/v2\/product_brand?post=1194"},{"taxonomy":"product_cat","embeddable":true,"href":"https:\/\/dolores.ee\/lv\/wp-json\/wp\/v2\/product_cat?post=1194"},{"taxonomy":"product_tag","embeddable":true,"href":"https:\/\/dolores.ee\/lv\/wp-json\/wp\/v2\/product_tag?post=1194"},{"taxonomy":"giftcard-category","embeddable":true,"href":"https:\/\/dolores.ee\/lv\/wp-json\/wp\/v2\/giftcard-category?post=1194"}],"curies":[{"name":"wp","href":"https:\/\/api.w.org\/{rel}","templated":true}]}}