{"id":1235,"date":"2020-08-13T13:00:22","date_gmt":"2020-08-11T07:39:57","guid":{"rendered":"https:\/\/dolores.ee\/product\/gigi-nutri-peptide-intense-cold-cream-50ml\/"},"modified":"2026-03-04T21:14:00","modified_gmt":"2026-03-04T19:14:00","slug":"gigi-nutri-peptide-intense-cold-cream-50ml","status":"publish","type":"product","link":"https:\/\/dolores.ee\/lv\/toode\/gigi-nutri-peptide-intense-cold-cream-50ml\/","title":{"rendered":"GIGI Nutri-Peptide Intense Cold Cream 50ml"},"content":{"rendered":"<div class=\"vgblk-rw-wrapper limit-wrapper\"><strong>K\u00f5ikidele nahat\u00fc\u00fcpidele<\/strong><\/p>\n<p>GiGi laboratooriumis spetsiaalselt p\u00f5hjamaade olude jaoks v\u00e4lja t\u00f6\u00f6tatud kreem maksimaalseks efektiivsuseks miinustemperatuuride ning k\u00fclma tuule puhul. V\u00e4hendab riski p\u00f5letikuliste protsesside tekkeks, mis toovad kaasa kiire niiskuskao, punetuse, naha\u00e4rrituse ning vananemisprotsesside k\u00e4ivitumise. Leevendab \u00e4rritust ning punetust, on kerge pleegitava m\u00f5juga, muudab naha v\u00e4rskeks ning s\u00e4ravaks.<br \/>\nPeptiidkreem toidab koheselt nahka, mis kannatab toitainete puuduse ning k\u00f5rgendatud kuivuse t\u00f5ttu. Piim- ja gl\u00fckoolhapped v\u00f5imaldavad peptiidkompleksil s\u00fcgavale nahasse tungida, s\u00fcnergeetiline efekt saavutatakse ka gl\u00fctsiini kasutades. Antioks\u00fcdantse kompleksina kasutatakse looduslikke vetikaekstrakte, mis on resistentsed madalate temperatuuride suhtes.<\/p>\n<p><strong>Kasutamisviis:<\/strong><br \/>\nKanda nahale, lasta kreemil t\u00e4ielikult imenduda. Soovitatakse kasutada iga kord, kui te tunnete naha pingulolekut v\u00f5i kuivust.<\/p>\n<p><strong>Koostis:<\/strong><br \/>\nWater (Aqua), Hydrogenated Polysobutene, Glyceryl Stearate SE, C12-15 Alkyl Benzoate, Castor Isostearate Succinate, Glycerin, Isopropyl Myristate, Cetyl Alcohol, Palmitic Acid, Cetearyl Ethylhexanoate, Stearic Acid, Phenoxyethanol, Triethanolamine, Fragrance (Parfum), Chlorphenesin, Sodium Lauryl Sulfate, Tetrasodium EDTA, Caprylyl Glycol, Sodium Hydroxide, Lactic Acid\/ Glycolic Acid Copolymer, Chlorella Vulgaris Extract, Polyvinyl Alcohol, Heptapeptide-15 Palmitate, Geranio<\/div>\n<p><!-- .vgblk-rw-wrapper --><\/p>\n","protected":false},"excerpt":{"rendered":"<p>Igap\u00e4evane intensiivne talvine kreem n\u00e4ole ja dekolteepiirkonnale<\/p>\n","protected":false},"featured_media":810,"comment_status":"open","ping_status":"closed","template":"","meta":[],"product_brand":[],"product_cat":[768,99,280,135,89,399,414],"product_tag":[460],"giftcard-category":[],"class_list":{"0":"post-1235","1":"product","2":"type-product","3":"status-publish","4":"has-post-thumbnail","6":"product_cat-nahahooldus-kulmal-ajal","7":"product_cat-gigi-et","8":"product_cat-nutri-peptide-et","9":"product_cat-2-naohooldus","10":"product_cat-paevakreemid","11":"product_cat-ale","12":"product_cat-kulm-ilm","13":"product_tag-kosmeetika","15":"first","16":"instock","17":"taxable","18":"shipping-taxable","19":"purchasable","20":"product-type-simple"},"yoast_head":"<!-- This site is optimized with the Yoast SEO Premium plugin v25.1 (Yoast SEO v25.7) - https:\/\/yoast.com\/wordpress\/plugins\/seo\/ -->\n<title>GIGI Nutri-Peptide Intense Cold Cream 50ml ~ Dolores<\/title>\n<meta name=\"robots\" content=\"index, follow, max-snippet:-1, max-image-preview:large, max-video-preview:-1\" \/>\n<link rel=\"canonical\" href=\"https:\/\/dolores.ee\/lv\/toode\/gigi-nutri-peptide-intense-cold-cream-50ml\/\" \/>\n<meta property=\"og:locale\" content=\"lv_LV\" \/>\n<meta property=\"og:type\" content=\"article\" \/>\n<meta property=\"og:title\" content=\"GIGI Nutri-Peptide Intense Cold Cream 50ml\" \/>\n<meta property=\"og:description\" content=\"Igap\u00e4evane intensiivne talvine kreem n\u00e4ole ja dekolteepiirkonnale\" \/>\n<meta property=\"og:url\" content=\"https:\/\/dolores.ee\/lv\/toode\/gigi-nutri-peptide-intense-cold-cream-50ml\/\" \/>\n<meta property=\"og:site_name\" content=\"Dolores\" \/>\n<meta property=\"article:publisher\" content=\"https:\/\/www.facebook.com\/doloresepood\/\" \/>\n<meta property=\"article:modified_time\" content=\"2026-03-04T19:14:00+00:00\" \/>\n<meta property=\"og:image\" content=\"https:\/\/dolores.ee\/wp-content\/uploads\/2020\/08\/thumbnail_intense-cold-cream-box.jpg\" \/>\n\t<meta property=\"og:image:width\" content=\"855\" \/>\n\t<meta property=\"og:image:height\" content=\"1280\" \/>\n\t<meta property=\"og:image:type\" content=\"image\/jpeg\" \/>\n<meta name=\"twitter:card\" content=\"summary_large_image\" \/>\n<meta name=\"twitter:label1\" content=\"Est. reading time\" \/>\n\t<meta name=\"twitter:data1\" content=\"1 minute\" \/>\n<script type=\"application\/ld+json\" class=\"yoast-schema-graph\">{\"@context\":\"https:\/\/schema.org\",\"@graph\":[{\"@type\":\"WebPage\",\"@id\":\"https:\/\/dolores.ee\/lv\/toode\/gigi-nutri-peptide-intense-cold-cream-50ml\/\",\"url\":\"https:\/\/dolores.ee\/lv\/toode\/gigi-nutri-peptide-intense-cold-cream-50ml\/\",\"name\":\"GIGI Nutri-Peptide Intense Cold Cream 50ml ~ Dolores\",\"isPartOf\":{\"@id\":\"https:\/\/dolores.ee\/lv\/#website\"},\"primaryImageOfPage\":{\"@id\":\"https:\/\/dolores.ee\/lv\/toode\/gigi-nutri-peptide-intense-cold-cream-50ml\/#primaryimage\"},\"image\":{\"@id\":\"https:\/\/dolores.ee\/lv\/toode\/gigi-nutri-peptide-intense-cold-cream-50ml\/#primaryimage\"},\"thumbnailUrl\":\"https:\/\/dolores.ee\/wp-content\/uploads\/2020\/08\/thumbnail_intense-cold-cream-box.jpg\",\"datePublished\":\"2020-08-11T07:39:57+00:00\",\"dateModified\":\"2026-03-04T19:14:00+00:00\",\"breadcrumb\":{\"@id\":\"https:\/\/dolores.ee\/lv\/toode\/gigi-nutri-peptide-intense-cold-cream-50ml\/#breadcrumb\"},\"inLanguage\":\"lv-LV\",\"potentialAction\":[{\"@type\":\"ReadAction\",\"target\":[\"https:\/\/dolores.ee\/lv\/toode\/gigi-nutri-peptide-intense-cold-cream-50ml\/\"]}]},{\"@type\":\"ImageObject\",\"inLanguage\":\"lv-LV\",\"@id\":\"https:\/\/dolores.ee\/lv\/toode\/gigi-nutri-peptide-intense-cold-cream-50ml\/#primaryimage\",\"url\":\"https:\/\/dolores.ee\/wp-content\/uploads\/2020\/08\/thumbnail_intense-cold-cream-box.jpg\",\"contentUrl\":\"https:\/\/dolores.ee\/wp-content\/uploads\/2020\/08\/thumbnail_intense-cold-cream-box.jpg\",\"width\":855,\"height\":1280},{\"@type\":\"BreadcrumbList\",\"@id\":\"https:\/\/dolores.ee\/lv\/toode\/gigi-nutri-peptide-intense-cold-cream-50ml\/#breadcrumb\",\"itemListElement\":[{\"@type\":\"ListItem\",\"position\":1,\"name\":\"Home\",\"item\":\"https:\/\/dolores.ee\/lv\/\"},{\"@type\":\"ListItem\",\"position\":2,\"name\":\"E-veikals\",\"item\":\"https:\/\/dolores.ee\/lv\/e-veikals\/\"},{\"@type\":\"ListItem\",\"position\":3,\"name\":\"GIGI Nutri-Peptide Intense Cold Cream 50ml\"}]},{\"@type\":\"WebSite\",\"@id\":\"https:\/\/dolores.ee\/lv\/#website\",\"url\":\"https:\/\/dolores.ee\/lv\/\",\"name\":\"Dolores e-pood\",\"description\":\"Beauty Shop\",\"publisher\":{\"@id\":\"https:\/\/dolores.ee\/lv\/#organization\"},\"alternateName\":\"Dolores\",\"potentialAction\":[{\"@type\":\"SearchAction\",\"target\":{\"@type\":\"EntryPoint\",\"urlTemplate\":\"https:\/\/dolores.ee\/lv\/?s={search_term_string}\"},\"query-input\":{\"@type\":\"PropertyValueSpecification\",\"valueRequired\":true,\"valueName\":\"search_term_string\"}}],\"inLanguage\":\"lv-LV\"},{\"@type\":\"Organization\",\"@id\":\"https:\/\/dolores.ee\/lv\/#organization\",\"name\":\"Dolores O\u00dc\",\"alternateName\":\"Dolores e-pood\",\"url\":\"https:\/\/dolores.ee\/lv\/\",\"logo\":{\"@type\":\"ImageObject\",\"inLanguage\":\"lv-LV\",\"@id\":\"https:\/\/dolores.ee\/lv\/#\/schema\/logo\/image\/\",\"url\":\"https:\/\/dolores.ee\/wp-content\/uploads\/2025\/04\/logo-1.jpg\",\"contentUrl\":\"https:\/\/dolores.ee\/wp-content\/uploads\/2025\/04\/logo-1.jpg\",\"width\":1951,\"height\":660,\"caption\":\"Dolores O\u00dc\"},\"image\":{\"@id\":\"https:\/\/dolores.ee\/lv\/#\/schema\/logo\/image\/\"},\"sameAs\":[\"https:\/\/www.facebook.com\/doloresepood\/\"],\"description\":\"Dolores.ee on kaasaegne veebipood, kust leiad tuntud kaubam\u00e4rkide \u2013 GIGI, Anna Lotan, Hikari, Hlavin \u2013 originaalkosmeetikat. Pakume kvaliteetseid hooldustooteid taskukohaste hindadega ja kiire kohaletoimetamisega \u00fcle Eesti. Nahahooldus pole kunagi olnud nii lihtne ja soodne!\",\"email\":\"dolores@dolores.ee\",\"telephone\":\"372 644 2440\",\"legalName\":\"Dolores O\u00dc\",\"foundingDate\":\"1998-02-09\",\"vatID\":\"EE100050280\",\"numberOfEmployees\":{\"@type\":\"QuantitativeValue\",\"minValue\":\"11\",\"maxValue\":\"50\"}}]}<\/script>\n<!-- \/ Yoast SEO Premium plugin. -->","yoast_head_json":{"title":"GIGI Nutri-Peptide Intense Cold Cream 50ml ~ Dolores","robots":{"index":"index","follow":"follow","max-snippet":"max-snippet:-1","max-image-preview":"max-image-preview:large","max-video-preview":"max-video-preview:-1"},"canonical":"https:\/\/dolores.ee\/lv\/toode\/gigi-nutri-peptide-intense-cold-cream-50ml\/","og_locale":"lv_LV","og_type":"article","og_title":"GIGI Nutri-Peptide Intense Cold Cream 50ml","og_description":"Igap\u00e4evane intensiivne talvine kreem n\u00e4ole ja dekolteepiirkonnale","og_url":"https:\/\/dolores.ee\/lv\/toode\/gigi-nutri-peptide-intense-cold-cream-50ml\/","og_site_name":"Dolores","article_publisher":"https:\/\/www.facebook.com\/doloresepood\/","article_modified_time":"2026-03-04T19:14:00+00:00","og_image":[{"width":855,"height":1280,"url":"https:\/\/dolores.ee\/wp-content\/uploads\/2020\/08\/thumbnail_intense-cold-cream-box.jpg","type":"image\/jpeg"}],"twitter_card":"summary_large_image","twitter_misc":{"Est. reading time":"1 minute"},"schema":{"@context":"https:\/\/schema.org","@graph":[{"@type":"WebPage","@id":"https:\/\/dolores.ee\/lv\/toode\/gigi-nutri-peptide-intense-cold-cream-50ml\/","url":"https:\/\/dolores.ee\/lv\/toode\/gigi-nutri-peptide-intense-cold-cream-50ml\/","name":"GIGI Nutri-Peptide Intense Cold Cream 50ml ~ Dolores","isPartOf":{"@id":"https:\/\/dolores.ee\/lv\/#website"},"primaryImageOfPage":{"@id":"https:\/\/dolores.ee\/lv\/toode\/gigi-nutri-peptide-intense-cold-cream-50ml\/#primaryimage"},"image":{"@id":"https:\/\/dolores.ee\/lv\/toode\/gigi-nutri-peptide-intense-cold-cream-50ml\/#primaryimage"},"thumbnailUrl":"https:\/\/dolores.ee\/wp-content\/uploads\/2020\/08\/thumbnail_intense-cold-cream-box.jpg","datePublished":"2020-08-11T07:39:57+00:00","dateModified":"2026-03-04T19:14:00+00:00","breadcrumb":{"@id":"https:\/\/dolores.ee\/lv\/toode\/gigi-nutri-peptide-intense-cold-cream-50ml\/#breadcrumb"},"inLanguage":"lv-LV","potentialAction":[{"@type":"ReadAction","target":["https:\/\/dolores.ee\/lv\/toode\/gigi-nutri-peptide-intense-cold-cream-50ml\/"]}]},{"@type":"ImageObject","inLanguage":"lv-LV","@id":"https:\/\/dolores.ee\/lv\/toode\/gigi-nutri-peptide-intense-cold-cream-50ml\/#primaryimage","url":"https:\/\/dolores.ee\/wp-content\/uploads\/2020\/08\/thumbnail_intense-cold-cream-box.jpg","contentUrl":"https:\/\/dolores.ee\/wp-content\/uploads\/2020\/08\/thumbnail_intense-cold-cream-box.jpg","width":855,"height":1280},{"@type":"BreadcrumbList","@id":"https:\/\/dolores.ee\/lv\/toode\/gigi-nutri-peptide-intense-cold-cream-50ml\/#breadcrumb","itemListElement":[{"@type":"ListItem","position":1,"name":"Home","item":"https:\/\/dolores.ee\/lv\/"},{"@type":"ListItem","position":2,"name":"E-veikals","item":"https:\/\/dolores.ee\/lv\/e-veikals\/"},{"@type":"ListItem","position":3,"name":"GIGI Nutri-Peptide Intense Cold Cream 50ml"}]},{"@type":"WebSite","@id":"https:\/\/dolores.ee\/lv\/#website","url":"https:\/\/dolores.ee\/lv\/","name":"Dolores e-pood","description":"Beauty Shop","publisher":{"@id":"https:\/\/dolores.ee\/lv\/#organization"},"alternateName":"Dolores","potentialAction":[{"@type":"SearchAction","target":{"@type":"EntryPoint","urlTemplate":"https:\/\/dolores.ee\/lv\/?s={search_term_string}"},"query-input":{"@type":"PropertyValueSpecification","valueRequired":true,"valueName":"search_term_string"}}],"inLanguage":"lv-LV"},{"@type":"Organization","@id":"https:\/\/dolores.ee\/lv\/#organization","name":"Dolores O\u00dc","alternateName":"Dolores e-pood","url":"https:\/\/dolores.ee\/lv\/","logo":{"@type":"ImageObject","inLanguage":"lv-LV","@id":"https:\/\/dolores.ee\/lv\/#\/schema\/logo\/image\/","url":"https:\/\/dolores.ee\/wp-content\/uploads\/2025\/04\/logo-1.jpg","contentUrl":"https:\/\/dolores.ee\/wp-content\/uploads\/2025\/04\/logo-1.jpg","width":1951,"height":660,"caption":"Dolores O\u00dc"},"image":{"@id":"https:\/\/dolores.ee\/lv\/#\/schema\/logo\/image\/"},"sameAs":["https:\/\/www.facebook.com\/doloresepood\/"],"description":"Dolores.ee on kaasaegne veebipood, kust leiad tuntud kaubam\u00e4rkide \u2013 GIGI, Anna Lotan, Hikari, Hlavin \u2013 originaalkosmeetikat. Pakume kvaliteetseid hooldustooteid taskukohaste hindadega ja kiire kohaletoimetamisega \u00fcle Eesti. Nahahooldus pole kunagi olnud nii lihtne ja soodne!","email":"dolores@dolores.ee","telephone":"372 644 2440","legalName":"Dolores O\u00dc","foundingDate":"1998-02-09","vatID":"EE100050280","numberOfEmployees":{"@type":"QuantitativeValue","minValue":"11","maxValue":"50"}}]}},"_links":{"self":[{"href":"https:\/\/dolores.ee\/lv\/wp-json\/wp\/v2\/product\/1235","targetHints":{"allow":["GET"]}}],"collection":[{"href":"https:\/\/dolores.ee\/lv\/wp-json\/wp\/v2\/product"}],"about":[{"href":"https:\/\/dolores.ee\/lv\/wp-json\/wp\/v2\/types\/product"}],"replies":[{"embeddable":true,"href":"https:\/\/dolores.ee\/lv\/wp-json\/wp\/v2\/comments?post=1235"}],"version-history":[{"count":1,"href":"https:\/\/dolores.ee\/lv\/wp-json\/wp\/v2\/product\/1235\/revisions"}],"predecessor-version":[{"id":1001024,"href":"https:\/\/dolores.ee\/lv\/wp-json\/wp\/v2\/product\/1235\/revisions\/1001024"}],"wp:featuredmedia":[{"embeddable":true,"href":"https:\/\/dolores.ee\/lv\/wp-json\/wp\/v2\/media\/810"}],"wp:attachment":[{"href":"https:\/\/dolores.ee\/lv\/wp-json\/wp\/v2\/media?parent=1235"}],"wp:term":[{"taxonomy":"product_brand","embeddable":true,"href":"https:\/\/dolores.ee\/lv\/wp-json\/wp\/v2\/product_brand?post=1235"},{"taxonomy":"product_cat","embeddable":true,"href":"https:\/\/dolores.ee\/lv\/wp-json\/wp\/v2\/product_cat?post=1235"},{"taxonomy":"product_tag","embeddable":true,"href":"https:\/\/dolores.ee\/lv\/wp-json\/wp\/v2\/product_tag?post=1235"},{"taxonomy":"giftcard-category","embeddable":true,"href":"https:\/\/dolores.ee\/lv\/wp-json\/wp\/v2\/giftcard-category?post=1235"}],"curies":[{"name":"wp","href":"https:\/\/api.w.org\/{rel}","templated":true}]}}