{"id":1239,"date":"2020-08-13T13:00:25","date_gmt":"2020-08-11T07:40:00","guid":{"rendered":"https:\/\/dolores.ee\/product\/gigi-aroma-essence-calendula-seep-koikidele-nahatuupidele-250-ml\/"},"modified":"2026-04-02T14:32:07","modified_gmt":"2026-04-02T11:32:07","slug":"gigi-aroma-essence-calendula-seep-koikidele-nahatuupidele-250-ml","status":"publish","type":"product","link":"https:\/\/dolores.ee\/lv\/toode\/gigi-aroma-essence-calendula-seep-koikidele-nahatuupidele-250-ml\/","title":{"rendered":"GIGI Aroma Essence Calendula Seep  k\u00f5ikidele nahat\u00fc\u00fcpidele 250 ml"},"content":{"rendered":"<div class=\"vgblk-rw-wrapper limit-wrapper\">Alkoholi- ja seebivaba v\u00e4rskendav ja nahka uuendav pesugeel. Sisaldab looduslikke koostisosi, mis niisutavad nahka ning annavad vitaalsuse.<\/p>\n<p>Kasutamine: Kanna toode niisketele n\u00e4puotstele, masseeri \u00f5rnalt nahal ning hiljem loputa rohke veega.<\/p>\n<p>Ingredients:\u00a0Water (Aqua), Sodium Laureth Sulfate, Disodium Cocoamphodiacetate, Coccamididopropyl Betaine, Lauryl Glucoside, Glycerin, Anthemis Nobilis Flower Extract, Acrylates\/C10-30 Alkyl Acrylates Crosspolymer, Phenoxyethanol, Methylparaben, Butylparaben, Ethylparaben, Propylparaben, Calendula Officialis Extract, Fragrance (Parfum), Triethanolamine, DMDM Hydantion, EDTA, Rosa Centifolia Flower Water, Cereus Grandiflorus (Cactus) Extract, Hamamalis Virginiana (Witch Hazel) Extract, Urtica Dioica (Nettle) Extract, Tocopheryl Acetate, Benzophenone, Yellow 6.<\/p><\/div>\n<p><!-- .vgblk-rw-wrapper --><\/p>\n","protected":false},"excerpt":{"rendered":"<p>GIGI Aroma Essence Calendula Seep k\u00f5ikidele nahat\u00fc\u00fcpidele 250 ml<\/p>\n","protected":false},"featured_media":345775,"comment_status":"open","ping_status":"closed","template":"","meta":[],"product_brand":[],"product_cat":[99,272,135,85,399],"product_tag":[460],"giftcard-category":[],"class_list":{"0":"post-1239","1":"product","2":"type-product","3":"status-publish","4":"has-post-thumbnail","6":"product_cat-gigi-et","7":"product_cat-aroma-essence-et","8":"product_cat-2-naohooldus","9":"product_cat-puhastus","10":"product_cat-ale","11":"product_tag-kosmeetika","13":"first","14":"instock","15":"taxable","16":"shipping-taxable","17":"purchasable","18":"product-type-simple"},"yoast_head":"<!-- This site is optimized with the Yoast SEO Premium plugin v25.1 (Yoast SEO v25.7) - https:\/\/yoast.com\/wordpress\/plugins\/seo\/ -->\n<title>GIGI Aroma Essence Calendula Seep k\u00f5ikidele nahat\u00fc\u00fcpidele 250 ml ~ Dolores<\/title>\n<meta name=\"robots\" content=\"index, follow, max-snippet:-1, max-image-preview:large, max-video-preview:-1\" \/>\n<link rel=\"canonical\" href=\"https:\/\/dolores.ee\/lv\/toode\/gigi-aroma-essence-calendula-seep-koikidele-nahatuupidele-250-ml\/\" \/>\n<meta property=\"og:locale\" content=\"lv_LV\" \/>\n<meta property=\"og:type\" content=\"article\" \/>\n<meta property=\"og:title\" content=\"GIGI Aroma Essence Calendula Seep k\u00f5ikidele nahat\u00fc\u00fcpidele 250 ml\" \/>\n<meta property=\"og:description\" content=\"GIGI Aroma Essence Calendula Seep k\u00f5ikidele nahat\u00fc\u00fcpidele 250 ml\" \/>\n<meta property=\"og:url\" content=\"https:\/\/dolores.ee\/lv\/toode\/gigi-aroma-essence-calendula-seep-koikidele-nahatuupidele-250-ml\/\" \/>\n<meta property=\"og:site_name\" content=\"Dolores\" \/>\n<meta property=\"article:publisher\" content=\"https:\/\/www.facebook.com\/doloresepood\/\" \/>\n<meta property=\"article:modified_time\" content=\"2026-04-02T11:32:07+00:00\" \/>\n<meta property=\"og:image\" content=\"https:\/\/dolores.ee\/wp-content\/uploads\/2020\/08\/32578-AE-Calendula-Soap.jpg\" \/>\n\t<meta property=\"og:image:width\" content=\"1920\" \/>\n\t<meta property=\"og:image:height\" content=\"1920\" \/>\n\t<meta property=\"og:image:type\" content=\"image\/jpeg\" \/>\n<meta name=\"twitter:card\" content=\"summary_large_image\" \/>\n<script type=\"application\/ld+json\" class=\"yoast-schema-graph\">{\"@context\":\"https:\/\/schema.org\",\"@graph\":[{\"@type\":\"WebPage\",\"@id\":\"https:\/\/dolores.ee\/lv\/toode\/gigi-aroma-essence-calendula-seep-koikidele-nahatuupidele-250-ml\/\",\"url\":\"https:\/\/dolores.ee\/lv\/toode\/gigi-aroma-essence-calendula-seep-koikidele-nahatuupidele-250-ml\/\",\"name\":\"GIGI Aroma Essence Calendula Seep k\u00f5ikidele nahat\u00fc\u00fcpidele 250 ml ~ Dolores\",\"isPartOf\":{\"@id\":\"https:\/\/dolores.ee\/lv\/#website\"},\"primaryImageOfPage\":{\"@id\":\"https:\/\/dolores.ee\/lv\/toode\/gigi-aroma-essence-calendula-seep-koikidele-nahatuupidele-250-ml\/#primaryimage\"},\"image\":{\"@id\":\"https:\/\/dolores.ee\/lv\/toode\/gigi-aroma-essence-calendula-seep-koikidele-nahatuupidele-250-ml\/#primaryimage\"},\"thumbnailUrl\":\"https:\/\/dolores.ee\/wp-content\/uploads\/2020\/08\/32578-AE-Calendula-Soap.jpg\",\"datePublished\":\"2020-08-11T07:40:00+00:00\",\"dateModified\":\"2026-04-02T11:32:07+00:00\",\"breadcrumb\":{\"@id\":\"https:\/\/dolores.ee\/lv\/toode\/gigi-aroma-essence-calendula-seep-koikidele-nahatuupidele-250-ml\/#breadcrumb\"},\"inLanguage\":\"lv-LV\",\"potentialAction\":[{\"@type\":\"ReadAction\",\"target\":[\"https:\/\/dolores.ee\/lv\/toode\/gigi-aroma-essence-calendula-seep-koikidele-nahatuupidele-250-ml\/\"]}]},{\"@type\":\"ImageObject\",\"inLanguage\":\"lv-LV\",\"@id\":\"https:\/\/dolores.ee\/lv\/toode\/gigi-aroma-essence-calendula-seep-koikidele-nahatuupidele-250-ml\/#primaryimage\",\"url\":\"https:\/\/dolores.ee\/wp-content\/uploads\/2020\/08\/32578-AE-Calendula-Soap.jpg\",\"contentUrl\":\"https:\/\/dolores.ee\/wp-content\/uploads\/2020\/08\/32578-AE-Calendula-Soap.jpg\",\"width\":1920,\"height\":1920},{\"@type\":\"BreadcrumbList\",\"@id\":\"https:\/\/dolores.ee\/lv\/toode\/gigi-aroma-essence-calendula-seep-koikidele-nahatuupidele-250-ml\/#breadcrumb\",\"itemListElement\":[{\"@type\":\"ListItem\",\"position\":1,\"name\":\"Home\",\"item\":\"https:\/\/dolores.ee\/lv\/\"},{\"@type\":\"ListItem\",\"position\":2,\"name\":\"E-veikals\",\"item\":\"https:\/\/dolores.ee\/lv\/e-veikals\/\"},{\"@type\":\"ListItem\",\"position\":3,\"name\":\"GIGI Aroma Essence Calendula Seep k\u00f5ikidele nahat\u00fc\u00fcpidele 250 ml\"}]},{\"@type\":\"WebSite\",\"@id\":\"https:\/\/dolores.ee\/lv\/#website\",\"url\":\"https:\/\/dolores.ee\/lv\/\",\"name\":\"Dolores e-pood\",\"description\":\"Beauty Shop\",\"publisher\":{\"@id\":\"https:\/\/dolores.ee\/lv\/#organization\"},\"alternateName\":\"Dolores\",\"potentialAction\":[{\"@type\":\"SearchAction\",\"target\":{\"@type\":\"EntryPoint\",\"urlTemplate\":\"https:\/\/dolores.ee\/lv\/?s={search_term_string}\"},\"query-input\":{\"@type\":\"PropertyValueSpecification\",\"valueRequired\":true,\"valueName\":\"search_term_string\"}}],\"inLanguage\":\"lv-LV\"},{\"@type\":\"Organization\",\"@id\":\"https:\/\/dolores.ee\/lv\/#organization\",\"name\":\"Dolores O\u00dc\",\"alternateName\":\"Dolores e-pood\",\"url\":\"https:\/\/dolores.ee\/lv\/\",\"logo\":{\"@type\":\"ImageObject\",\"inLanguage\":\"lv-LV\",\"@id\":\"https:\/\/dolores.ee\/lv\/#\/schema\/logo\/image\/\",\"url\":\"https:\/\/dolores.ee\/wp-content\/uploads\/2025\/04\/logo-1.jpg\",\"contentUrl\":\"https:\/\/dolores.ee\/wp-content\/uploads\/2025\/04\/logo-1.jpg\",\"width\":1951,\"height\":660,\"caption\":\"Dolores O\u00dc\"},\"image\":{\"@id\":\"https:\/\/dolores.ee\/lv\/#\/schema\/logo\/image\/\"},\"sameAs\":[\"https:\/\/www.facebook.com\/doloresepood\/\"],\"description\":\"Dolores.ee on kaasaegne veebipood, kust leiad tuntud kaubam\u00e4rkide \u2013 GIGI, Anna Lotan, Hikari, Hlavin \u2013 originaalkosmeetikat. Pakume kvaliteetseid hooldustooteid taskukohaste hindadega ja kiire kohaletoimetamisega \u00fcle Eesti. Nahahooldus pole kunagi olnud nii lihtne ja soodne!\",\"email\":\"dolores@dolores.ee\",\"telephone\":\"372 644 2440\",\"legalName\":\"Dolores O\u00dc\",\"foundingDate\":\"1998-02-09\",\"vatID\":\"EE100050280\",\"numberOfEmployees\":{\"@type\":\"QuantitativeValue\",\"minValue\":\"11\",\"maxValue\":\"50\"}}]}<\/script>\n<!-- \/ Yoast SEO Premium plugin. -->","yoast_head_json":{"title":"GIGI Aroma Essence Calendula Seep k\u00f5ikidele nahat\u00fc\u00fcpidele 250 ml ~ Dolores","robots":{"index":"index","follow":"follow","max-snippet":"max-snippet:-1","max-image-preview":"max-image-preview:large","max-video-preview":"max-video-preview:-1"},"canonical":"https:\/\/dolores.ee\/lv\/toode\/gigi-aroma-essence-calendula-seep-koikidele-nahatuupidele-250-ml\/","og_locale":"lv_LV","og_type":"article","og_title":"GIGI Aroma Essence Calendula Seep k\u00f5ikidele nahat\u00fc\u00fcpidele 250 ml","og_description":"GIGI Aroma Essence Calendula Seep k\u00f5ikidele nahat\u00fc\u00fcpidele 250 ml","og_url":"https:\/\/dolores.ee\/lv\/toode\/gigi-aroma-essence-calendula-seep-koikidele-nahatuupidele-250-ml\/","og_site_name":"Dolores","article_publisher":"https:\/\/www.facebook.com\/doloresepood\/","article_modified_time":"2026-04-02T11:32:07+00:00","og_image":[{"width":1920,"height":1920,"url":"https:\/\/dolores.ee\/wp-content\/uploads\/2020\/08\/32578-AE-Calendula-Soap.jpg","type":"image\/jpeg"}],"twitter_card":"summary_large_image","schema":{"@context":"https:\/\/schema.org","@graph":[{"@type":"WebPage","@id":"https:\/\/dolores.ee\/lv\/toode\/gigi-aroma-essence-calendula-seep-koikidele-nahatuupidele-250-ml\/","url":"https:\/\/dolores.ee\/lv\/toode\/gigi-aroma-essence-calendula-seep-koikidele-nahatuupidele-250-ml\/","name":"GIGI Aroma Essence Calendula Seep k\u00f5ikidele nahat\u00fc\u00fcpidele 250 ml ~ Dolores","isPartOf":{"@id":"https:\/\/dolores.ee\/lv\/#website"},"primaryImageOfPage":{"@id":"https:\/\/dolores.ee\/lv\/toode\/gigi-aroma-essence-calendula-seep-koikidele-nahatuupidele-250-ml\/#primaryimage"},"image":{"@id":"https:\/\/dolores.ee\/lv\/toode\/gigi-aroma-essence-calendula-seep-koikidele-nahatuupidele-250-ml\/#primaryimage"},"thumbnailUrl":"https:\/\/dolores.ee\/wp-content\/uploads\/2020\/08\/32578-AE-Calendula-Soap.jpg","datePublished":"2020-08-11T07:40:00+00:00","dateModified":"2026-04-02T11:32:07+00:00","breadcrumb":{"@id":"https:\/\/dolores.ee\/lv\/toode\/gigi-aroma-essence-calendula-seep-koikidele-nahatuupidele-250-ml\/#breadcrumb"},"inLanguage":"lv-LV","potentialAction":[{"@type":"ReadAction","target":["https:\/\/dolores.ee\/lv\/toode\/gigi-aroma-essence-calendula-seep-koikidele-nahatuupidele-250-ml\/"]}]},{"@type":"ImageObject","inLanguage":"lv-LV","@id":"https:\/\/dolores.ee\/lv\/toode\/gigi-aroma-essence-calendula-seep-koikidele-nahatuupidele-250-ml\/#primaryimage","url":"https:\/\/dolores.ee\/wp-content\/uploads\/2020\/08\/32578-AE-Calendula-Soap.jpg","contentUrl":"https:\/\/dolores.ee\/wp-content\/uploads\/2020\/08\/32578-AE-Calendula-Soap.jpg","width":1920,"height":1920},{"@type":"BreadcrumbList","@id":"https:\/\/dolores.ee\/lv\/toode\/gigi-aroma-essence-calendula-seep-koikidele-nahatuupidele-250-ml\/#breadcrumb","itemListElement":[{"@type":"ListItem","position":1,"name":"Home","item":"https:\/\/dolores.ee\/lv\/"},{"@type":"ListItem","position":2,"name":"E-veikals","item":"https:\/\/dolores.ee\/lv\/e-veikals\/"},{"@type":"ListItem","position":3,"name":"GIGI Aroma Essence Calendula Seep k\u00f5ikidele nahat\u00fc\u00fcpidele 250 ml"}]},{"@type":"WebSite","@id":"https:\/\/dolores.ee\/lv\/#website","url":"https:\/\/dolores.ee\/lv\/","name":"Dolores e-pood","description":"Beauty Shop","publisher":{"@id":"https:\/\/dolores.ee\/lv\/#organization"},"alternateName":"Dolores","potentialAction":[{"@type":"SearchAction","target":{"@type":"EntryPoint","urlTemplate":"https:\/\/dolores.ee\/lv\/?s={search_term_string}"},"query-input":{"@type":"PropertyValueSpecification","valueRequired":true,"valueName":"search_term_string"}}],"inLanguage":"lv-LV"},{"@type":"Organization","@id":"https:\/\/dolores.ee\/lv\/#organization","name":"Dolores O\u00dc","alternateName":"Dolores e-pood","url":"https:\/\/dolores.ee\/lv\/","logo":{"@type":"ImageObject","inLanguage":"lv-LV","@id":"https:\/\/dolores.ee\/lv\/#\/schema\/logo\/image\/","url":"https:\/\/dolores.ee\/wp-content\/uploads\/2025\/04\/logo-1.jpg","contentUrl":"https:\/\/dolores.ee\/wp-content\/uploads\/2025\/04\/logo-1.jpg","width":1951,"height":660,"caption":"Dolores O\u00dc"},"image":{"@id":"https:\/\/dolores.ee\/lv\/#\/schema\/logo\/image\/"},"sameAs":["https:\/\/www.facebook.com\/doloresepood\/"],"description":"Dolores.ee on kaasaegne veebipood, kust leiad tuntud kaubam\u00e4rkide \u2013 GIGI, Anna Lotan, Hikari, Hlavin \u2013 originaalkosmeetikat. Pakume kvaliteetseid hooldustooteid taskukohaste hindadega ja kiire kohaletoimetamisega \u00fcle Eesti. Nahahooldus pole kunagi olnud nii lihtne ja soodne!","email":"dolores@dolores.ee","telephone":"372 644 2440","legalName":"Dolores O\u00dc","foundingDate":"1998-02-09","vatID":"EE100050280","numberOfEmployees":{"@type":"QuantitativeValue","minValue":"11","maxValue":"50"}}]}},"_links":{"self":[{"href":"https:\/\/dolores.ee\/lv\/wp-json\/wp\/v2\/product\/1239","targetHints":{"allow":["GET"]}}],"collection":[{"href":"https:\/\/dolores.ee\/lv\/wp-json\/wp\/v2\/product"}],"about":[{"href":"https:\/\/dolores.ee\/lv\/wp-json\/wp\/v2\/types\/product"}],"replies":[{"embeddable":true,"href":"https:\/\/dolores.ee\/lv\/wp-json\/wp\/v2\/comments?post=1239"}],"version-history":[{"count":0,"href":"https:\/\/dolores.ee\/lv\/wp-json\/wp\/v2\/product\/1239\/revisions"}],"wp:featuredmedia":[{"embeddable":true,"href":"https:\/\/dolores.ee\/lv\/wp-json\/wp\/v2\/media\/345775"}],"wp:attachment":[{"href":"https:\/\/dolores.ee\/lv\/wp-json\/wp\/v2\/media?parent=1239"}],"wp:term":[{"taxonomy":"product_brand","embeddable":true,"href":"https:\/\/dolores.ee\/lv\/wp-json\/wp\/v2\/product_brand?post=1239"},{"taxonomy":"product_cat","embeddable":true,"href":"https:\/\/dolores.ee\/lv\/wp-json\/wp\/v2\/product_cat?post=1239"},{"taxonomy":"product_tag","embeddable":true,"href":"https:\/\/dolores.ee\/lv\/wp-json\/wp\/v2\/product_tag?post=1239"},{"taxonomy":"giftcard-category","embeddable":true,"href":"https:\/\/dolores.ee\/lv\/wp-json\/wp\/v2\/giftcard-category?post=1239"}],"curies":[{"name":"wp","href":"https:\/\/api.w.org\/{rel}","templated":true}]}}