{"id":1241,"date":"2020-08-13T13:00:27","date_gmt":"2020-08-11T07:40:02","guid":{"rendered":"https:\/\/dolores.ee\/product\/gigi-3d-hyalu-fill-eye-power-cream-20-ml\/"},"modified":"2025-07-01T10:56:48","modified_gmt":"2025-07-01T07:56:48","slug":"gigi-3d-hyalu-fill-eye-power-cream-20-ml","status":"publish","type":"product","link":"https:\/\/dolores.ee\/lv\/toode\/gigi-3d-hyalu-fill-eye-power-cream-20-ml\/","title":{"rendered":"GIGI 3D HYALU FILL Eye Power Cream 20 ml"},"content":{"rendered":"<div class=\"vgblk-rw-wrapper limit-wrapper\">GIGI 3D HYALU FILL Eye Power Cream\u00a020 ml<\/p>\n<p>3D Hyalu Fill Eye Power Cream silmakreem tagab nahale esmaklassilise hoolduse ja v\u00f5rratu tunde t\u00e4nu h\u00fcaluroonhapete unikaalsele kompleksile ja erilisele aplikaatorile. Kreem parandab naha regeneratsiooni protsesse, andes silma\u00fcmbruse \u00f5rnale nahale elastsema v\u00e4limuse. 3D silmakreem v\u00e4hendab peenemaid kortse ja miimiliste kortsude s\u00fcgavust. Helestab pigmentatsiooni ja tumedaid silma\u00fcmbrusi. V\u00e4hendab turseid ja parandab naha elastsust, ennetades silmaaluste kottide moodustumist.<\/p>\n<p>Toimeained:\u00a0Spherulite Dolcevia\u00ae patenditud tehnoloogia abil seotud kolme erineva molekulmassiga h\u00fcaluroonhappe kooslus, mahetoodetud steeviaestrakt, siidakaatsia ekstrakt BEAUTIFEYE\u00ae, mahekasvatatud kinoa, lauriinhappe ja proliini preparaat ADIPOSLIM\u2122 &amp; ADIPOLESS\u2122, resveratrool, RonaFlair\u00ae Flawless<br \/>\nKoostis:\u00a0Water (Aqua), Glycerin, Alcohol, Dimethicone, PEG-8 Beeswax, Propanediol, Pentylene Glycol, Squalane, Triethanolamine, Dimethicone Crosspolymer, Aloe Barbadensis Leaf Juice, Phenoxyethanol, Hydroxyethyl Acrylate\/Sodium Acryloyldimethyl Taurate Copolymer, Isohexadecane, Carbomer, Aluminum Starch Octenylsuccinate, Octyldodecanol, Titanum Dioxide, Silica, PVP, Butylene Glycol, Allantoin, Chlorphenesin, Stevioside, Albizia Julibrissin Bark Extract, Polymethyl Methacrylate, Caprylyl Glycol, Polysorbate 60, Sorbitan Isostearate, Tricaprylin, Tetrasodium EDTA, Glyceryl Acrylate\/Acrylic Acid Copolymer, Fragrance (Parfum) , Resferatrol, PVM\/MA Copolymer, Chenopodium Quinoa Seed Extract, Sodium Benzoate, Sodium Hydroxide, Darutoside, Sucrose Palmitate, Sodium Hydroxide, Darutoside, Sucrose Tocopheryl Acetate, Sodium Hyaluronate Commiphora Mukul Resin Extract, Potassium Sorbate, Citric Acid, 1,2 -Hexanediol, Tocopherol.<\/p><\/div>\n<p><!-- .vgblk-rw-wrapper --><\/p>\n","protected":false},"excerpt":{"rendered":"<p>GIGI 3D HYALU FILL Eye Power Cream 20 ml<\/p>\n","protected":false},"featured_media":356826,"comment_status":"open","ping_status":"closed","template":"","meta":[],"product_brand":[],"product_cat":[276,135,95,399,451],"product_tag":[460],"giftcard-category":[],"class_list":{"0":"post-1241","1":"product","2":"type-product","3":"status-publish","4":"has-post-thumbnail","6":"product_cat-3d-hyalu-fill-h-a-et","7":"product_cat-2-naohooldus","8":"product_cat-silmakreemid","9":"product_cat-ale","10":"product_cat-avaleht-sale","11":"product_tag-kosmeetika","13":"first","14":"instock","15":"taxable","16":"shipping-taxable","17":"purchasable","18":"product-type-simple"},"yoast_head":"<!-- This site is optimized with the Yoast SEO Premium plugin v25.1 (Yoast SEO v25.7) - https:\/\/yoast.com\/wordpress\/plugins\/seo\/ -->\n<title>GIGI 3D HYALU FILL Eye Power Cream 20 ml ~ Dolores<\/title>\n<meta name=\"robots\" content=\"index, follow, max-snippet:-1, max-image-preview:large, max-video-preview:-1\" \/>\n<link rel=\"canonical\" href=\"https:\/\/dolores.ee\/lv\/toode\/gigi-3d-hyalu-fill-eye-power-cream-20-ml\/\" \/>\n<meta property=\"og:locale\" content=\"lv_LV\" \/>\n<meta property=\"og:type\" content=\"article\" \/>\n<meta property=\"og:title\" content=\"GIGI 3D HYALU FILL Eye Power Cream 20 ml\" \/>\n<meta property=\"og:description\" content=\"GIGI 3D HYALU FILL Eye Power Cream 20 ml\" \/>\n<meta property=\"og:url\" content=\"https:\/\/dolores.ee\/lv\/toode\/gigi-3d-hyalu-fill-eye-power-cream-20-ml\/\" \/>\n<meta property=\"og:site_name\" content=\"Dolores\" \/>\n<meta property=\"article:publisher\" content=\"https:\/\/www.facebook.com\/doloresepood\/\" \/>\n<meta property=\"article:modified_time\" content=\"2025-07-01T07:56:48+00:00\" \/>\n<meta property=\"og:image\" content=\"https:\/\/dolores.ee\/wp-content\/uploads\/2020\/08\/436499599_7386401658102044_6518240362327178652_n.jpg\" \/>\n\t<meta property=\"og:image:width\" content=\"500\" \/>\n\t<meta property=\"og:image:height\" content=\"500\" \/>\n\t<meta property=\"og:image:type\" content=\"image\/jpeg\" \/>\n<meta name=\"twitter:card\" content=\"summary_large_image\" \/>\n<meta name=\"twitter:label1\" content=\"Est. reading time\" \/>\n\t<meta name=\"twitter:data1\" content=\"1 minute\" \/>\n<script type=\"application\/ld+json\" class=\"yoast-schema-graph\">{\"@context\":\"https:\/\/schema.org\",\"@graph\":[{\"@type\":\"WebPage\",\"@id\":\"https:\/\/dolores.ee\/lv\/toode\/gigi-3d-hyalu-fill-eye-power-cream-20-ml\/\",\"url\":\"https:\/\/dolores.ee\/lv\/toode\/gigi-3d-hyalu-fill-eye-power-cream-20-ml\/\",\"name\":\"GIGI 3D HYALU FILL Eye Power Cream 20 ml ~ Dolores\",\"isPartOf\":{\"@id\":\"https:\/\/dolores.ee\/lv\/#website\"},\"primaryImageOfPage\":{\"@id\":\"https:\/\/dolores.ee\/lv\/toode\/gigi-3d-hyalu-fill-eye-power-cream-20-ml\/#primaryimage\"},\"image\":{\"@id\":\"https:\/\/dolores.ee\/lv\/toode\/gigi-3d-hyalu-fill-eye-power-cream-20-ml\/#primaryimage\"},\"thumbnailUrl\":\"https:\/\/dolores.ee\/wp-content\/uploads\/2020\/08\/436499599_7386401658102044_6518240362327178652_n.jpg\",\"datePublished\":\"2020-08-11T07:40:02+00:00\",\"dateModified\":\"2025-07-01T07:56:48+00:00\",\"breadcrumb\":{\"@id\":\"https:\/\/dolores.ee\/lv\/toode\/gigi-3d-hyalu-fill-eye-power-cream-20-ml\/#breadcrumb\"},\"inLanguage\":\"lv-LV\",\"potentialAction\":[{\"@type\":\"ReadAction\",\"target\":[\"https:\/\/dolores.ee\/lv\/toode\/gigi-3d-hyalu-fill-eye-power-cream-20-ml\/\"]}]},{\"@type\":\"ImageObject\",\"inLanguage\":\"lv-LV\",\"@id\":\"https:\/\/dolores.ee\/lv\/toode\/gigi-3d-hyalu-fill-eye-power-cream-20-ml\/#primaryimage\",\"url\":\"https:\/\/dolores.ee\/wp-content\/uploads\/2020\/08\/436499599_7386401658102044_6518240362327178652_n.jpg\",\"contentUrl\":\"https:\/\/dolores.ee\/wp-content\/uploads\/2020\/08\/436499599_7386401658102044_6518240362327178652_n.jpg\",\"width\":500,\"height\":500},{\"@type\":\"BreadcrumbList\",\"@id\":\"https:\/\/dolores.ee\/lv\/toode\/gigi-3d-hyalu-fill-eye-power-cream-20-ml\/#breadcrumb\",\"itemListElement\":[{\"@type\":\"ListItem\",\"position\":1,\"name\":\"Home\",\"item\":\"https:\/\/dolores.ee\/lv\/\"},{\"@type\":\"ListItem\",\"position\":2,\"name\":\"E-veikals\",\"item\":\"https:\/\/dolores.ee\/lv\/e-veikals\/\"},{\"@type\":\"ListItem\",\"position\":3,\"name\":\"GIGI 3D HYALU FILL Eye Power Cream 20 ml\"}]},{\"@type\":\"WebSite\",\"@id\":\"https:\/\/dolores.ee\/lv\/#website\",\"url\":\"https:\/\/dolores.ee\/lv\/\",\"name\":\"Dolores e-pood\",\"description\":\"Beauty Shop\",\"publisher\":{\"@id\":\"https:\/\/dolores.ee\/lv\/#organization\"},\"alternateName\":\"Dolores\",\"potentialAction\":[{\"@type\":\"SearchAction\",\"target\":{\"@type\":\"EntryPoint\",\"urlTemplate\":\"https:\/\/dolores.ee\/lv\/?s={search_term_string}\"},\"query-input\":{\"@type\":\"PropertyValueSpecification\",\"valueRequired\":true,\"valueName\":\"search_term_string\"}}],\"inLanguage\":\"lv-LV\"},{\"@type\":\"Organization\",\"@id\":\"https:\/\/dolores.ee\/lv\/#organization\",\"name\":\"Dolores O\u00dc\",\"alternateName\":\"Dolores e-pood\",\"url\":\"https:\/\/dolores.ee\/lv\/\",\"logo\":{\"@type\":\"ImageObject\",\"inLanguage\":\"lv-LV\",\"@id\":\"https:\/\/dolores.ee\/lv\/#\/schema\/logo\/image\/\",\"url\":\"https:\/\/dolores.ee\/wp-content\/uploads\/2025\/04\/logo-1.jpg\",\"contentUrl\":\"https:\/\/dolores.ee\/wp-content\/uploads\/2025\/04\/logo-1.jpg\",\"width\":1951,\"height\":660,\"caption\":\"Dolores O\u00dc\"},\"image\":{\"@id\":\"https:\/\/dolores.ee\/lv\/#\/schema\/logo\/image\/\"},\"sameAs\":[\"https:\/\/www.facebook.com\/doloresepood\/\"],\"description\":\"Dolores.ee on kaasaegne veebipood, kust leiad tuntud kaubam\u00e4rkide \u2013 GIGI, Anna Lotan, Hikari, Hlavin \u2013 originaalkosmeetikat. Pakume kvaliteetseid hooldustooteid taskukohaste hindadega ja kiire kohaletoimetamisega \u00fcle Eesti. Nahahooldus pole kunagi olnud nii lihtne ja soodne!\",\"email\":\"dolores@dolores.ee\",\"telephone\":\"372 644 2440\",\"legalName\":\"Dolores O\u00dc\",\"foundingDate\":\"1998-02-09\",\"vatID\":\"EE100050280\",\"numberOfEmployees\":{\"@type\":\"QuantitativeValue\",\"minValue\":\"11\",\"maxValue\":\"50\"}}]}<\/script>\n<!-- \/ Yoast SEO Premium plugin. -->","yoast_head_json":{"title":"GIGI 3D HYALU FILL Eye Power Cream 20 ml ~ Dolores","robots":{"index":"index","follow":"follow","max-snippet":"max-snippet:-1","max-image-preview":"max-image-preview:large","max-video-preview":"max-video-preview:-1"},"canonical":"https:\/\/dolores.ee\/lv\/toode\/gigi-3d-hyalu-fill-eye-power-cream-20-ml\/","og_locale":"lv_LV","og_type":"article","og_title":"GIGI 3D HYALU FILL Eye Power Cream 20 ml","og_description":"GIGI 3D HYALU FILL Eye Power Cream 20 ml","og_url":"https:\/\/dolores.ee\/lv\/toode\/gigi-3d-hyalu-fill-eye-power-cream-20-ml\/","og_site_name":"Dolores","article_publisher":"https:\/\/www.facebook.com\/doloresepood\/","article_modified_time":"2025-07-01T07:56:48+00:00","og_image":[{"width":500,"height":500,"url":"https:\/\/dolores.ee\/wp-content\/uploads\/2020\/08\/436499599_7386401658102044_6518240362327178652_n.jpg","type":"image\/jpeg"}],"twitter_card":"summary_large_image","twitter_misc":{"Est. reading time":"1 minute"},"schema":{"@context":"https:\/\/schema.org","@graph":[{"@type":"WebPage","@id":"https:\/\/dolores.ee\/lv\/toode\/gigi-3d-hyalu-fill-eye-power-cream-20-ml\/","url":"https:\/\/dolores.ee\/lv\/toode\/gigi-3d-hyalu-fill-eye-power-cream-20-ml\/","name":"GIGI 3D HYALU FILL Eye Power Cream 20 ml ~ Dolores","isPartOf":{"@id":"https:\/\/dolores.ee\/lv\/#website"},"primaryImageOfPage":{"@id":"https:\/\/dolores.ee\/lv\/toode\/gigi-3d-hyalu-fill-eye-power-cream-20-ml\/#primaryimage"},"image":{"@id":"https:\/\/dolores.ee\/lv\/toode\/gigi-3d-hyalu-fill-eye-power-cream-20-ml\/#primaryimage"},"thumbnailUrl":"https:\/\/dolores.ee\/wp-content\/uploads\/2020\/08\/436499599_7386401658102044_6518240362327178652_n.jpg","datePublished":"2020-08-11T07:40:02+00:00","dateModified":"2025-07-01T07:56:48+00:00","breadcrumb":{"@id":"https:\/\/dolores.ee\/lv\/toode\/gigi-3d-hyalu-fill-eye-power-cream-20-ml\/#breadcrumb"},"inLanguage":"lv-LV","potentialAction":[{"@type":"ReadAction","target":["https:\/\/dolores.ee\/lv\/toode\/gigi-3d-hyalu-fill-eye-power-cream-20-ml\/"]}]},{"@type":"ImageObject","inLanguage":"lv-LV","@id":"https:\/\/dolores.ee\/lv\/toode\/gigi-3d-hyalu-fill-eye-power-cream-20-ml\/#primaryimage","url":"https:\/\/dolores.ee\/wp-content\/uploads\/2020\/08\/436499599_7386401658102044_6518240362327178652_n.jpg","contentUrl":"https:\/\/dolores.ee\/wp-content\/uploads\/2020\/08\/436499599_7386401658102044_6518240362327178652_n.jpg","width":500,"height":500},{"@type":"BreadcrumbList","@id":"https:\/\/dolores.ee\/lv\/toode\/gigi-3d-hyalu-fill-eye-power-cream-20-ml\/#breadcrumb","itemListElement":[{"@type":"ListItem","position":1,"name":"Home","item":"https:\/\/dolores.ee\/lv\/"},{"@type":"ListItem","position":2,"name":"E-veikals","item":"https:\/\/dolores.ee\/lv\/e-veikals\/"},{"@type":"ListItem","position":3,"name":"GIGI 3D HYALU FILL Eye Power Cream 20 ml"}]},{"@type":"WebSite","@id":"https:\/\/dolores.ee\/lv\/#website","url":"https:\/\/dolores.ee\/lv\/","name":"Dolores e-pood","description":"Beauty Shop","publisher":{"@id":"https:\/\/dolores.ee\/lv\/#organization"},"alternateName":"Dolores","potentialAction":[{"@type":"SearchAction","target":{"@type":"EntryPoint","urlTemplate":"https:\/\/dolores.ee\/lv\/?s={search_term_string}"},"query-input":{"@type":"PropertyValueSpecification","valueRequired":true,"valueName":"search_term_string"}}],"inLanguage":"lv-LV"},{"@type":"Organization","@id":"https:\/\/dolores.ee\/lv\/#organization","name":"Dolores O\u00dc","alternateName":"Dolores e-pood","url":"https:\/\/dolores.ee\/lv\/","logo":{"@type":"ImageObject","inLanguage":"lv-LV","@id":"https:\/\/dolores.ee\/lv\/#\/schema\/logo\/image\/","url":"https:\/\/dolores.ee\/wp-content\/uploads\/2025\/04\/logo-1.jpg","contentUrl":"https:\/\/dolores.ee\/wp-content\/uploads\/2025\/04\/logo-1.jpg","width":1951,"height":660,"caption":"Dolores O\u00dc"},"image":{"@id":"https:\/\/dolores.ee\/lv\/#\/schema\/logo\/image\/"},"sameAs":["https:\/\/www.facebook.com\/doloresepood\/"],"description":"Dolores.ee on kaasaegne veebipood, kust leiad tuntud kaubam\u00e4rkide \u2013 GIGI, Anna Lotan, Hikari, Hlavin \u2013 originaalkosmeetikat. Pakume kvaliteetseid hooldustooteid taskukohaste hindadega ja kiire kohaletoimetamisega \u00fcle Eesti. Nahahooldus pole kunagi olnud nii lihtne ja soodne!","email":"dolores@dolores.ee","telephone":"372 644 2440","legalName":"Dolores O\u00dc","foundingDate":"1998-02-09","vatID":"EE100050280","numberOfEmployees":{"@type":"QuantitativeValue","minValue":"11","maxValue":"50"}}]}},"_links":{"self":[{"href":"https:\/\/dolores.ee\/lv\/wp-json\/wp\/v2\/product\/1241","targetHints":{"allow":["GET"]}}],"collection":[{"href":"https:\/\/dolores.ee\/lv\/wp-json\/wp\/v2\/product"}],"about":[{"href":"https:\/\/dolores.ee\/lv\/wp-json\/wp\/v2\/types\/product"}],"replies":[{"embeddable":true,"href":"https:\/\/dolores.ee\/lv\/wp-json\/wp\/v2\/comments?post=1241"}],"version-history":[{"count":0,"href":"https:\/\/dolores.ee\/lv\/wp-json\/wp\/v2\/product\/1241\/revisions"}],"wp:featuredmedia":[{"embeddable":true,"href":"https:\/\/dolores.ee\/lv\/wp-json\/wp\/v2\/media\/356826"}],"wp:attachment":[{"href":"https:\/\/dolores.ee\/lv\/wp-json\/wp\/v2\/media?parent=1241"}],"wp:term":[{"taxonomy":"product_brand","embeddable":true,"href":"https:\/\/dolores.ee\/lv\/wp-json\/wp\/v2\/product_brand?post=1241"},{"taxonomy":"product_cat","embeddable":true,"href":"https:\/\/dolores.ee\/lv\/wp-json\/wp\/v2\/product_cat?post=1241"},{"taxonomy":"product_tag","embeddable":true,"href":"https:\/\/dolores.ee\/lv\/wp-json\/wp\/v2\/product_tag?post=1241"},{"taxonomy":"giftcard-category","embeddable":true,"href":"https:\/\/dolores.ee\/lv\/wp-json\/wp\/v2\/giftcard-category?post=1241"}],"curies":[{"name":"wp","href":"https:\/\/api.w.org\/{rel}","templated":true}]}}