{"id":1253,"date":"2020-08-13T13:00:38","date_gmt":"2020-08-11T07:40:12","guid":{"rendered":"https:\/\/dolores.ee\/product\/gigi-sun-care-niisutav-paikesekaitsekreem-30-spf-igapaevaske-niisutuseks-normaalsele-voi-kuivadele-nahatuupidele-75ml\/"},"modified":"2026-03-24T11:29:51","modified_gmt":"2026-03-24T09:29:51","slug":"gigi-sun-care-niisutav-paikesekaitsekreem-30-spf-igapaevaske-niisutuseks-normaalsele-voi-kuivadele-nahatuupidele-75ml","status":"publish","type":"product","link":"https:\/\/dolores.ee\/lv\/toode\/gigi-sun-care-niisutav-paikesekaitsekreem-30-spf-igapaevaske-niisutuseks-normaalsele-voi-kuivadele-nahatuupidele-75ml\/","title":{"rendered":"GIGI Sun Care Daily Protector SPF 30 UVA\/UVB For Normal to Dry Skin 75 ml"},"content":{"rendered":"<div class=\"vgblk-rw-wrapper limit-wrapper\">SPF 30 UVA\/UVB k\u00f5rge kaitsega niisutav p\u00e4ikesekaitse kreem, mis on toodetud k\u00f5rgete Euroopa standardite j\u00e4rgi. Kreem annab t\u00f5husa kaitse UVA kiirguse eest, mis p\u00f5hjustab enneaegset vananemist. Uue GIGI Sun Care niisutav p\u00e4ikesekaitse kreem \u00fchendab nahakaitses kolme tegevust: t\u00f5hus ja integreeritud kaitse UVA ja UVB kiirguse eest, mis takistab enneaegset vananemiset, suurema niiskuse s\u00e4ilitamine nahas, elastsuse s\u00e4ilitamise . Parima tulemuse saavutamiseks kasuta Sun Care p\u00e4ikesekaitse kreemi kodust v\u00e4ljumisel v\u00e4hemalt pool tundi enne p\u00e4ikese k\u00e4tte minekut kuni kreemi t\u00e4ieliku imendumiseni. Kanna kreemi piisavas koguses nahale ning ole kindel, et k\u00f5ik nahapiirkonnad on korralikult kaetud. Kanna kreemi n\u00e4ole, kaelale, \u00f5lgadele ja dekolteele.<br \/>\nKoostis:\u00a0Water (Aqua), Ethylhexyl Methoxycinnamate, Octocrylene, Diethylamino Hydroxybenzoyl Hexyl Benzoate, Cetyl Alcohol, Butylene Glycol, Caprylic\/Capric Triglyceride, Isononyl Isononanoate, Glyceryl Stearate &amp; PEG-100 Stearate, Hydroxyethyl Acrylate\/Sodium Acryloyldimethyl Taurate Copolymer &amp; Isohexadecane &amp; Polysorbate 60, Glycerin &amp; Sea Water &amp; Phormidium Persicinum Extract, Butyl Methoxydibenzoylmethane, Cyclopentasiloxane, PEG-40 Stearate, Squalane, Microcrystalline Wax &amp; Cellulose Gum, Glycerin &amp; Polygonum Aviculare Extract, Sodium PCA, Phenoxyethanol &amp; Caprylyl Glycol, Panthenol, Sorbitan Tristearate, Aluminum Starch Octenylsuccinate, Cetearyl Glucoside, Fragrance, Chlorphenesin, Allantoin, Sodium Hyaluronate, Lactic Acid, Tetrasodium EDTA, Aloe Barbadensis Leaf Juice Powder, Tocopheryl Acetate, Sodium Hydroxide, Geraniol, Linalool.<\/div>\n<p><!-- .vgblk-rw-wrapper --><\/p>\n","protected":false},"excerpt":{"rendered":"<p>GIGI Sun Care niisutav p\u00e4ikesekaitsekreem 30 SPF igap\u00e4evaske niisutuseks normaalsele v\u00f5i kuivadele nahat\u00fc\u00fcpidele 75ml<\/p>\n","protected":false},"featured_media":329589,"comment_status":"open","ping_status":"closed","template":"","meta":[],"product_brand":[],"product_cat":[782,99,285,135,89,212,399,464],"product_tag":[460],"giftcard-category":[],"class_list":{"0":"post-1253","1":"product","2":"type-product","3":"status-publish","4":"has-post-thumbnail","6":"product_cat-kevadine-nahahooldus","7":"product_cat-gigi-et","8":"product_cat-sun-care-uva-uvb-et","9":"product_cat-2-naohooldus","10":"product_cat-paevakreemid","11":"product_cat-paikesekaitse","12":"product_cat-ale","13":"product_cat-niisutavad-tooted","14":"product_tag-kosmeetika","16":"first","17":"outofstock","18":"taxable","19":"shipping-taxable","20":"purchasable","21":"product-type-simple"},"yoast_head":"<!-- This site is optimized with the Yoast SEO Premium plugin v25.1 (Yoast SEO v25.7) - https:\/\/yoast.com\/wordpress\/plugins\/seo\/ -->\n<title>GIGI Sun Care Daily Protector SPF 30 UVA\/UVB For Normal to Dry Skin 75 ml ~ Dolores<\/title>\n<meta name=\"robots\" content=\"index, follow, max-snippet:-1, max-image-preview:large, max-video-preview:-1\" \/>\n<link rel=\"canonical\" href=\"https:\/\/dolores.ee\/lv\/toode\/gigi-sun-care-niisutav-paikesekaitsekreem-30-spf-igapaevaske-niisutuseks-normaalsele-voi-kuivadele-nahatuupidele-75ml\/\" \/>\n<meta property=\"og:locale\" content=\"lv_LV\" \/>\n<meta property=\"og:type\" content=\"article\" \/>\n<meta property=\"og:title\" content=\"GIGI Sun Care Daily Protector SPF 30 UVA\/UVB For Normal to Dry Skin 75 ml\" \/>\n<meta property=\"og:description\" content=\"GIGI Sun Care niisutav p\u00e4ikesekaitsekreem 30 SPF igap\u00e4evaske niisutuseks normaalsele v\u00f5i kuivadele nahat\u00fc\u00fcpidele 75ml\" \/>\n<meta property=\"og:url\" content=\"https:\/\/dolores.ee\/lv\/toode\/gigi-sun-care-niisutav-paikesekaitsekreem-30-spf-igapaevaske-niisutuseks-normaalsele-voi-kuivadele-nahatuupidele-75ml\/\" \/>\n<meta property=\"og:site_name\" content=\"Dolores\" \/>\n<meta property=\"article:publisher\" content=\"https:\/\/www.facebook.com\/doloresepood\/\" \/>\n<meta property=\"article:modified_time\" content=\"2026-03-24T09:29:51+00:00\" \/>\n<meta property=\"og:image\" content=\"https:\/\/dolores.ee\/wp-content\/uploads\/2025\/05\/seo.jpg\" \/>\n\t<meta property=\"og:image:width\" content=\"1200\" \/>\n\t<meta property=\"og:image:height\" content=\"675\" \/>\n\t<meta property=\"og:image:type\" content=\"image\/jpeg\" \/>\n<meta name=\"twitter:card\" content=\"summary_large_image\" \/>\n<meta name=\"twitter:label1\" content=\"Est. reading time\" \/>\n\t<meta name=\"twitter:data1\" content=\"1 minute\" \/>\n<script type=\"application\/ld+json\" class=\"yoast-schema-graph\">{\"@context\":\"https:\/\/schema.org\",\"@graph\":[{\"@type\":\"WebPage\",\"@id\":\"https:\/\/dolores.ee\/lv\/toode\/gigi-sun-care-niisutav-paikesekaitsekreem-30-spf-igapaevaske-niisutuseks-normaalsele-voi-kuivadele-nahatuupidele-75ml\/\",\"url\":\"https:\/\/dolores.ee\/lv\/toode\/gigi-sun-care-niisutav-paikesekaitsekreem-30-spf-igapaevaske-niisutuseks-normaalsele-voi-kuivadele-nahatuupidele-75ml\/\",\"name\":\"GIGI Sun Care Daily Protector SPF 30 UVA\/UVB For Normal to Dry Skin 75 ml ~ Dolores\",\"isPartOf\":{\"@id\":\"https:\/\/dolores.ee\/lv\/#website\"},\"primaryImageOfPage\":{\"@id\":\"https:\/\/dolores.ee\/lv\/toode\/gigi-sun-care-niisutav-paikesekaitsekreem-30-spf-igapaevaske-niisutuseks-normaalsele-voi-kuivadele-nahatuupidele-75ml\/#primaryimage\"},\"image\":{\"@id\":\"https:\/\/dolores.ee\/lv\/toode\/gigi-sun-care-niisutav-paikesekaitsekreem-30-spf-igapaevaske-niisutuseks-normaalsele-voi-kuivadele-nahatuupidele-75ml\/#primaryimage\"},\"thumbnailUrl\":\"https:\/\/dolores.ee\/wp-content\/uploads\/2020\/08\/Sun-Care-Daily-Moisture-30-spf-normal-to-dry-75-ml-ref-36046-scaled.jpg\",\"datePublished\":\"2020-08-11T07:40:12+00:00\",\"dateModified\":\"2026-03-24T09:29:51+00:00\",\"breadcrumb\":{\"@id\":\"https:\/\/dolores.ee\/lv\/toode\/gigi-sun-care-niisutav-paikesekaitsekreem-30-spf-igapaevaske-niisutuseks-normaalsele-voi-kuivadele-nahatuupidele-75ml\/#breadcrumb\"},\"inLanguage\":\"lv-LV\",\"potentialAction\":[{\"@type\":\"ReadAction\",\"target\":[\"https:\/\/dolores.ee\/lv\/toode\/gigi-sun-care-niisutav-paikesekaitsekreem-30-spf-igapaevaske-niisutuseks-normaalsele-voi-kuivadele-nahatuupidele-75ml\/\"]}]},{\"@type\":\"ImageObject\",\"inLanguage\":\"lv-LV\",\"@id\":\"https:\/\/dolores.ee\/lv\/toode\/gigi-sun-care-niisutav-paikesekaitsekreem-30-spf-igapaevaske-niisutuseks-normaalsele-voi-kuivadele-nahatuupidele-75ml\/#primaryimage\",\"url\":\"https:\/\/dolores.ee\/wp-content\/uploads\/2020\/08\/Sun-Care-Daily-Moisture-30-spf-normal-to-dry-75-ml-ref-36046-scaled.jpg\",\"contentUrl\":\"https:\/\/dolores.ee\/wp-content\/uploads\/2020\/08\/Sun-Care-Daily-Moisture-30-spf-normal-to-dry-75-ml-ref-36046-scaled.jpg\",\"width\":1280,\"height\":1920},{\"@type\":\"BreadcrumbList\",\"@id\":\"https:\/\/dolores.ee\/lv\/toode\/gigi-sun-care-niisutav-paikesekaitsekreem-30-spf-igapaevaske-niisutuseks-normaalsele-voi-kuivadele-nahatuupidele-75ml\/#breadcrumb\",\"itemListElement\":[{\"@type\":\"ListItem\",\"position\":1,\"name\":\"Home\",\"item\":\"https:\/\/dolores.ee\/lv\/\"},{\"@type\":\"ListItem\",\"position\":2,\"name\":\"E-veikals\",\"item\":\"https:\/\/dolores.ee\/lv\/e-veikals\/\"},{\"@type\":\"ListItem\",\"position\":3,\"name\":\"GIGI Sun Care Daily Protector SPF 30 UVA\/UVB For Normal to Dry Skin 75 ml\"}]},{\"@type\":\"WebSite\",\"@id\":\"https:\/\/dolores.ee\/lv\/#website\",\"url\":\"https:\/\/dolores.ee\/lv\/\",\"name\":\"Dolores e-pood\",\"description\":\"Beauty Shop\",\"publisher\":{\"@id\":\"https:\/\/dolores.ee\/lv\/#organization\"},\"alternateName\":\"Dolores\",\"potentialAction\":[{\"@type\":\"SearchAction\",\"target\":{\"@type\":\"EntryPoint\",\"urlTemplate\":\"https:\/\/dolores.ee\/lv\/?s={search_term_string}\"},\"query-input\":{\"@type\":\"PropertyValueSpecification\",\"valueRequired\":true,\"valueName\":\"search_term_string\"}}],\"inLanguage\":\"lv-LV\"},{\"@type\":\"Organization\",\"@id\":\"https:\/\/dolores.ee\/lv\/#organization\",\"name\":\"Dolores O\u00dc\",\"alternateName\":\"Dolores e-pood\",\"url\":\"https:\/\/dolores.ee\/lv\/\",\"logo\":{\"@type\":\"ImageObject\",\"inLanguage\":\"lv-LV\",\"@id\":\"https:\/\/dolores.ee\/lv\/#\/schema\/logo\/image\/\",\"url\":\"https:\/\/dolores.ee\/wp-content\/uploads\/2025\/04\/logo-1.jpg\",\"contentUrl\":\"https:\/\/dolores.ee\/wp-content\/uploads\/2025\/04\/logo-1.jpg\",\"width\":1951,\"height\":660,\"caption\":\"Dolores O\u00dc\"},\"image\":{\"@id\":\"https:\/\/dolores.ee\/lv\/#\/schema\/logo\/image\/\"},\"sameAs\":[\"https:\/\/www.facebook.com\/doloresepood\/\"],\"description\":\"Dolores.ee on kaasaegne veebipood, kust leiad tuntud kaubam\u00e4rkide \u2013 GIGI, Anna Lotan, Hikari, Hlavin \u2013 originaalkosmeetikat. Pakume kvaliteetseid hooldustooteid taskukohaste hindadega ja kiire kohaletoimetamisega \u00fcle Eesti. Nahahooldus pole kunagi olnud nii lihtne ja soodne!\",\"email\":\"dolores@dolores.ee\",\"telephone\":\"372 644 2440\",\"legalName\":\"Dolores O\u00dc\",\"foundingDate\":\"1998-02-09\",\"vatID\":\"EE100050280\",\"numberOfEmployees\":{\"@type\":\"QuantitativeValue\",\"minValue\":\"11\",\"maxValue\":\"50\"}}]}<\/script>\n<!-- \/ Yoast SEO Premium plugin. -->","yoast_head_json":{"title":"GIGI Sun Care Daily Protector SPF 30 UVA\/UVB For Normal to Dry Skin 75 ml ~ Dolores","robots":{"index":"index","follow":"follow","max-snippet":"max-snippet:-1","max-image-preview":"max-image-preview:large","max-video-preview":"max-video-preview:-1"},"canonical":"https:\/\/dolores.ee\/lv\/toode\/gigi-sun-care-niisutav-paikesekaitsekreem-30-spf-igapaevaske-niisutuseks-normaalsele-voi-kuivadele-nahatuupidele-75ml\/","og_locale":"lv_LV","og_type":"article","og_title":"GIGI Sun Care Daily Protector SPF 30 UVA\/UVB For Normal to Dry Skin 75 ml","og_description":"GIGI Sun Care niisutav p\u00e4ikesekaitsekreem 30 SPF igap\u00e4evaske niisutuseks normaalsele v\u00f5i kuivadele nahat\u00fc\u00fcpidele 75ml","og_url":"https:\/\/dolores.ee\/lv\/toode\/gigi-sun-care-niisutav-paikesekaitsekreem-30-spf-igapaevaske-niisutuseks-normaalsele-voi-kuivadele-nahatuupidele-75ml\/","og_site_name":"Dolores","article_publisher":"https:\/\/www.facebook.com\/doloresepood\/","article_modified_time":"2026-03-24T09:29:51+00:00","og_image":[{"width":1200,"height":675,"url":"https:\/\/dolores.ee\/wp-content\/uploads\/2025\/05\/seo.jpg","type":"image\/jpeg"}],"twitter_card":"summary_large_image","twitter_misc":{"Est. reading time":"1 minute"},"schema":{"@context":"https:\/\/schema.org","@graph":[{"@type":"WebPage","@id":"https:\/\/dolores.ee\/lv\/toode\/gigi-sun-care-niisutav-paikesekaitsekreem-30-spf-igapaevaske-niisutuseks-normaalsele-voi-kuivadele-nahatuupidele-75ml\/","url":"https:\/\/dolores.ee\/lv\/toode\/gigi-sun-care-niisutav-paikesekaitsekreem-30-spf-igapaevaske-niisutuseks-normaalsele-voi-kuivadele-nahatuupidele-75ml\/","name":"GIGI Sun Care Daily Protector SPF 30 UVA\/UVB For Normal to Dry Skin 75 ml ~ Dolores","isPartOf":{"@id":"https:\/\/dolores.ee\/lv\/#website"},"primaryImageOfPage":{"@id":"https:\/\/dolores.ee\/lv\/toode\/gigi-sun-care-niisutav-paikesekaitsekreem-30-spf-igapaevaske-niisutuseks-normaalsele-voi-kuivadele-nahatuupidele-75ml\/#primaryimage"},"image":{"@id":"https:\/\/dolores.ee\/lv\/toode\/gigi-sun-care-niisutav-paikesekaitsekreem-30-spf-igapaevaske-niisutuseks-normaalsele-voi-kuivadele-nahatuupidele-75ml\/#primaryimage"},"thumbnailUrl":"https:\/\/dolores.ee\/wp-content\/uploads\/2020\/08\/Sun-Care-Daily-Moisture-30-spf-normal-to-dry-75-ml-ref-36046-scaled.jpg","datePublished":"2020-08-11T07:40:12+00:00","dateModified":"2026-03-24T09:29:51+00:00","breadcrumb":{"@id":"https:\/\/dolores.ee\/lv\/toode\/gigi-sun-care-niisutav-paikesekaitsekreem-30-spf-igapaevaske-niisutuseks-normaalsele-voi-kuivadele-nahatuupidele-75ml\/#breadcrumb"},"inLanguage":"lv-LV","potentialAction":[{"@type":"ReadAction","target":["https:\/\/dolores.ee\/lv\/toode\/gigi-sun-care-niisutav-paikesekaitsekreem-30-spf-igapaevaske-niisutuseks-normaalsele-voi-kuivadele-nahatuupidele-75ml\/"]}]},{"@type":"ImageObject","inLanguage":"lv-LV","@id":"https:\/\/dolores.ee\/lv\/toode\/gigi-sun-care-niisutav-paikesekaitsekreem-30-spf-igapaevaske-niisutuseks-normaalsele-voi-kuivadele-nahatuupidele-75ml\/#primaryimage","url":"https:\/\/dolores.ee\/wp-content\/uploads\/2020\/08\/Sun-Care-Daily-Moisture-30-spf-normal-to-dry-75-ml-ref-36046-scaled.jpg","contentUrl":"https:\/\/dolores.ee\/wp-content\/uploads\/2020\/08\/Sun-Care-Daily-Moisture-30-spf-normal-to-dry-75-ml-ref-36046-scaled.jpg","width":1280,"height":1920},{"@type":"BreadcrumbList","@id":"https:\/\/dolores.ee\/lv\/toode\/gigi-sun-care-niisutav-paikesekaitsekreem-30-spf-igapaevaske-niisutuseks-normaalsele-voi-kuivadele-nahatuupidele-75ml\/#breadcrumb","itemListElement":[{"@type":"ListItem","position":1,"name":"Home","item":"https:\/\/dolores.ee\/lv\/"},{"@type":"ListItem","position":2,"name":"E-veikals","item":"https:\/\/dolores.ee\/lv\/e-veikals\/"},{"@type":"ListItem","position":3,"name":"GIGI Sun Care Daily Protector SPF 30 UVA\/UVB For Normal to Dry Skin 75 ml"}]},{"@type":"WebSite","@id":"https:\/\/dolores.ee\/lv\/#website","url":"https:\/\/dolores.ee\/lv\/","name":"Dolores e-pood","description":"Beauty Shop","publisher":{"@id":"https:\/\/dolores.ee\/lv\/#organization"},"alternateName":"Dolores","potentialAction":[{"@type":"SearchAction","target":{"@type":"EntryPoint","urlTemplate":"https:\/\/dolores.ee\/lv\/?s={search_term_string}"},"query-input":{"@type":"PropertyValueSpecification","valueRequired":true,"valueName":"search_term_string"}}],"inLanguage":"lv-LV"},{"@type":"Organization","@id":"https:\/\/dolores.ee\/lv\/#organization","name":"Dolores O\u00dc","alternateName":"Dolores e-pood","url":"https:\/\/dolores.ee\/lv\/","logo":{"@type":"ImageObject","inLanguage":"lv-LV","@id":"https:\/\/dolores.ee\/lv\/#\/schema\/logo\/image\/","url":"https:\/\/dolores.ee\/wp-content\/uploads\/2025\/04\/logo-1.jpg","contentUrl":"https:\/\/dolores.ee\/wp-content\/uploads\/2025\/04\/logo-1.jpg","width":1951,"height":660,"caption":"Dolores O\u00dc"},"image":{"@id":"https:\/\/dolores.ee\/lv\/#\/schema\/logo\/image\/"},"sameAs":["https:\/\/www.facebook.com\/doloresepood\/"],"description":"Dolores.ee on kaasaegne veebipood, kust leiad tuntud kaubam\u00e4rkide \u2013 GIGI, Anna Lotan, Hikari, Hlavin \u2013 originaalkosmeetikat. Pakume kvaliteetseid hooldustooteid taskukohaste hindadega ja kiire kohaletoimetamisega \u00fcle Eesti. Nahahooldus pole kunagi olnud nii lihtne ja soodne!","email":"dolores@dolores.ee","telephone":"372 644 2440","legalName":"Dolores O\u00dc","foundingDate":"1998-02-09","vatID":"EE100050280","numberOfEmployees":{"@type":"QuantitativeValue","minValue":"11","maxValue":"50"}}]}},"_links":{"self":[{"href":"https:\/\/dolores.ee\/lv\/wp-json\/wp\/v2\/product\/1253","targetHints":{"allow":["GET"]}}],"collection":[{"href":"https:\/\/dolores.ee\/lv\/wp-json\/wp\/v2\/product"}],"about":[{"href":"https:\/\/dolores.ee\/lv\/wp-json\/wp\/v2\/types\/product"}],"replies":[{"embeddable":true,"href":"https:\/\/dolores.ee\/lv\/wp-json\/wp\/v2\/comments?post=1253"}],"version-history":[{"count":0,"href":"https:\/\/dolores.ee\/lv\/wp-json\/wp\/v2\/product\/1253\/revisions"}],"wp:featuredmedia":[{"embeddable":true,"href":"https:\/\/dolores.ee\/lv\/wp-json\/wp\/v2\/media\/329589"}],"wp:attachment":[{"href":"https:\/\/dolores.ee\/lv\/wp-json\/wp\/v2\/media?parent=1253"}],"wp:term":[{"taxonomy":"product_brand","embeddable":true,"href":"https:\/\/dolores.ee\/lv\/wp-json\/wp\/v2\/product_brand?post=1253"},{"taxonomy":"product_cat","embeddable":true,"href":"https:\/\/dolores.ee\/lv\/wp-json\/wp\/v2\/product_cat?post=1253"},{"taxonomy":"product_tag","embeddable":true,"href":"https:\/\/dolores.ee\/lv\/wp-json\/wp\/v2\/product_tag?post=1253"},{"taxonomy":"giftcard-category","embeddable":true,"href":"https:\/\/dolores.ee\/lv\/wp-json\/wp\/v2\/giftcard-category?post=1253"}],"curies":[{"name":"wp","href":"https:\/\/api.w.org\/{rel}","templated":true}]}}