{"id":1254,"date":"2020-08-13T13:00:39","date_gmt":"2020-08-11T07:40:13","guid":{"rendered":"https:\/\/dolores.ee\/product\/gigi-city-nap-urban-ookreem-50-ml\/"},"modified":"2026-04-02T15:54:27","modified_gmt":"2026-04-02T12:54:27","slug":"gigi-city-nap-urban-ookreem-50-ml","status":"publish","type":"product","link":"https:\/\/dolores.ee\/lv\/toode\/gigi-city-nap-urban-ookreem-50-ml\/","title":{"rendered":"GIGI City NAP Urban \u00d6\u00f6kreem 50 ml"},"content":{"rendered":"<div class=\"vgblk-rw-wrapper limit-wrapper\">\u00d6\u00f6kreem v\u00f5itleb keskkonnast tingitud ja kiirguskahjustustega ning soodustab naha taastumist. Sisaldab looduslikest toimeainetest koosnevat NAP kompleksi, mis aitab nahalt eemaldada linnakeskkonna kahjulike m\u00f5jude tagaj\u00e4rgi: sudu, raskemetallide ja p\u00e4ikesekiirguse ning kuvaritest, mobiilidest ja tahvelarvutitest eralduva kiirguse j\u00e4\u00e4ke. NAP kompleks kasutab spetsiaalsete vetikate ja Jaapani iirise suutlikkust v\u00f5idelda vaenuliku keskkonna p\u00f5hjustatud kahjustustega. \u00a0Sisaldab nahka rahustava toimega aktiivaineid, mis leevendavad p\u00f5letikulisi protsesse ja stressi.<br \/>\nKasutamine: kandke igal \u00f5htil puhtale nahale ja masserige kuni t\u00e4ieliku imendumiseni.<br \/>\nIngredients: Water(Aqua), Cetyl Alcohol, Glycerin, Propanediol, Isononyl Isononanoate, Butyrospermum Parkii ( Shea) Butter, Bis-Diglycyl Polyacyladipate-2, Cetearyl\u00a0 Ethythexanoate, Cetearyl Alcohol, Arachidyl Alcohol, Sorbitan Trtistearate, Phenoxyethanol, Behenyl Alcohol, Phenyl Trimethicone, Cetearyl\u00a0 Glucoside, Caprylyl Glycol, Aloe Barbadensis Leaf Juice, Dimethicone, Plukenetia Volubilis Seed Oil, Tocopheryl Acetate, Fragrance ( Parfum), Benzyl Alcohol, Linoleic Acid, Butylene Glycol, Sodium PCA, Sodium Lactate, Arachidyl Glucoside, Triethanolamine, Xanthan Gum, BHT, Benzoic Acid, Oleic Acid, Moringa Oleifera Seed Oil, Disodium EDTA, Glyceryl Polyacrylate, Sea Water, Polysiphonia Elongata Extract, Sodium Hyaluronate, Glucose, Sodium Benzoate, Buddleja Officinalis Flower Extract, 1,2-Hexanediol, Spirulina Platensis Extract, Linolenic Acid, Fructoze, Glycine, Niacinamide, Urea, Citric Acid, Tocopherol, Inosytol, Hydrolyzed Rhodophyceae extract.<\/div>\n<p><!-- .vgblk-rw-wrapper --><\/p>\n","protected":false},"excerpt":{"rendered":"<p>GIGI City NAP Urban \u00d6\u00f6kreem 50 ml<\/p>\n","protected":false},"featured_media":883,"comment_status":"open","ping_status":"closed","template":"","meta":[],"product_brand":[],"product_cat":[782,99,274,135,127,399],"product_tag":[460],"giftcard-category":[],"class_list":{"0":"post-1254","1":"product","2":"type-product","3":"status-publish","4":"has-post-thumbnail","6":"product_cat-kevadine-nahahooldus","7":"product_cat-gigi-et","8":"product_cat-city-nap-et","9":"product_cat-2-naohooldus","10":"product_cat-ookreemid","11":"product_cat-ale","12":"product_tag-kosmeetika","14":"first","15":"instock","16":"taxable","17":"shipping-taxable","18":"purchasable","19":"product-type-simple"},"yoast_head":"<!-- This site is optimized with the Yoast SEO Premium plugin v25.1 (Yoast SEO v25.7) - https:\/\/yoast.com\/wordpress\/plugins\/seo\/ -->\n<title>GIGI City NAP Urban \u00d6\u00f6kreem 50 ml ~ Dolores<\/title>\n<meta name=\"robots\" content=\"index, follow, max-snippet:-1, max-image-preview:large, max-video-preview:-1\" \/>\n<link rel=\"canonical\" href=\"https:\/\/dolores.ee\/lv\/toode\/gigi-city-nap-urban-ookreem-50-ml\/\" \/>\n<meta property=\"og:locale\" content=\"lv_LV\" \/>\n<meta property=\"og:type\" content=\"article\" \/>\n<meta property=\"og:title\" content=\"GIGI City NAP Urban \u00d6\u00f6kreem 50 ml\" \/>\n<meta property=\"og:description\" content=\"GIGI City NAP Urban \u00d6\u00f6kreem 50 ml\" \/>\n<meta property=\"og:url\" content=\"https:\/\/dolores.ee\/lv\/toode\/gigi-city-nap-urban-ookreem-50-ml\/\" \/>\n<meta property=\"og:site_name\" content=\"Dolores\" \/>\n<meta property=\"article:publisher\" content=\"https:\/\/www.facebook.com\/doloresepood\/\" \/>\n<meta property=\"article:modified_time\" content=\"2026-04-02T12:54:27+00:00\" \/>\n<meta property=\"og:image\" content=\"https:\/\/dolores.ee\/wp-content\/uploads\/2020\/08\/CN-night.jpg\" \/>\n\t<meta property=\"og:image:width\" content=\"800\" \/>\n\t<meta property=\"og:image:height\" content=\"800\" \/>\n\t<meta property=\"og:image:type\" content=\"image\/jpeg\" \/>\n<meta name=\"twitter:card\" content=\"summary_large_image\" \/>\n<meta name=\"twitter:label1\" content=\"Est. reading time\" \/>\n\t<meta name=\"twitter:data1\" content=\"1 minute\" \/>\n<script type=\"application\/ld+json\" class=\"yoast-schema-graph\">{\"@context\":\"https:\/\/schema.org\",\"@graph\":[{\"@type\":\"WebPage\",\"@id\":\"https:\/\/dolores.ee\/lv\/toode\/gigi-city-nap-urban-ookreem-50-ml\/\",\"url\":\"https:\/\/dolores.ee\/lv\/toode\/gigi-city-nap-urban-ookreem-50-ml\/\",\"name\":\"GIGI City NAP Urban \u00d6\u00f6kreem 50 ml ~ Dolores\",\"isPartOf\":{\"@id\":\"https:\/\/dolores.ee\/lv\/#website\"},\"primaryImageOfPage\":{\"@id\":\"https:\/\/dolores.ee\/lv\/toode\/gigi-city-nap-urban-ookreem-50-ml\/#primaryimage\"},\"image\":{\"@id\":\"https:\/\/dolores.ee\/lv\/toode\/gigi-city-nap-urban-ookreem-50-ml\/#primaryimage\"},\"thumbnailUrl\":\"https:\/\/dolores.ee\/wp-content\/uploads\/2020\/08\/CN-night.jpg\",\"datePublished\":\"2020-08-11T07:40:13+00:00\",\"dateModified\":\"2026-04-02T12:54:27+00:00\",\"breadcrumb\":{\"@id\":\"https:\/\/dolores.ee\/lv\/toode\/gigi-city-nap-urban-ookreem-50-ml\/#breadcrumb\"},\"inLanguage\":\"lv-LV\",\"potentialAction\":[{\"@type\":\"ReadAction\",\"target\":[\"https:\/\/dolores.ee\/lv\/toode\/gigi-city-nap-urban-ookreem-50-ml\/\"]}]},{\"@type\":\"ImageObject\",\"inLanguage\":\"lv-LV\",\"@id\":\"https:\/\/dolores.ee\/lv\/toode\/gigi-city-nap-urban-ookreem-50-ml\/#primaryimage\",\"url\":\"https:\/\/dolores.ee\/wp-content\/uploads\/2020\/08\/CN-night.jpg\",\"contentUrl\":\"https:\/\/dolores.ee\/wp-content\/uploads\/2020\/08\/CN-night.jpg\",\"width\":800,\"height\":800},{\"@type\":\"BreadcrumbList\",\"@id\":\"https:\/\/dolores.ee\/lv\/toode\/gigi-city-nap-urban-ookreem-50-ml\/#breadcrumb\",\"itemListElement\":[{\"@type\":\"ListItem\",\"position\":1,\"name\":\"Home\",\"item\":\"https:\/\/dolores.ee\/lv\/\"},{\"@type\":\"ListItem\",\"position\":2,\"name\":\"E-veikals\",\"item\":\"https:\/\/dolores.ee\/lv\/e-veikals\/\"},{\"@type\":\"ListItem\",\"position\":3,\"name\":\"GIGI City NAP Urban \u00d6\u00f6kreem 50 ml\"}]},{\"@type\":\"WebSite\",\"@id\":\"https:\/\/dolores.ee\/lv\/#website\",\"url\":\"https:\/\/dolores.ee\/lv\/\",\"name\":\"Dolores e-pood\",\"description\":\"Beauty Shop\",\"publisher\":{\"@id\":\"https:\/\/dolores.ee\/lv\/#organization\"},\"alternateName\":\"Dolores\",\"potentialAction\":[{\"@type\":\"SearchAction\",\"target\":{\"@type\":\"EntryPoint\",\"urlTemplate\":\"https:\/\/dolores.ee\/lv\/?s={search_term_string}\"},\"query-input\":{\"@type\":\"PropertyValueSpecification\",\"valueRequired\":true,\"valueName\":\"search_term_string\"}}],\"inLanguage\":\"lv-LV\"},{\"@type\":\"Organization\",\"@id\":\"https:\/\/dolores.ee\/lv\/#organization\",\"name\":\"Dolores O\u00dc\",\"alternateName\":\"Dolores e-pood\",\"url\":\"https:\/\/dolores.ee\/lv\/\",\"logo\":{\"@type\":\"ImageObject\",\"inLanguage\":\"lv-LV\",\"@id\":\"https:\/\/dolores.ee\/lv\/#\/schema\/logo\/image\/\",\"url\":\"https:\/\/dolores.ee\/wp-content\/uploads\/2025\/04\/logo-1.jpg\",\"contentUrl\":\"https:\/\/dolores.ee\/wp-content\/uploads\/2025\/04\/logo-1.jpg\",\"width\":1951,\"height\":660,\"caption\":\"Dolores O\u00dc\"},\"image\":{\"@id\":\"https:\/\/dolores.ee\/lv\/#\/schema\/logo\/image\/\"},\"sameAs\":[\"https:\/\/www.facebook.com\/doloresepood\/\"],\"description\":\"Dolores.ee on kaasaegne veebipood, kust leiad tuntud kaubam\u00e4rkide \u2013 GIGI, Anna Lotan, Hikari, Hlavin \u2013 originaalkosmeetikat. Pakume kvaliteetseid hooldustooteid taskukohaste hindadega ja kiire kohaletoimetamisega \u00fcle Eesti. Nahahooldus pole kunagi olnud nii lihtne ja soodne!\",\"email\":\"dolores@dolores.ee\",\"telephone\":\"372 644 2440\",\"legalName\":\"Dolores O\u00dc\",\"foundingDate\":\"1998-02-09\",\"vatID\":\"EE100050280\",\"numberOfEmployees\":{\"@type\":\"QuantitativeValue\",\"minValue\":\"11\",\"maxValue\":\"50\"}}]}<\/script>\n<!-- \/ Yoast SEO Premium plugin. -->","yoast_head_json":{"title":"GIGI City NAP Urban \u00d6\u00f6kreem 50 ml ~ Dolores","robots":{"index":"index","follow":"follow","max-snippet":"max-snippet:-1","max-image-preview":"max-image-preview:large","max-video-preview":"max-video-preview:-1"},"canonical":"https:\/\/dolores.ee\/lv\/toode\/gigi-city-nap-urban-ookreem-50-ml\/","og_locale":"lv_LV","og_type":"article","og_title":"GIGI City NAP Urban \u00d6\u00f6kreem 50 ml","og_description":"GIGI City NAP Urban \u00d6\u00f6kreem 50 ml","og_url":"https:\/\/dolores.ee\/lv\/toode\/gigi-city-nap-urban-ookreem-50-ml\/","og_site_name":"Dolores","article_publisher":"https:\/\/www.facebook.com\/doloresepood\/","article_modified_time":"2026-04-02T12:54:27+00:00","og_image":[{"width":800,"height":800,"url":"https:\/\/dolores.ee\/wp-content\/uploads\/2020\/08\/CN-night.jpg","type":"image\/jpeg"}],"twitter_card":"summary_large_image","twitter_misc":{"Est. reading time":"1 minute"},"schema":{"@context":"https:\/\/schema.org","@graph":[{"@type":"WebPage","@id":"https:\/\/dolores.ee\/lv\/toode\/gigi-city-nap-urban-ookreem-50-ml\/","url":"https:\/\/dolores.ee\/lv\/toode\/gigi-city-nap-urban-ookreem-50-ml\/","name":"GIGI City NAP Urban \u00d6\u00f6kreem 50 ml ~ Dolores","isPartOf":{"@id":"https:\/\/dolores.ee\/lv\/#website"},"primaryImageOfPage":{"@id":"https:\/\/dolores.ee\/lv\/toode\/gigi-city-nap-urban-ookreem-50-ml\/#primaryimage"},"image":{"@id":"https:\/\/dolores.ee\/lv\/toode\/gigi-city-nap-urban-ookreem-50-ml\/#primaryimage"},"thumbnailUrl":"https:\/\/dolores.ee\/wp-content\/uploads\/2020\/08\/CN-night.jpg","datePublished":"2020-08-11T07:40:13+00:00","dateModified":"2026-04-02T12:54:27+00:00","breadcrumb":{"@id":"https:\/\/dolores.ee\/lv\/toode\/gigi-city-nap-urban-ookreem-50-ml\/#breadcrumb"},"inLanguage":"lv-LV","potentialAction":[{"@type":"ReadAction","target":["https:\/\/dolores.ee\/lv\/toode\/gigi-city-nap-urban-ookreem-50-ml\/"]}]},{"@type":"ImageObject","inLanguage":"lv-LV","@id":"https:\/\/dolores.ee\/lv\/toode\/gigi-city-nap-urban-ookreem-50-ml\/#primaryimage","url":"https:\/\/dolores.ee\/wp-content\/uploads\/2020\/08\/CN-night.jpg","contentUrl":"https:\/\/dolores.ee\/wp-content\/uploads\/2020\/08\/CN-night.jpg","width":800,"height":800},{"@type":"BreadcrumbList","@id":"https:\/\/dolores.ee\/lv\/toode\/gigi-city-nap-urban-ookreem-50-ml\/#breadcrumb","itemListElement":[{"@type":"ListItem","position":1,"name":"Home","item":"https:\/\/dolores.ee\/lv\/"},{"@type":"ListItem","position":2,"name":"E-veikals","item":"https:\/\/dolores.ee\/lv\/e-veikals\/"},{"@type":"ListItem","position":3,"name":"GIGI City NAP Urban \u00d6\u00f6kreem 50 ml"}]},{"@type":"WebSite","@id":"https:\/\/dolores.ee\/lv\/#website","url":"https:\/\/dolores.ee\/lv\/","name":"Dolores e-pood","description":"Beauty Shop","publisher":{"@id":"https:\/\/dolores.ee\/lv\/#organization"},"alternateName":"Dolores","potentialAction":[{"@type":"SearchAction","target":{"@type":"EntryPoint","urlTemplate":"https:\/\/dolores.ee\/lv\/?s={search_term_string}"},"query-input":{"@type":"PropertyValueSpecification","valueRequired":true,"valueName":"search_term_string"}}],"inLanguage":"lv-LV"},{"@type":"Organization","@id":"https:\/\/dolores.ee\/lv\/#organization","name":"Dolores O\u00dc","alternateName":"Dolores e-pood","url":"https:\/\/dolores.ee\/lv\/","logo":{"@type":"ImageObject","inLanguage":"lv-LV","@id":"https:\/\/dolores.ee\/lv\/#\/schema\/logo\/image\/","url":"https:\/\/dolores.ee\/wp-content\/uploads\/2025\/04\/logo-1.jpg","contentUrl":"https:\/\/dolores.ee\/wp-content\/uploads\/2025\/04\/logo-1.jpg","width":1951,"height":660,"caption":"Dolores O\u00dc"},"image":{"@id":"https:\/\/dolores.ee\/lv\/#\/schema\/logo\/image\/"},"sameAs":["https:\/\/www.facebook.com\/doloresepood\/"],"description":"Dolores.ee on kaasaegne veebipood, kust leiad tuntud kaubam\u00e4rkide \u2013 GIGI, Anna Lotan, Hikari, Hlavin \u2013 originaalkosmeetikat. Pakume kvaliteetseid hooldustooteid taskukohaste hindadega ja kiire kohaletoimetamisega \u00fcle Eesti. Nahahooldus pole kunagi olnud nii lihtne ja soodne!","email":"dolores@dolores.ee","telephone":"372 644 2440","legalName":"Dolores O\u00dc","foundingDate":"1998-02-09","vatID":"EE100050280","numberOfEmployees":{"@type":"QuantitativeValue","minValue":"11","maxValue":"50"}}]}},"_links":{"self":[{"href":"https:\/\/dolores.ee\/lv\/wp-json\/wp\/v2\/product\/1254","targetHints":{"allow":["GET"]}}],"collection":[{"href":"https:\/\/dolores.ee\/lv\/wp-json\/wp\/v2\/product"}],"about":[{"href":"https:\/\/dolores.ee\/lv\/wp-json\/wp\/v2\/types\/product"}],"replies":[{"embeddable":true,"href":"https:\/\/dolores.ee\/lv\/wp-json\/wp\/v2\/comments?post=1254"}],"version-history":[{"count":0,"href":"https:\/\/dolores.ee\/lv\/wp-json\/wp\/v2\/product\/1254\/revisions"}],"wp:featuredmedia":[{"embeddable":true,"href":"https:\/\/dolores.ee\/lv\/wp-json\/wp\/v2\/media\/883"}],"wp:attachment":[{"href":"https:\/\/dolores.ee\/lv\/wp-json\/wp\/v2\/media?parent=1254"}],"wp:term":[{"taxonomy":"product_brand","embeddable":true,"href":"https:\/\/dolores.ee\/lv\/wp-json\/wp\/v2\/product_brand?post=1254"},{"taxonomy":"product_cat","embeddable":true,"href":"https:\/\/dolores.ee\/lv\/wp-json\/wp\/v2\/product_cat?post=1254"},{"taxonomy":"product_tag","embeddable":true,"href":"https:\/\/dolores.ee\/lv\/wp-json\/wp\/v2\/product_tag?post=1254"},{"taxonomy":"giftcard-category","embeddable":true,"href":"https:\/\/dolores.ee\/lv\/wp-json\/wp\/v2\/giftcard-category?post=1254"}],"curies":[{"name":"wp","href":"https:\/\/api.w.org\/{rel}","templated":true}]}}