{"id":2352,"date":"2020-08-13T09:38:32","date_gmt":"2020-08-13T09:56:08","guid":{"rendered":"https:\/\/dolores.ee\/?post_type=product&#038;p=2352"},"modified":"2026-03-09T16:04:21","modified_gmt":"2026-03-09T14:04:21","slug":"gigi-ester-c-niisutav-kreem-spf-20-50ml","status":"publish","type":"product","link":"https:\/\/dolores.ee\/lv\/toode\/gigi-ester-c-niisutav-kreem-spf-20-50ml\/","title":{"rendered":"GIGI Ester C Niisutav Kreem SPF 20 50ml"},"content":{"rendered":"<div class=\"vgblk-rw-wrapper limit-wrapper\">Sobib normaalsele ja kuivale nahale. \u00a0Niisutav p\u00e4evakreem kaitseb UVA ja UVB kiirguse eest, SPF 20.<br \/>\nKreem sisaldab vitamiini C ja antioks\u00fcdante, mis kaitsevad nahka p\u00e4ikesekiirguse ja vabade radikaalide kahjuliku toime eest.<br \/>\nMandelhape suurendab vitamiini C ning rahustava toimega allantoiini ja Aloe vera m\u00f5ju.<br \/>\nSobib koostisosade kombinatsiooni t\u00f5ttu eelk\u00f5ige tundlikule nahale.\u00a0Ei sisalda parabeene.<br \/>\nKasutamine:\u00a0Hoolikalt puhastatud nahale kanda piisav kogus kreemi.<br \/>\nKreemi masseerida \u00a0s\u00f5rmeotstega nahasse suunaga n\u00e4o keskelt v\u00e4ljapoole kuni selle t\u00e4ieliku imendumiseni.<br \/>\nParema tulemuse saamiseks kanda eelnevalt nahale Ester C seerumit.<br \/>\nKoostis:\u00a0\u00a0Water (Aqua), Cetyl Alcohol, Glycerin, Ethylhexyl Salicylate, Butylene Glycol &amp; Water &amp; Codium Tomentosum Extract, \u00a0Cetearyl Alcohol &amp; Cetearyl Glucoside, \u00a0Cetearyl Ethylhexanoate, \u00a0Propylene Glycol Dicaprylate\/Dicaprate, \u00a0Isononyl Isononanoate, Magnesium Ascorbyl Phosphate, Sodium Hyaluronate, \u00a0Arachidyl Glucoside, Butyl Alcohol &amp; Behenyl Alcohol &amp; Arachidyl Glucoside, Butyl Methoxydibenzoylmethane, Castor Isostearate Succinate , \u00a0Triethanolamine, Octocrylene, Phenyl Trimethicone, Phenylbenzimidazole Sulfonic Acid, Aqua &amp; Chondrus Crispus (Carrageenen) Extract, Caprylic\/Capric Triglyceride &amp; Alaria Esculenta Extract, Hydroxyethyl Acrylate\/Sodium Acryloyldimethyl Taurate Copolymer &amp; Isohexadecane &amp; Polysorbate 60, Glyceryl Caprylate , \u00a0Hydroxyethyl Urea, Fragrance \u00a0(Parfum), Aqua &amp; Butylene Glycol &amp; Plankton Extract &amp; Arginine Ferulate, Phenylpropanol, Allantoin, Disodium EDTA, Xanthan Gum, Tocopheryl Acetate, Bisabolol, 4-Methylbenzylidene Camphor.<\/div>\n<p><!-- .vgblk-rw-wrapper --><\/p>\n","protected":false},"excerpt":{"rendered":"<p>GIGI Ester C Niisutav Kreem SPF 20 50ml<\/p>\n","protected":false},"featured_media":2025,"comment_status":"open","ping_status":"closed","template":"","meta":[],"product_brand":[],"product_cat":[99,275,135,89,212,399,464],"product_tag":[460],"giftcard-category":[],"class_list":{"0":"post-2352","1":"product","2":"type-product","3":"status-publish","4":"has-post-thumbnail","6":"product_cat-gigi-et","7":"product_cat-ester-c-et","8":"product_cat-2-naohooldus","9":"product_cat-paevakreemid","10":"product_cat-paikesekaitse","11":"product_cat-ale","12":"product_cat-niisutavad-tooted","13":"product_tag-kosmeetika","15":"first","16":"instock","17":"taxable","18":"shipping-taxable","19":"purchasable","20":"product-type-simple"},"yoast_head":"<!-- This site is optimized with the Yoast SEO Premium plugin v25.1 (Yoast SEO v25.7) - https:\/\/yoast.com\/wordpress\/plugins\/seo\/ -->\n<title>GIGI Ester C Niisutav Kreem SPF 20 50ml ~ Dolores<\/title>\n<meta name=\"robots\" content=\"index, follow, max-snippet:-1, max-image-preview:large, max-video-preview:-1\" \/>\n<link rel=\"canonical\" href=\"https:\/\/dolores.ee\/lv\/toode\/gigi-ester-c-niisutav-kreem-spf-20-50ml\/\" \/>\n<meta property=\"og:locale\" content=\"lv_LV\" \/>\n<meta property=\"og:type\" content=\"article\" \/>\n<meta property=\"og:title\" content=\"GIGI Ester C Niisutav Kreem SPF 20 50ml\" \/>\n<meta property=\"og:description\" content=\"GIGI Ester C Niisutav Kreem SPF 20 50ml\" \/>\n<meta property=\"og:url\" content=\"https:\/\/dolores.ee\/lv\/toode\/gigi-ester-c-niisutav-kreem-spf-20-50ml\/\" \/>\n<meta property=\"og:site_name\" content=\"Dolores\" \/>\n<meta property=\"article:publisher\" content=\"https:\/\/www.facebook.com\/doloresepood\/\" \/>\n<meta property=\"article:modified_time\" content=\"2026-03-09T14:04:21+00:00\" \/>\n<meta property=\"og:image\" content=\"https:\/\/dolores.ee\/wp-content\/uploads\/2020\/08\/moisturizer-spf-20-a-scaled.jpg\" \/>\n\t<meta property=\"og:image:width\" content=\"997\" \/>\n\t<meta property=\"og:image:height\" content=\"1920\" \/>\n\t<meta property=\"og:image:type\" content=\"image\/jpeg\" \/>\n<meta name=\"twitter:card\" content=\"summary_large_image\" \/>\n<meta name=\"twitter:label1\" content=\"Est. reading time\" \/>\n\t<meta name=\"twitter:data1\" content=\"1 minute\" \/>\n<script type=\"application\/ld+json\" class=\"yoast-schema-graph\">{\"@context\":\"https:\/\/schema.org\",\"@graph\":[{\"@type\":\"WebPage\",\"@id\":\"https:\/\/dolores.ee\/lv\/toode\/gigi-ester-c-niisutav-kreem-spf-20-50ml\/\",\"url\":\"https:\/\/dolores.ee\/lv\/toode\/gigi-ester-c-niisutav-kreem-spf-20-50ml\/\",\"name\":\"GIGI Ester C Niisutav Kreem SPF 20 50ml ~ Dolores\",\"isPartOf\":{\"@id\":\"https:\/\/dolores.ee\/lv\/#website\"},\"primaryImageOfPage\":{\"@id\":\"https:\/\/dolores.ee\/lv\/toode\/gigi-ester-c-niisutav-kreem-spf-20-50ml\/#primaryimage\"},\"image\":{\"@id\":\"https:\/\/dolores.ee\/lv\/toode\/gigi-ester-c-niisutav-kreem-spf-20-50ml\/#primaryimage\"},\"thumbnailUrl\":\"https:\/\/dolores.ee\/wp-content\/uploads\/2020\/08\/moisturizer-spf-20-a-scaled.jpg\",\"datePublished\":\"2020-08-13T09:56:08+00:00\",\"dateModified\":\"2026-03-09T14:04:21+00:00\",\"breadcrumb\":{\"@id\":\"https:\/\/dolores.ee\/lv\/toode\/gigi-ester-c-niisutav-kreem-spf-20-50ml\/#breadcrumb\"},\"inLanguage\":\"lv-LV\",\"potentialAction\":[{\"@type\":\"ReadAction\",\"target\":[\"https:\/\/dolores.ee\/lv\/toode\/gigi-ester-c-niisutav-kreem-spf-20-50ml\/\"]}]},{\"@type\":\"ImageObject\",\"inLanguage\":\"lv-LV\",\"@id\":\"https:\/\/dolores.ee\/lv\/toode\/gigi-ester-c-niisutav-kreem-spf-20-50ml\/#primaryimage\",\"url\":\"https:\/\/dolores.ee\/wp-content\/uploads\/2020\/08\/moisturizer-spf-20-a-scaled.jpg\",\"contentUrl\":\"https:\/\/dolores.ee\/wp-content\/uploads\/2020\/08\/moisturizer-spf-20-a-scaled.jpg\",\"width\":997,\"height\":1920},{\"@type\":\"BreadcrumbList\",\"@id\":\"https:\/\/dolores.ee\/lv\/toode\/gigi-ester-c-niisutav-kreem-spf-20-50ml\/#breadcrumb\",\"itemListElement\":[{\"@type\":\"ListItem\",\"position\":1,\"name\":\"Home\",\"item\":\"https:\/\/dolores.ee\/lv\/\"},{\"@type\":\"ListItem\",\"position\":2,\"name\":\"E-veikals\",\"item\":\"https:\/\/dolores.ee\/lv\/e-veikals\/\"},{\"@type\":\"ListItem\",\"position\":3,\"name\":\"GIGI Ester C Niisutav Kreem SPF 20 50ml\"}]},{\"@type\":\"WebSite\",\"@id\":\"https:\/\/dolores.ee\/lv\/#website\",\"url\":\"https:\/\/dolores.ee\/lv\/\",\"name\":\"Dolores e-pood\",\"description\":\"Beauty Shop\",\"publisher\":{\"@id\":\"https:\/\/dolores.ee\/lv\/#organization\"},\"alternateName\":\"Dolores\",\"potentialAction\":[{\"@type\":\"SearchAction\",\"target\":{\"@type\":\"EntryPoint\",\"urlTemplate\":\"https:\/\/dolores.ee\/lv\/?s={search_term_string}\"},\"query-input\":{\"@type\":\"PropertyValueSpecification\",\"valueRequired\":true,\"valueName\":\"search_term_string\"}}],\"inLanguage\":\"lv-LV\"},{\"@type\":\"Organization\",\"@id\":\"https:\/\/dolores.ee\/lv\/#organization\",\"name\":\"Dolores O\u00dc\",\"alternateName\":\"Dolores e-pood\",\"url\":\"https:\/\/dolores.ee\/lv\/\",\"logo\":{\"@type\":\"ImageObject\",\"inLanguage\":\"lv-LV\",\"@id\":\"https:\/\/dolores.ee\/lv\/#\/schema\/logo\/image\/\",\"url\":\"https:\/\/dolores.ee\/wp-content\/uploads\/2025\/04\/logo-1.jpg\",\"contentUrl\":\"https:\/\/dolores.ee\/wp-content\/uploads\/2025\/04\/logo-1.jpg\",\"width\":1951,\"height\":660,\"caption\":\"Dolores O\u00dc\"},\"image\":{\"@id\":\"https:\/\/dolores.ee\/lv\/#\/schema\/logo\/image\/\"},\"sameAs\":[\"https:\/\/www.facebook.com\/doloresepood\/\"],\"description\":\"Dolores.ee on kaasaegne veebipood, kust leiad tuntud kaubam\u00e4rkide \u2013 GIGI, Anna Lotan, Hikari, Hlavin \u2013 originaalkosmeetikat. Pakume kvaliteetseid hooldustooteid taskukohaste hindadega ja kiire kohaletoimetamisega \u00fcle Eesti. Nahahooldus pole kunagi olnud nii lihtne ja soodne!\",\"email\":\"dolores@dolores.ee\",\"telephone\":\"372 644 2440\",\"legalName\":\"Dolores O\u00dc\",\"foundingDate\":\"1998-02-09\",\"vatID\":\"EE100050280\",\"numberOfEmployees\":{\"@type\":\"QuantitativeValue\",\"minValue\":\"11\",\"maxValue\":\"50\"}}]}<\/script>\n<!-- \/ Yoast SEO Premium plugin. -->","yoast_head_json":{"title":"GIGI Ester C Niisutav Kreem SPF 20 50ml ~ Dolores","robots":{"index":"index","follow":"follow","max-snippet":"max-snippet:-1","max-image-preview":"max-image-preview:large","max-video-preview":"max-video-preview:-1"},"canonical":"https:\/\/dolores.ee\/lv\/toode\/gigi-ester-c-niisutav-kreem-spf-20-50ml\/","og_locale":"lv_LV","og_type":"article","og_title":"GIGI Ester C Niisutav Kreem SPF 20 50ml","og_description":"GIGI Ester C Niisutav Kreem SPF 20 50ml","og_url":"https:\/\/dolores.ee\/lv\/toode\/gigi-ester-c-niisutav-kreem-spf-20-50ml\/","og_site_name":"Dolores","article_publisher":"https:\/\/www.facebook.com\/doloresepood\/","article_modified_time":"2026-03-09T14:04:21+00:00","og_image":[{"width":997,"height":1920,"url":"https:\/\/dolores.ee\/wp-content\/uploads\/2020\/08\/moisturizer-spf-20-a-scaled.jpg","type":"image\/jpeg"}],"twitter_card":"summary_large_image","twitter_misc":{"Est. reading time":"1 minute"},"schema":{"@context":"https:\/\/schema.org","@graph":[{"@type":"WebPage","@id":"https:\/\/dolores.ee\/lv\/toode\/gigi-ester-c-niisutav-kreem-spf-20-50ml\/","url":"https:\/\/dolores.ee\/lv\/toode\/gigi-ester-c-niisutav-kreem-spf-20-50ml\/","name":"GIGI Ester C Niisutav Kreem SPF 20 50ml ~ Dolores","isPartOf":{"@id":"https:\/\/dolores.ee\/lv\/#website"},"primaryImageOfPage":{"@id":"https:\/\/dolores.ee\/lv\/toode\/gigi-ester-c-niisutav-kreem-spf-20-50ml\/#primaryimage"},"image":{"@id":"https:\/\/dolores.ee\/lv\/toode\/gigi-ester-c-niisutav-kreem-spf-20-50ml\/#primaryimage"},"thumbnailUrl":"https:\/\/dolores.ee\/wp-content\/uploads\/2020\/08\/moisturizer-spf-20-a-scaled.jpg","datePublished":"2020-08-13T09:56:08+00:00","dateModified":"2026-03-09T14:04:21+00:00","breadcrumb":{"@id":"https:\/\/dolores.ee\/lv\/toode\/gigi-ester-c-niisutav-kreem-spf-20-50ml\/#breadcrumb"},"inLanguage":"lv-LV","potentialAction":[{"@type":"ReadAction","target":["https:\/\/dolores.ee\/lv\/toode\/gigi-ester-c-niisutav-kreem-spf-20-50ml\/"]}]},{"@type":"ImageObject","inLanguage":"lv-LV","@id":"https:\/\/dolores.ee\/lv\/toode\/gigi-ester-c-niisutav-kreem-spf-20-50ml\/#primaryimage","url":"https:\/\/dolores.ee\/wp-content\/uploads\/2020\/08\/moisturizer-spf-20-a-scaled.jpg","contentUrl":"https:\/\/dolores.ee\/wp-content\/uploads\/2020\/08\/moisturizer-spf-20-a-scaled.jpg","width":997,"height":1920},{"@type":"BreadcrumbList","@id":"https:\/\/dolores.ee\/lv\/toode\/gigi-ester-c-niisutav-kreem-spf-20-50ml\/#breadcrumb","itemListElement":[{"@type":"ListItem","position":1,"name":"Home","item":"https:\/\/dolores.ee\/lv\/"},{"@type":"ListItem","position":2,"name":"E-veikals","item":"https:\/\/dolores.ee\/lv\/e-veikals\/"},{"@type":"ListItem","position":3,"name":"GIGI Ester C Niisutav Kreem SPF 20 50ml"}]},{"@type":"WebSite","@id":"https:\/\/dolores.ee\/lv\/#website","url":"https:\/\/dolores.ee\/lv\/","name":"Dolores e-pood","description":"Beauty Shop","publisher":{"@id":"https:\/\/dolores.ee\/lv\/#organization"},"alternateName":"Dolores","potentialAction":[{"@type":"SearchAction","target":{"@type":"EntryPoint","urlTemplate":"https:\/\/dolores.ee\/lv\/?s={search_term_string}"},"query-input":{"@type":"PropertyValueSpecification","valueRequired":true,"valueName":"search_term_string"}}],"inLanguage":"lv-LV"},{"@type":"Organization","@id":"https:\/\/dolores.ee\/lv\/#organization","name":"Dolores O\u00dc","alternateName":"Dolores e-pood","url":"https:\/\/dolores.ee\/lv\/","logo":{"@type":"ImageObject","inLanguage":"lv-LV","@id":"https:\/\/dolores.ee\/lv\/#\/schema\/logo\/image\/","url":"https:\/\/dolores.ee\/wp-content\/uploads\/2025\/04\/logo-1.jpg","contentUrl":"https:\/\/dolores.ee\/wp-content\/uploads\/2025\/04\/logo-1.jpg","width":1951,"height":660,"caption":"Dolores O\u00dc"},"image":{"@id":"https:\/\/dolores.ee\/lv\/#\/schema\/logo\/image\/"},"sameAs":["https:\/\/www.facebook.com\/doloresepood\/"],"description":"Dolores.ee on kaasaegne veebipood, kust leiad tuntud kaubam\u00e4rkide \u2013 GIGI, Anna Lotan, Hikari, Hlavin \u2013 originaalkosmeetikat. Pakume kvaliteetseid hooldustooteid taskukohaste hindadega ja kiire kohaletoimetamisega \u00fcle Eesti. Nahahooldus pole kunagi olnud nii lihtne ja soodne!","email":"dolores@dolores.ee","telephone":"372 644 2440","legalName":"Dolores O\u00dc","foundingDate":"1998-02-09","vatID":"EE100050280","numberOfEmployees":{"@type":"QuantitativeValue","minValue":"11","maxValue":"50"}}]}},"_links":{"self":[{"href":"https:\/\/dolores.ee\/lv\/wp-json\/wp\/v2\/product\/2352","targetHints":{"allow":["GET"]}}],"collection":[{"href":"https:\/\/dolores.ee\/lv\/wp-json\/wp\/v2\/product"}],"about":[{"href":"https:\/\/dolores.ee\/lv\/wp-json\/wp\/v2\/types\/product"}],"replies":[{"embeddable":true,"href":"https:\/\/dolores.ee\/lv\/wp-json\/wp\/v2\/comments?post=2352"}],"version-history":[{"count":0,"href":"https:\/\/dolores.ee\/lv\/wp-json\/wp\/v2\/product\/2352\/revisions"}],"wp:featuredmedia":[{"embeddable":true,"href":"https:\/\/dolores.ee\/lv\/wp-json\/wp\/v2\/media\/2025"}],"wp:attachment":[{"href":"https:\/\/dolores.ee\/lv\/wp-json\/wp\/v2\/media?parent=2352"}],"wp:term":[{"taxonomy":"product_brand","embeddable":true,"href":"https:\/\/dolores.ee\/lv\/wp-json\/wp\/v2\/product_brand?post=2352"},{"taxonomy":"product_cat","embeddable":true,"href":"https:\/\/dolores.ee\/lv\/wp-json\/wp\/v2\/product_cat?post=2352"},{"taxonomy":"product_tag","embeddable":true,"href":"https:\/\/dolores.ee\/lv\/wp-json\/wp\/v2\/product_tag?post=2352"},{"taxonomy":"giftcard-category","embeddable":true,"href":"https:\/\/dolores.ee\/lv\/wp-json\/wp\/v2\/giftcard-category?post=2352"}],"curies":[{"name":"wp","href":"https:\/\/api.w.org\/{rel}","templated":true}]}}