{"id":332068,"date":"2021-11-19T16:48:27","date_gmt":"2021-11-19T14:48:27","guid":{"rendered":"https:\/\/dolores.ee\/?post_type=product&#038;p=332068"},"modified":"2025-07-01T10:56:34","modified_gmt":"2025-07-01T07:56:34","slug":"gigi-the-gift-of-glow","status":"publish","type":"product","link":"https:\/\/dolores.ee\/lv\/toode\/gigi-the-gift-of-glow\/","title":{"rendered":"GIGI THE GIFT OF GLOW"},"content":{"rendered":"<div class=\"vgblk-rw-wrapper limit-wrapper\"><span style=\"font-weight: 400;\">See komplekt annab teile k\u00f5ik, mida vajate, et iga p\u00e4ev oma parim v\u00e4lja n\u00e4ha. Komplekti kuuluvad elegantne kompaktpeegel, luksuslik kunstnahast meigikott ja komplekt n\u00e4ohooldusvahendeid, mis on m\u00f5eldud koos kasutamiseks.\u00a0<\/span><\/p>\n<p><span style=\"font-weight: 400;\">N\u00e4o meigikomplekt sisaldab eksklusiivseid esemeid:<\/span><\/p>\n<p><b>GIGI City NAP Urban Sleeping Mask &#8211; Uinuva \u041aaunitari \u041cask &#8211; 46,20 eur<br \/>\n<\/b><span style=\"font-weight: 400;\">Mask k\u00e4ivitab uuendamisprotsessi \u00f6\u00f6sel, kui teie nahk on k\u00f5ige vastuv\u00f5tlikum ja taastumisv\u00f5imeline.<br \/>\nAntioks\u00fcdantide kompleks k\u00f5rvaldab toksiine ja lisandeid.<br \/>\n<\/span><span style=\"font-weight: 400;\">Kerge drenaa\u017ei efekt &#8211; hommikul ei ole v\u00e4himatki turse j\u00e4lge.<\/span><\/p>\n<p><span style=\"font-weight: 400;\">Maski regulaarsel kasutamisel on h\u00e4mmastav m\u00f5ju, sest see \u00fchtlustab teie nahatooni ja taastab teie n\u00e4o s\u00e4ra.<br \/>\n<\/span><span style=\"font-weight: 400;\">V\u00e4henevad kortsud ja vanusega seotud muutused. Kaitseelemendid toimivad ennetavalt, takistades v\u00e4liste tegurite kahjulikku m\u00f5ju. T\u00e4ielik epigeneetiline m\u00f5ju koos negatiivse geeniekspressiooni allasurumisega.<\/span><\/p>\n<p><span style=\"font-weight: 400;\">Anna endale v\u00f5imalus v\u00e4lja n\u00e4ha 10 aasta p\u00e4rast parem kui praegu!<\/span><\/p>\n<p><b>GIGI City NAP Urban Water Mist &#8211; Pihusti Losjoon Veeudu &#8211; 31,90 eur<br \/>\n<\/b><span style=\"font-weight: 400;\">V\u00e4rskendav ja niisutav, rikas vitamiinide, antioks\u00fcdantide ja pehmendavate ainetega loodusliku p\u00e4ritoluga.<br \/>\n<\/span><span style=\"font-weight: 400;\">Sprei sisaldab fenomenaalset 9 taimeekstrakti kompleksi + k\u00f5rgeima kontsentratsiooniga \u017een\u0161ennih\u00fcdrolaati.<br \/>\n<\/span><span style=\"font-weight: 400;\">Kaitseb nahka vabade radikaalide ja saastunud linna\u00f5hu eest.\u00a0<\/span><\/p>\n<p><span style=\"font-weight: 400;\">Paneb teid v\u00e4ljan\u00e4gema v\u00e4rskendatult, iga kord, kui teie nahk vajab lisaenergiat.<\/span><\/p>\n<p><b>Aksessuaarid &#8211; 8 eur + 24 eur<br \/>\n<\/b><span style=\"font-weight: 400;\">Peegel on teie igap\u00e4evase ilurutiini oluline osa. See aitab teil n\u00e4ha, mida peate hommikul parandama v\u00f5i korrekteerima.<br \/>\n<\/span><span style=\"font-weight: 400;\">Peegli m\u00f5\u00f5tmed on 6 x 6 cm ja tal on elegantsed detailid.\u00a0<\/span><\/p>\n<p><span style=\"font-weight: 400;\">Meigikott hoiab k\u00f5ik teie kosmeetikatooted korras ja valmis mis tahes s\u00fcndmuse jaoks.<br \/>\n<\/span><span style=\"font-weight: 400;\">Kosmeetikakott on valmistatud kunstnahast, sellel on \u00fcks lahter ja see sulgub \u00fclevalt t\u00f5mblukuga.<\/span><\/div>\n<p><!-- .vgblk-rw-wrapper --><\/p>\n","protected":false},"excerpt":{"rendered":"<h4><strong>P\u00fchade Kinkekomplekt<br \/>\n<\/strong>Ilu peab olema esikohal.<\/h4>\n","protected":false},"featured_media":0,"comment_status":"open","ping_status":"closed","template":"","meta":[],"product_brand":[],"product_cat":[99,274,421],"product_tag":[],"giftcard-category":[],"class_list":{"0":"post-332068","1":"product","2":"type-product","3":"status-publish","5":"product_cat-gigi-et","6":"product_cat-city-nap-et","7":"product_cat-komplekt","9":"first","10":"outofstock","11":"taxable","12":"shipping-taxable","13":"purchasable","14":"product-type-simple"},"yoast_head":"<!-- This site is optimized with the Yoast SEO Premium plugin v25.1 (Yoast SEO v25.7) - https:\/\/yoast.com\/wordpress\/plugins\/seo\/ -->\n<title>GIGI THE GIFT OF GLOW ~ Dolores<\/title>\n<meta name=\"robots\" content=\"index, follow, max-snippet:-1, max-image-preview:large, max-video-preview:-1\" \/>\n<link rel=\"canonical\" href=\"https:\/\/dolores.ee\/lv\/toode\/gigi-the-gift-of-glow\/\" \/>\n<meta property=\"og:locale\" content=\"lv_LV\" \/>\n<meta property=\"og:type\" content=\"article\" \/>\n<meta property=\"og:title\" content=\"GIGI THE GIFT OF GLOW\" \/>\n<meta property=\"og:description\" content=\"P\u00fchade Kinkekomplekt Ilu peab olema esikohal.\" \/>\n<meta property=\"og:url\" content=\"https:\/\/dolores.ee\/lv\/toode\/gigi-the-gift-of-glow\/\" \/>\n<meta property=\"og:site_name\" content=\"Dolores\" \/>\n<meta property=\"article:publisher\" content=\"https:\/\/www.facebook.com\/doloresepood\/\" \/>\n<meta property=\"article:modified_time\" content=\"2025-07-01T07:56:34+00:00\" \/>\n<meta property=\"og:image\" content=\"https:\/\/dolores.ee\/wp-content\/uploads\/2025\/05\/seo.jpg\" \/>\n\t<meta property=\"og:image:width\" content=\"1200\" \/>\n\t<meta property=\"og:image:height\" content=\"675\" \/>\n\t<meta property=\"og:image:type\" content=\"image\/jpeg\" \/>\n<meta name=\"twitter:card\" content=\"summary_large_image\" \/>\n<meta name=\"twitter:label1\" content=\"Est. reading time\" \/>\n\t<meta name=\"twitter:data1\" content=\"1 minute\" \/>\n<script type=\"application\/ld+json\" class=\"yoast-schema-graph\">{\"@context\":\"https:\/\/schema.org\",\"@graph\":[{\"@type\":\"WebPage\",\"@id\":\"https:\/\/dolores.ee\/lv\/toode\/gigi-the-gift-of-glow\/\",\"url\":\"https:\/\/dolores.ee\/lv\/toode\/gigi-the-gift-of-glow\/\",\"name\":\"GIGI THE GIFT OF GLOW ~ Dolores\",\"isPartOf\":{\"@id\":\"https:\/\/dolores.ee\/lv\/#website\"},\"datePublished\":\"2021-11-19T14:48:27+00:00\",\"dateModified\":\"2025-07-01T07:56:34+00:00\",\"breadcrumb\":{\"@id\":\"https:\/\/dolores.ee\/lv\/toode\/gigi-the-gift-of-glow\/#breadcrumb\"},\"inLanguage\":\"lv-LV\",\"potentialAction\":[{\"@type\":\"ReadAction\",\"target\":[\"https:\/\/dolores.ee\/lv\/toode\/gigi-the-gift-of-glow\/\"]}]},{\"@type\":\"BreadcrumbList\",\"@id\":\"https:\/\/dolores.ee\/lv\/toode\/gigi-the-gift-of-glow\/#breadcrumb\",\"itemListElement\":[{\"@type\":\"ListItem\",\"position\":1,\"name\":\"Home\",\"item\":\"https:\/\/dolores.ee\/lv\/\"},{\"@type\":\"ListItem\",\"position\":2,\"name\":\"E-veikals\",\"item\":\"https:\/\/dolores.ee\/lv\/e-veikals\/\"},{\"@type\":\"ListItem\",\"position\":3,\"name\":\"GIGI THE GIFT OF GLOW\"}]},{\"@type\":\"WebSite\",\"@id\":\"https:\/\/dolores.ee\/lv\/#website\",\"url\":\"https:\/\/dolores.ee\/lv\/\",\"name\":\"Dolores e-pood\",\"description\":\"Beauty Shop\",\"publisher\":{\"@id\":\"https:\/\/dolores.ee\/lv\/#organization\"},\"alternateName\":\"Dolores\",\"potentialAction\":[{\"@type\":\"SearchAction\",\"target\":{\"@type\":\"EntryPoint\",\"urlTemplate\":\"https:\/\/dolores.ee\/lv\/?s={search_term_string}\"},\"query-input\":{\"@type\":\"PropertyValueSpecification\",\"valueRequired\":true,\"valueName\":\"search_term_string\"}}],\"inLanguage\":\"lv-LV\"},{\"@type\":\"Organization\",\"@id\":\"https:\/\/dolores.ee\/lv\/#organization\",\"name\":\"Dolores O\u00dc\",\"alternateName\":\"Dolores e-pood\",\"url\":\"https:\/\/dolores.ee\/lv\/\",\"logo\":{\"@type\":\"ImageObject\",\"inLanguage\":\"lv-LV\",\"@id\":\"https:\/\/dolores.ee\/lv\/#\/schema\/logo\/image\/\",\"url\":\"https:\/\/dolores.ee\/wp-content\/uploads\/2025\/04\/logo-1.jpg\",\"contentUrl\":\"https:\/\/dolores.ee\/wp-content\/uploads\/2025\/04\/logo-1.jpg\",\"width\":1951,\"height\":660,\"caption\":\"Dolores O\u00dc\"},\"image\":{\"@id\":\"https:\/\/dolores.ee\/lv\/#\/schema\/logo\/image\/\"},\"sameAs\":[\"https:\/\/www.facebook.com\/doloresepood\/\"],\"description\":\"Dolores.ee on kaasaegne veebipood, kust leiad tuntud kaubam\u00e4rkide \u2013 GIGI, Anna Lotan, Hikari, Hlavin \u2013 originaalkosmeetikat. Pakume kvaliteetseid hooldustooteid taskukohaste hindadega ja kiire kohaletoimetamisega \u00fcle Eesti. Nahahooldus pole kunagi olnud nii lihtne ja soodne!\",\"email\":\"dolores@dolores.ee\",\"telephone\":\"372 644 2440\",\"legalName\":\"Dolores O\u00dc\",\"foundingDate\":\"1998-02-09\",\"vatID\":\"EE100050280\",\"numberOfEmployees\":{\"@type\":\"QuantitativeValue\",\"minValue\":\"11\",\"maxValue\":\"50\"}}]}<\/script>\n<!-- \/ Yoast SEO Premium plugin. -->","yoast_head_json":{"title":"GIGI THE GIFT OF GLOW ~ Dolores","robots":{"index":"index","follow":"follow","max-snippet":"max-snippet:-1","max-image-preview":"max-image-preview:large","max-video-preview":"max-video-preview:-1"},"canonical":"https:\/\/dolores.ee\/lv\/toode\/gigi-the-gift-of-glow\/","og_locale":"lv_LV","og_type":"article","og_title":"GIGI THE GIFT OF GLOW","og_description":"P\u00fchade Kinkekomplekt Ilu peab olema esikohal.","og_url":"https:\/\/dolores.ee\/lv\/toode\/gigi-the-gift-of-glow\/","og_site_name":"Dolores","article_publisher":"https:\/\/www.facebook.com\/doloresepood\/","article_modified_time":"2025-07-01T07:56:34+00:00","og_image":[{"width":1200,"height":675,"url":"https:\/\/dolores.ee\/wp-content\/uploads\/2025\/05\/seo.jpg","type":"image\/jpeg"}],"twitter_card":"summary_large_image","twitter_misc":{"Est. reading time":"1 minute"},"schema":{"@context":"https:\/\/schema.org","@graph":[{"@type":"WebPage","@id":"https:\/\/dolores.ee\/lv\/toode\/gigi-the-gift-of-glow\/","url":"https:\/\/dolores.ee\/lv\/toode\/gigi-the-gift-of-glow\/","name":"GIGI THE GIFT OF GLOW ~ Dolores","isPartOf":{"@id":"https:\/\/dolores.ee\/lv\/#website"},"datePublished":"2021-11-19T14:48:27+00:00","dateModified":"2025-07-01T07:56:34+00:00","breadcrumb":{"@id":"https:\/\/dolores.ee\/lv\/toode\/gigi-the-gift-of-glow\/#breadcrumb"},"inLanguage":"lv-LV","potentialAction":[{"@type":"ReadAction","target":["https:\/\/dolores.ee\/lv\/toode\/gigi-the-gift-of-glow\/"]}]},{"@type":"BreadcrumbList","@id":"https:\/\/dolores.ee\/lv\/toode\/gigi-the-gift-of-glow\/#breadcrumb","itemListElement":[{"@type":"ListItem","position":1,"name":"Home","item":"https:\/\/dolores.ee\/lv\/"},{"@type":"ListItem","position":2,"name":"E-veikals","item":"https:\/\/dolores.ee\/lv\/e-veikals\/"},{"@type":"ListItem","position":3,"name":"GIGI THE GIFT OF GLOW"}]},{"@type":"WebSite","@id":"https:\/\/dolores.ee\/lv\/#website","url":"https:\/\/dolores.ee\/lv\/","name":"Dolores e-pood","description":"Beauty Shop","publisher":{"@id":"https:\/\/dolores.ee\/lv\/#organization"},"alternateName":"Dolores","potentialAction":[{"@type":"SearchAction","target":{"@type":"EntryPoint","urlTemplate":"https:\/\/dolores.ee\/lv\/?s={search_term_string}"},"query-input":{"@type":"PropertyValueSpecification","valueRequired":true,"valueName":"search_term_string"}}],"inLanguage":"lv-LV"},{"@type":"Organization","@id":"https:\/\/dolores.ee\/lv\/#organization","name":"Dolores O\u00dc","alternateName":"Dolores e-pood","url":"https:\/\/dolores.ee\/lv\/","logo":{"@type":"ImageObject","inLanguage":"lv-LV","@id":"https:\/\/dolores.ee\/lv\/#\/schema\/logo\/image\/","url":"https:\/\/dolores.ee\/wp-content\/uploads\/2025\/04\/logo-1.jpg","contentUrl":"https:\/\/dolores.ee\/wp-content\/uploads\/2025\/04\/logo-1.jpg","width":1951,"height":660,"caption":"Dolores O\u00dc"},"image":{"@id":"https:\/\/dolores.ee\/lv\/#\/schema\/logo\/image\/"},"sameAs":["https:\/\/www.facebook.com\/doloresepood\/"],"description":"Dolores.ee on kaasaegne veebipood, kust leiad tuntud kaubam\u00e4rkide \u2013 GIGI, Anna Lotan, Hikari, Hlavin \u2013 originaalkosmeetikat. Pakume kvaliteetseid hooldustooteid taskukohaste hindadega ja kiire kohaletoimetamisega \u00fcle Eesti. Nahahooldus pole kunagi olnud nii lihtne ja soodne!","email":"dolores@dolores.ee","telephone":"372 644 2440","legalName":"Dolores O\u00dc","foundingDate":"1998-02-09","vatID":"EE100050280","numberOfEmployees":{"@type":"QuantitativeValue","minValue":"11","maxValue":"50"}}]}},"_links":{"self":[{"href":"https:\/\/dolores.ee\/lv\/wp-json\/wp\/v2\/product\/332068","targetHints":{"allow":["GET"]}}],"collection":[{"href":"https:\/\/dolores.ee\/lv\/wp-json\/wp\/v2\/product"}],"about":[{"href":"https:\/\/dolores.ee\/lv\/wp-json\/wp\/v2\/types\/product"}],"replies":[{"embeddable":true,"href":"https:\/\/dolores.ee\/lv\/wp-json\/wp\/v2\/comments?post=332068"}],"version-history":[{"count":0,"href":"https:\/\/dolores.ee\/lv\/wp-json\/wp\/v2\/product\/332068\/revisions"}],"wp:attachment":[{"href":"https:\/\/dolores.ee\/lv\/wp-json\/wp\/v2\/media?parent=332068"}],"wp:term":[{"taxonomy":"product_brand","embeddable":true,"href":"https:\/\/dolores.ee\/lv\/wp-json\/wp\/v2\/product_brand?post=332068"},{"taxonomy":"product_cat","embeddable":true,"href":"https:\/\/dolores.ee\/lv\/wp-json\/wp\/v2\/product_cat?post=332068"},{"taxonomy":"product_tag","embeddable":true,"href":"https:\/\/dolores.ee\/lv\/wp-json\/wp\/v2\/product_tag?post=332068"},{"taxonomy":"giftcard-category","embeddable":true,"href":"https:\/\/dolores.ee\/lv\/wp-json\/wp\/v2\/giftcard-category?post=332068"}],"curies":[{"name":"wp","href":"https:\/\/api.w.org\/{rel}","templated":true}]}}