{"id":363478,"date":"2024-12-04T12:23:30","date_gmt":"2024-12-04T10:29:20","guid":{"rendered":"https:\/\/dolores.ee\/?post_type=product&#038;p=363478"},"modified":"2025-07-18T10:43:47","modified_gmt":"2025-07-18T07:43:47","slug":"gigi-the-hydra-glow-boost-50-ml-30-ml","status":"publish","type":"product","link":"https:\/\/dolores.ee\/lv\/toode\/gigi-the-hydra-glow-boost-50-ml-30-ml\/","title":{"rendered":"GIGI The Hydra Glow Boost 50 ml + 30 ml"},"content":{"rendered":"<div class=\"vgblk-rw-wrapper limit-wrapper\"><strong>GIGI Nutri-Peptide 10% Lactic Cream 50ml<\/strong><\/p>\n<p>GIGI Nutri Peptide 10% Lactic Cream niisutav \u00f6\u00f6kreem k\u00f5ikidele nahat\u00fc\u00fcpidele<br \/>\nPiimhape ja muud koostisosad tagavad s\u00e4rava jume, \u00fchtlase ja sileda tekstuuriga naha. Tugevneb naha loomulik vabade radikaalide vastane kaitsev\u00f5ime. Kreem sisaldab unikaalset Heptapeptide 15 kapseldatud kompleksi, mis koos piimhappe ja looduslike pol\u00fcsahhariididega parandavad naha talitlust, suurendavad koheselt selle niiskusesisaldust ja hoiavad \u00e4ra vee loomuliku aurustumise nahast. Kreem on kerge tekstuuriga ja meeldiv, muudab naha elastsemaks, parandab ja silub selle tekstuuri.<br \/>\nToime: soodustab elutute pindmiste rakkude koorumist, \u00fchtlustab jumet ja tekstuuri.<\/p>\n<p>Kasutamine: kreemi masseeritakse puhtale nahale kuni t\u00e4ieliku imendumiseni. N\u00e4htavate tulemuste saamiseks soovitatakse kasutada kolm kuud j\u00e4rjest, kaitstes samal ajal nahka t\u00f5husa p\u00e4ikesefiltreid sisaldava tootega.<\/p>\n<p>Koostis: \u00a0Water (Aqua), Cetearyl Alcohol, Glycerin, Glyceryl Stearate SE, C12-15 Alkyl Benzoate, Cyclopentasiloxane, \u00a0Propanediol, Galactoarabinan, Cetearyl Ethylhexanoate, Theobroma Cacao (Cocoa) Seed Butter, Dimethicone, Cetearyl Glucoside, Phenoxyethanol, Phenyl Trimethicone, Fragrance (Parfum), Chlorphenesin, glyceryl Polycrylate, Disodium EDTA, Caprylyl Glycol, Glucose, Xanthan Gum, Sodium Hydroxide, Glyceryl Caprylate, Phenylpropanol, Lactic Acid\/Glycolic Acid Copolymer, Chlorella Vulgaris Extract, Polyvinyl Alcohol, Heptapeptide-15 Palmitate, Geraniol, Linalool.<\/p>\n<p><strong>GIGI Nutri-Peptide Vitality Serum 30ml<\/strong><\/p>\n<p>Vitality seerum<\/p>\n<p>Rikkalik sametja tekstuuriga seerum sisaldab unikaalset peptiidide ja toitainete kompleksi, mis v\u00e4hendab olulisel m\u00e4\u00e4ral vananemism\u00e4rke. J\u00e4tab naha sileda, niisutatud ja tugevana.<\/p>\n<p>Kasutamine: masseerida m\u00f5ned tilgad puhtasse nahka. Soovitatav kasutada alusena niisutava kreemi v\u00f5i Hydra Vitality maski alla.<\/p>\n<p>Koostis: \u00a0Water (Aqua), \u00a0Isononyl Isononanoate, Caprylic\/Capric Triglyceride, Glycerin, Dimethicone, Pentylene Glycol, Arachidyl Alcohol, Phenoxyethanol, Behenyl Alcohol, Hydroxyethanol, Behenyl Alcohol, Hydroxyethyl Acrylate\/ \u00a0Sodium Acryloyldimethyl Taurate Copolymer, Isohexadecane, Tocopheryl Acetate, Arachidyl Glucoside, Fragrance (Parfum), Xanthan Gum, Chlorphenesin, Sorbitan Tristearate, Carboxymethyl \u00a0Cellulose, Polysorbate 60, Caprylyl Glycol, Sorbitan Isostearate, Disodium EDTA, Sodium Hydroxide, Glyceryl Caprylate, Lactic Acid\/ Glycolic Acid Copolymer, Phenylpropanol, Chlorella Vulgaris Extract, Polyvinyl Alcohol, Heptapeptide-15 Palmitate, Geraniol, Linalol.<\/p><\/div>\n<p><!-- .vgblk-rw-wrapper --><\/p>\n","protected":false},"excerpt":{"rendered":"<p>GIGI The Hydra Glow Boost<\/p>\n","protected":false},"featured_media":363476,"comment_status":"open","ping_status":"closed","template":"","meta":[],"product_brand":[],"product_cat":[99,280,135,127,137,399,113,123],"product_tag":[],"giftcard-category":[],"class_list":{"0":"post-363478","1":"product","2":"type-product","3":"status-publish","4":"has-post-thumbnail","6":"product_cat-gigi-et","7":"product_cat-nutri-peptide-et","8":"product_cat-2-naohooldus","9":"product_cat-ookreemid","10":"product_cat-seerumid-olid","11":"product_cat-ale","12":"product_cat-komplektid","13":"product_cat-uued-tooted","15":"first","16":"instock","17":"taxable","18":"shipping-taxable","19":"purchasable","20":"product-type-simple"},"yoast_head":"<!-- This site is optimized with the Yoast SEO Premium plugin v25.1 (Yoast SEO v25.7) - https:\/\/yoast.com\/wordpress\/plugins\/seo\/ -->\n<title>GIGI The Hydra Glow Boost 50 ml + 30 ml ~ Dolores<\/title>\n<meta name=\"robots\" content=\"index, follow, max-snippet:-1, max-image-preview:large, max-video-preview:-1\" \/>\n<link rel=\"canonical\" href=\"https:\/\/dolores.ee\/lv\/toode\/gigi-the-hydra-glow-boost-50-ml-30-ml\/\" \/>\n<meta property=\"og:locale\" content=\"lv_LV\" \/>\n<meta property=\"og:type\" content=\"article\" \/>\n<meta property=\"og:title\" content=\"GIGI The Hydra Glow Boost 50 ml + 30 ml\" \/>\n<meta property=\"og:description\" content=\"GIGI The Hydra Glow Boost\" \/>\n<meta property=\"og:url\" content=\"https:\/\/dolores.ee\/lv\/toode\/gigi-the-hydra-glow-boost-50-ml-30-ml\/\" \/>\n<meta property=\"og:site_name\" content=\"Dolores\" \/>\n<meta property=\"article:publisher\" content=\"https:\/\/www.facebook.com\/doloresepood\/\" \/>\n<meta property=\"article:modified_time\" content=\"2025-07-18T07:43:47+00:00\" \/>\n<meta property=\"og:image\" content=\"https:\/\/dolores.ee\/wp-content\/uploads\/2024\/12\/nca93mz81veq4omcctuj0a9yjlj6ouh0.jpg\" \/>\n\t<meta property=\"og:image:width\" content=\"900\" \/>\n\t<meta property=\"og:image:height\" content=\"900\" \/>\n\t<meta property=\"og:image:type\" content=\"image\/jpeg\" \/>\n<meta name=\"twitter:card\" content=\"summary_large_image\" \/>\n<meta name=\"twitter:label1\" content=\"Est. reading time\" \/>\n\t<meta name=\"twitter:data1\" content=\"2 minutes\" \/>\n<script type=\"application\/ld+json\" class=\"yoast-schema-graph\">{\"@context\":\"https:\/\/schema.org\",\"@graph\":[{\"@type\":\"WebPage\",\"@id\":\"https:\/\/dolores.ee\/lv\/toode\/gigi-the-hydra-glow-boost-50-ml-30-ml\/\",\"url\":\"https:\/\/dolores.ee\/lv\/toode\/gigi-the-hydra-glow-boost-50-ml-30-ml\/\",\"name\":\"GIGI The Hydra Glow Boost 50 ml + 30 ml ~ Dolores\",\"isPartOf\":{\"@id\":\"https:\/\/dolores.ee\/lv\/#website\"},\"primaryImageOfPage\":{\"@id\":\"https:\/\/dolores.ee\/lv\/toode\/gigi-the-hydra-glow-boost-50-ml-30-ml\/#primaryimage\"},\"image\":{\"@id\":\"https:\/\/dolores.ee\/lv\/toode\/gigi-the-hydra-glow-boost-50-ml-30-ml\/#primaryimage\"},\"thumbnailUrl\":\"https:\/\/dolores.ee\/wp-content\/uploads\/2024\/12\/nca93mz81veq4omcctuj0a9yjlj6ouh0.jpg\",\"datePublished\":\"2024-12-04T10:29:20+00:00\",\"dateModified\":\"2025-07-18T07:43:47+00:00\",\"breadcrumb\":{\"@id\":\"https:\/\/dolores.ee\/lv\/toode\/gigi-the-hydra-glow-boost-50-ml-30-ml\/#breadcrumb\"},\"inLanguage\":\"lv-LV\",\"potentialAction\":[{\"@type\":\"ReadAction\",\"target\":[\"https:\/\/dolores.ee\/lv\/toode\/gigi-the-hydra-glow-boost-50-ml-30-ml\/\"]}]},{\"@type\":\"ImageObject\",\"inLanguage\":\"lv-LV\",\"@id\":\"https:\/\/dolores.ee\/lv\/toode\/gigi-the-hydra-glow-boost-50-ml-30-ml\/#primaryimage\",\"url\":\"https:\/\/dolores.ee\/wp-content\/uploads\/2024\/12\/nca93mz81veq4omcctuj0a9yjlj6ouh0.jpg\",\"contentUrl\":\"https:\/\/dolores.ee\/wp-content\/uploads\/2024\/12\/nca93mz81veq4omcctuj0a9yjlj6ouh0.jpg\",\"width\":900,\"height\":900},{\"@type\":\"BreadcrumbList\",\"@id\":\"https:\/\/dolores.ee\/lv\/toode\/gigi-the-hydra-glow-boost-50-ml-30-ml\/#breadcrumb\",\"itemListElement\":[{\"@type\":\"ListItem\",\"position\":1,\"name\":\"Home\",\"item\":\"https:\/\/dolores.ee\/lv\/\"},{\"@type\":\"ListItem\",\"position\":2,\"name\":\"E-veikals\",\"item\":\"https:\/\/dolores.ee\/lv\/e-veikals\/\"},{\"@type\":\"ListItem\",\"position\":3,\"name\":\"GIGI The Hydra Glow Boost 50 ml + 30 ml\"}]},{\"@type\":\"WebSite\",\"@id\":\"https:\/\/dolores.ee\/lv\/#website\",\"url\":\"https:\/\/dolores.ee\/lv\/\",\"name\":\"Dolores e-pood\",\"description\":\"Beauty Shop\",\"publisher\":{\"@id\":\"https:\/\/dolores.ee\/lv\/#organization\"},\"alternateName\":\"Dolores\",\"potentialAction\":[{\"@type\":\"SearchAction\",\"target\":{\"@type\":\"EntryPoint\",\"urlTemplate\":\"https:\/\/dolores.ee\/lv\/?s={search_term_string}\"},\"query-input\":{\"@type\":\"PropertyValueSpecification\",\"valueRequired\":true,\"valueName\":\"search_term_string\"}}],\"inLanguage\":\"lv-LV\"},{\"@type\":\"Organization\",\"@id\":\"https:\/\/dolores.ee\/lv\/#organization\",\"name\":\"Dolores O\u00dc\",\"alternateName\":\"Dolores e-pood\",\"url\":\"https:\/\/dolores.ee\/lv\/\",\"logo\":{\"@type\":\"ImageObject\",\"inLanguage\":\"lv-LV\",\"@id\":\"https:\/\/dolores.ee\/lv\/#\/schema\/logo\/image\/\",\"url\":\"https:\/\/dolores.ee\/wp-content\/uploads\/2025\/04\/logo-1.jpg\",\"contentUrl\":\"https:\/\/dolores.ee\/wp-content\/uploads\/2025\/04\/logo-1.jpg\",\"width\":1951,\"height\":660,\"caption\":\"Dolores O\u00dc\"},\"image\":{\"@id\":\"https:\/\/dolores.ee\/lv\/#\/schema\/logo\/image\/\"},\"sameAs\":[\"https:\/\/www.facebook.com\/doloresepood\/\"],\"description\":\"Dolores.ee on kaasaegne veebipood, kust leiad tuntud kaubam\u00e4rkide \u2013 GIGI, Anna Lotan, Hikari, Hlavin \u2013 originaalkosmeetikat. Pakume kvaliteetseid hooldustooteid taskukohaste hindadega ja kiire kohaletoimetamisega \u00fcle Eesti. Nahahooldus pole kunagi olnud nii lihtne ja soodne!\",\"email\":\"dolores@dolores.ee\",\"telephone\":\"372 644 2440\",\"legalName\":\"Dolores O\u00dc\",\"foundingDate\":\"1998-02-09\",\"vatID\":\"EE100050280\",\"numberOfEmployees\":{\"@type\":\"QuantitativeValue\",\"minValue\":\"11\",\"maxValue\":\"50\"}}]}<\/script>\n<!-- \/ Yoast SEO Premium plugin. -->","yoast_head_json":{"title":"GIGI The Hydra Glow Boost 50 ml + 30 ml ~ Dolores","robots":{"index":"index","follow":"follow","max-snippet":"max-snippet:-1","max-image-preview":"max-image-preview:large","max-video-preview":"max-video-preview:-1"},"canonical":"https:\/\/dolores.ee\/lv\/toode\/gigi-the-hydra-glow-boost-50-ml-30-ml\/","og_locale":"lv_LV","og_type":"article","og_title":"GIGI The Hydra Glow Boost 50 ml + 30 ml","og_description":"GIGI The Hydra Glow Boost","og_url":"https:\/\/dolores.ee\/lv\/toode\/gigi-the-hydra-glow-boost-50-ml-30-ml\/","og_site_name":"Dolores","article_publisher":"https:\/\/www.facebook.com\/doloresepood\/","article_modified_time":"2025-07-18T07:43:47+00:00","og_image":[{"width":900,"height":900,"url":"https:\/\/dolores.ee\/wp-content\/uploads\/2024\/12\/nca93mz81veq4omcctuj0a9yjlj6ouh0.jpg","type":"image\/jpeg"}],"twitter_card":"summary_large_image","twitter_misc":{"Est. reading time":"2 minutes"},"schema":{"@context":"https:\/\/schema.org","@graph":[{"@type":"WebPage","@id":"https:\/\/dolores.ee\/lv\/toode\/gigi-the-hydra-glow-boost-50-ml-30-ml\/","url":"https:\/\/dolores.ee\/lv\/toode\/gigi-the-hydra-glow-boost-50-ml-30-ml\/","name":"GIGI The Hydra Glow Boost 50 ml + 30 ml ~ Dolores","isPartOf":{"@id":"https:\/\/dolores.ee\/lv\/#website"},"primaryImageOfPage":{"@id":"https:\/\/dolores.ee\/lv\/toode\/gigi-the-hydra-glow-boost-50-ml-30-ml\/#primaryimage"},"image":{"@id":"https:\/\/dolores.ee\/lv\/toode\/gigi-the-hydra-glow-boost-50-ml-30-ml\/#primaryimage"},"thumbnailUrl":"https:\/\/dolores.ee\/wp-content\/uploads\/2024\/12\/nca93mz81veq4omcctuj0a9yjlj6ouh0.jpg","datePublished":"2024-12-04T10:29:20+00:00","dateModified":"2025-07-18T07:43:47+00:00","breadcrumb":{"@id":"https:\/\/dolores.ee\/lv\/toode\/gigi-the-hydra-glow-boost-50-ml-30-ml\/#breadcrumb"},"inLanguage":"lv-LV","potentialAction":[{"@type":"ReadAction","target":["https:\/\/dolores.ee\/lv\/toode\/gigi-the-hydra-glow-boost-50-ml-30-ml\/"]}]},{"@type":"ImageObject","inLanguage":"lv-LV","@id":"https:\/\/dolores.ee\/lv\/toode\/gigi-the-hydra-glow-boost-50-ml-30-ml\/#primaryimage","url":"https:\/\/dolores.ee\/wp-content\/uploads\/2024\/12\/nca93mz81veq4omcctuj0a9yjlj6ouh0.jpg","contentUrl":"https:\/\/dolores.ee\/wp-content\/uploads\/2024\/12\/nca93mz81veq4omcctuj0a9yjlj6ouh0.jpg","width":900,"height":900},{"@type":"BreadcrumbList","@id":"https:\/\/dolores.ee\/lv\/toode\/gigi-the-hydra-glow-boost-50-ml-30-ml\/#breadcrumb","itemListElement":[{"@type":"ListItem","position":1,"name":"Home","item":"https:\/\/dolores.ee\/lv\/"},{"@type":"ListItem","position":2,"name":"E-veikals","item":"https:\/\/dolores.ee\/lv\/e-veikals\/"},{"@type":"ListItem","position":3,"name":"GIGI The Hydra Glow Boost 50 ml + 30 ml"}]},{"@type":"WebSite","@id":"https:\/\/dolores.ee\/lv\/#website","url":"https:\/\/dolores.ee\/lv\/","name":"Dolores e-pood","description":"Beauty Shop","publisher":{"@id":"https:\/\/dolores.ee\/lv\/#organization"},"alternateName":"Dolores","potentialAction":[{"@type":"SearchAction","target":{"@type":"EntryPoint","urlTemplate":"https:\/\/dolores.ee\/lv\/?s={search_term_string}"},"query-input":{"@type":"PropertyValueSpecification","valueRequired":true,"valueName":"search_term_string"}}],"inLanguage":"lv-LV"},{"@type":"Organization","@id":"https:\/\/dolores.ee\/lv\/#organization","name":"Dolores O\u00dc","alternateName":"Dolores e-pood","url":"https:\/\/dolores.ee\/lv\/","logo":{"@type":"ImageObject","inLanguage":"lv-LV","@id":"https:\/\/dolores.ee\/lv\/#\/schema\/logo\/image\/","url":"https:\/\/dolores.ee\/wp-content\/uploads\/2025\/04\/logo-1.jpg","contentUrl":"https:\/\/dolores.ee\/wp-content\/uploads\/2025\/04\/logo-1.jpg","width":1951,"height":660,"caption":"Dolores O\u00dc"},"image":{"@id":"https:\/\/dolores.ee\/lv\/#\/schema\/logo\/image\/"},"sameAs":["https:\/\/www.facebook.com\/doloresepood\/"],"description":"Dolores.ee on kaasaegne veebipood, kust leiad tuntud kaubam\u00e4rkide \u2013 GIGI, Anna Lotan, Hikari, Hlavin \u2013 originaalkosmeetikat. Pakume kvaliteetseid hooldustooteid taskukohaste hindadega ja kiire kohaletoimetamisega \u00fcle Eesti. Nahahooldus pole kunagi olnud nii lihtne ja soodne!","email":"dolores@dolores.ee","telephone":"372 644 2440","legalName":"Dolores O\u00dc","foundingDate":"1998-02-09","vatID":"EE100050280","numberOfEmployees":{"@type":"QuantitativeValue","minValue":"11","maxValue":"50"}}]}},"_links":{"self":[{"href":"https:\/\/dolores.ee\/lv\/wp-json\/wp\/v2\/product\/363478","targetHints":{"allow":["GET"]}}],"collection":[{"href":"https:\/\/dolores.ee\/lv\/wp-json\/wp\/v2\/product"}],"about":[{"href":"https:\/\/dolores.ee\/lv\/wp-json\/wp\/v2\/types\/product"}],"replies":[{"embeddable":true,"href":"https:\/\/dolores.ee\/lv\/wp-json\/wp\/v2\/comments?post=363478"}],"version-history":[{"count":2,"href":"https:\/\/dolores.ee\/lv\/wp-json\/wp\/v2\/product\/363478\/revisions"}],"predecessor-version":[{"id":999687,"href":"https:\/\/dolores.ee\/lv\/wp-json\/wp\/v2\/product\/363478\/revisions\/999687"}],"wp:featuredmedia":[{"embeddable":true,"href":"https:\/\/dolores.ee\/lv\/wp-json\/wp\/v2\/media\/363476"}],"wp:attachment":[{"href":"https:\/\/dolores.ee\/lv\/wp-json\/wp\/v2\/media?parent=363478"}],"wp:term":[{"taxonomy":"product_brand","embeddable":true,"href":"https:\/\/dolores.ee\/lv\/wp-json\/wp\/v2\/product_brand?post=363478"},{"taxonomy":"product_cat","embeddable":true,"href":"https:\/\/dolores.ee\/lv\/wp-json\/wp\/v2\/product_cat?post=363478"},{"taxonomy":"product_tag","embeddable":true,"href":"https:\/\/dolores.ee\/lv\/wp-json\/wp\/v2\/product_tag?post=363478"},{"taxonomy":"giftcard-category","embeddable":true,"href":"https:\/\/dolores.ee\/lv\/wp-json\/wp\/v2\/giftcard-category?post=363478"}],"curies":[{"name":"wp","href":"https:\/\/api.w.org\/{rel}","templated":true}]}}