{"id":998038,"date":"2025-04-24T15:08:57","date_gmt":"2025-04-24T12:08:57","guid":{"rendered":"https:\/\/dolores.ee\/product\/anna-lotan-daily-outdoor-protection-uva-avb-spf50-50-ml\/"},"modified":"2025-07-01T11:06:22","modified_gmt":"2025-07-01T08:06:22","slug":"anna-lotan-daily-outdoor-protection-uva-avb-spf50-50-ml","status":"publish","type":"product","link":"https:\/\/dolores.ee\/lv\/product\/anna-lotan-daily-outdoor-protection-uva-avb-spf50-50-ml\/","title":{"rendered":"Anna Lotan Daily Outdoor Protection UVA\/AVB SPF50 50 ml"},"content":{"rendered":"<div class=\"vgblk-rw-wrapper limit-wrapper\">\n<p data-start=\"52\" data-end=\"730\"><strong data-start=\"52\" data-end=\"167\">Ikdienas saules aizsardz\u012bba ar vieglu tekst\u016bru, kas \u0101tri uzs\u016bcas un nodro\u0161ina \u0101dai augstu un pla\u0161u aizsardz\u012bbu.<\/strong><br data-start=\"167\" data-end=\"170\" \/>Formula balst\u012bta uz inovat\u012bviem saules aizsardz\u012bbas filtriem, kuru efektivit\u0101te ir pier\u0101d\u012bta, lai nodro\u0161in\u0101tu optim\u0101lu \u0101das aizsardz\u012bbu saules ietekm\u0113.<br data-start=\"321\" data-end=\"324\" \/>Tas ir sal\u012bdzino\u0161i viegls kr\u0113ms, \u0146emot v\u0113r\u0101 tik augstu aizsardz\u012bbas l\u012bmeni. \u0100tri ies\u016bcas, atst\u0101jot nelielu baltu k\u0101rti\u0146u uz \u0101das.<br data-start=\"453\" data-end=\"456\" \/>Neaizsprosto poras un nav komedog\u0113ns, t\u0101p\u0113c piem\u0113rots visiem \u0101das tipiem \u2013 tostarp bl\u0101vai vai jaukta tipa \u0101dai.<br data-start=\"567\" data-end=\"570\" \/>Bag\u0101tin\u0101ts ar lakricas saknes ekstraktu, kas pal\u012bdz nomierin\u0101t aps\u0101rtu\u0161u un kairin\u0101tu \u0101du.<br data-start=\"660\" data-end=\"663\" \/>Kop\u0101 ar B3 vitam\u012bnu tas veicina vesel\u012bgu un starojo\u0161u \u0101das izskatu.<\/p>\n<p data-start=\"732\" data-end=\"855\"><strong data-start=\"732\" data-end=\"746\">Lieto\u0161ana:<\/strong> Uzkl\u0101jiet uz sejas un kakla \u0101das 15 min\u016btes pirms uztur\u0113\u0161an\u0101s saul\u0113. Maigi iemas\u0113jiet, l\u012bdz piln\u012bb\u0101 uzs\u016bcas.<\/p>\n<p data-start=\"857\" data-end=\"1697\"><strong data-start=\"857\" data-end=\"873\">Sast\u0101vda\u013cas:<\/strong><br data-start=\"873\" data-end=\"876\" \/><em data-start=\"876\" data-end=\"1697\">Aqua (Water), Isoamyl P-Methoxycinnamate, Dibutyl Adipate, Diethylamino Hydroxybenzoyl Hexyl Benzoate, Methylene Bis-Benzotriazolyl Tetramethylbutylphenol, Bis-Ethylhexyloxyphenol Methoxyphenyl Triazine, Butylene Glycol, Ethylhexyl Salicylate, Alcohol, C14-22 Alcohols, Butyloctyl Salicylate, Dimethicone, Glycerin, Niacinamide, Silica, Ethylhexyl Triazone, Phenoxyethanol, C12-20 Alkyl Glucoside, Decyl Glucoside, Potassium Cetyl Phosphate, VP\/Eicosene Copolymer, Ammonium Acryloyldimethyltaurate\/VP Copolymer, Glyceryl Stearate, PEG-100 Stearate, Helianthus Annuus (Sunflower) Seed Oil, Tocopherol, Xanthan Gum, Allantoin, Ethylhexylglycerin, Sodium Acrylate\/Sodium Acryloyldimethyl Taurate Copolymer, Dipotassium Glycyrrhizate, Disodium EDTA, Isohexadecane, Glucose, Propylene Glycol, Polysorbate 80, Sorbitan Oleate<\/em><\/p>\n<\/div>\n<p><!-- .vgblk-rw-wrapper --><\/p>\n","protected":false},"excerpt":{"rendered":"<p>Anna Lotan Daily Outdoor Protection UVA\/AVB SPF50<\/p>\n","protected":false},"featured_media":997249,"comment_status":"closed","ping_status":"closed","template":"","meta":[],"product_brand":[],"product_cat":[660,725,734,718,674],"product_tag":[],"giftcard-category":[],"class_list":{"0":"post-998038","1":"product","2":"type-product","3":"status-publish","4":"has-post-thumbnail","6":"product_cat-anna-lotan-lv","7":"product_cat-dienas-krems","8":"product_cat-jaunienes","9":"product_cat-sejas-kopsana","10":"product_cat-sunanna-lv","12":"first","13":"instock","14":"taxable","15":"shipping-taxable","16":"purchasable","17":"product-type-simple"},"yoast_head":"<!-- This site is optimized with the Yoast SEO Premium plugin v25.1 (Yoast SEO v25.7) - https:\/\/yoast.com\/wordpress\/plugins\/seo\/ -->\n<title>Anna Lotan Daily Outdoor Protection UVA\/AVB SPF50 50 ml ~ Dolores<\/title>\n<meta name=\"robots\" content=\"index, follow, max-snippet:-1, max-image-preview:large, max-video-preview:-1\" \/>\n<link rel=\"canonical\" href=\"https:\/\/dolores.ee\/lv\/product\/anna-lotan-daily-outdoor-protection-uva-avb-spf50-50-ml\/\" \/>\n<meta property=\"og:locale\" content=\"lv_LV\" \/>\n<meta property=\"og:type\" content=\"article\" \/>\n<meta property=\"og:title\" content=\"Anna Lotan Daily Outdoor Protection UVA\/AVB SPF50 50 ml\" \/>\n<meta property=\"og:description\" content=\"Anna Lotan Daily Outdoor Protection UVA\/AVB SPF50\" \/>\n<meta property=\"og:url\" content=\"https:\/\/dolores.ee\/lv\/product\/anna-lotan-daily-outdoor-protection-uva-avb-spf50-50-ml\/\" \/>\n<meta property=\"og:site_name\" content=\"Dolores\" \/>\n<meta property=\"article:publisher\" content=\"https:\/\/www.facebook.com\/doloresepood\/\" \/>\n<meta property=\"article:modified_time\" content=\"2025-07-01T08:06:22+00:00\" \/>\n<meta property=\"og:image\" content=\"https:\/\/dolores.ee\/wp-content\/uploads\/2025\/05\/seo.jpg\" \/>\n\t<meta property=\"og:image:width\" content=\"1200\" \/>\n\t<meta property=\"og:image:height\" content=\"675\" \/>\n\t<meta property=\"og:image:type\" content=\"image\/jpeg\" \/>\n<meta name=\"twitter:card\" content=\"summary_large_image\" \/>\n<meta name=\"twitter:label1\" content=\"Est. reading time\" \/>\n\t<meta name=\"twitter:data1\" content=\"1 minute\" \/>\n<script type=\"application\/ld+json\" class=\"yoast-schema-graph\">{\"@context\":\"https:\/\/schema.org\",\"@graph\":[{\"@type\":\"WebPage\",\"@id\":\"https:\/\/dolores.ee\/lv\/product\/anna-lotan-daily-outdoor-protection-uva-avb-spf50-50-ml\/\",\"url\":\"https:\/\/dolores.ee\/lv\/product\/anna-lotan-daily-outdoor-protection-uva-avb-spf50-50-ml\/\",\"name\":\"Anna Lotan Daily Outdoor Protection UVA\/AVB SPF50 50 ml ~ Dolores\",\"isPartOf\":{\"@id\":\"https:\/\/dolores.ee\/lv\/#website\"},\"primaryImageOfPage\":{\"@id\":\"https:\/\/dolores.ee\/lv\/product\/anna-lotan-daily-outdoor-protection-uva-avb-spf50-50-ml\/#primaryimage\"},\"image\":{\"@id\":\"https:\/\/dolores.ee\/lv\/product\/anna-lotan-daily-outdoor-protection-uva-avb-spf50-50-ml\/#primaryimage\"},\"thumbnailUrl\":\"https:\/\/dolores.ee\/wp-content\/uploads\/2025\/04\/daily-outdoor-protection-spf50-sunanna-anna-lotan-1.jpg\",\"datePublished\":\"2025-04-24T12:08:57+00:00\",\"dateModified\":\"2025-07-01T08:06:22+00:00\",\"breadcrumb\":{\"@id\":\"https:\/\/dolores.ee\/lv\/product\/anna-lotan-daily-outdoor-protection-uva-avb-spf50-50-ml\/#breadcrumb\"},\"inLanguage\":\"lv-LV\",\"potentialAction\":[{\"@type\":\"ReadAction\",\"target\":[\"https:\/\/dolores.ee\/lv\/product\/anna-lotan-daily-outdoor-protection-uva-avb-spf50-50-ml\/\"]}]},{\"@type\":\"ImageObject\",\"inLanguage\":\"lv-LV\",\"@id\":\"https:\/\/dolores.ee\/lv\/product\/anna-lotan-daily-outdoor-protection-uva-avb-spf50-50-ml\/#primaryimage\",\"url\":\"https:\/\/dolores.ee\/wp-content\/uploads\/2025\/04\/daily-outdoor-protection-spf50-sunanna-anna-lotan-1.jpg\",\"contentUrl\":\"https:\/\/dolores.ee\/wp-content\/uploads\/2025\/04\/daily-outdoor-protection-spf50-sunanna-anna-lotan-1.jpg\",\"width\":500,\"height\":500},{\"@type\":\"BreadcrumbList\",\"@id\":\"https:\/\/dolores.ee\/lv\/product\/anna-lotan-daily-outdoor-protection-uva-avb-spf50-50-ml\/#breadcrumb\",\"itemListElement\":[{\"@type\":\"ListItem\",\"position\":1,\"name\":\"Home\",\"item\":\"https:\/\/dolores.ee\/lv\/\"},{\"@type\":\"ListItem\",\"position\":2,\"name\":\"E-veikals\",\"item\":\"https:\/\/dolores.ee\/lv\/e-veikals\/\"},{\"@type\":\"ListItem\",\"position\":3,\"name\":\"Anna Lotan Daily Outdoor Protection UVA\/AVB SPF50 50 ml\"}]},{\"@type\":\"WebSite\",\"@id\":\"https:\/\/dolores.ee\/lv\/#website\",\"url\":\"https:\/\/dolores.ee\/lv\/\",\"name\":\"Dolores e-pood\",\"description\":\"Beauty Shop\",\"publisher\":{\"@id\":\"https:\/\/dolores.ee\/lv\/#organization\"},\"alternateName\":\"Dolores\",\"potentialAction\":[{\"@type\":\"SearchAction\",\"target\":{\"@type\":\"EntryPoint\",\"urlTemplate\":\"https:\/\/dolores.ee\/lv\/?s={search_term_string}\"},\"query-input\":{\"@type\":\"PropertyValueSpecification\",\"valueRequired\":true,\"valueName\":\"search_term_string\"}}],\"inLanguage\":\"lv-LV\"},{\"@type\":\"Organization\",\"@id\":\"https:\/\/dolores.ee\/lv\/#organization\",\"name\":\"Dolores O\u00dc\",\"alternateName\":\"Dolores e-pood\",\"url\":\"https:\/\/dolores.ee\/lv\/\",\"logo\":{\"@type\":\"ImageObject\",\"inLanguage\":\"lv-LV\",\"@id\":\"https:\/\/dolores.ee\/lv\/#\/schema\/logo\/image\/\",\"url\":\"https:\/\/dolores.ee\/wp-content\/uploads\/2025\/04\/logo-1.jpg\",\"contentUrl\":\"https:\/\/dolores.ee\/wp-content\/uploads\/2025\/04\/logo-1.jpg\",\"width\":1951,\"height\":660,\"caption\":\"Dolores O\u00dc\"},\"image\":{\"@id\":\"https:\/\/dolores.ee\/lv\/#\/schema\/logo\/image\/\"},\"sameAs\":[\"https:\/\/www.facebook.com\/doloresepood\/\"],\"description\":\"Dolores.ee on kaasaegne veebipood, kust leiad tuntud kaubam\u00e4rkide \u2013 GIGI, Anna Lotan, Hikari, Hlavin \u2013 originaalkosmeetikat. Pakume kvaliteetseid hooldustooteid taskukohaste hindadega ja kiire kohaletoimetamisega \u00fcle Eesti. Nahahooldus pole kunagi olnud nii lihtne ja soodne!\",\"email\":\"dolores@dolores.ee\",\"telephone\":\"372 644 2440\",\"legalName\":\"Dolores O\u00dc\",\"foundingDate\":\"1998-02-09\",\"vatID\":\"EE100050280\",\"numberOfEmployees\":{\"@type\":\"QuantitativeValue\",\"minValue\":\"11\",\"maxValue\":\"50\"}}]}<\/script>\n<!-- \/ Yoast SEO Premium plugin. -->","yoast_head_json":{"title":"Anna Lotan Daily Outdoor Protection UVA\/AVB SPF50 50 ml ~ Dolores","robots":{"index":"index","follow":"follow","max-snippet":"max-snippet:-1","max-image-preview":"max-image-preview:large","max-video-preview":"max-video-preview:-1"},"canonical":"https:\/\/dolores.ee\/lv\/product\/anna-lotan-daily-outdoor-protection-uva-avb-spf50-50-ml\/","og_locale":"lv_LV","og_type":"article","og_title":"Anna Lotan Daily Outdoor Protection UVA\/AVB SPF50 50 ml","og_description":"Anna Lotan Daily Outdoor Protection UVA\/AVB SPF50","og_url":"https:\/\/dolores.ee\/lv\/product\/anna-lotan-daily-outdoor-protection-uva-avb-spf50-50-ml\/","og_site_name":"Dolores","article_publisher":"https:\/\/www.facebook.com\/doloresepood\/","article_modified_time":"2025-07-01T08:06:22+00:00","og_image":[{"width":1200,"height":675,"url":"https:\/\/dolores.ee\/wp-content\/uploads\/2025\/05\/seo.jpg","type":"image\/jpeg"}],"twitter_card":"summary_large_image","twitter_misc":{"Est. reading time":"1 minute"},"schema":{"@context":"https:\/\/schema.org","@graph":[{"@type":"WebPage","@id":"https:\/\/dolores.ee\/lv\/product\/anna-lotan-daily-outdoor-protection-uva-avb-spf50-50-ml\/","url":"https:\/\/dolores.ee\/lv\/product\/anna-lotan-daily-outdoor-protection-uva-avb-spf50-50-ml\/","name":"Anna Lotan Daily Outdoor Protection UVA\/AVB SPF50 50 ml ~ Dolores","isPartOf":{"@id":"https:\/\/dolores.ee\/lv\/#website"},"primaryImageOfPage":{"@id":"https:\/\/dolores.ee\/lv\/product\/anna-lotan-daily-outdoor-protection-uva-avb-spf50-50-ml\/#primaryimage"},"image":{"@id":"https:\/\/dolores.ee\/lv\/product\/anna-lotan-daily-outdoor-protection-uva-avb-spf50-50-ml\/#primaryimage"},"thumbnailUrl":"https:\/\/dolores.ee\/wp-content\/uploads\/2025\/04\/daily-outdoor-protection-spf50-sunanna-anna-lotan-1.jpg","datePublished":"2025-04-24T12:08:57+00:00","dateModified":"2025-07-01T08:06:22+00:00","breadcrumb":{"@id":"https:\/\/dolores.ee\/lv\/product\/anna-lotan-daily-outdoor-protection-uva-avb-spf50-50-ml\/#breadcrumb"},"inLanguage":"lv-LV","potentialAction":[{"@type":"ReadAction","target":["https:\/\/dolores.ee\/lv\/product\/anna-lotan-daily-outdoor-protection-uva-avb-spf50-50-ml\/"]}]},{"@type":"ImageObject","inLanguage":"lv-LV","@id":"https:\/\/dolores.ee\/lv\/product\/anna-lotan-daily-outdoor-protection-uva-avb-spf50-50-ml\/#primaryimage","url":"https:\/\/dolores.ee\/wp-content\/uploads\/2025\/04\/daily-outdoor-protection-spf50-sunanna-anna-lotan-1.jpg","contentUrl":"https:\/\/dolores.ee\/wp-content\/uploads\/2025\/04\/daily-outdoor-protection-spf50-sunanna-anna-lotan-1.jpg","width":500,"height":500},{"@type":"BreadcrumbList","@id":"https:\/\/dolores.ee\/lv\/product\/anna-lotan-daily-outdoor-protection-uva-avb-spf50-50-ml\/#breadcrumb","itemListElement":[{"@type":"ListItem","position":1,"name":"Home","item":"https:\/\/dolores.ee\/lv\/"},{"@type":"ListItem","position":2,"name":"E-veikals","item":"https:\/\/dolores.ee\/lv\/e-veikals\/"},{"@type":"ListItem","position":3,"name":"Anna Lotan Daily Outdoor Protection UVA\/AVB SPF50 50 ml"}]},{"@type":"WebSite","@id":"https:\/\/dolores.ee\/lv\/#website","url":"https:\/\/dolores.ee\/lv\/","name":"Dolores e-pood","description":"Beauty Shop","publisher":{"@id":"https:\/\/dolores.ee\/lv\/#organization"},"alternateName":"Dolores","potentialAction":[{"@type":"SearchAction","target":{"@type":"EntryPoint","urlTemplate":"https:\/\/dolores.ee\/lv\/?s={search_term_string}"},"query-input":{"@type":"PropertyValueSpecification","valueRequired":true,"valueName":"search_term_string"}}],"inLanguage":"lv-LV"},{"@type":"Organization","@id":"https:\/\/dolores.ee\/lv\/#organization","name":"Dolores O\u00dc","alternateName":"Dolores e-pood","url":"https:\/\/dolores.ee\/lv\/","logo":{"@type":"ImageObject","inLanguage":"lv-LV","@id":"https:\/\/dolores.ee\/lv\/#\/schema\/logo\/image\/","url":"https:\/\/dolores.ee\/wp-content\/uploads\/2025\/04\/logo-1.jpg","contentUrl":"https:\/\/dolores.ee\/wp-content\/uploads\/2025\/04\/logo-1.jpg","width":1951,"height":660,"caption":"Dolores O\u00dc"},"image":{"@id":"https:\/\/dolores.ee\/lv\/#\/schema\/logo\/image\/"},"sameAs":["https:\/\/www.facebook.com\/doloresepood\/"],"description":"Dolores.ee on kaasaegne veebipood, kust leiad tuntud kaubam\u00e4rkide \u2013 GIGI, Anna Lotan, Hikari, Hlavin \u2013 originaalkosmeetikat. Pakume kvaliteetseid hooldustooteid taskukohaste hindadega ja kiire kohaletoimetamisega \u00fcle Eesti. Nahahooldus pole kunagi olnud nii lihtne ja soodne!","email":"dolores@dolores.ee","telephone":"372 644 2440","legalName":"Dolores O\u00dc","foundingDate":"1998-02-09","vatID":"EE100050280","numberOfEmployees":{"@type":"QuantitativeValue","minValue":"11","maxValue":"50"}}]}},"_links":{"self":[{"href":"https:\/\/dolores.ee\/lv\/wp-json\/wp\/v2\/product\/998038","targetHints":{"allow":["GET"]}}],"collection":[{"href":"https:\/\/dolores.ee\/lv\/wp-json\/wp\/v2\/product"}],"about":[{"href":"https:\/\/dolores.ee\/lv\/wp-json\/wp\/v2\/types\/product"}],"replies":[{"embeddable":true,"href":"https:\/\/dolores.ee\/lv\/wp-json\/wp\/v2\/comments?post=998038"}],"version-history":[{"count":0,"href":"https:\/\/dolores.ee\/lv\/wp-json\/wp\/v2\/product\/998038\/revisions"}],"wp:featuredmedia":[{"embeddable":true,"href":"https:\/\/dolores.ee\/lv\/wp-json\/wp\/v2\/media\/997249"}],"wp:attachment":[{"href":"https:\/\/dolores.ee\/lv\/wp-json\/wp\/v2\/media?parent=998038"}],"wp:term":[{"taxonomy":"product_brand","embeddable":true,"href":"https:\/\/dolores.ee\/lv\/wp-json\/wp\/v2\/product_brand?post=998038"},{"taxonomy":"product_cat","embeddable":true,"href":"https:\/\/dolores.ee\/lv\/wp-json\/wp\/v2\/product_cat?post=998038"},{"taxonomy":"product_tag","embeddable":true,"href":"https:\/\/dolores.ee\/lv\/wp-json\/wp\/v2\/product_tag?post=998038"},{"taxonomy":"giftcard-category","embeddable":true,"href":"https:\/\/dolores.ee\/lv\/wp-json\/wp\/v2\/giftcard-category?post=998038"}],"curies":[{"name":"wp","href":"https:\/\/api.w.org\/{rel}","templated":true}]}}