{"id":998039,"date":"2025-03-24T15:56:17","date_gmt":"2025-03-24T13:56:17","guid":{"rendered":"https:\/\/dolores.ee\/product\/anna-lotan-renova-broad-spectrum-sun-shield-spf50-50-ml\/"},"modified":"2025-07-01T11:06:22","modified_gmt":"2025-07-01T08:06:22","slug":"anna-lotan-renova-broad-spectrum-sun-shield-spf50-50-ml","status":"publish","type":"product","link":"https:\/\/dolores.ee\/lv\/product\/anna-lotan-renova-broad-spectrum-sun-shield-spf50-50-ml\/","title":{"rendered":"Anna Lotan Renova Broad Spectrum Sun Shield SPF50 50 ml"},"content":{"rendered":"<div class=\"vgblk-rw-wrapper limit-wrapper\">\n<p data-start=\"52\" data-end=\"812\"><strong data-start=\"52\" data-end=\"156\">Greznas dienas kr\u0113ms ar \u012bpa\u0161u formulu \u0101das kop\u0161anai un augstu, pla\u0161a spektra aizsardz\u012bbu pret sauli.<\/strong><br data-start=\"156\" data-end=\"159\" \/>Piem\u0113rots norm\u0101lai l\u012bdz sausai \u0101dai. \u010cetri izv\u0113l\u0113tie starojuma aizsardz\u012bbas filtri ir r\u016bp\u012bgi atlas\u012bti no pasaul\u0113 vismodern\u0101kajiem, lai nodro\u0161in\u0101tu augst\u0101k\u0101 l\u012bme\u0146a dro\u0161\u012bbu lietot\u0101jam un nekait\u0113tu j\u016bras dz\u012bv\u012bbai, tostarp kora\u013c\u013ciem.<br data-start=\"388\" data-end=\"391\" \/>P\u0113c uzkl\u0101\u0161anas neatst\u0101j baltu pl\u0113v\u012bti. Piem\u0113rots visiem \u0101das tipiem un lieto\u0161anai visai \u0123imenei.<br data-start=\"487\" data-end=\"490\" \/>Pateicoties sav\u0101m kopjo\u0161aj\u0101m \u012bpa\u0161\u012bb\u0101m, tas ir \u012bpa\u0161i piem\u0113rots nobriedu\u0161ai \u0101dai un \u0101dai ar kumulat\u012bviem saules boj\u0101jumiem, lai saglab\u0101tu t\u0101s maigumu un elast\u012bbu.<br data-start=\"650\" data-end=\"653\" \/>Formula ir bag\u0101tin\u0101ta ar biomim\u0113tisk\u0101m sast\u0101vda\u013c\u0101m: hialuronsk\u0101bi, aminosk\u0101b\u0113m (glic\u012bns, argin\u012bns un ser\u012bns), piensk\u0101bi, ur\u012bnvielu un akt\u012bviem antioksidantiem.<\/p>\n<p data-start=\"814\" data-end=\"930\"><strong data-start=\"814\" data-end=\"828\">Lieto\u0161ana:<\/strong> Uzkl\u0101jiet uz vis\u0101m saules iedarb\u012bbai pak\u013cautaj\u0101m viet\u0101m ar vieglu mas\u0101\u017eu, l\u012bdz kr\u0113ms piln\u012bb\u0101 ies\u016bcas.<\/p>\n<p data-start=\"932\" data-end=\"1717\"><strong data-start=\"932\" data-end=\"948\">Sast\u0101vda\u013cas:<\/strong><br data-start=\"948\" data-end=\"951\" \/><em data-start=\"951\" data-end=\"1717\">Aqua (Water), C12-15 Alkyl Benzoate, Dibutyl Adipate, Diethylamino Hydroxybenzoyl Hexyl Benzoate, Bis-Ethylhexyloxyphenol Methoxyphenyl Triazine, C15-19 Alkane, Ethylhexyl Salicylate, Propanediol, Ethylhexyl Triazone, Behenyl Alcohol, Polymethyl Methacrylate, Acrylates\/C12-22 Alkyl Methacrylate Copolymer, Disodium Cetearyl Sulfosuccinate, Rosa Centifolia Flower Water, Hydroxyacetophenone, Squalene, Urea, Sodium Hyaluronate, Glucose, Glycine, Allantoin, Arginine, Coco-Glucoside, Tocopherol, Disodium Lauryl Sulfosuccinate, Sodium Phytate, Beta-Sitosterol, Glycerin, Lactic Acid, Sodium Lactate, Sorbitol, Serine, Carbomer, Hydroxyethyl Acrylate\/Sodium Acryloyldimethyl Taurate Copolymer, Caprylhydroxamic Acid, Sodium Hydroxide, Xanthan Gum, Ethylhexylglycerin<\/em><\/p>\n<\/div>\n<p><!-- .vgblk-rw-wrapper --><\/p>\n","protected":false},"excerpt":{"rendered":"<p>Anna Lotan Renova Broad Spectrum Sun Shield SPF50<\/p>\n","protected":false},"featured_media":996920,"comment_status":"closed","ping_status":"closed","template":"","meta":[],"product_brand":[],"product_cat":[660,725,734,783,672,704,718,724],"product_tag":[],"giftcard-category":[],"class_list":{"0":"post-998039","1":"product","2":"type-product","3":"status-publish","4":"has-post-thumbnail","6":"product_cat-anna-lotan-lv","7":"product_cat-dienas-krems","8":"product_cat-jaunienes","9":"product_cat-pavasara-adas-kopsana","10":"product_cat-renova-lv","11":"product_cat-saules-aizsardziba","12":"product_cat-sejas-kopsana","13":"product_cat-sejas-krems","15":"first","16":"instock","17":"taxable","18":"shipping-taxable","19":"purchasable","20":"product-type-simple"},"yoast_head":"<!-- This site is optimized with the Yoast SEO Premium plugin v25.1 (Yoast SEO v25.7) - https:\/\/yoast.com\/wordpress\/plugins\/seo\/ -->\n<title>Anna Lotan Renova Broad Spectrum Sun Shield SPF50 50 ml ~ Dolores<\/title>\n<meta name=\"robots\" content=\"index, follow, max-snippet:-1, max-image-preview:large, max-video-preview:-1\" \/>\n<link rel=\"canonical\" href=\"https:\/\/dolores.ee\/lv\/product\/anna-lotan-renova-broad-spectrum-sun-shield-spf50-50-ml\/\" \/>\n<meta property=\"og:locale\" content=\"lv_LV\" \/>\n<meta property=\"og:type\" content=\"article\" \/>\n<meta property=\"og:title\" content=\"Anna Lotan Renova Broad Spectrum Sun Shield SPF50 50 ml\" \/>\n<meta property=\"og:description\" content=\"Anna Lotan Renova Broad Spectrum Sun Shield SPF50\" \/>\n<meta property=\"og:url\" content=\"https:\/\/dolores.ee\/lv\/product\/anna-lotan-renova-broad-spectrum-sun-shield-spf50-50-ml\/\" \/>\n<meta property=\"og:site_name\" content=\"Dolores\" \/>\n<meta property=\"article:publisher\" content=\"https:\/\/www.facebook.com\/doloresepood\/\" \/>\n<meta property=\"article:modified_time\" content=\"2025-07-01T08:06:22+00:00\" \/>\n<meta property=\"og:image\" content=\"https:\/\/dolores.ee\/wp-content\/uploads\/2025\/05\/seo.jpg\" \/>\n\t<meta property=\"og:image:width\" content=\"1200\" \/>\n\t<meta property=\"og:image:height\" content=\"675\" \/>\n\t<meta property=\"og:image:type\" content=\"image\/jpeg\" \/>\n<meta name=\"twitter:card\" content=\"summary_large_image\" \/>\n<meta name=\"twitter:label1\" content=\"Est. reading time\" \/>\n\t<meta name=\"twitter:data1\" content=\"1 minute\" \/>\n<script type=\"application\/ld+json\" class=\"yoast-schema-graph\">{\"@context\":\"https:\/\/schema.org\",\"@graph\":[{\"@type\":\"WebPage\",\"@id\":\"https:\/\/dolores.ee\/lv\/product\/anna-lotan-renova-broad-spectrum-sun-shield-spf50-50-ml\/\",\"url\":\"https:\/\/dolores.ee\/lv\/product\/anna-lotan-renova-broad-spectrum-sun-shield-spf50-50-ml\/\",\"name\":\"Anna Lotan Renova Broad Spectrum Sun Shield SPF50 50 ml ~ Dolores\",\"isPartOf\":{\"@id\":\"https:\/\/dolores.ee\/lv\/#website\"},\"primaryImageOfPage\":{\"@id\":\"https:\/\/dolores.ee\/lv\/product\/anna-lotan-renova-broad-spectrum-sun-shield-spf50-50-ml\/#primaryimage\"},\"image\":{\"@id\":\"https:\/\/dolores.ee\/lv\/product\/anna-lotan-renova-broad-spectrum-sun-shield-spf50-50-ml\/#primaryimage\"},\"thumbnailUrl\":\"https:\/\/dolores.ee\/wp-content\/uploads\/2025\/03\/sun-shield-spf50-for-normal-to-dry-skin-anna-lotan.jpg\",\"datePublished\":\"2025-03-24T13:56:17+00:00\",\"dateModified\":\"2025-07-01T08:06:22+00:00\",\"breadcrumb\":{\"@id\":\"https:\/\/dolores.ee\/lv\/product\/anna-lotan-renova-broad-spectrum-sun-shield-spf50-50-ml\/#breadcrumb\"},\"inLanguage\":\"lv-LV\",\"potentialAction\":[{\"@type\":\"ReadAction\",\"target\":[\"https:\/\/dolores.ee\/lv\/product\/anna-lotan-renova-broad-spectrum-sun-shield-spf50-50-ml\/\"]}]},{\"@type\":\"ImageObject\",\"inLanguage\":\"lv-LV\",\"@id\":\"https:\/\/dolores.ee\/lv\/product\/anna-lotan-renova-broad-spectrum-sun-shield-spf50-50-ml\/#primaryimage\",\"url\":\"https:\/\/dolores.ee\/wp-content\/uploads\/2025\/03\/sun-shield-spf50-for-normal-to-dry-skin-anna-lotan.jpg\",\"contentUrl\":\"https:\/\/dolores.ee\/wp-content\/uploads\/2025\/03\/sun-shield-spf50-for-normal-to-dry-skin-anna-lotan.jpg\",\"width\":500,\"height\":500},{\"@type\":\"BreadcrumbList\",\"@id\":\"https:\/\/dolores.ee\/lv\/product\/anna-lotan-renova-broad-spectrum-sun-shield-spf50-50-ml\/#breadcrumb\",\"itemListElement\":[{\"@type\":\"ListItem\",\"position\":1,\"name\":\"Home\",\"item\":\"https:\/\/dolores.ee\/lv\/\"},{\"@type\":\"ListItem\",\"position\":2,\"name\":\"E-veikals\",\"item\":\"https:\/\/dolores.ee\/lv\/e-veikals\/\"},{\"@type\":\"ListItem\",\"position\":3,\"name\":\"Anna Lotan Renova Broad Spectrum Sun Shield SPF50 50 ml\"}]},{\"@type\":\"WebSite\",\"@id\":\"https:\/\/dolores.ee\/lv\/#website\",\"url\":\"https:\/\/dolores.ee\/lv\/\",\"name\":\"Dolores e-pood\",\"description\":\"Beauty Shop\",\"publisher\":{\"@id\":\"https:\/\/dolores.ee\/lv\/#organization\"},\"alternateName\":\"Dolores\",\"potentialAction\":[{\"@type\":\"SearchAction\",\"target\":{\"@type\":\"EntryPoint\",\"urlTemplate\":\"https:\/\/dolores.ee\/lv\/?s={search_term_string}\"},\"query-input\":{\"@type\":\"PropertyValueSpecification\",\"valueRequired\":true,\"valueName\":\"search_term_string\"}}],\"inLanguage\":\"lv-LV\"},{\"@type\":\"Organization\",\"@id\":\"https:\/\/dolores.ee\/lv\/#organization\",\"name\":\"Dolores O\u00dc\",\"alternateName\":\"Dolores e-pood\",\"url\":\"https:\/\/dolores.ee\/lv\/\",\"logo\":{\"@type\":\"ImageObject\",\"inLanguage\":\"lv-LV\",\"@id\":\"https:\/\/dolores.ee\/lv\/#\/schema\/logo\/image\/\",\"url\":\"https:\/\/dolores.ee\/wp-content\/uploads\/2025\/04\/logo-1.jpg\",\"contentUrl\":\"https:\/\/dolores.ee\/wp-content\/uploads\/2025\/04\/logo-1.jpg\",\"width\":1951,\"height\":660,\"caption\":\"Dolores O\u00dc\"},\"image\":{\"@id\":\"https:\/\/dolores.ee\/lv\/#\/schema\/logo\/image\/\"},\"sameAs\":[\"https:\/\/www.facebook.com\/doloresepood\/\"],\"description\":\"Dolores.ee on kaasaegne veebipood, kust leiad tuntud kaubam\u00e4rkide \u2013 GIGI, Anna Lotan, Hikari, Hlavin \u2013 originaalkosmeetikat. Pakume kvaliteetseid hooldustooteid taskukohaste hindadega ja kiire kohaletoimetamisega \u00fcle Eesti. Nahahooldus pole kunagi olnud nii lihtne ja soodne!\",\"email\":\"dolores@dolores.ee\",\"telephone\":\"372 644 2440\",\"legalName\":\"Dolores O\u00dc\",\"foundingDate\":\"1998-02-09\",\"vatID\":\"EE100050280\",\"numberOfEmployees\":{\"@type\":\"QuantitativeValue\",\"minValue\":\"11\",\"maxValue\":\"50\"}}]}<\/script>\n<!-- \/ Yoast SEO Premium plugin. -->","yoast_head_json":{"title":"Anna Lotan Renova Broad Spectrum Sun Shield SPF50 50 ml ~ Dolores","robots":{"index":"index","follow":"follow","max-snippet":"max-snippet:-1","max-image-preview":"max-image-preview:large","max-video-preview":"max-video-preview:-1"},"canonical":"https:\/\/dolores.ee\/lv\/product\/anna-lotan-renova-broad-spectrum-sun-shield-spf50-50-ml\/","og_locale":"lv_LV","og_type":"article","og_title":"Anna Lotan Renova Broad Spectrum Sun Shield SPF50 50 ml","og_description":"Anna Lotan Renova Broad Spectrum Sun Shield SPF50","og_url":"https:\/\/dolores.ee\/lv\/product\/anna-lotan-renova-broad-spectrum-sun-shield-spf50-50-ml\/","og_site_name":"Dolores","article_publisher":"https:\/\/www.facebook.com\/doloresepood\/","article_modified_time":"2025-07-01T08:06:22+00:00","og_image":[{"width":1200,"height":675,"url":"https:\/\/dolores.ee\/wp-content\/uploads\/2025\/05\/seo.jpg","type":"image\/jpeg"}],"twitter_card":"summary_large_image","twitter_misc":{"Est. reading time":"1 minute"},"schema":{"@context":"https:\/\/schema.org","@graph":[{"@type":"WebPage","@id":"https:\/\/dolores.ee\/lv\/product\/anna-lotan-renova-broad-spectrum-sun-shield-spf50-50-ml\/","url":"https:\/\/dolores.ee\/lv\/product\/anna-lotan-renova-broad-spectrum-sun-shield-spf50-50-ml\/","name":"Anna Lotan Renova Broad Spectrum Sun Shield SPF50 50 ml ~ Dolores","isPartOf":{"@id":"https:\/\/dolores.ee\/lv\/#website"},"primaryImageOfPage":{"@id":"https:\/\/dolores.ee\/lv\/product\/anna-lotan-renova-broad-spectrum-sun-shield-spf50-50-ml\/#primaryimage"},"image":{"@id":"https:\/\/dolores.ee\/lv\/product\/anna-lotan-renova-broad-spectrum-sun-shield-spf50-50-ml\/#primaryimage"},"thumbnailUrl":"https:\/\/dolores.ee\/wp-content\/uploads\/2025\/03\/sun-shield-spf50-for-normal-to-dry-skin-anna-lotan.jpg","datePublished":"2025-03-24T13:56:17+00:00","dateModified":"2025-07-01T08:06:22+00:00","breadcrumb":{"@id":"https:\/\/dolores.ee\/lv\/product\/anna-lotan-renova-broad-spectrum-sun-shield-spf50-50-ml\/#breadcrumb"},"inLanguage":"lv-LV","potentialAction":[{"@type":"ReadAction","target":["https:\/\/dolores.ee\/lv\/product\/anna-lotan-renova-broad-spectrum-sun-shield-spf50-50-ml\/"]}]},{"@type":"ImageObject","inLanguage":"lv-LV","@id":"https:\/\/dolores.ee\/lv\/product\/anna-lotan-renova-broad-spectrum-sun-shield-spf50-50-ml\/#primaryimage","url":"https:\/\/dolores.ee\/wp-content\/uploads\/2025\/03\/sun-shield-spf50-for-normal-to-dry-skin-anna-lotan.jpg","contentUrl":"https:\/\/dolores.ee\/wp-content\/uploads\/2025\/03\/sun-shield-spf50-for-normal-to-dry-skin-anna-lotan.jpg","width":500,"height":500},{"@type":"BreadcrumbList","@id":"https:\/\/dolores.ee\/lv\/product\/anna-lotan-renova-broad-spectrum-sun-shield-spf50-50-ml\/#breadcrumb","itemListElement":[{"@type":"ListItem","position":1,"name":"Home","item":"https:\/\/dolores.ee\/lv\/"},{"@type":"ListItem","position":2,"name":"E-veikals","item":"https:\/\/dolores.ee\/lv\/e-veikals\/"},{"@type":"ListItem","position":3,"name":"Anna Lotan Renova Broad Spectrum Sun Shield SPF50 50 ml"}]},{"@type":"WebSite","@id":"https:\/\/dolores.ee\/lv\/#website","url":"https:\/\/dolores.ee\/lv\/","name":"Dolores e-pood","description":"Beauty Shop","publisher":{"@id":"https:\/\/dolores.ee\/lv\/#organization"},"alternateName":"Dolores","potentialAction":[{"@type":"SearchAction","target":{"@type":"EntryPoint","urlTemplate":"https:\/\/dolores.ee\/lv\/?s={search_term_string}"},"query-input":{"@type":"PropertyValueSpecification","valueRequired":true,"valueName":"search_term_string"}}],"inLanguage":"lv-LV"},{"@type":"Organization","@id":"https:\/\/dolores.ee\/lv\/#organization","name":"Dolores O\u00dc","alternateName":"Dolores e-pood","url":"https:\/\/dolores.ee\/lv\/","logo":{"@type":"ImageObject","inLanguage":"lv-LV","@id":"https:\/\/dolores.ee\/lv\/#\/schema\/logo\/image\/","url":"https:\/\/dolores.ee\/wp-content\/uploads\/2025\/04\/logo-1.jpg","contentUrl":"https:\/\/dolores.ee\/wp-content\/uploads\/2025\/04\/logo-1.jpg","width":1951,"height":660,"caption":"Dolores O\u00dc"},"image":{"@id":"https:\/\/dolores.ee\/lv\/#\/schema\/logo\/image\/"},"sameAs":["https:\/\/www.facebook.com\/doloresepood\/"],"description":"Dolores.ee on kaasaegne veebipood, kust leiad tuntud kaubam\u00e4rkide \u2013 GIGI, Anna Lotan, Hikari, Hlavin \u2013 originaalkosmeetikat. Pakume kvaliteetseid hooldustooteid taskukohaste hindadega ja kiire kohaletoimetamisega \u00fcle Eesti. Nahahooldus pole kunagi olnud nii lihtne ja soodne!","email":"dolores@dolores.ee","telephone":"372 644 2440","legalName":"Dolores O\u00dc","foundingDate":"1998-02-09","vatID":"EE100050280","numberOfEmployees":{"@type":"QuantitativeValue","minValue":"11","maxValue":"50"}}]}},"_links":{"self":[{"href":"https:\/\/dolores.ee\/lv\/wp-json\/wp\/v2\/product\/998039","targetHints":{"allow":["GET"]}}],"collection":[{"href":"https:\/\/dolores.ee\/lv\/wp-json\/wp\/v2\/product"}],"about":[{"href":"https:\/\/dolores.ee\/lv\/wp-json\/wp\/v2\/types\/product"}],"replies":[{"embeddable":true,"href":"https:\/\/dolores.ee\/lv\/wp-json\/wp\/v2\/comments?post=998039"}],"version-history":[{"count":0,"href":"https:\/\/dolores.ee\/lv\/wp-json\/wp\/v2\/product\/998039\/revisions"}],"wp:featuredmedia":[{"embeddable":true,"href":"https:\/\/dolores.ee\/lv\/wp-json\/wp\/v2\/media\/996920"}],"wp:attachment":[{"href":"https:\/\/dolores.ee\/lv\/wp-json\/wp\/v2\/media?parent=998039"}],"wp:term":[{"taxonomy":"product_brand","embeddable":true,"href":"https:\/\/dolores.ee\/lv\/wp-json\/wp\/v2\/product_brand?post=998039"},{"taxonomy":"product_cat","embeddable":true,"href":"https:\/\/dolores.ee\/lv\/wp-json\/wp\/v2\/product_cat?post=998039"},{"taxonomy":"product_tag","embeddable":true,"href":"https:\/\/dolores.ee\/lv\/wp-json\/wp\/v2\/product_tag?post=998039"},{"taxonomy":"giftcard-category","embeddable":true,"href":"https:\/\/dolores.ee\/lv\/wp-json\/wp\/v2\/giftcard-category?post=998039"}],"curies":[{"name":"wp","href":"https:\/\/api.w.org\/{rel}","templated":true}]}}