{"id":998041,"date":"2025-03-18T15:21:27","date_gmt":"2025-03-18T13:21:27","guid":{"rendered":"https:\/\/dolores.ee\/product\/anna-lotan-clear-propolis-cream-gel-50-ml\/"},"modified":"2025-07-01T11:06:22","modified_gmt":"2025-07-01T08:06:22","slug":"anna-lotan-clear-propolis-cream-gel-50-ml","status":"publish","type":"product","link":"https:\/\/dolores.ee\/lv\/product\/anna-lotan-clear-propolis-cream-gel-50-ml\/","title":{"rendered":"Anna Lotan Clear Propolis Cream Gel 50 ml"},"content":{"rendered":"<div class=\"vgblk-rw-wrapper limit-wrapper\">\n<p data-start=\"52\" data-end=\"486\"><strong data-start=\"52\" data-end=\"157\">Propolisa kr\u0113ma \u017eeleja ir izstr\u0101d\u0101ta, lai uzlabotu higi\u0113nas apst\u0101k\u013cus slikti ventil\u0113jam\u0101s \u0101das zon\u0101s.<\/strong><br data-start=\"157\" data-end=\"160\" \/>\u016adens uzkr\u0101\u0161an\u0101s \u0161\u0101d\u0101s viet\u0101s var izrais\u012bt iekaisuma reakciju, kas nakts laik\u0101 v\u0113l vair\u0101k pastiprin\u0101s iztvaiko\u0161anas d\u0113\u013c, k\u0101 rezult\u0101t\u0101 rodas p\u0101rm\u0113r\u012bgs aps\u0101rtums un diskomforts.<br data-start=\"335\" data-end=\"338\" \/>Bi\u0161u sav\u0101ktais un apstr\u0101d\u0101tais propoliss kalpo k\u0101 dabisks higi\u0113nas kondicionieris strop\u0101, nodro\u0161inot vesel\u012bgu vidi n\u0101kam\u0101s paaudzes bi\u0161u audz\u0113\u0161anai.<\/p>\n<p data-start=\"488\" data-end=\"969\"><strong data-start=\"488\" data-end=\"581\">Propolisa kr\u0113ma \u017eeleja nodro\u0161ina maigu aizsardz\u012bbu jut\u012bgai \u0101dai ar noslieci uz aps\u0101rtumu.<\/strong><br data-start=\"581\" data-end=\"584\" \/>S\u0113klu e\u013c\u013cas (jojobas, skval\u0101ns), fitoster\u012bni un triglicer\u012bdi stiprina \u0101das lip\u012bdu barjeru.<br data-start=\"674\" data-end=\"677\" \/>Nomierino\u0161as augu izcelsmes sast\u0101vda\u013cas \u2013 kli\u0146\u0123er\u012b\u0161u ziedi, alvejas g\u0113ls, d\u0101rza kreses dzinumi, kaprifolijas ekstrakts un tapiokas ciete \u2013 darbojas siner\u0123iski ar unik\u0101lu magnija un k\u0101lija nomierino\u0161u kompleksu, kas apvienots ar aminosk\u0101bi aspart\u0101tu, kop\u0101 palielinot \u0101das iztur\u012bbu pret stresu.<\/p>\n<p data-start=\"971\" data-end=\"1165\">Papildus propolisa iedarb\u012bbai, kr\u0113ma \u017eelejas &#8220;t\u012bro&#8221; konserv\u0113jo\u0161o sist\u0113mu atbalsta ar\u012b citi augiem rakstur\u012bgi sve\u0137i ar higi\u0113nisk\u0101m \u012bpa\u0161\u012bb\u0101m: mirres, v\u012braks un mastikas sve\u0137i (Pistacia Lentiscus).<\/p>\n<p data-start=\"1167\" data-end=\"1590\"><strong data-start=\"1167\" data-end=\"1181\">Lieto\u0161ana:<\/strong> Uzkl\u0101t lok\u0101li uz aps\u0101rtu\u0161iem \u0101das laukumiem sej\u0101 vai uz \u0137erme\u0146a. Lietot uz t\u012bras, sausas \u0101das 1\u20132 reizes dien\u0101 (vismaz vienu reizi \u2013 pirms gul\u0113tie\u0161anas vai p\u0113c vajadz\u012bbas). Uzkl\u0101t pl\u0101n\u0101 k\u0101rt\u0101 un \u013caut no\u017e\u016bt aptuveni vienu min\u016bti pirms ap\u0123\u0113rba uzvilk\u0161anas p\u0101r \u0161o zonu.<br data-start=\"1448\" data-end=\"1451\" \/><strong data-start=\"1451\" data-end=\"1590\">Tikai \u0101r\u012bgai lieto\u0161anai \u2022 Izvair\u012bties no saskares ar ac\u012bm \u2022 Sarg\u0101t no b\u0113rniem \u2022 Nelietot, ja ir zin\u0101ma jut\u012bba pret k\u0101du no sast\u0101vda\u013c\u0101m.<\/strong><\/p>\n<p data-start=\"1592\" data-end=\"2380\"><strong data-start=\"1592\" data-end=\"1608\">Sast\u0101vda\u013cas:<\/strong><br data-start=\"1608\" data-end=\"1611\" \/><em data-start=\"1611\" data-end=\"2380\">Aqua (Water), Tapiokas ciete, Propolisa glicer\u012bns, Commiphora Myrrha (mirres) sve\u0137u ekstrakts, Skval\u0101ns, Simmondsia Chinensis (jojobas) s\u0113klu e\u013c\u013ca, Kaprilsk\u0101bes\/kapr\u012bnsk\u0101bes triglicer\u012bds, Ksan\u0101na sve\u0137i, N\u0101trija kokoila aminosk\u0101bes, Calendula Officinalis (kli\u0146\u0123er\u012bte) ziedu ekstrakts, Abies Sibirica (egles) e\u013c\u013ca, Glycine Soja (sojas) ster\u012bni, Beta-glik\u0101ns, Poliakril\u0101ts, Aloe Barbadensis (alvejas) sulas pulveris, Lonicera Caprifolium (kaprifolijas) ekstrakts, Ak\u0101cijas sve\u0137i, Sarkoz\u012bns, Boswellia Serrata (v\u012braka) sve\u0137u ekstrakts, Propil\u0113nglikols, Pistacia Lentiscus (mastikas) sve\u0137i, Lonicera Japonica (Jap\u0101nas kaprifolijas) ziedu ekstrakts, K\u0101lija aspart\u0101ts, Lecit\u012bns, 1,2-Heks\u0101ndiols, Kaprila glikols, Lepidium Sativum (d\u0101rza kreses) dzinumu ekstrakts, Piensk\u0101be.<\/em><\/p>\n<\/div>\n<p><!-- .vgblk-rw-wrapper --><\/p>\n","protected":false},"excerpt":{"rendered":"<p>Anna Lotan Clear Propolis Cream Gel<\/p>\n","protected":false},"featured_media":996839,"comment_status":"closed","ping_status":"closed","template":"","meta":[],"product_brand":[],"product_cat":[660,665,734,730,718,724],"product_tag":[],"giftcard-category":[],"class_list":{"0":"post-998041","1":"product","2":"type-product","3":"status-publish","4":"has-post-thumbnail","6":"product_cat-anna-lotan-lv","7":"product_cat-clear-lv","8":"product_cat-jaunienes","9":"product_cat-nakts-krems","10":"product_cat-sejas-kopsana","11":"product_cat-sejas-krems","13":"first","14":"instock","15":"taxable","16":"shipping-taxable","17":"purchasable","18":"product-type-simple"},"yoast_head":"<!-- This site is optimized with the Yoast SEO Premium plugin v25.1 (Yoast SEO v25.7) - https:\/\/yoast.com\/wordpress\/plugins\/seo\/ -->\n<title>Anna Lotan Clear Propolis Cream Gel 50 ml ~ Dolores<\/title>\n<meta name=\"robots\" content=\"index, follow, max-snippet:-1, max-image-preview:large, max-video-preview:-1\" \/>\n<link rel=\"canonical\" href=\"https:\/\/dolores.ee\/lv\/product\/anna-lotan-clear-propolis-cream-gel-50-ml\/\" \/>\n<meta property=\"og:locale\" content=\"lv_LV\" \/>\n<meta property=\"og:type\" content=\"article\" \/>\n<meta property=\"og:title\" content=\"Anna Lotan Clear Propolis Cream Gel 50 ml\" \/>\n<meta property=\"og:description\" content=\"Anna Lotan Clear Propolis Cream Gel\" \/>\n<meta property=\"og:url\" content=\"https:\/\/dolores.ee\/lv\/product\/anna-lotan-clear-propolis-cream-gel-50-ml\/\" \/>\n<meta property=\"og:site_name\" content=\"Dolores\" \/>\n<meta property=\"article:publisher\" content=\"https:\/\/www.facebook.com\/doloresepood\/\" \/>\n<meta property=\"article:modified_time\" content=\"2025-07-01T08:06:22+00:00\" \/>\n<meta property=\"og:image\" content=\"https:\/\/dolores.ee\/wp-content\/uploads\/2025\/05\/seo.jpg\" \/>\n\t<meta property=\"og:image:width\" content=\"1200\" \/>\n\t<meta property=\"og:image:height\" content=\"675\" \/>\n\t<meta property=\"og:image:type\" content=\"image\/jpeg\" \/>\n<meta name=\"twitter:card\" content=\"summary_large_image\" \/>\n<meta name=\"twitter:label1\" content=\"Est. reading time\" \/>\n\t<meta name=\"twitter:data1\" content=\"2 minutes\" \/>\n<script type=\"application\/ld+json\" class=\"yoast-schema-graph\">{\"@context\":\"https:\/\/schema.org\",\"@graph\":[{\"@type\":\"WebPage\",\"@id\":\"https:\/\/dolores.ee\/lv\/product\/anna-lotan-clear-propolis-cream-gel-50-ml\/\",\"url\":\"https:\/\/dolores.ee\/lv\/product\/anna-lotan-clear-propolis-cream-gel-50-ml\/\",\"name\":\"Anna Lotan Clear Propolis Cream Gel 50 ml ~ Dolores\",\"isPartOf\":{\"@id\":\"https:\/\/dolores.ee\/lv\/#website\"},\"primaryImageOfPage\":{\"@id\":\"https:\/\/dolores.ee\/lv\/product\/anna-lotan-clear-propolis-cream-gel-50-ml\/#primaryimage\"},\"image\":{\"@id\":\"https:\/\/dolores.ee\/lv\/product\/anna-lotan-clear-propolis-cream-gel-50-ml\/#primaryimage\"},\"thumbnailUrl\":\"https:\/\/dolores.ee\/wp-content\/uploads\/2025\/03\/484648193_1593772764649285_8799325133185709088_n.jpg\",\"datePublished\":\"2025-03-18T13:21:27+00:00\",\"dateModified\":\"2025-07-01T08:06:22+00:00\",\"breadcrumb\":{\"@id\":\"https:\/\/dolores.ee\/lv\/product\/anna-lotan-clear-propolis-cream-gel-50-ml\/#breadcrumb\"},\"inLanguage\":\"lv-LV\",\"potentialAction\":[{\"@type\":\"ReadAction\",\"target\":[\"https:\/\/dolores.ee\/lv\/product\/anna-lotan-clear-propolis-cream-gel-50-ml\/\"]}]},{\"@type\":\"ImageObject\",\"inLanguage\":\"lv-LV\",\"@id\":\"https:\/\/dolores.ee\/lv\/product\/anna-lotan-clear-propolis-cream-gel-50-ml\/#primaryimage\",\"url\":\"https:\/\/dolores.ee\/wp-content\/uploads\/2025\/03\/484648193_1593772764649285_8799325133185709088_n.jpg\",\"contentUrl\":\"https:\/\/dolores.ee\/wp-content\/uploads\/2025\/03\/484648193_1593772764649285_8799325133185709088_n.jpg\",\"width\":1536,\"height\":2048},{\"@type\":\"BreadcrumbList\",\"@id\":\"https:\/\/dolores.ee\/lv\/product\/anna-lotan-clear-propolis-cream-gel-50-ml\/#breadcrumb\",\"itemListElement\":[{\"@type\":\"ListItem\",\"position\":1,\"name\":\"Home\",\"item\":\"https:\/\/dolores.ee\/lv\/\"},{\"@type\":\"ListItem\",\"position\":2,\"name\":\"E-veikals\",\"item\":\"https:\/\/dolores.ee\/lv\/e-veikals\/\"},{\"@type\":\"ListItem\",\"position\":3,\"name\":\"Anna Lotan Clear Propolis Cream Gel 50 ml\"}]},{\"@type\":\"WebSite\",\"@id\":\"https:\/\/dolores.ee\/lv\/#website\",\"url\":\"https:\/\/dolores.ee\/lv\/\",\"name\":\"Dolores e-pood\",\"description\":\"Beauty Shop\",\"publisher\":{\"@id\":\"https:\/\/dolores.ee\/lv\/#organization\"},\"alternateName\":\"Dolores\",\"potentialAction\":[{\"@type\":\"SearchAction\",\"target\":{\"@type\":\"EntryPoint\",\"urlTemplate\":\"https:\/\/dolores.ee\/lv\/?s={search_term_string}\"},\"query-input\":{\"@type\":\"PropertyValueSpecification\",\"valueRequired\":true,\"valueName\":\"search_term_string\"}}],\"inLanguage\":\"lv-LV\"},{\"@type\":\"Organization\",\"@id\":\"https:\/\/dolores.ee\/lv\/#organization\",\"name\":\"Dolores O\u00dc\",\"alternateName\":\"Dolores e-pood\",\"url\":\"https:\/\/dolores.ee\/lv\/\",\"logo\":{\"@type\":\"ImageObject\",\"inLanguage\":\"lv-LV\",\"@id\":\"https:\/\/dolores.ee\/lv\/#\/schema\/logo\/image\/\",\"url\":\"https:\/\/dolores.ee\/wp-content\/uploads\/2025\/04\/logo-1.jpg\",\"contentUrl\":\"https:\/\/dolores.ee\/wp-content\/uploads\/2025\/04\/logo-1.jpg\",\"width\":1951,\"height\":660,\"caption\":\"Dolores O\u00dc\"},\"image\":{\"@id\":\"https:\/\/dolores.ee\/lv\/#\/schema\/logo\/image\/\"},\"sameAs\":[\"https:\/\/www.facebook.com\/doloresepood\/\"],\"description\":\"Dolores.ee on kaasaegne veebipood, kust leiad tuntud kaubam\u00e4rkide \u2013 GIGI, Anna Lotan, Hikari, Hlavin \u2013 originaalkosmeetikat. Pakume kvaliteetseid hooldustooteid taskukohaste hindadega ja kiire kohaletoimetamisega \u00fcle Eesti. Nahahooldus pole kunagi olnud nii lihtne ja soodne!\",\"email\":\"dolores@dolores.ee\",\"telephone\":\"372 644 2440\",\"legalName\":\"Dolores O\u00dc\",\"foundingDate\":\"1998-02-09\",\"vatID\":\"EE100050280\",\"numberOfEmployees\":{\"@type\":\"QuantitativeValue\",\"minValue\":\"11\",\"maxValue\":\"50\"}}]}<\/script>\n<!-- \/ Yoast SEO Premium plugin. -->","yoast_head_json":{"title":"Anna Lotan Clear Propolis Cream Gel 50 ml ~ Dolores","robots":{"index":"index","follow":"follow","max-snippet":"max-snippet:-1","max-image-preview":"max-image-preview:large","max-video-preview":"max-video-preview:-1"},"canonical":"https:\/\/dolores.ee\/lv\/product\/anna-lotan-clear-propolis-cream-gel-50-ml\/","og_locale":"lv_LV","og_type":"article","og_title":"Anna Lotan Clear Propolis Cream Gel 50 ml","og_description":"Anna Lotan Clear Propolis Cream Gel","og_url":"https:\/\/dolores.ee\/lv\/product\/anna-lotan-clear-propolis-cream-gel-50-ml\/","og_site_name":"Dolores","article_publisher":"https:\/\/www.facebook.com\/doloresepood\/","article_modified_time":"2025-07-01T08:06:22+00:00","og_image":[{"width":1200,"height":675,"url":"https:\/\/dolores.ee\/wp-content\/uploads\/2025\/05\/seo.jpg","type":"image\/jpeg"}],"twitter_card":"summary_large_image","twitter_misc":{"Est. reading time":"2 minutes"},"schema":{"@context":"https:\/\/schema.org","@graph":[{"@type":"WebPage","@id":"https:\/\/dolores.ee\/lv\/product\/anna-lotan-clear-propolis-cream-gel-50-ml\/","url":"https:\/\/dolores.ee\/lv\/product\/anna-lotan-clear-propolis-cream-gel-50-ml\/","name":"Anna Lotan Clear Propolis Cream Gel 50 ml ~ Dolores","isPartOf":{"@id":"https:\/\/dolores.ee\/lv\/#website"},"primaryImageOfPage":{"@id":"https:\/\/dolores.ee\/lv\/product\/anna-lotan-clear-propolis-cream-gel-50-ml\/#primaryimage"},"image":{"@id":"https:\/\/dolores.ee\/lv\/product\/anna-lotan-clear-propolis-cream-gel-50-ml\/#primaryimage"},"thumbnailUrl":"https:\/\/dolores.ee\/wp-content\/uploads\/2025\/03\/484648193_1593772764649285_8799325133185709088_n.jpg","datePublished":"2025-03-18T13:21:27+00:00","dateModified":"2025-07-01T08:06:22+00:00","breadcrumb":{"@id":"https:\/\/dolores.ee\/lv\/product\/anna-lotan-clear-propolis-cream-gel-50-ml\/#breadcrumb"},"inLanguage":"lv-LV","potentialAction":[{"@type":"ReadAction","target":["https:\/\/dolores.ee\/lv\/product\/anna-lotan-clear-propolis-cream-gel-50-ml\/"]}]},{"@type":"ImageObject","inLanguage":"lv-LV","@id":"https:\/\/dolores.ee\/lv\/product\/anna-lotan-clear-propolis-cream-gel-50-ml\/#primaryimage","url":"https:\/\/dolores.ee\/wp-content\/uploads\/2025\/03\/484648193_1593772764649285_8799325133185709088_n.jpg","contentUrl":"https:\/\/dolores.ee\/wp-content\/uploads\/2025\/03\/484648193_1593772764649285_8799325133185709088_n.jpg","width":1536,"height":2048},{"@type":"BreadcrumbList","@id":"https:\/\/dolores.ee\/lv\/product\/anna-lotan-clear-propolis-cream-gel-50-ml\/#breadcrumb","itemListElement":[{"@type":"ListItem","position":1,"name":"Home","item":"https:\/\/dolores.ee\/lv\/"},{"@type":"ListItem","position":2,"name":"E-veikals","item":"https:\/\/dolores.ee\/lv\/e-veikals\/"},{"@type":"ListItem","position":3,"name":"Anna Lotan Clear Propolis Cream Gel 50 ml"}]},{"@type":"WebSite","@id":"https:\/\/dolores.ee\/lv\/#website","url":"https:\/\/dolores.ee\/lv\/","name":"Dolores e-pood","description":"Beauty Shop","publisher":{"@id":"https:\/\/dolores.ee\/lv\/#organization"},"alternateName":"Dolores","potentialAction":[{"@type":"SearchAction","target":{"@type":"EntryPoint","urlTemplate":"https:\/\/dolores.ee\/lv\/?s={search_term_string}"},"query-input":{"@type":"PropertyValueSpecification","valueRequired":true,"valueName":"search_term_string"}}],"inLanguage":"lv-LV"},{"@type":"Organization","@id":"https:\/\/dolores.ee\/lv\/#organization","name":"Dolores O\u00dc","alternateName":"Dolores e-pood","url":"https:\/\/dolores.ee\/lv\/","logo":{"@type":"ImageObject","inLanguage":"lv-LV","@id":"https:\/\/dolores.ee\/lv\/#\/schema\/logo\/image\/","url":"https:\/\/dolores.ee\/wp-content\/uploads\/2025\/04\/logo-1.jpg","contentUrl":"https:\/\/dolores.ee\/wp-content\/uploads\/2025\/04\/logo-1.jpg","width":1951,"height":660,"caption":"Dolores O\u00dc"},"image":{"@id":"https:\/\/dolores.ee\/lv\/#\/schema\/logo\/image\/"},"sameAs":["https:\/\/www.facebook.com\/doloresepood\/"],"description":"Dolores.ee on kaasaegne veebipood, kust leiad tuntud kaubam\u00e4rkide \u2013 GIGI, Anna Lotan, Hikari, Hlavin \u2013 originaalkosmeetikat. Pakume kvaliteetseid hooldustooteid taskukohaste hindadega ja kiire kohaletoimetamisega \u00fcle Eesti. Nahahooldus pole kunagi olnud nii lihtne ja soodne!","email":"dolores@dolores.ee","telephone":"372 644 2440","legalName":"Dolores O\u00dc","foundingDate":"1998-02-09","vatID":"EE100050280","numberOfEmployees":{"@type":"QuantitativeValue","minValue":"11","maxValue":"50"}}]}},"_links":{"self":[{"href":"https:\/\/dolores.ee\/lv\/wp-json\/wp\/v2\/product\/998041","targetHints":{"allow":["GET"]}}],"collection":[{"href":"https:\/\/dolores.ee\/lv\/wp-json\/wp\/v2\/product"}],"about":[{"href":"https:\/\/dolores.ee\/lv\/wp-json\/wp\/v2\/types\/product"}],"replies":[{"embeddable":true,"href":"https:\/\/dolores.ee\/lv\/wp-json\/wp\/v2\/comments?post=998041"}],"version-history":[{"count":0,"href":"https:\/\/dolores.ee\/lv\/wp-json\/wp\/v2\/product\/998041\/revisions"}],"wp:featuredmedia":[{"embeddable":true,"href":"https:\/\/dolores.ee\/lv\/wp-json\/wp\/v2\/media\/996839"}],"wp:attachment":[{"href":"https:\/\/dolores.ee\/lv\/wp-json\/wp\/v2\/media?parent=998041"}],"wp:term":[{"taxonomy":"product_brand","embeddable":true,"href":"https:\/\/dolores.ee\/lv\/wp-json\/wp\/v2\/product_brand?post=998041"},{"taxonomy":"product_cat","embeddable":true,"href":"https:\/\/dolores.ee\/lv\/wp-json\/wp\/v2\/product_cat?post=998041"},{"taxonomy":"product_tag","embeddable":true,"href":"https:\/\/dolores.ee\/lv\/wp-json\/wp\/v2\/product_tag?post=998041"},{"taxonomy":"giftcard-category","embeddable":true,"href":"https:\/\/dolores.ee\/lv\/wp-json\/wp\/v2\/giftcard-category?post=998041"}],"curies":[{"name":"wp","href":"https:\/\/api.w.org\/{rel}","templated":true}]}}