{"id":998043,"date":"2025-03-18T14:50:05","date_gmt":"2025-03-18T12:50:05","guid":{"rendered":"https:\/\/dolores.ee\/product\/anna-lotan-lightening-care-c-white-green-tea-clensing-foam-125-ml\/"},"modified":"2025-07-01T11:06:22","modified_gmt":"2025-07-01T08:06:22","slug":"anna-lotan-lightening-care-c-white-green-tea-clensing-foam-125-ml","status":"publish","type":"product","link":"https:\/\/dolores.ee\/lv\/product\/anna-lotan-lightening-care-c-white-green-tea-clensing-foam-125-ml\/","title":{"rendered":"Anna Lotan Lightening Care C White Green Tea Clensing Foam 125 ml"},"content":{"rendered":"<div class=\"vgblk-rw-wrapper limit-wrapper\">\n<p data-start=\"52\" data-end=\"527\"><strong data-start=\"52\" data-end=\"180\">Maigs att\u012bro\u0161s putas, izgatavotas no ilgtsp\u0113j\u012bg\u0101m dab\u012bg\u0101m sast\u0101vda\u013c\u0101m (bez sulf\u0101tiem un konserv\u0113tas ar dab\u012bgiem l\u012bdzek\u013ciem).<\/strong><br data-start=\"180\" data-end=\"183\" \/>Efekt\u012bvi att\u012bra \u0101du, to nep\u0101rsusinot, atst\u0101jot pat\u012bkami maigu un gludu saj\u016btu.<br data-start=\"261\" data-end=\"264\" \/>Za\u013c\u0101s t\u0113jas ekstrakts darbojas k\u0101 dab\u012bgs antioksidants, kam\u0113r kvie\u0161u prote\u012bni un dab\u012bgi m\u012bkstino\u0161ie l\u012bdzek\u013ci pal\u012bdz m\u012bkstin\u0101t \u0101du, saglab\u0101jot t\u0101s lip\u012bdu barjeru.<br data-start=\"425\" data-end=\"428\" \/>\u0112rts dozators nodro\u0161ina optim\u0101lu daudzumu putu lieto\u0161anai visai sejas zonai.<br data-start=\"504\" data-end=\"507\" \/>Konservants: dab\u012bgs.<\/p>\n<p data-start=\"529\" data-end=\"637\"><strong data-start=\"529\" data-end=\"543\">Lieto\u0161ana:<\/strong> Maigi iemas\u0113jiet <em data-start=\"561\" data-end=\"573\">Anna Lotan<\/em> att\u012bro\u0161\u0101s putas vis\u0101 sejas zon\u0101 un r\u016bp\u012bgi noskalojiet ar \u016bdeni.<\/p>\n<p data-start=\"639\" data-end=\"997\"><strong data-start=\"639\" data-end=\"655\">Sast\u0101vda\u013cas:<\/strong><br data-start=\"655\" data-end=\"658\" \/><em data-start=\"658\" data-end=\"997\">Aqua (Water), Sodium Lauryl Glucose Carboxylate, Lauryl Glucose, Disodium Cocoyl Glutamate, Coco-Glucoside, Glyceryl Oleate, Camellia Sinensis (za\u013c\u0101s t\u0113jas) lapu ekstrakts, Undecylenoyl Glycine, Sodium Cocoyl, Hidroliz\u0113ts kvie\u0161u prote\u012bns, J\u016bras \u016bdens (N\u0101ves j\u016bras miner\u0101l\u016bdens), Lonicera Caprifolium (kaprifolijas) ekstrakts, Smar\u017eviela.<\/em><\/p>\n<\/div>\n<p><!-- .vgblk-rw-wrapper --><\/p>\n","protected":false},"excerpt":{"rendered":"<p>Anna Lotan Lightening Care C White Green Tea Clensing Foam<\/p>\n","protected":false},"featured_media":996830,"comment_status":"closed","ping_status":"closed","template":"","meta":[],"product_brand":[],"product_cat":[660,667,734,673,718,726],"product_tag":[],"giftcard-category":[],"class_list":{"0":"post-998043","1":"product","2":"type-product","3":"status-publish","4":"has-post-thumbnail","6":"product_cat-anna-lotan-lv","7":"product_cat-c-white-lv","8":"product_cat-jaunienes","9":"product_cat-lightening-care-lv","10":"product_cat-sejas-kopsana","11":"product_cat-tirisana","13":"first","14":"instock","15":"taxable","16":"shipping-taxable","17":"purchasable","18":"product-type-simple"},"yoast_head":"<!-- This site is optimized with the Yoast SEO Premium plugin v25.1 (Yoast SEO v25.7) - https:\/\/yoast.com\/wordpress\/plugins\/seo\/ -->\n<title>Anna Lotan Lightening Care C White Green Tea Clensing Foam 125 ml ~ Dolores<\/title>\n<meta name=\"robots\" content=\"index, follow, max-snippet:-1, max-image-preview:large, max-video-preview:-1\" \/>\n<link rel=\"canonical\" href=\"https:\/\/dolores.ee\/lv\/product\/anna-lotan-lightening-care-c-white-green-tea-clensing-foam-125-ml\/\" \/>\n<meta property=\"og:locale\" content=\"lv_LV\" \/>\n<meta property=\"og:type\" content=\"article\" \/>\n<meta property=\"og:title\" content=\"Anna Lotan Lightening Care C White Green Tea Clensing Foam 125 ml\" \/>\n<meta property=\"og:description\" content=\"Anna Lotan Lightening Care C White Green Tea Clensing Foam\" \/>\n<meta property=\"og:url\" content=\"https:\/\/dolores.ee\/lv\/product\/anna-lotan-lightening-care-c-white-green-tea-clensing-foam-125-ml\/\" \/>\n<meta property=\"og:site_name\" content=\"Dolores\" \/>\n<meta property=\"article:publisher\" content=\"https:\/\/www.facebook.com\/doloresepood\/\" \/>\n<meta property=\"article:modified_time\" content=\"2025-07-01T08:06:22+00:00\" \/>\n<meta property=\"og:image\" content=\"https:\/\/dolores.ee\/wp-content\/uploads\/2025\/03\/green-tea-cleansing-foam-c-white-anna-lotan.jpg\" \/>\n\t<meta property=\"og:image:width\" content=\"500\" \/>\n\t<meta property=\"og:image:height\" content=\"500\" \/>\n\t<meta property=\"og:image:type\" content=\"image\/jpeg\" \/>\n<meta name=\"twitter:card\" content=\"summary_large_image\" \/>\n<meta name=\"twitter:label1\" content=\"Est. reading time\" \/>\n\t<meta name=\"twitter:data1\" content=\"1 minute\" \/>\n<script type=\"application\/ld+json\" class=\"yoast-schema-graph\">{\"@context\":\"https:\/\/schema.org\",\"@graph\":[{\"@type\":\"WebPage\",\"@id\":\"https:\/\/dolores.ee\/lv\/product\/anna-lotan-lightening-care-c-white-green-tea-clensing-foam-125-ml\/\",\"url\":\"https:\/\/dolores.ee\/lv\/product\/anna-lotan-lightening-care-c-white-green-tea-clensing-foam-125-ml\/\",\"name\":\"Anna Lotan Lightening Care C White Green Tea Clensing Foam 125 ml ~ Dolores\",\"isPartOf\":{\"@id\":\"https:\/\/dolores.ee\/lv\/#website\"},\"primaryImageOfPage\":{\"@id\":\"https:\/\/dolores.ee\/lv\/product\/anna-lotan-lightening-care-c-white-green-tea-clensing-foam-125-ml\/#primaryimage\"},\"image\":{\"@id\":\"https:\/\/dolores.ee\/lv\/product\/anna-lotan-lightening-care-c-white-green-tea-clensing-foam-125-ml\/#primaryimage\"},\"thumbnailUrl\":\"https:\/\/dolores.ee\/wp-content\/uploads\/2025\/03\/green-tea-cleansing-foam-c-white-anna-lotan.jpg\",\"datePublished\":\"2025-03-18T12:50:05+00:00\",\"dateModified\":\"2025-07-01T08:06:22+00:00\",\"breadcrumb\":{\"@id\":\"https:\/\/dolores.ee\/lv\/product\/anna-lotan-lightening-care-c-white-green-tea-clensing-foam-125-ml\/#breadcrumb\"},\"inLanguage\":\"lv-LV\",\"potentialAction\":[{\"@type\":\"ReadAction\",\"target\":[\"https:\/\/dolores.ee\/lv\/product\/anna-lotan-lightening-care-c-white-green-tea-clensing-foam-125-ml\/\"]}]},{\"@type\":\"ImageObject\",\"inLanguage\":\"lv-LV\",\"@id\":\"https:\/\/dolores.ee\/lv\/product\/anna-lotan-lightening-care-c-white-green-tea-clensing-foam-125-ml\/#primaryimage\",\"url\":\"https:\/\/dolores.ee\/wp-content\/uploads\/2025\/03\/green-tea-cleansing-foam-c-white-anna-lotan.jpg\",\"contentUrl\":\"https:\/\/dolores.ee\/wp-content\/uploads\/2025\/03\/green-tea-cleansing-foam-c-white-anna-lotan.jpg\",\"width\":500,\"height\":500},{\"@type\":\"BreadcrumbList\",\"@id\":\"https:\/\/dolores.ee\/lv\/product\/anna-lotan-lightening-care-c-white-green-tea-clensing-foam-125-ml\/#breadcrumb\",\"itemListElement\":[{\"@type\":\"ListItem\",\"position\":1,\"name\":\"Home\",\"item\":\"https:\/\/dolores.ee\/lv\/\"},{\"@type\":\"ListItem\",\"position\":2,\"name\":\"E-veikals\",\"item\":\"https:\/\/dolores.ee\/lv\/e-veikals\/\"},{\"@type\":\"ListItem\",\"position\":3,\"name\":\"Anna Lotan Lightening Care C White Green Tea Clensing Foam 125 ml\"}]},{\"@type\":\"WebSite\",\"@id\":\"https:\/\/dolores.ee\/lv\/#website\",\"url\":\"https:\/\/dolores.ee\/lv\/\",\"name\":\"Dolores e-pood\",\"description\":\"Beauty Shop\",\"publisher\":{\"@id\":\"https:\/\/dolores.ee\/lv\/#organization\"},\"alternateName\":\"Dolores\",\"potentialAction\":[{\"@type\":\"SearchAction\",\"target\":{\"@type\":\"EntryPoint\",\"urlTemplate\":\"https:\/\/dolores.ee\/lv\/?s={search_term_string}\"},\"query-input\":{\"@type\":\"PropertyValueSpecification\",\"valueRequired\":true,\"valueName\":\"search_term_string\"}}],\"inLanguage\":\"lv-LV\"},{\"@type\":\"Organization\",\"@id\":\"https:\/\/dolores.ee\/lv\/#organization\",\"name\":\"Dolores O\u00dc\",\"alternateName\":\"Dolores e-pood\",\"url\":\"https:\/\/dolores.ee\/lv\/\",\"logo\":{\"@type\":\"ImageObject\",\"inLanguage\":\"lv-LV\",\"@id\":\"https:\/\/dolores.ee\/lv\/#\/schema\/logo\/image\/\",\"url\":\"https:\/\/dolores.ee\/wp-content\/uploads\/2025\/04\/logo-1.jpg\",\"contentUrl\":\"https:\/\/dolores.ee\/wp-content\/uploads\/2025\/04\/logo-1.jpg\",\"width\":1951,\"height\":660,\"caption\":\"Dolores O\u00dc\"},\"image\":{\"@id\":\"https:\/\/dolores.ee\/lv\/#\/schema\/logo\/image\/\"},\"sameAs\":[\"https:\/\/www.facebook.com\/doloresepood\/\"],\"description\":\"Dolores.ee on kaasaegne veebipood, kust leiad tuntud kaubam\u00e4rkide \u2013 GIGI, Anna Lotan, Hikari, Hlavin \u2013 originaalkosmeetikat. Pakume kvaliteetseid hooldustooteid taskukohaste hindadega ja kiire kohaletoimetamisega \u00fcle Eesti. Nahahooldus pole kunagi olnud nii lihtne ja soodne!\",\"email\":\"dolores@dolores.ee\",\"telephone\":\"372 644 2440\",\"legalName\":\"Dolores O\u00dc\",\"foundingDate\":\"1998-02-09\",\"vatID\":\"EE100050280\",\"numberOfEmployees\":{\"@type\":\"QuantitativeValue\",\"minValue\":\"11\",\"maxValue\":\"50\"}}]}<\/script>\n<!-- \/ Yoast SEO Premium plugin. -->","yoast_head_json":{"title":"Anna Lotan Lightening Care C White Green Tea Clensing Foam 125 ml ~ Dolores","robots":{"index":"index","follow":"follow","max-snippet":"max-snippet:-1","max-image-preview":"max-image-preview:large","max-video-preview":"max-video-preview:-1"},"canonical":"https:\/\/dolores.ee\/lv\/product\/anna-lotan-lightening-care-c-white-green-tea-clensing-foam-125-ml\/","og_locale":"lv_LV","og_type":"article","og_title":"Anna Lotan Lightening Care C White Green Tea Clensing Foam 125 ml","og_description":"Anna Lotan Lightening Care C White Green Tea Clensing Foam","og_url":"https:\/\/dolores.ee\/lv\/product\/anna-lotan-lightening-care-c-white-green-tea-clensing-foam-125-ml\/","og_site_name":"Dolores","article_publisher":"https:\/\/www.facebook.com\/doloresepood\/","article_modified_time":"2025-07-01T08:06:22+00:00","og_image":[{"width":500,"height":500,"url":"https:\/\/dolores.ee\/wp-content\/uploads\/2025\/03\/green-tea-cleansing-foam-c-white-anna-lotan.jpg","type":"image\/jpeg"}],"twitter_card":"summary_large_image","twitter_misc":{"Est. reading time":"1 minute"},"schema":{"@context":"https:\/\/schema.org","@graph":[{"@type":"WebPage","@id":"https:\/\/dolores.ee\/lv\/product\/anna-lotan-lightening-care-c-white-green-tea-clensing-foam-125-ml\/","url":"https:\/\/dolores.ee\/lv\/product\/anna-lotan-lightening-care-c-white-green-tea-clensing-foam-125-ml\/","name":"Anna Lotan Lightening Care C White Green Tea Clensing Foam 125 ml ~ Dolores","isPartOf":{"@id":"https:\/\/dolores.ee\/lv\/#website"},"primaryImageOfPage":{"@id":"https:\/\/dolores.ee\/lv\/product\/anna-lotan-lightening-care-c-white-green-tea-clensing-foam-125-ml\/#primaryimage"},"image":{"@id":"https:\/\/dolores.ee\/lv\/product\/anna-lotan-lightening-care-c-white-green-tea-clensing-foam-125-ml\/#primaryimage"},"thumbnailUrl":"https:\/\/dolores.ee\/wp-content\/uploads\/2025\/03\/green-tea-cleansing-foam-c-white-anna-lotan.jpg","datePublished":"2025-03-18T12:50:05+00:00","dateModified":"2025-07-01T08:06:22+00:00","breadcrumb":{"@id":"https:\/\/dolores.ee\/lv\/product\/anna-lotan-lightening-care-c-white-green-tea-clensing-foam-125-ml\/#breadcrumb"},"inLanguage":"lv-LV","potentialAction":[{"@type":"ReadAction","target":["https:\/\/dolores.ee\/lv\/product\/anna-lotan-lightening-care-c-white-green-tea-clensing-foam-125-ml\/"]}]},{"@type":"ImageObject","inLanguage":"lv-LV","@id":"https:\/\/dolores.ee\/lv\/product\/anna-lotan-lightening-care-c-white-green-tea-clensing-foam-125-ml\/#primaryimage","url":"https:\/\/dolores.ee\/wp-content\/uploads\/2025\/03\/green-tea-cleansing-foam-c-white-anna-lotan.jpg","contentUrl":"https:\/\/dolores.ee\/wp-content\/uploads\/2025\/03\/green-tea-cleansing-foam-c-white-anna-lotan.jpg","width":500,"height":500},{"@type":"BreadcrumbList","@id":"https:\/\/dolores.ee\/lv\/product\/anna-lotan-lightening-care-c-white-green-tea-clensing-foam-125-ml\/#breadcrumb","itemListElement":[{"@type":"ListItem","position":1,"name":"Home","item":"https:\/\/dolores.ee\/lv\/"},{"@type":"ListItem","position":2,"name":"E-veikals","item":"https:\/\/dolores.ee\/lv\/e-veikals\/"},{"@type":"ListItem","position":3,"name":"Anna Lotan Lightening Care C White Green Tea Clensing Foam 125 ml"}]},{"@type":"WebSite","@id":"https:\/\/dolores.ee\/lv\/#website","url":"https:\/\/dolores.ee\/lv\/","name":"Dolores e-pood","description":"Beauty Shop","publisher":{"@id":"https:\/\/dolores.ee\/lv\/#organization"},"alternateName":"Dolores","potentialAction":[{"@type":"SearchAction","target":{"@type":"EntryPoint","urlTemplate":"https:\/\/dolores.ee\/lv\/?s={search_term_string}"},"query-input":{"@type":"PropertyValueSpecification","valueRequired":true,"valueName":"search_term_string"}}],"inLanguage":"lv-LV"},{"@type":"Organization","@id":"https:\/\/dolores.ee\/lv\/#organization","name":"Dolores O\u00dc","alternateName":"Dolores e-pood","url":"https:\/\/dolores.ee\/lv\/","logo":{"@type":"ImageObject","inLanguage":"lv-LV","@id":"https:\/\/dolores.ee\/lv\/#\/schema\/logo\/image\/","url":"https:\/\/dolores.ee\/wp-content\/uploads\/2025\/04\/logo-1.jpg","contentUrl":"https:\/\/dolores.ee\/wp-content\/uploads\/2025\/04\/logo-1.jpg","width":1951,"height":660,"caption":"Dolores O\u00dc"},"image":{"@id":"https:\/\/dolores.ee\/lv\/#\/schema\/logo\/image\/"},"sameAs":["https:\/\/www.facebook.com\/doloresepood\/"],"description":"Dolores.ee on kaasaegne veebipood, kust leiad tuntud kaubam\u00e4rkide \u2013 GIGI, Anna Lotan, Hikari, Hlavin \u2013 originaalkosmeetikat. Pakume kvaliteetseid hooldustooteid taskukohaste hindadega ja kiire kohaletoimetamisega \u00fcle Eesti. Nahahooldus pole kunagi olnud nii lihtne ja soodne!","email":"dolores@dolores.ee","telephone":"372 644 2440","legalName":"Dolores O\u00dc","foundingDate":"1998-02-09","vatID":"EE100050280","numberOfEmployees":{"@type":"QuantitativeValue","minValue":"11","maxValue":"50"}}]}},"_links":{"self":[{"href":"https:\/\/dolores.ee\/lv\/wp-json\/wp\/v2\/product\/998043","targetHints":{"allow":["GET"]}}],"collection":[{"href":"https:\/\/dolores.ee\/lv\/wp-json\/wp\/v2\/product"}],"about":[{"href":"https:\/\/dolores.ee\/lv\/wp-json\/wp\/v2\/types\/product"}],"replies":[{"embeddable":true,"href":"https:\/\/dolores.ee\/lv\/wp-json\/wp\/v2\/comments?post=998043"}],"version-history":[{"count":0,"href":"https:\/\/dolores.ee\/lv\/wp-json\/wp\/v2\/product\/998043\/revisions"}],"wp:featuredmedia":[{"embeddable":true,"href":"https:\/\/dolores.ee\/lv\/wp-json\/wp\/v2\/media\/996830"}],"wp:attachment":[{"href":"https:\/\/dolores.ee\/lv\/wp-json\/wp\/v2\/media?parent=998043"}],"wp:term":[{"taxonomy":"product_brand","embeddable":true,"href":"https:\/\/dolores.ee\/lv\/wp-json\/wp\/v2\/product_brand?post=998043"},{"taxonomy":"product_cat","embeddable":true,"href":"https:\/\/dolores.ee\/lv\/wp-json\/wp\/v2\/product_cat?post=998043"},{"taxonomy":"product_tag","embeddable":true,"href":"https:\/\/dolores.ee\/lv\/wp-json\/wp\/v2\/product_tag?post=998043"},{"taxonomy":"giftcard-category","embeddable":true,"href":"https:\/\/dolores.ee\/lv\/wp-json\/wp\/v2\/giftcard-category?post=998043"}],"curies":[{"name":"wp","href":"https:\/\/api.w.org\/{rel}","templated":true}]}}