{"id":998045,"date":"2025-03-18T14:39:32","date_gmt":"2025-03-18T12:39:32","guid":{"rendered":"https:\/\/dolores.ee\/product\/anna-lotan-lightening-care-c-white-night-cream-75-ml\/"},"modified":"2025-07-01T11:06:22","modified_gmt":"2025-07-01T08:06:22","slug":"anna-lotan-lightening-care-c-white-night-cream-75-ml","status":"publish","type":"product","link":"https:\/\/dolores.ee\/lv\/product\/anna-lotan-lightening-care-c-white-night-cream-75-ml\/","title":{"rendered":"Anna Lotan Lightening Care C White Night Cream 75 ml"},"content":{"rendered":"<div class=\"vgblk-rw-wrapper limit-wrapper\">\n<p data-start=\"52\" data-end=\"423\"><strong data-start=\"52\" data-end=\"190\">\u0100du izgaismojo\u0161s nakts kr\u0113ms, bag\u0101tin\u0101ts ar sp\u0113c\u012bg\u0101m e\u013c\u013c\u0101m un \u016bden\u012b \u0161\u0137\u012bsto\u0161iem antioksidantiem, kas samazina br\u012bvo radik\u0101\u013cu boj\u0101jumus.<\/strong><br data-start=\"190\" data-end=\"193\" \/>\u0160is nakts kr\u0113ms, kas satur E vitam\u012bnu, C vitam\u012bna esteru, za\u013c\u0101s t\u0113jas ekstraktu un s\u0101\u013c\u016bdens a\u013c\u0123u Dunaliella Salina ekstraktu, pal\u012bdz mazin\u0101t br\u012bvo radik\u0101\u013cu kait\u0113jumu \u2014 vienu no galvenajiem pigment\u0101cijas trauc\u0113jumu riska faktoriem.<\/p>\n<p data-start=\"425\" data-end=\"694\"><strong data-start=\"425\" data-end=\"439\">Lieto\u0161ana:<\/strong> Lietojiet katru vakaru uz att\u012br\u012btas \u0101das. Maigi iemas\u0113jiet \u012bpa\u0161i pigment\u0101cijas skartaj\u0101s zon\u0101s l\u012bdz kr\u0113ms piln\u012bb\u0101 ies\u016bcas.<br data-start=\"562\" data-end=\"565\" \/>Lai sasniegtu maksim\u0101lu efektu, DIENA laik\u0101 OBLIG\u0100TI lietojiet efekt\u012bvu pla\u0161a spektra saules aizsargkr\u0113mu ar SPF 30 vai augst\u0101ku.<\/p>\n<p data-start=\"696\" data-end=\"1573\"><strong data-start=\"696\" data-end=\"712\">Sast\u0101vda\u013cas:<\/strong><br data-start=\"712\" data-end=\"715\" \/><em data-start=\"715\" data-end=\"1573\">Aqua (Water), Dicaprylyl Ether, Cetyl Alcohol, PEG-4, Glycerin, Glyceryl Stearate SE, Cetearyl Alcohol, Glycol Palmitate, Ethylhexyl Stearate, Cetearyl Ethylhexanoate, Caprylic\/Capric Triglyceride, Dimethicone, Tapioca Starch, Lactic Acid, Olus (Vegetable Oil), Kojic Acid, Butylene Glycol, Morus Bombycis Root Extract, Glycyrrhiza Glabra (Licorice) Root Extract, Arctostaphylos Uva Ursi Leaf Extract, Hydrogenated Vegetable Oil, Ascorbyl Tetraisopalmitate, Simmondsia Chinensis (Jojoba) Seed Oil, Benzoic Acid, Dehydroacetic Acid, Cyclopentasiloxane, Phenoxyethanol, Sodium Cetearyl Sulfate, Tocopheryl Acetate, Sodium Phytate, Sodium Hydroxide, Euphorbia Cerifera (Candelilla) Wax, Tocopherol, Camellia Sinensis Leaf Extract, Beta-Sitosterol, Squalene, Squalane, Sodium Hyaluronate, Alcohol, Parfum (Fragrance), Hexyl Cinnamal, Dunaliella Salina Extract.<\/em><\/p>\n<\/div>\n<p><!-- .vgblk-rw-wrapper --><\/p>\n","protected":false},"excerpt":{"rendered":"<p>Anna Lotan Lightening Care C White Night Cream<\/p>\n","protected":false},"featured_media":996821,"comment_status":"closed","ping_status":"closed","template":"","meta":[],"product_brand":[],"product_cat":[660,774,667,734,673,730,718,724],"product_tag":[],"giftcard-category":[],"class_list":{"0":"post-998045","1":"product","2":"type-product","3":"status-publish","4":"has-post-thumbnail","6":"product_cat-anna-lotan-lv","7":"product_cat-bf2025-lv","8":"product_cat-c-white-lv","9":"product_cat-jaunienes","10":"product_cat-lightening-care-lv","11":"product_cat-nakts-krems","12":"product_cat-sejas-kopsana","13":"product_cat-sejas-krems","15":"first","16":"instock","17":"taxable","18":"shipping-taxable","19":"purchasable","20":"product-type-simple"},"yoast_head":"<!-- This site is optimized with the Yoast SEO Premium plugin v25.1 (Yoast SEO v25.7) - https:\/\/yoast.com\/wordpress\/plugins\/seo\/ -->\n<title>Anna Lotan Lightening Care C White Night Cream 75 ml ~ Dolores<\/title>\n<meta name=\"robots\" content=\"index, follow, max-snippet:-1, max-image-preview:large, max-video-preview:-1\" \/>\n<link rel=\"canonical\" href=\"https:\/\/dolores.ee\/lv\/product\/anna-lotan-lightening-care-c-white-night-cream-75-ml\/\" \/>\n<meta property=\"og:locale\" content=\"lv_LV\" \/>\n<meta property=\"og:type\" content=\"article\" \/>\n<meta property=\"og:title\" content=\"Anna Lotan Lightening Care C White Night Cream 75 ml\" \/>\n<meta property=\"og:description\" content=\"Anna Lotan Lightening Care C White Night Cream\" \/>\n<meta property=\"og:url\" content=\"https:\/\/dolores.ee\/lv\/product\/anna-lotan-lightening-care-c-white-night-cream-75-ml\/\" \/>\n<meta property=\"og:site_name\" content=\"Dolores\" \/>\n<meta property=\"article:publisher\" content=\"https:\/\/www.facebook.com\/doloresepood\/\" \/>\n<meta property=\"article:modified_time\" content=\"2025-07-01T08:06:22+00:00\" \/>\n<meta property=\"og:image\" content=\"https:\/\/dolores.ee\/wp-content\/uploads\/2025\/05\/seo.jpg\" \/>\n\t<meta property=\"og:image:width\" content=\"1200\" \/>\n\t<meta property=\"og:image:height\" content=\"675\" \/>\n\t<meta property=\"og:image:type\" content=\"image\/jpeg\" \/>\n<meta name=\"twitter:card\" content=\"summary_large_image\" \/>\n<meta name=\"twitter:label1\" content=\"Est. reading time\" \/>\n\t<meta name=\"twitter:data1\" content=\"1 minute\" \/>\n<script type=\"application\/ld+json\" class=\"yoast-schema-graph\">{\"@context\":\"https:\/\/schema.org\",\"@graph\":[{\"@type\":\"WebPage\",\"@id\":\"https:\/\/dolores.ee\/lv\/product\/anna-lotan-lightening-care-c-white-night-cream-75-ml\/\",\"url\":\"https:\/\/dolores.ee\/lv\/product\/anna-lotan-lightening-care-c-white-night-cream-75-ml\/\",\"name\":\"Anna Lotan Lightening Care C White Night Cream 75 ml ~ Dolores\",\"isPartOf\":{\"@id\":\"https:\/\/dolores.ee\/lv\/#website\"},\"primaryImageOfPage\":{\"@id\":\"https:\/\/dolores.ee\/lv\/product\/anna-lotan-lightening-care-c-white-night-cream-75-ml\/#primaryimage\"},\"image\":{\"@id\":\"https:\/\/dolores.ee\/lv\/product\/anna-lotan-lightening-care-c-white-night-cream-75-ml\/#primaryimage\"},\"thumbnailUrl\":\"https:\/\/dolores.ee\/wp-content\/uploads\/2025\/03\/skin-brightening-night-cream-c-white-anna-lotan.jpg\",\"datePublished\":\"2025-03-18T12:39:32+00:00\",\"dateModified\":\"2025-07-01T08:06:22+00:00\",\"breadcrumb\":{\"@id\":\"https:\/\/dolores.ee\/lv\/product\/anna-lotan-lightening-care-c-white-night-cream-75-ml\/#breadcrumb\"},\"inLanguage\":\"lv-LV\",\"potentialAction\":[{\"@type\":\"ReadAction\",\"target\":[\"https:\/\/dolores.ee\/lv\/product\/anna-lotan-lightening-care-c-white-night-cream-75-ml\/\"]}]},{\"@type\":\"ImageObject\",\"inLanguage\":\"lv-LV\",\"@id\":\"https:\/\/dolores.ee\/lv\/product\/anna-lotan-lightening-care-c-white-night-cream-75-ml\/#primaryimage\",\"url\":\"https:\/\/dolores.ee\/wp-content\/uploads\/2025\/03\/skin-brightening-night-cream-c-white-anna-lotan.jpg\",\"contentUrl\":\"https:\/\/dolores.ee\/wp-content\/uploads\/2025\/03\/skin-brightening-night-cream-c-white-anna-lotan.jpg\",\"width\":500,\"height\":500},{\"@type\":\"BreadcrumbList\",\"@id\":\"https:\/\/dolores.ee\/lv\/product\/anna-lotan-lightening-care-c-white-night-cream-75-ml\/#breadcrumb\",\"itemListElement\":[{\"@type\":\"ListItem\",\"position\":1,\"name\":\"Home\",\"item\":\"https:\/\/dolores.ee\/lv\/\"},{\"@type\":\"ListItem\",\"position\":2,\"name\":\"E-veikals\",\"item\":\"https:\/\/dolores.ee\/lv\/e-veikals\/\"},{\"@type\":\"ListItem\",\"position\":3,\"name\":\"Anna Lotan Lightening Care C White Night Cream 75 ml\"}]},{\"@type\":\"WebSite\",\"@id\":\"https:\/\/dolores.ee\/lv\/#website\",\"url\":\"https:\/\/dolores.ee\/lv\/\",\"name\":\"Dolores e-pood\",\"description\":\"Beauty Shop\",\"publisher\":{\"@id\":\"https:\/\/dolores.ee\/lv\/#organization\"},\"alternateName\":\"Dolores\",\"potentialAction\":[{\"@type\":\"SearchAction\",\"target\":{\"@type\":\"EntryPoint\",\"urlTemplate\":\"https:\/\/dolores.ee\/lv\/?s={search_term_string}\"},\"query-input\":{\"@type\":\"PropertyValueSpecification\",\"valueRequired\":true,\"valueName\":\"search_term_string\"}}],\"inLanguage\":\"lv-LV\"},{\"@type\":\"Organization\",\"@id\":\"https:\/\/dolores.ee\/lv\/#organization\",\"name\":\"Dolores O\u00dc\",\"alternateName\":\"Dolores e-pood\",\"url\":\"https:\/\/dolores.ee\/lv\/\",\"logo\":{\"@type\":\"ImageObject\",\"inLanguage\":\"lv-LV\",\"@id\":\"https:\/\/dolores.ee\/lv\/#\/schema\/logo\/image\/\",\"url\":\"https:\/\/dolores.ee\/wp-content\/uploads\/2025\/04\/logo-1.jpg\",\"contentUrl\":\"https:\/\/dolores.ee\/wp-content\/uploads\/2025\/04\/logo-1.jpg\",\"width\":1951,\"height\":660,\"caption\":\"Dolores O\u00dc\"},\"image\":{\"@id\":\"https:\/\/dolores.ee\/lv\/#\/schema\/logo\/image\/\"},\"sameAs\":[\"https:\/\/www.facebook.com\/doloresepood\/\"],\"description\":\"Dolores.ee on kaasaegne veebipood, kust leiad tuntud kaubam\u00e4rkide \u2013 GIGI, Anna Lotan, Hikari, Hlavin \u2013 originaalkosmeetikat. Pakume kvaliteetseid hooldustooteid taskukohaste hindadega ja kiire kohaletoimetamisega \u00fcle Eesti. Nahahooldus pole kunagi olnud nii lihtne ja soodne!\",\"email\":\"dolores@dolores.ee\",\"telephone\":\"372 644 2440\",\"legalName\":\"Dolores O\u00dc\",\"foundingDate\":\"1998-02-09\",\"vatID\":\"EE100050280\",\"numberOfEmployees\":{\"@type\":\"QuantitativeValue\",\"minValue\":\"11\",\"maxValue\":\"50\"}}]}<\/script>\n<!-- \/ Yoast SEO Premium plugin. -->","yoast_head_json":{"title":"Anna Lotan Lightening Care C White Night Cream 75 ml ~ Dolores","robots":{"index":"index","follow":"follow","max-snippet":"max-snippet:-1","max-image-preview":"max-image-preview:large","max-video-preview":"max-video-preview:-1"},"canonical":"https:\/\/dolores.ee\/lv\/product\/anna-lotan-lightening-care-c-white-night-cream-75-ml\/","og_locale":"lv_LV","og_type":"article","og_title":"Anna Lotan Lightening Care C White Night Cream 75 ml","og_description":"Anna Lotan Lightening Care C White Night Cream","og_url":"https:\/\/dolores.ee\/lv\/product\/anna-lotan-lightening-care-c-white-night-cream-75-ml\/","og_site_name":"Dolores","article_publisher":"https:\/\/www.facebook.com\/doloresepood\/","article_modified_time":"2025-07-01T08:06:22+00:00","og_image":[{"width":1200,"height":675,"url":"https:\/\/dolores.ee\/wp-content\/uploads\/2025\/05\/seo.jpg","type":"image\/jpeg"}],"twitter_card":"summary_large_image","twitter_misc":{"Est. reading time":"1 minute"},"schema":{"@context":"https:\/\/schema.org","@graph":[{"@type":"WebPage","@id":"https:\/\/dolores.ee\/lv\/product\/anna-lotan-lightening-care-c-white-night-cream-75-ml\/","url":"https:\/\/dolores.ee\/lv\/product\/anna-lotan-lightening-care-c-white-night-cream-75-ml\/","name":"Anna Lotan Lightening Care C White Night Cream 75 ml ~ Dolores","isPartOf":{"@id":"https:\/\/dolores.ee\/lv\/#website"},"primaryImageOfPage":{"@id":"https:\/\/dolores.ee\/lv\/product\/anna-lotan-lightening-care-c-white-night-cream-75-ml\/#primaryimage"},"image":{"@id":"https:\/\/dolores.ee\/lv\/product\/anna-lotan-lightening-care-c-white-night-cream-75-ml\/#primaryimage"},"thumbnailUrl":"https:\/\/dolores.ee\/wp-content\/uploads\/2025\/03\/skin-brightening-night-cream-c-white-anna-lotan.jpg","datePublished":"2025-03-18T12:39:32+00:00","dateModified":"2025-07-01T08:06:22+00:00","breadcrumb":{"@id":"https:\/\/dolores.ee\/lv\/product\/anna-lotan-lightening-care-c-white-night-cream-75-ml\/#breadcrumb"},"inLanguage":"lv-LV","potentialAction":[{"@type":"ReadAction","target":["https:\/\/dolores.ee\/lv\/product\/anna-lotan-lightening-care-c-white-night-cream-75-ml\/"]}]},{"@type":"ImageObject","inLanguage":"lv-LV","@id":"https:\/\/dolores.ee\/lv\/product\/anna-lotan-lightening-care-c-white-night-cream-75-ml\/#primaryimage","url":"https:\/\/dolores.ee\/wp-content\/uploads\/2025\/03\/skin-brightening-night-cream-c-white-anna-lotan.jpg","contentUrl":"https:\/\/dolores.ee\/wp-content\/uploads\/2025\/03\/skin-brightening-night-cream-c-white-anna-lotan.jpg","width":500,"height":500},{"@type":"BreadcrumbList","@id":"https:\/\/dolores.ee\/lv\/product\/anna-lotan-lightening-care-c-white-night-cream-75-ml\/#breadcrumb","itemListElement":[{"@type":"ListItem","position":1,"name":"Home","item":"https:\/\/dolores.ee\/lv\/"},{"@type":"ListItem","position":2,"name":"E-veikals","item":"https:\/\/dolores.ee\/lv\/e-veikals\/"},{"@type":"ListItem","position":3,"name":"Anna Lotan Lightening Care C White Night Cream 75 ml"}]},{"@type":"WebSite","@id":"https:\/\/dolores.ee\/lv\/#website","url":"https:\/\/dolores.ee\/lv\/","name":"Dolores e-pood","description":"Beauty Shop","publisher":{"@id":"https:\/\/dolores.ee\/lv\/#organization"},"alternateName":"Dolores","potentialAction":[{"@type":"SearchAction","target":{"@type":"EntryPoint","urlTemplate":"https:\/\/dolores.ee\/lv\/?s={search_term_string}"},"query-input":{"@type":"PropertyValueSpecification","valueRequired":true,"valueName":"search_term_string"}}],"inLanguage":"lv-LV"},{"@type":"Organization","@id":"https:\/\/dolores.ee\/lv\/#organization","name":"Dolores O\u00dc","alternateName":"Dolores e-pood","url":"https:\/\/dolores.ee\/lv\/","logo":{"@type":"ImageObject","inLanguage":"lv-LV","@id":"https:\/\/dolores.ee\/lv\/#\/schema\/logo\/image\/","url":"https:\/\/dolores.ee\/wp-content\/uploads\/2025\/04\/logo-1.jpg","contentUrl":"https:\/\/dolores.ee\/wp-content\/uploads\/2025\/04\/logo-1.jpg","width":1951,"height":660,"caption":"Dolores O\u00dc"},"image":{"@id":"https:\/\/dolores.ee\/lv\/#\/schema\/logo\/image\/"},"sameAs":["https:\/\/www.facebook.com\/doloresepood\/"],"description":"Dolores.ee on kaasaegne veebipood, kust leiad tuntud kaubam\u00e4rkide \u2013 GIGI, Anna Lotan, Hikari, Hlavin \u2013 originaalkosmeetikat. Pakume kvaliteetseid hooldustooteid taskukohaste hindadega ja kiire kohaletoimetamisega \u00fcle Eesti. Nahahooldus pole kunagi olnud nii lihtne ja soodne!","email":"dolores@dolores.ee","telephone":"372 644 2440","legalName":"Dolores O\u00dc","foundingDate":"1998-02-09","vatID":"EE100050280","numberOfEmployees":{"@type":"QuantitativeValue","minValue":"11","maxValue":"50"}}]}},"_links":{"self":[{"href":"https:\/\/dolores.ee\/lv\/wp-json\/wp\/v2\/product\/998045","targetHints":{"allow":["GET"]}}],"collection":[{"href":"https:\/\/dolores.ee\/lv\/wp-json\/wp\/v2\/product"}],"about":[{"href":"https:\/\/dolores.ee\/lv\/wp-json\/wp\/v2\/types\/product"}],"replies":[{"embeddable":true,"href":"https:\/\/dolores.ee\/lv\/wp-json\/wp\/v2\/comments?post=998045"}],"version-history":[{"count":0,"href":"https:\/\/dolores.ee\/lv\/wp-json\/wp\/v2\/product\/998045\/revisions"}],"wp:featuredmedia":[{"embeddable":true,"href":"https:\/\/dolores.ee\/lv\/wp-json\/wp\/v2\/media\/996821"}],"wp:attachment":[{"href":"https:\/\/dolores.ee\/lv\/wp-json\/wp\/v2\/media?parent=998045"}],"wp:term":[{"taxonomy":"product_brand","embeddable":true,"href":"https:\/\/dolores.ee\/lv\/wp-json\/wp\/v2\/product_brand?post=998045"},{"taxonomy":"product_cat","embeddable":true,"href":"https:\/\/dolores.ee\/lv\/wp-json\/wp\/v2\/product_cat?post=998045"},{"taxonomy":"product_tag","embeddable":true,"href":"https:\/\/dolores.ee\/lv\/wp-json\/wp\/v2\/product_tag?post=998045"},{"taxonomy":"giftcard-category","embeddable":true,"href":"https:\/\/dolores.ee\/lv\/wp-json\/wp\/v2\/giftcard-category?post=998045"}],"curies":[{"name":"wp","href":"https:\/\/api.w.org\/{rel}","templated":true}]}}