{"id":998059,"date":"2024-12-04T10:53:05","date_gmt":"2024-12-04T08:53:05","guid":{"rendered":"https:\/\/dolores.ee\/product\/gigi-vitamin-e-the-antioxidant-duo-50-ml-50-ml\/"},"modified":"2025-07-01T11:06:22","modified_gmt":"2025-07-01T08:06:22","slug":"gigi-vitamin-e-the-antioxidant-duo-50-ml-50-ml","status":"publish","type":"product","link":"https:\/\/dolores.ee\/lv\/product\/gigi-vitamin-e-the-antioxidant-duo-50-ml-50-ml\/","title":{"rendered":"GIGI Vitamin E The Antioxidant Duo 50 ml + 50 ml"},"content":{"rendered":"<div class=\"vgblk-rw-wrapper limit-wrapper\">\n<h3 data-start=\"96\" data-end=\"164\"><strong>GIGI Vitamin E Hydratant SPF-20 norm\u0101lai l\u012bdz sausai \u0101dai, 50 ml<\/strong><\/h3>\n<p data-start=\"166\" data-end=\"241\">Viegls, \u0101tri uzs\u016bco\u0161s tr\u012bsk\u0101r\u0161as iedarb\u012bbas kr\u0113ms norm\u0101lai vai sausai \u0101dai.<\/p>\n<p data-start=\"243\" data-end=\"520\">\u012apa\u0161i maigs kr\u0113ms ar unik\u0101lu sast\u0101vu, kura pamat\u0101 ir dab\u012bgs mikroenkapsul\u0113ts E vitam\u012bns. Viegli uzs\u016bcas, mitrina un m\u012bkstina \u0101du. Darbojas k\u0101 sp\u0113c\u012bgs antioksidants. Satur saules aizsardz\u012bbas faktoru SPF 17, kas aizsarg\u0101 no saules boj\u0101jumiem un br\u012bvo radik\u0101\u013cu rad\u012btas kait\u0113juma.<\/p>\n<p data-start=\"522\" data-end=\"660\">Lavandas un kumel\u012btes ekstrakti nodro\u0161ina pretiekaisuma, br\u016b\u010du dziedino\u0161u, nomierino\u0161u un atjaunojo\u0161u iedarb\u012bbu. Nov\u0113r\u0161 grumbu veido\u0161anos.<\/p>\n<p data-start=\"662\" data-end=\"786\"><strong data-start=\"662\" data-end=\"676\">Lieto\u0161ana:<\/strong> Iemas\u0113jiet produktu \u0101d\u0101 l\u012bdz piln\u012bgai uzs\u016bk\u0161anai. Lab\u0101kam efektam lietojiet zem kr\u0113ma GIGI E vitam\u012bna serumu.<\/p>\n<p data-start=\"788\" data-end=\"1383\"><strong data-start=\"788\" data-end=\"800\">Sast\u0101vs:<\/strong> <em data-start=\"801\" data-end=\"1383\">Purified Water (Aqua), Butylene Glycol, Octyl Methoxycinnamate, Isopropyl Myristate, Glycerine, Stearic Acid, Cetyl Alcohol, Squalane, Carbomer, 2-Phenylbenzimidazole-5-sulfonic Acid, 4-Methylbenzylidene Camphor, Tocopheryl Acetate, Potassium Cetyl Phosphate, Tocopheryl Acetate, Alcohol, Lecithin, Triethanolamine, Caprylic\/Capric Triglyceride, Dimethicone, Phenoxyethanol, Methyl Paraben, Ethyl Paraben, Butyl Paraben, Propyl Paraben, Isobutyl Paraben, Aloe Vera Gel, Fragrance, Allantoin, Disodium EDTA, Yeast Extract, BHT, Yellow 6, Yellow 10, 2-bromo-2-nitropropane-1,3-diol.<\/em><\/p>\n<hr data-start=\"1385\" data-end=\"1388\" \/>\n<h3 data-start=\"1390\" data-end=\"1451\"><strong>GIGI Vitamin E Stiprino\u0161s Naktskr\u0113ms ar E vitam\u012bnu, 50 ml<\/strong><\/h3>\n<p data-start=\"1453\" data-end=\"1753\">Luksusa kr\u0113ms norm\u0101lai un sausai \u0101dai ar \u012bpa\u0161i pretgrumbu un izl\u012bdzino\u0161u iedarb\u012bbu. Satur dab\u012bgu Sepilift, kas aizsarg\u0101 elast\u012bna \u0161\u0137iedras un stiprina \u0101das dabisko aizsardz\u012bbu. Sast\u0101v\u0101 ar\u012b A vitam\u012bns, kas pa\u0101trina \u0161\u016bnu atjauno\u0161anos, samazina grumbas un pie\u0161\u0137ir \u0101dai elast\u012bgu, gludu un vienm\u0113r\u012bgu toni.<\/p>\n<p data-start=\"1755\" data-end=\"1837\"><strong data-start=\"1755\" data-end=\"1769\">Lieto\u0161ana:<\/strong> Maigi iemas\u0113jiet naktskr\u0113mu sej\u0101 un kakl\u0101 l\u012bdz piln\u012bgai uzs\u016bk\u0161anai.<\/p>\n<p data-start=\"1839\" data-end=\"2834\"><strong data-start=\"1839\" data-end=\"1851\">Sast\u0101vs:<\/strong> <em data-start=\"1852\" data-end=\"2834\">Water (Aqua), Butylene Glycol, Simmondsia Chinensis (Jojoba) Seed Oil, Isopropyl Palmitate, Hydrogenated Polyisobutene, Cyclopentasiloxane, Cetyl Alcohol, Glyceryl Stearate &amp; PEG 100 Stearate, Squalane, Butyrospermum Parkii (Shea Butter), Tocopherol Acetate (Vitamin E), Cyclopentasiloxane &amp; Dimethicone Crosspolymer, Ceteareth 5, Sodium Acrylate\/Sodium Acryloyldimethyl Taurate Copolymer &amp; Isohexadecane &amp; Polysorbate 80, Glycerin &amp; Sodium Lactate &amp; Lactid Acid &amp; TEA Lactate &amp; Serine &amp; Urea &amp; Sorbitol &amp; Sodium Chloride &amp; Allantoin, Glycerin &amp; Urea &amp; Saccharide Hydrolysate &amp; Magnesium Aspartate &amp; Glicerine &amp; Alaline &amp; Creatine, Dipalmitoyl Hydroxyproline, Potassium Cetyl Phosphate, 1,2-Hexanediol &amp; Caprylyl Glycol, Fragrance (Parfum), Potassium Sorbate, Allantoin, Retinyl Palmitate (Vitamin A), Alpha-Isomethyl Ionone, Benzyl Benzoate, Benzyl Salicylate, Cinnamyl Alcohol, Citronellol, Geraniol, Hydroxycitronellat, Hydroxyisohexyl-3-Cyclohexene Carboxaldehyde, Isoeugenol.<\/em><\/p>\n<\/div>\n<p><!-- .vgblk-rw-wrapper --><\/p>\n","protected":false},"excerpt":{"rendered":"<p>GIGI Vitamin E The Antioxidant Duo<\/p>\n","protected":false},"featured_media":0,"comment_status":"open","ping_status":"closed","template":"","meta":[],"product_brand":[],"product_cat":[711,725,734,730,676,718],"product_tag":[],"giftcard-category":[],"class_list":{"0":"post-998059","1":"product","2":"type-product","3":"status-publish","5":"product_cat-apgades-komplekts","6":"product_cat-dienas-krems","7":"product_cat-jaunienes","8":"product_cat-nakts-krems","9":"product_cat-sale-lv","10":"product_cat-sejas-kopsana","12":"first","13":"outofstock","14":"sale","15":"taxable","16":"shipping-taxable","17":"purchasable","18":"product-type-simple"},"yoast_head":"<!-- This site is optimized with the Yoast SEO Premium plugin v25.1 (Yoast SEO v25.7) - https:\/\/yoast.com\/wordpress\/plugins\/seo\/ -->\n<title>GIGI Vitamin E The Antioxidant Duo 50 ml + 50 ml ~ Dolores<\/title>\n<meta name=\"robots\" content=\"index, follow, max-snippet:-1, max-image-preview:large, max-video-preview:-1\" \/>\n<link rel=\"canonical\" href=\"https:\/\/dolores.ee\/lv\/product\/gigi-vitamin-e-the-antioxidant-duo-50-ml-50-ml\/\" \/>\n<meta property=\"og:locale\" content=\"lv_LV\" \/>\n<meta property=\"og:type\" content=\"article\" \/>\n<meta property=\"og:title\" content=\"GIGI Vitamin E The Antioxidant Duo 50 ml + 50 ml\" \/>\n<meta property=\"og:description\" content=\"GIGI Vitamin E The Antioxidant Duo\" \/>\n<meta property=\"og:url\" content=\"https:\/\/dolores.ee\/lv\/product\/gigi-vitamin-e-the-antioxidant-duo-50-ml-50-ml\/\" \/>\n<meta property=\"og:site_name\" content=\"Dolores\" \/>\n<meta property=\"article:publisher\" content=\"https:\/\/www.facebook.com\/doloresepood\/\" \/>\n<meta property=\"article:modified_time\" content=\"2025-07-01T08:06:22+00:00\" \/>\n<meta property=\"og:image\" content=\"https:\/\/dolores.ee\/wp-content\/uploads\/2025\/05\/seo.jpg\" \/>\n\t<meta property=\"og:image:width\" content=\"1200\" \/>\n\t<meta property=\"og:image:height\" content=\"675\" \/>\n\t<meta property=\"og:image:type\" content=\"image\/jpeg\" \/>\n<meta name=\"twitter:card\" content=\"summary_large_image\" \/>\n<meta name=\"twitter:label1\" content=\"Est. reading time\" \/>\n\t<meta name=\"twitter:data1\" content=\"2 minutes\" \/>\n<script type=\"application\/ld+json\" class=\"yoast-schema-graph\">{\"@context\":\"https:\/\/schema.org\",\"@graph\":[{\"@type\":\"WebPage\",\"@id\":\"https:\/\/dolores.ee\/lv\/product\/gigi-vitamin-e-the-antioxidant-duo-50-ml-50-ml\/\",\"url\":\"https:\/\/dolores.ee\/lv\/product\/gigi-vitamin-e-the-antioxidant-duo-50-ml-50-ml\/\",\"name\":\"GIGI Vitamin E The Antioxidant Duo 50 ml + 50 ml ~ Dolores\",\"isPartOf\":{\"@id\":\"https:\/\/dolores.ee\/lv\/#website\"},\"datePublished\":\"2024-12-04T08:53:05+00:00\",\"dateModified\":\"2025-07-01T08:06:22+00:00\",\"breadcrumb\":{\"@id\":\"https:\/\/dolores.ee\/lv\/product\/gigi-vitamin-e-the-antioxidant-duo-50-ml-50-ml\/#breadcrumb\"},\"inLanguage\":\"lv-LV\",\"potentialAction\":[{\"@type\":\"ReadAction\",\"target\":[\"https:\/\/dolores.ee\/lv\/product\/gigi-vitamin-e-the-antioxidant-duo-50-ml-50-ml\/\"]}]},{\"@type\":\"BreadcrumbList\",\"@id\":\"https:\/\/dolores.ee\/lv\/product\/gigi-vitamin-e-the-antioxidant-duo-50-ml-50-ml\/#breadcrumb\",\"itemListElement\":[{\"@type\":\"ListItem\",\"position\":1,\"name\":\"Home\",\"item\":\"https:\/\/dolores.ee\/lv\/\"},{\"@type\":\"ListItem\",\"position\":2,\"name\":\"E-veikals\",\"item\":\"https:\/\/dolores.ee\/lv\/e-veikals\/\"},{\"@type\":\"ListItem\",\"position\":3,\"name\":\"GIGI Vitamin E The Antioxidant Duo 50 ml + 50 ml\"}]},{\"@type\":\"WebSite\",\"@id\":\"https:\/\/dolores.ee\/lv\/#website\",\"url\":\"https:\/\/dolores.ee\/lv\/\",\"name\":\"Dolores e-pood\",\"description\":\"Beauty Shop\",\"publisher\":{\"@id\":\"https:\/\/dolores.ee\/lv\/#organization\"},\"alternateName\":\"Dolores\",\"potentialAction\":[{\"@type\":\"SearchAction\",\"target\":{\"@type\":\"EntryPoint\",\"urlTemplate\":\"https:\/\/dolores.ee\/lv\/?s={search_term_string}\"},\"query-input\":{\"@type\":\"PropertyValueSpecification\",\"valueRequired\":true,\"valueName\":\"search_term_string\"}}],\"inLanguage\":\"lv-LV\"},{\"@type\":\"Organization\",\"@id\":\"https:\/\/dolores.ee\/lv\/#organization\",\"name\":\"Dolores O\u00dc\",\"alternateName\":\"Dolores e-pood\",\"url\":\"https:\/\/dolores.ee\/lv\/\",\"logo\":{\"@type\":\"ImageObject\",\"inLanguage\":\"lv-LV\",\"@id\":\"https:\/\/dolores.ee\/lv\/#\/schema\/logo\/image\/\",\"url\":\"https:\/\/dolores.ee\/wp-content\/uploads\/2025\/04\/logo-1.jpg\",\"contentUrl\":\"https:\/\/dolores.ee\/wp-content\/uploads\/2025\/04\/logo-1.jpg\",\"width\":1951,\"height\":660,\"caption\":\"Dolores O\u00dc\"},\"image\":{\"@id\":\"https:\/\/dolores.ee\/lv\/#\/schema\/logo\/image\/\"},\"sameAs\":[\"https:\/\/www.facebook.com\/doloresepood\/\"],\"description\":\"Dolores.ee on kaasaegne veebipood, kust leiad tuntud kaubam\u00e4rkide \u2013 GIGI, Anna Lotan, Hikari, Hlavin \u2013 originaalkosmeetikat. Pakume kvaliteetseid hooldustooteid taskukohaste hindadega ja kiire kohaletoimetamisega \u00fcle Eesti. Nahahooldus pole kunagi olnud nii lihtne ja soodne!\",\"email\":\"dolores@dolores.ee\",\"telephone\":\"372 644 2440\",\"legalName\":\"Dolores O\u00dc\",\"foundingDate\":\"1998-02-09\",\"vatID\":\"EE100050280\",\"numberOfEmployees\":{\"@type\":\"QuantitativeValue\",\"minValue\":\"11\",\"maxValue\":\"50\"}}]}<\/script>\n<!-- \/ Yoast SEO Premium plugin. -->","yoast_head_json":{"title":"GIGI Vitamin E The Antioxidant Duo 50 ml + 50 ml ~ Dolores","robots":{"index":"index","follow":"follow","max-snippet":"max-snippet:-1","max-image-preview":"max-image-preview:large","max-video-preview":"max-video-preview:-1"},"canonical":"https:\/\/dolores.ee\/lv\/product\/gigi-vitamin-e-the-antioxidant-duo-50-ml-50-ml\/","og_locale":"lv_LV","og_type":"article","og_title":"GIGI Vitamin E The Antioxidant Duo 50 ml + 50 ml","og_description":"GIGI Vitamin E The Antioxidant Duo","og_url":"https:\/\/dolores.ee\/lv\/product\/gigi-vitamin-e-the-antioxidant-duo-50-ml-50-ml\/","og_site_name":"Dolores","article_publisher":"https:\/\/www.facebook.com\/doloresepood\/","article_modified_time":"2025-07-01T08:06:22+00:00","og_image":[{"width":1200,"height":675,"url":"https:\/\/dolores.ee\/wp-content\/uploads\/2025\/05\/seo.jpg","type":"image\/jpeg"}],"twitter_card":"summary_large_image","twitter_misc":{"Est. reading time":"2 minutes"},"schema":{"@context":"https:\/\/schema.org","@graph":[{"@type":"WebPage","@id":"https:\/\/dolores.ee\/lv\/product\/gigi-vitamin-e-the-antioxidant-duo-50-ml-50-ml\/","url":"https:\/\/dolores.ee\/lv\/product\/gigi-vitamin-e-the-antioxidant-duo-50-ml-50-ml\/","name":"GIGI Vitamin E The Antioxidant Duo 50 ml + 50 ml ~ Dolores","isPartOf":{"@id":"https:\/\/dolores.ee\/lv\/#website"},"datePublished":"2024-12-04T08:53:05+00:00","dateModified":"2025-07-01T08:06:22+00:00","breadcrumb":{"@id":"https:\/\/dolores.ee\/lv\/product\/gigi-vitamin-e-the-antioxidant-duo-50-ml-50-ml\/#breadcrumb"},"inLanguage":"lv-LV","potentialAction":[{"@type":"ReadAction","target":["https:\/\/dolores.ee\/lv\/product\/gigi-vitamin-e-the-antioxidant-duo-50-ml-50-ml\/"]}]},{"@type":"BreadcrumbList","@id":"https:\/\/dolores.ee\/lv\/product\/gigi-vitamin-e-the-antioxidant-duo-50-ml-50-ml\/#breadcrumb","itemListElement":[{"@type":"ListItem","position":1,"name":"Home","item":"https:\/\/dolores.ee\/lv\/"},{"@type":"ListItem","position":2,"name":"E-veikals","item":"https:\/\/dolores.ee\/lv\/e-veikals\/"},{"@type":"ListItem","position":3,"name":"GIGI Vitamin E The Antioxidant Duo 50 ml + 50 ml"}]},{"@type":"WebSite","@id":"https:\/\/dolores.ee\/lv\/#website","url":"https:\/\/dolores.ee\/lv\/","name":"Dolores e-pood","description":"Beauty Shop","publisher":{"@id":"https:\/\/dolores.ee\/lv\/#organization"},"alternateName":"Dolores","potentialAction":[{"@type":"SearchAction","target":{"@type":"EntryPoint","urlTemplate":"https:\/\/dolores.ee\/lv\/?s={search_term_string}"},"query-input":{"@type":"PropertyValueSpecification","valueRequired":true,"valueName":"search_term_string"}}],"inLanguage":"lv-LV"},{"@type":"Organization","@id":"https:\/\/dolores.ee\/lv\/#organization","name":"Dolores O\u00dc","alternateName":"Dolores e-pood","url":"https:\/\/dolores.ee\/lv\/","logo":{"@type":"ImageObject","inLanguage":"lv-LV","@id":"https:\/\/dolores.ee\/lv\/#\/schema\/logo\/image\/","url":"https:\/\/dolores.ee\/wp-content\/uploads\/2025\/04\/logo-1.jpg","contentUrl":"https:\/\/dolores.ee\/wp-content\/uploads\/2025\/04\/logo-1.jpg","width":1951,"height":660,"caption":"Dolores O\u00dc"},"image":{"@id":"https:\/\/dolores.ee\/lv\/#\/schema\/logo\/image\/"},"sameAs":["https:\/\/www.facebook.com\/doloresepood\/"],"description":"Dolores.ee on kaasaegne veebipood, kust leiad tuntud kaubam\u00e4rkide \u2013 GIGI, Anna Lotan, Hikari, Hlavin \u2013 originaalkosmeetikat. Pakume kvaliteetseid hooldustooteid taskukohaste hindadega ja kiire kohaletoimetamisega \u00fcle Eesti. Nahahooldus pole kunagi olnud nii lihtne ja soodne!","email":"dolores@dolores.ee","telephone":"372 644 2440","legalName":"Dolores O\u00dc","foundingDate":"1998-02-09","vatID":"EE100050280","numberOfEmployees":{"@type":"QuantitativeValue","minValue":"11","maxValue":"50"}}]}},"_links":{"self":[{"href":"https:\/\/dolores.ee\/lv\/wp-json\/wp\/v2\/product\/998059","targetHints":{"allow":["GET"]}}],"collection":[{"href":"https:\/\/dolores.ee\/lv\/wp-json\/wp\/v2\/product"}],"about":[{"href":"https:\/\/dolores.ee\/lv\/wp-json\/wp\/v2\/types\/product"}],"replies":[{"embeddable":true,"href":"https:\/\/dolores.ee\/lv\/wp-json\/wp\/v2\/comments?post=998059"}],"version-history":[{"count":0,"href":"https:\/\/dolores.ee\/lv\/wp-json\/wp\/v2\/product\/998059\/revisions"}],"wp:attachment":[{"href":"https:\/\/dolores.ee\/lv\/wp-json\/wp\/v2\/media?parent=998059"}],"wp:term":[{"taxonomy":"product_brand","embeddable":true,"href":"https:\/\/dolores.ee\/lv\/wp-json\/wp\/v2\/product_brand?post=998059"},{"taxonomy":"product_cat","embeddable":true,"href":"https:\/\/dolores.ee\/lv\/wp-json\/wp\/v2\/product_cat?post=998059"},{"taxonomy":"product_tag","embeddable":true,"href":"https:\/\/dolores.ee\/lv\/wp-json\/wp\/v2\/product_tag?post=998059"},{"taxonomy":"giftcard-category","embeddable":true,"href":"https:\/\/dolores.ee\/lv\/wp-json\/wp\/v2\/giftcard-category?post=998059"}],"curies":[{"name":"wp","href":"https:\/\/api.w.org\/{rel}","templated":true}]}}