{"id":998063,"date":"2024-11-26T12:42:33","date_gmt":"2024-11-26T10:42:33","guid":{"rendered":"https:\/\/dolores.ee\/product\/gigi-3d-hyalu-fill-triple-set\/"},"modified":"2025-07-01T11:06:22","modified_gmt":"2025-07-01T08:06:22","slug":"gigi-3d-hyalu-fill-triple-set","status":"publish","type":"product","link":"https:\/\/dolores.ee\/lv\/product\/gigi-3d-hyalu-fill-triple-set\/","title":{"rendered":"GIGI 3D HYALU FILL TRIPLE SET"},"content":{"rendered":"<div class=\"vgblk-rw-wrapper limit-wrapper\">\n<h3 data-start=\"97\" data-end=\"177\"><strong>GIGI 3D HYALU FILL Multi Power H.A. Booster intens\u012bvi mitrino\u0161s serums 50 ml<\/strong><\/h3>\n<p data-start=\"179\" data-end=\"642\">Serums satur tr\u012bs da\u017e\u0101d\u0101s koncentr\u0101cij\u0101s hialuronsk\u0101bi, kas nodro\u0161ina grumbu aizpild\u012b\u0161anu, dzi\u013cu mitrin\u0101\u0161anu un dabisk\u0101 hialuronsk\u0101bes palielin\u0101tu daudzumu \u0101d\u0101. Unik\u0101la formula, pateicoties t\u012bram dabiskam hialuronsk\u0101bes kompleksam, rada tr\u012bsdimension\u0101lu efektu.<br data-start=\"440\" data-end=\"443\" \/>3D hialuronsk\u0101bes mitrino\u0161ais serums pace\u013c grumbu pamatus, uzlabo \u0101das tekst\u016bru, samazina noguruma paz\u012bmes un pel\u0113c\u012bgu toni, nodro\u0161inot \u0101dai nepiecie\u0161amo mitruma l\u012bmeni un nov\u0113r\u0161ot grumbu veido\u0161anos.<\/p>\n<p data-start=\"644\" data-end=\"781\"><strong data-start=\"644\" data-end=\"665\">Lieto\u0161anas veids:<\/strong> Serumu uzkl\u0101j no r\u012bta un vakar\u0101 uz visa sejas \u0101das, ieskaitot acu un l\u016bpu zonu, un iemas\u0113 l\u012bdz piln\u012bgai ies\u016bk\u0161anai.<\/p>\n<p data-start=\"783\" data-end=\"1381\"><strong data-start=\"783\" data-end=\"795\">Sast\u0101vs:<\/strong> <em data-start=\"796\" data-end=\"1381\">Water (Aqua), Cetearyl Alcohol, Cyclopentasiloxane, Isononyl Isononanoate, Propanediol, Dimethicone, Steareth-2, Dimethyl Isosorbide, Acacia Senegal Gum, Steareth-21, Dimethicone Crosspolymer, Glyceryl Stearate, PEG 100 Stearate, Phenoxyethanol, Sucrose Palmitate, Aloe Barbadensis Leaf Juice, Glyceryl Linoleate, Tocopheryl Acetate, Hydrolyzed Rhizobian Gum, Hydrolyzed Yeast, Allantoin, Chlorphenesin, Caprylyl Glycol, Cetyl Hydroxyethylcellulose, Disodium EDTA, Polyglucuronic Acid, Sodium Hyaluronate, Lecithin, 1,2-Hexanediol, Citric Acid, Potassium Sorbate, Sodium Hyaluronate.<\/em><\/p>\n<hr data-start=\"1383\" data-end=\"1386\" \/>\n<h3 data-start=\"1388\" data-end=\"1429\"><strong>GIGI 3D HYALU FILL LIP TREATMENT BALM<\/strong><\/h3>\n<p data-start=\"1431\" data-end=\"1853\">Mitrino\u0161s l\u016bpu balzams efekt\u012bvi mazina sausas un saplais\u0101ju\u0161as l\u016bpas. Satur \u0161\u012b sviestu un augu vaskus, kas baro l\u016bpu pl\u0101no \u0101du ar vitam\u012bniem un antioksidantiem. Kurkumas un gran\u0101t\u0101bolu ekstrakti, koenz\u012bms Q10 un bisabolols padara \u0101du elast\u012bgu un c\u012bn\u0101s pret br\u012bvajiem radik\u0101\u013ciem. L\u016bpu balzams uztur l\u016bpu mitruma l\u012bmeni, iev\u0113rojami izl\u012bdzina \u0101du un samazina s\u012bkas grumbi\u0146as. P\u0113c balzama lieto\u0161anas l\u016bpas ir pat\u012bkami m\u012bkstas.<\/p>\n<p data-start=\"1855\" data-end=\"1948\"><strong data-start=\"1855\" data-end=\"1876\">Lieto\u0161anas veids:<\/strong> Balzamu bag\u0101t\u012bgi uzkl\u0101j uz l\u016bp\u0101m, no kur\u0101m iepriek\u0161 no\u0146emts l\u016bpu grims.<\/p>\n<p data-start=\"1950\" data-end=\"2447\"><strong data-start=\"1950\" data-end=\"1962\">Sast\u0101vs:<\/strong> <em data-start=\"1963\" data-end=\"2447\">Butene\/Isobutene Copolymer, Hydrogenated Polyisobutene, Microcrystalline Wax, Synthetic Wax, Butyrospermum Parkii Butter, Polyglyceryl-3 Disostearate, Simmondsia Chinensis Seed Oil, Elaeis Guineensis Butter, Allium Cepa Seed Oil, Candelilla Cera, Mica, Ascorbyl Tetraisopalmitate, Tocopheryl Acetate, Titanium Dioxide, Punica Granatum Extract, Stevioside, Cocos Nucifera Oil, Ricinus Communis Seed Oil, Aroma, CI 45410, Ubiquinone, Bisabolol, Curcuma Longa Root Extract, Tocopherol.<\/em><\/p>\n<hr data-start=\"2449\" data-end=\"2452\" \/>\n<h3 data-start=\"2454\" data-end=\"2498\"><strong>GIGI 3D HYALU FILL Eye Power Cream 20 ml<\/strong><\/h3>\n<p data-start=\"2500\" data-end=\"2955\">3D Hyalu Fill Eye Power Cream acu kr\u0113ms nodro\u0161ina izcilu \u0101das kop\u0161anu un pat\u012bkamu saj\u016btu pateicoties unik\u0101lam hialuronsk\u0101bju kompleksam un \u012bpa\u0161am aplikatoram. Kr\u0113ms uzlabo \u0101das re\u0123ener\u0101cijas procesus, pie\u0161\u0137irot acu apk\u0101rtnes jut\u012bgajai \u0101dai elast\u012bg\u0101ku izskatu. 3D acu kr\u0113ms samazina smalkas grumbi\u0146as un izteiksm\u012bg\u0101s grumbu dzi\u013cumu. Izgaismo pigment\u0101ciju un tum\u0161os lokus ap ac\u012bm. Samazina t\u016bsku un uzlabo \u0101das elast\u012bbu, nov\u0113r\u0161ot zem\u0101das maisi\u0146u veido\u0161anos.<\/p>\n<p data-start=\"2957\" data-end=\"3244\"><strong data-start=\"2957\" data-end=\"2976\">Akt\u012bv\u0101s vielas:<\/strong> Spherulite Dolcevia\u00ae patent\u0113t\u0101 tehnolo\u0123ija ar trim da\u017e\u0101da molekulmasas hialuronsk\u0101bes veidiem, organisk\u0101 stevijas ekstrakts, z\u012bdkoka ekstrakts BEAUTIFEYE\u00ae, organisk\u0101 quinoa, laur\u012bnsk\u0101bes un prolinu komplekss ADIPOSLIM\u2122 &amp; ADIPOLESS\u2122, resveratrols, RonaFlair\u00ae Flawless.<\/p>\n<p data-start=\"3246\" data-end=\"4163\"><strong data-start=\"3246\" data-end=\"3258\">Sast\u0101vs:<\/strong> <em data-start=\"3259\" data-end=\"4163\">Water (Aqua), Glycerin, Alcohol, Dimethicone, PEG-8 Beeswax, Propanediol, Pentylene Glycol, Squalane, Triethanolamine, Dimethicone Crosspolymer, Aloe Barbadensis Leaf Juice, Phenoxyethanol, Hydroxyethyl Acrylate\/Sodium Acryloyldimethyl Taurate Copolymer, Isohexadecane, Carbomer, Aluminum Starch Octenylsuccinate, Octyldodecanol, Titanium Dioxide, Silica, PVP, Butylene Glycol, Allantoin, Chlorphenesin, Stevioside, Albizia Julibrissin Bark Extract, Polymethyl Methacrylate, Caprylyl Glycol, Polysorbate 60, Sorbitan Isostearate, Tricaprylin, Tetrasodium EDTA, Glyceryl Acrylate\/Acrylic Acid Copolymer, Fragrance (Parfum), Resveratrol, PVM\/MA Copolymer, Chenopodium Quinoa Seed Extract, Sodium Benzoate, Sodium Hydroxide, Darutoside, Sucrose Palmitate, Sodium Hydroxide, Tocopheryl Acetate, Sodium Hyaluronate, Commiphora Mukul Resin Extract, Potassium Sorbate, Citric Acid, 1,2-Hexanediol, Tocopherol.<\/em><\/p>\n<\/div>\n<p><!-- .vgblk-rw-wrapper --><\/p>\n","protected":false},"excerpt":{"rendered":"<p>GIGI 3D HYALU FILL Multi Power H.A. Booster intens\u012bvi mitrino\u0161s serums 50 ml Serums satur tr\u012bs da\u017e\u0101d\u0101s koncentr\u0101cij\u0101s hialuronsk\u0101bi, kas nodro\u0161ina grumbu aizpild\u012b\u0161anu, dzi\u013cu mitrin\u0101\u0161anu un dabisk\u0101 hialuronsk\u0101bes palielin\u0101tu daudzumu \u0101d\u0101. Unik\u0101la formula, pateicoties t\u012bram dabiskam hialuronsk\u0101bes kompleksam, rada tr\u012bsdimension\u0101lu efektu.3D hialuronsk\u0101bes mitrino\u0161ais serums pace\u013c grumbu pamatus, uzlabo \u0101das tekst\u016bru, samazina noguruma paz\u012bmes un pel\u0113c\u012bgu&#8230;<\/p>\n","protected":false},"featured_media":0,"comment_status":"open","ping_status":"closed","template":"","meta":[],"product_brand":[],"product_cat":[728,711,734,719,676,718,727],"product_tag":[],"giftcard-category":[],"class_list":{"0":"post-998063","1":"product","2":"type-product","3":"status-publish","5":"product_cat-acu-kopsana","6":"product_cat-apgades-komplekts","7":"product_cat-jaunienes","8":"product_cat-lupu-kopsana","9":"product_cat-sale-lv","10":"product_cat-sejas-kopsana","11":"product_cat-serumi-ellas","13":"first","14":"outofstock","15":"sale","16":"taxable","17":"shipping-taxable","18":"purchasable","19":"product-type-simple"},"yoast_head":"<!-- This site is optimized with the Yoast SEO Premium plugin v25.1 (Yoast SEO v25.7) - https:\/\/yoast.com\/wordpress\/plugins\/seo\/ -->\n<title>GIGI 3D HYALU FILL TRIPLE SET ~ Dolores<\/title>\n<meta name=\"robots\" content=\"index, follow, max-snippet:-1, max-image-preview:large, max-video-preview:-1\" \/>\n<link rel=\"canonical\" href=\"https:\/\/dolores.ee\/lv\/product\/gigi-3d-hyalu-fill-triple-set\/\" \/>\n<meta property=\"og:locale\" content=\"lv_LV\" \/>\n<meta property=\"og:type\" content=\"article\" \/>\n<meta property=\"og:title\" content=\"GIGI 3D HYALU FILL TRIPLE SET\" \/>\n<meta property=\"og:description\" content=\"GIGI 3D HYALU FILL Multi Power H.A. Booster intens\u012bvi mitrino\u0161s serums 50 ml Serums satur tr\u012bs da\u017e\u0101d\u0101s koncentr\u0101cij\u0101s hialuronsk\u0101bi, kas nodro\u0161ina grumbu aizpild\u012b\u0161anu, dzi\u013cu mitrin\u0101\u0161anu un dabisk\u0101 hialuronsk\u0101bes palielin\u0101tu daudzumu \u0101d\u0101. Unik\u0101la formula, pateicoties t\u012bram dabiskam hialuronsk\u0101bes kompleksam, rada tr\u012bsdimension\u0101lu efektu.3D hialuronsk\u0101bes mitrino\u0161ais serums pace\u013c grumbu pamatus, uzlabo \u0101das tekst\u016bru, samazina noguruma paz\u012bmes un pel\u0113c\u012bgu...\" \/>\n<meta property=\"og:url\" content=\"https:\/\/dolores.ee\/lv\/product\/gigi-3d-hyalu-fill-triple-set\/\" \/>\n<meta property=\"og:site_name\" content=\"Dolores\" \/>\n<meta property=\"article:publisher\" content=\"https:\/\/www.facebook.com\/doloresepood\/\" \/>\n<meta property=\"article:modified_time\" content=\"2025-07-01T08:06:22+00:00\" \/>\n<meta property=\"og:image\" content=\"https:\/\/dolores.ee\/wp-content\/uploads\/2025\/05\/seo.jpg\" \/>\n\t<meta property=\"og:image:width\" content=\"1200\" \/>\n\t<meta property=\"og:image:height\" content=\"675\" \/>\n\t<meta property=\"og:image:type\" content=\"image\/jpeg\" \/>\n<meta name=\"twitter:card\" content=\"summary_large_image\" \/>\n<meta name=\"twitter:label1\" content=\"Est. reading time\" \/>\n\t<meta name=\"twitter:data1\" content=\"3 minutes\" \/>\n<script type=\"application\/ld+json\" class=\"yoast-schema-graph\">{\"@context\":\"https:\/\/schema.org\",\"@graph\":[{\"@type\":\"WebPage\",\"@id\":\"https:\/\/dolores.ee\/lv\/product\/gigi-3d-hyalu-fill-triple-set\/\",\"url\":\"https:\/\/dolores.ee\/lv\/product\/gigi-3d-hyalu-fill-triple-set\/\",\"name\":\"GIGI 3D HYALU FILL TRIPLE SET ~ Dolores\",\"isPartOf\":{\"@id\":\"https:\/\/dolores.ee\/lv\/#website\"},\"datePublished\":\"2024-11-26T10:42:33+00:00\",\"dateModified\":\"2025-07-01T08:06:22+00:00\",\"breadcrumb\":{\"@id\":\"https:\/\/dolores.ee\/lv\/product\/gigi-3d-hyalu-fill-triple-set\/#breadcrumb\"},\"inLanguage\":\"lv-LV\",\"potentialAction\":[{\"@type\":\"ReadAction\",\"target\":[\"https:\/\/dolores.ee\/lv\/product\/gigi-3d-hyalu-fill-triple-set\/\"]}]},{\"@type\":\"BreadcrumbList\",\"@id\":\"https:\/\/dolores.ee\/lv\/product\/gigi-3d-hyalu-fill-triple-set\/#breadcrumb\",\"itemListElement\":[{\"@type\":\"ListItem\",\"position\":1,\"name\":\"Home\",\"item\":\"https:\/\/dolores.ee\/lv\/\"},{\"@type\":\"ListItem\",\"position\":2,\"name\":\"E-veikals\",\"item\":\"https:\/\/dolores.ee\/lv\/e-veikals\/\"},{\"@type\":\"ListItem\",\"position\":3,\"name\":\"GIGI 3D HYALU FILL TRIPLE SET\"}]},{\"@type\":\"WebSite\",\"@id\":\"https:\/\/dolores.ee\/lv\/#website\",\"url\":\"https:\/\/dolores.ee\/lv\/\",\"name\":\"Dolores e-pood\",\"description\":\"Beauty Shop\",\"publisher\":{\"@id\":\"https:\/\/dolores.ee\/lv\/#organization\"},\"alternateName\":\"Dolores\",\"potentialAction\":[{\"@type\":\"SearchAction\",\"target\":{\"@type\":\"EntryPoint\",\"urlTemplate\":\"https:\/\/dolores.ee\/lv\/?s={search_term_string}\"},\"query-input\":{\"@type\":\"PropertyValueSpecification\",\"valueRequired\":true,\"valueName\":\"search_term_string\"}}],\"inLanguage\":\"lv-LV\"},{\"@type\":\"Organization\",\"@id\":\"https:\/\/dolores.ee\/lv\/#organization\",\"name\":\"Dolores O\u00dc\",\"alternateName\":\"Dolores e-pood\",\"url\":\"https:\/\/dolores.ee\/lv\/\",\"logo\":{\"@type\":\"ImageObject\",\"inLanguage\":\"lv-LV\",\"@id\":\"https:\/\/dolores.ee\/lv\/#\/schema\/logo\/image\/\",\"url\":\"https:\/\/dolores.ee\/wp-content\/uploads\/2025\/04\/logo-1.jpg\",\"contentUrl\":\"https:\/\/dolores.ee\/wp-content\/uploads\/2025\/04\/logo-1.jpg\",\"width\":1951,\"height\":660,\"caption\":\"Dolores O\u00dc\"},\"image\":{\"@id\":\"https:\/\/dolores.ee\/lv\/#\/schema\/logo\/image\/\"},\"sameAs\":[\"https:\/\/www.facebook.com\/doloresepood\/\"],\"description\":\"Dolores.ee on kaasaegne veebipood, kust leiad tuntud kaubam\u00e4rkide \u2013 GIGI, Anna Lotan, Hikari, Hlavin \u2013 originaalkosmeetikat. Pakume kvaliteetseid hooldustooteid taskukohaste hindadega ja kiire kohaletoimetamisega \u00fcle Eesti. Nahahooldus pole kunagi olnud nii lihtne ja soodne!\",\"email\":\"dolores@dolores.ee\",\"telephone\":\"372 644 2440\",\"legalName\":\"Dolores O\u00dc\",\"foundingDate\":\"1998-02-09\",\"vatID\":\"EE100050280\",\"numberOfEmployees\":{\"@type\":\"QuantitativeValue\",\"minValue\":\"11\",\"maxValue\":\"50\"}}]}<\/script>\n<!-- \/ Yoast SEO Premium plugin. -->","yoast_head_json":{"title":"GIGI 3D HYALU FILL TRIPLE SET ~ Dolores","robots":{"index":"index","follow":"follow","max-snippet":"max-snippet:-1","max-image-preview":"max-image-preview:large","max-video-preview":"max-video-preview:-1"},"canonical":"https:\/\/dolores.ee\/lv\/product\/gigi-3d-hyalu-fill-triple-set\/","og_locale":"lv_LV","og_type":"article","og_title":"GIGI 3D HYALU FILL TRIPLE SET","og_description":"GIGI 3D HYALU FILL Multi Power H.A. Booster intens\u012bvi mitrino\u0161s serums 50 ml Serums satur tr\u012bs da\u017e\u0101d\u0101s koncentr\u0101cij\u0101s hialuronsk\u0101bi, kas nodro\u0161ina grumbu aizpild\u012b\u0161anu, dzi\u013cu mitrin\u0101\u0161anu un dabisk\u0101 hialuronsk\u0101bes palielin\u0101tu daudzumu \u0101d\u0101. Unik\u0101la formula, pateicoties t\u012bram dabiskam hialuronsk\u0101bes kompleksam, rada tr\u012bsdimension\u0101lu efektu.3D hialuronsk\u0101bes mitrino\u0161ais serums pace\u013c grumbu pamatus, uzlabo \u0101das tekst\u016bru, samazina noguruma paz\u012bmes un pel\u0113c\u012bgu...","og_url":"https:\/\/dolores.ee\/lv\/product\/gigi-3d-hyalu-fill-triple-set\/","og_site_name":"Dolores","article_publisher":"https:\/\/www.facebook.com\/doloresepood\/","article_modified_time":"2025-07-01T08:06:22+00:00","og_image":[{"width":1200,"height":675,"url":"https:\/\/dolores.ee\/wp-content\/uploads\/2025\/05\/seo.jpg","type":"image\/jpeg"}],"twitter_card":"summary_large_image","twitter_misc":{"Est. reading time":"3 minutes"},"schema":{"@context":"https:\/\/schema.org","@graph":[{"@type":"WebPage","@id":"https:\/\/dolores.ee\/lv\/product\/gigi-3d-hyalu-fill-triple-set\/","url":"https:\/\/dolores.ee\/lv\/product\/gigi-3d-hyalu-fill-triple-set\/","name":"GIGI 3D HYALU FILL TRIPLE SET ~ Dolores","isPartOf":{"@id":"https:\/\/dolores.ee\/lv\/#website"},"datePublished":"2024-11-26T10:42:33+00:00","dateModified":"2025-07-01T08:06:22+00:00","breadcrumb":{"@id":"https:\/\/dolores.ee\/lv\/product\/gigi-3d-hyalu-fill-triple-set\/#breadcrumb"},"inLanguage":"lv-LV","potentialAction":[{"@type":"ReadAction","target":["https:\/\/dolores.ee\/lv\/product\/gigi-3d-hyalu-fill-triple-set\/"]}]},{"@type":"BreadcrumbList","@id":"https:\/\/dolores.ee\/lv\/product\/gigi-3d-hyalu-fill-triple-set\/#breadcrumb","itemListElement":[{"@type":"ListItem","position":1,"name":"Home","item":"https:\/\/dolores.ee\/lv\/"},{"@type":"ListItem","position":2,"name":"E-veikals","item":"https:\/\/dolores.ee\/lv\/e-veikals\/"},{"@type":"ListItem","position":3,"name":"GIGI 3D HYALU FILL TRIPLE SET"}]},{"@type":"WebSite","@id":"https:\/\/dolores.ee\/lv\/#website","url":"https:\/\/dolores.ee\/lv\/","name":"Dolores e-pood","description":"Beauty Shop","publisher":{"@id":"https:\/\/dolores.ee\/lv\/#organization"},"alternateName":"Dolores","potentialAction":[{"@type":"SearchAction","target":{"@type":"EntryPoint","urlTemplate":"https:\/\/dolores.ee\/lv\/?s={search_term_string}"},"query-input":{"@type":"PropertyValueSpecification","valueRequired":true,"valueName":"search_term_string"}}],"inLanguage":"lv-LV"},{"@type":"Organization","@id":"https:\/\/dolores.ee\/lv\/#organization","name":"Dolores O\u00dc","alternateName":"Dolores e-pood","url":"https:\/\/dolores.ee\/lv\/","logo":{"@type":"ImageObject","inLanguage":"lv-LV","@id":"https:\/\/dolores.ee\/lv\/#\/schema\/logo\/image\/","url":"https:\/\/dolores.ee\/wp-content\/uploads\/2025\/04\/logo-1.jpg","contentUrl":"https:\/\/dolores.ee\/wp-content\/uploads\/2025\/04\/logo-1.jpg","width":1951,"height":660,"caption":"Dolores O\u00dc"},"image":{"@id":"https:\/\/dolores.ee\/lv\/#\/schema\/logo\/image\/"},"sameAs":["https:\/\/www.facebook.com\/doloresepood\/"],"description":"Dolores.ee on kaasaegne veebipood, kust leiad tuntud kaubam\u00e4rkide \u2013 GIGI, Anna Lotan, Hikari, Hlavin \u2013 originaalkosmeetikat. Pakume kvaliteetseid hooldustooteid taskukohaste hindadega ja kiire kohaletoimetamisega \u00fcle Eesti. Nahahooldus pole kunagi olnud nii lihtne ja soodne!","email":"dolores@dolores.ee","telephone":"372 644 2440","legalName":"Dolores O\u00dc","foundingDate":"1998-02-09","vatID":"EE100050280","numberOfEmployees":{"@type":"QuantitativeValue","minValue":"11","maxValue":"50"}}]}},"_links":{"self":[{"href":"https:\/\/dolores.ee\/lv\/wp-json\/wp\/v2\/product\/998063","targetHints":{"allow":["GET"]}}],"collection":[{"href":"https:\/\/dolores.ee\/lv\/wp-json\/wp\/v2\/product"}],"about":[{"href":"https:\/\/dolores.ee\/lv\/wp-json\/wp\/v2\/types\/product"}],"replies":[{"embeddable":true,"href":"https:\/\/dolores.ee\/lv\/wp-json\/wp\/v2\/comments?post=998063"}],"version-history":[{"count":0,"href":"https:\/\/dolores.ee\/lv\/wp-json\/wp\/v2\/product\/998063\/revisions"}],"wp:attachment":[{"href":"https:\/\/dolores.ee\/lv\/wp-json\/wp\/v2\/media?parent=998063"}],"wp:term":[{"taxonomy":"product_brand","embeddable":true,"href":"https:\/\/dolores.ee\/lv\/wp-json\/wp\/v2\/product_brand?post=998063"},{"taxonomy":"product_cat","embeddable":true,"href":"https:\/\/dolores.ee\/lv\/wp-json\/wp\/v2\/product_cat?post=998063"},{"taxonomy":"product_tag","embeddable":true,"href":"https:\/\/dolores.ee\/lv\/wp-json\/wp\/v2\/product_tag?post=998063"},{"taxonomy":"giftcard-category","embeddable":true,"href":"https:\/\/dolores.ee\/lv\/wp-json\/wp\/v2\/giftcard-category?post=998063"}],"curies":[{"name":"wp","href":"https:\/\/api.w.org\/{rel}","templated":true}]}}