{"id":998069,"date":"2024-07-23T15:45:04","date_gmt":"2024-07-23T12:45:04","guid":{"rendered":"https:\/\/dolores.ee\/product\/gigi-texture-dynamic-day-make-up-spf30-light-01-50-ml\/"},"modified":"2025-07-01T11:06:22","modified_gmt":"2025-07-01T08:06:22","slug":"gigi-texture-dynamic-day-make-up-spf30-light-01-50-ml","status":"publish","type":"product","link":"https:\/\/dolores.ee\/lv\/product\/gigi-texture-dynamic-day-make-up-spf30-light-01-50-ml\/","title":{"rendered":"GIGI Texture Dynamic Day Make-Up SPF30 Light 01 50 ml"},"content":{"rendered":"<div class=\"vgblk-rw-wrapper limit-wrapper\">\n<p data-start=\"89\" data-end=\"271\"><strong data-start=\"89\" data-end=\"155\">Ton\u0113jo\u0161s mitrino\u0161s kr\u0113ms ar saules aizsardz\u012bbas faktoru SPF 30<\/strong><br data-start=\"155\" data-end=\"158\" \/>Pie\u0161\u0137ir \u0101dai dabisku toni un mirdzumu. Daudzfunkcion\u0101ls kr\u0113ms mitrina, mask\u0113 un aizsarg\u0101 \u0101du no saules starojuma.<\/p>\n<p data-start=\"273\" data-end=\"709\">Apvienotais sast\u0101vs pal\u012bdz \u0101dai c\u012bn\u012bties ar piec\u0101m noveco\u0161an\u0101s paz\u012bm\u0113m: nevienm\u0113r\u012bgs \u0101das tonis, pigment\u0101cijas plankumi, grumbas, sausums un raupjums. Bag\u0101tin\u0101ts ar akt\u012bvo vielu kompleksu, kas uzlabo \u0101das tekst\u016bru. Efekt\u012bvi aizsarg\u0101 pret UV staru rad\u012btiem boj\u0101jumiem un br\u012bvajiem radik\u0101\u013ciem. Satur t\u012brus pigmentus, kas izl\u012bdzina \u0101das toni un nosedz nepiln\u012bbas. P\u0113c lieto\u0161anas \u0101da k\u013c\u016bst gluda un starojo\u0161a. Piem\u0113rots ikdienas lieto\u0161anai.<\/p>\n<p data-start=\"711\" data-end=\"846\"><strong data-start=\"711\" data-end=\"725\">Lieto\u0161ana:<\/strong> Katru r\u012btu uzkl\u0101jiet pietiekamu daudzumu kr\u0113ma uz sejas un kakla zonas, lai izl\u012bdzin\u0101tu toni un nodro\u0161in\u0101tu aizsardz\u012bbu.<\/p>\n<p data-start=\"848\" data-end=\"1957\"><strong data-start=\"848\" data-end=\"860\">Sast\u0101vs:<\/strong> <em data-start=\"861\" data-end=\"1957\">Water (\u016bdens), aqual, ethylhexyl methoxycinnamate, octocrylene, titanium dioxide, C12-15 alkyl benzoate, caprylic\/capric triglyceride, diethylamino hydroxybenzoyl hexyl benzoate, talk, glyceryl myristate, isononyl isononanoate, cyclopentasiloxane, butylene glycol, paraf\u012bns, propylene glycol, glicer\u012bns, butyl methoxydibenzoylmethane, cetearyl alcohol, nylon-12, potassium cetyl phosphate, sorbitan tristearate, phenoxyethanol, mikrokrist\u0101lisk\u0101 celuloze, smar\u017eviela (parfum), ammonium acryloyldimethyltaurate\/VP copolymer, CI 77492, sodium hydroxide, PEG-40 stearate, CI 77491, allantoin, sodium cetearyl sulfate, kofe\u012bns, cellulose gum, CI 77499, disodium EDTA, ethylhexylglycerin, tokoferilacet\u0101ts, cyclohexasiloxane, Coffea Arabica (kafijas) s\u0113klu ekstrakts, BHT, lecit\u012bns, triethoxycaprylylsilane, disodium phosphate, dimethylaminoethanolamine tartrate, polyglutamic acid, propanediol, alpha-glucan oligosaccharide, Polymnia Sonchifolia (jakona) sak\u0146u sula, maltodekstr\u012bns, 1,2-hexanediol, caprylyl glycol, sodium hyaluronate, Lactobacillus, Bacillus fermenti, citr\u0101ls, geraniols, linalols.<\/em><\/p>\n<\/div>\n<p><!-- .vgblk-rw-wrapper --><\/p>\n","protected":false},"excerpt":{"rendered":"<p>GIGI Texture Dynamic Day Make-Up SPF30 Light 01<\/p>\n","protected":false},"featured_media":359395,"comment_status":"open","ping_status":"closed","template":"","meta":[],"product_brand":[],"product_cat":[725,721,734,716,783,676,718,724],"product_tag":[],"giftcard-category":[],"class_list":{"0":"post-998069","1":"product","2":"type-product","3":"status-publish","4":"has-post-thumbnail","6":"product_cat-dienas-krems","7":"product_cat-grims","8":"product_cat-jaunienes","9":"product_cat-mitrinosi-produkti","10":"product_cat-pavasara-adas-kopsana","11":"product_cat-sale-lv","12":"product_cat-sejas-kopsana","13":"product_cat-sejas-krems","15":"first","16":"instock","17":"taxable","18":"shipping-taxable","19":"purchasable","20":"product-type-simple"},"yoast_head":"<!-- This site is optimized with the Yoast SEO Premium plugin v25.1 (Yoast SEO v25.7) - https:\/\/yoast.com\/wordpress\/plugins\/seo\/ -->\n<title>GIGI Texture Dynamic Day Make-Up SPF30 Light 01 50 ml ~ Dolores<\/title>\n<meta name=\"robots\" content=\"index, follow, max-snippet:-1, max-image-preview:large, max-video-preview:-1\" \/>\n<link rel=\"canonical\" href=\"https:\/\/dolores.ee\/lv\/product\/gigi-texture-dynamic-day-make-up-spf30-light-01-50-ml\/\" \/>\n<meta property=\"og:locale\" content=\"lv_LV\" \/>\n<meta property=\"og:type\" content=\"article\" \/>\n<meta property=\"og:title\" content=\"GIGI Texture Dynamic Day Make-Up SPF30 Light 01 50 ml\" \/>\n<meta property=\"og:description\" content=\"GIGI Texture Dynamic Day Make-Up SPF30 Light 01\" \/>\n<meta property=\"og:url\" content=\"https:\/\/dolores.ee\/lv\/product\/gigi-texture-dynamic-day-make-up-spf30-light-01-50-ml\/\" \/>\n<meta property=\"og:site_name\" content=\"Dolores\" \/>\n<meta property=\"article:publisher\" content=\"https:\/\/www.facebook.com\/doloresepood\/\" \/>\n<meta property=\"article:modified_time\" content=\"2025-07-01T08:06:22+00:00\" \/>\n<meta property=\"og:image\" content=\"https:\/\/dolores.ee\/wp-content\/uploads\/2025\/05\/seo.jpg\" \/>\n\t<meta property=\"og:image:width\" content=\"1200\" \/>\n\t<meta property=\"og:image:height\" content=\"675\" \/>\n\t<meta property=\"og:image:type\" content=\"image\/jpeg\" \/>\n<meta name=\"twitter:card\" content=\"summary_large_image\" \/>\n<meta name=\"twitter:label1\" content=\"Est. reading time\" \/>\n\t<meta name=\"twitter:data1\" content=\"1 minute\" \/>\n<script type=\"application\/ld+json\" class=\"yoast-schema-graph\">{\"@context\":\"https:\/\/schema.org\",\"@graph\":[{\"@type\":\"WebPage\",\"@id\":\"https:\/\/dolores.ee\/lv\/product\/gigi-texture-dynamic-day-make-up-spf30-light-01-50-ml\/\",\"url\":\"https:\/\/dolores.ee\/lv\/product\/gigi-texture-dynamic-day-make-up-spf30-light-01-50-ml\/\",\"name\":\"GIGI Texture Dynamic Day Make-Up SPF30 Light 01 50 ml ~ Dolores\",\"isPartOf\":{\"@id\":\"https:\/\/dolores.ee\/lv\/#website\"},\"primaryImageOfPage\":{\"@id\":\"https:\/\/dolores.ee\/lv\/product\/gigi-texture-dynamic-day-make-up-spf30-light-01-50-ml\/#primaryimage\"},\"image\":{\"@id\":\"https:\/\/dolores.ee\/lv\/product\/gigi-texture-dynamic-day-make-up-spf30-light-01-50-ml\/#primaryimage\"},\"thumbnailUrl\":\"https:\/\/dolores.ee\/wp-content\/uploads\/2024\/07\/451751726_7872333182842220_4342432939020995343_n.jpg\",\"datePublished\":\"2024-07-23T12:45:04+00:00\",\"dateModified\":\"2025-07-01T08:06:22+00:00\",\"breadcrumb\":{\"@id\":\"https:\/\/dolores.ee\/lv\/product\/gigi-texture-dynamic-day-make-up-spf30-light-01-50-ml\/#breadcrumb\"},\"inLanguage\":\"lv-LV\",\"potentialAction\":[{\"@type\":\"ReadAction\",\"target\":[\"https:\/\/dolores.ee\/lv\/product\/gigi-texture-dynamic-day-make-up-spf30-light-01-50-ml\/\"]}]},{\"@type\":\"ImageObject\",\"inLanguage\":\"lv-LV\",\"@id\":\"https:\/\/dolores.ee\/lv\/product\/gigi-texture-dynamic-day-make-up-spf30-light-01-50-ml\/#primaryimage\",\"url\":\"https:\/\/dolores.ee\/wp-content\/uploads\/2024\/07\/451751726_7872333182842220_4342432939020995343_n.jpg\",\"contentUrl\":\"https:\/\/dolores.ee\/wp-content\/uploads\/2024\/07\/451751726_7872333182842220_4342432939020995343_n.jpg\",\"width\":2048,\"height\":2048},{\"@type\":\"BreadcrumbList\",\"@id\":\"https:\/\/dolores.ee\/lv\/product\/gigi-texture-dynamic-day-make-up-spf30-light-01-50-ml\/#breadcrumb\",\"itemListElement\":[{\"@type\":\"ListItem\",\"position\":1,\"name\":\"Home\",\"item\":\"https:\/\/dolores.ee\/lv\/\"},{\"@type\":\"ListItem\",\"position\":2,\"name\":\"E-veikals\",\"item\":\"https:\/\/dolores.ee\/lv\/e-veikals\/\"},{\"@type\":\"ListItem\",\"position\":3,\"name\":\"GIGI Texture Dynamic Day Make-Up SPF30 Light 01 50 ml\"}]},{\"@type\":\"WebSite\",\"@id\":\"https:\/\/dolores.ee\/lv\/#website\",\"url\":\"https:\/\/dolores.ee\/lv\/\",\"name\":\"Dolores e-pood\",\"description\":\"Beauty Shop\",\"publisher\":{\"@id\":\"https:\/\/dolores.ee\/lv\/#organization\"},\"alternateName\":\"Dolores\",\"potentialAction\":[{\"@type\":\"SearchAction\",\"target\":{\"@type\":\"EntryPoint\",\"urlTemplate\":\"https:\/\/dolores.ee\/lv\/?s={search_term_string}\"},\"query-input\":{\"@type\":\"PropertyValueSpecification\",\"valueRequired\":true,\"valueName\":\"search_term_string\"}}],\"inLanguage\":\"lv-LV\"},{\"@type\":\"Organization\",\"@id\":\"https:\/\/dolores.ee\/lv\/#organization\",\"name\":\"Dolores O\u00dc\",\"alternateName\":\"Dolores e-pood\",\"url\":\"https:\/\/dolores.ee\/lv\/\",\"logo\":{\"@type\":\"ImageObject\",\"inLanguage\":\"lv-LV\",\"@id\":\"https:\/\/dolores.ee\/lv\/#\/schema\/logo\/image\/\",\"url\":\"https:\/\/dolores.ee\/wp-content\/uploads\/2025\/04\/logo-1.jpg\",\"contentUrl\":\"https:\/\/dolores.ee\/wp-content\/uploads\/2025\/04\/logo-1.jpg\",\"width\":1951,\"height\":660,\"caption\":\"Dolores O\u00dc\"},\"image\":{\"@id\":\"https:\/\/dolores.ee\/lv\/#\/schema\/logo\/image\/\"},\"sameAs\":[\"https:\/\/www.facebook.com\/doloresepood\/\"],\"description\":\"Dolores.ee on kaasaegne veebipood, kust leiad tuntud kaubam\u00e4rkide \u2013 GIGI, Anna Lotan, Hikari, Hlavin \u2013 originaalkosmeetikat. Pakume kvaliteetseid hooldustooteid taskukohaste hindadega ja kiire kohaletoimetamisega \u00fcle Eesti. Nahahooldus pole kunagi olnud nii lihtne ja soodne!\",\"email\":\"dolores@dolores.ee\",\"telephone\":\"372 644 2440\",\"legalName\":\"Dolores O\u00dc\",\"foundingDate\":\"1998-02-09\",\"vatID\":\"EE100050280\",\"numberOfEmployees\":{\"@type\":\"QuantitativeValue\",\"minValue\":\"11\",\"maxValue\":\"50\"}}]}<\/script>\n<!-- \/ Yoast SEO Premium plugin. -->","yoast_head_json":{"title":"GIGI Texture Dynamic Day Make-Up SPF30 Light 01 50 ml ~ Dolores","robots":{"index":"index","follow":"follow","max-snippet":"max-snippet:-1","max-image-preview":"max-image-preview:large","max-video-preview":"max-video-preview:-1"},"canonical":"https:\/\/dolores.ee\/lv\/product\/gigi-texture-dynamic-day-make-up-spf30-light-01-50-ml\/","og_locale":"lv_LV","og_type":"article","og_title":"GIGI Texture Dynamic Day Make-Up SPF30 Light 01 50 ml","og_description":"GIGI Texture Dynamic Day Make-Up SPF30 Light 01","og_url":"https:\/\/dolores.ee\/lv\/product\/gigi-texture-dynamic-day-make-up-spf30-light-01-50-ml\/","og_site_name":"Dolores","article_publisher":"https:\/\/www.facebook.com\/doloresepood\/","article_modified_time":"2025-07-01T08:06:22+00:00","og_image":[{"width":1200,"height":675,"url":"https:\/\/dolores.ee\/wp-content\/uploads\/2025\/05\/seo.jpg","type":"image\/jpeg"}],"twitter_card":"summary_large_image","twitter_misc":{"Est. reading time":"1 minute"},"schema":{"@context":"https:\/\/schema.org","@graph":[{"@type":"WebPage","@id":"https:\/\/dolores.ee\/lv\/product\/gigi-texture-dynamic-day-make-up-spf30-light-01-50-ml\/","url":"https:\/\/dolores.ee\/lv\/product\/gigi-texture-dynamic-day-make-up-spf30-light-01-50-ml\/","name":"GIGI Texture Dynamic Day Make-Up SPF30 Light 01 50 ml ~ Dolores","isPartOf":{"@id":"https:\/\/dolores.ee\/lv\/#website"},"primaryImageOfPage":{"@id":"https:\/\/dolores.ee\/lv\/product\/gigi-texture-dynamic-day-make-up-spf30-light-01-50-ml\/#primaryimage"},"image":{"@id":"https:\/\/dolores.ee\/lv\/product\/gigi-texture-dynamic-day-make-up-spf30-light-01-50-ml\/#primaryimage"},"thumbnailUrl":"https:\/\/dolores.ee\/wp-content\/uploads\/2024\/07\/451751726_7872333182842220_4342432939020995343_n.jpg","datePublished":"2024-07-23T12:45:04+00:00","dateModified":"2025-07-01T08:06:22+00:00","breadcrumb":{"@id":"https:\/\/dolores.ee\/lv\/product\/gigi-texture-dynamic-day-make-up-spf30-light-01-50-ml\/#breadcrumb"},"inLanguage":"lv-LV","potentialAction":[{"@type":"ReadAction","target":["https:\/\/dolores.ee\/lv\/product\/gigi-texture-dynamic-day-make-up-spf30-light-01-50-ml\/"]}]},{"@type":"ImageObject","inLanguage":"lv-LV","@id":"https:\/\/dolores.ee\/lv\/product\/gigi-texture-dynamic-day-make-up-spf30-light-01-50-ml\/#primaryimage","url":"https:\/\/dolores.ee\/wp-content\/uploads\/2024\/07\/451751726_7872333182842220_4342432939020995343_n.jpg","contentUrl":"https:\/\/dolores.ee\/wp-content\/uploads\/2024\/07\/451751726_7872333182842220_4342432939020995343_n.jpg","width":2048,"height":2048},{"@type":"BreadcrumbList","@id":"https:\/\/dolores.ee\/lv\/product\/gigi-texture-dynamic-day-make-up-spf30-light-01-50-ml\/#breadcrumb","itemListElement":[{"@type":"ListItem","position":1,"name":"Home","item":"https:\/\/dolores.ee\/lv\/"},{"@type":"ListItem","position":2,"name":"E-veikals","item":"https:\/\/dolores.ee\/lv\/e-veikals\/"},{"@type":"ListItem","position":3,"name":"GIGI Texture Dynamic Day Make-Up SPF30 Light 01 50 ml"}]},{"@type":"WebSite","@id":"https:\/\/dolores.ee\/lv\/#website","url":"https:\/\/dolores.ee\/lv\/","name":"Dolores e-pood","description":"Beauty Shop","publisher":{"@id":"https:\/\/dolores.ee\/lv\/#organization"},"alternateName":"Dolores","potentialAction":[{"@type":"SearchAction","target":{"@type":"EntryPoint","urlTemplate":"https:\/\/dolores.ee\/lv\/?s={search_term_string}"},"query-input":{"@type":"PropertyValueSpecification","valueRequired":true,"valueName":"search_term_string"}}],"inLanguage":"lv-LV"},{"@type":"Organization","@id":"https:\/\/dolores.ee\/lv\/#organization","name":"Dolores O\u00dc","alternateName":"Dolores e-pood","url":"https:\/\/dolores.ee\/lv\/","logo":{"@type":"ImageObject","inLanguage":"lv-LV","@id":"https:\/\/dolores.ee\/lv\/#\/schema\/logo\/image\/","url":"https:\/\/dolores.ee\/wp-content\/uploads\/2025\/04\/logo-1.jpg","contentUrl":"https:\/\/dolores.ee\/wp-content\/uploads\/2025\/04\/logo-1.jpg","width":1951,"height":660,"caption":"Dolores O\u00dc"},"image":{"@id":"https:\/\/dolores.ee\/lv\/#\/schema\/logo\/image\/"},"sameAs":["https:\/\/www.facebook.com\/doloresepood\/"],"description":"Dolores.ee on kaasaegne veebipood, kust leiad tuntud kaubam\u00e4rkide \u2013 GIGI, Anna Lotan, Hikari, Hlavin \u2013 originaalkosmeetikat. Pakume kvaliteetseid hooldustooteid taskukohaste hindadega ja kiire kohaletoimetamisega \u00fcle Eesti. Nahahooldus pole kunagi olnud nii lihtne ja soodne!","email":"dolores@dolores.ee","telephone":"372 644 2440","legalName":"Dolores O\u00dc","foundingDate":"1998-02-09","vatID":"EE100050280","numberOfEmployees":{"@type":"QuantitativeValue","minValue":"11","maxValue":"50"}}]}},"_links":{"self":[{"href":"https:\/\/dolores.ee\/lv\/wp-json\/wp\/v2\/product\/998069","targetHints":{"allow":["GET"]}}],"collection":[{"href":"https:\/\/dolores.ee\/lv\/wp-json\/wp\/v2\/product"}],"about":[{"href":"https:\/\/dolores.ee\/lv\/wp-json\/wp\/v2\/types\/product"}],"replies":[{"embeddable":true,"href":"https:\/\/dolores.ee\/lv\/wp-json\/wp\/v2\/comments?post=998069"}],"version-history":[{"count":1,"href":"https:\/\/dolores.ee\/lv\/wp-json\/wp\/v2\/product\/998069\/revisions"}],"predecessor-version":[{"id":998075,"href":"https:\/\/dolores.ee\/lv\/wp-json\/wp\/v2\/product\/998069\/revisions\/998075"}],"wp:featuredmedia":[{"embeddable":true,"href":"https:\/\/dolores.ee\/lv\/wp-json\/wp\/v2\/media\/359395"}],"wp:attachment":[{"href":"https:\/\/dolores.ee\/lv\/wp-json\/wp\/v2\/media?parent=998069"}],"wp:term":[{"taxonomy":"product_brand","embeddable":true,"href":"https:\/\/dolores.ee\/lv\/wp-json\/wp\/v2\/product_brand?post=998069"},{"taxonomy":"product_cat","embeddable":true,"href":"https:\/\/dolores.ee\/lv\/wp-json\/wp\/v2\/product_cat?post=998069"},{"taxonomy":"product_tag","embeddable":true,"href":"https:\/\/dolores.ee\/lv\/wp-json\/wp\/v2\/product_tag?post=998069"},{"taxonomy":"giftcard-category","embeddable":true,"href":"https:\/\/dolores.ee\/lv\/wp-json\/wp\/v2\/giftcard-category?post=998069"}],"curies":[{"name":"wp","href":"https:\/\/api.w.org\/{rel}","templated":true}]}}