{"id":998079,"date":"2024-02-19T14:30:31","date_gmt":"2024-02-19T12:30:31","guid":{"rendered":"https:\/\/dolores.ee\/product\/gigi-3d-hyalu-fill-lip-treatment-balm-20-ml\/"},"modified":"2025-07-01T11:06:22","modified_gmt":"2025-07-01T08:06:22","slug":"gigi-3d-hyalu-fill-lip-treatment-balm-20-ml","status":"publish","type":"product","link":"https:\/\/dolores.ee\/lv\/product\/gigi-3d-hyalu-fill-lip-treatment-balm-20-ml\/","title":{"rendered":"GIGI 3D HYALU FILL LIP TREATMENT BALM 20 ml"},"content":{"rendered":"<div class=\"vgblk-rw-wrapper limit-wrapper\">\n<p data-start=\"113\" data-end=\"542\"><strong data-start=\"113\" data-end=\"139\">Mitrino\u0161s l\u016bpu balzams<\/strong><br data-start=\"139\" data-end=\"142\" \/>Efekt\u012bvi mazina sausumu un plais\u0101\u0161anu uz l\u016bp\u0101m. Satur \u0161\u012b sviestu un augu vaskus, kas bag\u0101tina pl\u0101no l\u016bpu \u0101du ar vitam\u012bniem un antioksidantiem. Kurkumas un gran\u0101t\u0101bola ekstrakti, koenz\u012bms Q10 un bisabolols uzlabo \u0101das elast\u012bbu un c\u012bn\u0101s ar br\u012bvajiem radik\u0101\u013ciem. Balzams pal\u012bdz saglab\u0101t mitrumu, redzami izl\u012bdzina \u0101du un samazina smalk\u0101s grumbi\u0146as. P\u0113c uzkl\u0101\u0161anas l\u016bpas k\u013c\u016bst pat\u012bkami m\u012bkstas un koptas.<\/p>\n<p data-start=\"544\" data-end=\"653\"><strong data-start=\"544\" data-end=\"558\">Lieto\u0161ana:<\/strong> Uzkl\u0101jiet balzamu bag\u0101t\u012bg\u0101 sl\u0101n\u012b uz t\u012br\u0101m l\u016bp\u0101m, no kur\u0101m ir no\u0146emts l\u016bpu kosm\u0113tikas atlikums.<\/p>\n<p data-start=\"655\" data-end=\"1286\"><strong data-start=\"655\" data-end=\"667\">Sast\u0101vs:<\/strong> <em data-start=\"668\" data-end=\"1286\">Butene\/Isobutene copolymer, hydrogenated polyisobutene, microcrystalline wax, synthetic wax, Butyrospermum Parkii (\u0161\u012b sviests), polyglyceryl-3 disostearate, Simmondsia Chinensis (jojobas) s\u0113klu e\u013c\u013ca, Elaeis Guineensis (palmu) sviests, Allium Cepa (s\u012bpola) s\u0113klu e\u013c\u013ca, Candelilla Cera (kandelilas vasks), mica, ascorbyl tetraisopalmitate, tokoferilacet\u0101ts, titanium dioxide, Punica Granatum (gran\u0101t\u0101bola) ekstrakts, stevioside, Cocos Nucifera (kokosriekstu) e\u013c\u013ca, Ricinus Communis (r\u012bcine\u013c\u013cas) s\u0113klu e\u013c\u013ca, arom\u0101ts, CI 45410, ubikinons (koenz\u012bms Q10), bisabolols, Curcuma Longa (kurkumas) saknes ekstrakts, tokoferols.<\/em><\/p>\n<\/div>\n<p><!-- .vgblk-rw-wrapper --><\/p>\n","protected":false},"excerpt":{"rendered":"<p>GIGI 3D HYALU FILL LIP TREATMENT BALM<\/p>\n","protected":false},"featured_media":354995,"comment_status":"open","ping_status":"closed","template":"","meta":[],"product_brand":[],"product_cat":[719,676,718],"product_tag":[],"giftcard-category":[],"class_list":{"0":"post-998079","1":"product","2":"type-product","3":"status-publish","4":"has-post-thumbnail","6":"product_cat-lupu-kopsana","7":"product_cat-sale-lv","8":"product_cat-sejas-kopsana","10":"first","11":"instock","12":"taxable","13":"shipping-taxable","14":"purchasable","15":"product-type-simple"},"yoast_head":"<!-- This site is optimized with the Yoast SEO Premium plugin v25.1 (Yoast SEO v25.7) - https:\/\/yoast.com\/wordpress\/plugins\/seo\/ -->\n<title>GIGI 3D HYALU FILL LIP TREATMENT BALM 20 ml ~ Dolores<\/title>\n<meta name=\"robots\" content=\"index, follow, max-snippet:-1, max-image-preview:large, max-video-preview:-1\" \/>\n<link rel=\"canonical\" href=\"https:\/\/dolores.ee\/lv\/product\/gigi-3d-hyalu-fill-lip-treatment-balm-20-ml\/\" \/>\n<meta property=\"og:locale\" content=\"lv_LV\" \/>\n<meta property=\"og:type\" content=\"article\" \/>\n<meta property=\"og:title\" content=\"GIGI 3D HYALU FILL LIP TREATMENT BALM 20 ml\" \/>\n<meta property=\"og:description\" content=\"GIGI 3D HYALU FILL LIP TREATMENT BALM\" \/>\n<meta property=\"og:url\" content=\"https:\/\/dolores.ee\/lv\/product\/gigi-3d-hyalu-fill-lip-treatment-balm-20-ml\/\" \/>\n<meta property=\"og:site_name\" content=\"Dolores\" \/>\n<meta property=\"article:publisher\" content=\"https:\/\/www.facebook.com\/doloresepood\/\" \/>\n<meta property=\"article:modified_time\" content=\"2025-07-01T08:06:22+00:00\" \/>\n<meta property=\"og:image\" content=\"https:\/\/dolores.ee\/wp-content\/uploads\/2025\/05\/seo.jpg\" \/>\n\t<meta property=\"og:image:width\" content=\"1200\" \/>\n\t<meta property=\"og:image:height\" content=\"675\" \/>\n\t<meta property=\"og:image:type\" content=\"image\/jpeg\" \/>\n<meta name=\"twitter:card\" content=\"summary_large_image\" \/>\n<meta name=\"twitter:label1\" content=\"Est. reading time\" \/>\n\t<meta name=\"twitter:data1\" content=\"1 minute\" \/>\n<script type=\"application\/ld+json\" class=\"yoast-schema-graph\">{\"@context\":\"https:\/\/schema.org\",\"@graph\":[{\"@type\":\"WebPage\",\"@id\":\"https:\/\/dolores.ee\/lv\/product\/gigi-3d-hyalu-fill-lip-treatment-balm-20-ml\/\",\"url\":\"https:\/\/dolores.ee\/lv\/product\/gigi-3d-hyalu-fill-lip-treatment-balm-20-ml\/\",\"name\":\"GIGI 3D HYALU FILL LIP TREATMENT BALM 20 ml ~ Dolores\",\"isPartOf\":{\"@id\":\"https:\/\/dolores.ee\/lv\/#website\"},\"primaryImageOfPage\":{\"@id\":\"https:\/\/dolores.ee\/lv\/product\/gigi-3d-hyalu-fill-lip-treatment-balm-20-ml\/#primaryimage\"},\"image\":{\"@id\":\"https:\/\/dolores.ee\/lv\/product\/gigi-3d-hyalu-fill-lip-treatment-balm-20-ml\/#primaryimage\"},\"thumbnailUrl\":\"https:\/\/dolores.ee\/wp-content\/uploads\/2024\/02\/13007-3D-Hyalu-Fill-Lip-Balm-1-scaled-1.jpg\",\"datePublished\":\"2024-02-19T12:30:31+00:00\",\"dateModified\":\"2025-07-01T08:06:22+00:00\",\"breadcrumb\":{\"@id\":\"https:\/\/dolores.ee\/lv\/product\/gigi-3d-hyalu-fill-lip-treatment-balm-20-ml\/#breadcrumb\"},\"inLanguage\":\"lv-LV\",\"potentialAction\":[{\"@type\":\"ReadAction\",\"target\":[\"https:\/\/dolores.ee\/lv\/product\/gigi-3d-hyalu-fill-lip-treatment-balm-20-ml\/\"]}]},{\"@type\":\"ImageObject\",\"inLanguage\":\"lv-LV\",\"@id\":\"https:\/\/dolores.ee\/lv\/product\/gigi-3d-hyalu-fill-lip-treatment-balm-20-ml\/#primaryimage\",\"url\":\"https:\/\/dolores.ee\/wp-content\/uploads\/2024\/02\/13007-3D-Hyalu-Fill-Lip-Balm-1-scaled-1.jpg\",\"contentUrl\":\"https:\/\/dolores.ee\/wp-content\/uploads\/2024\/02\/13007-3D-Hyalu-Fill-Lip-Balm-1-scaled-1.jpg\",\"width\":1920,\"height\":1536},{\"@type\":\"BreadcrumbList\",\"@id\":\"https:\/\/dolores.ee\/lv\/product\/gigi-3d-hyalu-fill-lip-treatment-balm-20-ml\/#breadcrumb\",\"itemListElement\":[{\"@type\":\"ListItem\",\"position\":1,\"name\":\"Home\",\"item\":\"https:\/\/dolores.ee\/lv\/\"},{\"@type\":\"ListItem\",\"position\":2,\"name\":\"E-veikals\",\"item\":\"https:\/\/dolores.ee\/lv\/e-veikals\/\"},{\"@type\":\"ListItem\",\"position\":3,\"name\":\"GIGI 3D HYALU FILL LIP TREATMENT BALM 20 ml\"}]},{\"@type\":\"WebSite\",\"@id\":\"https:\/\/dolores.ee\/lv\/#website\",\"url\":\"https:\/\/dolores.ee\/lv\/\",\"name\":\"Dolores e-pood\",\"description\":\"Beauty Shop\",\"publisher\":{\"@id\":\"https:\/\/dolores.ee\/lv\/#organization\"},\"alternateName\":\"Dolores\",\"potentialAction\":[{\"@type\":\"SearchAction\",\"target\":{\"@type\":\"EntryPoint\",\"urlTemplate\":\"https:\/\/dolores.ee\/lv\/?s={search_term_string}\"},\"query-input\":{\"@type\":\"PropertyValueSpecification\",\"valueRequired\":true,\"valueName\":\"search_term_string\"}}],\"inLanguage\":\"lv-LV\"},{\"@type\":\"Organization\",\"@id\":\"https:\/\/dolores.ee\/lv\/#organization\",\"name\":\"Dolores O\u00dc\",\"alternateName\":\"Dolores e-pood\",\"url\":\"https:\/\/dolores.ee\/lv\/\",\"logo\":{\"@type\":\"ImageObject\",\"inLanguage\":\"lv-LV\",\"@id\":\"https:\/\/dolores.ee\/lv\/#\/schema\/logo\/image\/\",\"url\":\"https:\/\/dolores.ee\/wp-content\/uploads\/2025\/04\/logo-1.jpg\",\"contentUrl\":\"https:\/\/dolores.ee\/wp-content\/uploads\/2025\/04\/logo-1.jpg\",\"width\":1951,\"height\":660,\"caption\":\"Dolores O\u00dc\"},\"image\":{\"@id\":\"https:\/\/dolores.ee\/lv\/#\/schema\/logo\/image\/\"},\"sameAs\":[\"https:\/\/www.facebook.com\/doloresepood\/\"],\"description\":\"Dolores.ee on kaasaegne veebipood, kust leiad tuntud kaubam\u00e4rkide \u2013 GIGI, Anna Lotan, Hikari, Hlavin \u2013 originaalkosmeetikat. Pakume kvaliteetseid hooldustooteid taskukohaste hindadega ja kiire kohaletoimetamisega \u00fcle Eesti. Nahahooldus pole kunagi olnud nii lihtne ja soodne!\",\"email\":\"dolores@dolores.ee\",\"telephone\":\"372 644 2440\",\"legalName\":\"Dolores O\u00dc\",\"foundingDate\":\"1998-02-09\",\"vatID\":\"EE100050280\",\"numberOfEmployees\":{\"@type\":\"QuantitativeValue\",\"minValue\":\"11\",\"maxValue\":\"50\"}}]}<\/script>\n<!-- \/ Yoast SEO Premium plugin. -->","yoast_head_json":{"title":"GIGI 3D HYALU FILL LIP TREATMENT BALM 20 ml ~ Dolores","robots":{"index":"index","follow":"follow","max-snippet":"max-snippet:-1","max-image-preview":"max-image-preview:large","max-video-preview":"max-video-preview:-1"},"canonical":"https:\/\/dolores.ee\/lv\/product\/gigi-3d-hyalu-fill-lip-treatment-balm-20-ml\/","og_locale":"lv_LV","og_type":"article","og_title":"GIGI 3D HYALU FILL LIP TREATMENT BALM 20 ml","og_description":"GIGI 3D HYALU FILL LIP TREATMENT BALM","og_url":"https:\/\/dolores.ee\/lv\/product\/gigi-3d-hyalu-fill-lip-treatment-balm-20-ml\/","og_site_name":"Dolores","article_publisher":"https:\/\/www.facebook.com\/doloresepood\/","article_modified_time":"2025-07-01T08:06:22+00:00","og_image":[{"width":1200,"height":675,"url":"https:\/\/dolores.ee\/wp-content\/uploads\/2025\/05\/seo.jpg","type":"image\/jpeg"}],"twitter_card":"summary_large_image","twitter_misc":{"Est. reading time":"1 minute"},"schema":{"@context":"https:\/\/schema.org","@graph":[{"@type":"WebPage","@id":"https:\/\/dolores.ee\/lv\/product\/gigi-3d-hyalu-fill-lip-treatment-balm-20-ml\/","url":"https:\/\/dolores.ee\/lv\/product\/gigi-3d-hyalu-fill-lip-treatment-balm-20-ml\/","name":"GIGI 3D HYALU FILL LIP TREATMENT BALM 20 ml ~ Dolores","isPartOf":{"@id":"https:\/\/dolores.ee\/lv\/#website"},"primaryImageOfPage":{"@id":"https:\/\/dolores.ee\/lv\/product\/gigi-3d-hyalu-fill-lip-treatment-balm-20-ml\/#primaryimage"},"image":{"@id":"https:\/\/dolores.ee\/lv\/product\/gigi-3d-hyalu-fill-lip-treatment-balm-20-ml\/#primaryimage"},"thumbnailUrl":"https:\/\/dolores.ee\/wp-content\/uploads\/2024\/02\/13007-3D-Hyalu-Fill-Lip-Balm-1-scaled-1.jpg","datePublished":"2024-02-19T12:30:31+00:00","dateModified":"2025-07-01T08:06:22+00:00","breadcrumb":{"@id":"https:\/\/dolores.ee\/lv\/product\/gigi-3d-hyalu-fill-lip-treatment-balm-20-ml\/#breadcrumb"},"inLanguage":"lv-LV","potentialAction":[{"@type":"ReadAction","target":["https:\/\/dolores.ee\/lv\/product\/gigi-3d-hyalu-fill-lip-treatment-balm-20-ml\/"]}]},{"@type":"ImageObject","inLanguage":"lv-LV","@id":"https:\/\/dolores.ee\/lv\/product\/gigi-3d-hyalu-fill-lip-treatment-balm-20-ml\/#primaryimage","url":"https:\/\/dolores.ee\/wp-content\/uploads\/2024\/02\/13007-3D-Hyalu-Fill-Lip-Balm-1-scaled-1.jpg","contentUrl":"https:\/\/dolores.ee\/wp-content\/uploads\/2024\/02\/13007-3D-Hyalu-Fill-Lip-Balm-1-scaled-1.jpg","width":1920,"height":1536},{"@type":"BreadcrumbList","@id":"https:\/\/dolores.ee\/lv\/product\/gigi-3d-hyalu-fill-lip-treatment-balm-20-ml\/#breadcrumb","itemListElement":[{"@type":"ListItem","position":1,"name":"Home","item":"https:\/\/dolores.ee\/lv\/"},{"@type":"ListItem","position":2,"name":"E-veikals","item":"https:\/\/dolores.ee\/lv\/e-veikals\/"},{"@type":"ListItem","position":3,"name":"GIGI 3D HYALU FILL LIP TREATMENT BALM 20 ml"}]},{"@type":"WebSite","@id":"https:\/\/dolores.ee\/lv\/#website","url":"https:\/\/dolores.ee\/lv\/","name":"Dolores e-pood","description":"Beauty Shop","publisher":{"@id":"https:\/\/dolores.ee\/lv\/#organization"},"alternateName":"Dolores","potentialAction":[{"@type":"SearchAction","target":{"@type":"EntryPoint","urlTemplate":"https:\/\/dolores.ee\/lv\/?s={search_term_string}"},"query-input":{"@type":"PropertyValueSpecification","valueRequired":true,"valueName":"search_term_string"}}],"inLanguage":"lv-LV"},{"@type":"Organization","@id":"https:\/\/dolores.ee\/lv\/#organization","name":"Dolores O\u00dc","alternateName":"Dolores e-pood","url":"https:\/\/dolores.ee\/lv\/","logo":{"@type":"ImageObject","inLanguage":"lv-LV","@id":"https:\/\/dolores.ee\/lv\/#\/schema\/logo\/image\/","url":"https:\/\/dolores.ee\/wp-content\/uploads\/2025\/04\/logo-1.jpg","contentUrl":"https:\/\/dolores.ee\/wp-content\/uploads\/2025\/04\/logo-1.jpg","width":1951,"height":660,"caption":"Dolores O\u00dc"},"image":{"@id":"https:\/\/dolores.ee\/lv\/#\/schema\/logo\/image\/"},"sameAs":["https:\/\/www.facebook.com\/doloresepood\/"],"description":"Dolores.ee on kaasaegne veebipood, kust leiad tuntud kaubam\u00e4rkide \u2013 GIGI, Anna Lotan, Hikari, Hlavin \u2013 originaalkosmeetikat. Pakume kvaliteetseid hooldustooteid taskukohaste hindadega ja kiire kohaletoimetamisega \u00fcle Eesti. Nahahooldus pole kunagi olnud nii lihtne ja soodne!","email":"dolores@dolores.ee","telephone":"372 644 2440","legalName":"Dolores O\u00dc","foundingDate":"1998-02-09","vatID":"EE100050280","numberOfEmployees":{"@type":"QuantitativeValue","minValue":"11","maxValue":"50"}}]}},"_links":{"self":[{"href":"https:\/\/dolores.ee\/lv\/wp-json\/wp\/v2\/product\/998079","targetHints":{"allow":["GET"]}}],"collection":[{"href":"https:\/\/dolores.ee\/lv\/wp-json\/wp\/v2\/product"}],"about":[{"href":"https:\/\/dolores.ee\/lv\/wp-json\/wp\/v2\/types\/product"}],"replies":[{"embeddable":true,"href":"https:\/\/dolores.ee\/lv\/wp-json\/wp\/v2\/comments?post=998079"}],"version-history":[{"count":1,"href":"https:\/\/dolores.ee\/lv\/wp-json\/wp\/v2\/product\/998079\/revisions"}],"predecessor-version":[{"id":998174,"href":"https:\/\/dolores.ee\/lv\/wp-json\/wp\/v2\/product\/998079\/revisions\/998174"}],"wp:featuredmedia":[{"embeddable":true,"href":"https:\/\/dolores.ee\/lv\/wp-json\/wp\/v2\/media\/354995"}],"wp:attachment":[{"href":"https:\/\/dolores.ee\/lv\/wp-json\/wp\/v2\/media?parent=998079"}],"wp:term":[{"taxonomy":"product_brand","embeddable":true,"href":"https:\/\/dolores.ee\/lv\/wp-json\/wp\/v2\/product_brand?post=998079"},{"taxonomy":"product_cat","embeddable":true,"href":"https:\/\/dolores.ee\/lv\/wp-json\/wp\/v2\/product_cat?post=998079"},{"taxonomy":"product_tag","embeddable":true,"href":"https:\/\/dolores.ee\/lv\/wp-json\/wp\/v2\/product_tag?post=998079"},{"taxonomy":"giftcard-category","embeddable":true,"href":"https:\/\/dolores.ee\/lv\/wp-json\/wp\/v2\/giftcard-category?post=998079"}],"curies":[{"name":"wp","href":"https:\/\/api.w.org\/{rel}","templated":true}]}}