{"id":998089,"date":"2023-11-02T15:24:26","date_gmt":"2023-11-02T13:24:26","guid":{"rendered":"https:\/\/dolores.ee\/product\/gigi-aroma-essence-micro-plants-ph-balanced-cleanser-for-all-skin-types-200-ml\/"},"modified":"2025-07-01T11:06:22","modified_gmt":"2025-07-01T08:06:22","slug":"gigi-aroma-essence-micro-plants-ph-balanced-cleanser-for-all-skin-types-200-ml","status":"publish","type":"product","link":"https:\/\/dolores.ee\/lv\/product\/gigi-aroma-essence-micro-plants-ph-balanced-cleanser-for-all-skin-types-200-ml\/","title":{"rendered":"GIGI Aroma Essence Micro Plants PH Balanced Cleanser for All Skin Types 200 ml"},"content":{"rendered":"<div class=\"vgblk-rw-wrapper limit-wrapper\">\n<p data-start=\"96\" data-end=\"541\"><strong data-start=\"96\" data-end=\"179\">Jaunas paaudzes dab\u012bgi t\u012br\u012b\u0161anas l\u012bdzek\u013ci maigas sejas \u0101das efekt\u012bvai kop\u0161anai.<\/strong><br data-start=\"179\" data-end=\"182\" \/>No\u0146em net\u012brumus un grimu, satur neema koka lapu ekstraktu, E vitam\u012bnu, dab\u012bgu citronsk\u0101bi un glicer\u012bnu. Mitrina, nomierina, m\u012bkstina un atjauno \u0101du, k\u0101 ar\u012b mazina iekaisumu. Tam ir pretiekaisuma, antibakteri\u0101la un antioksidanta iedarb\u012bba. Stiprina asinsvadu sieni\u0146as un c\u012bn\u0101s pret kuperozi. Toniz\u0113 \u0101du, padara to skaidr\u0101ku un samazina pigment\u0101cijas plankumus.<\/p>\n<p data-start=\"543\" data-end=\"642\"><strong data-start=\"543\" data-end=\"569\">Lieto\u0161anas nor\u0101d\u012bjumi:<\/strong> uzkl\u0101jiet 3 ml uz mitras sejas \u0101das, iemas\u0113jiet un noskalojiet ar \u016bdeni.<\/p>\n<p data-start=\"644\" data-end=\"966\"><strong data-start=\"644\" data-end=\"656\">Sast\u0101vs:<\/strong> <em data-start=\"657\" data-end=\"966\">Water (Aqua), Sodium Lauryl Sulfate, Sodium Chloride, Glycerin, Cocamidopropyl Betaine, Cocamide DEA, Capric\/Capric Triglyceride, Gluconolactone, Fragrance (Parfum), Sodium Benzoate, Laureth-2, Sodium Sulfate, Citric Acid, Disodium EDTA, Melia Azadirachta Leaf Extract, Polyquaternium-7, Tocopheryl Acetate.<\/em><\/p>\n<\/div>\n<p><!-- .vgblk-rw-wrapper --><\/p>\n","protected":false},"excerpt":{"rendered":"<p>GIGI Aroma Essence Micro Plants Tasakaalustatud pH-ga puhastusvahend k\u00f5ikidele nahat\u00fc\u00fcpidele<\/p>\n","protected":false},"featured_media":352179,"comment_status":"open","ping_status":"closed","template":"","meta":[],"product_brand":[],"product_cat":[676,718,726],"product_tag":[],"giftcard-category":[],"class_list":{"0":"post-998089","1":"product","2":"type-product","3":"status-publish","4":"has-post-thumbnail","6":"product_cat-sale-lv","7":"product_cat-sejas-kopsana","8":"product_cat-tirisana","10":"first","11":"instock","12":"taxable","13":"shipping-taxable","14":"purchasable","15":"product-type-simple"},"yoast_head":"<!-- This site is optimized with the Yoast SEO Premium plugin v25.1 (Yoast SEO v25.7) - https:\/\/yoast.com\/wordpress\/plugins\/seo\/ -->\n<title>GIGI Aroma Essence Micro Plants PH Balanced Cleanser for All Skin Types 200 ml ~ Dolores<\/title>\n<meta name=\"robots\" content=\"index, follow, max-snippet:-1, max-image-preview:large, max-video-preview:-1\" \/>\n<link rel=\"canonical\" href=\"https:\/\/dolores.ee\/lv\/product\/gigi-aroma-essence-micro-plants-ph-balanced-cleanser-for-all-skin-types-200-ml\/\" \/>\n<meta property=\"og:locale\" content=\"lv_LV\" \/>\n<meta property=\"og:type\" content=\"article\" \/>\n<meta property=\"og:title\" content=\"GIGI Aroma Essence Micro Plants PH Balanced Cleanser for All Skin Types 200 ml\" \/>\n<meta property=\"og:description\" content=\"GIGI Aroma Essence Micro Plants Tasakaalustatud pH-ga puhastusvahend k\u00f5ikidele nahat\u00fc\u00fcpidele\" \/>\n<meta property=\"og:url\" content=\"https:\/\/dolores.ee\/lv\/product\/gigi-aroma-essence-micro-plants-ph-balanced-cleanser-for-all-skin-types-200-ml\/\" \/>\n<meta property=\"og:site_name\" content=\"Dolores\" \/>\n<meta property=\"article:publisher\" content=\"https:\/\/www.facebook.com\/doloresepood\/\" \/>\n<meta property=\"article:modified_time\" content=\"2025-07-01T08:06:22+00:00\" \/>\n<meta property=\"og:image\" content=\"https:\/\/dolores.ee\/wp-content\/uploads\/2025\/05\/seo.jpg\" \/>\n\t<meta property=\"og:image:width\" content=\"1200\" \/>\n\t<meta property=\"og:image:height\" content=\"675\" \/>\n\t<meta property=\"og:image:type\" content=\"image\/jpeg\" \/>\n<meta name=\"twitter:card\" content=\"summary_large_image\" \/>\n<meta name=\"twitter:label1\" content=\"Est. reading time\" \/>\n\t<meta name=\"twitter:data1\" content=\"1 minute\" \/>\n<script type=\"application\/ld+json\" class=\"yoast-schema-graph\">{\"@context\":\"https:\/\/schema.org\",\"@graph\":[{\"@type\":\"WebPage\",\"@id\":\"https:\/\/dolores.ee\/lv\/product\/gigi-aroma-essence-micro-plants-ph-balanced-cleanser-for-all-skin-types-200-ml\/\",\"url\":\"https:\/\/dolores.ee\/lv\/product\/gigi-aroma-essence-micro-plants-ph-balanced-cleanser-for-all-skin-types-200-ml\/\",\"name\":\"GIGI Aroma Essence Micro Plants PH Balanced Cleanser for All Skin Types 200 ml ~ Dolores\",\"isPartOf\":{\"@id\":\"https:\/\/dolores.ee\/lv\/#website\"},\"primaryImageOfPage\":{\"@id\":\"https:\/\/dolores.ee\/lv\/product\/gigi-aroma-essence-micro-plants-ph-balanced-cleanser-for-all-skin-types-200-ml\/#primaryimage\"},\"image\":{\"@id\":\"https:\/\/dolores.ee\/lv\/product\/gigi-aroma-essence-micro-plants-ph-balanced-cleanser-for-all-skin-types-200-ml\/#primaryimage\"},\"thumbnailUrl\":\"https:\/\/dolores.ee\/wp-content\/uploads\/2023\/11\/32594.970.jpg\",\"datePublished\":\"2023-11-02T13:24:26+00:00\",\"dateModified\":\"2025-07-01T08:06:22+00:00\",\"breadcrumb\":{\"@id\":\"https:\/\/dolores.ee\/lv\/product\/gigi-aroma-essence-micro-plants-ph-balanced-cleanser-for-all-skin-types-200-ml\/#breadcrumb\"},\"inLanguage\":\"lv-LV\",\"potentialAction\":[{\"@type\":\"ReadAction\",\"target\":[\"https:\/\/dolores.ee\/lv\/product\/gigi-aroma-essence-micro-plants-ph-balanced-cleanser-for-all-skin-types-200-ml\/\"]}]},{\"@type\":\"ImageObject\",\"inLanguage\":\"lv-LV\",\"@id\":\"https:\/\/dolores.ee\/lv\/product\/gigi-aroma-essence-micro-plants-ph-balanced-cleanser-for-all-skin-types-200-ml\/#primaryimage\",\"url\":\"https:\/\/dolores.ee\/wp-content\/uploads\/2023\/11\/32594.970.jpg\",\"contentUrl\":\"https:\/\/dolores.ee\/wp-content\/uploads\/2023\/11\/32594.970.jpg\",\"width\":900,\"height\":900},{\"@type\":\"BreadcrumbList\",\"@id\":\"https:\/\/dolores.ee\/lv\/product\/gigi-aroma-essence-micro-plants-ph-balanced-cleanser-for-all-skin-types-200-ml\/#breadcrumb\",\"itemListElement\":[{\"@type\":\"ListItem\",\"position\":1,\"name\":\"Home\",\"item\":\"https:\/\/dolores.ee\/lv\/\"},{\"@type\":\"ListItem\",\"position\":2,\"name\":\"E-veikals\",\"item\":\"https:\/\/dolores.ee\/lv\/e-veikals\/\"},{\"@type\":\"ListItem\",\"position\":3,\"name\":\"GIGI Aroma Essence Micro Plants PH Balanced Cleanser for All Skin Types 200 ml\"}]},{\"@type\":\"WebSite\",\"@id\":\"https:\/\/dolores.ee\/lv\/#website\",\"url\":\"https:\/\/dolores.ee\/lv\/\",\"name\":\"Dolores e-pood\",\"description\":\"Beauty Shop\",\"publisher\":{\"@id\":\"https:\/\/dolores.ee\/lv\/#organization\"},\"alternateName\":\"Dolores\",\"potentialAction\":[{\"@type\":\"SearchAction\",\"target\":{\"@type\":\"EntryPoint\",\"urlTemplate\":\"https:\/\/dolores.ee\/lv\/?s={search_term_string}\"},\"query-input\":{\"@type\":\"PropertyValueSpecification\",\"valueRequired\":true,\"valueName\":\"search_term_string\"}}],\"inLanguage\":\"lv-LV\"},{\"@type\":\"Organization\",\"@id\":\"https:\/\/dolores.ee\/lv\/#organization\",\"name\":\"Dolores O\u00dc\",\"alternateName\":\"Dolores e-pood\",\"url\":\"https:\/\/dolores.ee\/lv\/\",\"logo\":{\"@type\":\"ImageObject\",\"inLanguage\":\"lv-LV\",\"@id\":\"https:\/\/dolores.ee\/lv\/#\/schema\/logo\/image\/\",\"url\":\"https:\/\/dolores.ee\/wp-content\/uploads\/2025\/04\/logo-1.jpg\",\"contentUrl\":\"https:\/\/dolores.ee\/wp-content\/uploads\/2025\/04\/logo-1.jpg\",\"width\":1951,\"height\":660,\"caption\":\"Dolores O\u00dc\"},\"image\":{\"@id\":\"https:\/\/dolores.ee\/lv\/#\/schema\/logo\/image\/\"},\"sameAs\":[\"https:\/\/www.facebook.com\/doloresepood\/\"],\"description\":\"Dolores.ee on kaasaegne veebipood, kust leiad tuntud kaubam\u00e4rkide \u2013 GIGI, Anna Lotan, Hikari, Hlavin \u2013 originaalkosmeetikat. Pakume kvaliteetseid hooldustooteid taskukohaste hindadega ja kiire kohaletoimetamisega \u00fcle Eesti. Nahahooldus pole kunagi olnud nii lihtne ja soodne!\",\"email\":\"dolores@dolores.ee\",\"telephone\":\"372 644 2440\",\"legalName\":\"Dolores O\u00dc\",\"foundingDate\":\"1998-02-09\",\"vatID\":\"EE100050280\",\"numberOfEmployees\":{\"@type\":\"QuantitativeValue\",\"minValue\":\"11\",\"maxValue\":\"50\"}}]}<\/script>\n<!-- \/ Yoast SEO Premium plugin. -->","yoast_head_json":{"title":"GIGI Aroma Essence Micro Plants PH Balanced Cleanser for All Skin Types 200 ml ~ Dolores","robots":{"index":"index","follow":"follow","max-snippet":"max-snippet:-1","max-image-preview":"max-image-preview:large","max-video-preview":"max-video-preview:-1"},"canonical":"https:\/\/dolores.ee\/lv\/product\/gigi-aroma-essence-micro-plants-ph-balanced-cleanser-for-all-skin-types-200-ml\/","og_locale":"lv_LV","og_type":"article","og_title":"GIGI Aroma Essence Micro Plants PH Balanced Cleanser for All Skin Types 200 ml","og_description":"GIGI Aroma Essence Micro Plants Tasakaalustatud pH-ga puhastusvahend k\u00f5ikidele nahat\u00fc\u00fcpidele","og_url":"https:\/\/dolores.ee\/lv\/product\/gigi-aroma-essence-micro-plants-ph-balanced-cleanser-for-all-skin-types-200-ml\/","og_site_name":"Dolores","article_publisher":"https:\/\/www.facebook.com\/doloresepood\/","article_modified_time":"2025-07-01T08:06:22+00:00","og_image":[{"width":1200,"height":675,"url":"https:\/\/dolores.ee\/wp-content\/uploads\/2025\/05\/seo.jpg","type":"image\/jpeg"}],"twitter_card":"summary_large_image","twitter_misc":{"Est. reading time":"1 minute"},"schema":{"@context":"https:\/\/schema.org","@graph":[{"@type":"WebPage","@id":"https:\/\/dolores.ee\/lv\/product\/gigi-aroma-essence-micro-plants-ph-balanced-cleanser-for-all-skin-types-200-ml\/","url":"https:\/\/dolores.ee\/lv\/product\/gigi-aroma-essence-micro-plants-ph-balanced-cleanser-for-all-skin-types-200-ml\/","name":"GIGI Aroma Essence Micro Plants PH Balanced Cleanser for All Skin Types 200 ml ~ Dolores","isPartOf":{"@id":"https:\/\/dolores.ee\/lv\/#website"},"primaryImageOfPage":{"@id":"https:\/\/dolores.ee\/lv\/product\/gigi-aroma-essence-micro-plants-ph-balanced-cleanser-for-all-skin-types-200-ml\/#primaryimage"},"image":{"@id":"https:\/\/dolores.ee\/lv\/product\/gigi-aroma-essence-micro-plants-ph-balanced-cleanser-for-all-skin-types-200-ml\/#primaryimage"},"thumbnailUrl":"https:\/\/dolores.ee\/wp-content\/uploads\/2023\/11\/32594.970.jpg","datePublished":"2023-11-02T13:24:26+00:00","dateModified":"2025-07-01T08:06:22+00:00","breadcrumb":{"@id":"https:\/\/dolores.ee\/lv\/product\/gigi-aroma-essence-micro-plants-ph-balanced-cleanser-for-all-skin-types-200-ml\/#breadcrumb"},"inLanguage":"lv-LV","potentialAction":[{"@type":"ReadAction","target":["https:\/\/dolores.ee\/lv\/product\/gigi-aroma-essence-micro-plants-ph-balanced-cleanser-for-all-skin-types-200-ml\/"]}]},{"@type":"ImageObject","inLanguage":"lv-LV","@id":"https:\/\/dolores.ee\/lv\/product\/gigi-aroma-essence-micro-plants-ph-balanced-cleanser-for-all-skin-types-200-ml\/#primaryimage","url":"https:\/\/dolores.ee\/wp-content\/uploads\/2023\/11\/32594.970.jpg","contentUrl":"https:\/\/dolores.ee\/wp-content\/uploads\/2023\/11\/32594.970.jpg","width":900,"height":900},{"@type":"BreadcrumbList","@id":"https:\/\/dolores.ee\/lv\/product\/gigi-aroma-essence-micro-plants-ph-balanced-cleanser-for-all-skin-types-200-ml\/#breadcrumb","itemListElement":[{"@type":"ListItem","position":1,"name":"Home","item":"https:\/\/dolores.ee\/lv\/"},{"@type":"ListItem","position":2,"name":"E-veikals","item":"https:\/\/dolores.ee\/lv\/e-veikals\/"},{"@type":"ListItem","position":3,"name":"GIGI Aroma Essence Micro Plants PH Balanced Cleanser for All Skin Types 200 ml"}]},{"@type":"WebSite","@id":"https:\/\/dolores.ee\/lv\/#website","url":"https:\/\/dolores.ee\/lv\/","name":"Dolores e-pood","description":"Beauty Shop","publisher":{"@id":"https:\/\/dolores.ee\/lv\/#organization"},"alternateName":"Dolores","potentialAction":[{"@type":"SearchAction","target":{"@type":"EntryPoint","urlTemplate":"https:\/\/dolores.ee\/lv\/?s={search_term_string}"},"query-input":{"@type":"PropertyValueSpecification","valueRequired":true,"valueName":"search_term_string"}}],"inLanguage":"lv-LV"},{"@type":"Organization","@id":"https:\/\/dolores.ee\/lv\/#organization","name":"Dolores O\u00dc","alternateName":"Dolores e-pood","url":"https:\/\/dolores.ee\/lv\/","logo":{"@type":"ImageObject","inLanguage":"lv-LV","@id":"https:\/\/dolores.ee\/lv\/#\/schema\/logo\/image\/","url":"https:\/\/dolores.ee\/wp-content\/uploads\/2025\/04\/logo-1.jpg","contentUrl":"https:\/\/dolores.ee\/wp-content\/uploads\/2025\/04\/logo-1.jpg","width":1951,"height":660,"caption":"Dolores O\u00dc"},"image":{"@id":"https:\/\/dolores.ee\/lv\/#\/schema\/logo\/image\/"},"sameAs":["https:\/\/www.facebook.com\/doloresepood\/"],"description":"Dolores.ee on kaasaegne veebipood, kust leiad tuntud kaubam\u00e4rkide \u2013 GIGI, Anna Lotan, Hikari, Hlavin \u2013 originaalkosmeetikat. Pakume kvaliteetseid hooldustooteid taskukohaste hindadega ja kiire kohaletoimetamisega \u00fcle Eesti. Nahahooldus pole kunagi olnud nii lihtne ja soodne!","email":"dolores@dolores.ee","telephone":"372 644 2440","legalName":"Dolores O\u00dc","foundingDate":"1998-02-09","vatID":"EE100050280","numberOfEmployees":{"@type":"QuantitativeValue","minValue":"11","maxValue":"50"}}]}},"_links":{"self":[{"href":"https:\/\/dolores.ee\/lv\/wp-json\/wp\/v2\/product\/998089","targetHints":{"allow":["GET"]}}],"collection":[{"href":"https:\/\/dolores.ee\/lv\/wp-json\/wp\/v2\/product"}],"about":[{"href":"https:\/\/dolores.ee\/lv\/wp-json\/wp\/v2\/types\/product"}],"replies":[{"embeddable":true,"href":"https:\/\/dolores.ee\/lv\/wp-json\/wp\/v2\/comments?post=998089"}],"version-history":[{"count":0,"href":"https:\/\/dolores.ee\/lv\/wp-json\/wp\/v2\/product\/998089\/revisions"}],"wp:featuredmedia":[{"embeddable":true,"href":"https:\/\/dolores.ee\/lv\/wp-json\/wp\/v2\/media\/352179"}],"wp:attachment":[{"href":"https:\/\/dolores.ee\/lv\/wp-json\/wp\/v2\/media?parent=998089"}],"wp:term":[{"taxonomy":"product_brand","embeddable":true,"href":"https:\/\/dolores.ee\/lv\/wp-json\/wp\/v2\/product_brand?post=998089"},{"taxonomy":"product_cat","embeddable":true,"href":"https:\/\/dolores.ee\/lv\/wp-json\/wp\/v2\/product_cat?post=998089"},{"taxonomy":"product_tag","embeddable":true,"href":"https:\/\/dolores.ee\/lv\/wp-json\/wp\/v2\/product_tag?post=998089"},{"taxonomy":"giftcard-category","embeddable":true,"href":"https:\/\/dolores.ee\/lv\/wp-json\/wp\/v2\/giftcard-category?post=998089"}],"curies":[{"name":"wp","href":"https:\/\/api.w.org\/{rel}","templated":true}]}}