{"id":998091,"date":"2023-11-02T15:07:28","date_gmt":"2023-11-02T13:07:28","guid":{"rendered":"https:\/\/dolores.ee\/product\/gigi-aroma-essence-micro-plants-deep-pore-cleanser-for-oily-skin-200-ml\/"},"modified":"2025-07-01T11:06:22","modified_gmt":"2025-07-01T08:06:22","slug":"gigi-aroma-essence-micro-plants-deep-pore-cleanser-for-oily-skin-200-ml","status":"publish","type":"product","link":"https:\/\/dolores.ee\/lv\/product\/gigi-aroma-essence-micro-plants-deep-pore-cleanser-for-oily-skin-200-ml\/","title":{"rendered":"GIGI Aroma Essence Micro Plants Deep Pore Cleanser For Oily Skin 200 ml"},"content":{"rendered":"<div class=\"vgblk-rw-wrapper limit-wrapper\">\n<p data-start=\"95\" data-end=\"625\"><strong data-start=\"95\" data-end=\"168\">\u012apa\u0161i maigs, hypoaler\u0123isks gels \u0101das efekt\u012bvai un maigai att\u012br\u012b\u0161anai.<\/strong><br data-start=\"168\" data-end=\"171\" \/>Balst\u012bts uz \u010detru augu ekstraktu kompleksu: ingvera sakne, \u017ee\u0146\u0161e\u0146a sakne, greipfr\u016bta mizas un gur\u0137a ekstrakti. Gelam ir izteikta antiseptiska, antioksidanta un \u0101du savelko\u0161a iedarb\u012bba. Uzreiz uzlabo \u0101das toni un sniedz svaiguma saj\u016btu jebkuros laikapst\u0101k\u013cos! Satur nanokrist\u0101lisko betainu, kas aizsarg\u0101 \u0101du no mitruma zuduma un dehidrat\u0101cijas, pal\u012bdzot saglab\u0101t \u016bdeni \u0161\u016bn\u0101s. Gels veicina sejas \u0101das atjauno\u0161anos, m\u012bkstina, nomierina un dzi\u013ci mitrina \u0101du.<\/p>\n<p data-start=\"627\" data-end=\"728\"><strong data-start=\"627\" data-end=\"653\">Lieto\u0161anas nor\u0101d\u012bjumi:<\/strong> uzkl\u0101jiet <em data-start=\"664\" data-end=\"670\">3 ml<\/em> uz mitras sejas \u0101das, iemas\u0113jiet un noskalojiet ar \u016bdeni.<\/p>\n<\/div>\n<p><!-- .vgblk-rw-wrapper --><\/p>\n","protected":false},"excerpt":{"rendered":"<p>GIGI Aroma Essence Micro Plants S\u00fcgavpuhastusvahend rasusele nahale<\/p>\n","protected":false},"featured_media":352169,"comment_status":"open","ping_status":"closed","template":"","meta":[],"product_brand":[],"product_cat":[676,718,726],"product_tag":[],"giftcard-category":[],"class_list":{"0":"post-998091","1":"product","2":"type-product","3":"status-publish","4":"has-post-thumbnail","6":"product_cat-sale-lv","7":"product_cat-sejas-kopsana","8":"product_cat-tirisana","10":"first","11":"instock","12":"taxable","13":"shipping-taxable","14":"purchasable","15":"product-type-simple"},"yoast_head":"<!-- This site is optimized with the Yoast SEO Premium plugin v25.1 (Yoast SEO v25.7) - https:\/\/yoast.com\/wordpress\/plugins\/seo\/ -->\n<title>GIGI Aroma Essence Micro Plants Deep Pore Cleanser For Oily Skin 200 ml ~ Dolores<\/title>\n<meta name=\"robots\" content=\"index, follow, max-snippet:-1, max-image-preview:large, max-video-preview:-1\" \/>\n<link rel=\"canonical\" href=\"https:\/\/dolores.ee\/lv\/product\/gigi-aroma-essence-micro-plants-deep-pore-cleanser-for-oily-skin-200-ml\/\" \/>\n<meta property=\"og:locale\" content=\"lv_LV\" \/>\n<meta property=\"og:type\" content=\"article\" \/>\n<meta property=\"og:title\" content=\"GIGI Aroma Essence Micro Plants Deep Pore Cleanser For Oily Skin 200 ml\" \/>\n<meta property=\"og:description\" content=\"GIGI Aroma Essence Micro Plants S\u00fcgavpuhastusvahend rasusele nahale\" \/>\n<meta property=\"og:url\" content=\"https:\/\/dolores.ee\/lv\/product\/gigi-aroma-essence-micro-plants-deep-pore-cleanser-for-oily-skin-200-ml\/\" \/>\n<meta property=\"og:site_name\" content=\"Dolores\" \/>\n<meta property=\"article:publisher\" content=\"https:\/\/www.facebook.com\/doloresepood\/\" \/>\n<meta property=\"article:modified_time\" content=\"2025-07-01T08:06:22+00:00\" \/>\n<meta property=\"og:image\" content=\"https:\/\/dolores.ee\/wp-content\/uploads\/2025\/05\/seo.jpg\" \/>\n\t<meta property=\"og:image:width\" content=\"1200\" \/>\n\t<meta property=\"og:image:height\" content=\"675\" \/>\n\t<meta property=\"og:image:type\" content=\"image\/jpeg\" \/>\n<meta name=\"twitter:card\" content=\"summary_large_image\" \/>\n<meta name=\"twitter:label1\" content=\"Est. reading time\" \/>\n\t<meta name=\"twitter:data1\" content=\"1 minute\" \/>\n<script type=\"application\/ld+json\" class=\"yoast-schema-graph\">{\"@context\":\"https:\/\/schema.org\",\"@graph\":[{\"@type\":\"WebPage\",\"@id\":\"https:\/\/dolores.ee\/lv\/product\/gigi-aroma-essence-micro-plants-deep-pore-cleanser-for-oily-skin-200-ml\/\",\"url\":\"https:\/\/dolores.ee\/lv\/product\/gigi-aroma-essence-micro-plants-deep-pore-cleanser-for-oily-skin-200-ml\/\",\"name\":\"GIGI Aroma Essence Micro Plants Deep Pore Cleanser For Oily Skin 200 ml ~ Dolores\",\"isPartOf\":{\"@id\":\"https:\/\/dolores.ee\/lv\/#website\"},\"primaryImageOfPage\":{\"@id\":\"https:\/\/dolores.ee\/lv\/product\/gigi-aroma-essence-micro-plants-deep-pore-cleanser-for-oily-skin-200-ml\/#primaryimage\"},\"image\":{\"@id\":\"https:\/\/dolores.ee\/lv\/product\/gigi-aroma-essence-micro-plants-deep-pore-cleanser-for-oily-skin-200-ml\/#primaryimage\"},\"thumbnailUrl\":\"https:\/\/dolores.ee\/wp-content\/uploads\/2023\/11\/AROMA_ESSENCE_Deep_Pore_Cleanser_200_ml.jpg\",\"datePublished\":\"2023-11-02T13:07:28+00:00\",\"dateModified\":\"2025-07-01T08:06:22+00:00\",\"breadcrumb\":{\"@id\":\"https:\/\/dolores.ee\/lv\/product\/gigi-aroma-essence-micro-plants-deep-pore-cleanser-for-oily-skin-200-ml\/#breadcrumb\"},\"inLanguage\":\"lv-LV\",\"potentialAction\":[{\"@type\":\"ReadAction\",\"target\":[\"https:\/\/dolores.ee\/lv\/product\/gigi-aroma-essence-micro-plants-deep-pore-cleanser-for-oily-skin-200-ml\/\"]}]},{\"@type\":\"ImageObject\",\"inLanguage\":\"lv-LV\",\"@id\":\"https:\/\/dolores.ee\/lv\/product\/gigi-aroma-essence-micro-plants-deep-pore-cleanser-for-oily-skin-200-ml\/#primaryimage\",\"url\":\"https:\/\/dolores.ee\/wp-content\/uploads\/2023\/11\/AROMA_ESSENCE_Deep_Pore_Cleanser_200_ml.jpg\",\"contentUrl\":\"https:\/\/dolores.ee\/wp-content\/uploads\/2023\/11\/AROMA_ESSENCE_Deep_Pore_Cleanser_200_ml.jpg\",\"width\":550,\"height\":550},{\"@type\":\"BreadcrumbList\",\"@id\":\"https:\/\/dolores.ee\/lv\/product\/gigi-aroma-essence-micro-plants-deep-pore-cleanser-for-oily-skin-200-ml\/#breadcrumb\",\"itemListElement\":[{\"@type\":\"ListItem\",\"position\":1,\"name\":\"Home\",\"item\":\"https:\/\/dolores.ee\/lv\/\"},{\"@type\":\"ListItem\",\"position\":2,\"name\":\"E-veikals\",\"item\":\"https:\/\/dolores.ee\/lv\/e-veikals\/\"},{\"@type\":\"ListItem\",\"position\":3,\"name\":\"GIGI Aroma Essence Micro Plants Deep Pore Cleanser For Oily Skin 200 ml\"}]},{\"@type\":\"WebSite\",\"@id\":\"https:\/\/dolores.ee\/lv\/#website\",\"url\":\"https:\/\/dolores.ee\/lv\/\",\"name\":\"Dolores e-pood\",\"description\":\"Beauty Shop\",\"publisher\":{\"@id\":\"https:\/\/dolores.ee\/lv\/#organization\"},\"alternateName\":\"Dolores\",\"potentialAction\":[{\"@type\":\"SearchAction\",\"target\":{\"@type\":\"EntryPoint\",\"urlTemplate\":\"https:\/\/dolores.ee\/lv\/?s={search_term_string}\"},\"query-input\":{\"@type\":\"PropertyValueSpecification\",\"valueRequired\":true,\"valueName\":\"search_term_string\"}}],\"inLanguage\":\"lv-LV\"},{\"@type\":\"Organization\",\"@id\":\"https:\/\/dolores.ee\/lv\/#organization\",\"name\":\"Dolores O\u00dc\",\"alternateName\":\"Dolores e-pood\",\"url\":\"https:\/\/dolores.ee\/lv\/\",\"logo\":{\"@type\":\"ImageObject\",\"inLanguage\":\"lv-LV\",\"@id\":\"https:\/\/dolores.ee\/lv\/#\/schema\/logo\/image\/\",\"url\":\"https:\/\/dolores.ee\/wp-content\/uploads\/2025\/04\/logo-1.jpg\",\"contentUrl\":\"https:\/\/dolores.ee\/wp-content\/uploads\/2025\/04\/logo-1.jpg\",\"width\":1951,\"height\":660,\"caption\":\"Dolores O\u00dc\"},\"image\":{\"@id\":\"https:\/\/dolores.ee\/lv\/#\/schema\/logo\/image\/\"},\"sameAs\":[\"https:\/\/www.facebook.com\/doloresepood\/\"],\"description\":\"Dolores.ee on kaasaegne veebipood, kust leiad tuntud kaubam\u00e4rkide \u2013 GIGI, Anna Lotan, Hikari, Hlavin \u2013 originaalkosmeetikat. Pakume kvaliteetseid hooldustooteid taskukohaste hindadega ja kiire kohaletoimetamisega \u00fcle Eesti. Nahahooldus pole kunagi olnud nii lihtne ja soodne!\",\"email\":\"dolores@dolores.ee\",\"telephone\":\"372 644 2440\",\"legalName\":\"Dolores O\u00dc\",\"foundingDate\":\"1998-02-09\",\"vatID\":\"EE100050280\",\"numberOfEmployees\":{\"@type\":\"QuantitativeValue\",\"minValue\":\"11\",\"maxValue\":\"50\"}}]}<\/script>\n<!-- \/ Yoast SEO Premium plugin. -->","yoast_head_json":{"title":"GIGI Aroma Essence Micro Plants Deep Pore Cleanser For Oily Skin 200 ml ~ Dolores","robots":{"index":"index","follow":"follow","max-snippet":"max-snippet:-1","max-image-preview":"max-image-preview:large","max-video-preview":"max-video-preview:-1"},"canonical":"https:\/\/dolores.ee\/lv\/product\/gigi-aroma-essence-micro-plants-deep-pore-cleanser-for-oily-skin-200-ml\/","og_locale":"lv_LV","og_type":"article","og_title":"GIGI Aroma Essence Micro Plants Deep Pore Cleanser For Oily Skin 200 ml","og_description":"GIGI Aroma Essence Micro Plants S\u00fcgavpuhastusvahend rasusele nahale","og_url":"https:\/\/dolores.ee\/lv\/product\/gigi-aroma-essence-micro-plants-deep-pore-cleanser-for-oily-skin-200-ml\/","og_site_name":"Dolores","article_publisher":"https:\/\/www.facebook.com\/doloresepood\/","article_modified_time":"2025-07-01T08:06:22+00:00","og_image":[{"width":1200,"height":675,"url":"https:\/\/dolores.ee\/wp-content\/uploads\/2025\/05\/seo.jpg","type":"image\/jpeg"}],"twitter_card":"summary_large_image","twitter_misc":{"Est. reading time":"1 minute"},"schema":{"@context":"https:\/\/schema.org","@graph":[{"@type":"WebPage","@id":"https:\/\/dolores.ee\/lv\/product\/gigi-aroma-essence-micro-plants-deep-pore-cleanser-for-oily-skin-200-ml\/","url":"https:\/\/dolores.ee\/lv\/product\/gigi-aroma-essence-micro-plants-deep-pore-cleanser-for-oily-skin-200-ml\/","name":"GIGI Aroma Essence Micro Plants Deep Pore Cleanser For Oily Skin 200 ml ~ Dolores","isPartOf":{"@id":"https:\/\/dolores.ee\/lv\/#website"},"primaryImageOfPage":{"@id":"https:\/\/dolores.ee\/lv\/product\/gigi-aroma-essence-micro-plants-deep-pore-cleanser-for-oily-skin-200-ml\/#primaryimage"},"image":{"@id":"https:\/\/dolores.ee\/lv\/product\/gigi-aroma-essence-micro-plants-deep-pore-cleanser-for-oily-skin-200-ml\/#primaryimage"},"thumbnailUrl":"https:\/\/dolores.ee\/wp-content\/uploads\/2023\/11\/AROMA_ESSENCE_Deep_Pore_Cleanser_200_ml.jpg","datePublished":"2023-11-02T13:07:28+00:00","dateModified":"2025-07-01T08:06:22+00:00","breadcrumb":{"@id":"https:\/\/dolores.ee\/lv\/product\/gigi-aroma-essence-micro-plants-deep-pore-cleanser-for-oily-skin-200-ml\/#breadcrumb"},"inLanguage":"lv-LV","potentialAction":[{"@type":"ReadAction","target":["https:\/\/dolores.ee\/lv\/product\/gigi-aroma-essence-micro-plants-deep-pore-cleanser-for-oily-skin-200-ml\/"]}]},{"@type":"ImageObject","inLanguage":"lv-LV","@id":"https:\/\/dolores.ee\/lv\/product\/gigi-aroma-essence-micro-plants-deep-pore-cleanser-for-oily-skin-200-ml\/#primaryimage","url":"https:\/\/dolores.ee\/wp-content\/uploads\/2023\/11\/AROMA_ESSENCE_Deep_Pore_Cleanser_200_ml.jpg","contentUrl":"https:\/\/dolores.ee\/wp-content\/uploads\/2023\/11\/AROMA_ESSENCE_Deep_Pore_Cleanser_200_ml.jpg","width":550,"height":550},{"@type":"BreadcrumbList","@id":"https:\/\/dolores.ee\/lv\/product\/gigi-aroma-essence-micro-plants-deep-pore-cleanser-for-oily-skin-200-ml\/#breadcrumb","itemListElement":[{"@type":"ListItem","position":1,"name":"Home","item":"https:\/\/dolores.ee\/lv\/"},{"@type":"ListItem","position":2,"name":"E-veikals","item":"https:\/\/dolores.ee\/lv\/e-veikals\/"},{"@type":"ListItem","position":3,"name":"GIGI Aroma Essence Micro Plants Deep Pore Cleanser For Oily Skin 200 ml"}]},{"@type":"WebSite","@id":"https:\/\/dolores.ee\/lv\/#website","url":"https:\/\/dolores.ee\/lv\/","name":"Dolores e-pood","description":"Beauty Shop","publisher":{"@id":"https:\/\/dolores.ee\/lv\/#organization"},"alternateName":"Dolores","potentialAction":[{"@type":"SearchAction","target":{"@type":"EntryPoint","urlTemplate":"https:\/\/dolores.ee\/lv\/?s={search_term_string}"},"query-input":{"@type":"PropertyValueSpecification","valueRequired":true,"valueName":"search_term_string"}}],"inLanguage":"lv-LV"},{"@type":"Organization","@id":"https:\/\/dolores.ee\/lv\/#organization","name":"Dolores O\u00dc","alternateName":"Dolores e-pood","url":"https:\/\/dolores.ee\/lv\/","logo":{"@type":"ImageObject","inLanguage":"lv-LV","@id":"https:\/\/dolores.ee\/lv\/#\/schema\/logo\/image\/","url":"https:\/\/dolores.ee\/wp-content\/uploads\/2025\/04\/logo-1.jpg","contentUrl":"https:\/\/dolores.ee\/wp-content\/uploads\/2025\/04\/logo-1.jpg","width":1951,"height":660,"caption":"Dolores O\u00dc"},"image":{"@id":"https:\/\/dolores.ee\/lv\/#\/schema\/logo\/image\/"},"sameAs":["https:\/\/www.facebook.com\/doloresepood\/"],"description":"Dolores.ee on kaasaegne veebipood, kust leiad tuntud kaubam\u00e4rkide \u2013 GIGI, Anna Lotan, Hikari, Hlavin \u2013 originaalkosmeetikat. Pakume kvaliteetseid hooldustooteid taskukohaste hindadega ja kiire kohaletoimetamisega \u00fcle Eesti. Nahahooldus pole kunagi olnud nii lihtne ja soodne!","email":"dolores@dolores.ee","telephone":"372 644 2440","legalName":"Dolores O\u00dc","foundingDate":"1998-02-09","vatID":"EE100050280","numberOfEmployees":{"@type":"QuantitativeValue","minValue":"11","maxValue":"50"}}]}},"_links":{"self":[{"href":"https:\/\/dolores.ee\/lv\/wp-json\/wp\/v2\/product\/998091","targetHints":{"allow":["GET"]}}],"collection":[{"href":"https:\/\/dolores.ee\/lv\/wp-json\/wp\/v2\/product"}],"about":[{"href":"https:\/\/dolores.ee\/lv\/wp-json\/wp\/v2\/types\/product"}],"replies":[{"embeddable":true,"href":"https:\/\/dolores.ee\/lv\/wp-json\/wp\/v2\/comments?post=998091"}],"version-history":[{"count":0,"href":"https:\/\/dolores.ee\/lv\/wp-json\/wp\/v2\/product\/998091\/revisions"}],"wp:featuredmedia":[{"embeddable":true,"href":"https:\/\/dolores.ee\/lv\/wp-json\/wp\/v2\/media\/352169"}],"wp:attachment":[{"href":"https:\/\/dolores.ee\/lv\/wp-json\/wp\/v2\/media?parent=998091"}],"wp:term":[{"taxonomy":"product_brand","embeddable":true,"href":"https:\/\/dolores.ee\/lv\/wp-json\/wp\/v2\/product_brand?post=998091"},{"taxonomy":"product_cat","embeddable":true,"href":"https:\/\/dolores.ee\/lv\/wp-json\/wp\/v2\/product_cat?post=998091"},{"taxonomy":"product_tag","embeddable":true,"href":"https:\/\/dolores.ee\/lv\/wp-json\/wp\/v2\/product_tag?post=998091"},{"taxonomy":"giftcard-category","embeddable":true,"href":"https:\/\/dolores.ee\/lv\/wp-json\/wp\/v2\/giftcard-category?post=998091"}],"curies":[{"name":"wp","href":"https:\/\/api.w.org\/{rel}","templated":true}]}}