{"id":998097,"date":"2023-10-27T12:43:53","date_gmt":"2023-10-27T09:43:53","guid":{"rendered":"https:\/\/dolores.ee\/product\/gigi-texture-resilience-serum-30-ml\/"},"modified":"2025-07-01T11:06:21","modified_gmt":"2025-07-01T08:06:21","slug":"gigi-texture-resilience-serum-30-ml","status":"publish","type":"product","link":"https:\/\/dolores.ee\/lv\/product\/gigi-texture-resilience-serum-30-ml\/","title":{"rendered":"GIGI Texture Resilience Serum 30 ml"},"content":{"rendered":"<div class=\"vgblk-rw-wrapper limit-wrapper\">\n<p data-start=\"89\" data-end=\"474\"><strong data-start=\"89\" data-end=\"213\">Daudzfunkcion\u0101ls serums \u0101das tekst\u016bras nostiprin\u0101\u0161anai un citu t\u0101 pa\u0161a s\u0113rijas kop\u0161anas l\u012bdzek\u013cu iedarb\u012bbas uzlabo\u0161anai.<\/strong><br data-start=\"213\" data-end=\"216\" \/>Serums satur daudz mitrino\u0161u sast\u0101vda\u013cu, kofe\u012bnu un augu izcelsmes biotehnolo\u0123isku komponentu kompleksu. Jau p\u0113c pirm\u0101s lieto\u0161anas reizes serums baro sejas un kakla \u0101du ar svar\u012bg\u0101m uzturviel\u0101m, k\u0101 ar\u012b uzreiz un ilgsto\u0161i palielina \u0101das dabisko mitruma l\u012bmeni.<\/p>\n<p data-start=\"476\" data-end=\"690\">Pal\u012bdz saglab\u0101t \u0101das elast\u012bbu, nomierina \u0101du un mazina iekaisumu un jut\u012bgumu. Serums stiprina \u0101das dabisko aizsargk\u0101rtu, sniedz ilgsto\u0161u efektu un ir piem\u0113rots visiem \u0101das tipiem gan lieto\u0161anai no r\u012bta, gan vakar\u0101.<\/p>\n<p data-start=\"692\" data-end=\"848\"><strong data-start=\"692\" data-end=\"706\">Lieto\u0161ana:<\/strong> Uzkl\u0101jiet uz t\u012bras \u0101das un viegli iemas\u0113jiet l\u012bdz piln\u012bgai ies\u016bk\u0161anai. Ieteicams lietot zem t\u0101 pa\u0161a s\u0113rijas mitrino\u0161\u0101 dienas vai nakts kr\u0113ma.<\/p>\n<p data-start=\"850\" data-end=\"1619\"><strong data-start=\"850\" data-end=\"866\">Sast\u0101vda\u013cas:<\/strong> <em data-start=\"867\" data-end=\"1619\">Water\/Aqua, Isononyl Isononanoate, Caprylic\/Capric Triglyceride, Cetearyl Alcohol, Dimethicone, Glycerin, Dimethylaminoethanol Tartrate, Pentylene Glycol, Arachidyl Alcohol, Behenyl Alcohol, Phenoxyethanol, Hydroxyethyl Acrylate\/Sodium Acryloyldimethyl Taurate Copolymer, Arachidyl Glucoside, Isohexadecane, Tocopheryl Acetate, Propanediol, Alpha-Glucan Oligosaccharide, Cellulose Gum, Chlorphenesin, Fragrance\/Parfum, Polyglutamic Acid, Sorbitan Tristearate, Triethanolamine, Xanthan Gum, Polysorbate 60, Caprylyl Glycol, Polymnia Sonchifolia Root Juice, Sorbitan Isostearate, Disodium EDTA, Maltodextrin, Lactobacillus, Bacillus Ferment, Lactic Acid\/Glycolic Acid Copolymer, Chlorella Vulgaris Extract, Polyvinyl Alcohol, Heptapeptide-15 Palmitate.<\/em><\/p>\n<\/div>\n<p><!-- .vgblk-rw-wrapper --><\/p>\n","protected":false},"excerpt":{"rendered":"<p>GIGI Texture Resilience Serum<\/p>\n","protected":false},"featured_media":998098,"comment_status":"open","ping_status":"closed","template":"","meta":[],"product_brand":[],"product_cat":[676,718,727],"product_tag":[],"giftcard-category":[],"class_list":{"0":"post-998097","1":"product","2":"type-product","3":"status-publish","4":"has-post-thumbnail","6":"product_cat-sale-lv","7":"product_cat-sejas-kopsana","8":"product_cat-serumi-ellas","10":"first","11":"instock","12":"taxable","13":"shipping-taxable","14":"purchasable","15":"product-type-simple"},"yoast_head":"<!-- This site is optimized with the Yoast SEO Premium plugin v25.1 (Yoast SEO v25.7) - https:\/\/yoast.com\/wordpress\/plugins\/seo\/ -->\n<title>GIGI Texture Resilience Serum 30 ml ~ Dolores<\/title>\n<meta name=\"robots\" content=\"index, follow, max-snippet:-1, max-image-preview:large, max-video-preview:-1\" \/>\n<link rel=\"canonical\" href=\"https:\/\/dolores.ee\/lv\/product\/gigi-texture-resilience-serum-30-ml\/\" \/>\n<meta property=\"og:locale\" content=\"lv_LV\" \/>\n<meta property=\"og:type\" content=\"article\" \/>\n<meta property=\"og:title\" content=\"GIGI Texture Resilience Serum 30 ml\" \/>\n<meta property=\"og:description\" content=\"GIGI Texture Resilience Serum\" \/>\n<meta property=\"og:url\" content=\"https:\/\/dolores.ee\/lv\/product\/gigi-texture-resilience-serum-30-ml\/\" \/>\n<meta property=\"og:site_name\" content=\"Dolores\" \/>\n<meta property=\"article:publisher\" content=\"https:\/\/www.facebook.com\/doloresepood\/\" \/>\n<meta property=\"article:modified_time\" content=\"2025-07-01T08:06:21+00:00\" \/>\n<meta property=\"og:image\" content=\"https:\/\/dolores.ee\/wp-content\/uploads\/2023\/10\/23106-Resilience-Serum-with-box.jpg\" \/>\n\t<meta property=\"og:image:width\" content=\"1920\" \/>\n\t<meta property=\"og:image:height\" content=\"1920\" \/>\n\t<meta property=\"og:image:type\" content=\"image\/jpeg\" \/>\n<meta name=\"twitter:card\" content=\"summary_large_image\" \/>\n<meta name=\"twitter:label1\" content=\"Est. reading time\" \/>\n\t<meta name=\"twitter:data1\" content=\"1 minute\" \/>\n<script type=\"application\/ld+json\" class=\"yoast-schema-graph\">{\"@context\":\"https:\/\/schema.org\",\"@graph\":[{\"@type\":\"WebPage\",\"@id\":\"https:\/\/dolores.ee\/lv\/product\/gigi-texture-resilience-serum-30-ml\/\",\"url\":\"https:\/\/dolores.ee\/lv\/product\/gigi-texture-resilience-serum-30-ml\/\",\"name\":\"GIGI Texture Resilience Serum 30 ml ~ Dolores\",\"isPartOf\":{\"@id\":\"https:\/\/dolores.ee\/lv\/#website\"},\"primaryImageOfPage\":{\"@id\":\"https:\/\/dolores.ee\/lv\/product\/gigi-texture-resilience-serum-30-ml\/#primaryimage\"},\"image\":{\"@id\":\"https:\/\/dolores.ee\/lv\/product\/gigi-texture-resilience-serum-30-ml\/#primaryimage\"},\"thumbnailUrl\":\"https:\/\/dolores.ee\/wp-content\/uploads\/2023\/10\/23106-Resilience-Serum-with-box.jpg\",\"datePublished\":\"2023-10-27T09:43:53+00:00\",\"dateModified\":\"2025-07-01T08:06:21+00:00\",\"breadcrumb\":{\"@id\":\"https:\/\/dolores.ee\/lv\/product\/gigi-texture-resilience-serum-30-ml\/#breadcrumb\"},\"inLanguage\":\"lv-LV\",\"potentialAction\":[{\"@type\":\"ReadAction\",\"target\":[\"https:\/\/dolores.ee\/lv\/product\/gigi-texture-resilience-serum-30-ml\/\"]}]},{\"@type\":\"ImageObject\",\"inLanguage\":\"lv-LV\",\"@id\":\"https:\/\/dolores.ee\/lv\/product\/gigi-texture-resilience-serum-30-ml\/#primaryimage\",\"url\":\"https:\/\/dolores.ee\/wp-content\/uploads\/2023\/10\/23106-Resilience-Serum-with-box.jpg\",\"contentUrl\":\"https:\/\/dolores.ee\/wp-content\/uploads\/2023\/10\/23106-Resilience-Serum-with-box.jpg\",\"width\":1920,\"height\":1920},{\"@type\":\"BreadcrumbList\",\"@id\":\"https:\/\/dolores.ee\/lv\/product\/gigi-texture-resilience-serum-30-ml\/#breadcrumb\",\"itemListElement\":[{\"@type\":\"ListItem\",\"position\":1,\"name\":\"Home\",\"item\":\"https:\/\/dolores.ee\/lv\/\"},{\"@type\":\"ListItem\",\"position\":2,\"name\":\"E-veikals\",\"item\":\"https:\/\/dolores.ee\/lv\/e-veikals\/\"},{\"@type\":\"ListItem\",\"position\":3,\"name\":\"GIGI Texture Resilience Serum 30 ml\"}]},{\"@type\":\"WebSite\",\"@id\":\"https:\/\/dolores.ee\/lv\/#website\",\"url\":\"https:\/\/dolores.ee\/lv\/\",\"name\":\"Dolores e-pood\",\"description\":\"Beauty Shop\",\"publisher\":{\"@id\":\"https:\/\/dolores.ee\/lv\/#organization\"},\"alternateName\":\"Dolores\",\"potentialAction\":[{\"@type\":\"SearchAction\",\"target\":{\"@type\":\"EntryPoint\",\"urlTemplate\":\"https:\/\/dolores.ee\/lv\/?s={search_term_string}\"},\"query-input\":{\"@type\":\"PropertyValueSpecification\",\"valueRequired\":true,\"valueName\":\"search_term_string\"}}],\"inLanguage\":\"lv-LV\"},{\"@type\":\"Organization\",\"@id\":\"https:\/\/dolores.ee\/lv\/#organization\",\"name\":\"Dolores O\u00dc\",\"alternateName\":\"Dolores e-pood\",\"url\":\"https:\/\/dolores.ee\/lv\/\",\"logo\":{\"@type\":\"ImageObject\",\"inLanguage\":\"lv-LV\",\"@id\":\"https:\/\/dolores.ee\/lv\/#\/schema\/logo\/image\/\",\"url\":\"https:\/\/dolores.ee\/wp-content\/uploads\/2025\/04\/logo-1.jpg\",\"contentUrl\":\"https:\/\/dolores.ee\/wp-content\/uploads\/2025\/04\/logo-1.jpg\",\"width\":1951,\"height\":660,\"caption\":\"Dolores O\u00dc\"},\"image\":{\"@id\":\"https:\/\/dolores.ee\/lv\/#\/schema\/logo\/image\/\"},\"sameAs\":[\"https:\/\/www.facebook.com\/doloresepood\/\"],\"description\":\"Dolores.ee on kaasaegne veebipood, kust leiad tuntud kaubam\u00e4rkide \u2013 GIGI, Anna Lotan, Hikari, Hlavin \u2013 originaalkosmeetikat. Pakume kvaliteetseid hooldustooteid taskukohaste hindadega ja kiire kohaletoimetamisega \u00fcle Eesti. Nahahooldus pole kunagi olnud nii lihtne ja soodne!\",\"email\":\"dolores@dolores.ee\",\"telephone\":\"372 644 2440\",\"legalName\":\"Dolores O\u00dc\",\"foundingDate\":\"1998-02-09\",\"vatID\":\"EE100050280\",\"numberOfEmployees\":{\"@type\":\"QuantitativeValue\",\"minValue\":\"11\",\"maxValue\":\"50\"}}]}<\/script>\n<!-- \/ Yoast SEO Premium plugin. -->","yoast_head_json":{"title":"GIGI Texture Resilience Serum 30 ml ~ Dolores","robots":{"index":"index","follow":"follow","max-snippet":"max-snippet:-1","max-image-preview":"max-image-preview:large","max-video-preview":"max-video-preview:-1"},"canonical":"https:\/\/dolores.ee\/lv\/product\/gigi-texture-resilience-serum-30-ml\/","og_locale":"lv_LV","og_type":"article","og_title":"GIGI Texture Resilience Serum 30 ml","og_description":"GIGI Texture Resilience Serum","og_url":"https:\/\/dolores.ee\/lv\/product\/gigi-texture-resilience-serum-30-ml\/","og_site_name":"Dolores","article_publisher":"https:\/\/www.facebook.com\/doloresepood\/","article_modified_time":"2025-07-01T08:06:21+00:00","og_image":[{"width":1920,"height":1920,"url":"https:\/\/dolores.ee\/wp-content\/uploads\/2023\/10\/23106-Resilience-Serum-with-box.jpg","type":"image\/jpeg"}],"twitter_card":"summary_large_image","twitter_misc":{"Est. reading time":"1 minute"},"schema":{"@context":"https:\/\/schema.org","@graph":[{"@type":"WebPage","@id":"https:\/\/dolores.ee\/lv\/product\/gigi-texture-resilience-serum-30-ml\/","url":"https:\/\/dolores.ee\/lv\/product\/gigi-texture-resilience-serum-30-ml\/","name":"GIGI Texture Resilience Serum 30 ml ~ Dolores","isPartOf":{"@id":"https:\/\/dolores.ee\/lv\/#website"},"primaryImageOfPage":{"@id":"https:\/\/dolores.ee\/lv\/product\/gigi-texture-resilience-serum-30-ml\/#primaryimage"},"image":{"@id":"https:\/\/dolores.ee\/lv\/product\/gigi-texture-resilience-serum-30-ml\/#primaryimage"},"thumbnailUrl":"https:\/\/dolores.ee\/wp-content\/uploads\/2023\/10\/23106-Resilience-Serum-with-box.jpg","datePublished":"2023-10-27T09:43:53+00:00","dateModified":"2025-07-01T08:06:21+00:00","breadcrumb":{"@id":"https:\/\/dolores.ee\/lv\/product\/gigi-texture-resilience-serum-30-ml\/#breadcrumb"},"inLanguage":"lv-LV","potentialAction":[{"@type":"ReadAction","target":["https:\/\/dolores.ee\/lv\/product\/gigi-texture-resilience-serum-30-ml\/"]}]},{"@type":"ImageObject","inLanguage":"lv-LV","@id":"https:\/\/dolores.ee\/lv\/product\/gigi-texture-resilience-serum-30-ml\/#primaryimage","url":"https:\/\/dolores.ee\/wp-content\/uploads\/2023\/10\/23106-Resilience-Serum-with-box.jpg","contentUrl":"https:\/\/dolores.ee\/wp-content\/uploads\/2023\/10\/23106-Resilience-Serum-with-box.jpg","width":1920,"height":1920},{"@type":"BreadcrumbList","@id":"https:\/\/dolores.ee\/lv\/product\/gigi-texture-resilience-serum-30-ml\/#breadcrumb","itemListElement":[{"@type":"ListItem","position":1,"name":"Home","item":"https:\/\/dolores.ee\/lv\/"},{"@type":"ListItem","position":2,"name":"E-veikals","item":"https:\/\/dolores.ee\/lv\/e-veikals\/"},{"@type":"ListItem","position":3,"name":"GIGI Texture Resilience Serum 30 ml"}]},{"@type":"WebSite","@id":"https:\/\/dolores.ee\/lv\/#website","url":"https:\/\/dolores.ee\/lv\/","name":"Dolores e-pood","description":"Beauty Shop","publisher":{"@id":"https:\/\/dolores.ee\/lv\/#organization"},"alternateName":"Dolores","potentialAction":[{"@type":"SearchAction","target":{"@type":"EntryPoint","urlTemplate":"https:\/\/dolores.ee\/lv\/?s={search_term_string}"},"query-input":{"@type":"PropertyValueSpecification","valueRequired":true,"valueName":"search_term_string"}}],"inLanguage":"lv-LV"},{"@type":"Organization","@id":"https:\/\/dolores.ee\/lv\/#organization","name":"Dolores O\u00dc","alternateName":"Dolores e-pood","url":"https:\/\/dolores.ee\/lv\/","logo":{"@type":"ImageObject","inLanguage":"lv-LV","@id":"https:\/\/dolores.ee\/lv\/#\/schema\/logo\/image\/","url":"https:\/\/dolores.ee\/wp-content\/uploads\/2025\/04\/logo-1.jpg","contentUrl":"https:\/\/dolores.ee\/wp-content\/uploads\/2025\/04\/logo-1.jpg","width":1951,"height":660,"caption":"Dolores O\u00dc"},"image":{"@id":"https:\/\/dolores.ee\/lv\/#\/schema\/logo\/image\/"},"sameAs":["https:\/\/www.facebook.com\/doloresepood\/"],"description":"Dolores.ee on kaasaegne veebipood, kust leiad tuntud kaubam\u00e4rkide \u2013 GIGI, Anna Lotan, Hikari, Hlavin \u2013 originaalkosmeetikat. Pakume kvaliteetseid hooldustooteid taskukohaste hindadega ja kiire kohaletoimetamisega \u00fcle Eesti. Nahahooldus pole kunagi olnud nii lihtne ja soodne!","email":"dolores@dolores.ee","telephone":"372 644 2440","legalName":"Dolores O\u00dc","foundingDate":"1998-02-09","vatID":"EE100050280","numberOfEmployees":{"@type":"QuantitativeValue","minValue":"11","maxValue":"50"}}]}},"_links":{"self":[{"href":"https:\/\/dolores.ee\/lv\/wp-json\/wp\/v2\/product\/998097","targetHints":{"allow":["GET"]}}],"collection":[{"href":"https:\/\/dolores.ee\/lv\/wp-json\/wp\/v2\/product"}],"about":[{"href":"https:\/\/dolores.ee\/lv\/wp-json\/wp\/v2\/types\/product"}],"replies":[{"embeddable":true,"href":"https:\/\/dolores.ee\/lv\/wp-json\/wp\/v2\/comments?post=998097"}],"version-history":[{"count":0,"href":"https:\/\/dolores.ee\/lv\/wp-json\/wp\/v2\/product\/998097\/revisions"}],"wp:featuredmedia":[{"embeddable":true,"href":"https:\/\/dolores.ee\/lv\/wp-json\/wp\/v2\/media\/998098"}],"wp:attachment":[{"href":"https:\/\/dolores.ee\/lv\/wp-json\/wp\/v2\/media?parent=998097"}],"wp:term":[{"taxonomy":"product_brand","embeddable":true,"href":"https:\/\/dolores.ee\/lv\/wp-json\/wp\/v2\/product_brand?post=998097"},{"taxonomy":"product_cat","embeddable":true,"href":"https:\/\/dolores.ee\/lv\/wp-json\/wp\/v2\/product_cat?post=998097"},{"taxonomy":"product_tag","embeddable":true,"href":"https:\/\/dolores.ee\/lv\/wp-json\/wp\/v2\/product_tag?post=998097"},{"taxonomy":"giftcard-category","embeddable":true,"href":"https:\/\/dolores.ee\/lv\/wp-json\/wp\/v2\/giftcard-category?post=998097"}],"curies":[{"name":"wp","href":"https:\/\/api.w.org\/{rel}","templated":true}]}}