{"id":998102,"date":"2023-10-26T15:36:18","date_gmt":"2023-10-26T12:36:18","guid":{"rendered":"https:\/\/dolores.ee\/product\/gigi-texture-surface-hydration-cream-50-ml\/"},"modified":"2025-10-16T22:28:35","modified_gmt":"2025-10-16T19:28:35","slug":"gigi-texture-surface-hydration-cream-50-ml","status":"publish","type":"product","link":"https:\/\/dolores.ee\/lv\/product\/gigi-texture-surface-hydration-cream-50-ml\/","title":{"rendered":"GIGI Texture Surface Hydration Cream 50 ml"},"content":{"rendered":"<div class=\"vgblk-rw-wrapper limit-wrapper\">\n<p data-start=\"91\" data-end=\"402\"><strong data-start=\"91\" data-end=\"193\">Samta tekst\u016bras kr\u0113ms, kas satur daudz dabiskas izcelsmes mitrino\u0161u un biotehnolo\u0123isku sast\u0101vda\u013cu.<\/strong><br data-start=\"193\" data-end=\"196\" \/>Jau p\u0113c pirm\u0101s lieto\u0161anas reizes baro sejas un kakla \u0101du ar svar\u012bg\u0101m uzturviel\u0101m, kas pal\u012bdz saglab\u0101t \u0101das mitruma l\u012bmeni, komforta saj\u016btu un aizsargk\u0101rtu. Piem\u0113rots k\u0101 dienas kr\u0113ms norm\u0101lai un sausai \u0101dai.<\/p>\n<p data-start=\"404\" data-end=\"571\"><strong data-start=\"404\" data-end=\"418\">Lieto\u0161ana:<\/strong> Uzkl\u0101jiet uz t\u012bras \u0101das un maigi iemas\u0113jiet l\u012bdz piln\u012bgai ies\u016bk\u0161anai. V\u0113l lab\u0101kiem rezult\u0101tiem iesak\u0101m k\u0101 pirmo kop\u0161anas soli lietot koncentr\u0113tu serumu.<\/p>\n<p data-start=\"573\" data-end=\"1283\"><strong data-start=\"573\" data-end=\"589\">Sast\u0101vda\u013cas:<\/strong> <em data-start=\"590\" data-end=\"1283\">Water\/Aqua, Cetearyl Alcohol, Dimethicone, Glyceryl Stearate, Propanediol, C12-15 Alkyl Benzoate, Glycerin, Dimethylaminoethanol Tartrate, Cetearyl Ethylhexanoate, Hydroxyethyl Urea, Butyrospermum Parkii Butter, Cetearyl Glucoside, Phenoxyethanol, Triethanolamine, Phenyl Trimethicone, Alpha-Glucan Oligosaccharide, Fragrance\/Parfum, Polyglutamic Acid, Chlorphenesin, Sodium Stearate, Isopropyl Myristate, Caprylyl Glycol, Polymnia Sonchifolia Root Juice, Ammonium Lactate, Disodium EDTA, Maltodextrin, Glucose, Lactobacillus, 1,2-Hexanediol, Sodium Hyaluronate, Bacillus Ferment, Lactic Acid\/Glycolic Acid Copolymer, Chlorella Vulgaris Extract, Polyvinyl Alcohol, Heptapeptide-15 Palmitate.<\/em><\/p>\n<\/div>\n<p><!-- .vgblk-rw-wrapper --><\/p>\n","protected":false},"excerpt":{"rendered":"<p>GIGI Texture Surface Hydration Cream<\/p>\n","protected":false},"featured_media":998103,"comment_status":"open","ping_status":"closed","template":"","meta":[],"product_brand":[],"product_cat":[725,783,676,718],"product_tag":[],"giftcard-category":[],"class_list":{"0":"post-998102","1":"product","2":"type-product","3":"status-publish","4":"has-post-thumbnail","6":"product_cat-dienas-krems","7":"product_cat-pavasara-adas-kopsana","8":"product_cat-sale-lv","9":"product_cat-sejas-kopsana","11":"first","12":"instock","13":"taxable","14":"shipping-taxable","15":"purchasable","16":"product-type-simple"},"yoast_head":"<!-- This site is optimized with the Yoast SEO Premium plugin v25.1 (Yoast SEO v25.7) - https:\/\/yoast.com\/wordpress\/plugins\/seo\/ -->\n<title>GIGI Texture Surface Hydration Cream 50 ml ~ Dolores<\/title>\n<meta name=\"robots\" content=\"index, follow, max-snippet:-1, max-image-preview:large, max-video-preview:-1\" \/>\n<link rel=\"canonical\" href=\"https:\/\/dolores.ee\/lv\/product\/gigi-texture-surface-hydration-cream-50-ml\/\" \/>\n<meta property=\"og:locale\" content=\"lv_LV\" \/>\n<meta property=\"og:type\" content=\"article\" \/>\n<meta property=\"og:title\" content=\"GIGI Texture Surface Hydration Cream 50 ml\" \/>\n<meta property=\"og:description\" content=\"GIGI Texture Surface Hydration Cream\" \/>\n<meta property=\"og:url\" content=\"https:\/\/dolores.ee\/lv\/product\/gigi-texture-surface-hydration-cream-50-ml\/\" \/>\n<meta property=\"og:site_name\" content=\"Dolores\" \/>\n<meta property=\"article:publisher\" content=\"https:\/\/www.facebook.com\/doloresepood\/\" \/>\n<meta property=\"article:modified_time\" content=\"2025-10-16T19:28:35+00:00\" \/>\n<meta property=\"og:image\" content=\"https:\/\/dolores.ee\/wp-content\/uploads\/2023\/10\/23100-Surface-Hydration-with-box.jpg\" \/>\n\t<meta property=\"og:image:width\" content=\"1920\" \/>\n\t<meta property=\"og:image:height\" content=\"1920\" \/>\n\t<meta property=\"og:image:type\" content=\"image\/jpeg\" \/>\n<meta name=\"twitter:card\" content=\"summary_large_image\" \/>\n<meta name=\"twitter:label1\" content=\"Est. reading time\" \/>\n\t<meta name=\"twitter:data1\" content=\"1 minute\" \/>\n<script type=\"application\/ld+json\" class=\"yoast-schema-graph\">{\"@context\":\"https:\/\/schema.org\",\"@graph\":[{\"@type\":\"WebPage\",\"@id\":\"https:\/\/dolores.ee\/lv\/product\/gigi-texture-surface-hydration-cream-50-ml\/\",\"url\":\"https:\/\/dolores.ee\/lv\/product\/gigi-texture-surface-hydration-cream-50-ml\/\",\"name\":\"GIGI Texture Surface Hydration Cream 50 ml ~ Dolores\",\"isPartOf\":{\"@id\":\"https:\/\/dolores.ee\/lv\/#website\"},\"primaryImageOfPage\":{\"@id\":\"https:\/\/dolores.ee\/lv\/product\/gigi-texture-surface-hydration-cream-50-ml\/#primaryimage\"},\"image\":{\"@id\":\"https:\/\/dolores.ee\/lv\/product\/gigi-texture-surface-hydration-cream-50-ml\/#primaryimage\"},\"thumbnailUrl\":\"https:\/\/dolores.ee\/wp-content\/uploads\/2023\/10\/23100-Surface-Hydration-with-box.jpg\",\"datePublished\":\"2023-10-26T12:36:18+00:00\",\"dateModified\":\"2025-10-16T19:28:35+00:00\",\"breadcrumb\":{\"@id\":\"https:\/\/dolores.ee\/lv\/product\/gigi-texture-surface-hydration-cream-50-ml\/#breadcrumb\"},\"inLanguage\":\"lv-LV\",\"potentialAction\":[{\"@type\":\"ReadAction\",\"target\":[\"https:\/\/dolores.ee\/lv\/product\/gigi-texture-surface-hydration-cream-50-ml\/\"]}]},{\"@type\":\"ImageObject\",\"inLanguage\":\"lv-LV\",\"@id\":\"https:\/\/dolores.ee\/lv\/product\/gigi-texture-surface-hydration-cream-50-ml\/#primaryimage\",\"url\":\"https:\/\/dolores.ee\/wp-content\/uploads\/2023\/10\/23100-Surface-Hydration-with-box.jpg\",\"contentUrl\":\"https:\/\/dolores.ee\/wp-content\/uploads\/2023\/10\/23100-Surface-Hydration-with-box.jpg\",\"width\":1920,\"height\":1920},{\"@type\":\"BreadcrumbList\",\"@id\":\"https:\/\/dolores.ee\/lv\/product\/gigi-texture-surface-hydration-cream-50-ml\/#breadcrumb\",\"itemListElement\":[{\"@type\":\"ListItem\",\"position\":1,\"name\":\"Home\",\"item\":\"https:\/\/dolores.ee\/lv\/\"},{\"@type\":\"ListItem\",\"position\":2,\"name\":\"E-veikals\",\"item\":\"https:\/\/dolores.ee\/lv\/e-veikals\/\"},{\"@type\":\"ListItem\",\"position\":3,\"name\":\"GIGI Texture Surface Hydration Cream 50 ml\"}]},{\"@type\":\"WebSite\",\"@id\":\"https:\/\/dolores.ee\/lv\/#website\",\"url\":\"https:\/\/dolores.ee\/lv\/\",\"name\":\"Dolores e-pood\",\"description\":\"Beauty Shop\",\"publisher\":{\"@id\":\"https:\/\/dolores.ee\/lv\/#organization\"},\"alternateName\":\"Dolores\",\"potentialAction\":[{\"@type\":\"SearchAction\",\"target\":{\"@type\":\"EntryPoint\",\"urlTemplate\":\"https:\/\/dolores.ee\/lv\/?s={search_term_string}\"},\"query-input\":{\"@type\":\"PropertyValueSpecification\",\"valueRequired\":true,\"valueName\":\"search_term_string\"}}],\"inLanguage\":\"lv-LV\"},{\"@type\":\"Organization\",\"@id\":\"https:\/\/dolores.ee\/lv\/#organization\",\"name\":\"Dolores O\u00dc\",\"alternateName\":\"Dolores e-pood\",\"url\":\"https:\/\/dolores.ee\/lv\/\",\"logo\":{\"@type\":\"ImageObject\",\"inLanguage\":\"lv-LV\",\"@id\":\"https:\/\/dolores.ee\/lv\/#\/schema\/logo\/image\/\",\"url\":\"https:\/\/dolores.ee\/wp-content\/uploads\/2025\/04\/logo-1.jpg\",\"contentUrl\":\"https:\/\/dolores.ee\/wp-content\/uploads\/2025\/04\/logo-1.jpg\",\"width\":1951,\"height\":660,\"caption\":\"Dolores O\u00dc\"},\"image\":{\"@id\":\"https:\/\/dolores.ee\/lv\/#\/schema\/logo\/image\/\"},\"sameAs\":[\"https:\/\/www.facebook.com\/doloresepood\/\"],\"description\":\"Dolores.ee on kaasaegne veebipood, kust leiad tuntud kaubam\u00e4rkide \u2013 GIGI, Anna Lotan, Hikari, Hlavin \u2013 originaalkosmeetikat. Pakume kvaliteetseid hooldustooteid taskukohaste hindadega ja kiire kohaletoimetamisega \u00fcle Eesti. Nahahooldus pole kunagi olnud nii lihtne ja soodne!\",\"email\":\"dolores@dolores.ee\",\"telephone\":\"372 644 2440\",\"legalName\":\"Dolores O\u00dc\",\"foundingDate\":\"1998-02-09\",\"vatID\":\"EE100050280\",\"numberOfEmployees\":{\"@type\":\"QuantitativeValue\",\"minValue\":\"11\",\"maxValue\":\"50\"}}]}<\/script>\n<!-- \/ Yoast SEO Premium plugin. -->","yoast_head_json":{"title":"GIGI Texture Surface Hydration Cream 50 ml ~ Dolores","robots":{"index":"index","follow":"follow","max-snippet":"max-snippet:-1","max-image-preview":"max-image-preview:large","max-video-preview":"max-video-preview:-1"},"canonical":"https:\/\/dolores.ee\/lv\/product\/gigi-texture-surface-hydration-cream-50-ml\/","og_locale":"lv_LV","og_type":"article","og_title":"GIGI Texture Surface Hydration Cream 50 ml","og_description":"GIGI Texture Surface Hydration Cream","og_url":"https:\/\/dolores.ee\/lv\/product\/gigi-texture-surface-hydration-cream-50-ml\/","og_site_name":"Dolores","article_publisher":"https:\/\/www.facebook.com\/doloresepood\/","article_modified_time":"2025-10-16T19:28:35+00:00","og_image":[{"width":1920,"height":1920,"url":"https:\/\/dolores.ee\/wp-content\/uploads\/2023\/10\/23100-Surface-Hydration-with-box.jpg","type":"image\/jpeg"}],"twitter_card":"summary_large_image","twitter_misc":{"Est. reading time":"1 minute"},"schema":{"@context":"https:\/\/schema.org","@graph":[{"@type":"WebPage","@id":"https:\/\/dolores.ee\/lv\/product\/gigi-texture-surface-hydration-cream-50-ml\/","url":"https:\/\/dolores.ee\/lv\/product\/gigi-texture-surface-hydration-cream-50-ml\/","name":"GIGI Texture Surface Hydration Cream 50 ml ~ Dolores","isPartOf":{"@id":"https:\/\/dolores.ee\/lv\/#website"},"primaryImageOfPage":{"@id":"https:\/\/dolores.ee\/lv\/product\/gigi-texture-surface-hydration-cream-50-ml\/#primaryimage"},"image":{"@id":"https:\/\/dolores.ee\/lv\/product\/gigi-texture-surface-hydration-cream-50-ml\/#primaryimage"},"thumbnailUrl":"https:\/\/dolores.ee\/wp-content\/uploads\/2023\/10\/23100-Surface-Hydration-with-box.jpg","datePublished":"2023-10-26T12:36:18+00:00","dateModified":"2025-10-16T19:28:35+00:00","breadcrumb":{"@id":"https:\/\/dolores.ee\/lv\/product\/gigi-texture-surface-hydration-cream-50-ml\/#breadcrumb"},"inLanguage":"lv-LV","potentialAction":[{"@type":"ReadAction","target":["https:\/\/dolores.ee\/lv\/product\/gigi-texture-surface-hydration-cream-50-ml\/"]}]},{"@type":"ImageObject","inLanguage":"lv-LV","@id":"https:\/\/dolores.ee\/lv\/product\/gigi-texture-surface-hydration-cream-50-ml\/#primaryimage","url":"https:\/\/dolores.ee\/wp-content\/uploads\/2023\/10\/23100-Surface-Hydration-with-box.jpg","contentUrl":"https:\/\/dolores.ee\/wp-content\/uploads\/2023\/10\/23100-Surface-Hydration-with-box.jpg","width":1920,"height":1920},{"@type":"BreadcrumbList","@id":"https:\/\/dolores.ee\/lv\/product\/gigi-texture-surface-hydration-cream-50-ml\/#breadcrumb","itemListElement":[{"@type":"ListItem","position":1,"name":"Home","item":"https:\/\/dolores.ee\/lv\/"},{"@type":"ListItem","position":2,"name":"E-veikals","item":"https:\/\/dolores.ee\/lv\/e-veikals\/"},{"@type":"ListItem","position":3,"name":"GIGI Texture Surface Hydration Cream 50 ml"}]},{"@type":"WebSite","@id":"https:\/\/dolores.ee\/lv\/#website","url":"https:\/\/dolores.ee\/lv\/","name":"Dolores e-pood","description":"Beauty Shop","publisher":{"@id":"https:\/\/dolores.ee\/lv\/#organization"},"alternateName":"Dolores","potentialAction":[{"@type":"SearchAction","target":{"@type":"EntryPoint","urlTemplate":"https:\/\/dolores.ee\/lv\/?s={search_term_string}"},"query-input":{"@type":"PropertyValueSpecification","valueRequired":true,"valueName":"search_term_string"}}],"inLanguage":"lv-LV"},{"@type":"Organization","@id":"https:\/\/dolores.ee\/lv\/#organization","name":"Dolores O\u00dc","alternateName":"Dolores e-pood","url":"https:\/\/dolores.ee\/lv\/","logo":{"@type":"ImageObject","inLanguage":"lv-LV","@id":"https:\/\/dolores.ee\/lv\/#\/schema\/logo\/image\/","url":"https:\/\/dolores.ee\/wp-content\/uploads\/2025\/04\/logo-1.jpg","contentUrl":"https:\/\/dolores.ee\/wp-content\/uploads\/2025\/04\/logo-1.jpg","width":1951,"height":660,"caption":"Dolores O\u00dc"},"image":{"@id":"https:\/\/dolores.ee\/lv\/#\/schema\/logo\/image\/"},"sameAs":["https:\/\/www.facebook.com\/doloresepood\/"],"description":"Dolores.ee on kaasaegne veebipood, kust leiad tuntud kaubam\u00e4rkide \u2013 GIGI, Anna Lotan, Hikari, Hlavin \u2013 originaalkosmeetikat. Pakume kvaliteetseid hooldustooteid taskukohaste hindadega ja kiire kohaletoimetamisega \u00fcle Eesti. Nahahooldus pole kunagi olnud nii lihtne ja soodne!","email":"dolores@dolores.ee","telephone":"372 644 2440","legalName":"Dolores O\u00dc","foundingDate":"1998-02-09","vatID":"EE100050280","numberOfEmployees":{"@type":"QuantitativeValue","minValue":"11","maxValue":"50"}}]}},"_links":{"self":[{"href":"https:\/\/dolores.ee\/lv\/wp-json\/wp\/v2\/product\/998102","targetHints":{"allow":["GET"]}}],"collection":[{"href":"https:\/\/dolores.ee\/lv\/wp-json\/wp\/v2\/product"}],"about":[{"href":"https:\/\/dolores.ee\/lv\/wp-json\/wp\/v2\/types\/product"}],"replies":[{"embeddable":true,"href":"https:\/\/dolores.ee\/lv\/wp-json\/wp\/v2\/comments?post=998102"}],"version-history":[{"count":0,"href":"https:\/\/dolores.ee\/lv\/wp-json\/wp\/v2\/product\/998102\/revisions"}],"wp:featuredmedia":[{"embeddable":true,"href":"https:\/\/dolores.ee\/lv\/wp-json\/wp\/v2\/media\/998103"}],"wp:attachment":[{"href":"https:\/\/dolores.ee\/lv\/wp-json\/wp\/v2\/media?parent=998102"}],"wp:term":[{"taxonomy":"product_brand","embeddable":true,"href":"https:\/\/dolores.ee\/lv\/wp-json\/wp\/v2\/product_brand?post=998102"},{"taxonomy":"product_cat","embeddable":true,"href":"https:\/\/dolores.ee\/lv\/wp-json\/wp\/v2\/product_cat?post=998102"},{"taxonomy":"product_tag","embeddable":true,"href":"https:\/\/dolores.ee\/lv\/wp-json\/wp\/v2\/product_tag?post=998102"},{"taxonomy":"giftcard-category","embeddable":true,"href":"https:\/\/dolores.ee\/lv\/wp-json\/wp\/v2\/giftcard-category?post=998102"}],"curies":[{"name":"wp","href":"https:\/\/api.w.org\/{rel}","templated":true}]}}