{"id":998104,"date":"2023-09-26T15:44:03","date_gmt":"2023-09-26T12:44:03","guid":{"rendered":"https:\/\/dolores.ee\/product\/anna-lotan-lightening-care-ultra-light-cream-gel-spf50-50-ml\/"},"modified":"2025-07-01T11:06:21","modified_gmt":"2025-07-01T08:06:21","slug":"anna-lotan-lightening-care-ultra-light-cream-gel-spf50-50-ml","status":"publish","type":"product","link":"https:\/\/dolores.ee\/lv\/product\/anna-lotan-lightening-care-ultra-light-cream-gel-spf50-50-ml\/","title":{"rendered":"Anna Lotan Lightening Care Ultra Light Cream Gel SPF50+ 50 ml"},"content":{"rendered":"<div class=\"vgblk-rw-wrapper limit-wrapper\">\n<p data-start=\"110\" data-end=\"538\"><strong data-start=\"110\" data-end=\"281\">Jaun\u0101k\u0101s paaudzes filtrus saturo\u0161s kr\u0113ms nodro\u0161ina maksim\u0101lu saules aizsardz\u012bbas efektivit\u0101ti un optim\u0101lu \u0113rtumu, pateicoties vieglai, nek\u013c\u016bd\u012bgai kr\u0113ma-g\u0113la tekst\u016brai.<\/strong><br data-start=\"281\" data-end=\"284\" \/>Kr\u0113m\u0101 ir akt\u012bvie antioksidanti (hidroksiacetofenons un E vitam\u012bns), kas sniedz dz\u012bv\u012bbai svar\u012bgu aizsardz\u012bbu pret br\u012bvajiem radik\u0101\u013ciem saules UV starojuma ietekm\u0113. Nesatur nanopigmentus, viegli ies\u016bcas \u0101d\u0101 un p\u0113c uzkl\u0101\u0161anas neatst\u0101j uz \u0101das baltu k\u0101rti\u0146u.<\/p>\n<p data-start=\"540\" data-end=\"760\">\u012apa\u0161i piem\u0113rots ikdienas \u0101das kop\u0161anai klientiem, kuri veic \u0101das izgaismo\u0161anas proced\u016bras. Formula atbilst \u201et\u012bras kosm\u0113tikas\u201d principiem \u2014 nesatur parab\u0113nus, fenoksietanolus, sulf\u0101tus, silikonus, alkoholu un smar\u017evielas.<\/p>\n<p data-start=\"762\" data-end=\"963\">Speci\u0101li uzlabotie saules aizsardz\u012bbas filtri \u0161aj\u0101 sast\u0101v\u0101 nesatur benzofenonu-3 un etilheksilmetoksicinnam\u0101tu, nodro\u0161inot lietot\u0101jam dro\u0161\u012bbu un neietekm\u0113jot kora\u013c\u013cu rifu un j\u016bras dz\u012bv\u012bbas saglab\u0101\u0161anu.<\/p>\n<p data-start=\"965\" data-end=\"1076\"><strong data-start=\"965\" data-end=\"986\">Lieto\u0161anas veids:<\/strong> uzkl\u0101jiet kr\u0113mu ar viegl\u0101m mas\u0113jo\u0161\u0101m kust\u012bb\u0101m uz sejas un kakla l\u012bdz piln\u012bgai ies\u016bk\u0161anai.<\/p>\n<p data-start=\"1078\" data-end=\"1759\"><strong data-start=\"1078\" data-end=\"1094\">Sast\u0101vda\u013cas:<\/strong> <em data-start=\"1095\" data-end=\"1759\">Aqua (Water), Dibutyl Adipate, C12-15 Alkyl Benzoate, Propanediol, Butyl Methoxydibenzoylmethane, Ethylhexyl Triazone, Ethylhexyl Salicylate, Bis-Ethylhexyloxyphenol Methoxyphenyl Triazine, Phenylbenzimidazole Sulfonic Acid, Methylene Bis-Benzotriazolyl Tetramethylbutylphenol, Silica, Capryloyl Glycerin\/Sebacic Acid Copolymer, Tocopheryl Acetate, Panthenol, Hydroxyacetophenone, Phenethyl Alcohol, Xanthan Gum, Hydroxyethyl Acrylate\/Sodium Acryloyldimethyl Taurate Copolymer, Caprylhydroxamic Acid, Decyl Glucoside, Lauryl Glucoside, Myristyl Glucoside, Polyglyceryl-6 Laurate, Ethylhexylglycerin, Polyacrylate Crosspolymer-6, Sodium Phytate, Sodium Hydroxide.<\/em><\/p>\n<\/div>\n<p><!-- .vgblk-rw-wrapper --><\/p>\n","protected":false},"excerpt":{"rendered":"<p>Anna Lotan Lightening Care Ultra Light Cream Gel SPF50+<\/p>\n","protected":false},"featured_media":351144,"comment_status":"open","ping_status":"closed","template":"","meta":[],"product_brand":[],"product_cat":[660,667,725,734,673,676,704,718,724],"product_tag":[],"giftcard-category":[],"class_list":{"0":"post-998104","1":"product","2":"type-product","3":"status-publish","4":"has-post-thumbnail","6":"product_cat-anna-lotan-lv","7":"product_cat-c-white-lv","8":"product_cat-dienas-krems","9":"product_cat-jaunienes","10":"product_cat-lightening-care-lv","11":"product_cat-sale-lv","12":"product_cat-saules-aizsardziba","13":"product_cat-sejas-kopsana","14":"product_cat-sejas-krems","16":"first","17":"instock","18":"taxable","19":"shipping-taxable","20":"purchasable","21":"product-type-simple"},"yoast_head":"<!-- This site is optimized with the Yoast SEO Premium plugin v25.1 (Yoast SEO v25.7) - https:\/\/yoast.com\/wordpress\/plugins\/seo\/ -->\n<title>Anna Lotan Lightening Care Ultra Light Cream Gel SPF50+ 50 ml ~ Dolores<\/title>\n<meta name=\"robots\" content=\"index, follow, max-snippet:-1, max-image-preview:large, max-video-preview:-1\" \/>\n<link rel=\"canonical\" href=\"https:\/\/dolores.ee\/lv\/product\/anna-lotan-lightening-care-ultra-light-cream-gel-spf50-50-ml\/\" \/>\n<meta property=\"og:locale\" content=\"lv_LV\" \/>\n<meta property=\"og:type\" content=\"article\" \/>\n<meta property=\"og:title\" content=\"Anna Lotan Lightening Care Ultra Light Cream Gel SPF50+ 50 ml\" \/>\n<meta property=\"og:description\" content=\"Anna Lotan Lightening Care Ultra Light Cream Gel SPF50+\" \/>\n<meta property=\"og:url\" content=\"https:\/\/dolores.ee\/lv\/product\/anna-lotan-lightening-care-ultra-light-cream-gel-spf50-50-ml\/\" \/>\n<meta property=\"og:site_name\" content=\"Dolores\" \/>\n<meta property=\"article:publisher\" content=\"https:\/\/www.facebook.com\/doloresepood\/\" \/>\n<meta property=\"article:modified_time\" content=\"2025-07-01T08:06:21+00:00\" \/>\n<meta property=\"og:image\" content=\"https:\/\/dolores.ee\/wp-content\/uploads\/2023\/09\/Ultra_Light_Cream_Gel_SPF_50_50_ml.jpg\" \/>\n\t<meta property=\"og:image:width\" content=\"550\" \/>\n\t<meta property=\"og:image:height\" content=\"550\" \/>\n\t<meta property=\"og:image:type\" content=\"image\/jpeg\" \/>\n<meta name=\"twitter:card\" content=\"summary_large_image\" \/>\n<meta name=\"twitter:label1\" content=\"Est. reading time\" \/>\n\t<meta name=\"twitter:data1\" content=\"1 minute\" \/>\n<script type=\"application\/ld+json\" class=\"yoast-schema-graph\">{\"@context\":\"https:\/\/schema.org\",\"@graph\":[{\"@type\":\"WebPage\",\"@id\":\"https:\/\/dolores.ee\/lv\/product\/anna-lotan-lightening-care-ultra-light-cream-gel-spf50-50-ml\/\",\"url\":\"https:\/\/dolores.ee\/lv\/product\/anna-lotan-lightening-care-ultra-light-cream-gel-spf50-50-ml\/\",\"name\":\"Anna Lotan Lightening Care Ultra Light Cream Gel SPF50+ 50 ml ~ Dolores\",\"isPartOf\":{\"@id\":\"https:\/\/dolores.ee\/lv\/#website\"},\"primaryImageOfPage\":{\"@id\":\"https:\/\/dolores.ee\/lv\/product\/anna-lotan-lightening-care-ultra-light-cream-gel-spf50-50-ml\/#primaryimage\"},\"image\":{\"@id\":\"https:\/\/dolores.ee\/lv\/product\/anna-lotan-lightening-care-ultra-light-cream-gel-spf50-50-ml\/#primaryimage\"},\"thumbnailUrl\":\"https:\/\/dolores.ee\/wp-content\/uploads\/2023\/09\/Ultra_Light_Cream_Gel_SPF_50_50_ml.jpg\",\"datePublished\":\"2023-09-26T12:44:03+00:00\",\"dateModified\":\"2025-07-01T08:06:21+00:00\",\"breadcrumb\":{\"@id\":\"https:\/\/dolores.ee\/lv\/product\/anna-lotan-lightening-care-ultra-light-cream-gel-spf50-50-ml\/#breadcrumb\"},\"inLanguage\":\"lv-LV\",\"potentialAction\":[{\"@type\":\"ReadAction\",\"target\":[\"https:\/\/dolores.ee\/lv\/product\/anna-lotan-lightening-care-ultra-light-cream-gel-spf50-50-ml\/\"]}]},{\"@type\":\"ImageObject\",\"inLanguage\":\"lv-LV\",\"@id\":\"https:\/\/dolores.ee\/lv\/product\/anna-lotan-lightening-care-ultra-light-cream-gel-spf50-50-ml\/#primaryimage\",\"url\":\"https:\/\/dolores.ee\/wp-content\/uploads\/2023\/09\/Ultra_Light_Cream_Gel_SPF_50_50_ml.jpg\",\"contentUrl\":\"https:\/\/dolores.ee\/wp-content\/uploads\/2023\/09\/Ultra_Light_Cream_Gel_SPF_50_50_ml.jpg\",\"width\":550,\"height\":550},{\"@type\":\"BreadcrumbList\",\"@id\":\"https:\/\/dolores.ee\/lv\/product\/anna-lotan-lightening-care-ultra-light-cream-gel-spf50-50-ml\/#breadcrumb\",\"itemListElement\":[{\"@type\":\"ListItem\",\"position\":1,\"name\":\"Home\",\"item\":\"https:\/\/dolores.ee\/lv\/\"},{\"@type\":\"ListItem\",\"position\":2,\"name\":\"E-veikals\",\"item\":\"https:\/\/dolores.ee\/lv\/e-veikals\/\"},{\"@type\":\"ListItem\",\"position\":3,\"name\":\"Anna Lotan Lightening Care Ultra Light Cream Gel SPF50+ 50 ml\"}]},{\"@type\":\"WebSite\",\"@id\":\"https:\/\/dolores.ee\/lv\/#website\",\"url\":\"https:\/\/dolores.ee\/lv\/\",\"name\":\"Dolores e-pood\",\"description\":\"Beauty Shop\",\"publisher\":{\"@id\":\"https:\/\/dolores.ee\/lv\/#organization\"},\"alternateName\":\"Dolores\",\"potentialAction\":[{\"@type\":\"SearchAction\",\"target\":{\"@type\":\"EntryPoint\",\"urlTemplate\":\"https:\/\/dolores.ee\/lv\/?s={search_term_string}\"},\"query-input\":{\"@type\":\"PropertyValueSpecification\",\"valueRequired\":true,\"valueName\":\"search_term_string\"}}],\"inLanguage\":\"lv-LV\"},{\"@type\":\"Organization\",\"@id\":\"https:\/\/dolores.ee\/lv\/#organization\",\"name\":\"Dolores O\u00dc\",\"alternateName\":\"Dolores e-pood\",\"url\":\"https:\/\/dolores.ee\/lv\/\",\"logo\":{\"@type\":\"ImageObject\",\"inLanguage\":\"lv-LV\",\"@id\":\"https:\/\/dolores.ee\/lv\/#\/schema\/logo\/image\/\",\"url\":\"https:\/\/dolores.ee\/wp-content\/uploads\/2025\/04\/logo-1.jpg\",\"contentUrl\":\"https:\/\/dolores.ee\/wp-content\/uploads\/2025\/04\/logo-1.jpg\",\"width\":1951,\"height\":660,\"caption\":\"Dolores O\u00dc\"},\"image\":{\"@id\":\"https:\/\/dolores.ee\/lv\/#\/schema\/logo\/image\/\"},\"sameAs\":[\"https:\/\/www.facebook.com\/doloresepood\/\"],\"description\":\"Dolores.ee on kaasaegne veebipood, kust leiad tuntud kaubam\u00e4rkide \u2013 GIGI, Anna Lotan, Hikari, Hlavin \u2013 originaalkosmeetikat. Pakume kvaliteetseid hooldustooteid taskukohaste hindadega ja kiire kohaletoimetamisega \u00fcle Eesti. Nahahooldus pole kunagi olnud nii lihtne ja soodne!\",\"email\":\"dolores@dolores.ee\",\"telephone\":\"372 644 2440\",\"legalName\":\"Dolores O\u00dc\",\"foundingDate\":\"1998-02-09\",\"vatID\":\"EE100050280\",\"numberOfEmployees\":{\"@type\":\"QuantitativeValue\",\"minValue\":\"11\",\"maxValue\":\"50\"}}]}<\/script>\n<!-- \/ Yoast SEO Premium plugin. -->","yoast_head_json":{"title":"Anna Lotan Lightening Care Ultra Light Cream Gel SPF50+ 50 ml ~ Dolores","robots":{"index":"index","follow":"follow","max-snippet":"max-snippet:-1","max-image-preview":"max-image-preview:large","max-video-preview":"max-video-preview:-1"},"canonical":"https:\/\/dolores.ee\/lv\/product\/anna-lotan-lightening-care-ultra-light-cream-gel-spf50-50-ml\/","og_locale":"lv_LV","og_type":"article","og_title":"Anna Lotan Lightening Care Ultra Light Cream Gel SPF50+ 50 ml","og_description":"Anna Lotan Lightening Care Ultra Light Cream Gel SPF50+","og_url":"https:\/\/dolores.ee\/lv\/product\/anna-lotan-lightening-care-ultra-light-cream-gel-spf50-50-ml\/","og_site_name":"Dolores","article_publisher":"https:\/\/www.facebook.com\/doloresepood\/","article_modified_time":"2025-07-01T08:06:21+00:00","og_image":[{"width":550,"height":550,"url":"https:\/\/dolores.ee\/wp-content\/uploads\/2023\/09\/Ultra_Light_Cream_Gel_SPF_50_50_ml.jpg","type":"image\/jpeg"}],"twitter_card":"summary_large_image","twitter_misc":{"Est. reading time":"1 minute"},"schema":{"@context":"https:\/\/schema.org","@graph":[{"@type":"WebPage","@id":"https:\/\/dolores.ee\/lv\/product\/anna-lotan-lightening-care-ultra-light-cream-gel-spf50-50-ml\/","url":"https:\/\/dolores.ee\/lv\/product\/anna-lotan-lightening-care-ultra-light-cream-gel-spf50-50-ml\/","name":"Anna Lotan Lightening Care Ultra Light Cream Gel SPF50+ 50 ml ~ Dolores","isPartOf":{"@id":"https:\/\/dolores.ee\/lv\/#website"},"primaryImageOfPage":{"@id":"https:\/\/dolores.ee\/lv\/product\/anna-lotan-lightening-care-ultra-light-cream-gel-spf50-50-ml\/#primaryimage"},"image":{"@id":"https:\/\/dolores.ee\/lv\/product\/anna-lotan-lightening-care-ultra-light-cream-gel-spf50-50-ml\/#primaryimage"},"thumbnailUrl":"https:\/\/dolores.ee\/wp-content\/uploads\/2023\/09\/Ultra_Light_Cream_Gel_SPF_50_50_ml.jpg","datePublished":"2023-09-26T12:44:03+00:00","dateModified":"2025-07-01T08:06:21+00:00","breadcrumb":{"@id":"https:\/\/dolores.ee\/lv\/product\/anna-lotan-lightening-care-ultra-light-cream-gel-spf50-50-ml\/#breadcrumb"},"inLanguage":"lv-LV","potentialAction":[{"@type":"ReadAction","target":["https:\/\/dolores.ee\/lv\/product\/anna-lotan-lightening-care-ultra-light-cream-gel-spf50-50-ml\/"]}]},{"@type":"ImageObject","inLanguage":"lv-LV","@id":"https:\/\/dolores.ee\/lv\/product\/anna-lotan-lightening-care-ultra-light-cream-gel-spf50-50-ml\/#primaryimage","url":"https:\/\/dolores.ee\/wp-content\/uploads\/2023\/09\/Ultra_Light_Cream_Gel_SPF_50_50_ml.jpg","contentUrl":"https:\/\/dolores.ee\/wp-content\/uploads\/2023\/09\/Ultra_Light_Cream_Gel_SPF_50_50_ml.jpg","width":550,"height":550},{"@type":"BreadcrumbList","@id":"https:\/\/dolores.ee\/lv\/product\/anna-lotan-lightening-care-ultra-light-cream-gel-spf50-50-ml\/#breadcrumb","itemListElement":[{"@type":"ListItem","position":1,"name":"Home","item":"https:\/\/dolores.ee\/lv\/"},{"@type":"ListItem","position":2,"name":"E-veikals","item":"https:\/\/dolores.ee\/lv\/e-veikals\/"},{"@type":"ListItem","position":3,"name":"Anna Lotan Lightening Care Ultra Light Cream Gel SPF50+ 50 ml"}]},{"@type":"WebSite","@id":"https:\/\/dolores.ee\/lv\/#website","url":"https:\/\/dolores.ee\/lv\/","name":"Dolores e-pood","description":"Beauty Shop","publisher":{"@id":"https:\/\/dolores.ee\/lv\/#organization"},"alternateName":"Dolores","potentialAction":[{"@type":"SearchAction","target":{"@type":"EntryPoint","urlTemplate":"https:\/\/dolores.ee\/lv\/?s={search_term_string}"},"query-input":{"@type":"PropertyValueSpecification","valueRequired":true,"valueName":"search_term_string"}}],"inLanguage":"lv-LV"},{"@type":"Organization","@id":"https:\/\/dolores.ee\/lv\/#organization","name":"Dolores O\u00dc","alternateName":"Dolores e-pood","url":"https:\/\/dolores.ee\/lv\/","logo":{"@type":"ImageObject","inLanguage":"lv-LV","@id":"https:\/\/dolores.ee\/lv\/#\/schema\/logo\/image\/","url":"https:\/\/dolores.ee\/wp-content\/uploads\/2025\/04\/logo-1.jpg","contentUrl":"https:\/\/dolores.ee\/wp-content\/uploads\/2025\/04\/logo-1.jpg","width":1951,"height":660,"caption":"Dolores O\u00dc"},"image":{"@id":"https:\/\/dolores.ee\/lv\/#\/schema\/logo\/image\/"},"sameAs":["https:\/\/www.facebook.com\/doloresepood\/"],"description":"Dolores.ee on kaasaegne veebipood, kust leiad tuntud kaubam\u00e4rkide \u2013 GIGI, Anna Lotan, Hikari, Hlavin \u2013 originaalkosmeetikat. Pakume kvaliteetseid hooldustooteid taskukohaste hindadega ja kiire kohaletoimetamisega \u00fcle Eesti. Nahahooldus pole kunagi olnud nii lihtne ja soodne!","email":"dolores@dolores.ee","telephone":"372 644 2440","legalName":"Dolores O\u00dc","foundingDate":"1998-02-09","vatID":"EE100050280","numberOfEmployees":{"@type":"QuantitativeValue","minValue":"11","maxValue":"50"}}]}},"_links":{"self":[{"href":"https:\/\/dolores.ee\/lv\/wp-json\/wp\/v2\/product\/998104","targetHints":{"allow":["GET"]}}],"collection":[{"href":"https:\/\/dolores.ee\/lv\/wp-json\/wp\/v2\/product"}],"about":[{"href":"https:\/\/dolores.ee\/lv\/wp-json\/wp\/v2\/types\/product"}],"replies":[{"embeddable":true,"href":"https:\/\/dolores.ee\/lv\/wp-json\/wp\/v2\/comments?post=998104"}],"version-history":[{"count":0,"href":"https:\/\/dolores.ee\/lv\/wp-json\/wp\/v2\/product\/998104\/revisions"}],"wp:featuredmedia":[{"embeddable":true,"href":"https:\/\/dolores.ee\/lv\/wp-json\/wp\/v2\/media\/351144"}],"wp:attachment":[{"href":"https:\/\/dolores.ee\/lv\/wp-json\/wp\/v2\/media?parent=998104"}],"wp:term":[{"taxonomy":"product_brand","embeddable":true,"href":"https:\/\/dolores.ee\/lv\/wp-json\/wp\/v2\/product_brand?post=998104"},{"taxonomy":"product_cat","embeddable":true,"href":"https:\/\/dolores.ee\/lv\/wp-json\/wp\/v2\/product_cat?post=998104"},{"taxonomy":"product_tag","embeddable":true,"href":"https:\/\/dolores.ee\/lv\/wp-json\/wp\/v2\/product_tag?post=998104"},{"taxonomy":"giftcard-category","embeddable":true,"href":"https:\/\/dolores.ee\/lv\/wp-json\/wp\/v2\/giftcard-category?post=998104"}],"curies":[{"name":"wp","href":"https:\/\/api.w.org\/{rel}","templated":true}]}}