{"id":998106,"date":"2023-09-26T14:19:15","date_gmt":"2023-09-26T11:19:15","guid":{"rendered":"https:\/\/dolores.ee\/product\/anna-lotan-lightening-care-double-c-vitamin-c-enriched-multifruit-scrub-70-ml\/"},"modified":"2025-07-01T11:06:21","modified_gmt":"2025-07-01T08:06:21","slug":"anna-lotan-lightening-care-double-c-vitamin-c-enriched-multifruit-scrub-70-ml","status":"publish","type":"product","link":"https:\/\/dolores.ee\/lv\/product\/anna-lotan-lightening-care-double-c-vitamin-c-enriched-multifruit-scrub-70-ml\/","title":{"rendered":"Anna Lotan Lightening Care Double C Vitamin C Enriched Multifruit Scrub 70 ml"},"content":{"rendered":"<div class=\"vgblk-rw-wrapper limit-wrapper\">\n<p data-start=\"84\" data-end=\"162\"><strong data-start=\"84\" data-end=\"162\">Anna Lotan Lightening Care Double C vitam\u012bnu bag\u0101tin\u0101ts daudzaug\u013cu skrubis<\/strong><\/p>\n<p data-start=\"164\" data-end=\"1124\"><strong data-start=\"164\" data-end=\"180\">Sast\u0101vda\u013cas:<\/strong><br data-start=\"180\" data-end=\"183\" \/><em data-start=\"183\" data-end=\"1124\">Caprylic\/Capric Triglyceride, Sorbitol, Maris Sal (J\u016bras s\u0101ls), Cetyl Alcohol, Aluminum Starch Octenylsuccinate, Sodium Cocoyl Isethionate, Butyrospermum Parkii (\u0160\u012b sviests), Glyceryl Rosinate, Hippophae Rhamnoides (\u0136ir\u0161u sve\u0137is) aug\u013cu e\u013c\u013ca, Zea Mays (Kukur\u016bzas) ciete, Ascorbic Acid (C vitam\u012bns), Cera Alba (Bi\u0161u vasks), Laureth-4, Ascorbyl Tetraisopalmitate, Hydrogenated Castor Oil, Dicaprylyl Ether, PEG-45\/Dodecyl Glycol Copolymer, Olea Europaea (Olivu) e\u013c\u013ca nesaponific\u0113jama da\u013ca, Quaternium-90 Bentonite, Tocopherol, Hydroxypropyl Methylcellulose, Beta-Sitosterol, Vaccinium Myrtillus (Melle\u0146u) aug\u013cu ekstrakts, Saccharum Officinarum (Cukurniedres) ekstrakts, Citrus Aurantium Dulcis (Apels\u012bna) aug\u013cu ekstrakts, Citrus Limon (Citrona) aug\u013cu ekstrakts, Acer Saccharum (Sarkanais k\u013cavas) ekstrakts, Aqua (\u016adens), Glycerin, Parfum (Smar\u017ea), Citral, Limonene, Benzyl Alcohol, Salicylic Acid (S\u0101ls sk\u0101be), Alcohol, Sorbic Acid, Squalene.<\/em><\/p>\n<\/div>\n<p><!-- .vgblk-rw-wrapper --><\/p>\n","protected":false},"excerpt":{"rendered":"<p>Anna Lotan Lightening Care Double C Vitamin C Enriched Multifruit Scrub<\/p>\n","protected":false},"featured_media":351135,"comment_status":"open","ping_status":"closed","template":"","meta":[],"product_brand":[],"product_cat":[660,667,734,673,723,676,718],"product_tag":[],"giftcard-category":[],"class_list":{"0":"post-998106","1":"product","2":"type-product","3":"status-publish","4":"has-post-thumbnail","6":"product_cat-anna-lotan-lv","7":"product_cat-c-white-lv","8":"product_cat-jaunienes","9":"product_cat-lightening-care-lv","10":"product_cat-peelings","11":"product_cat-sale-lv","12":"product_cat-sejas-kopsana","14":"first","15":"instock","16":"taxable","17":"shipping-taxable","18":"purchasable","19":"product-type-simple"},"yoast_head":"<!-- This site is optimized with the Yoast SEO Premium plugin v25.1 (Yoast SEO v25.7) - https:\/\/yoast.com\/wordpress\/plugins\/seo\/ -->\n<title>Anna Lotan Lightening Care Double C Vitamin C Enriched Multifruit Scrub 70 ml ~ Dolores<\/title>\n<meta name=\"robots\" content=\"index, follow, max-snippet:-1, max-image-preview:large, max-video-preview:-1\" \/>\n<link rel=\"canonical\" href=\"https:\/\/dolores.ee\/lv\/product\/anna-lotan-lightening-care-double-c-vitamin-c-enriched-multifruit-scrub-70-ml\/\" \/>\n<meta property=\"og:locale\" content=\"lv_LV\" \/>\n<meta property=\"og:type\" content=\"article\" \/>\n<meta property=\"og:title\" content=\"Anna Lotan Lightening Care Double C Vitamin C Enriched Multifruit Scrub 70 ml\" \/>\n<meta property=\"og:description\" content=\"Anna Lotan Lightening Care Double C Vitamin C Enriched Multifruit Scrub\" \/>\n<meta property=\"og:url\" content=\"https:\/\/dolores.ee\/lv\/product\/anna-lotan-lightening-care-double-c-vitamin-c-enriched-multifruit-scrub-70-ml\/\" \/>\n<meta property=\"og:site_name\" content=\"Dolores\" \/>\n<meta property=\"article:publisher\" content=\"https:\/\/www.facebook.com\/doloresepood\/\" \/>\n<meta property=\"article:modified_time\" content=\"2025-07-01T08:06:21+00:00\" \/>\n<meta property=\"og:image\" content=\"https:\/\/dolores.ee\/wp-content\/uploads\/2025\/05\/seo.jpg\" \/>\n\t<meta property=\"og:image:width\" content=\"1200\" \/>\n\t<meta property=\"og:image:height\" content=\"675\" \/>\n\t<meta property=\"og:image:type\" content=\"image\/jpeg\" \/>\n<meta name=\"twitter:card\" content=\"summary_large_image\" \/>\n<meta name=\"twitter:label1\" content=\"Est. reading time\" \/>\n\t<meta name=\"twitter:data1\" content=\"1 minute\" \/>\n<script type=\"application\/ld+json\" class=\"yoast-schema-graph\">{\"@context\":\"https:\/\/schema.org\",\"@graph\":[{\"@type\":\"WebPage\",\"@id\":\"https:\/\/dolores.ee\/lv\/product\/anna-lotan-lightening-care-double-c-vitamin-c-enriched-multifruit-scrub-70-ml\/\",\"url\":\"https:\/\/dolores.ee\/lv\/product\/anna-lotan-lightening-care-double-c-vitamin-c-enriched-multifruit-scrub-70-ml\/\",\"name\":\"Anna Lotan Lightening Care Double C Vitamin C Enriched Multifruit Scrub 70 ml ~ Dolores\",\"isPartOf\":{\"@id\":\"https:\/\/dolores.ee\/lv\/#website\"},\"primaryImageOfPage\":{\"@id\":\"https:\/\/dolores.ee\/lv\/product\/anna-lotan-lightening-care-double-c-vitamin-c-enriched-multifruit-scrub-70-ml\/#primaryimage\"},\"image\":{\"@id\":\"https:\/\/dolores.ee\/lv\/product\/anna-lotan-lightening-care-double-c-vitamin-c-enriched-multifruit-scrub-70-ml\/#primaryimage\"},\"thumbnailUrl\":\"https:\/\/dolores.ee\/wp-content\/uploads\/2023\/09\/Lightening_Care_Double_C_70_ml.jpg\",\"datePublished\":\"2023-09-26T11:19:15+00:00\",\"dateModified\":\"2025-07-01T08:06:21+00:00\",\"breadcrumb\":{\"@id\":\"https:\/\/dolores.ee\/lv\/product\/anna-lotan-lightening-care-double-c-vitamin-c-enriched-multifruit-scrub-70-ml\/#breadcrumb\"},\"inLanguage\":\"lv-LV\",\"potentialAction\":[{\"@type\":\"ReadAction\",\"target\":[\"https:\/\/dolores.ee\/lv\/product\/anna-lotan-lightening-care-double-c-vitamin-c-enriched-multifruit-scrub-70-ml\/\"]}]},{\"@type\":\"ImageObject\",\"inLanguage\":\"lv-LV\",\"@id\":\"https:\/\/dolores.ee\/lv\/product\/anna-lotan-lightening-care-double-c-vitamin-c-enriched-multifruit-scrub-70-ml\/#primaryimage\",\"url\":\"https:\/\/dolores.ee\/wp-content\/uploads\/2023\/09\/Lightening_Care_Double_C_70_ml.jpg\",\"contentUrl\":\"https:\/\/dolores.ee\/wp-content\/uploads\/2023\/09\/Lightening_Care_Double_C_70_ml.jpg\",\"width\":550,\"height\":550},{\"@type\":\"BreadcrumbList\",\"@id\":\"https:\/\/dolores.ee\/lv\/product\/anna-lotan-lightening-care-double-c-vitamin-c-enriched-multifruit-scrub-70-ml\/#breadcrumb\",\"itemListElement\":[{\"@type\":\"ListItem\",\"position\":1,\"name\":\"Home\",\"item\":\"https:\/\/dolores.ee\/lv\/\"},{\"@type\":\"ListItem\",\"position\":2,\"name\":\"E-veikals\",\"item\":\"https:\/\/dolores.ee\/lv\/e-veikals\/\"},{\"@type\":\"ListItem\",\"position\":3,\"name\":\"Anna Lotan Lightening Care Double C Vitamin C Enriched Multifruit Scrub 70 ml\"}]},{\"@type\":\"WebSite\",\"@id\":\"https:\/\/dolores.ee\/lv\/#website\",\"url\":\"https:\/\/dolores.ee\/lv\/\",\"name\":\"Dolores e-pood\",\"description\":\"Beauty Shop\",\"publisher\":{\"@id\":\"https:\/\/dolores.ee\/lv\/#organization\"},\"alternateName\":\"Dolores\",\"potentialAction\":[{\"@type\":\"SearchAction\",\"target\":{\"@type\":\"EntryPoint\",\"urlTemplate\":\"https:\/\/dolores.ee\/lv\/?s={search_term_string}\"},\"query-input\":{\"@type\":\"PropertyValueSpecification\",\"valueRequired\":true,\"valueName\":\"search_term_string\"}}],\"inLanguage\":\"lv-LV\"},{\"@type\":\"Organization\",\"@id\":\"https:\/\/dolores.ee\/lv\/#organization\",\"name\":\"Dolores O\u00dc\",\"alternateName\":\"Dolores e-pood\",\"url\":\"https:\/\/dolores.ee\/lv\/\",\"logo\":{\"@type\":\"ImageObject\",\"inLanguage\":\"lv-LV\",\"@id\":\"https:\/\/dolores.ee\/lv\/#\/schema\/logo\/image\/\",\"url\":\"https:\/\/dolores.ee\/wp-content\/uploads\/2025\/04\/logo-1.jpg\",\"contentUrl\":\"https:\/\/dolores.ee\/wp-content\/uploads\/2025\/04\/logo-1.jpg\",\"width\":1951,\"height\":660,\"caption\":\"Dolores O\u00dc\"},\"image\":{\"@id\":\"https:\/\/dolores.ee\/lv\/#\/schema\/logo\/image\/\"},\"sameAs\":[\"https:\/\/www.facebook.com\/doloresepood\/\"],\"description\":\"Dolores.ee on kaasaegne veebipood, kust leiad tuntud kaubam\u00e4rkide \u2013 GIGI, Anna Lotan, Hikari, Hlavin \u2013 originaalkosmeetikat. Pakume kvaliteetseid hooldustooteid taskukohaste hindadega ja kiire kohaletoimetamisega \u00fcle Eesti. Nahahooldus pole kunagi olnud nii lihtne ja soodne!\",\"email\":\"dolores@dolores.ee\",\"telephone\":\"372 644 2440\",\"legalName\":\"Dolores O\u00dc\",\"foundingDate\":\"1998-02-09\",\"vatID\":\"EE100050280\",\"numberOfEmployees\":{\"@type\":\"QuantitativeValue\",\"minValue\":\"11\",\"maxValue\":\"50\"}}]}<\/script>\n<!-- \/ Yoast SEO Premium plugin. -->","yoast_head_json":{"title":"Anna Lotan Lightening Care Double C Vitamin C Enriched Multifruit Scrub 70 ml ~ Dolores","robots":{"index":"index","follow":"follow","max-snippet":"max-snippet:-1","max-image-preview":"max-image-preview:large","max-video-preview":"max-video-preview:-1"},"canonical":"https:\/\/dolores.ee\/lv\/product\/anna-lotan-lightening-care-double-c-vitamin-c-enriched-multifruit-scrub-70-ml\/","og_locale":"lv_LV","og_type":"article","og_title":"Anna Lotan Lightening Care Double C Vitamin C Enriched Multifruit Scrub 70 ml","og_description":"Anna Lotan Lightening Care Double C Vitamin C Enriched Multifruit Scrub","og_url":"https:\/\/dolores.ee\/lv\/product\/anna-lotan-lightening-care-double-c-vitamin-c-enriched-multifruit-scrub-70-ml\/","og_site_name":"Dolores","article_publisher":"https:\/\/www.facebook.com\/doloresepood\/","article_modified_time":"2025-07-01T08:06:21+00:00","og_image":[{"width":1200,"height":675,"url":"https:\/\/dolores.ee\/wp-content\/uploads\/2025\/05\/seo.jpg","type":"image\/jpeg"}],"twitter_card":"summary_large_image","twitter_misc":{"Est. reading time":"1 minute"},"schema":{"@context":"https:\/\/schema.org","@graph":[{"@type":"WebPage","@id":"https:\/\/dolores.ee\/lv\/product\/anna-lotan-lightening-care-double-c-vitamin-c-enriched-multifruit-scrub-70-ml\/","url":"https:\/\/dolores.ee\/lv\/product\/anna-lotan-lightening-care-double-c-vitamin-c-enriched-multifruit-scrub-70-ml\/","name":"Anna Lotan Lightening Care Double C Vitamin C Enriched Multifruit Scrub 70 ml ~ Dolores","isPartOf":{"@id":"https:\/\/dolores.ee\/lv\/#website"},"primaryImageOfPage":{"@id":"https:\/\/dolores.ee\/lv\/product\/anna-lotan-lightening-care-double-c-vitamin-c-enriched-multifruit-scrub-70-ml\/#primaryimage"},"image":{"@id":"https:\/\/dolores.ee\/lv\/product\/anna-lotan-lightening-care-double-c-vitamin-c-enriched-multifruit-scrub-70-ml\/#primaryimage"},"thumbnailUrl":"https:\/\/dolores.ee\/wp-content\/uploads\/2023\/09\/Lightening_Care_Double_C_70_ml.jpg","datePublished":"2023-09-26T11:19:15+00:00","dateModified":"2025-07-01T08:06:21+00:00","breadcrumb":{"@id":"https:\/\/dolores.ee\/lv\/product\/anna-lotan-lightening-care-double-c-vitamin-c-enriched-multifruit-scrub-70-ml\/#breadcrumb"},"inLanguage":"lv-LV","potentialAction":[{"@type":"ReadAction","target":["https:\/\/dolores.ee\/lv\/product\/anna-lotan-lightening-care-double-c-vitamin-c-enriched-multifruit-scrub-70-ml\/"]}]},{"@type":"ImageObject","inLanguage":"lv-LV","@id":"https:\/\/dolores.ee\/lv\/product\/anna-lotan-lightening-care-double-c-vitamin-c-enriched-multifruit-scrub-70-ml\/#primaryimage","url":"https:\/\/dolores.ee\/wp-content\/uploads\/2023\/09\/Lightening_Care_Double_C_70_ml.jpg","contentUrl":"https:\/\/dolores.ee\/wp-content\/uploads\/2023\/09\/Lightening_Care_Double_C_70_ml.jpg","width":550,"height":550},{"@type":"BreadcrumbList","@id":"https:\/\/dolores.ee\/lv\/product\/anna-lotan-lightening-care-double-c-vitamin-c-enriched-multifruit-scrub-70-ml\/#breadcrumb","itemListElement":[{"@type":"ListItem","position":1,"name":"Home","item":"https:\/\/dolores.ee\/lv\/"},{"@type":"ListItem","position":2,"name":"E-veikals","item":"https:\/\/dolores.ee\/lv\/e-veikals\/"},{"@type":"ListItem","position":3,"name":"Anna Lotan Lightening Care Double C Vitamin C Enriched Multifruit Scrub 70 ml"}]},{"@type":"WebSite","@id":"https:\/\/dolores.ee\/lv\/#website","url":"https:\/\/dolores.ee\/lv\/","name":"Dolores e-pood","description":"Beauty Shop","publisher":{"@id":"https:\/\/dolores.ee\/lv\/#organization"},"alternateName":"Dolores","potentialAction":[{"@type":"SearchAction","target":{"@type":"EntryPoint","urlTemplate":"https:\/\/dolores.ee\/lv\/?s={search_term_string}"},"query-input":{"@type":"PropertyValueSpecification","valueRequired":true,"valueName":"search_term_string"}}],"inLanguage":"lv-LV"},{"@type":"Organization","@id":"https:\/\/dolores.ee\/lv\/#organization","name":"Dolores O\u00dc","alternateName":"Dolores e-pood","url":"https:\/\/dolores.ee\/lv\/","logo":{"@type":"ImageObject","inLanguage":"lv-LV","@id":"https:\/\/dolores.ee\/lv\/#\/schema\/logo\/image\/","url":"https:\/\/dolores.ee\/wp-content\/uploads\/2025\/04\/logo-1.jpg","contentUrl":"https:\/\/dolores.ee\/wp-content\/uploads\/2025\/04\/logo-1.jpg","width":1951,"height":660,"caption":"Dolores O\u00dc"},"image":{"@id":"https:\/\/dolores.ee\/lv\/#\/schema\/logo\/image\/"},"sameAs":["https:\/\/www.facebook.com\/doloresepood\/"],"description":"Dolores.ee on kaasaegne veebipood, kust leiad tuntud kaubam\u00e4rkide \u2013 GIGI, Anna Lotan, Hikari, Hlavin \u2013 originaalkosmeetikat. Pakume kvaliteetseid hooldustooteid taskukohaste hindadega ja kiire kohaletoimetamisega \u00fcle Eesti. Nahahooldus pole kunagi olnud nii lihtne ja soodne!","email":"dolores@dolores.ee","telephone":"372 644 2440","legalName":"Dolores O\u00dc","foundingDate":"1998-02-09","vatID":"EE100050280","numberOfEmployees":{"@type":"QuantitativeValue","minValue":"11","maxValue":"50"}}]}},"_links":{"self":[{"href":"https:\/\/dolores.ee\/lv\/wp-json\/wp\/v2\/product\/998106","targetHints":{"allow":["GET"]}}],"collection":[{"href":"https:\/\/dolores.ee\/lv\/wp-json\/wp\/v2\/product"}],"about":[{"href":"https:\/\/dolores.ee\/lv\/wp-json\/wp\/v2\/types\/product"}],"replies":[{"embeddable":true,"href":"https:\/\/dolores.ee\/lv\/wp-json\/wp\/v2\/comments?post=998106"}],"version-history":[{"count":0,"href":"https:\/\/dolores.ee\/lv\/wp-json\/wp\/v2\/product\/998106\/revisions"}],"wp:featuredmedia":[{"embeddable":true,"href":"https:\/\/dolores.ee\/lv\/wp-json\/wp\/v2\/media\/351135"}],"wp:attachment":[{"href":"https:\/\/dolores.ee\/lv\/wp-json\/wp\/v2\/media?parent=998106"}],"wp:term":[{"taxonomy":"product_brand","embeddable":true,"href":"https:\/\/dolores.ee\/lv\/wp-json\/wp\/v2\/product_brand?post=998106"},{"taxonomy":"product_cat","embeddable":true,"href":"https:\/\/dolores.ee\/lv\/wp-json\/wp\/v2\/product_cat?post=998106"},{"taxonomy":"product_tag","embeddable":true,"href":"https:\/\/dolores.ee\/lv\/wp-json\/wp\/v2\/product_tag?post=998106"},{"taxonomy":"giftcard-category","embeddable":true,"href":"https:\/\/dolores.ee\/lv\/wp-json\/wp\/v2\/giftcard-category?post=998106"}],"curies":[{"name":"wp","href":"https:\/\/api.w.org\/{rel}","templated":true}]}}