{"id":998108,"date":"2023-03-15T11:32:29","date_gmt":"2023-03-15T09:32:29","guid":{"rendered":"https:\/\/dolores.ee\/product\/anna-lotan-barbados-soothing-emulsion-75-ml\/"},"modified":"2025-07-01T11:06:21","modified_gmt":"2025-07-01T08:06:21","slug":"anna-lotan-barbados-soothing-emulsion-75-ml","status":"publish","type":"product","link":"https:\/\/dolores.ee\/lv\/product\/anna-lotan-barbados-soothing-emulsion-75-ml\/","title":{"rendered":"Anna Lotan Barbados Soothing Emulsion 75 ml"},"content":{"rendered":"<div class=\"vgblk-rw-wrapper limit-wrapper\">\n<p data-start=\"84\" data-end=\"949\"><strong data-start=\"84\" data-end=\"169\">Emulsija ar pies\u0101tin\u0101tiem m\u012bkstin\u0101t\u0101jiem, kas atbalsta \u0101das aizsargsl\u0101\u0146a funkciju<\/strong> (fitosteroli, jojobas e\u013c\u013ca un bi\u0161u vasks). Kvalitat\u012bvi kli\u0146\u0123er\u012btes un d\u0101rza naktsv\u012bte ziedu ekstrakti kop\u0101 ar miner\u0101lviel\u0101m bag\u0101tu \u012bpa\u0161\u0101s lapas putnu z\u0101li nomierina \u0101du. Mitrino\u0161ais alvejas lapu sulas ekstrakts rada pat\u012bkamu saj\u016btu p\u0113c uzkl\u0101\u0161anas. Emulsij\u0101 iz\u0161\u0137\u012bdin\u0101ts tapiokas ciete nomierina un izl\u012bdzina \u0101du. Som\u0101lijas smirnes, kadagi un mastiksas pist\u0101cijas sve\u0137u ekstrakti uzlabo \u0101das higi\u0113nu un t\u0101d\u0113j\u0101di aizsargsl\u0101\u0146a funkciju. Ole\u012bnsk\u0101bes un antioksidantiem bag\u0101ta ievas e\u013c\u013ca padara \u0101du elast\u012bg\u0101ku, samazinot \u016bdens zudumu caur \u0101du. E vitam\u012bns kop\u0101 ar C vitam\u012bna taukos \u0161\u0137\u012bsto\u0161o atvasin\u0101jumu darbojas k\u0101 stabils un efekt\u012bvs antioksidants, saglab\u0101jot emulsijas dab\u012bgo sast\u0101vda\u013cu kvalit\u0101ti un nodro\u0161inot aizsardz\u012bbu pret br\u012bvajiem radik\u0101\u013ciem. Viegli uzkl\u0101jama un \u0101tri uzs\u016bcas.<\/p>\n<p data-start=\"951\" data-end=\"1232\"><strong data-start=\"951\" data-end=\"965\">Lieto\u0161ana:<\/strong> P\u0113c du\u0161as viegli nosusiniet \u0101du ar dvieli un uzkl\u0101jiet emulsiju v\u0113lamaj\u0101s viet\u0101s (sejai vai \u0137ermenim). T\u0101 \u0101tri ies\u016bcas, un nav nepiecie\u0161amas mas\u0101\u017eas kust\u012bbas, kas var\u0113tu boj\u0101t \u0101das aizsargsl\u0101\u0146a funkciju. Emulsiju var uzkl\u0101t katru reizi, kad j\u016btiet t\u0101 nepiecie\u0161am\u012bbu.<\/p>\n<p data-start=\"1234\" data-end=\"2090\"><strong data-start=\"1234\" data-end=\"1250\">Sast\u0101vda\u013cas:<\/strong><br data-start=\"1250\" data-end=\"1253\" \/><em data-start=\"1253\" data-end=\"2090\">Aqua (\u016adens), Glycerin, Tapioca Starch, Commiphora Myrrha Resin Extract, Cetyl Palmitate, Cetearyl Alcohol, Caprylic\/Capric Triglyceride, Sclerotium Gum, Glyceryl Dibehenate, Propolis Extract, Simmondsia Chinensis (Jojobas) s\u0113klu e\u013c\u013ca, Glyceryl Stearate, Undecylenoyl Glycine, Polygonum Aviculare Extract, Moringa Oleifera Seed Oil, Tribehenin, Glyceryl Behenate, Sodium Stearoyl Glutamate, Usnea Barbata (Lichen) ekstrakts, Lonicera Caprifolium (Jasm\u012bna) ekstrakts, Glycine Soja (Sojas) sterols, Lonicera Japonica (Jap\u0101nas jasm\u012bna) ziedu ekstrakts, Calendula Officinalis (Kli\u0146\u0123er\u012btes) ziedu ekstrakts, Ascorbyl Tetraisopalmitate, Aloe Barbadensis Leaf Juice Powder, Xanthan Gum, Allantoin, Boswellia Carterii Resin Extract, Tocopherol, Sodium Hydroxide, Pistacia Lentiscus (Mastiksas) sve\u0137i, Beta-Sitosterol, Squalene, Sodium Phytate.<\/em><\/p>\n<\/div>\n<p><!-- .vgblk-rw-wrapper --><\/p>\n","protected":false},"excerpt":{"rendered":"<h4>Rahustav emulsioon<\/h4>\n","protected":false},"featured_media":998109,"comment_status":"open","ping_status":"closed","template":"","meta":[],"product_brand":[],"product_cat":[660,662,725,698,701,716,730,685,676,718],"product_tag":[],"giftcard-category":[],"class_list":{"0":"post-998108","1":"product","2":"type-product","3":"status-publish","4":"has-post-thumbnail","6":"product_cat-anna-lotan-lv","7":"product_cat-barbados-lv","8":"product_cat-dienas-krems","9":"product_cat-kermena-kopsana","10":"product_cat-kermena-kremi","11":"product_cat-mitrinosi-produkti","12":"product_cat-nakts-krems","13":"product_cat-proceduras","14":"product_cat-sale-lv","15":"product_cat-sejas-kopsana","17":"first","18":"instock","19":"taxable","20":"shipping-taxable","21":"purchasable","22":"product-type-simple"},"yoast_head":"<!-- This site is optimized with the Yoast SEO Premium plugin v25.1 (Yoast SEO v25.7) - https:\/\/yoast.com\/wordpress\/plugins\/seo\/ -->\n<title>Anna Lotan Barbados Soothing Emulsion 75 ml ~ Dolores<\/title>\n<meta name=\"robots\" content=\"index, follow, max-snippet:-1, max-image-preview:large, max-video-preview:-1\" \/>\n<link rel=\"canonical\" href=\"https:\/\/dolores.ee\/lv\/product\/anna-lotan-barbados-soothing-emulsion-75-ml\/\" \/>\n<meta property=\"og:locale\" content=\"lv_LV\" \/>\n<meta property=\"og:type\" content=\"article\" \/>\n<meta property=\"og:title\" content=\"Anna Lotan Barbados Soothing Emulsion 75 ml\" \/>\n<meta property=\"og:description\" content=\"Rahustav emulsioon\" \/>\n<meta property=\"og:url\" content=\"https:\/\/dolores.ee\/lv\/product\/anna-lotan-barbados-soothing-emulsion-75-ml\/\" \/>\n<meta property=\"og:site_name\" content=\"Dolores\" \/>\n<meta property=\"article:publisher\" content=\"https:\/\/www.facebook.com\/doloresepood\/\" \/>\n<meta property=\"article:modified_time\" content=\"2025-07-01T08:06:21+00:00\" \/>\n<meta property=\"og:image\" content=\"https:\/\/dolores.ee\/wp-content\/uploads\/2023\/03\/Anna-Lotan-Barbados-Soothing-Emulsion-75-ml.jpg\" \/>\n\t<meta property=\"og:image:width\" content=\"1000\" \/>\n\t<meta property=\"og:image:height\" content=\"1000\" \/>\n\t<meta property=\"og:image:type\" content=\"image\/jpeg\" \/>\n<meta name=\"twitter:card\" content=\"summary_large_image\" \/>\n<meta name=\"twitter:label1\" content=\"Est. reading time\" \/>\n\t<meta name=\"twitter:data1\" content=\"2 minutes\" \/>\n<script type=\"application\/ld+json\" class=\"yoast-schema-graph\">{\"@context\":\"https:\/\/schema.org\",\"@graph\":[{\"@type\":\"WebPage\",\"@id\":\"https:\/\/dolores.ee\/lv\/product\/anna-lotan-barbados-soothing-emulsion-75-ml\/\",\"url\":\"https:\/\/dolores.ee\/lv\/product\/anna-lotan-barbados-soothing-emulsion-75-ml\/\",\"name\":\"Anna Lotan Barbados Soothing Emulsion 75 ml ~ Dolores\",\"isPartOf\":{\"@id\":\"https:\/\/dolores.ee\/lv\/#website\"},\"primaryImageOfPage\":{\"@id\":\"https:\/\/dolores.ee\/lv\/product\/anna-lotan-barbados-soothing-emulsion-75-ml\/#primaryimage\"},\"image\":{\"@id\":\"https:\/\/dolores.ee\/lv\/product\/anna-lotan-barbados-soothing-emulsion-75-ml\/#primaryimage\"},\"thumbnailUrl\":\"https:\/\/dolores.ee\/wp-content\/uploads\/2023\/03\/Anna-Lotan-Barbados-Soothing-Emulsion-75-ml.jpg\",\"datePublished\":\"2023-03-15T09:32:29+00:00\",\"dateModified\":\"2025-07-01T08:06:21+00:00\",\"breadcrumb\":{\"@id\":\"https:\/\/dolores.ee\/lv\/product\/anna-lotan-barbados-soothing-emulsion-75-ml\/#breadcrumb\"},\"inLanguage\":\"lv-LV\",\"potentialAction\":[{\"@type\":\"ReadAction\",\"target\":[\"https:\/\/dolores.ee\/lv\/product\/anna-lotan-barbados-soothing-emulsion-75-ml\/\"]}]},{\"@type\":\"ImageObject\",\"inLanguage\":\"lv-LV\",\"@id\":\"https:\/\/dolores.ee\/lv\/product\/anna-lotan-barbados-soothing-emulsion-75-ml\/#primaryimage\",\"url\":\"https:\/\/dolores.ee\/wp-content\/uploads\/2023\/03\/Anna-Lotan-Barbados-Soothing-Emulsion-75-ml.jpg\",\"contentUrl\":\"https:\/\/dolores.ee\/wp-content\/uploads\/2023\/03\/Anna-Lotan-Barbados-Soothing-Emulsion-75-ml.jpg\",\"width\":1000,\"height\":1000},{\"@type\":\"BreadcrumbList\",\"@id\":\"https:\/\/dolores.ee\/lv\/product\/anna-lotan-barbados-soothing-emulsion-75-ml\/#breadcrumb\",\"itemListElement\":[{\"@type\":\"ListItem\",\"position\":1,\"name\":\"Home\",\"item\":\"https:\/\/dolores.ee\/lv\/\"},{\"@type\":\"ListItem\",\"position\":2,\"name\":\"E-veikals\",\"item\":\"https:\/\/dolores.ee\/lv\/e-veikals\/\"},{\"@type\":\"ListItem\",\"position\":3,\"name\":\"Anna Lotan Barbados Soothing Emulsion 75 ml\"}]},{\"@type\":\"WebSite\",\"@id\":\"https:\/\/dolores.ee\/lv\/#website\",\"url\":\"https:\/\/dolores.ee\/lv\/\",\"name\":\"Dolores e-pood\",\"description\":\"Beauty Shop\",\"publisher\":{\"@id\":\"https:\/\/dolores.ee\/lv\/#organization\"},\"alternateName\":\"Dolores\",\"potentialAction\":[{\"@type\":\"SearchAction\",\"target\":{\"@type\":\"EntryPoint\",\"urlTemplate\":\"https:\/\/dolores.ee\/lv\/?s={search_term_string}\"},\"query-input\":{\"@type\":\"PropertyValueSpecification\",\"valueRequired\":true,\"valueName\":\"search_term_string\"}}],\"inLanguage\":\"lv-LV\"},{\"@type\":\"Organization\",\"@id\":\"https:\/\/dolores.ee\/lv\/#organization\",\"name\":\"Dolores O\u00dc\",\"alternateName\":\"Dolores e-pood\",\"url\":\"https:\/\/dolores.ee\/lv\/\",\"logo\":{\"@type\":\"ImageObject\",\"inLanguage\":\"lv-LV\",\"@id\":\"https:\/\/dolores.ee\/lv\/#\/schema\/logo\/image\/\",\"url\":\"https:\/\/dolores.ee\/wp-content\/uploads\/2025\/04\/logo-1.jpg\",\"contentUrl\":\"https:\/\/dolores.ee\/wp-content\/uploads\/2025\/04\/logo-1.jpg\",\"width\":1951,\"height\":660,\"caption\":\"Dolores O\u00dc\"},\"image\":{\"@id\":\"https:\/\/dolores.ee\/lv\/#\/schema\/logo\/image\/\"},\"sameAs\":[\"https:\/\/www.facebook.com\/doloresepood\/\"],\"description\":\"Dolores.ee on kaasaegne veebipood, kust leiad tuntud kaubam\u00e4rkide \u2013 GIGI, Anna Lotan, Hikari, Hlavin \u2013 originaalkosmeetikat. Pakume kvaliteetseid hooldustooteid taskukohaste hindadega ja kiire kohaletoimetamisega \u00fcle Eesti. Nahahooldus pole kunagi olnud nii lihtne ja soodne!\",\"email\":\"dolores@dolores.ee\",\"telephone\":\"372 644 2440\",\"legalName\":\"Dolores O\u00dc\",\"foundingDate\":\"1998-02-09\",\"vatID\":\"EE100050280\",\"numberOfEmployees\":{\"@type\":\"QuantitativeValue\",\"minValue\":\"11\",\"maxValue\":\"50\"}}]}<\/script>\n<!-- \/ Yoast SEO Premium plugin. -->","yoast_head_json":{"title":"Anna Lotan Barbados Soothing Emulsion 75 ml ~ Dolores","robots":{"index":"index","follow":"follow","max-snippet":"max-snippet:-1","max-image-preview":"max-image-preview:large","max-video-preview":"max-video-preview:-1"},"canonical":"https:\/\/dolores.ee\/lv\/product\/anna-lotan-barbados-soothing-emulsion-75-ml\/","og_locale":"lv_LV","og_type":"article","og_title":"Anna Lotan Barbados Soothing Emulsion 75 ml","og_description":"Rahustav emulsioon","og_url":"https:\/\/dolores.ee\/lv\/product\/anna-lotan-barbados-soothing-emulsion-75-ml\/","og_site_name":"Dolores","article_publisher":"https:\/\/www.facebook.com\/doloresepood\/","article_modified_time":"2025-07-01T08:06:21+00:00","og_image":[{"width":1000,"height":1000,"url":"https:\/\/dolores.ee\/wp-content\/uploads\/2023\/03\/Anna-Lotan-Barbados-Soothing-Emulsion-75-ml.jpg","type":"image\/jpeg"}],"twitter_card":"summary_large_image","twitter_misc":{"Est. reading time":"2 minutes"},"schema":{"@context":"https:\/\/schema.org","@graph":[{"@type":"WebPage","@id":"https:\/\/dolores.ee\/lv\/product\/anna-lotan-barbados-soothing-emulsion-75-ml\/","url":"https:\/\/dolores.ee\/lv\/product\/anna-lotan-barbados-soothing-emulsion-75-ml\/","name":"Anna Lotan Barbados Soothing Emulsion 75 ml ~ Dolores","isPartOf":{"@id":"https:\/\/dolores.ee\/lv\/#website"},"primaryImageOfPage":{"@id":"https:\/\/dolores.ee\/lv\/product\/anna-lotan-barbados-soothing-emulsion-75-ml\/#primaryimage"},"image":{"@id":"https:\/\/dolores.ee\/lv\/product\/anna-lotan-barbados-soothing-emulsion-75-ml\/#primaryimage"},"thumbnailUrl":"https:\/\/dolores.ee\/wp-content\/uploads\/2023\/03\/Anna-Lotan-Barbados-Soothing-Emulsion-75-ml.jpg","datePublished":"2023-03-15T09:32:29+00:00","dateModified":"2025-07-01T08:06:21+00:00","breadcrumb":{"@id":"https:\/\/dolores.ee\/lv\/product\/anna-lotan-barbados-soothing-emulsion-75-ml\/#breadcrumb"},"inLanguage":"lv-LV","potentialAction":[{"@type":"ReadAction","target":["https:\/\/dolores.ee\/lv\/product\/anna-lotan-barbados-soothing-emulsion-75-ml\/"]}]},{"@type":"ImageObject","inLanguage":"lv-LV","@id":"https:\/\/dolores.ee\/lv\/product\/anna-lotan-barbados-soothing-emulsion-75-ml\/#primaryimage","url":"https:\/\/dolores.ee\/wp-content\/uploads\/2023\/03\/Anna-Lotan-Barbados-Soothing-Emulsion-75-ml.jpg","contentUrl":"https:\/\/dolores.ee\/wp-content\/uploads\/2023\/03\/Anna-Lotan-Barbados-Soothing-Emulsion-75-ml.jpg","width":1000,"height":1000},{"@type":"BreadcrumbList","@id":"https:\/\/dolores.ee\/lv\/product\/anna-lotan-barbados-soothing-emulsion-75-ml\/#breadcrumb","itemListElement":[{"@type":"ListItem","position":1,"name":"Home","item":"https:\/\/dolores.ee\/lv\/"},{"@type":"ListItem","position":2,"name":"E-veikals","item":"https:\/\/dolores.ee\/lv\/e-veikals\/"},{"@type":"ListItem","position":3,"name":"Anna Lotan Barbados Soothing Emulsion 75 ml"}]},{"@type":"WebSite","@id":"https:\/\/dolores.ee\/lv\/#website","url":"https:\/\/dolores.ee\/lv\/","name":"Dolores e-pood","description":"Beauty Shop","publisher":{"@id":"https:\/\/dolores.ee\/lv\/#organization"},"alternateName":"Dolores","potentialAction":[{"@type":"SearchAction","target":{"@type":"EntryPoint","urlTemplate":"https:\/\/dolores.ee\/lv\/?s={search_term_string}"},"query-input":{"@type":"PropertyValueSpecification","valueRequired":true,"valueName":"search_term_string"}}],"inLanguage":"lv-LV"},{"@type":"Organization","@id":"https:\/\/dolores.ee\/lv\/#organization","name":"Dolores O\u00dc","alternateName":"Dolores e-pood","url":"https:\/\/dolores.ee\/lv\/","logo":{"@type":"ImageObject","inLanguage":"lv-LV","@id":"https:\/\/dolores.ee\/lv\/#\/schema\/logo\/image\/","url":"https:\/\/dolores.ee\/wp-content\/uploads\/2025\/04\/logo-1.jpg","contentUrl":"https:\/\/dolores.ee\/wp-content\/uploads\/2025\/04\/logo-1.jpg","width":1951,"height":660,"caption":"Dolores O\u00dc"},"image":{"@id":"https:\/\/dolores.ee\/lv\/#\/schema\/logo\/image\/"},"sameAs":["https:\/\/www.facebook.com\/doloresepood\/"],"description":"Dolores.ee on kaasaegne veebipood, kust leiad tuntud kaubam\u00e4rkide \u2013 GIGI, Anna Lotan, Hikari, Hlavin \u2013 originaalkosmeetikat. Pakume kvaliteetseid hooldustooteid taskukohaste hindadega ja kiire kohaletoimetamisega \u00fcle Eesti. Nahahooldus pole kunagi olnud nii lihtne ja soodne!","email":"dolores@dolores.ee","telephone":"372 644 2440","legalName":"Dolores O\u00dc","foundingDate":"1998-02-09","vatID":"EE100050280","numberOfEmployees":{"@type":"QuantitativeValue","minValue":"11","maxValue":"50"}}]}},"_links":{"self":[{"href":"https:\/\/dolores.ee\/lv\/wp-json\/wp\/v2\/product\/998108","targetHints":{"allow":["GET"]}}],"collection":[{"href":"https:\/\/dolores.ee\/lv\/wp-json\/wp\/v2\/product"}],"about":[{"href":"https:\/\/dolores.ee\/lv\/wp-json\/wp\/v2\/types\/product"}],"replies":[{"embeddable":true,"href":"https:\/\/dolores.ee\/lv\/wp-json\/wp\/v2\/comments?post=998108"}],"version-history":[{"count":0,"href":"https:\/\/dolores.ee\/lv\/wp-json\/wp\/v2\/product\/998108\/revisions"}],"wp:featuredmedia":[{"embeddable":true,"href":"https:\/\/dolores.ee\/lv\/wp-json\/wp\/v2\/media\/998109"}],"wp:attachment":[{"href":"https:\/\/dolores.ee\/lv\/wp-json\/wp\/v2\/media?parent=998108"}],"wp:term":[{"taxonomy":"product_brand","embeddable":true,"href":"https:\/\/dolores.ee\/lv\/wp-json\/wp\/v2\/product_brand?post=998108"},{"taxonomy":"product_cat","embeddable":true,"href":"https:\/\/dolores.ee\/lv\/wp-json\/wp\/v2\/product_cat?post=998108"},{"taxonomy":"product_tag","embeddable":true,"href":"https:\/\/dolores.ee\/lv\/wp-json\/wp\/v2\/product_tag?post=998108"},{"taxonomy":"giftcard-category","embeddable":true,"href":"https:\/\/dolores.ee\/lv\/wp-json\/wp\/v2\/giftcard-category?post=998108"}],"curies":[{"name":"wp","href":"https:\/\/api.w.org\/{rel}","templated":true}]}}