{"id":998118,"date":"2022-07-11T15:02:54","date_gmt":"2022-07-11T12:02:54","guid":{"rendered":"https:\/\/dolores.ee\/product\/gigi-hydrating-hair-mask-75ml\/"},"modified":"2025-07-01T11:06:21","modified_gmt":"2025-07-01T08:06:21","slug":"gigi-hydrating-hair-mask-75ml","status":"publish","type":"product","link":"https:\/\/dolores.ee\/lv\/product\/gigi-hydrating-hair-mask-75ml\/","title":{"rendered":"GIGI HYDRATING HAIR MASK 75ml"},"content":{"rendered":"<div class=\"vgblk-rw-wrapper limit-wrapper\">\n<p data-start=\"84\" data-end=\"492\"><strong data-start=\"84\" data-end=\"114\">Intens\u012bv\u0101 matu maska 75 ml<\/strong><br data-start=\"114\" data-end=\"117\" \/>Efekt\u012bva maska stiprina matus un pal\u012bdz nov\u0113rst boj\u0101jumus.<br data-start=\"175\" data-end=\"178\" \/>Satur makad\u0101mijas un arg\u0101na e\u013c\u013cas, kas baro galvas \u0101du un matu \u0161\u0137iedras. V\u0113rt\u012bg\u0101s e\u013c\u013cas padara matus stiprus, sp\u012bd\u012bgus un z\u012bdainus.<br data-start=\"309\" data-end=\"312\" \/>Maska, kas bag\u0101ta ar antioksidantiem, regul\u0101ri lietojot atjauno matu mitruma l\u012bmeni, uzlabo to strukt\u016bru un elast\u012bbu, padarot matus viegli kopjamus.<br data-start=\"460\" data-end=\"463\" data-is-only-node=\"\" \/>Piem\u0113rota visiem matu tipiem.<\/p>\n<p data-start=\"494\" data-end=\"681\"><strong data-start=\"494\" data-end=\"515\">Lieto\u0161anas veids:<\/strong> Uzkl\u0101jiet bag\u0101t\u012bgu daudzumu maskas uz dviel\u012b nosusin\u0101tiem matiem un iz\u0137emm\u0113jiet. \u013baujiet iedarboties 7 min\u016btes, p\u0113c tam r\u016bp\u012bgi noskalojiet. Lietojiet 1 reizi ned\u0113\u013c\u0101.<\/p>\n<\/div>\n<p><!-- .vgblk-rw-wrapper --><\/p>\n","protected":false},"excerpt":{"rendered":"<p>Efekt\u012bva maska stiprina matus un pal\u012bdz nov\u0113rst boj\u0101jumus.<\/p>\n","protected":false},"featured_media":998119,"comment_status":"open","ping_status":"closed","template":"","meta":[],"product_brand":[],"product_cat":[694,693,692,676],"product_tag":[],"giftcard-category":[],"class_list":{"0":"post-998118","1":"product","2":"type-product","3":"status-publish","4":"has-post-thumbnail","6":"product_cat-galvas-adas-kopsana","7":"product_cat-kondicionieri","8":"product_cat-matu-kopsana","9":"product_cat-sale-lv","11":"first","12":"instock","13":"taxable","14":"shipping-taxable","15":"purchasable","16":"product-type-simple"},"yoast_head":"<!-- This site is optimized with the Yoast SEO Premium plugin v25.1 (Yoast SEO v25.7) - https:\/\/yoast.com\/wordpress\/plugins\/seo\/ -->\n<title>GIGI HYDRATING HAIR MASK 75ml ~ Dolores<\/title>\n<meta name=\"robots\" content=\"index, follow, max-snippet:-1, max-image-preview:large, max-video-preview:-1\" \/>\n<link rel=\"canonical\" href=\"https:\/\/dolores.ee\/lv\/product\/gigi-hydrating-hair-mask-75ml\/\" \/>\n<meta property=\"og:locale\" content=\"lv_LV\" \/>\n<meta property=\"og:type\" content=\"article\" \/>\n<meta property=\"og:title\" content=\"GIGI HYDRATING HAIR MASK 75ml\" \/>\n<meta property=\"og:description\" content=\"Efekt\u012bva maska stiprina matus un pal\u012bdz nov\u0113rst boj\u0101jumus.\" \/>\n<meta property=\"og:url\" content=\"https:\/\/dolores.ee\/lv\/product\/gigi-hydrating-hair-mask-75ml\/\" \/>\n<meta property=\"og:site_name\" content=\"Dolores\" \/>\n<meta property=\"article:publisher\" content=\"https:\/\/www.facebook.com\/doloresepood\/\" \/>\n<meta property=\"article:modified_time\" content=\"2025-07-01T08:06:21+00:00\" \/>\n<meta property=\"og:image\" content=\"https:\/\/dolores.ee\/wp-content\/uploads\/2022\/07\/Hydrating-Hair-Mask-70280.jpg\" \/>\n\t<meta property=\"og:image:width\" content=\"1200\" \/>\n\t<meta property=\"og:image:height\" content=\"1200\" \/>\n\t<meta property=\"og:image:type\" content=\"image\/jpeg\" \/>\n<meta name=\"twitter:card\" content=\"summary_large_image\" \/>\n<meta name=\"twitter:label1\" content=\"Est. reading time\" \/>\n\t<meta name=\"twitter:data1\" content=\"1 minute\" \/>\n<script type=\"application\/ld+json\" class=\"yoast-schema-graph\">{\"@context\":\"https:\/\/schema.org\",\"@graph\":[{\"@type\":\"WebPage\",\"@id\":\"https:\/\/dolores.ee\/lv\/product\/gigi-hydrating-hair-mask-75ml\/\",\"url\":\"https:\/\/dolores.ee\/lv\/product\/gigi-hydrating-hair-mask-75ml\/\",\"name\":\"GIGI HYDRATING HAIR MASK 75ml ~ Dolores\",\"isPartOf\":{\"@id\":\"https:\/\/dolores.ee\/lv\/#website\"},\"primaryImageOfPage\":{\"@id\":\"https:\/\/dolores.ee\/lv\/product\/gigi-hydrating-hair-mask-75ml\/#primaryimage\"},\"image\":{\"@id\":\"https:\/\/dolores.ee\/lv\/product\/gigi-hydrating-hair-mask-75ml\/#primaryimage\"},\"thumbnailUrl\":\"https:\/\/dolores.ee\/wp-content\/uploads\/2022\/07\/Hydrating-Hair-Mask-70280.jpg\",\"datePublished\":\"2022-07-11T12:02:54+00:00\",\"dateModified\":\"2025-07-01T08:06:21+00:00\",\"breadcrumb\":{\"@id\":\"https:\/\/dolores.ee\/lv\/product\/gigi-hydrating-hair-mask-75ml\/#breadcrumb\"},\"inLanguage\":\"lv-LV\",\"potentialAction\":[{\"@type\":\"ReadAction\",\"target\":[\"https:\/\/dolores.ee\/lv\/product\/gigi-hydrating-hair-mask-75ml\/\"]}]},{\"@type\":\"ImageObject\",\"inLanguage\":\"lv-LV\",\"@id\":\"https:\/\/dolores.ee\/lv\/product\/gigi-hydrating-hair-mask-75ml\/#primaryimage\",\"url\":\"https:\/\/dolores.ee\/wp-content\/uploads\/2022\/07\/Hydrating-Hair-Mask-70280.jpg\",\"contentUrl\":\"https:\/\/dolores.ee\/wp-content\/uploads\/2022\/07\/Hydrating-Hair-Mask-70280.jpg\",\"width\":1200,\"height\":1200,\"caption\":\"GIGI HYDRATING HAIR MASK 75ml\"},{\"@type\":\"BreadcrumbList\",\"@id\":\"https:\/\/dolores.ee\/lv\/product\/gigi-hydrating-hair-mask-75ml\/#breadcrumb\",\"itemListElement\":[{\"@type\":\"ListItem\",\"position\":1,\"name\":\"Home\",\"item\":\"https:\/\/dolores.ee\/lv\/\"},{\"@type\":\"ListItem\",\"position\":2,\"name\":\"E-veikals\",\"item\":\"https:\/\/dolores.ee\/lv\/e-veikals\/\"},{\"@type\":\"ListItem\",\"position\":3,\"name\":\"GIGI HYDRATING HAIR MASK 75ml\"}]},{\"@type\":\"WebSite\",\"@id\":\"https:\/\/dolores.ee\/lv\/#website\",\"url\":\"https:\/\/dolores.ee\/lv\/\",\"name\":\"Dolores e-pood\",\"description\":\"Beauty Shop\",\"publisher\":{\"@id\":\"https:\/\/dolores.ee\/lv\/#organization\"},\"alternateName\":\"Dolores\",\"potentialAction\":[{\"@type\":\"SearchAction\",\"target\":{\"@type\":\"EntryPoint\",\"urlTemplate\":\"https:\/\/dolores.ee\/lv\/?s={search_term_string}\"},\"query-input\":{\"@type\":\"PropertyValueSpecification\",\"valueRequired\":true,\"valueName\":\"search_term_string\"}}],\"inLanguage\":\"lv-LV\"},{\"@type\":\"Organization\",\"@id\":\"https:\/\/dolores.ee\/lv\/#organization\",\"name\":\"Dolores O\u00dc\",\"alternateName\":\"Dolores e-pood\",\"url\":\"https:\/\/dolores.ee\/lv\/\",\"logo\":{\"@type\":\"ImageObject\",\"inLanguage\":\"lv-LV\",\"@id\":\"https:\/\/dolores.ee\/lv\/#\/schema\/logo\/image\/\",\"url\":\"https:\/\/dolores.ee\/wp-content\/uploads\/2025\/04\/logo-1.jpg\",\"contentUrl\":\"https:\/\/dolores.ee\/wp-content\/uploads\/2025\/04\/logo-1.jpg\",\"width\":1951,\"height\":660,\"caption\":\"Dolores O\u00dc\"},\"image\":{\"@id\":\"https:\/\/dolores.ee\/lv\/#\/schema\/logo\/image\/\"},\"sameAs\":[\"https:\/\/www.facebook.com\/doloresepood\/\"],\"description\":\"Dolores.ee on kaasaegne veebipood, kust leiad tuntud kaubam\u00e4rkide \u2013 GIGI, Anna Lotan, Hikari, Hlavin \u2013 originaalkosmeetikat. Pakume kvaliteetseid hooldustooteid taskukohaste hindadega ja kiire kohaletoimetamisega \u00fcle Eesti. Nahahooldus pole kunagi olnud nii lihtne ja soodne!\",\"email\":\"dolores@dolores.ee\",\"telephone\":\"372 644 2440\",\"legalName\":\"Dolores O\u00dc\",\"foundingDate\":\"1998-02-09\",\"vatID\":\"EE100050280\",\"numberOfEmployees\":{\"@type\":\"QuantitativeValue\",\"minValue\":\"11\",\"maxValue\":\"50\"}}]}<\/script>\n<!-- \/ Yoast SEO Premium plugin. -->","yoast_head_json":{"title":"GIGI HYDRATING HAIR MASK 75ml ~ Dolores","robots":{"index":"index","follow":"follow","max-snippet":"max-snippet:-1","max-image-preview":"max-image-preview:large","max-video-preview":"max-video-preview:-1"},"canonical":"https:\/\/dolores.ee\/lv\/product\/gigi-hydrating-hair-mask-75ml\/","og_locale":"lv_LV","og_type":"article","og_title":"GIGI HYDRATING HAIR MASK 75ml","og_description":"Efekt\u012bva maska stiprina matus un pal\u012bdz nov\u0113rst boj\u0101jumus.","og_url":"https:\/\/dolores.ee\/lv\/product\/gigi-hydrating-hair-mask-75ml\/","og_site_name":"Dolores","article_publisher":"https:\/\/www.facebook.com\/doloresepood\/","article_modified_time":"2025-07-01T08:06:21+00:00","og_image":[{"width":1200,"height":1200,"url":"https:\/\/dolores.ee\/wp-content\/uploads\/2022\/07\/Hydrating-Hair-Mask-70280.jpg","type":"image\/jpeg"}],"twitter_card":"summary_large_image","twitter_misc":{"Est. reading time":"1 minute"},"schema":{"@context":"https:\/\/schema.org","@graph":[{"@type":"WebPage","@id":"https:\/\/dolores.ee\/lv\/product\/gigi-hydrating-hair-mask-75ml\/","url":"https:\/\/dolores.ee\/lv\/product\/gigi-hydrating-hair-mask-75ml\/","name":"GIGI HYDRATING HAIR MASK 75ml ~ Dolores","isPartOf":{"@id":"https:\/\/dolores.ee\/lv\/#website"},"primaryImageOfPage":{"@id":"https:\/\/dolores.ee\/lv\/product\/gigi-hydrating-hair-mask-75ml\/#primaryimage"},"image":{"@id":"https:\/\/dolores.ee\/lv\/product\/gigi-hydrating-hair-mask-75ml\/#primaryimage"},"thumbnailUrl":"https:\/\/dolores.ee\/wp-content\/uploads\/2022\/07\/Hydrating-Hair-Mask-70280.jpg","datePublished":"2022-07-11T12:02:54+00:00","dateModified":"2025-07-01T08:06:21+00:00","breadcrumb":{"@id":"https:\/\/dolores.ee\/lv\/product\/gigi-hydrating-hair-mask-75ml\/#breadcrumb"},"inLanguage":"lv-LV","potentialAction":[{"@type":"ReadAction","target":["https:\/\/dolores.ee\/lv\/product\/gigi-hydrating-hair-mask-75ml\/"]}]},{"@type":"ImageObject","inLanguage":"lv-LV","@id":"https:\/\/dolores.ee\/lv\/product\/gigi-hydrating-hair-mask-75ml\/#primaryimage","url":"https:\/\/dolores.ee\/wp-content\/uploads\/2022\/07\/Hydrating-Hair-Mask-70280.jpg","contentUrl":"https:\/\/dolores.ee\/wp-content\/uploads\/2022\/07\/Hydrating-Hair-Mask-70280.jpg","width":1200,"height":1200,"caption":"GIGI HYDRATING HAIR MASK 75ml"},{"@type":"BreadcrumbList","@id":"https:\/\/dolores.ee\/lv\/product\/gigi-hydrating-hair-mask-75ml\/#breadcrumb","itemListElement":[{"@type":"ListItem","position":1,"name":"Home","item":"https:\/\/dolores.ee\/lv\/"},{"@type":"ListItem","position":2,"name":"E-veikals","item":"https:\/\/dolores.ee\/lv\/e-veikals\/"},{"@type":"ListItem","position":3,"name":"GIGI HYDRATING HAIR MASK 75ml"}]},{"@type":"WebSite","@id":"https:\/\/dolores.ee\/lv\/#website","url":"https:\/\/dolores.ee\/lv\/","name":"Dolores e-pood","description":"Beauty Shop","publisher":{"@id":"https:\/\/dolores.ee\/lv\/#organization"},"alternateName":"Dolores","potentialAction":[{"@type":"SearchAction","target":{"@type":"EntryPoint","urlTemplate":"https:\/\/dolores.ee\/lv\/?s={search_term_string}"},"query-input":{"@type":"PropertyValueSpecification","valueRequired":true,"valueName":"search_term_string"}}],"inLanguage":"lv-LV"},{"@type":"Organization","@id":"https:\/\/dolores.ee\/lv\/#organization","name":"Dolores O\u00dc","alternateName":"Dolores e-pood","url":"https:\/\/dolores.ee\/lv\/","logo":{"@type":"ImageObject","inLanguage":"lv-LV","@id":"https:\/\/dolores.ee\/lv\/#\/schema\/logo\/image\/","url":"https:\/\/dolores.ee\/wp-content\/uploads\/2025\/04\/logo-1.jpg","contentUrl":"https:\/\/dolores.ee\/wp-content\/uploads\/2025\/04\/logo-1.jpg","width":1951,"height":660,"caption":"Dolores O\u00dc"},"image":{"@id":"https:\/\/dolores.ee\/lv\/#\/schema\/logo\/image\/"},"sameAs":["https:\/\/www.facebook.com\/doloresepood\/"],"description":"Dolores.ee on kaasaegne veebipood, kust leiad tuntud kaubam\u00e4rkide \u2013 GIGI, Anna Lotan, Hikari, Hlavin \u2013 originaalkosmeetikat. Pakume kvaliteetseid hooldustooteid taskukohaste hindadega ja kiire kohaletoimetamisega \u00fcle Eesti. Nahahooldus pole kunagi olnud nii lihtne ja soodne!","email":"dolores@dolores.ee","telephone":"372 644 2440","legalName":"Dolores O\u00dc","foundingDate":"1998-02-09","vatID":"EE100050280","numberOfEmployees":{"@type":"QuantitativeValue","minValue":"11","maxValue":"50"}}]}},"_links":{"self":[{"href":"https:\/\/dolores.ee\/lv\/wp-json\/wp\/v2\/product\/998118","targetHints":{"allow":["GET"]}}],"collection":[{"href":"https:\/\/dolores.ee\/lv\/wp-json\/wp\/v2\/product"}],"about":[{"href":"https:\/\/dolores.ee\/lv\/wp-json\/wp\/v2\/types\/product"}],"replies":[{"embeddable":true,"href":"https:\/\/dolores.ee\/lv\/wp-json\/wp\/v2\/comments?post=998118"}],"version-history":[{"count":0,"href":"https:\/\/dolores.ee\/lv\/wp-json\/wp\/v2\/product\/998118\/revisions"}],"wp:featuredmedia":[{"embeddable":true,"href":"https:\/\/dolores.ee\/lv\/wp-json\/wp\/v2\/media\/998119"}],"wp:attachment":[{"href":"https:\/\/dolores.ee\/lv\/wp-json\/wp\/v2\/media?parent=998118"}],"wp:term":[{"taxonomy":"product_brand","embeddable":true,"href":"https:\/\/dolores.ee\/lv\/wp-json\/wp\/v2\/product_brand?post=998118"},{"taxonomy":"product_cat","embeddable":true,"href":"https:\/\/dolores.ee\/lv\/wp-json\/wp\/v2\/product_cat?post=998118"},{"taxonomy":"product_tag","embeddable":true,"href":"https:\/\/dolores.ee\/lv\/wp-json\/wp\/v2\/product_tag?post=998118"},{"taxonomy":"giftcard-category","embeddable":true,"href":"https:\/\/dolores.ee\/lv\/wp-json\/wp\/v2\/giftcard-category?post=998118"}],"curies":[{"name":"wp","href":"https:\/\/api.w.org\/{rel}","templated":true}]}}