{"id":998120,"date":"2022-05-19T14:08:18","date_gmt":"2022-05-19T11:08:18","guid":{"rendered":"https:\/\/dolores.ee\/product\/gigi-sun-care-defense-spray-spf50-uva-uvb-for-all-skin-types-75-ml\/"},"modified":"2025-07-01T11:06:21","modified_gmt":"2025-07-01T08:06:21","slug":"gigi-sun-care-defense-spray-spf50-uva-uvb-for-all-skin-types-75-ml","status":"publish","type":"product","link":"https:\/\/dolores.ee\/lv\/product\/gigi-sun-care-defense-spray-spf50-uva-uvb-for-all-skin-types-75-ml\/","title":{"rendered":"GIGI Sun Care Defense Spray SPF50 UVA\/UVB For all skin types 75 ml"},"content":{"rendered":"<div class=\"vgblk-rw-wrapper limit-wrapper\">\n<p data-start=\"0\" data-end=\"358\">Efekt\u012bvs saules aizsardz\u012bbas l\u012bdzeklis ar SPF 50 \u0113rt\u0101 un ekonomisk\u0101 spreja iepakojum\u0101. Nodro\u0161ina pla\u0161a spektra aizsardz\u012bbu pret visiem UV staru veidiem, \u0101tri uzs\u016bcas un neatst\u0101j redzamu k\u0101rti\u0146u uz \u0101das. Aizsardz\u012bba balst\u0101s uz UV staru blo\u0137\u0113\u0161anu. Lietojams katru dienu visas sezonas garum\u0101, lai saglab\u0101tu \u0101das vesel\u012bbu un nov\u0113rstu noveco\u0161an\u0101s paz\u012bmju ra\u0161anos.<\/p>\n<p data-start=\"360\" data-end=\"551\" data-is-last-node=\"\" data-is-only-node=\"\"><strong>Lieto\u0161ana:<\/strong> Izsmidziniet pietiekamu daudzumu uz visa sejas un kakla 15 min\u016btes pirms do\u0161an\u0101s saul\u0113. P\u0113c peld\u0113\u0161an\u0101s vai sv\u012b\u0161anas uzkl\u0101jiet jaunu k\u0101rtu. Izvairieties no produkta non\u0101k\u0161anas ac\u012bs.<\/p>\n<\/div>\n<p><!-- .vgblk-rw-wrapper --><\/p>\n","protected":false},"excerpt":{"rendered":"<p>GIGI Sun Care Defense Spray SPF50 UVA\/UVB For all skin types 75 ml<\/p>\n","protected":false},"featured_media":998121,"comment_status":"open","ping_status":"closed","template":"","meta":[],"product_brand":[],"product_cat":[725,698,716,783,676,704,718],"product_tag":[],"giftcard-category":[],"class_list":{"0":"post-998120","1":"product","2":"type-product","3":"status-publish","4":"has-post-thumbnail","6":"product_cat-dienas-krems","7":"product_cat-kermena-kopsana","8":"product_cat-mitrinosi-produkti","9":"product_cat-pavasara-adas-kopsana","10":"product_cat-sale-lv","11":"product_cat-saules-aizsardziba","12":"product_cat-sejas-kopsana","14":"first","15":"instock","16":"taxable","17":"shipping-taxable","18":"purchasable","19":"product-type-simple"},"yoast_head":"<!-- This site is optimized with the Yoast SEO Premium plugin v25.1 (Yoast SEO v25.7) - https:\/\/yoast.com\/wordpress\/plugins\/seo\/ -->\n<title>GIGI Sun Care Defense Spray SPF50 UVA\/UVB For all skin types 75 ml ~ Dolores<\/title>\n<meta name=\"robots\" content=\"index, follow, max-snippet:-1, max-image-preview:large, max-video-preview:-1\" \/>\n<link rel=\"canonical\" href=\"https:\/\/dolores.ee\/lv\/product\/gigi-sun-care-defense-spray-spf50-uva-uvb-for-all-skin-types-75-ml\/\" \/>\n<meta property=\"og:locale\" content=\"lv_LV\" \/>\n<meta property=\"og:type\" content=\"article\" \/>\n<meta property=\"og:title\" content=\"GIGI Sun Care Defense Spray SPF50 UVA\/UVB For all skin types 75 ml\" \/>\n<meta property=\"og:description\" content=\"GIGI Sun Care Defense Spray SPF50 UVA\/UVB For all skin types 75 ml\" \/>\n<meta property=\"og:url\" content=\"https:\/\/dolores.ee\/lv\/product\/gigi-sun-care-defense-spray-spf50-uva-uvb-for-all-skin-types-75-ml\/\" \/>\n<meta property=\"og:site_name\" content=\"Dolores\" \/>\n<meta property=\"article:publisher\" content=\"https:\/\/www.facebook.com\/doloresepood\/\" \/>\n<meta property=\"article:modified_time\" content=\"2025-07-01T08:06:21+00:00\" \/>\n<meta property=\"og:image\" content=\"https:\/\/dolores.ee\/wp-content\/uploads\/2022\/05\/36050-SC-Defense-Spray-SPF-50.jpg\" \/>\n\t<meta property=\"og:image:width\" content=\"1920\" \/>\n\t<meta property=\"og:image:height\" content=\"1920\" \/>\n\t<meta property=\"og:image:type\" content=\"image\/jpeg\" \/>\n<meta name=\"twitter:card\" content=\"summary_large_image\" \/>\n<meta name=\"twitter:label1\" content=\"Est. reading time\" \/>\n\t<meta name=\"twitter:data1\" content=\"1 minute\" \/>\n<script type=\"application\/ld+json\" class=\"yoast-schema-graph\">{\"@context\":\"https:\/\/schema.org\",\"@graph\":[{\"@type\":\"WebPage\",\"@id\":\"https:\/\/dolores.ee\/lv\/product\/gigi-sun-care-defense-spray-spf50-uva-uvb-for-all-skin-types-75-ml\/\",\"url\":\"https:\/\/dolores.ee\/lv\/product\/gigi-sun-care-defense-spray-spf50-uva-uvb-for-all-skin-types-75-ml\/\",\"name\":\"GIGI Sun Care Defense Spray SPF50 UVA\/UVB For all skin types 75 ml ~ Dolores\",\"isPartOf\":{\"@id\":\"https:\/\/dolores.ee\/lv\/#website\"},\"primaryImageOfPage\":{\"@id\":\"https:\/\/dolores.ee\/lv\/product\/gigi-sun-care-defense-spray-spf50-uva-uvb-for-all-skin-types-75-ml\/#primaryimage\"},\"image\":{\"@id\":\"https:\/\/dolores.ee\/lv\/product\/gigi-sun-care-defense-spray-spf50-uva-uvb-for-all-skin-types-75-ml\/#primaryimage\"},\"thumbnailUrl\":\"https:\/\/dolores.ee\/wp-content\/uploads\/2022\/05\/36050-SC-Defense-Spray-SPF-50.jpg\",\"datePublished\":\"2022-05-19T11:08:18+00:00\",\"dateModified\":\"2025-07-01T08:06:21+00:00\",\"breadcrumb\":{\"@id\":\"https:\/\/dolores.ee\/lv\/product\/gigi-sun-care-defense-spray-spf50-uva-uvb-for-all-skin-types-75-ml\/#breadcrumb\"},\"inLanguage\":\"lv-LV\",\"potentialAction\":[{\"@type\":\"ReadAction\",\"target\":[\"https:\/\/dolores.ee\/lv\/product\/gigi-sun-care-defense-spray-spf50-uva-uvb-for-all-skin-types-75-ml\/\"]}]},{\"@type\":\"ImageObject\",\"inLanguage\":\"lv-LV\",\"@id\":\"https:\/\/dolores.ee\/lv\/product\/gigi-sun-care-defense-spray-spf50-uva-uvb-for-all-skin-types-75-ml\/#primaryimage\",\"url\":\"https:\/\/dolores.ee\/wp-content\/uploads\/2022\/05\/36050-SC-Defense-Spray-SPF-50.jpg\",\"contentUrl\":\"https:\/\/dolores.ee\/wp-content\/uploads\/2022\/05\/36050-SC-Defense-Spray-SPF-50.jpg\",\"width\":1920,\"height\":1920},{\"@type\":\"BreadcrumbList\",\"@id\":\"https:\/\/dolores.ee\/lv\/product\/gigi-sun-care-defense-spray-spf50-uva-uvb-for-all-skin-types-75-ml\/#breadcrumb\",\"itemListElement\":[{\"@type\":\"ListItem\",\"position\":1,\"name\":\"Home\",\"item\":\"https:\/\/dolores.ee\/lv\/\"},{\"@type\":\"ListItem\",\"position\":2,\"name\":\"E-veikals\",\"item\":\"https:\/\/dolores.ee\/lv\/e-veikals\/\"},{\"@type\":\"ListItem\",\"position\":3,\"name\":\"GIGI Sun Care Defense Spray SPF50 UVA\/UVB For all skin types 75 ml\"}]},{\"@type\":\"WebSite\",\"@id\":\"https:\/\/dolores.ee\/lv\/#website\",\"url\":\"https:\/\/dolores.ee\/lv\/\",\"name\":\"Dolores e-pood\",\"description\":\"Beauty Shop\",\"publisher\":{\"@id\":\"https:\/\/dolores.ee\/lv\/#organization\"},\"alternateName\":\"Dolores\",\"potentialAction\":[{\"@type\":\"SearchAction\",\"target\":{\"@type\":\"EntryPoint\",\"urlTemplate\":\"https:\/\/dolores.ee\/lv\/?s={search_term_string}\"},\"query-input\":{\"@type\":\"PropertyValueSpecification\",\"valueRequired\":true,\"valueName\":\"search_term_string\"}}],\"inLanguage\":\"lv-LV\"},{\"@type\":\"Organization\",\"@id\":\"https:\/\/dolores.ee\/lv\/#organization\",\"name\":\"Dolores O\u00dc\",\"alternateName\":\"Dolores e-pood\",\"url\":\"https:\/\/dolores.ee\/lv\/\",\"logo\":{\"@type\":\"ImageObject\",\"inLanguage\":\"lv-LV\",\"@id\":\"https:\/\/dolores.ee\/lv\/#\/schema\/logo\/image\/\",\"url\":\"https:\/\/dolores.ee\/wp-content\/uploads\/2025\/04\/logo-1.jpg\",\"contentUrl\":\"https:\/\/dolores.ee\/wp-content\/uploads\/2025\/04\/logo-1.jpg\",\"width\":1951,\"height\":660,\"caption\":\"Dolores O\u00dc\"},\"image\":{\"@id\":\"https:\/\/dolores.ee\/lv\/#\/schema\/logo\/image\/\"},\"sameAs\":[\"https:\/\/www.facebook.com\/doloresepood\/\"],\"description\":\"Dolores.ee on kaasaegne veebipood, kust leiad tuntud kaubam\u00e4rkide \u2013 GIGI, Anna Lotan, Hikari, Hlavin \u2013 originaalkosmeetikat. Pakume kvaliteetseid hooldustooteid taskukohaste hindadega ja kiire kohaletoimetamisega \u00fcle Eesti. Nahahooldus pole kunagi olnud nii lihtne ja soodne!\",\"email\":\"dolores@dolores.ee\",\"telephone\":\"372 644 2440\",\"legalName\":\"Dolores O\u00dc\",\"foundingDate\":\"1998-02-09\",\"vatID\":\"EE100050280\",\"numberOfEmployees\":{\"@type\":\"QuantitativeValue\",\"minValue\":\"11\",\"maxValue\":\"50\"}}]}<\/script>\n<!-- \/ Yoast SEO Premium plugin. -->","yoast_head_json":{"title":"GIGI Sun Care Defense Spray SPF50 UVA\/UVB For all skin types 75 ml ~ Dolores","robots":{"index":"index","follow":"follow","max-snippet":"max-snippet:-1","max-image-preview":"max-image-preview:large","max-video-preview":"max-video-preview:-1"},"canonical":"https:\/\/dolores.ee\/lv\/product\/gigi-sun-care-defense-spray-spf50-uva-uvb-for-all-skin-types-75-ml\/","og_locale":"lv_LV","og_type":"article","og_title":"GIGI Sun Care Defense Spray SPF50 UVA\/UVB For all skin types 75 ml","og_description":"GIGI Sun Care Defense Spray SPF50 UVA\/UVB For all skin types 75 ml","og_url":"https:\/\/dolores.ee\/lv\/product\/gigi-sun-care-defense-spray-spf50-uva-uvb-for-all-skin-types-75-ml\/","og_site_name":"Dolores","article_publisher":"https:\/\/www.facebook.com\/doloresepood\/","article_modified_time":"2025-07-01T08:06:21+00:00","og_image":[{"width":1920,"height":1920,"url":"https:\/\/dolores.ee\/wp-content\/uploads\/2022\/05\/36050-SC-Defense-Spray-SPF-50.jpg","type":"image\/jpeg"}],"twitter_card":"summary_large_image","twitter_misc":{"Est. reading time":"1 minute"},"schema":{"@context":"https:\/\/schema.org","@graph":[{"@type":"WebPage","@id":"https:\/\/dolores.ee\/lv\/product\/gigi-sun-care-defense-spray-spf50-uva-uvb-for-all-skin-types-75-ml\/","url":"https:\/\/dolores.ee\/lv\/product\/gigi-sun-care-defense-spray-spf50-uva-uvb-for-all-skin-types-75-ml\/","name":"GIGI Sun Care Defense Spray SPF50 UVA\/UVB For all skin types 75 ml ~ Dolores","isPartOf":{"@id":"https:\/\/dolores.ee\/lv\/#website"},"primaryImageOfPage":{"@id":"https:\/\/dolores.ee\/lv\/product\/gigi-sun-care-defense-spray-spf50-uva-uvb-for-all-skin-types-75-ml\/#primaryimage"},"image":{"@id":"https:\/\/dolores.ee\/lv\/product\/gigi-sun-care-defense-spray-spf50-uva-uvb-for-all-skin-types-75-ml\/#primaryimage"},"thumbnailUrl":"https:\/\/dolores.ee\/wp-content\/uploads\/2022\/05\/36050-SC-Defense-Spray-SPF-50.jpg","datePublished":"2022-05-19T11:08:18+00:00","dateModified":"2025-07-01T08:06:21+00:00","breadcrumb":{"@id":"https:\/\/dolores.ee\/lv\/product\/gigi-sun-care-defense-spray-spf50-uva-uvb-for-all-skin-types-75-ml\/#breadcrumb"},"inLanguage":"lv-LV","potentialAction":[{"@type":"ReadAction","target":["https:\/\/dolores.ee\/lv\/product\/gigi-sun-care-defense-spray-spf50-uva-uvb-for-all-skin-types-75-ml\/"]}]},{"@type":"ImageObject","inLanguage":"lv-LV","@id":"https:\/\/dolores.ee\/lv\/product\/gigi-sun-care-defense-spray-spf50-uva-uvb-for-all-skin-types-75-ml\/#primaryimage","url":"https:\/\/dolores.ee\/wp-content\/uploads\/2022\/05\/36050-SC-Defense-Spray-SPF-50.jpg","contentUrl":"https:\/\/dolores.ee\/wp-content\/uploads\/2022\/05\/36050-SC-Defense-Spray-SPF-50.jpg","width":1920,"height":1920},{"@type":"BreadcrumbList","@id":"https:\/\/dolores.ee\/lv\/product\/gigi-sun-care-defense-spray-spf50-uva-uvb-for-all-skin-types-75-ml\/#breadcrumb","itemListElement":[{"@type":"ListItem","position":1,"name":"Home","item":"https:\/\/dolores.ee\/lv\/"},{"@type":"ListItem","position":2,"name":"E-veikals","item":"https:\/\/dolores.ee\/lv\/e-veikals\/"},{"@type":"ListItem","position":3,"name":"GIGI Sun Care Defense Spray SPF50 UVA\/UVB For all skin types 75 ml"}]},{"@type":"WebSite","@id":"https:\/\/dolores.ee\/lv\/#website","url":"https:\/\/dolores.ee\/lv\/","name":"Dolores e-pood","description":"Beauty Shop","publisher":{"@id":"https:\/\/dolores.ee\/lv\/#organization"},"alternateName":"Dolores","potentialAction":[{"@type":"SearchAction","target":{"@type":"EntryPoint","urlTemplate":"https:\/\/dolores.ee\/lv\/?s={search_term_string}"},"query-input":{"@type":"PropertyValueSpecification","valueRequired":true,"valueName":"search_term_string"}}],"inLanguage":"lv-LV"},{"@type":"Organization","@id":"https:\/\/dolores.ee\/lv\/#organization","name":"Dolores O\u00dc","alternateName":"Dolores e-pood","url":"https:\/\/dolores.ee\/lv\/","logo":{"@type":"ImageObject","inLanguage":"lv-LV","@id":"https:\/\/dolores.ee\/lv\/#\/schema\/logo\/image\/","url":"https:\/\/dolores.ee\/wp-content\/uploads\/2025\/04\/logo-1.jpg","contentUrl":"https:\/\/dolores.ee\/wp-content\/uploads\/2025\/04\/logo-1.jpg","width":1951,"height":660,"caption":"Dolores O\u00dc"},"image":{"@id":"https:\/\/dolores.ee\/lv\/#\/schema\/logo\/image\/"},"sameAs":["https:\/\/www.facebook.com\/doloresepood\/"],"description":"Dolores.ee on kaasaegne veebipood, kust leiad tuntud kaubam\u00e4rkide \u2013 GIGI, Anna Lotan, Hikari, Hlavin \u2013 originaalkosmeetikat. Pakume kvaliteetseid hooldustooteid taskukohaste hindadega ja kiire kohaletoimetamisega \u00fcle Eesti. Nahahooldus pole kunagi olnud nii lihtne ja soodne!","email":"dolores@dolores.ee","telephone":"372 644 2440","legalName":"Dolores O\u00dc","foundingDate":"1998-02-09","vatID":"EE100050280","numberOfEmployees":{"@type":"QuantitativeValue","minValue":"11","maxValue":"50"}}]}},"_links":{"self":[{"href":"https:\/\/dolores.ee\/lv\/wp-json\/wp\/v2\/product\/998120","targetHints":{"allow":["GET"]}}],"collection":[{"href":"https:\/\/dolores.ee\/lv\/wp-json\/wp\/v2\/product"}],"about":[{"href":"https:\/\/dolores.ee\/lv\/wp-json\/wp\/v2\/types\/product"}],"replies":[{"embeddable":true,"href":"https:\/\/dolores.ee\/lv\/wp-json\/wp\/v2\/comments?post=998120"}],"version-history":[{"count":0,"href":"https:\/\/dolores.ee\/lv\/wp-json\/wp\/v2\/product\/998120\/revisions"}],"wp:featuredmedia":[{"embeddable":true,"href":"https:\/\/dolores.ee\/lv\/wp-json\/wp\/v2\/media\/998121"}],"wp:attachment":[{"href":"https:\/\/dolores.ee\/lv\/wp-json\/wp\/v2\/media?parent=998120"}],"wp:term":[{"taxonomy":"product_brand","embeddable":true,"href":"https:\/\/dolores.ee\/lv\/wp-json\/wp\/v2\/product_brand?post=998120"},{"taxonomy":"product_cat","embeddable":true,"href":"https:\/\/dolores.ee\/lv\/wp-json\/wp\/v2\/product_cat?post=998120"},{"taxonomy":"product_tag","embeddable":true,"href":"https:\/\/dolores.ee\/lv\/wp-json\/wp\/v2\/product_tag?post=998120"},{"taxonomy":"giftcard-category","embeddable":true,"href":"https:\/\/dolores.ee\/lv\/wp-json\/wp\/v2\/giftcard-category?post=998120"}],"curies":[{"name":"wp","href":"https:\/\/api.w.org\/{rel}","templated":true}]}}